{"id":9995,"date":"2017-01-19T15:23:37","date_gmt":"2017-01-19T14:23:37","guid":{"rendered":"http:\/\/gdirekt.hamstage.hamrenmedia.se\/produkt\/hyldesvirper\/"},"modified":"2024-08-07T09:32:32","modified_gmt":"2024-08-07T07:32:32","slug":"hyldesvirper","status":"publish","type":"product","link":"https:\/\/www.gdirekt.se\/da\/produkt\/hyldesvirper\/","title":{"rendered":"Hyldesvirper"},"content":{"rendered":"<p><span lang=\"DA\">Hyldesvirper 10 x 10 cm bruges til budskaber, information og reklame i butikker. Vi trykker hyldesvirperne p\u00e5 kraftigt PVC fri polypropylen plast som er 0,35 mm tyk. Bestil disse runde hyldeskilte eller hyldedisplays med vippearm. De er meget enkle at fastg\u00f8re, da vippearmen har en selvkl\u00e6bende flade, og vinklen kan indstilles pr\u00e6cist, s\u00e5 budskabet p\u00e5 det trykte skilt er synligt.<\/span><\/p>\n<p><span lang=\"DA\">Vi kan meget mere, s\u00e5 kontakt os, hvis I har brug for hj\u00e6lp til at lave synlige butiksreklamer, messematerialer eller andre marketingmaterialer. Ved at kigge hele vores side igennem f\u00e5r I et overblik over, hvordan I nemt kan bestille tryksager p\u00e5 nettet. Vi har alt fra visitkort til store facadebannere, eller hvis I har behov for at v\u00e6re med p\u00e5 en messe.<\/span><\/p>\n<p><span lang=\"DA\">Hyldesvirper bruges som sagt mest i butikker og forretninger p\u00e5 hylderne til at g\u00f8re udstillede produkter ekstra synlige. Hvis I har brug for andre butiksskilte over hylder, kan I se vores sortiment<span class=\"apple-converted-space\">\u00a0<\/span><\/span><span lang=\"DA\"><a href=\"https:\/\/www.gdirekt.se\/produkt-kategori\/skyltar\/\"><i>her<\/i><\/a><\/span><span lang=\"DA\">. Og \u00f8nsker I inspiration, kan I se andre af vores produkter og de opgaver, vi har udf\u00f8rt, p\u00e5 vores Instagramprofil<span class=\"apple-converted-space\">\u00a0<\/span><\/span><span lang=\"DA\"><a href=\"https:\/\/www.instagram.com\/gigantprint\/\"><i>@gigantprint<\/i><\/a><\/span><i><\/i><\/p>\n","protected":false},"excerpt":{"rendered":"<p>Hyldesvirper trykt p\u00e5 kraftigt PVC fri polypropylen plast som er 0,35 mm tyk. Bestil disse runde hyldeskilte eller hyldedisplays med vippearm. M\u00e5let er 10x10cm. \u00d8nsker du andre st\u00f8rrelser, s\u00e5 l\u00f8ser vi det!<\/p>\n","protected":false},"featured_media":8451,"template":"","meta":{"_acf_changed":false},"product_brand":[],"product_cat":[378,381],"product_tag":[],"class_list":{"0":"post-9995","1":"product","2":"type-product","3":"status-publish","4":"has-post-thumbnail","6":"product_cat-skilte","7":"product_cat-tryksager-visitkort-brochurer","9":"first","10":"instock","11":"taxable","12":"shipping-taxable","13":"purchasable","14":"product-type-variable","15":"has-default-attributes"},"exclude_global_add_ons":[],"addons":[],"acf":[],"yoast_head":"<!-- This site is optimized with the Yoast SEO plugin v27.2 - https:\/\/yoast.com\/product\/yoast-seo-wordpress\/ -->\n<title>Hyldesvirper til butik reklame, bestille til en god pris | Gdirekt.se<\/title>\n<meta name=\"description\" content=\"Hyldesvirper trykt p\u00e5 PVC fri polypropylen plast som er 0,35 mm tyk. Bestil disse runde hyldeskilte eller hyldedisplays. M\u00e5let er 10 x 10 cm.\" \/>\n<meta name=\"robots\" content=\"index, follow, max-snippet:-1, max-image-preview:large, max-video-preview:-1\" \/>\n<link rel=\"canonical\" href=\"https:\/\/www.gdirekt.se\/da\/produkt\/hyldesvirper\/\" \/>\n<meta property=\"og:locale\" content=\"da_DK\" \/>\n<meta property=\"og:type\" content=\"article\" \/>\n<meta property=\"og:title\" content=\"Hyldesvirper til butik reklame, bestille til en god pris | Gdirekt.se\" \/>\n<meta property=\"og:description\" content=\"Hyldesvirper trykt p\u00e5 PVC fri polypropylen plast som er 0,35 mm tyk. Bestil disse runde hyldeskilte eller hyldedisplays. M\u00e5let er 10 x 10 cm.\" \/>\n<meta property=\"og:url\" content=\"https:\/\/www.gdirekt.se\/da\/produkt\/hyldesvirper\/\" \/>\n<meta property=\"og:site_name\" content=\"Gdirekt.se\" \/>\n<meta property=\"article:modified_time\" content=\"2024-08-07T07:32:32+00:00\" \/>\n<meta property=\"og:image\" content=\"https:\/\/www.gdirekt.se\/wp-content\/uploads\/displayhallare_flarp.png\" \/>\n\t<meta property=\"og:image:width\" content=\"1000\" \/>\n\t<meta property=\"og:image:height\" content=\"1000\" \/>\n\t<meta property=\"og:image:type\" content=\"image\/png\" \/>\n<meta name=\"twitter:card\" content=\"summary_large_image\" \/>\n<meta name=\"twitter:label1\" content=\"Estimeret l\u00e6setid\" \/>\n\t<meta name=\"twitter:data1\" content=\"1 minut\" \/>\n<script type=\"application\/ld+json\" class=\"yoast-schema-graph\">{\"@context\":\"https:\/\/schema.org\",\"@graph\":[{\"@type\":\"WebPage\",\"@id\":\"https:\/\/www.gdirekt.se\/da\/produkt\/hyldesvirper\/\",\"url\":\"https:\/\/www.gdirekt.se\/da\/produkt\/hyldesvirper\/\",\"name\":\"Hyldesvirper til butik reklame, bestille til en god pris | Gdirekt.se\",\"isPartOf\":{\"@id\":\"https:\/\/www.gdirekt.se\/#website\"},\"primaryImageOfPage\":{\"@id\":\"https:\/\/www.gdirekt.se\/da\/produkt\/hyldesvirper\/#primaryimage\"},\"image\":{\"@id\":\"https:\/\/www.gdirekt.se\/da\/produkt\/hyldesvirper\/#primaryimage\"},\"thumbnailUrl\":\"https:\/\/www.gdirekt.se\/wp-content\/uploads\/displayhallare_flarp.png\",\"datePublished\":\"2017-01-19T14:23:37+00:00\",\"dateModified\":\"2024-08-07T07:32:32+00:00\",\"description\":\"Hyldesvirper trykt p\u00e5 PVC fri polypropylen plast som er 0,35 mm tyk. Bestil disse runde hyldeskilte eller hyldedisplays. M\u00e5let er 10 x 10 cm.\",\"breadcrumb\":{\"@id\":\"https:\/\/www.gdirekt.se\/da\/produkt\/hyldesvirper\/#breadcrumb\"},\"inLanguage\":\"da-DK\",\"potentialAction\":[{\"@type\":\"ReadAction\",\"target\":[\"https:\/\/www.gdirekt.se\/da\/produkt\/hyldesvirper\/\"]}]},{\"@type\":\"ImageObject\",\"inLanguage\":\"da-DK\",\"@id\":\"https:\/\/www.gdirekt.se\/da\/produkt\/hyldesvirper\/#primaryimage\",\"url\":\"https:\/\/www.gdirekt.se\/wp-content\/uploads\/displayhallare_flarp.png\",\"contentUrl\":\"https:\/\/www.gdirekt.se\/wp-content\/uploads\/displayhallare_flarp.png\",\"width\":1000,\"height\":1000,\"caption\":\"Skilteholder med afstand som kaldet flap\"},{\"@type\":\"BreadcrumbList\",\"@id\":\"https:\/\/www.gdirekt.se\/da\/produkt\/hyldesvirper\/#breadcrumb\",\"itemListElement\":[{\"@type\":\"ListItem\",\"position\":1,\"name\":\"Hem\",\"item\":\"https:\/\/www.gdirekt.se\/da\/\"},{\"@type\":\"ListItem\",\"position\":2,\"name\":\"Start\",\"item\":\"https:\/\/www.gdirekt.se\/da\/\"},{\"@type\":\"ListItem\",\"position\":3,\"name\":\"Hyldesvirper\"}]},{\"@type\":\"WebSite\",\"@id\":\"https:\/\/www.gdirekt.se\/#website\",\"url\":\"https:\/\/www.gdirekt.se\/\",\"name\":\"Gdirekt.se\",\"description\":\"Tryck snabbt \u00e5 l\u00e4tt = Gdirekt\",\"potentialAction\":[{\"@type\":\"SearchAction\",\"target\":{\"@type\":\"EntryPoint\",\"urlTemplate\":\"https:\/\/www.gdirekt.se\/?s={search_term_string}\"},\"query-input\":{\"@type\":\"PropertyValueSpecification\",\"valueRequired\":true,\"valueName\":\"search_term_string\"}}],\"inLanguage\":\"da-DK\"}]}<\/script>\n<!-- \/ Yoast SEO plugin. -->","yoast_head_json":{"title":"Hyldesvirper til butik reklame, bestille til en god pris | Gdirekt.se","description":"Hyldesvirper trykt p\u00e5 PVC fri polypropylen plast som er 0,35 mm tyk. Bestil disse runde hyldeskilte eller hyldedisplays. M\u00e5let er 10 x 10 cm.","robots":{"index":"index","follow":"follow","max-snippet":"max-snippet:-1","max-image-preview":"max-image-preview:large","max-video-preview":"max-video-preview:-1"},"canonical":"https:\/\/www.gdirekt.se\/da\/produkt\/hyldesvirper\/","og_locale":"da_DK","og_type":"article","og_title":"Hyldesvirper til butik reklame, bestille til en god pris | Gdirekt.se","og_description":"Hyldesvirper trykt p\u00e5 PVC fri polypropylen plast som er 0,35 mm tyk. Bestil disse runde hyldeskilte eller hyldedisplays. M\u00e5let er 10 x 10 cm.","og_url":"https:\/\/www.gdirekt.se\/da\/produkt\/hyldesvirper\/","og_site_name":"Gdirekt.se","article_modified_time":"2024-08-07T07:32:32+00:00","og_image":[{"width":1000,"height":1000,"url":"https:\/\/www.gdirekt.se\/wp-content\/uploads\/displayhallare_flarp.png","type":"image\/png"}],"twitter_card":"summary_large_image","twitter_misc":{"Estimeret l\u00e6setid":"1 minut"},"schema":{"@context":"https:\/\/schema.org","@graph":[{"@type":"WebPage","@id":"https:\/\/www.gdirekt.se\/da\/produkt\/hyldesvirper\/","url":"https:\/\/www.gdirekt.se\/da\/produkt\/hyldesvirper\/","name":"Hyldesvirper til butik reklame, bestille til en god pris | Gdirekt.se","isPartOf":{"@id":"https:\/\/www.gdirekt.se\/#website"},"primaryImageOfPage":{"@id":"https:\/\/www.gdirekt.se\/da\/produkt\/hyldesvirper\/#primaryimage"},"image":{"@id":"https:\/\/www.gdirekt.se\/da\/produkt\/hyldesvirper\/#primaryimage"},"thumbnailUrl":"https:\/\/www.gdirekt.se\/wp-content\/uploads\/displayhallare_flarp.png","datePublished":"2017-01-19T14:23:37+00:00","dateModified":"2024-08-07T07:32:32+00:00","description":"Hyldesvirper trykt p\u00e5 PVC fri polypropylen plast som er 0,35 mm tyk. Bestil disse runde hyldeskilte eller hyldedisplays. M\u00e5let er 10 x 10 cm.","breadcrumb":{"@id":"https:\/\/www.gdirekt.se\/da\/produkt\/hyldesvirper\/#breadcrumb"},"inLanguage":"da-DK","potentialAction":[{"@type":"ReadAction","target":["https:\/\/www.gdirekt.se\/da\/produkt\/hyldesvirper\/"]}]},{"@type":"ImageObject","inLanguage":"da-DK","@id":"https:\/\/www.gdirekt.se\/da\/produkt\/hyldesvirper\/#primaryimage","url":"https:\/\/www.gdirekt.se\/wp-content\/uploads\/displayhallare_flarp.png","contentUrl":"https:\/\/www.gdirekt.se\/wp-content\/uploads\/displayhallare_flarp.png","width":1000,"height":1000,"caption":"Skilteholder med afstand som kaldet flap"},{"@type":"BreadcrumbList","@id":"https:\/\/www.gdirekt.se\/da\/produkt\/hyldesvirper\/#breadcrumb","itemListElement":[{"@type":"ListItem","position":1,"name":"Hem","item":"https:\/\/www.gdirekt.se\/da\/"},{"@type":"ListItem","position":2,"name":"Start","item":"https:\/\/www.gdirekt.se\/da\/"},{"@type":"ListItem","position":3,"name":"Hyldesvirper"}]},{"@type":"WebSite","@id":"https:\/\/www.gdirekt.se\/#website","url":"https:\/\/www.gdirekt.se\/","name":"Gdirekt.se","description":"Tryck snabbt \u00e5 l\u00e4tt = Gdirekt","potentialAction":[{"@type":"SearchAction","target":{"@type":"EntryPoint","urlTemplate":"https:\/\/www.gdirekt.se\/?s={search_term_string}"},"query-input":{"@type":"PropertyValueSpecification","valueRequired":true,"valueName":"search_term_string"}}],"inLanguage":"da-DK"}]}},"_links":{"self":[{"href":"https:\/\/www.gdirekt.se\/da\/wp-json\/wp\/v2\/product\/9995","targetHints":{"allow":["GET"]}}],"collection":[{"href":"https:\/\/www.gdirekt.se\/da\/wp-json\/wp\/v2\/product"}],"about":[{"href":"https:\/\/www.gdirekt.se\/da\/wp-json\/wp\/v2\/types\/product"}],"wp:featuredmedia":[{"embeddable":true,"href":"https:\/\/www.gdirekt.se\/da\/wp-json\/wp\/v2\/media\/8451"}],"wp:attachment":[{"href":"https:\/\/www.gdirekt.se\/da\/wp-json\/wp\/v2\/media?parent=9995"}],"wp:term":[{"taxonomy":"product_brand","embeddable":true,"href":"https:\/\/www.gdirekt.se\/da\/wp-json\/wp\/v2\/product_brand?post=9995"},{"taxonomy":"product_cat","embeddable":true,"href":"https:\/\/www.gdirekt.se\/da\/wp-json\/wp\/v2\/product_cat?post=9995"},{"taxonomy":"product_tag","embeddable":true,"href":"https:\/\/www.gdirekt.se\/da\/wp-json\/wp\/v2\/product_tag?post=9995"}],"curies":[{"name":"wp","href":"https:\/\/api.w.org\/{rel}","templated":true}]}}