{"id":9986,"date":"2017-02-17T16:49:32","date_gmt":"2017-02-17T15:49:32","guid":{"rendered":"http:\/\/gdirekt.hamstage.hamrenmedia.se\/produkt\/frigolitskilt-med-tekst-logo\/"},"modified":"2020-01-13T11:50:44","modified_gmt":"2020-01-13T10:50:44","slug":"flamingoskilt-med-tekst-logo","status":"publish","type":"product","link":"https:\/\/www.gdirekt.se\/da\/produkt\/flamingoskilt-med-tekst-logo\/","title":{"rendered":"Flamingoskilt med tekst logo"},"content":{"rendered":"<p>Flamingoskilte med tekst logo er produkter, der stikker ud. De har 3D-effekt, er 5 mm tykke og er flotte som skilte til virksomheder. Butiks- eller virksomhedsskiltene kan produceres efter jeres \u00f8nsker. I f\u00e5r priserne p\u00e5 disse skilte oplyst via et tilbud fra os, og vi har lavet nogle priseksempler, s\u00e5 I f\u00e5r en indikation af prislejet.Flamingotekst og Flamingoskilte er flotte med en plexifront foran, der giver en eksklusiv fornemmelse.<\/p>\n<p>Hos Gdirekt kan I bestille store skilte i flamingo og ogs\u00e5 mindre st\u00f8rrelser til et butiksskilt. Oftest anvendes de store flamingoskilte til messer og andre produktlanceringer og events. Vi har ogs\u00e5 andre\u00a0<a href=\"https:\/\/www.gdirekt.se\/produkt-kategori\/skyltar\/\"><strong><em>mere enkle skilte,<\/em><\/strong><\/a>som du nemt kan bestille hos Gdirekt.<\/p>\n<p>Vi lakerer i alle farver, og hvis I giver os en RAL- eller NCS-farve, kan vi s\u00f8rge for, at jeres logo passer til jeres profil. Der findes flere sider p\u00e5 nettet, hvor I kan &#8220;overs\u00e6tte&#8221; PMS Pantone, CMYK og RGB til RAL og NCS.<\/p>\n<p>Flamingoskilt med tekst logo er ofte store bogstaver eller virksomhedens logo. I kan ogs\u00e5 bestemme dybden, dvs. hvor tykke bogstaverne skal v\u00e6re. Send os en foresp\u00f8rgsel via e-mail til\u00a0<strong><em>info@gdirekt.se<\/em><\/strong>, eller ring til os p\u00e5 telefonnummer +46 (0) 11-251515, s\u00e5 hj\u00e6lper vores dygtige projektledere. Disse 3D-skilte i styrofoam kan have alle former og st\u00f8rrelser. Det g\u00e6lder om at have gode ideer for at skabe en flot indretning, der passer til det \u00f8vrige rum eller facaden. Vi leverer normalt skiltene i l\u00f8bet af en uge, fra I har trykket p\u00e5 k\u00f8b-knappen ved bestillingen. Det er ogs\u00e5 muligt at afhente de store skilte, vi har fremstillet. Vi pakker de udsk\u00e5rne tekster og figurer ind i de skabeloner, der bliver tilbage, n\u00e5r vi har fjernet formen. Det g\u00f8r vi for at beskytte jeres skilte under transporten, da de kan v\u00e6re f\u00f8lsomme over for st\u00f8d, n\u00e5r de h\u00e5ndteres af fragtselskabet. Vores fragt er altid sporbar, og vi har vores egne budbiler, hvis fragten skal h\u00e5ndteres p\u00e5 korrekt vis. Hvis I har brug for hj\u00e6lp til at lave profilering til hele jeres virksomhed, kan vores moderselskab\u00a0<a href=\"http:\/\/www.gigantprint.se\/\"><strong><em>GigantPrint<\/em><\/strong><\/a>hj\u00e6lpe jer!<\/p>\n","protected":false},"excerpt":{"rendered":"<p>Flamingoskilt med tekst logo, med bogstaver der er 5 cm tykke, til virksomhedsskilte og facadeskilte. Vi lakerer i alle farver, og vi lasersk\u00e6rer og monterer fronter i plexiglas til et flot skilt.\u00a0<strong>Dette er priseksempler p\u00e5 flamingobogstaver i forskellige h\u00f8jder.<\/strong>V\u00e6lg st\u00f8rrelse og antal bogstaver nedenfor, standardfarve er inkluderet. Kontakt os, hvis du har andre \u00f8nsker. Vi er naturligvis leveringsdygtige i mange flere l\u00f8sninger.<\/p>\n","protected":false},"featured_media":8553,"template":"","meta":{"_acf_changed":false},"product_brand":[],"product_cat":[378],"product_tag":[],"class_list":{"0":"post-9986","1":"product","2":"type-product","3":"status-publish","4":"has-post-thumbnail","6":"product_cat-skilte","7":"product_shipping_class-250kr","9":"first","10":"instock","11":"taxable","12":"shipping-taxable","13":"purchasable","14":"product-type-variable","15":"has-default-attributes"},"exclude_global_add_ons":[],"addons":[],"acf":[],"yoast_head":"<!-- This site is optimized with the Yoast SEO plugin v27.2 - https:\/\/yoast.com\/product\/yoast-seo-wordpress\/ -->\n<title>Flamingoskilt med tekst logo i 3D til forretning og butik, lav pris | Gdirekt.se<\/title>\n<meta name=\"description\" content=\"Flamingoskilte med tekst logo kaldes for virksomhedsskilte i 3D eller facadeskilte. Bestil lakerede med plexiglasfront. Butiksskiltene kan bruges udend\u00f8rs.\" \/>\n<meta name=\"robots\" content=\"index, follow, max-snippet:-1, max-image-preview:large, max-video-preview:-1\" \/>\n<link rel=\"canonical\" href=\"https:\/\/www.gdirekt.se\/da\/produkt\/flamingoskilt-med-tekst-logo\/\" \/>\n<meta property=\"og:locale\" content=\"da_DK\" \/>\n<meta property=\"og:type\" content=\"article\" \/>\n<meta property=\"og:title\" content=\"Flamingoskilt med tekst logo i 3D til forretning og butik, lav pris | Gdirekt.se\" \/>\n<meta property=\"og:description\" content=\"Flamingoskilte med tekst logo kaldes for virksomhedsskilte i 3D eller facadeskilte. Bestil lakerede med plexiglasfront. Butiksskiltene kan bruges udend\u00f8rs.\" \/>\n<meta property=\"og:url\" content=\"https:\/\/www.gdirekt.se\/da\/produkt\/flamingoskilt-med-tekst-logo\/\" \/>\n<meta property=\"og:site_name\" content=\"Gdirekt.se\" \/>\n<meta property=\"article:modified_time\" content=\"2020-01-13T10:50:44+00:00\" \/>\n<meta property=\"og:image\" content=\"https:\/\/www.gdirekt.se\/wp-content\/uploads\/frigolitskylt.png\" \/>\n\t<meta property=\"og:image:width\" content=\"1000\" \/>\n\t<meta property=\"og:image:height\" content=\"1000\" \/>\n\t<meta property=\"og:image:type\" content=\"image\/png\" \/>\n<meta name=\"twitter:card\" content=\"summary_large_image\" \/>\n<meta name=\"twitter:label1\" content=\"Estimeret l\u00e6setid\" \/>\n\t<meta name=\"twitter:data1\" content=\"2 minutter\" \/>\n<script type=\"application\/ld+json\" class=\"yoast-schema-graph\">{\"@context\":\"https:\/\/schema.org\",\"@graph\":[{\"@type\":\"WebPage\",\"@id\":\"https:\/\/www.gdirekt.se\/da\/produkt\/flamingoskilt-med-tekst-logo\/\",\"url\":\"https:\/\/www.gdirekt.se\/da\/produkt\/flamingoskilt-med-tekst-logo\/\",\"name\":\"Flamingoskilt med tekst logo i 3D til forretning og butik, lav pris | Gdirekt.se\",\"isPartOf\":{\"@id\":\"https:\/\/www.gdirekt.se\/#website\"},\"primaryImageOfPage\":{\"@id\":\"https:\/\/www.gdirekt.se\/da\/produkt\/flamingoskilt-med-tekst-logo\/#primaryimage\"},\"image\":{\"@id\":\"https:\/\/www.gdirekt.se\/da\/produkt\/flamingoskilt-med-tekst-logo\/#primaryimage\"},\"thumbnailUrl\":\"https:\/\/www.gdirekt.se\/wp-content\/uploads\/frigolitskylt.png\",\"datePublished\":\"2017-02-17T15:49:32+00:00\",\"dateModified\":\"2020-01-13T10:50:44+00:00\",\"description\":\"Flamingoskilte med tekst logo kaldes for virksomhedsskilte i 3D eller facadeskilte. Bestil lakerede med plexiglasfront. Butiksskiltene kan bruges udend\u00f8rs.\",\"breadcrumb\":{\"@id\":\"https:\/\/www.gdirekt.se\/da\/produkt\/flamingoskilt-med-tekst-logo\/#breadcrumb\"},\"inLanguage\":\"da-DK\",\"potentialAction\":[{\"@type\":\"ReadAction\",\"target\":[\"https:\/\/www.gdirekt.se\/da\/produkt\/flamingoskilt-med-tekst-logo\/\"]}]},{\"@type\":\"ImageObject\",\"inLanguage\":\"da-DK\",\"@id\":\"https:\/\/www.gdirekt.se\/da\/produkt\/flamingoskilt-med-tekst-logo\/#primaryimage\",\"url\":\"https:\/\/www.gdirekt.se\/wp-content\/uploads\/frigolitskylt.png\",\"contentUrl\":\"https:\/\/www.gdirekt.se\/wp-content\/uploads\/frigolitskylt.png\",\"width\":1000,\"height\":1000,\"caption\":\"Flamingoskilt med tekst, logo og plexi front\"},{\"@type\":\"BreadcrumbList\",\"@id\":\"https:\/\/www.gdirekt.se\/da\/produkt\/flamingoskilt-med-tekst-logo\/#breadcrumb\",\"itemListElement\":[{\"@type\":\"ListItem\",\"position\":1,\"name\":\"Hem\",\"item\":\"https:\/\/www.gdirekt.se\/da\/\"},{\"@type\":\"ListItem\",\"position\":2,\"name\":\"Start\",\"item\":\"https:\/\/www.gdirekt.se\/da\/\"},{\"@type\":\"ListItem\",\"position\":3,\"name\":\"Flamingoskilt med tekst logo\"}]},{\"@type\":\"WebSite\",\"@id\":\"https:\/\/www.gdirekt.se\/#website\",\"url\":\"https:\/\/www.gdirekt.se\/\",\"name\":\"Gdirekt.se\",\"description\":\"Tryck snabbt \u00e5 l\u00e4tt = Gdirekt\",\"potentialAction\":[{\"@type\":\"SearchAction\",\"target\":{\"@type\":\"EntryPoint\",\"urlTemplate\":\"https:\/\/www.gdirekt.se\/?s={search_term_string}\"},\"query-input\":{\"@type\":\"PropertyValueSpecification\",\"valueRequired\":true,\"valueName\":\"search_term_string\"}}],\"inLanguage\":\"da-DK\"}]}<\/script>\n<!-- \/ Yoast SEO plugin. -->","yoast_head_json":{"title":"Flamingoskilt med tekst logo i 3D til forretning og butik, lav pris | Gdirekt.se","description":"Flamingoskilte med tekst logo kaldes for virksomhedsskilte i 3D eller facadeskilte. Bestil lakerede med plexiglasfront. Butiksskiltene kan bruges udend\u00f8rs.","robots":{"index":"index","follow":"follow","max-snippet":"max-snippet:-1","max-image-preview":"max-image-preview:large","max-video-preview":"max-video-preview:-1"},"canonical":"https:\/\/www.gdirekt.se\/da\/produkt\/flamingoskilt-med-tekst-logo\/","og_locale":"da_DK","og_type":"article","og_title":"Flamingoskilt med tekst logo i 3D til forretning og butik, lav pris | Gdirekt.se","og_description":"Flamingoskilte med tekst logo kaldes for virksomhedsskilte i 3D eller facadeskilte. Bestil lakerede med plexiglasfront. Butiksskiltene kan bruges udend\u00f8rs.","og_url":"https:\/\/www.gdirekt.se\/da\/produkt\/flamingoskilt-med-tekst-logo\/","og_site_name":"Gdirekt.se","article_modified_time":"2020-01-13T10:50:44+00:00","og_image":[{"width":1000,"height":1000,"url":"https:\/\/www.gdirekt.se\/wp-content\/uploads\/frigolitskylt.png","type":"image\/png"}],"twitter_card":"summary_large_image","twitter_misc":{"Estimeret l\u00e6setid":"2 minutter"},"schema":{"@context":"https:\/\/schema.org","@graph":[{"@type":"WebPage","@id":"https:\/\/www.gdirekt.se\/da\/produkt\/flamingoskilt-med-tekst-logo\/","url":"https:\/\/www.gdirekt.se\/da\/produkt\/flamingoskilt-med-tekst-logo\/","name":"Flamingoskilt med tekst logo i 3D til forretning og butik, lav pris | Gdirekt.se","isPartOf":{"@id":"https:\/\/www.gdirekt.se\/#website"},"primaryImageOfPage":{"@id":"https:\/\/www.gdirekt.se\/da\/produkt\/flamingoskilt-med-tekst-logo\/#primaryimage"},"image":{"@id":"https:\/\/www.gdirekt.se\/da\/produkt\/flamingoskilt-med-tekst-logo\/#primaryimage"},"thumbnailUrl":"https:\/\/www.gdirekt.se\/wp-content\/uploads\/frigolitskylt.png","datePublished":"2017-02-17T15:49:32+00:00","dateModified":"2020-01-13T10:50:44+00:00","description":"Flamingoskilte med tekst logo kaldes for virksomhedsskilte i 3D eller facadeskilte. Bestil lakerede med plexiglasfront. Butiksskiltene kan bruges udend\u00f8rs.","breadcrumb":{"@id":"https:\/\/www.gdirekt.se\/da\/produkt\/flamingoskilt-med-tekst-logo\/#breadcrumb"},"inLanguage":"da-DK","potentialAction":[{"@type":"ReadAction","target":["https:\/\/www.gdirekt.se\/da\/produkt\/flamingoskilt-med-tekst-logo\/"]}]},{"@type":"ImageObject","inLanguage":"da-DK","@id":"https:\/\/www.gdirekt.se\/da\/produkt\/flamingoskilt-med-tekst-logo\/#primaryimage","url":"https:\/\/www.gdirekt.se\/wp-content\/uploads\/frigolitskylt.png","contentUrl":"https:\/\/www.gdirekt.se\/wp-content\/uploads\/frigolitskylt.png","width":1000,"height":1000,"caption":"Flamingoskilt med tekst, logo og plexi front"},{"@type":"BreadcrumbList","@id":"https:\/\/www.gdirekt.se\/da\/produkt\/flamingoskilt-med-tekst-logo\/#breadcrumb","itemListElement":[{"@type":"ListItem","position":1,"name":"Hem","item":"https:\/\/www.gdirekt.se\/da\/"},{"@type":"ListItem","position":2,"name":"Start","item":"https:\/\/www.gdirekt.se\/da\/"},{"@type":"ListItem","position":3,"name":"Flamingoskilt med tekst logo"}]},{"@type":"WebSite","@id":"https:\/\/www.gdirekt.se\/#website","url":"https:\/\/www.gdirekt.se\/","name":"Gdirekt.se","description":"Tryck snabbt \u00e5 l\u00e4tt = Gdirekt","potentialAction":[{"@type":"SearchAction","target":{"@type":"EntryPoint","urlTemplate":"https:\/\/www.gdirekt.se\/?s={search_term_string}"},"query-input":{"@type":"PropertyValueSpecification","valueRequired":true,"valueName":"search_term_string"}}],"inLanguage":"da-DK"}]}},"_links":{"self":[{"href":"https:\/\/www.gdirekt.se\/da\/wp-json\/wp\/v2\/product\/9986","targetHints":{"allow":["GET"]}}],"collection":[{"href":"https:\/\/www.gdirekt.se\/da\/wp-json\/wp\/v2\/product"}],"about":[{"href":"https:\/\/www.gdirekt.se\/da\/wp-json\/wp\/v2\/types\/product"}],"wp:featuredmedia":[{"embeddable":true,"href":"https:\/\/www.gdirekt.se\/da\/wp-json\/wp\/v2\/media\/8553"}],"wp:attachment":[{"href":"https:\/\/www.gdirekt.se\/da\/wp-json\/wp\/v2\/media?parent=9986"}],"wp:term":[{"taxonomy":"product_brand","embeddable":true,"href":"https:\/\/www.gdirekt.se\/da\/wp-json\/wp\/v2\/product_brand?post=9986"},{"taxonomy":"product_cat","embeddable":true,"href":"https:\/\/www.gdirekt.se\/da\/wp-json\/wp\/v2\/product_cat?post=9986"},{"taxonomy":"product_tag","embeddable":true,"href":"https:\/\/www.gdirekt.se\/da\/wp-json\/wp\/v2\/product_tag?post=9986"}],"curies":[{"name":"wp","href":"https:\/\/api.w.org\/{rel}","templated":true}]}}