{"id":9974,"date":"2015-09-10T11:44:01","date_gmt":"2015-09-10T09:44:01","guid":{"rendered":"http:\/\/gdirekt.hamstage.hamrenmedia.se\/produkt\/stort-roll-up-banner-mega-xl\/"},"modified":"2019-01-16T16:03:52","modified_gmt":"2019-01-16T15:03:52","slug":"stort-roll-up-banner-mega-xl","status":"publish","type":"product","link":"https:\/\/www.gdirekt.se\/da\/produkt\/stort-roll-up-banner-mega-xl\/","title":{"rendered":"Stort roll-up-banner Mega XL"},"content":{"rendered":"<p><span lang=\"DA\">Stort roll-up-banner Mega XL \u2013 Gdirekt! Vores brede roll-up-banner p\u00e5 180 cm eller 240 cm har et flot design! Perfekt til dem, der gerne vil vise deres bredde og v\u00e6re synlige. H\u00f8jden bliver 250 cm, og det leveres i en vatteret taske. Store roll-up-bannere skaber blikfang, og I kan vise jeres trykte logo eller budskab, s\u00e5 alle ser det. Foden er fremstillet af aluminium og st\u00e5r stabilt.<\/span><\/p>\n<p><span lang=\"DA\">At k\u00f8be et stort og bredt roll-up-banner g\u00f8r, at I f\u00e5r en hel messev\u00e6g eller et banner, som man nemt kan rulle op og ned.<span class=\"apple-converted-space\">\u00a0<\/span><\/span><span lang=\"DA\"><a href=\"https:\/\/www.gdirekt.se\/produkt\/spotlight-belysning-till-rollup-mega-xl\/\"><b><i>Bestil ogs\u00e5 belysning<\/i><\/b><\/a><\/span><span lang=\"DA\">til disse produkter, s\u00e5 budskabet p\u00e5 roll-up-banneret oplyses. Det er ogs\u00e5 muligt at bruge disse store og brede roll-up-bannere til fotov\u00e6gge og pressev\u00e6gge. De er ekstremt nemme at stille op, da de kan tr\u00e6kkes op p\u00e5 nogle sekunder, og vupti, s\u00e5 har man eksempelvis en logov\u00e6g. Smart til premierer og visninger, hvor folk skal fotograferes med en baggrundsv\u00e6g med et trykt banner i farve eller sort\/hvid.<\/span><\/p>\n","protected":false},"excerpt":{"rendered":"<p>Stort roll-up-banner Mega XL \u2013 Gdirekt! Bredt og stort roll-up-banner, n\u00e5r man gerne vil v\u00e6re synlig, 180 cm eller 240 cm bredt og hele 250 cm h\u00f8jt. Hurtig levering i sort, vatteret taske!<\/p>\n","protected":false},"featured_media":8057,"template":"","meta":{"_acf_changed":false},"product_brand":[],"product_cat":[377],"product_tag":[],"class_list":{"0":"post-9974","1":"product","2":"type-product","3":"status-publish","4":"has-post-thumbnail","6":"product_cat-rollup-og-roll-up-banner","7":"product_shipping_class-690kr","9":"first","10":"instock","11":"taxable","12":"shipping-taxable","13":"purchasable","14":"product-type-variable","15":"has-default-attributes"},"exclude_global_add_ons":[],"addons":[],"acf":[],"yoast_head":"<!-- This site is optimized with the Yoast SEO plugin v27.2 - https:\/\/yoast.com\/product\/yoast-seo-wordpress\/ -->\n<title>Stort roll-up-banner Mega XL er bred og h\u00f8j. Bestil en messev\u00e6gg, som du tr\u00e6kker hurtigt op | Gdirekt.se<\/title>\n<meta name=\"description\" content=\"Stort roll-up-banner Mega XL er et bredt og stort roll-up-banner, n\u00e5r man gerne vil v\u00e6re synlig, 180 cm eller 240 cm bredt og hele 250 cm h\u00f8jt. Hurtig levering i sort, vatteret taske! Det trykte billedpanel er inkluderet i den fordelagtige pris i vores online netbutik.\" \/>\n<meta name=\"robots\" content=\"index, follow, max-snippet:-1, max-image-preview:large, max-video-preview:-1\" \/>\n<link rel=\"canonical\" href=\"https:\/\/www.gdirekt.se\/da\/produkt\/stort-roll-up-banner-mega-xl\/\" \/>\n<meta property=\"og:locale\" content=\"da_DK\" \/>\n<meta property=\"og:type\" content=\"article\" \/>\n<meta property=\"og:title\" content=\"Stort roll-up-banner Mega XL er bred og h\u00f8j. Bestil en messev\u00e6gg, som du tr\u00e6kker hurtigt op | Gdirekt.se\" \/>\n<meta property=\"og:description\" content=\"Stort roll-up-banner Mega XL er et bredt og stort roll-up-banner, n\u00e5r man gerne vil v\u00e6re synlig, 180 cm eller 240 cm bredt og hele 250 cm h\u00f8jt. Hurtig levering i sort, vatteret taske! Det trykte billedpanel er inkluderet i den fordelagtige pris i vores online netbutik.\" \/>\n<meta property=\"og:url\" content=\"https:\/\/www.gdirekt.se\/da\/produkt\/stort-roll-up-banner-mega-xl\/\" \/>\n<meta property=\"og:site_name\" content=\"Gdirekt.se\" \/>\n<meta property=\"article:modified_time\" content=\"2019-01-16T15:03:52+00:00\" \/>\n<meta property=\"og:image\" content=\"https:\/\/www.gdirekt.se\/wp-content\/uploads\/rollup-mega-180cm-gdirek.png\" \/>\n\t<meta property=\"og:image:width\" content=\"1000\" \/>\n\t<meta property=\"og:image:height\" content=\"1000\" \/>\n\t<meta property=\"og:image:type\" content=\"image\/png\" \/>\n<meta name=\"twitter:card\" content=\"summary_large_image\" \/>\n<meta name=\"twitter:label1\" content=\"Estimeret l\u00e6setid\" \/>\n\t<meta name=\"twitter:data1\" content=\"1 minut\" \/>\n<script type=\"application\/ld+json\" class=\"yoast-schema-graph\">{\"@context\":\"https:\/\/schema.org\",\"@graph\":[{\"@type\":\"WebPage\",\"@id\":\"https:\/\/www.gdirekt.se\/da\/produkt\/stort-roll-up-banner-mega-xl\/\",\"url\":\"https:\/\/www.gdirekt.se\/da\/produkt\/stort-roll-up-banner-mega-xl\/\",\"name\":\"Stort roll-up-banner Mega XL er bred og h\u00f8j. Bestil en messev\u00e6gg, som du tr\u00e6kker hurtigt op | Gdirekt.se\",\"isPartOf\":{\"@id\":\"https:\/\/www.gdirekt.se\/#website\"},\"primaryImageOfPage\":{\"@id\":\"https:\/\/www.gdirekt.se\/da\/produkt\/stort-roll-up-banner-mega-xl\/#primaryimage\"},\"image\":{\"@id\":\"https:\/\/www.gdirekt.se\/da\/produkt\/stort-roll-up-banner-mega-xl\/#primaryimage\"},\"thumbnailUrl\":\"https:\/\/www.gdirekt.se\/wp-content\/uploads\/rollup-mega-180cm-gdirek.png\",\"datePublished\":\"2015-09-10T09:44:01+00:00\",\"dateModified\":\"2019-01-16T15:03:52+00:00\",\"description\":\"Stort roll-up-banner Mega XL er et bredt og stort roll-up-banner, n\u00e5r man gerne vil v\u00e6re synlig, 180 cm eller 240 cm bredt og hele 250 cm h\u00f8jt. Hurtig levering i sort, vatteret taske! Det trykte billedpanel er inkluderet i den fordelagtige pris i vores online netbutik.\",\"breadcrumb\":{\"@id\":\"https:\/\/www.gdirekt.se\/da\/produkt\/stort-roll-up-banner-mega-xl\/#breadcrumb\"},\"inLanguage\":\"da-DK\",\"potentialAction\":[{\"@type\":\"ReadAction\",\"target\":[\"https:\/\/www.gdirekt.se\/da\/produkt\/stort-roll-up-banner-mega-xl\/\"]}]},{\"@type\":\"ImageObject\",\"inLanguage\":\"da-DK\",\"@id\":\"https:\/\/www.gdirekt.se\/da\/produkt\/stort-roll-up-banner-mega-xl\/#primaryimage\",\"url\":\"https:\/\/www.gdirekt.se\/wp-content\/uploads\/rollup-mega-180cm-gdirek.png\",\"contentUrl\":\"https:\/\/www.gdirekt.se\/wp-content\/uploads\/rollup-mega-180cm-gdirek.png\",\"width\":1000,\"height\":1000,\"caption\":\"Stor rollup 180cm bred og 250cm h\u00f8j fra Gdirekt.\"},{\"@type\":\"BreadcrumbList\",\"@id\":\"https:\/\/www.gdirekt.se\/da\/produkt\/stort-roll-up-banner-mega-xl\/#breadcrumb\",\"itemListElement\":[{\"@type\":\"ListItem\",\"position\":1,\"name\":\"Hem\",\"item\":\"https:\/\/www.gdirekt.se\/da\/\"},{\"@type\":\"ListItem\",\"position\":2,\"name\":\"Start\",\"item\":\"https:\/\/www.gdirekt.se\/da\/\"},{\"@type\":\"ListItem\",\"position\":3,\"name\":\"Stort roll-up-banner Mega XL\"}]},{\"@type\":\"WebSite\",\"@id\":\"https:\/\/www.gdirekt.se\/#website\",\"url\":\"https:\/\/www.gdirekt.se\/\",\"name\":\"Gdirekt.se\",\"description\":\"Tryck snabbt \u00e5 l\u00e4tt = Gdirekt\",\"potentialAction\":[{\"@type\":\"SearchAction\",\"target\":{\"@type\":\"EntryPoint\",\"urlTemplate\":\"https:\/\/www.gdirekt.se\/?s={search_term_string}\"},\"query-input\":{\"@type\":\"PropertyValueSpecification\",\"valueRequired\":true,\"valueName\":\"search_term_string\"}}],\"inLanguage\":\"da-DK\"}]}<\/script>\n<!-- \/ Yoast SEO plugin. -->","yoast_head_json":{"title":"Stort roll-up-banner Mega XL er bred og h\u00f8j. Bestil en messev\u00e6gg, som du tr\u00e6kker hurtigt op | Gdirekt.se","description":"Stort roll-up-banner Mega XL er et bredt og stort roll-up-banner, n\u00e5r man gerne vil v\u00e6re synlig, 180 cm eller 240 cm bredt og hele 250 cm h\u00f8jt. Hurtig levering i sort, vatteret taske! Det trykte billedpanel er inkluderet i den fordelagtige pris i vores online netbutik.","robots":{"index":"index","follow":"follow","max-snippet":"max-snippet:-1","max-image-preview":"max-image-preview:large","max-video-preview":"max-video-preview:-1"},"canonical":"https:\/\/www.gdirekt.se\/da\/produkt\/stort-roll-up-banner-mega-xl\/","og_locale":"da_DK","og_type":"article","og_title":"Stort roll-up-banner Mega XL er bred og h\u00f8j. Bestil en messev\u00e6gg, som du tr\u00e6kker hurtigt op | Gdirekt.se","og_description":"Stort roll-up-banner Mega XL er et bredt og stort roll-up-banner, n\u00e5r man gerne vil v\u00e6re synlig, 180 cm eller 240 cm bredt og hele 250 cm h\u00f8jt. Hurtig levering i sort, vatteret taske! Det trykte billedpanel er inkluderet i den fordelagtige pris i vores online netbutik.","og_url":"https:\/\/www.gdirekt.se\/da\/produkt\/stort-roll-up-banner-mega-xl\/","og_site_name":"Gdirekt.se","article_modified_time":"2019-01-16T15:03:52+00:00","og_image":[{"width":1000,"height":1000,"url":"https:\/\/www.gdirekt.se\/wp-content\/uploads\/rollup-mega-180cm-gdirek.png","type":"image\/png"}],"twitter_card":"summary_large_image","twitter_misc":{"Estimeret l\u00e6setid":"1 minut"},"schema":{"@context":"https:\/\/schema.org","@graph":[{"@type":"WebPage","@id":"https:\/\/www.gdirekt.se\/da\/produkt\/stort-roll-up-banner-mega-xl\/","url":"https:\/\/www.gdirekt.se\/da\/produkt\/stort-roll-up-banner-mega-xl\/","name":"Stort roll-up-banner Mega XL er bred og h\u00f8j. Bestil en messev\u00e6gg, som du tr\u00e6kker hurtigt op | Gdirekt.se","isPartOf":{"@id":"https:\/\/www.gdirekt.se\/#website"},"primaryImageOfPage":{"@id":"https:\/\/www.gdirekt.se\/da\/produkt\/stort-roll-up-banner-mega-xl\/#primaryimage"},"image":{"@id":"https:\/\/www.gdirekt.se\/da\/produkt\/stort-roll-up-banner-mega-xl\/#primaryimage"},"thumbnailUrl":"https:\/\/www.gdirekt.se\/wp-content\/uploads\/rollup-mega-180cm-gdirek.png","datePublished":"2015-09-10T09:44:01+00:00","dateModified":"2019-01-16T15:03:52+00:00","description":"Stort roll-up-banner Mega XL er et bredt og stort roll-up-banner, n\u00e5r man gerne vil v\u00e6re synlig, 180 cm eller 240 cm bredt og hele 250 cm h\u00f8jt. Hurtig levering i sort, vatteret taske! Det trykte billedpanel er inkluderet i den fordelagtige pris i vores online netbutik.","breadcrumb":{"@id":"https:\/\/www.gdirekt.se\/da\/produkt\/stort-roll-up-banner-mega-xl\/#breadcrumb"},"inLanguage":"da-DK","potentialAction":[{"@type":"ReadAction","target":["https:\/\/www.gdirekt.se\/da\/produkt\/stort-roll-up-banner-mega-xl\/"]}]},{"@type":"ImageObject","inLanguage":"da-DK","@id":"https:\/\/www.gdirekt.se\/da\/produkt\/stort-roll-up-banner-mega-xl\/#primaryimage","url":"https:\/\/www.gdirekt.se\/wp-content\/uploads\/rollup-mega-180cm-gdirek.png","contentUrl":"https:\/\/www.gdirekt.se\/wp-content\/uploads\/rollup-mega-180cm-gdirek.png","width":1000,"height":1000,"caption":"Stor rollup 180cm bred og 250cm h\u00f8j fra Gdirekt."},{"@type":"BreadcrumbList","@id":"https:\/\/www.gdirekt.se\/da\/produkt\/stort-roll-up-banner-mega-xl\/#breadcrumb","itemListElement":[{"@type":"ListItem","position":1,"name":"Hem","item":"https:\/\/www.gdirekt.se\/da\/"},{"@type":"ListItem","position":2,"name":"Start","item":"https:\/\/www.gdirekt.se\/da\/"},{"@type":"ListItem","position":3,"name":"Stort roll-up-banner Mega XL"}]},{"@type":"WebSite","@id":"https:\/\/www.gdirekt.se\/#website","url":"https:\/\/www.gdirekt.se\/","name":"Gdirekt.se","description":"Tryck snabbt \u00e5 l\u00e4tt = Gdirekt","potentialAction":[{"@type":"SearchAction","target":{"@type":"EntryPoint","urlTemplate":"https:\/\/www.gdirekt.se\/?s={search_term_string}"},"query-input":{"@type":"PropertyValueSpecification","valueRequired":true,"valueName":"search_term_string"}}],"inLanguage":"da-DK"}]}},"_links":{"self":[{"href":"https:\/\/www.gdirekt.se\/da\/wp-json\/wp\/v2\/product\/9974","targetHints":{"allow":["GET"]}}],"collection":[{"href":"https:\/\/www.gdirekt.se\/da\/wp-json\/wp\/v2\/product"}],"about":[{"href":"https:\/\/www.gdirekt.se\/da\/wp-json\/wp\/v2\/types\/product"}],"wp:featuredmedia":[{"embeddable":true,"href":"https:\/\/www.gdirekt.se\/da\/wp-json\/wp\/v2\/media\/8057"}],"wp:attachment":[{"href":"https:\/\/www.gdirekt.se\/da\/wp-json\/wp\/v2\/media?parent=9974"}],"wp:term":[{"taxonomy":"product_brand","embeddable":true,"href":"https:\/\/www.gdirekt.se\/da\/wp-json\/wp\/v2\/product_brand?post=9974"},{"taxonomy":"product_cat","embeddable":true,"href":"https:\/\/www.gdirekt.se\/da\/wp-json\/wp\/v2\/product_cat?post=9974"},{"taxonomy":"product_tag","embeddable":true,"href":"https:\/\/www.gdirekt.se\/da\/wp-json\/wp\/v2\/product_tag?post=9974"}],"curies":[{"name":"wp","href":"https:\/\/api.w.org\/{rel}","templated":true}]}}