{"id":9968,"date":"2016-05-10T11:18:41","date_gmt":"2016-05-10T09:18:41","guid":{"rendered":"http:\/\/gdirekt.hamstage.hamrenmedia.se\/produkt\/roll-up-penta-design-spennare\/"},"modified":"2019-01-16T16:03:04","modified_gmt":"2019-01-16T15:03:04","slug":"roll-up-penta-design-spennare","status":"publish","type":"product","link":"https:\/\/www.gdirekt.se\/da\/produkt\/roll-up-penta-design-spennare\/","title":{"rendered":"Roll up Penta Design \u2013 Spennare"},"content":{"rendered":"<p><span lang=\"DA\">Roll up Penta Design \u2013 Spennare er et flot roll-up-banner i et moderne design, der er markedets mest tjekkede! Roll up-banneret er perfekt til dem, der \u00f8nsker kvalitet til den rette pris. Fra en smal st\u00f8rrelse p\u00e5 60 cm til et stort roll-up-banner med en bredde p\u00e5 150 cm. Med justerbar billedh\u00f8jde p\u00e5 160-220 cm, der justeres enkelt med teleskopstangen. Leveres i en sort, vatteret taske.<\/span><\/p>\n<p><span lang=\"DA\">Roll up bannere fra Spennare bevarer den h\u00f8je kvalitet med garanti. Netop dette, der hedder Penta, f\u00e5s i 5 forskellige bredder. 60 cm, 85 cm, 10 cm, 115 cm og 150 cm. Det trykte roll-up-billede kan rulles op og ned p\u00e5 nogle sekunder. Uden tvivl et af markedets mest solgte udstillingsmaterialer i form af et roll-up-banner.<\/span><\/p>\n<p><span lang=\"DA\">Bestil roll-up-banner hos Gdirekt, s\u00e5 garanterer vi, at I bliver tilfredse. Den rette pris p\u00e5 god kvalitet og dertil hurtig levering. Vores trykkeri i Sverige leverer til alle byer som f.eks. Stockholm, G\u00f6teborg og Malm\u00f6.Roll-up Penta Design \u2013 Spennare er markedets mest b\u00e6rbare og smidigste roll-up-banner, som du kan k\u00f8be hos os! Vejer kun 3 kg og er kun 65 mm tykt.<\/span><\/p>\n<p><span lang=\"DA\">Hos Gdirekt har vi alle typer og design af roll-up-bannere. Kig p\u00e5 vores fine<span class=\"apple-converted-space\">\u00a0<\/span><\/span><span lang=\"DA\"><a href=\"https:\/\/www.gdirekt.se\/produkt-kategori\/roll-up-och-rollups\/\"><b><i>oversigt,<\/i><\/b><\/a><\/span><span lang=\"DA\">og v\u00e6lg, hvilken model I vil bestille. Du kan k\u00f8be smalle, brede og h\u00f8je roll-up-bannere. Nogle er billigere, og andre har et dyrere design med andet materialevalg, der holder ekstra godt udend\u00f8rs. Vi arbejder en del sammen med st\u00f8rre kunder og ogs\u00e5 flere messebyggere, der s\u00f8ger inspiration og en m\u00e5de at finde gode ideer p\u00e5. I s\u00e5 fald kan en nem m\u00e5de v\u00e6re at f\u00f8lge os p\u00e5 de sociale medier, og allernemmest er det kigge p\u00e5 vores<span class=\"apple-converted-space\">\u00a0<\/span><\/span><span lang=\"DA\"><a href=\"https:\/\/www.instagram.com\/gigantprint\/\"><b><i>Instagramprofil<\/i><\/b><\/a><\/span><span lang=\"DA\">.<\/span><\/p>\n","protected":false},"excerpt":{"rendered":"<p>Roll up Penta Design \u2013 Spennare er smidigt og holdbart! K\u00f8b roll-up-bannere i et flot og tjekket design. Bredde 60-150 cm med justerbar teleskopstang 160-220 cm h\u00f8j.<\/p>\n","protected":false},"featured_media":8174,"template":"","meta":{"_acf_changed":false},"product_brand":[],"product_cat":[377],"product_tag":[],"class_list":{"0":"post-9968","1":"product","2":"type-product","3":"status-publish","4":"has-post-thumbnail","6":"product_cat-rollup-og-roll-up-banner","7":"product_shipping_class-250kr","9":"first","10":"instock","11":"taxable","12":"shipping-taxable","13":"purchasable","14":"product-type-variable","15":"has-default-attributes"},"exclude_global_add_ons":[],"addons":[],"acf":[],"yoast_head":"<!-- This site is optimized with the Yoast SEO plugin v27.2 - https:\/\/yoast.com\/product\/yoast-seo-wordpress\/ -->\n<title>Roll up Penta Design \u2013 Spennare, bestil billigt og hurtigt | Gdirekt.se<\/title>\n<meta name=\"description\" content=\"60-150 cm med justerbar teleskopstang 160-220 cm h\u00f8j.\" \/>\n<meta name=\"robots\" content=\"index, follow, max-snippet:-1, max-image-preview:large, max-video-preview:-1\" \/>\n<link rel=\"canonical\" href=\"https:\/\/www.gdirekt.se\/da\/produkt\/roll-up-penta-design-spennare\/\" \/>\n<meta property=\"og:locale\" content=\"da_DK\" \/>\n<meta property=\"og:type\" content=\"article\" \/>\n<meta property=\"og:title\" content=\"Roll up Penta Design \u2013 Spennare, bestil billigt og hurtigt | Gdirekt.se\" \/>\n<meta property=\"og:description\" content=\"60-150 cm med justerbar teleskopstang 160-220 cm h\u00f8j.\" \/>\n<meta property=\"og:url\" content=\"https:\/\/www.gdirekt.se\/da\/produkt\/roll-up-penta-design-spennare\/\" \/>\n<meta property=\"og:site_name\" content=\"Gdirekt.se\" \/>\n<meta property=\"article:modified_time\" content=\"2019-01-16T15:03:04+00:00\" \/>\n<meta property=\"og:image\" content=\"https:\/\/www.gdirekt.se\/wp-content\/uploads\/Penta-rollup-Gdirekt-spennare.png\" \/>\n\t<meta property=\"og:image:width\" content=\"1000\" \/>\n\t<meta property=\"og:image:height\" content=\"1000\" \/>\n\t<meta property=\"og:image:type\" content=\"image\/png\" \/>\n<meta name=\"twitter:card\" content=\"summary_large_image\" \/>\n<meta name=\"twitter:label1\" content=\"Estimeret l\u00e6setid\" \/>\n\t<meta name=\"twitter:data1\" content=\"1 minut\" \/>\n<script type=\"application\/ld+json\" class=\"yoast-schema-graph\">{\"@context\":\"https:\/\/schema.org\",\"@graph\":[{\"@type\":\"WebPage\",\"@id\":\"https:\/\/www.gdirekt.se\/da\/produkt\/roll-up-penta-design-spennare\/\",\"url\":\"https:\/\/www.gdirekt.se\/da\/produkt\/roll-up-penta-design-spennare\/\",\"name\":\"Roll up Penta Design \u2013 Spennare, bestil billigt og hurtigt | Gdirekt.se\",\"isPartOf\":{\"@id\":\"https:\/\/www.gdirekt.se\/#website\"},\"primaryImageOfPage\":{\"@id\":\"https:\/\/www.gdirekt.se\/da\/produkt\/roll-up-penta-design-spennare\/#primaryimage\"},\"image\":{\"@id\":\"https:\/\/www.gdirekt.se\/da\/produkt\/roll-up-penta-design-spennare\/#primaryimage\"},\"thumbnailUrl\":\"https:\/\/www.gdirekt.se\/wp-content\/uploads\/Penta-rollup-Gdirekt-spennare.png\",\"datePublished\":\"2016-05-10T09:18:41+00:00\",\"dateModified\":\"2019-01-16T15:03:04+00:00\",\"description\":\"60-150 cm med justerbar teleskopstang 160-220 cm h\u00f8j.\",\"breadcrumb\":{\"@id\":\"https:\/\/www.gdirekt.se\/da\/produkt\/roll-up-penta-design-spennare\/#breadcrumb\"},\"inLanguage\":\"da-DK\",\"potentialAction\":[{\"@type\":\"ReadAction\",\"target\":[\"https:\/\/www.gdirekt.se\/da\/produkt\/roll-up-penta-design-spennare\/\"]}]},{\"@type\":\"ImageObject\",\"inLanguage\":\"da-DK\",\"@id\":\"https:\/\/www.gdirekt.se\/da\/produkt\/roll-up-penta-design-spennare\/#primaryimage\",\"url\":\"https:\/\/www.gdirekt.se\/wp-content\/uploads\/Penta-rollup-Gdirekt-spennare.png\",\"contentUrl\":\"https:\/\/www.gdirekt.se\/wp-content\/uploads\/Penta-rollup-Gdirekt-spennare.png\",\"width\":1000,\"height\":1000,\"caption\":\"Stilfuldt design p\u00e5 Penta rollup - 60-150cm bred\"},{\"@type\":\"BreadcrumbList\",\"@id\":\"https:\/\/www.gdirekt.se\/da\/produkt\/roll-up-penta-design-spennare\/#breadcrumb\",\"itemListElement\":[{\"@type\":\"ListItem\",\"position\":1,\"name\":\"Hem\",\"item\":\"https:\/\/www.gdirekt.se\/da\/\"},{\"@type\":\"ListItem\",\"position\":2,\"name\":\"Start\",\"item\":\"https:\/\/www.gdirekt.se\/da\/\"},{\"@type\":\"ListItem\",\"position\":3,\"name\":\"Roll up Penta Design \u2013 Spennare\"}]},{\"@type\":\"WebSite\",\"@id\":\"https:\/\/www.gdirekt.se\/#website\",\"url\":\"https:\/\/www.gdirekt.se\/\",\"name\":\"Gdirekt.se\",\"description\":\"Tryck snabbt \u00e5 l\u00e4tt = Gdirekt\",\"potentialAction\":[{\"@type\":\"SearchAction\",\"target\":{\"@type\":\"EntryPoint\",\"urlTemplate\":\"https:\/\/www.gdirekt.se\/?s={search_term_string}\"},\"query-input\":{\"@type\":\"PropertyValueSpecification\",\"valueRequired\":true,\"valueName\":\"search_term_string\"}}],\"inLanguage\":\"da-DK\"}]}<\/script>\n<!-- \/ Yoast SEO plugin. -->","yoast_head_json":{"title":"Roll up Penta Design \u2013 Spennare, bestil billigt og hurtigt | Gdirekt.se","description":"60-150 cm med justerbar teleskopstang 160-220 cm h\u00f8j.","robots":{"index":"index","follow":"follow","max-snippet":"max-snippet:-1","max-image-preview":"max-image-preview:large","max-video-preview":"max-video-preview:-1"},"canonical":"https:\/\/www.gdirekt.se\/da\/produkt\/roll-up-penta-design-spennare\/","og_locale":"da_DK","og_type":"article","og_title":"Roll up Penta Design \u2013 Spennare, bestil billigt og hurtigt | Gdirekt.se","og_description":"60-150 cm med justerbar teleskopstang 160-220 cm h\u00f8j.","og_url":"https:\/\/www.gdirekt.se\/da\/produkt\/roll-up-penta-design-spennare\/","og_site_name":"Gdirekt.se","article_modified_time":"2019-01-16T15:03:04+00:00","og_image":[{"width":1000,"height":1000,"url":"https:\/\/www.gdirekt.se\/wp-content\/uploads\/Penta-rollup-Gdirekt-spennare.png","type":"image\/png"}],"twitter_card":"summary_large_image","twitter_misc":{"Estimeret l\u00e6setid":"1 minut"},"schema":{"@context":"https:\/\/schema.org","@graph":[{"@type":"WebPage","@id":"https:\/\/www.gdirekt.se\/da\/produkt\/roll-up-penta-design-spennare\/","url":"https:\/\/www.gdirekt.se\/da\/produkt\/roll-up-penta-design-spennare\/","name":"Roll up Penta Design \u2013 Spennare, bestil billigt og hurtigt | Gdirekt.se","isPartOf":{"@id":"https:\/\/www.gdirekt.se\/#website"},"primaryImageOfPage":{"@id":"https:\/\/www.gdirekt.se\/da\/produkt\/roll-up-penta-design-spennare\/#primaryimage"},"image":{"@id":"https:\/\/www.gdirekt.se\/da\/produkt\/roll-up-penta-design-spennare\/#primaryimage"},"thumbnailUrl":"https:\/\/www.gdirekt.se\/wp-content\/uploads\/Penta-rollup-Gdirekt-spennare.png","datePublished":"2016-05-10T09:18:41+00:00","dateModified":"2019-01-16T15:03:04+00:00","description":"60-150 cm med justerbar teleskopstang 160-220 cm h\u00f8j.","breadcrumb":{"@id":"https:\/\/www.gdirekt.se\/da\/produkt\/roll-up-penta-design-spennare\/#breadcrumb"},"inLanguage":"da-DK","potentialAction":[{"@type":"ReadAction","target":["https:\/\/www.gdirekt.se\/da\/produkt\/roll-up-penta-design-spennare\/"]}]},{"@type":"ImageObject","inLanguage":"da-DK","@id":"https:\/\/www.gdirekt.se\/da\/produkt\/roll-up-penta-design-spennare\/#primaryimage","url":"https:\/\/www.gdirekt.se\/wp-content\/uploads\/Penta-rollup-Gdirekt-spennare.png","contentUrl":"https:\/\/www.gdirekt.se\/wp-content\/uploads\/Penta-rollup-Gdirekt-spennare.png","width":1000,"height":1000,"caption":"Stilfuldt design p\u00e5 Penta rollup - 60-150cm bred"},{"@type":"BreadcrumbList","@id":"https:\/\/www.gdirekt.se\/da\/produkt\/roll-up-penta-design-spennare\/#breadcrumb","itemListElement":[{"@type":"ListItem","position":1,"name":"Hem","item":"https:\/\/www.gdirekt.se\/da\/"},{"@type":"ListItem","position":2,"name":"Start","item":"https:\/\/www.gdirekt.se\/da\/"},{"@type":"ListItem","position":3,"name":"Roll up Penta Design \u2013 Spennare"}]},{"@type":"WebSite","@id":"https:\/\/www.gdirekt.se\/#website","url":"https:\/\/www.gdirekt.se\/","name":"Gdirekt.se","description":"Tryck snabbt \u00e5 l\u00e4tt = Gdirekt","potentialAction":[{"@type":"SearchAction","target":{"@type":"EntryPoint","urlTemplate":"https:\/\/www.gdirekt.se\/?s={search_term_string}"},"query-input":{"@type":"PropertyValueSpecification","valueRequired":true,"valueName":"search_term_string"}}],"inLanguage":"da-DK"}]}},"_links":{"self":[{"href":"https:\/\/www.gdirekt.se\/da\/wp-json\/wp\/v2\/product\/9968","targetHints":{"allow":["GET"]}}],"collection":[{"href":"https:\/\/www.gdirekt.se\/da\/wp-json\/wp\/v2\/product"}],"about":[{"href":"https:\/\/www.gdirekt.se\/da\/wp-json\/wp\/v2\/types\/product"}],"wp:featuredmedia":[{"embeddable":true,"href":"https:\/\/www.gdirekt.se\/da\/wp-json\/wp\/v2\/media\/8174"}],"wp:attachment":[{"href":"https:\/\/www.gdirekt.se\/da\/wp-json\/wp\/v2\/media?parent=9968"}],"wp:term":[{"taxonomy":"product_brand","embeddable":true,"href":"https:\/\/www.gdirekt.se\/da\/wp-json\/wp\/v2\/product_brand?post=9968"},{"taxonomy":"product_cat","embeddable":true,"href":"https:\/\/www.gdirekt.se\/da\/wp-json\/wp\/v2\/product_cat?post=9968"},{"taxonomy":"product_tag","embeddable":true,"href":"https:\/\/www.gdirekt.se\/da\/wp-json\/wp\/v2\/product_tag?post=9968"}],"curies":[{"name":"wp","href":"https:\/\/api.w.org\/{rel}","templated":true}]}}