{"id":9946,"date":"2017-11-21T14:45:19","date_gmt":"2017-11-21T13:45:19","guid":{"rendered":"http:\/\/gdirekt.hamstage.hamrenmedia.se\/produkt\/roll-up-bannerpanel\/"},"modified":"2019-01-16T16:02:04","modified_gmt":"2019-01-16T15:02:04","slug":"roll-up-bannerpanel","status":"publish","type":"product","link":"https:\/\/www.gdirekt.se\/da\/produkt\/roll-up-bannerpanel\/","title":{"rendered":"Roll up bannerpanel"},"content":{"rendered":"<p>Roll up bannerpanel<\/p>\n<p><span lang=\"DA\">bestilles, n\u00e5r I kun har brug for et roll-up-panel til jeres roll-up-banner.Det stof, vi bruger, er af h\u00f8j kvalitet, der forbliver lige i roll-up-standeren.<\/span><\/p>\n<p><span lang=\"DA\">Mange andre billige roll-up-bannere trykkes eller udskrives p\u00e5 et bannermateriale, der ikke forbliver lige. Hos os p\u00e5 Gdirekt f\u00e5r du kvalitet og lav pris p\u00e5 en og samme tid.De materialer, vi trykker roll-up-bannere p\u00e5 digitalt, er brandgodkendte. Vi bruger milj\u00f8venlig farve uden opl\u00f8sningsmidler, og materialet er 100 % brandbart. Vil leverer roll-up-banneret, og I kan nemt selv udskifte det trykte roll-up-panel.<\/span><\/p>\n<p><span lang=\"DA\">Vi har alle m\u00e5l p\u00e5 roll-up-bannere, og roll-up-panelerne passer til standerne. Roll-up-bannere bruges til udstillinger og i butikker. Systemet med udskiftning af billedet i roll-up-banneret fungerer enkelt, da man ganske enkelt bare skal tr\u00e6kke et bannerpanel op med et billede eller et budskab p\u00e5. Derefter fastg\u00f8r man billedpanelet i toppen af en stang, der passer i roll-up-foden eller roll-up-kassetten. Det tager kun et halvt minut at s\u00e6tte et roll-up-banner op.Kontakt os, hvis I er usikre p\u00e5, hvilken roll-up-stander I har. Vi kender alle m\u00e6rker s\u00e5som Expolinc, Expand, Spennare og Markbric samt flere andre billige roll-up-m\u00e6rker.<\/span><\/p>\n<p><span lang=\"DA\">Roll-up-bannerpanel er et roll-up-stof til paneler, der passer til roll-up-bannere, og de er nemme at bestille hos os p\u00e5 nettet! Roll-up-panelerne trykker vi p\u00e5 stof, der forbliver lige og flot. Vores trykkeri har trykt egne roll-up-bannere i 17 \u00e5r, s\u00e5 vi ved, hvordan det skal g\u00f8res. Hvis I har brug for hj\u00e6lp eller har sp\u00f8rgsm\u00e5l, kan vores personale kontaktes f\u00f8lgende steder: Norrk\u00f6ping, Link\u00f6ping, Stockholm, G\u00f6teborg, Bor\u00e5s, Malm\u00f6, N\u00e4ssj\u00f6, V\u00e4ster\u00e5s og Oslo. Vi hj\u00e6lper gerne til med jeres grafiske design, s\u00e5 I f\u00e5r en flot original til jeres roll-up-banner.<\/span><\/p>\n<p><span lang=\"DA\">Hvis I har brug for hj\u00e6lp til at skifte roll-up-paneler i kassetten, kan det l\u00f8ses. Hvis man er lidt fingernem, kan man selv g\u00f8re det. Man tr\u00e6kker bannerpanelet ud af roll-up-standeren og l\u00e5ser oprulningen fast med en stift, der medf\u00f8lger. Derefter fjerner man tapen og s\u00e6tter det nye panel i.<\/span><\/p>\n<p><span lang=\"DA\">Vi har flere modeller, der er billige, store, designede og i forskellige farver,\u00a0<\/span><span lang=\"DA\"><a href=\"https:\/\/www.gdirekt.se\/produkt-kategori\/rollups\/\"><b><i>se dette link.<\/i><\/b><\/a><\/span><\/p>\n","protected":false},"excerpt":{"rendered":"<p>Roll up bannerpanel\u00a0<span lang=\"DA\">i alle st\u00f8rrelser bestilles enkelt her! Roll-up-billederne fremstilles i den bedste kvalitet, og de forbliver lige i standerne.V\u00e6lg st\u00f8rrelse til billedudskiftning i roll-up-banneret nedenfor, og hvis I har andre m\u00e5l, finder vi naturligvis en l\u00f8sning p\u00e5 det!<\/span><\/p>\n","protected":false},"featured_media":8869,"template":"","meta":{"_acf_changed":false},"product_brand":[],"product_cat":[377],"product_tag":[],"class_list":{"0":"post-9946","1":"product","2":"type-product","3":"status-publish","4":"has-post-thumbnail","6":"product_cat-rollup-og-roll-up-banner","7":"product_shipping_class-180sek","9":"first","10":"instock","11":"taxable","12":"shipping-taxable","13":"purchasable","14":"product-type-variable","15":"has-default-attributes"},"exclude_global_add_ons":[],"addons":[],"acf":[],"yoast_head":"<!-- This site is optimized with the Yoast SEO plugin v27.2 - https:\/\/yoast.com\/product\/yoast-seo-wordpress\/ -->\n<title>Roll up bannerpanel i alle st\u00f8rrelser og til den rigtige pris | Gdirekt.se<\/title>\n<meta name=\"description\" content=\"Roll up bannerpanel bestilles nemt hos os! Vi trykker roll-up-panelet p\u00e5 stof, der forbliver lige og flot, og alle m\u00e5l og st\u00f8rrelser f\u00e5s til en god pris. Trykket er naturligvis inkluderet i den i forvejen billige pris!\" \/>\n<meta name=\"robots\" content=\"index, follow, max-snippet:-1, max-image-preview:large, max-video-preview:-1\" \/>\n<link rel=\"canonical\" href=\"https:\/\/www.gdirekt.se\/da\/produkt\/roll-up-bannerpanel\/\" \/>\n<meta property=\"og:locale\" content=\"da_DK\" \/>\n<meta property=\"og:type\" content=\"article\" \/>\n<meta property=\"og:title\" content=\"Roll up bannerpanel i alle st\u00f8rrelser og til den rigtige pris | Gdirekt.se\" \/>\n<meta property=\"og:description\" content=\"Roll up bannerpanel bestilles nemt hos os! Vi trykker roll-up-panelet p\u00e5 stof, der forbliver lige og flot, og alle m\u00e5l og st\u00f8rrelser f\u00e5s til en god pris. Trykket er naturligvis inkluderet i den i forvejen billige pris!\" \/>\n<meta property=\"og:url\" content=\"https:\/\/www.gdirekt.se\/da\/produkt\/roll-up-bannerpanel\/\" \/>\n<meta property=\"og:site_name\" content=\"Gdirekt.se\" \/>\n<meta property=\"article:modified_time\" content=\"2019-01-16T15:02:04+00:00\" \/>\n<meta property=\"og:image\" content=\"https:\/\/www.gdirekt.se\/wp-content\/uploads\/roll-up-banner.png\" \/>\n\t<meta property=\"og:image:width\" content=\"1000\" \/>\n\t<meta property=\"og:image:height\" content=\"1000\" \/>\n\t<meta property=\"og:image:type\" content=\"image\/png\" \/>\n<meta name=\"twitter:card\" content=\"summary_large_image\" \/>\n<meta name=\"twitter:label1\" content=\"Estimeret l\u00e6setid\" \/>\n\t<meta name=\"twitter:data1\" content=\"2 minutter\" \/>\n<script type=\"application\/ld+json\" class=\"yoast-schema-graph\">{\"@context\":\"https:\/\/schema.org\",\"@graph\":[{\"@type\":\"WebPage\",\"@id\":\"https:\/\/www.gdirekt.se\/da\/produkt\/roll-up-bannerpanel\/\",\"url\":\"https:\/\/www.gdirekt.se\/da\/produkt\/roll-up-bannerpanel\/\",\"name\":\"Roll up bannerpanel i alle st\u00f8rrelser og til den rigtige pris | Gdirekt.se\",\"isPartOf\":{\"@id\":\"https:\/\/www.gdirekt.se\/#website\"},\"primaryImageOfPage\":{\"@id\":\"https:\/\/www.gdirekt.se\/da\/produkt\/roll-up-bannerpanel\/#primaryimage\"},\"image\":{\"@id\":\"https:\/\/www.gdirekt.se\/da\/produkt\/roll-up-bannerpanel\/#primaryimage\"},\"thumbnailUrl\":\"https:\/\/www.gdirekt.se\/wp-content\/uploads\/roll-up-banner.png\",\"datePublished\":\"2017-11-21T13:45:19+00:00\",\"dateModified\":\"2019-01-16T15:02:04+00:00\",\"description\":\"Roll up bannerpanel bestilles nemt hos os! Vi trykker roll-up-panelet p\u00e5 stof, der forbliver lige og flot, og alle m\u00e5l og st\u00f8rrelser f\u00e5s til en god pris. Trykket er naturligvis inkluderet i den i forvejen billige pris!\",\"breadcrumb\":{\"@id\":\"https:\/\/www.gdirekt.se\/da\/produkt\/roll-up-bannerpanel\/#breadcrumb\"},\"inLanguage\":\"da-DK\",\"potentialAction\":[{\"@type\":\"ReadAction\",\"target\":[\"https:\/\/www.gdirekt.se\/da\/produkt\/roll-up-bannerpanel\/\"]}]},{\"@type\":\"ImageObject\",\"inLanguage\":\"da-DK\",\"@id\":\"https:\/\/www.gdirekt.se\/da\/produkt\/roll-up-bannerpanel\/#primaryimage\",\"url\":\"https:\/\/www.gdirekt.se\/wp-content\/uploads\/roll-up-banner.png\",\"contentUrl\":\"https:\/\/www.gdirekt.se\/wp-content\/uploads\/roll-up-banner.png\",\"width\":1000,\"height\":1000,\"caption\":\"Rollup banner med print\"},{\"@type\":\"BreadcrumbList\",\"@id\":\"https:\/\/www.gdirekt.se\/da\/produkt\/roll-up-bannerpanel\/#breadcrumb\",\"itemListElement\":[{\"@type\":\"ListItem\",\"position\":1,\"name\":\"Hem\",\"item\":\"https:\/\/www.gdirekt.se\/da\/\"},{\"@type\":\"ListItem\",\"position\":2,\"name\":\"Start\",\"item\":\"https:\/\/www.gdirekt.se\/da\/\"},{\"@type\":\"ListItem\",\"position\":3,\"name\":\"Roll up bannerpanel\"}]},{\"@type\":\"WebSite\",\"@id\":\"https:\/\/www.gdirekt.se\/#website\",\"url\":\"https:\/\/www.gdirekt.se\/\",\"name\":\"Gdirekt.se\",\"description\":\"Tryck snabbt \u00e5 l\u00e4tt = Gdirekt\",\"potentialAction\":[{\"@type\":\"SearchAction\",\"target\":{\"@type\":\"EntryPoint\",\"urlTemplate\":\"https:\/\/www.gdirekt.se\/?s={search_term_string}\"},\"query-input\":{\"@type\":\"PropertyValueSpecification\",\"valueRequired\":true,\"valueName\":\"search_term_string\"}}],\"inLanguage\":\"da-DK\"}]}<\/script>\n<!-- \/ Yoast SEO plugin. -->","yoast_head_json":{"title":"Roll up bannerpanel i alle st\u00f8rrelser og til den rigtige pris | Gdirekt.se","description":"Roll up bannerpanel bestilles nemt hos os! Vi trykker roll-up-panelet p\u00e5 stof, der forbliver lige og flot, og alle m\u00e5l og st\u00f8rrelser f\u00e5s til en god pris. Trykket er naturligvis inkluderet i den i forvejen billige pris!","robots":{"index":"index","follow":"follow","max-snippet":"max-snippet:-1","max-image-preview":"max-image-preview:large","max-video-preview":"max-video-preview:-1"},"canonical":"https:\/\/www.gdirekt.se\/da\/produkt\/roll-up-bannerpanel\/","og_locale":"da_DK","og_type":"article","og_title":"Roll up bannerpanel i alle st\u00f8rrelser og til den rigtige pris | Gdirekt.se","og_description":"Roll up bannerpanel bestilles nemt hos os! Vi trykker roll-up-panelet p\u00e5 stof, der forbliver lige og flot, og alle m\u00e5l og st\u00f8rrelser f\u00e5s til en god pris. Trykket er naturligvis inkluderet i den i forvejen billige pris!","og_url":"https:\/\/www.gdirekt.se\/da\/produkt\/roll-up-bannerpanel\/","og_site_name":"Gdirekt.se","article_modified_time":"2019-01-16T15:02:04+00:00","og_image":[{"width":1000,"height":1000,"url":"https:\/\/www.gdirekt.se\/wp-content\/uploads\/roll-up-banner.png","type":"image\/png"}],"twitter_card":"summary_large_image","twitter_misc":{"Estimeret l\u00e6setid":"2 minutter"},"schema":{"@context":"https:\/\/schema.org","@graph":[{"@type":"WebPage","@id":"https:\/\/www.gdirekt.se\/da\/produkt\/roll-up-bannerpanel\/","url":"https:\/\/www.gdirekt.se\/da\/produkt\/roll-up-bannerpanel\/","name":"Roll up bannerpanel i alle st\u00f8rrelser og til den rigtige pris | Gdirekt.se","isPartOf":{"@id":"https:\/\/www.gdirekt.se\/#website"},"primaryImageOfPage":{"@id":"https:\/\/www.gdirekt.se\/da\/produkt\/roll-up-bannerpanel\/#primaryimage"},"image":{"@id":"https:\/\/www.gdirekt.se\/da\/produkt\/roll-up-bannerpanel\/#primaryimage"},"thumbnailUrl":"https:\/\/www.gdirekt.se\/wp-content\/uploads\/roll-up-banner.png","datePublished":"2017-11-21T13:45:19+00:00","dateModified":"2019-01-16T15:02:04+00:00","description":"Roll up bannerpanel bestilles nemt hos os! Vi trykker roll-up-panelet p\u00e5 stof, der forbliver lige og flot, og alle m\u00e5l og st\u00f8rrelser f\u00e5s til en god pris. Trykket er naturligvis inkluderet i den i forvejen billige pris!","breadcrumb":{"@id":"https:\/\/www.gdirekt.se\/da\/produkt\/roll-up-bannerpanel\/#breadcrumb"},"inLanguage":"da-DK","potentialAction":[{"@type":"ReadAction","target":["https:\/\/www.gdirekt.se\/da\/produkt\/roll-up-bannerpanel\/"]}]},{"@type":"ImageObject","inLanguage":"da-DK","@id":"https:\/\/www.gdirekt.se\/da\/produkt\/roll-up-bannerpanel\/#primaryimage","url":"https:\/\/www.gdirekt.se\/wp-content\/uploads\/roll-up-banner.png","contentUrl":"https:\/\/www.gdirekt.se\/wp-content\/uploads\/roll-up-banner.png","width":1000,"height":1000,"caption":"Rollup banner med print"},{"@type":"BreadcrumbList","@id":"https:\/\/www.gdirekt.se\/da\/produkt\/roll-up-bannerpanel\/#breadcrumb","itemListElement":[{"@type":"ListItem","position":1,"name":"Hem","item":"https:\/\/www.gdirekt.se\/da\/"},{"@type":"ListItem","position":2,"name":"Start","item":"https:\/\/www.gdirekt.se\/da\/"},{"@type":"ListItem","position":3,"name":"Roll up bannerpanel"}]},{"@type":"WebSite","@id":"https:\/\/www.gdirekt.se\/#website","url":"https:\/\/www.gdirekt.se\/","name":"Gdirekt.se","description":"Tryck snabbt \u00e5 l\u00e4tt = Gdirekt","potentialAction":[{"@type":"SearchAction","target":{"@type":"EntryPoint","urlTemplate":"https:\/\/www.gdirekt.se\/?s={search_term_string}"},"query-input":{"@type":"PropertyValueSpecification","valueRequired":true,"valueName":"search_term_string"}}],"inLanguage":"da-DK"}]}},"_links":{"self":[{"href":"https:\/\/www.gdirekt.se\/da\/wp-json\/wp\/v2\/product\/9946","targetHints":{"allow":["GET"]}}],"collection":[{"href":"https:\/\/www.gdirekt.se\/da\/wp-json\/wp\/v2\/product"}],"about":[{"href":"https:\/\/www.gdirekt.se\/da\/wp-json\/wp\/v2\/types\/product"}],"wp:featuredmedia":[{"embeddable":true,"href":"https:\/\/www.gdirekt.se\/da\/wp-json\/wp\/v2\/media\/8869"}],"wp:attachment":[{"href":"https:\/\/www.gdirekt.se\/da\/wp-json\/wp\/v2\/media?parent=9946"}],"wp:term":[{"taxonomy":"product_brand","embeddable":true,"href":"https:\/\/www.gdirekt.se\/da\/wp-json\/wp\/v2\/product_brand?post=9946"},{"taxonomy":"product_cat","embeddable":true,"href":"https:\/\/www.gdirekt.se\/da\/wp-json\/wp\/v2\/product_cat?post=9946"},{"taxonomy":"product_tag","embeddable":true,"href":"https:\/\/www.gdirekt.se\/da\/wp-json\/wp\/v2\/product_tag?post=9946"}],"curies":[{"name":"wp","href":"https:\/\/api.w.org\/{rel}","templated":true}]}}