{"id":9945,"date":"2015-09-08T13:14:53","date_gmt":"2015-09-08T11:14:53","guid":{"rendered":"http:\/\/gdirekt.hamstage.hamrenmedia.se\/produkt\/billigt-budget-rollup-banner-85-cm\/"},"modified":"2024-02-01T09:41:25","modified_gmt":"2024-02-01T08:41:25","slug":"billigt-budget-rollup-banner-85-cm","status":"publish","type":"product","link":"https:\/\/www.gdirekt.se\/da\/produkt\/billigt-budget-rollup-banner-85-cm\/","title":{"rendered":"Billigt budget rollup banner 85 cm"},"content":{"rendered":"<p><span lang=\"DA\">Billigt budget rollup banner 85 cm bredt er en enkel variant af roll-up-bannere, der passer godt til de fleste events og butikker. Bredden er 85 cm, og h\u00f8jden er 200 cm. Det stof, vi bruger, er af h\u00f8j kvalitet, der forbliver lige. Dette roll-up-banner er nok det standard-roll-up-banner, der s\u00e6lger mest.<\/span><\/p>\n<p><span lang=\"DA\">Mange andre billige roll-up-bannere trykkes eller udskrives p\u00e5 et bannermateriale, der ikke forbliver lige. Hos os p\u00e5 Gdirekt f\u00e5r du kvalitet og lav pris p\u00e5 en og samme tid.De materialer, vi trykker roll-up-bannere p\u00e5 digitalt, er brandgodkendte. Vi bruger milj\u00f8venlig farve uden opl\u00f8sningsmidler, og materialet er 100 % brandbart. Billigt budget roll-up-banner\u00a085 cm er emballeret og leveres i en sort nylontaske.<\/span><\/p>\n<p><span lang=\"DA\">Roll-up-bannere er et messemateriale, der anvendes til udstillinger og i butikker. Systemet fungerer enkelt, da man ganske enkelt ruller et bannerpanel ud med et billede eller et budskab p\u00e5. Derefter fastg\u00f8r man billedpanelet i toppen af en stang, som er tredelt, og som holdes sammen med et elastikb\u00e5nd. Det tager kun et halvt minut at rulle et roll-up-banner op.Selve roll-up-kassetten er fremstillet af tyndt aluminium for at kunne give den bedste pris.<\/span><\/p>\n<p><span lang=\"DA\">Billigt budget rollup banner 85 cm bredt bestilles nemt hos os p\u00e5 nettet! Roll-up-panelerne trykker vi p\u00e5 stof, der forbliver lige og flot. Hurtig og sikker levering. Vores trykkeri har trykt egne roll-up-bannere i 17 \u00e5r, s\u00e5 vi ved, hvordan det skal g\u00f8res. Hvis I har brug for hj\u00e6lp eller har sp\u00f8rgsm\u00e5l, kan vores personale kontaktes f\u00f8lgende steder: Kopenhavn, Horsens, Aarhus og Malm\u00f8 . Vi hj\u00e6lper gerne til med jeres grafiske design, s\u00e5 I f\u00e5r en flot original til jeres roll-up-banner.<\/span><\/p>\n<p><span lang=\"DA\">N\u00e5r man har et roll-up-banner med billedpanel i, er det muligt at skifte panel. Roll-up-paneler bestilles ogs\u00e5 hos os, og vi hj\u00e6lper naturligvis med at skifte billedet i kassetten. Hvis man er lidt fingernem, kan man selv g\u00f8re det. Man tr\u00e6kker bannerpanelet ud af den billige roll-up-enhed og l\u00e5ser oprulningen fast med en stift, der medf\u00f8lger. Derefter fjerner man tapen og s\u00e6tter det nye panel i.<\/span><\/p>\n<p><span lang=\"DA\">Vi har flere modeller, der er billige, store, designede og i forskellige farver,\u00a0<\/span><span lang=\"DA\"><a href=\"https:\/\/www.gdirekt.se\/produkt-kategori\/rollups\/\"><b><i>se dette link.<\/i><\/b><\/a><\/span><\/p>\n","protected":false},"excerpt":{"rendered":"<p>Billigt budget rollup banner 85 cm bredt og 200 cm h\u00f8jt bestilles nemt hos os p\u00e5 nettet! Vi leverer roll-up-panelet i et stof, der forbliver lige og flot, og vi har hurtig levering. Trykte roll-up-bannere laver du bedst hos os; banneret er inkluderet i prisen.<\/p>\n","protected":false},"featured_media":8058,"template":"","meta":{"_acf_changed":false},"product_brand":[],"product_cat":[377],"product_tag":[],"class_list":{"0":"post-9945","1":"product","2":"type-product","3":"status-publish","4":"has-post-thumbnail","6":"product_cat-rollup-og-roll-up-banner","7":"product_shipping_class-250kr","9":"first","10":"instock","11":"sale","12":"taxable","13":"shipping-taxable","14":"purchasable","15":"product-type-simple"},"exclude_global_add_ons":[],"addons":[],"acf":[],"yoast_head":"<!-- This site is optimized with the Yoast SEO plugin v27.2 - https:\/\/yoast.com\/product\/yoast-seo-wordpress\/ -->\n<title>Billigt budget rollup banner 85 cm, Bestil i dag. Presset v\u00e5d er inkluderet i prisen | Gdirekt.se<\/title>\n<meta name=\"description\" content=\"Billigt budget rollup banner 85 cm bredt bestilles nemt hos os p\u00e5 nettet! Roll-up-panelet trykker vi p\u00e5 stof, der forbliver lige og flot i kassetten. Hurtig og sikker levering ved k\u00f8b af de billige roll-up-bannere, hvor trykte billedpaneler er inkluderet i prisen. Sporbar fragt direkte fra trykkeriet.\" \/>\n<meta name=\"robots\" content=\"index, follow, max-snippet:-1, max-image-preview:large, max-video-preview:-1\" \/>\n<link rel=\"canonical\" href=\"https:\/\/www.gdirekt.se\/da\/produkt\/billigt-budget-rollup-banner-85-cm\/\" \/>\n<meta property=\"og:locale\" content=\"da_DK\" \/>\n<meta property=\"og:type\" content=\"article\" \/>\n<meta property=\"og:title\" content=\"Billigt budget rollup banner 85 cm, Bestil i dag. Presset v\u00e5d er inkluderet i prisen | Gdirekt.se\" \/>\n<meta property=\"og:description\" content=\"Billigt budget rollup banner 85 cm bredt bestilles nemt hos os p\u00e5 nettet! Roll-up-panelet trykker vi p\u00e5 stof, der forbliver lige og flot i kassetten. Hurtig og sikker levering ved k\u00f8b af de billige roll-up-bannere, hvor trykte billedpaneler er inkluderet i prisen. Sporbar fragt direkte fra trykkeriet.\" \/>\n<meta property=\"og:url\" content=\"https:\/\/www.gdirekt.se\/da\/produkt\/billigt-budget-rollup-banner-85-cm\/\" \/>\n<meta property=\"og:site_name\" content=\"Gdirekt.se\" \/>\n<meta property=\"article:modified_time\" content=\"2024-02-01T08:41:25+00:00\" \/>\n<meta property=\"og:image\" content=\"https:\/\/www.gdirekt.se\/wp-content\/uploads\/rollup-budget-gdirekt.png\" \/>\n\t<meta property=\"og:image:width\" content=\"1000\" \/>\n\t<meta property=\"og:image:height\" content=\"1000\" \/>\n\t<meta property=\"og:image:type\" content=\"image\/png\" \/>\n<meta name=\"twitter:card\" content=\"summary_large_image\" \/>\n<meta name=\"twitter:label1\" content=\"Estimeret l\u00e6setid\" \/>\n\t<meta name=\"twitter:data1\" content=\"2 minutter\" \/>\n<script type=\"application\/ld+json\" class=\"yoast-schema-graph\">{\"@context\":\"https:\/\/schema.org\",\"@graph\":[{\"@type\":\"WebPage\",\"@id\":\"https:\/\/www.gdirekt.se\/da\/produkt\/billigt-budget-rollup-banner-85-cm\/\",\"url\":\"https:\/\/www.gdirekt.se\/da\/produkt\/billigt-budget-rollup-banner-85-cm\/\",\"name\":\"Billigt budget rollup banner 85 cm, Bestil i dag. Presset v\u00e5d er inkluderet i prisen | Gdirekt.se\",\"isPartOf\":{\"@id\":\"https:\/\/www.gdirekt.se\/#website\"},\"primaryImageOfPage\":{\"@id\":\"https:\/\/www.gdirekt.se\/da\/produkt\/billigt-budget-rollup-banner-85-cm\/#primaryimage\"},\"image\":{\"@id\":\"https:\/\/www.gdirekt.se\/da\/produkt\/billigt-budget-rollup-banner-85-cm\/#primaryimage\"},\"thumbnailUrl\":\"https:\/\/www.gdirekt.se\/wp-content\/uploads\/rollup-budget-gdirekt.png\",\"datePublished\":\"2015-09-08T11:14:53+00:00\",\"dateModified\":\"2024-02-01T08:41:25+00:00\",\"description\":\"Billigt budget rollup banner 85 cm bredt bestilles nemt hos os p\u00e5 nettet! Roll-up-panelet trykker vi p\u00e5 stof, der forbliver lige og flot i kassetten. Hurtig og sikker levering ved k\u00f8b af de billige roll-up-bannere, hvor trykte billedpaneler er inkluderet i prisen. Sporbar fragt direkte fra trykkeriet.\",\"breadcrumb\":{\"@id\":\"https:\/\/www.gdirekt.se\/da\/produkt\/billigt-budget-rollup-banner-85-cm\/#breadcrumb\"},\"inLanguage\":\"da-DK\",\"potentialAction\":[{\"@type\":\"ReadAction\",\"target\":[\"https:\/\/www.gdirekt.se\/da\/produkt\/billigt-budget-rollup-banner-85-cm\/\"]}]},{\"@type\":\"ImageObject\",\"inLanguage\":\"da-DK\",\"@id\":\"https:\/\/www.gdirekt.se\/da\/produkt\/billigt-budget-rollup-banner-85-cm\/#primaryimage\",\"url\":\"https:\/\/www.gdirekt.se\/wp-content\/uploads\/rollup-budget-gdirekt.png\",\"contentUrl\":\"https:\/\/www.gdirekt.se\/wp-content\/uploads\/rollup-budget-gdirekt.png\",\"width\":1000,\"height\":1000,\"caption\":\"Billig rollup fra Gdirekt som \u00e4r 150cm bred\"},{\"@type\":\"BreadcrumbList\",\"@id\":\"https:\/\/www.gdirekt.se\/da\/produkt\/billigt-budget-rollup-banner-85-cm\/#breadcrumb\",\"itemListElement\":[{\"@type\":\"ListItem\",\"position\":1,\"name\":\"Hem\",\"item\":\"https:\/\/www.gdirekt.se\/da\/\"},{\"@type\":\"ListItem\",\"position\":2,\"name\":\"Start\",\"item\":\"https:\/\/www.gdirekt.se\/da\/\"},{\"@type\":\"ListItem\",\"position\":3,\"name\":\"Billigt budget rollup banner 85 cm\"}]},{\"@type\":\"WebSite\",\"@id\":\"https:\/\/www.gdirekt.se\/#website\",\"url\":\"https:\/\/www.gdirekt.se\/\",\"name\":\"Gdirekt.se\",\"description\":\"Tryck snabbt \u00e5 l\u00e4tt = Gdirekt\",\"potentialAction\":[{\"@type\":\"SearchAction\",\"target\":{\"@type\":\"EntryPoint\",\"urlTemplate\":\"https:\/\/www.gdirekt.se\/?s={search_term_string}\"},\"query-input\":{\"@type\":\"PropertyValueSpecification\",\"valueRequired\":true,\"valueName\":\"search_term_string\"}}],\"inLanguage\":\"da-DK\"}]}<\/script>\n<!-- \/ Yoast SEO plugin. -->","yoast_head_json":{"title":"Billigt budget rollup banner 85 cm, Bestil i dag. Presset v\u00e5d er inkluderet i prisen | Gdirekt.se","description":"Billigt budget rollup banner 85 cm bredt bestilles nemt hos os p\u00e5 nettet! Roll-up-panelet trykker vi p\u00e5 stof, der forbliver lige og flot i kassetten. Hurtig og sikker levering ved k\u00f8b af de billige roll-up-bannere, hvor trykte billedpaneler er inkluderet i prisen. Sporbar fragt direkte fra trykkeriet.","robots":{"index":"index","follow":"follow","max-snippet":"max-snippet:-1","max-image-preview":"max-image-preview:large","max-video-preview":"max-video-preview:-1"},"canonical":"https:\/\/www.gdirekt.se\/da\/produkt\/billigt-budget-rollup-banner-85-cm\/","og_locale":"da_DK","og_type":"article","og_title":"Billigt budget rollup banner 85 cm, Bestil i dag. Presset v\u00e5d er inkluderet i prisen | Gdirekt.se","og_description":"Billigt budget rollup banner 85 cm bredt bestilles nemt hos os p\u00e5 nettet! Roll-up-panelet trykker vi p\u00e5 stof, der forbliver lige og flot i kassetten. Hurtig og sikker levering ved k\u00f8b af de billige roll-up-bannere, hvor trykte billedpaneler er inkluderet i prisen. Sporbar fragt direkte fra trykkeriet.","og_url":"https:\/\/www.gdirekt.se\/da\/produkt\/billigt-budget-rollup-banner-85-cm\/","og_site_name":"Gdirekt.se","article_modified_time":"2024-02-01T08:41:25+00:00","og_image":[{"width":1000,"height":1000,"url":"https:\/\/www.gdirekt.se\/wp-content\/uploads\/rollup-budget-gdirekt.png","type":"image\/png"}],"twitter_card":"summary_large_image","twitter_misc":{"Estimeret l\u00e6setid":"2 minutter"},"schema":{"@context":"https:\/\/schema.org","@graph":[{"@type":"WebPage","@id":"https:\/\/www.gdirekt.se\/da\/produkt\/billigt-budget-rollup-banner-85-cm\/","url":"https:\/\/www.gdirekt.se\/da\/produkt\/billigt-budget-rollup-banner-85-cm\/","name":"Billigt budget rollup banner 85 cm, Bestil i dag. Presset v\u00e5d er inkluderet i prisen | Gdirekt.se","isPartOf":{"@id":"https:\/\/www.gdirekt.se\/#website"},"primaryImageOfPage":{"@id":"https:\/\/www.gdirekt.se\/da\/produkt\/billigt-budget-rollup-banner-85-cm\/#primaryimage"},"image":{"@id":"https:\/\/www.gdirekt.se\/da\/produkt\/billigt-budget-rollup-banner-85-cm\/#primaryimage"},"thumbnailUrl":"https:\/\/www.gdirekt.se\/wp-content\/uploads\/rollup-budget-gdirekt.png","datePublished":"2015-09-08T11:14:53+00:00","dateModified":"2024-02-01T08:41:25+00:00","description":"Billigt budget rollup banner 85 cm bredt bestilles nemt hos os p\u00e5 nettet! Roll-up-panelet trykker vi p\u00e5 stof, der forbliver lige og flot i kassetten. Hurtig og sikker levering ved k\u00f8b af de billige roll-up-bannere, hvor trykte billedpaneler er inkluderet i prisen. Sporbar fragt direkte fra trykkeriet.","breadcrumb":{"@id":"https:\/\/www.gdirekt.se\/da\/produkt\/billigt-budget-rollup-banner-85-cm\/#breadcrumb"},"inLanguage":"da-DK","potentialAction":[{"@type":"ReadAction","target":["https:\/\/www.gdirekt.se\/da\/produkt\/billigt-budget-rollup-banner-85-cm\/"]}]},{"@type":"ImageObject","inLanguage":"da-DK","@id":"https:\/\/www.gdirekt.se\/da\/produkt\/billigt-budget-rollup-banner-85-cm\/#primaryimage","url":"https:\/\/www.gdirekt.se\/wp-content\/uploads\/rollup-budget-gdirekt.png","contentUrl":"https:\/\/www.gdirekt.se\/wp-content\/uploads\/rollup-budget-gdirekt.png","width":1000,"height":1000,"caption":"Billig rollup fra Gdirekt som \u00e4r 150cm bred"},{"@type":"BreadcrumbList","@id":"https:\/\/www.gdirekt.se\/da\/produkt\/billigt-budget-rollup-banner-85-cm\/#breadcrumb","itemListElement":[{"@type":"ListItem","position":1,"name":"Hem","item":"https:\/\/www.gdirekt.se\/da\/"},{"@type":"ListItem","position":2,"name":"Start","item":"https:\/\/www.gdirekt.se\/da\/"},{"@type":"ListItem","position":3,"name":"Billigt budget rollup banner 85 cm"}]},{"@type":"WebSite","@id":"https:\/\/www.gdirekt.se\/#website","url":"https:\/\/www.gdirekt.se\/","name":"Gdirekt.se","description":"Tryck snabbt \u00e5 l\u00e4tt = Gdirekt","potentialAction":[{"@type":"SearchAction","target":{"@type":"EntryPoint","urlTemplate":"https:\/\/www.gdirekt.se\/?s={search_term_string}"},"query-input":{"@type":"PropertyValueSpecification","valueRequired":true,"valueName":"search_term_string"}}],"inLanguage":"da-DK"}]}},"_links":{"self":[{"href":"https:\/\/www.gdirekt.se\/da\/wp-json\/wp\/v2\/product\/9945","targetHints":{"allow":["GET"]}}],"collection":[{"href":"https:\/\/www.gdirekt.se\/da\/wp-json\/wp\/v2\/product"}],"about":[{"href":"https:\/\/www.gdirekt.se\/da\/wp-json\/wp\/v2\/types\/product"}],"wp:featuredmedia":[{"embeddable":true,"href":"https:\/\/www.gdirekt.se\/da\/wp-json\/wp\/v2\/media\/8058"}],"wp:attachment":[{"href":"https:\/\/www.gdirekt.se\/da\/wp-json\/wp\/v2\/media?parent=9945"}],"wp:term":[{"taxonomy":"product_brand","embeddable":true,"href":"https:\/\/www.gdirekt.se\/da\/wp-json\/wp\/v2\/product_brand?post=9945"},{"taxonomy":"product_cat","embeddable":true,"href":"https:\/\/www.gdirekt.se\/da\/wp-json\/wp\/v2\/product_cat?post=9945"},{"taxonomy":"product_tag","embeddable":true,"href":"https:\/\/www.gdirekt.se\/da\/wp-json\/wp\/v2\/product_tag?post=9945"}],"curies":[{"name":"wp","href":"https:\/\/api.w.org\/{rel}","templated":true}]}}