{"id":9943,"date":"2016-11-17T13:30:09","date_gmt":"2016-11-17T12:30:09","guid":{"rendered":"http:\/\/gdirekt.hamstage.hamrenmedia.se\/produkt\/billigt-budget-rollup-banner-100-cm\/"},"modified":"2024-02-01T09:40:40","modified_gmt":"2024-02-01T08:40:40","slug":"billigt-budget-rollup-banner-100-cm","status":"publish","type":"product","link":"https:\/\/www.gdirekt.se\/da\/produkt\/billigt-budget-rollup-banner-100-cm\/","title":{"rendered":"Billigt budget Rollup-banner 100 cm"},"content":{"rendered":"<p><span lang=\"DA\">Billigt budget Rollup-banner 100 cm er lidt bredere end standarden. Bredden er 100 cm, og h\u00f8jden er 200 cm. Det stof, vi udskriver digitalt p\u00e5, er af h\u00f8j kvalitet, der forbliver lige. Det er brandklassificeret og godkendt. Leveres i en sort nylontaske.<\/span><\/p>\n<p><span lang=\"DA\">En del andre billige roll-up-bannere udskrives p\u00e5 et bannermateriale, der ikke forbliver lige, men som b\u00f8jer. Hos os p\u00e5 Gdirekt f\u00e5r du kvalitet og lav pris p\u00e5 en og samme tid. Vi bruger milj\u00f8venlig farve uden opl\u00f8sningsmidler, og materialet er 100 % brandbart. Billigt budget roll-up-banner\u00a0100 cm er emballeret godt og leveres i en sort nylontaske.<\/span><\/p>\n<p><span lang=\"DA\">Rollup-bannere er et messemateriale, der anvendes til udstillinger og i butikker. Systemet fungerer enkelt, da man ganske enkelt ruller et bannerpanel ud med et billede eller et budskab p\u00e5. Derefter fastg\u00f8r man billedpanelet, der er 100 cm bredt, i toppen af en stang, der er tredelt, og som holdes sammen med et elastikb\u00e5nd. Det tager kun nogle sekunder at rulle et rollup-banner op. Kassetten er fremstillet af tyndt aluminium, for at vi som leverand\u00f8r kan tilbyde den bedste pris.<\/span><\/p>\n<p><span lang=\"DA\">Billigt budget Rollup-banner 100 cm bredt bestilles nemt hos os p\u00e5 nettet! Hurtig og sikker levering fra vores trykkeri i Norrk\u00f6ping, der har trykt egne roll-up-bannere i 17 \u00e5r. Vi ved, hvordan det skal g\u00f8res. Hvis I har brug for hj\u00e6lp eller har sp\u00f8rgsm\u00e5l, kan vores personale kontaktes f\u00f8lgende steder: Kopenh\u00e6vn, Horsens, Aarhus, Norrk\u00f6ping, Link\u00f6ping, Stockholm, G\u00f6teborg, Bor\u00e5s, Malm\u00f6, N\u00e4ssj\u00f6, V\u00e4ster\u00e5s og Oslo. Vi hj\u00e6lper gerne til med jeres grafiske design, s\u00e5 I f\u00e5r en flot original til jeres roll-up-banner.<\/span><\/p>\n<p><span lang=\"DA\">N\u00e5r man har bestilt et roll-up-banner med billedpanel i, er det muligt at skifte panel. Roll-up-paneler bestilles ogs\u00e5 hos os, og vi hj\u00e6lper naturligvis med at skifte billedet i kassetten. Fingernemme personer kan selv g\u00f8re det. Man tr\u00e6kker bannerpanelet ud af den billige roll-up-enhed og l\u00e5ser oprulningen fast med en stift, der medf\u00f8lger. Derefter fjerner man tapen og s\u00e6tter det nye panel i. S\u00e5 skal b\u00e5de for- og bagsiden tapes, s\u00e5 det sidder forsvarligt. Se de andre flotte tryksager, vi leverer, p\u00e5 vores<span class=\"apple-converted-space\">\u00a0<\/span><\/span><span lang=\"DA\"><a href=\"https:\/\/www.instagram.com\/gigantprint\/\"><b><i>Instagram<\/i><\/b><\/a><\/span><span lang=\"DA\">!<\/span><\/p>\n<p><span lang=\"DA\">Vi har flere modeller, der er billige, store, designede og i forskellige farver,\u00a0<\/span><span lang=\"DA\"><a href=\"https:\/\/www.gdirekt.se\/produkt-kategori\/rollups\/\"><b><i>se dette link.<\/i><\/b><\/a><\/span><\/p>\n","protected":false},"excerpt":{"rendered":"<p>Billigt budget Rollup-banner 100 cm er en enkel l\u00f8sning som messemateriale eller udstillingsstander! Bredde 100 cm og h\u00f8jde 200 cm. Hurtig levering, og roll-up-paneler, der forbliver lige og flotte. Trykt billedpanel er inkluderet i prisen.<\/p>\n","protected":false},"featured_media":8058,"template":"","meta":{"_acf_changed":false},"product_brand":[],"product_cat":[377],"product_tag":[],"class_list":{"0":"post-9943","1":"product","2":"type-product","3":"status-publish","4":"has-post-thumbnail","6":"product_cat-rollup-og-roll-up-banner","7":"product_shipping_class-250kr","9":"first","10":"instock","11":"taxable","12":"shipping-taxable","13":"purchasable","14":"product-type-simple"},"exclude_global_add_ons":[],"addons":[],"acf":[],"yoast_head":"<!-- This site is optimized with the Yoast SEO plugin v27.2 - https:\/\/yoast.com\/product\/yoast-seo-wordpress\/ -->\n<title>Billigt budget Rollup-banner 100 cm, kvalitet med den rigtige pris | Gdirekt.se<\/title>\n<meta name=\"description\" content=\"Billigt budget roll-up-banner 100 cm kan bruges som messemateriale eller udstillingsstander! Bredde 100 cm og h\u00f8jde 200 cm. Hurtig levering, og roll-up-paneler, der forbliver lige og flotte. Det trykte billedpanel er inkluderet i prisen, og en skabelon med den rette st\u00f8rrelse kan downloades gratis. Hurtig levering direkte til virksomheden.\" \/>\n<meta name=\"robots\" content=\"index, follow, max-snippet:-1, max-image-preview:large, max-video-preview:-1\" \/>\n<link rel=\"canonical\" href=\"https:\/\/www.gdirekt.se\/da\/produkt\/billigt-budget-rollup-banner-100-cm\/\" \/>\n<meta property=\"og:locale\" content=\"da_DK\" \/>\n<meta property=\"og:type\" content=\"article\" \/>\n<meta property=\"og:title\" content=\"Billigt budget Rollup-banner 100 cm, kvalitet med den rigtige pris | Gdirekt.se\" \/>\n<meta property=\"og:description\" content=\"Billigt budget roll-up-banner 100 cm kan bruges som messemateriale eller udstillingsstander! Bredde 100 cm og h\u00f8jde 200 cm. Hurtig levering, og roll-up-paneler, der forbliver lige og flotte. Det trykte billedpanel er inkluderet i prisen, og en skabelon med den rette st\u00f8rrelse kan downloades gratis. Hurtig levering direkte til virksomheden.\" \/>\n<meta property=\"og:url\" content=\"https:\/\/www.gdirekt.se\/da\/produkt\/billigt-budget-rollup-banner-100-cm\/\" \/>\n<meta property=\"og:site_name\" content=\"Gdirekt.se\" \/>\n<meta property=\"article:modified_time\" content=\"2024-02-01T08:40:40+00:00\" \/>\n<meta property=\"og:image\" content=\"https:\/\/www.gdirekt.se\/wp-content\/uploads\/rollup-budget-gdirekt.png\" \/>\n\t<meta property=\"og:image:width\" content=\"1000\" \/>\n\t<meta property=\"og:image:height\" content=\"1000\" \/>\n\t<meta property=\"og:image:type\" content=\"image\/png\" \/>\n<meta name=\"twitter:card\" content=\"summary_large_image\" \/>\n<meta name=\"twitter:label1\" content=\"Estimeret l\u00e6setid\" \/>\n\t<meta name=\"twitter:data1\" content=\"2 minutter\" \/>\n<script type=\"application\/ld+json\" class=\"yoast-schema-graph\">{\"@context\":\"https:\/\/schema.org\",\"@graph\":[{\"@type\":\"WebPage\",\"@id\":\"https:\/\/www.gdirekt.se\/da\/produkt\/billigt-budget-rollup-banner-100-cm\/\",\"url\":\"https:\/\/www.gdirekt.se\/da\/produkt\/billigt-budget-rollup-banner-100-cm\/\",\"name\":\"Billigt budget Rollup-banner 100 cm, kvalitet med den rigtige pris | Gdirekt.se\",\"isPartOf\":{\"@id\":\"https:\/\/www.gdirekt.se\/#website\"},\"primaryImageOfPage\":{\"@id\":\"https:\/\/www.gdirekt.se\/da\/produkt\/billigt-budget-rollup-banner-100-cm\/#primaryimage\"},\"image\":{\"@id\":\"https:\/\/www.gdirekt.se\/da\/produkt\/billigt-budget-rollup-banner-100-cm\/#primaryimage\"},\"thumbnailUrl\":\"https:\/\/www.gdirekt.se\/wp-content\/uploads\/rollup-budget-gdirekt.png\",\"datePublished\":\"2016-11-17T12:30:09+00:00\",\"dateModified\":\"2024-02-01T08:40:40+00:00\",\"description\":\"Billigt budget roll-up-banner 100 cm kan bruges som messemateriale eller udstillingsstander! Bredde 100 cm og h\u00f8jde 200 cm. Hurtig levering, og roll-up-paneler, der forbliver lige og flotte. Det trykte billedpanel er inkluderet i prisen, og en skabelon med den rette st\u00f8rrelse kan downloades gratis. Hurtig levering direkte til virksomheden.\",\"breadcrumb\":{\"@id\":\"https:\/\/www.gdirekt.se\/da\/produkt\/billigt-budget-rollup-banner-100-cm\/#breadcrumb\"},\"inLanguage\":\"da-DK\",\"potentialAction\":[{\"@type\":\"ReadAction\",\"target\":[\"https:\/\/www.gdirekt.se\/da\/produkt\/billigt-budget-rollup-banner-100-cm\/\"]}]},{\"@type\":\"ImageObject\",\"inLanguage\":\"da-DK\",\"@id\":\"https:\/\/www.gdirekt.se\/da\/produkt\/billigt-budget-rollup-banner-100-cm\/#primaryimage\",\"url\":\"https:\/\/www.gdirekt.se\/wp-content\/uploads\/rollup-budget-gdirekt.png\",\"contentUrl\":\"https:\/\/www.gdirekt.se\/wp-content\/uploads\/rollup-budget-gdirekt.png\",\"width\":1000,\"height\":1000,\"caption\":\"Billig rollup fra Gdirekt som \u00e4r 150cm bred\"},{\"@type\":\"BreadcrumbList\",\"@id\":\"https:\/\/www.gdirekt.se\/da\/produkt\/billigt-budget-rollup-banner-100-cm\/#breadcrumb\",\"itemListElement\":[{\"@type\":\"ListItem\",\"position\":1,\"name\":\"Hem\",\"item\":\"https:\/\/www.gdirekt.se\/da\/\"},{\"@type\":\"ListItem\",\"position\":2,\"name\":\"Start\",\"item\":\"https:\/\/www.gdirekt.se\/da\/\"},{\"@type\":\"ListItem\",\"position\":3,\"name\":\"Billigt budget Rollup-banner 100 cm\"}]},{\"@type\":\"WebSite\",\"@id\":\"https:\/\/www.gdirekt.se\/#website\",\"url\":\"https:\/\/www.gdirekt.se\/\",\"name\":\"Gdirekt.se\",\"description\":\"Tryck snabbt \u00e5 l\u00e4tt = Gdirekt\",\"potentialAction\":[{\"@type\":\"SearchAction\",\"target\":{\"@type\":\"EntryPoint\",\"urlTemplate\":\"https:\/\/www.gdirekt.se\/?s={search_term_string}\"},\"query-input\":{\"@type\":\"PropertyValueSpecification\",\"valueRequired\":true,\"valueName\":\"search_term_string\"}}],\"inLanguage\":\"da-DK\"}]}<\/script>\n<!-- \/ Yoast SEO plugin. -->","yoast_head_json":{"title":"Billigt budget Rollup-banner 100 cm, kvalitet med den rigtige pris | Gdirekt.se","description":"Billigt budget roll-up-banner 100 cm kan bruges som messemateriale eller udstillingsstander! Bredde 100 cm og h\u00f8jde 200 cm. Hurtig levering, og roll-up-paneler, der forbliver lige og flotte. Det trykte billedpanel er inkluderet i prisen, og en skabelon med den rette st\u00f8rrelse kan downloades gratis. Hurtig levering direkte til virksomheden.","robots":{"index":"index","follow":"follow","max-snippet":"max-snippet:-1","max-image-preview":"max-image-preview:large","max-video-preview":"max-video-preview:-1"},"canonical":"https:\/\/www.gdirekt.se\/da\/produkt\/billigt-budget-rollup-banner-100-cm\/","og_locale":"da_DK","og_type":"article","og_title":"Billigt budget Rollup-banner 100 cm, kvalitet med den rigtige pris | Gdirekt.se","og_description":"Billigt budget roll-up-banner 100 cm kan bruges som messemateriale eller udstillingsstander! Bredde 100 cm og h\u00f8jde 200 cm. Hurtig levering, og roll-up-paneler, der forbliver lige og flotte. Det trykte billedpanel er inkluderet i prisen, og en skabelon med den rette st\u00f8rrelse kan downloades gratis. Hurtig levering direkte til virksomheden.","og_url":"https:\/\/www.gdirekt.se\/da\/produkt\/billigt-budget-rollup-banner-100-cm\/","og_site_name":"Gdirekt.se","article_modified_time":"2024-02-01T08:40:40+00:00","og_image":[{"width":1000,"height":1000,"url":"https:\/\/www.gdirekt.se\/wp-content\/uploads\/rollup-budget-gdirekt.png","type":"image\/png"}],"twitter_card":"summary_large_image","twitter_misc":{"Estimeret l\u00e6setid":"2 minutter"},"schema":{"@context":"https:\/\/schema.org","@graph":[{"@type":"WebPage","@id":"https:\/\/www.gdirekt.se\/da\/produkt\/billigt-budget-rollup-banner-100-cm\/","url":"https:\/\/www.gdirekt.se\/da\/produkt\/billigt-budget-rollup-banner-100-cm\/","name":"Billigt budget Rollup-banner 100 cm, kvalitet med den rigtige pris | Gdirekt.se","isPartOf":{"@id":"https:\/\/www.gdirekt.se\/#website"},"primaryImageOfPage":{"@id":"https:\/\/www.gdirekt.se\/da\/produkt\/billigt-budget-rollup-banner-100-cm\/#primaryimage"},"image":{"@id":"https:\/\/www.gdirekt.se\/da\/produkt\/billigt-budget-rollup-banner-100-cm\/#primaryimage"},"thumbnailUrl":"https:\/\/www.gdirekt.se\/wp-content\/uploads\/rollup-budget-gdirekt.png","datePublished":"2016-11-17T12:30:09+00:00","dateModified":"2024-02-01T08:40:40+00:00","description":"Billigt budget roll-up-banner 100 cm kan bruges som messemateriale eller udstillingsstander! Bredde 100 cm og h\u00f8jde 200 cm. Hurtig levering, og roll-up-paneler, der forbliver lige og flotte. Det trykte billedpanel er inkluderet i prisen, og en skabelon med den rette st\u00f8rrelse kan downloades gratis. Hurtig levering direkte til virksomheden.","breadcrumb":{"@id":"https:\/\/www.gdirekt.se\/da\/produkt\/billigt-budget-rollup-banner-100-cm\/#breadcrumb"},"inLanguage":"da-DK","potentialAction":[{"@type":"ReadAction","target":["https:\/\/www.gdirekt.se\/da\/produkt\/billigt-budget-rollup-banner-100-cm\/"]}]},{"@type":"ImageObject","inLanguage":"da-DK","@id":"https:\/\/www.gdirekt.se\/da\/produkt\/billigt-budget-rollup-banner-100-cm\/#primaryimage","url":"https:\/\/www.gdirekt.se\/wp-content\/uploads\/rollup-budget-gdirekt.png","contentUrl":"https:\/\/www.gdirekt.se\/wp-content\/uploads\/rollup-budget-gdirekt.png","width":1000,"height":1000,"caption":"Billig rollup fra Gdirekt som \u00e4r 150cm bred"},{"@type":"BreadcrumbList","@id":"https:\/\/www.gdirekt.se\/da\/produkt\/billigt-budget-rollup-banner-100-cm\/#breadcrumb","itemListElement":[{"@type":"ListItem","position":1,"name":"Hem","item":"https:\/\/www.gdirekt.se\/da\/"},{"@type":"ListItem","position":2,"name":"Start","item":"https:\/\/www.gdirekt.se\/da\/"},{"@type":"ListItem","position":3,"name":"Billigt budget Rollup-banner 100 cm"}]},{"@type":"WebSite","@id":"https:\/\/www.gdirekt.se\/#website","url":"https:\/\/www.gdirekt.se\/","name":"Gdirekt.se","description":"Tryck snabbt \u00e5 l\u00e4tt = Gdirekt","potentialAction":[{"@type":"SearchAction","target":{"@type":"EntryPoint","urlTemplate":"https:\/\/www.gdirekt.se\/?s={search_term_string}"},"query-input":{"@type":"PropertyValueSpecification","valueRequired":true,"valueName":"search_term_string"}}],"inLanguage":"da-DK"}]}},"_links":{"self":[{"href":"https:\/\/www.gdirekt.se\/da\/wp-json\/wp\/v2\/product\/9943","targetHints":{"allow":["GET"]}}],"collection":[{"href":"https:\/\/www.gdirekt.se\/da\/wp-json\/wp\/v2\/product"}],"about":[{"href":"https:\/\/www.gdirekt.se\/da\/wp-json\/wp\/v2\/types\/product"}],"wp:featuredmedia":[{"embeddable":true,"href":"https:\/\/www.gdirekt.se\/da\/wp-json\/wp\/v2\/media\/8058"}],"wp:attachment":[{"href":"https:\/\/www.gdirekt.se\/da\/wp-json\/wp\/v2\/media?parent=9943"}],"wp:term":[{"taxonomy":"product_brand","embeddable":true,"href":"https:\/\/www.gdirekt.se\/da\/wp-json\/wp\/v2\/product_brand?post=9943"},{"taxonomy":"product_cat","embeddable":true,"href":"https:\/\/www.gdirekt.se\/da\/wp-json\/wp\/v2\/product_cat?post=9943"},{"taxonomy":"product_tag","embeddable":true,"href":"https:\/\/www.gdirekt.se\/da\/wp-json\/wp\/v2\/product_tag?post=9943"}],"curies":[{"name":"wp","href":"https:\/\/api.w.org\/{rel}","templated":true}]}}