{"id":9939,"date":"2016-12-29T16:37:25","date_gmt":"2016-12-29T15:37:25","guid":{"rendered":"http:\/\/gdirekt.hamstage.hamrenmedia.se\/produkt\/trekantsstander-med-tryk-xl\/"},"modified":"2025-01-29T09:34:42","modified_gmt":"2025-01-29T08:34:42","slug":"trekantsstander-med-tryk-xl","status":"publish","type":"product","link":"https:\/\/www.gdirekt.se\/da\/produkt\/trekantsstander-med-tryk-xl\/","title":{"rendered":"Trekantsstander med tryk XL"},"content":{"rendered":"<p><span lang=\"DA\">Trekantsstander med tryk XL i kraftigt og slidst\u00e6rkt Re-board\u00ae er en effektiv reklames\u00f8jle, der ofte bruges som informationss\u00f8jle og interi\u00f8r. B\u00e5de i indk\u00f8bscentre og p\u00e5 messer samt i indgangspartier. Vi trykker disse trekantede displaystandere i vores digitale planmaskine i den bedste kvalitet, der findes. De farver, vi bruger p\u00e5 disse minib\u00f8lgeark, er milj\u00f8venlige.Standerne er trykt p\u00e5 et plant kartonmateriale, der er 16 mm tykt og forsynet med holdbare hj\u00f8rner i gr\u00e5 plast.<\/span><\/p>\n<p><span lang=\"DA\">Disse trykte trekantsstandere bruges som butiksreklamer og informationss\u00f8jler til events og messer. Fordelen ved disse trekantss\u00f8jler som displays er, at budskabet ses fra tre sider. De leveres flade. Derefter folder man dem ganske enkelt ud og s\u00e6tter dem sammen med en kraftig tape, der sidder fast indeni. Disse store trekantsstandere fungerer godt som permanent indretning til at skabe information eller bygge varem\u00e6rker med.<\/span><\/p>\n<p><span lang=\"DA\">Se andre displayprodukter blandt vores<span class=\"apple-converted-space\">\u00a0<\/span><\/span><span lang=\"DA\"><a href=\"https:\/\/www.gdirekt.se\/produkt-kategori\/reklamstall-och-butikdisplayer\/\"><b><i>udvalgte modeller<\/i><\/b><\/a><\/span><span lang=\"DA\">.<\/span><\/p>\n","protected":false},"excerpt":{"rendered":"<p>Trekantsstander med tryk XL er en effektiv reklames\u00f8jle, der bruges som informationss\u00f8jle med reklame p\u00e5. Disse displays er kraftige og holdbare med hj\u00f8rner i gr\u00e5 plast. V\u00e6lg, hvilken st\u00f8rrelse der passer til netop din reklame eller information. Hvis I har andre \u00f8nsker, kan I kontakte os p\u00e5 +46 (0) 11-251515 eller info@gdirekt.se<\/p>\n","protected":false},"featured_media":8814,"template":"","meta":{"_acf_changed":false},"product_brand":[],"product_cat":[357],"product_tag":[],"class_list":{"0":"post-9939","1":"product","2":"type-product","3":"status-publish","4":"has-post-thumbnail","6":"product_cat-reklamstall-og-butikdisplayer","7":"product_shipping_class-690kr","9":"first","10":"instock","11":"taxable","12":"shipping-taxable","13":"purchasable","14":"product-type-variable","15":"has-default-attributes"},"exclude_global_add_ons":[],"addons":[],"acf":[],"yoast_head":"<!-- This site is optimized with the Yoast SEO plugin v27.2 - https:\/\/yoast.com\/product\/yoast-seo-wordpress\/ -->\n<title>Trekantsstander med tryk XL med tryk for info og reklame | Gdirekt.se<\/title>\n<meta name=\"description\" content=\"Trekantsstander med tryk XL i b\u00f8lgepap er en effektiv reklames\u00f8jle, der bruges som butiksstander. Kartonstandere kan v\u00e6re informationsstandere som display i en trekant. Disse store displays er kraftige og st\u00e5r stabilt. Trykt budskab i tekst og foto er inkluderet i prisen.\" \/>\n<meta name=\"robots\" content=\"index, follow, max-snippet:-1, max-image-preview:large, max-video-preview:-1\" \/>\n<link rel=\"canonical\" href=\"https:\/\/www.gdirekt.se\/da\/produkt\/trekantsstander-med-tryk-xl\/\" \/>\n<meta property=\"og:locale\" content=\"da_DK\" \/>\n<meta property=\"og:type\" content=\"article\" \/>\n<meta property=\"og:title\" content=\"Trekantsstander med tryk XL med tryk for info og reklame | Gdirekt.se\" \/>\n<meta property=\"og:description\" content=\"Trekantsstander med tryk XL i b\u00f8lgepap er en effektiv reklames\u00f8jle, der bruges som butiksstander. Kartonstandere kan v\u00e6re informationsstandere som display i en trekant. Disse store displays er kraftige og st\u00e5r stabilt. Trykt budskab i tekst og foto er inkluderet i prisen.\" \/>\n<meta property=\"og:url\" content=\"https:\/\/www.gdirekt.se\/da\/produkt\/trekantsstander-med-tryk-xl\/\" \/>\n<meta property=\"og:site_name\" content=\"Gdirekt.se\" \/>\n<meta property=\"article:modified_time\" content=\"2025-01-29T08:34:42+00:00\" \/>\n<meta property=\"og:image\" content=\"https:\/\/www.gdirekt.se\/wp-content\/uploads\/trekantsdisplay_med_tryck.png\" \/>\n\t<meta property=\"og:image:width\" content=\"1000\" \/>\n\t<meta property=\"og:image:height\" content=\"1000\" \/>\n\t<meta property=\"og:image:type\" content=\"image\/png\" \/>\n<meta name=\"twitter:card\" content=\"summary_large_image\" \/>\n<meta name=\"twitter:label1\" content=\"Estimeret l\u00e6setid\" \/>\n\t<meta name=\"twitter:data1\" content=\"1 minut\" \/>\n<script type=\"application\/ld+json\" class=\"yoast-schema-graph\">{\"@context\":\"https:\/\/schema.org\",\"@graph\":[{\"@type\":\"WebPage\",\"@id\":\"https:\/\/www.gdirekt.se\/da\/produkt\/trekantsstander-med-tryk-xl\/\",\"url\":\"https:\/\/www.gdirekt.se\/da\/produkt\/trekantsstander-med-tryk-xl\/\",\"name\":\"Trekantsstander med tryk XL med tryk for info og reklame | Gdirekt.se\",\"isPartOf\":{\"@id\":\"https:\/\/www.gdirekt.se\/#website\"},\"primaryImageOfPage\":{\"@id\":\"https:\/\/www.gdirekt.se\/da\/produkt\/trekantsstander-med-tryk-xl\/#primaryimage\"},\"image\":{\"@id\":\"https:\/\/www.gdirekt.se\/da\/produkt\/trekantsstander-med-tryk-xl\/#primaryimage\"},\"thumbnailUrl\":\"https:\/\/www.gdirekt.se\/wp-content\/uploads\/trekantsdisplay_med_tryck.png\",\"datePublished\":\"2016-12-29T15:37:25+00:00\",\"dateModified\":\"2025-01-29T08:34:42+00:00\",\"description\":\"Trekantsstander med tryk XL i b\u00f8lgepap er en effektiv reklames\u00f8jle, der bruges som butiksstander. Kartonstandere kan v\u00e6re informationsstandere som display i en trekant. Disse store displays er kraftige og st\u00e5r stabilt. Trykt budskab i tekst og foto er inkluderet i prisen.\",\"breadcrumb\":{\"@id\":\"https:\/\/www.gdirekt.se\/da\/produkt\/trekantsstander-med-tryk-xl\/#breadcrumb\"},\"inLanguage\":\"da-DK\",\"potentialAction\":[{\"@type\":\"ReadAction\",\"target\":[\"https:\/\/www.gdirekt.se\/da\/produkt\/trekantsstander-med-tryk-xl\/\"]}]},{\"@type\":\"ImageObject\",\"inLanguage\":\"da-DK\",\"@id\":\"https:\/\/www.gdirekt.se\/da\/produkt\/trekantsstander-med-tryk-xl\/#primaryimage\",\"url\":\"https:\/\/www.gdirekt.se\/wp-content\/uploads\/trekantsdisplay_med_tryck.png\",\"contentUrl\":\"https:\/\/www.gdirekt.se\/wp-content\/uploads\/trekantsdisplay_med_tryck.png\",\"width\":1000,\"height\":1000,\"caption\":\"Stor kraftig informationstand i trekant\"},{\"@type\":\"BreadcrumbList\",\"@id\":\"https:\/\/www.gdirekt.se\/da\/produkt\/trekantsstander-med-tryk-xl\/#breadcrumb\",\"itemListElement\":[{\"@type\":\"ListItem\",\"position\":1,\"name\":\"Hem\",\"item\":\"https:\/\/www.gdirekt.se\/da\/\"},{\"@type\":\"ListItem\",\"position\":2,\"name\":\"Start\",\"item\":\"https:\/\/www.gdirekt.se\/da\/\"},{\"@type\":\"ListItem\",\"position\":3,\"name\":\"Trekantsstander med tryk XL\"}]},{\"@type\":\"WebSite\",\"@id\":\"https:\/\/www.gdirekt.se\/#website\",\"url\":\"https:\/\/www.gdirekt.se\/\",\"name\":\"Gdirekt.se\",\"description\":\"Tryck snabbt \u00e5 l\u00e4tt = Gdirekt\",\"potentialAction\":[{\"@type\":\"SearchAction\",\"target\":{\"@type\":\"EntryPoint\",\"urlTemplate\":\"https:\/\/www.gdirekt.se\/?s={search_term_string}\"},\"query-input\":{\"@type\":\"PropertyValueSpecification\",\"valueRequired\":true,\"valueName\":\"search_term_string\"}}],\"inLanguage\":\"da-DK\"}]}<\/script>\n<!-- \/ Yoast SEO plugin. -->","yoast_head_json":{"title":"Trekantsstander med tryk XL med tryk for info og reklame | Gdirekt.se","description":"Trekantsstander med tryk XL i b\u00f8lgepap er en effektiv reklames\u00f8jle, der bruges som butiksstander. Kartonstandere kan v\u00e6re informationsstandere som display i en trekant. Disse store displays er kraftige og st\u00e5r stabilt. Trykt budskab i tekst og foto er inkluderet i prisen.","robots":{"index":"index","follow":"follow","max-snippet":"max-snippet:-1","max-image-preview":"max-image-preview:large","max-video-preview":"max-video-preview:-1"},"canonical":"https:\/\/www.gdirekt.se\/da\/produkt\/trekantsstander-med-tryk-xl\/","og_locale":"da_DK","og_type":"article","og_title":"Trekantsstander med tryk XL med tryk for info og reklame | Gdirekt.se","og_description":"Trekantsstander med tryk XL i b\u00f8lgepap er en effektiv reklames\u00f8jle, der bruges som butiksstander. Kartonstandere kan v\u00e6re informationsstandere som display i en trekant. Disse store displays er kraftige og st\u00e5r stabilt. Trykt budskab i tekst og foto er inkluderet i prisen.","og_url":"https:\/\/www.gdirekt.se\/da\/produkt\/trekantsstander-med-tryk-xl\/","og_site_name":"Gdirekt.se","article_modified_time":"2025-01-29T08:34:42+00:00","og_image":[{"width":1000,"height":1000,"url":"https:\/\/www.gdirekt.se\/wp-content\/uploads\/trekantsdisplay_med_tryck.png","type":"image\/png"}],"twitter_card":"summary_large_image","twitter_misc":{"Estimeret l\u00e6setid":"1 minut"},"schema":{"@context":"https:\/\/schema.org","@graph":[{"@type":"WebPage","@id":"https:\/\/www.gdirekt.se\/da\/produkt\/trekantsstander-med-tryk-xl\/","url":"https:\/\/www.gdirekt.se\/da\/produkt\/trekantsstander-med-tryk-xl\/","name":"Trekantsstander med tryk XL med tryk for info og reklame | Gdirekt.se","isPartOf":{"@id":"https:\/\/www.gdirekt.se\/#website"},"primaryImageOfPage":{"@id":"https:\/\/www.gdirekt.se\/da\/produkt\/trekantsstander-med-tryk-xl\/#primaryimage"},"image":{"@id":"https:\/\/www.gdirekt.se\/da\/produkt\/trekantsstander-med-tryk-xl\/#primaryimage"},"thumbnailUrl":"https:\/\/www.gdirekt.se\/wp-content\/uploads\/trekantsdisplay_med_tryck.png","datePublished":"2016-12-29T15:37:25+00:00","dateModified":"2025-01-29T08:34:42+00:00","description":"Trekantsstander med tryk XL i b\u00f8lgepap er en effektiv reklames\u00f8jle, der bruges som butiksstander. Kartonstandere kan v\u00e6re informationsstandere som display i en trekant. Disse store displays er kraftige og st\u00e5r stabilt. Trykt budskab i tekst og foto er inkluderet i prisen.","breadcrumb":{"@id":"https:\/\/www.gdirekt.se\/da\/produkt\/trekantsstander-med-tryk-xl\/#breadcrumb"},"inLanguage":"da-DK","potentialAction":[{"@type":"ReadAction","target":["https:\/\/www.gdirekt.se\/da\/produkt\/trekantsstander-med-tryk-xl\/"]}]},{"@type":"ImageObject","inLanguage":"da-DK","@id":"https:\/\/www.gdirekt.se\/da\/produkt\/trekantsstander-med-tryk-xl\/#primaryimage","url":"https:\/\/www.gdirekt.se\/wp-content\/uploads\/trekantsdisplay_med_tryck.png","contentUrl":"https:\/\/www.gdirekt.se\/wp-content\/uploads\/trekantsdisplay_med_tryck.png","width":1000,"height":1000,"caption":"Stor kraftig informationstand i trekant"},{"@type":"BreadcrumbList","@id":"https:\/\/www.gdirekt.se\/da\/produkt\/trekantsstander-med-tryk-xl\/#breadcrumb","itemListElement":[{"@type":"ListItem","position":1,"name":"Hem","item":"https:\/\/www.gdirekt.se\/da\/"},{"@type":"ListItem","position":2,"name":"Start","item":"https:\/\/www.gdirekt.se\/da\/"},{"@type":"ListItem","position":3,"name":"Trekantsstander med tryk XL"}]},{"@type":"WebSite","@id":"https:\/\/www.gdirekt.se\/#website","url":"https:\/\/www.gdirekt.se\/","name":"Gdirekt.se","description":"Tryck snabbt \u00e5 l\u00e4tt = Gdirekt","potentialAction":[{"@type":"SearchAction","target":{"@type":"EntryPoint","urlTemplate":"https:\/\/www.gdirekt.se\/?s={search_term_string}"},"query-input":{"@type":"PropertyValueSpecification","valueRequired":true,"valueName":"search_term_string"}}],"inLanguage":"da-DK"}]}},"_links":{"self":[{"href":"https:\/\/www.gdirekt.se\/da\/wp-json\/wp\/v2\/product\/9939","targetHints":{"allow":["GET"]}}],"collection":[{"href":"https:\/\/www.gdirekt.se\/da\/wp-json\/wp\/v2\/product"}],"about":[{"href":"https:\/\/www.gdirekt.se\/da\/wp-json\/wp\/v2\/types\/product"}],"wp:featuredmedia":[{"embeddable":true,"href":"https:\/\/www.gdirekt.se\/da\/wp-json\/wp\/v2\/media\/8814"}],"wp:attachment":[{"href":"https:\/\/www.gdirekt.se\/da\/wp-json\/wp\/v2\/media?parent=9939"}],"wp:term":[{"taxonomy":"product_brand","embeddable":true,"href":"https:\/\/www.gdirekt.se\/da\/wp-json\/wp\/v2\/product_brand?post=9939"},{"taxonomy":"product_cat","embeddable":true,"href":"https:\/\/www.gdirekt.se\/da\/wp-json\/wp\/v2\/product_cat?post=9939"},{"taxonomy":"product_tag","embeddable":true,"href":"https:\/\/www.gdirekt.se\/da\/wp-json\/wp\/v2\/product_tag?post=9939"}],"curies":[{"name":"wp","href":"https:\/\/api.w.org\/{rel}","templated":true}]}}