{"id":9933,"date":"2017-09-12T09:02:09","date_gmt":"2017-09-12T07:02:09","guid":{"rendered":"http:\/\/gdirekt.hamstage.hamrenmedia.se\/produkt\/trekantsstander-med-tryk\/"},"modified":"2019-01-16T15:58:55","modified_gmt":"2019-01-16T14:58:55","slug":"trekantsstander-med-tryk","status":"publish","type":"product","link":"https:\/\/www.gdirekt.se\/da\/produkt\/trekantsstander-med-tryk\/","title":{"rendered":"Trekantsstander med tryk"},"content":{"rendered":"<p><span lang=\"DA\">Trekantsstander med tryk er en effektiv reklames\u00f8jle, der ofte bruges som informationss\u00f8jle og interi\u00f8r. B\u00e5de i indk\u00f8bscentre og p\u00e5 messer samt i indgangspartier. Vi trykker disse trekantede displaystandere i vores digitale planmaskine i den bedste kvalitet, der findes. De farver, vi bruger p\u00e5 denne type minib\u00f8lgepap, er milj\u00f8venlige. Vi bruger den mest moderne UV-teknik, s\u00e5 trykkvaliteten bliver den bedste. Skarpe kanter p\u00e5 tekster og en rigtig god farvegengivelse p\u00e5 fotoene. Standerne er trykt p\u00e5 et plant kartonmateriale, der kaldes minib\u00f8lgepap. Displayene er forsynet med kraftigt dobbeltkl\u00e6bende tape, s\u00e5 man let kan s\u00e6tte disse trekanter med tryk op.<\/span><\/p>\n<p><span lang=\"DA\">Disse trykte trekantsstandere bruges som butiksreklamer og informationss\u00f8jler til events og messer. Fordelen ved disse trekantss\u00f8jler som displays er, at budskabet ses fra tre sider. De leveres flade. Derefter folder man dem ganske enkelt ud og s\u00e6tter dem sammen med en kraftig tape, der sidder fast indeni. Vi kan ogs\u00e5 producere andre trykte displays; se vores udvalgte modeller<span class=\"apple-converted-space\">\u00a0<\/span><\/span><span lang=\"DA\"><a href=\"https:\/\/www.gdirekt.se\/produkt-kategori\/reklamstall-och-butikdisplayer\/\"><b><i>her<\/i><\/b><\/a><\/span><span lang=\"DA\">!<\/span><\/p>\n<p><span lang=\"DA\">I kan v\u00e6lge mellem flere standardm\u00e5l p\u00e5 de trykte trekanter, og designskabeloner kan downloades til alle m\u00e5l.<\/span><\/p>\n<p><span lang=\"DA\">50 x 50 cm<\/span><\/p>\n<p><span lang=\"DA\">40 x 120 cm<\/span><\/p>\n<p><span lang=\"DA\">46 x 160 cm<\/span><\/p>\n<p><span lang=\"DA\">48 x 180 cm<\/span><\/p>\n<p><span lang=\"DA\">40 x 200 cm<\/span><\/p>\n<p><span lang=\"DA\">Og hvis I \u00f8nsker at bestille trekantsstandere i andre st\u00f8rrelser, er det ogs\u00e5 muligt. I kan k\u00f8be store, brede, smalle, h\u00f8je eller lave displays med tryk. Og er der behov for at tale med os, kan vores venlige medarbejdere kontaktes p\u00e5 telefonnummer +46 (0) 11-251515, og vi sidder i Norrk\u00f6ping. Hvis I bestiller trekantsstandere med tryk, sender vi med sporbar fragt til hele Danmark og ved behov ogs\u00e5 til andre lande i Europa.<\/span><\/p>\n","protected":false},"excerpt":{"rendered":"<p>Trekantsstander med tryk er en effektiv reklames\u00f8jle, der bruges som informationss\u00f8jle med reklame p\u00e5. Disse displays trykkes p\u00e5 minib\u00f8lgepap i karton. V\u00e6lg, hvilken st\u00f8rrelse der passer til netop dit budskab eller din information. Hvis I har andre \u00f8nsker, kan I kontakte os p\u00e5 +46 (0) 11-251515 eller info@gdirekt.se<\/p>\n","protected":false},"featured_media":8374,"template":"","meta":{"_acf_changed":false},"product_brand":[],"product_cat":[357],"product_tag":[],"class_list":{"0":"post-9933","1":"product","2":"type-product","3":"status-publish","4":"has-post-thumbnail","6":"product_cat-reklamstall-og-butikdisplayer","7":"product_shipping_class-690kr","9":"first","10":"instock","11":"taxable","12":"shipping-taxable","13":"purchasable","14":"product-type-variable","15":"has-default-attributes"},"exclude_global_add_ons":[],"addons":[],"acf":[],"yoast_head":"<!-- This site is optimized with the Yoast SEO plugin v27.2 - https:\/\/yoast.com\/product\/yoast-seo-wordpress\/ -->\n<title>Trekantsstander med tryk med trykt info og reklame | Gdirekt.se<\/title>\n<meta name=\"description\" content=\"Trekantsstander med tryk i karton, effektiv reklames\u00f8jle, der bruges som butiksstander. Kartonstandere kan v\u00e6re informationsstandere som display i en trekant.\" \/>\n<meta name=\"robots\" content=\"index, follow, max-snippet:-1, max-image-preview:large, max-video-preview:-1\" \/>\n<link rel=\"canonical\" href=\"https:\/\/www.gdirekt.se\/da\/produkt\/trekantsstander-med-tryk\/\" \/>\n<meta property=\"og:locale\" content=\"da_DK\" \/>\n<meta property=\"og:type\" content=\"article\" \/>\n<meta property=\"og:title\" content=\"Trekantsstander med tryk med trykt info og reklame | Gdirekt.se\" \/>\n<meta property=\"og:description\" content=\"Trekantsstander med tryk i karton, effektiv reklames\u00f8jle, der bruges som butiksstander. Kartonstandere kan v\u00e6re informationsstandere som display i en trekant.\" \/>\n<meta property=\"og:url\" content=\"https:\/\/www.gdirekt.se\/da\/produkt\/trekantsstander-med-tryk\/\" \/>\n<meta property=\"og:site_name\" content=\"Gdirekt.se\" \/>\n<meta property=\"article:modified_time\" content=\"2019-01-16T14:58:55+00:00\" \/>\n<meta property=\"og:image\" content=\"https:\/\/www.gdirekt.se\/wp-content\/uploads\/trekantstall.png\" \/>\n\t<meta property=\"og:image:width\" content=\"1000\" \/>\n\t<meta property=\"og:image:height\" content=\"1000\" \/>\n\t<meta property=\"og:image:type\" content=\"image\/png\" \/>\n<meta name=\"twitter:card\" content=\"summary_large_image\" \/>\n<meta name=\"twitter:label1\" content=\"Estimeret l\u00e6setid\" \/>\n\t<meta name=\"twitter:data1\" content=\"1 minut\" \/>\n<script type=\"application\/ld+json\" class=\"yoast-schema-graph\">{\"@context\":\"https:\/\/schema.org\",\"@graph\":[{\"@type\":\"WebPage\",\"@id\":\"https:\/\/www.gdirekt.se\/da\/produkt\/trekantsstander-med-tryk\/\",\"url\":\"https:\/\/www.gdirekt.se\/da\/produkt\/trekantsstander-med-tryk\/\",\"name\":\"Trekantsstander med tryk med trykt info og reklame | Gdirekt.se\",\"isPartOf\":{\"@id\":\"https:\/\/www.gdirekt.se\/#website\"},\"primaryImageOfPage\":{\"@id\":\"https:\/\/www.gdirekt.se\/da\/produkt\/trekantsstander-med-tryk\/#primaryimage\"},\"image\":{\"@id\":\"https:\/\/www.gdirekt.se\/da\/produkt\/trekantsstander-med-tryk\/#primaryimage\"},\"thumbnailUrl\":\"https:\/\/www.gdirekt.se\/wp-content\/uploads\/trekantstall.png\",\"datePublished\":\"2017-09-12T07:02:09+00:00\",\"dateModified\":\"2019-01-16T14:58:55+00:00\",\"description\":\"Trekantsstander med tryk i karton, effektiv reklames\u00f8jle, der bruges som butiksstander. Kartonstandere kan v\u00e6re informationsstandere som display i en trekant.\",\"breadcrumb\":{\"@id\":\"https:\/\/www.gdirekt.se\/da\/produkt\/trekantsstander-med-tryk\/#breadcrumb\"},\"inLanguage\":\"da-DK\",\"potentialAction\":[{\"@type\":\"ReadAction\",\"target\":[\"https:\/\/www.gdirekt.se\/da\/produkt\/trekantsstander-med-tryk\/\"]}]},{\"@type\":\"ImageObject\",\"inLanguage\":\"da-DK\",\"@id\":\"https:\/\/www.gdirekt.se\/da\/produkt\/trekantsstander-med-tryk\/#primaryimage\",\"url\":\"https:\/\/www.gdirekt.se\/wp-content\/uploads\/trekantstall.png\",\"contentUrl\":\"https:\/\/www.gdirekt.se\/wp-content\/uploads\/trekantstall.png\",\"width\":1000,\"height\":1000,\"caption\":\"Displayetst\u00e4ll i minibr\u00f8nd som en trekant\"},{\"@type\":\"BreadcrumbList\",\"@id\":\"https:\/\/www.gdirekt.se\/da\/produkt\/trekantsstander-med-tryk\/#breadcrumb\",\"itemListElement\":[{\"@type\":\"ListItem\",\"position\":1,\"name\":\"Hem\",\"item\":\"https:\/\/www.gdirekt.se\/da\/\"},{\"@type\":\"ListItem\",\"position\":2,\"name\":\"Start\",\"item\":\"https:\/\/www.gdirekt.se\/da\/\"},{\"@type\":\"ListItem\",\"position\":3,\"name\":\"Trekantsstander med tryk\"}]},{\"@type\":\"WebSite\",\"@id\":\"https:\/\/www.gdirekt.se\/#website\",\"url\":\"https:\/\/www.gdirekt.se\/\",\"name\":\"Gdirekt.se\",\"description\":\"Tryck snabbt \u00e5 l\u00e4tt = Gdirekt\",\"potentialAction\":[{\"@type\":\"SearchAction\",\"target\":{\"@type\":\"EntryPoint\",\"urlTemplate\":\"https:\/\/www.gdirekt.se\/?s={search_term_string}\"},\"query-input\":{\"@type\":\"PropertyValueSpecification\",\"valueRequired\":true,\"valueName\":\"search_term_string\"}}],\"inLanguage\":\"da-DK\"}]}<\/script>\n<!-- \/ Yoast SEO plugin. -->","yoast_head_json":{"title":"Trekantsstander med tryk med trykt info og reklame | Gdirekt.se","description":"Trekantsstander med tryk i karton, effektiv reklames\u00f8jle, der bruges som butiksstander. Kartonstandere kan v\u00e6re informationsstandere som display i en trekant.","robots":{"index":"index","follow":"follow","max-snippet":"max-snippet:-1","max-image-preview":"max-image-preview:large","max-video-preview":"max-video-preview:-1"},"canonical":"https:\/\/www.gdirekt.se\/da\/produkt\/trekantsstander-med-tryk\/","og_locale":"da_DK","og_type":"article","og_title":"Trekantsstander med tryk med trykt info og reklame | Gdirekt.se","og_description":"Trekantsstander med tryk i karton, effektiv reklames\u00f8jle, der bruges som butiksstander. Kartonstandere kan v\u00e6re informationsstandere som display i en trekant.","og_url":"https:\/\/www.gdirekt.se\/da\/produkt\/trekantsstander-med-tryk\/","og_site_name":"Gdirekt.se","article_modified_time":"2019-01-16T14:58:55+00:00","og_image":[{"width":1000,"height":1000,"url":"https:\/\/www.gdirekt.se\/wp-content\/uploads\/trekantstall.png","type":"image\/png"}],"twitter_card":"summary_large_image","twitter_misc":{"Estimeret l\u00e6setid":"1 minut"},"schema":{"@context":"https:\/\/schema.org","@graph":[{"@type":"WebPage","@id":"https:\/\/www.gdirekt.se\/da\/produkt\/trekantsstander-med-tryk\/","url":"https:\/\/www.gdirekt.se\/da\/produkt\/trekantsstander-med-tryk\/","name":"Trekantsstander med tryk med trykt info og reklame | Gdirekt.se","isPartOf":{"@id":"https:\/\/www.gdirekt.se\/#website"},"primaryImageOfPage":{"@id":"https:\/\/www.gdirekt.se\/da\/produkt\/trekantsstander-med-tryk\/#primaryimage"},"image":{"@id":"https:\/\/www.gdirekt.se\/da\/produkt\/trekantsstander-med-tryk\/#primaryimage"},"thumbnailUrl":"https:\/\/www.gdirekt.se\/wp-content\/uploads\/trekantstall.png","datePublished":"2017-09-12T07:02:09+00:00","dateModified":"2019-01-16T14:58:55+00:00","description":"Trekantsstander med tryk i karton, effektiv reklames\u00f8jle, der bruges som butiksstander. Kartonstandere kan v\u00e6re informationsstandere som display i en trekant.","breadcrumb":{"@id":"https:\/\/www.gdirekt.se\/da\/produkt\/trekantsstander-med-tryk\/#breadcrumb"},"inLanguage":"da-DK","potentialAction":[{"@type":"ReadAction","target":["https:\/\/www.gdirekt.se\/da\/produkt\/trekantsstander-med-tryk\/"]}]},{"@type":"ImageObject","inLanguage":"da-DK","@id":"https:\/\/www.gdirekt.se\/da\/produkt\/trekantsstander-med-tryk\/#primaryimage","url":"https:\/\/www.gdirekt.se\/wp-content\/uploads\/trekantstall.png","contentUrl":"https:\/\/www.gdirekt.se\/wp-content\/uploads\/trekantstall.png","width":1000,"height":1000,"caption":"Displayetst\u00e4ll i minibr\u00f8nd som en trekant"},{"@type":"BreadcrumbList","@id":"https:\/\/www.gdirekt.se\/da\/produkt\/trekantsstander-med-tryk\/#breadcrumb","itemListElement":[{"@type":"ListItem","position":1,"name":"Hem","item":"https:\/\/www.gdirekt.se\/da\/"},{"@type":"ListItem","position":2,"name":"Start","item":"https:\/\/www.gdirekt.se\/da\/"},{"@type":"ListItem","position":3,"name":"Trekantsstander med tryk"}]},{"@type":"WebSite","@id":"https:\/\/www.gdirekt.se\/#website","url":"https:\/\/www.gdirekt.se\/","name":"Gdirekt.se","description":"Tryck snabbt \u00e5 l\u00e4tt = Gdirekt","potentialAction":[{"@type":"SearchAction","target":{"@type":"EntryPoint","urlTemplate":"https:\/\/www.gdirekt.se\/?s={search_term_string}"},"query-input":{"@type":"PropertyValueSpecification","valueRequired":true,"valueName":"search_term_string"}}],"inLanguage":"da-DK"}]}},"_links":{"self":[{"href":"https:\/\/www.gdirekt.se\/da\/wp-json\/wp\/v2\/product\/9933","targetHints":{"allow":["GET"]}}],"collection":[{"href":"https:\/\/www.gdirekt.se\/da\/wp-json\/wp\/v2\/product"}],"about":[{"href":"https:\/\/www.gdirekt.se\/da\/wp-json\/wp\/v2\/types\/product"}],"wp:featuredmedia":[{"embeddable":true,"href":"https:\/\/www.gdirekt.se\/da\/wp-json\/wp\/v2\/media\/8374"}],"wp:attachment":[{"href":"https:\/\/www.gdirekt.se\/da\/wp-json\/wp\/v2\/media?parent=9933"}],"wp:term":[{"taxonomy":"product_brand","embeddable":true,"href":"https:\/\/www.gdirekt.se\/da\/wp-json\/wp\/v2\/product_brand?post=9933"},{"taxonomy":"product_cat","embeddable":true,"href":"https:\/\/www.gdirekt.se\/da\/wp-json\/wp\/v2\/product_cat?post=9933"},{"taxonomy":"product_tag","embeddable":true,"href":"https:\/\/www.gdirekt.se\/da\/wp-json\/wp\/v2\/product_tag?post=9933"}],"curies":[{"name":"wp","href":"https:\/\/api.w.org\/{rel}","templated":true}]}}