{"id":9929,"date":"2017-05-11T11:11:10","date_gmt":"2017-05-11T09:11:10","guid":{"rendered":"http:\/\/gdirekt.hamstage.hamrenmedia.se\/produkt\/skiltefod-pressto\/"},"modified":"2018-11-12T13:56:23","modified_gmt":"2018-11-12T12:56:23","slug":"skiltefod-pressto","status":"publish","type":"product","link":"https:\/\/www.gdirekt.se\/da\/produkt\/skiltefod-pressto\/","title":{"rendered":"Skiltefod Pressto"},"content":{"rendered":"<p><span lang=\"DA\">Skiltefod Pressto er en skilteholder til plader og plantrykte reklames\u00f8jler.\u00a0Passer til alle slags pladematerialer med en tykkelse fra 1-25 mm. Skilteholderen eller pladeholderen fungerer meget enkelt. Man klemmer ganske enkelt den trykte plade ned og skruer den derefter fast p\u00e5 undersiden, og dette kr\u00e6ver ikke brug af v\u00e6rkt\u00f8j.\u00a0<strong>M\u00e5lene p\u00e5 skilteholderen er 41 cm bred, 38 cm dyb og 14 cm h\u00f8j.<\/strong>\u00a0Pladernes anbefalede maksimumsv\u00e6gt er 10\u00a0kg, og det kan v\u00e6re skumplader, Stadur-plader, tr\u00e6plader, Dibond-plader og plastplader. Man kan ogs\u00e5 figursk\u00e6re de trykte plader, som er nemme at fastg\u00f8re, n\u00e5r skiltefoden er bestilt.<span class=\"apple-converted-space\">\u00a0<\/span><\/span><span lang=\"DA\"><a href=\"https:\/\/www.gdirekt.se\/produkt-kategori\/skyltar\/\">Se, hvilke pladematerialer der kan bestilles, her!<\/a><\/span><\/p>\n<p><span lang=\"DA\">Eksempler p\u00e5 anvendelsesomr\u00e5der er butiksreklame, reklames\u00f8jler, informationskilte, udsalgsskilte og vejvisere. Dette skiltesystem er ogs\u00e5 velegnet til brug p\u00e5 messer, stadioner, i butikker, i gallerier, i butikscentre, hos bilforhandlere, i supermarkeder og alle former for offentlige steder. F\u00f8lg os p\u00e5<span class=\"apple-converted-space\">\u00a0<\/span><\/span><span lang=\"DA\"><a href=\"https:\/\/www.instagram.com\/gigantprint\/\"><i>Instagram for at f\u00e5 nyheder og inspiration<\/i><\/a><\/span><span lang=\"DA\">!<\/span><\/p>\n","protected":false},"excerpt":{"rendered":"<p>Skiltefod Pressto er en skilteholder til plader og plantrykte budskaber.Passer til h\u00e5rde plader i tykkelser p\u00e5 mellem\u00a01-25 mm. Det trykte billede klemmes ganske enkelt ned i den flotte skilteholder. F\u00e5s i flere bredder og har sorte sider.<\/p>\n","protected":false},"featured_media":8728,"template":"","meta":{"_acf_changed":false},"product_brand":[],"product_cat":[357,379],"product_tag":[],"class_list":{"0":"post-9929","1":"product","2":"type-product","3":"status-publish","4":"has-post-thumbnail","6":"product_cat-reklamstall-og-butikdisplayer","7":"product_cat-skilte-tilbehoer","8":"product_shipping_class-180sek","10":"first","11":"instock","12":"taxable","13":"shipping-taxable","14":"purchasable","15":"product-type-variable","16":"has-default-attributes"},"exclude_global_add_ons":[],"addons":[],"acf":[],"yoast_head":"<!-- This site is optimized with the Yoast SEO plugin v27.2 - https:\/\/yoast.com\/product\/yoast-seo-wordpress\/ -->\n<title>Skiltefod Pressto en designet pladeholder til arkmateriale med tryk. | Gdirekt.se<\/title>\n<meta name=\"description\" content=\"Skiltefod Pressto er en skilteholder til plader og plantrykte reklames\u00f8jler. Bestil pladeholdere til butikken som f.eks. til udsalgsskilte eller informationsskilte.\" \/>\n<meta name=\"robots\" content=\"index, follow, max-snippet:-1, max-image-preview:large, max-video-preview:-1\" \/>\n<link rel=\"canonical\" href=\"https:\/\/www.gdirekt.se\/da\/produkt\/skiltefod-pressto\/\" \/>\n<meta property=\"og:locale\" content=\"da_DK\" \/>\n<meta property=\"og:type\" content=\"article\" \/>\n<meta property=\"og:title\" content=\"Skiltefod Pressto en designet pladeholder til arkmateriale med tryk. | Gdirekt.se\" \/>\n<meta property=\"og:description\" content=\"Skiltefod Pressto er en skilteholder til plader og plantrykte reklames\u00f8jler. Bestil pladeholdere til butikken som f.eks. til udsalgsskilte eller informationsskilte.\" \/>\n<meta property=\"og:url\" content=\"https:\/\/www.gdirekt.se\/da\/produkt\/skiltefod-pressto\/\" \/>\n<meta property=\"og:site_name\" content=\"Gdirekt.se\" \/>\n<meta property=\"article:modified_time\" content=\"2018-11-12T12:56:23+00:00\" \/>\n<meta property=\"og:image\" content=\"https:\/\/www.gdirekt.se\/wp-content\/uploads\/skyltfot_pressto.png\" \/>\n\t<meta property=\"og:image:width\" content=\"1000\" \/>\n\t<meta property=\"og:image:height\" content=\"1000\" \/>\n\t<meta property=\"og:image:type\" content=\"image\/png\" \/>\n<meta name=\"twitter:card\" content=\"summary_large_image\" \/>\n<meta name=\"twitter:label1\" content=\"Estimeret l\u00e6setid\" \/>\n\t<meta name=\"twitter:data1\" content=\"1 minut\" \/>\n<script type=\"application\/ld+json\" class=\"yoast-schema-graph\">{\"@context\":\"https:\/\/schema.org\",\"@graph\":[{\"@type\":\"WebPage\",\"@id\":\"https:\/\/www.gdirekt.se\/da\/produkt\/skiltefod-pressto\/\",\"url\":\"https:\/\/www.gdirekt.se\/da\/produkt\/skiltefod-pressto\/\",\"name\":\"Skiltefod Pressto en designet pladeholder til arkmateriale med tryk. | Gdirekt.se\",\"isPartOf\":{\"@id\":\"https:\/\/www.gdirekt.se\/#website\"},\"primaryImageOfPage\":{\"@id\":\"https:\/\/www.gdirekt.se\/da\/produkt\/skiltefod-pressto\/#primaryimage\"},\"image\":{\"@id\":\"https:\/\/www.gdirekt.se\/da\/produkt\/skiltefod-pressto\/#primaryimage\"},\"thumbnailUrl\":\"https:\/\/www.gdirekt.se\/wp-content\/uploads\/skyltfot_pressto.png\",\"datePublished\":\"2017-05-11T09:11:10+00:00\",\"dateModified\":\"2018-11-12T12:56:23+00:00\",\"description\":\"Skiltefod Pressto er en skilteholder til plader og plantrykte reklames\u00f8jler. Bestil pladeholdere til butikken som f.eks. til udsalgsskilte eller informationsskilte.\",\"breadcrumb\":{\"@id\":\"https:\/\/www.gdirekt.se\/da\/produkt\/skiltefod-pressto\/#breadcrumb\"},\"inLanguage\":\"da-DK\",\"potentialAction\":[{\"@type\":\"ReadAction\",\"target\":[\"https:\/\/www.gdirekt.se\/da\/produkt\/skiltefod-pressto\/\"]}]},{\"@type\":\"ImageObject\",\"inLanguage\":\"da-DK\",\"@id\":\"https:\/\/www.gdirekt.se\/da\/produkt\/skiltefod-pressto\/#primaryimage\",\"url\":\"https:\/\/www.gdirekt.se\/wp-content\/uploads\/skyltfot_pressto.png\",\"contentUrl\":\"https:\/\/www.gdirekt.se\/wp-content\/uploads\/skyltfot_pressto.png\",\"width\":1000,\"height\":1000,\"caption\":\"Smart signagesystem til plader\"},{\"@type\":\"BreadcrumbList\",\"@id\":\"https:\/\/www.gdirekt.se\/da\/produkt\/skiltefod-pressto\/#breadcrumb\",\"itemListElement\":[{\"@type\":\"ListItem\",\"position\":1,\"name\":\"Hem\",\"item\":\"https:\/\/www.gdirekt.se\/da\/\"},{\"@type\":\"ListItem\",\"position\":2,\"name\":\"Start\",\"item\":\"https:\/\/www.gdirekt.se\/da\/\"},{\"@type\":\"ListItem\",\"position\":3,\"name\":\"Skiltefod Pressto\"}]},{\"@type\":\"WebSite\",\"@id\":\"https:\/\/www.gdirekt.se\/#website\",\"url\":\"https:\/\/www.gdirekt.se\/\",\"name\":\"Gdirekt.se\",\"description\":\"Tryck snabbt \u00e5 l\u00e4tt = Gdirekt\",\"potentialAction\":[{\"@type\":\"SearchAction\",\"target\":{\"@type\":\"EntryPoint\",\"urlTemplate\":\"https:\/\/www.gdirekt.se\/?s={search_term_string}\"},\"query-input\":{\"@type\":\"PropertyValueSpecification\",\"valueRequired\":true,\"valueName\":\"search_term_string\"}}],\"inLanguage\":\"da-DK\"}]}<\/script>\n<!-- \/ Yoast SEO plugin. -->","yoast_head_json":{"title":"Skiltefod Pressto en designet pladeholder til arkmateriale med tryk. | Gdirekt.se","description":"Skiltefod Pressto er en skilteholder til plader og plantrykte reklames\u00f8jler. Bestil pladeholdere til butikken som f.eks. til udsalgsskilte eller informationsskilte.","robots":{"index":"index","follow":"follow","max-snippet":"max-snippet:-1","max-image-preview":"max-image-preview:large","max-video-preview":"max-video-preview:-1"},"canonical":"https:\/\/www.gdirekt.se\/da\/produkt\/skiltefod-pressto\/","og_locale":"da_DK","og_type":"article","og_title":"Skiltefod Pressto en designet pladeholder til arkmateriale med tryk. | Gdirekt.se","og_description":"Skiltefod Pressto er en skilteholder til plader og plantrykte reklames\u00f8jler. Bestil pladeholdere til butikken som f.eks. til udsalgsskilte eller informationsskilte.","og_url":"https:\/\/www.gdirekt.se\/da\/produkt\/skiltefod-pressto\/","og_site_name":"Gdirekt.se","article_modified_time":"2018-11-12T12:56:23+00:00","og_image":[{"width":1000,"height":1000,"url":"https:\/\/www.gdirekt.se\/wp-content\/uploads\/skyltfot_pressto.png","type":"image\/png"}],"twitter_card":"summary_large_image","twitter_misc":{"Estimeret l\u00e6setid":"1 minut"},"schema":{"@context":"https:\/\/schema.org","@graph":[{"@type":"WebPage","@id":"https:\/\/www.gdirekt.se\/da\/produkt\/skiltefod-pressto\/","url":"https:\/\/www.gdirekt.se\/da\/produkt\/skiltefod-pressto\/","name":"Skiltefod Pressto en designet pladeholder til arkmateriale med tryk. | Gdirekt.se","isPartOf":{"@id":"https:\/\/www.gdirekt.se\/#website"},"primaryImageOfPage":{"@id":"https:\/\/www.gdirekt.se\/da\/produkt\/skiltefod-pressto\/#primaryimage"},"image":{"@id":"https:\/\/www.gdirekt.se\/da\/produkt\/skiltefod-pressto\/#primaryimage"},"thumbnailUrl":"https:\/\/www.gdirekt.se\/wp-content\/uploads\/skyltfot_pressto.png","datePublished":"2017-05-11T09:11:10+00:00","dateModified":"2018-11-12T12:56:23+00:00","description":"Skiltefod Pressto er en skilteholder til plader og plantrykte reklames\u00f8jler. Bestil pladeholdere til butikken som f.eks. til udsalgsskilte eller informationsskilte.","breadcrumb":{"@id":"https:\/\/www.gdirekt.se\/da\/produkt\/skiltefod-pressto\/#breadcrumb"},"inLanguage":"da-DK","potentialAction":[{"@type":"ReadAction","target":["https:\/\/www.gdirekt.se\/da\/produkt\/skiltefod-pressto\/"]}]},{"@type":"ImageObject","inLanguage":"da-DK","@id":"https:\/\/www.gdirekt.se\/da\/produkt\/skiltefod-pressto\/#primaryimage","url":"https:\/\/www.gdirekt.se\/wp-content\/uploads\/skyltfot_pressto.png","contentUrl":"https:\/\/www.gdirekt.se\/wp-content\/uploads\/skyltfot_pressto.png","width":1000,"height":1000,"caption":"Smart signagesystem til plader"},{"@type":"BreadcrumbList","@id":"https:\/\/www.gdirekt.se\/da\/produkt\/skiltefod-pressto\/#breadcrumb","itemListElement":[{"@type":"ListItem","position":1,"name":"Hem","item":"https:\/\/www.gdirekt.se\/da\/"},{"@type":"ListItem","position":2,"name":"Start","item":"https:\/\/www.gdirekt.se\/da\/"},{"@type":"ListItem","position":3,"name":"Skiltefod Pressto"}]},{"@type":"WebSite","@id":"https:\/\/www.gdirekt.se\/#website","url":"https:\/\/www.gdirekt.se\/","name":"Gdirekt.se","description":"Tryck snabbt \u00e5 l\u00e4tt = Gdirekt","potentialAction":[{"@type":"SearchAction","target":{"@type":"EntryPoint","urlTemplate":"https:\/\/www.gdirekt.se\/?s={search_term_string}"},"query-input":{"@type":"PropertyValueSpecification","valueRequired":true,"valueName":"search_term_string"}}],"inLanguage":"da-DK"}]}},"_links":{"self":[{"href":"https:\/\/www.gdirekt.se\/da\/wp-json\/wp\/v2\/product\/9929","targetHints":{"allow":["GET"]}}],"collection":[{"href":"https:\/\/www.gdirekt.se\/da\/wp-json\/wp\/v2\/product"}],"about":[{"href":"https:\/\/www.gdirekt.se\/da\/wp-json\/wp\/v2\/types\/product"}],"wp:featuredmedia":[{"embeddable":true,"href":"https:\/\/www.gdirekt.se\/da\/wp-json\/wp\/v2\/media\/8728"}],"wp:attachment":[{"href":"https:\/\/www.gdirekt.se\/da\/wp-json\/wp\/v2\/media?parent=9929"}],"wp:term":[{"taxonomy":"product_brand","embeddable":true,"href":"https:\/\/www.gdirekt.se\/da\/wp-json\/wp\/v2\/product_brand?post=9929"},{"taxonomy":"product_cat","embeddable":true,"href":"https:\/\/www.gdirekt.se\/da\/wp-json\/wp\/v2\/product_cat?post=9929"},{"taxonomy":"product_tag","embeddable":true,"href":"https:\/\/www.gdirekt.se\/da\/wp-json\/wp\/v2\/product_tag?post=9929"}],"curies":[{"name":"wp","href":"https:\/\/api.w.org\/{rel}","templated":true}]}}