{"id":9914,"date":"2016-12-30T15:59:45","date_gmt":"2016-12-30T14:59:45","guid":{"rendered":"http:\/\/gdirekt.hamstage.hamrenmedia.se\/produkt\/rundt-kartondisplayskilt\/"},"modified":"2019-01-16T15:59:24","modified_gmt":"2019-01-16T14:59:24","slug":"rundt-kartondisplayskilt","status":"publish","type":"product","link":"https:\/\/www.gdirekt.se\/da\/produkt\/rundt-kartondisplayskilt\/","title":{"rendered":"Rundt kartondisplayskilt"},"content":{"rendered":"<p><span lang=\"DA\">Rundt kartondisplayskilt trykkes p\u00e5 begge sider p\u00e5 karton med en tykkelse p\u00e5 800 g. Mange kalder disse reklameskilte for h\u00e6ngende ellipser eller rondeller, som man fastg\u00f8r i loftet med fjederkroge. Disse skilte i karton trykkes med milj\u00f8venlig farve, og trykteknikken er den mest moderne, der findes. Vi planprinter direkte p\u00e5 kartonet med meget hurtige maskiner i vores trykkeri, som for \u00f8vrigt k\u00f8rer i d\u00f8gndrift. Vi leverer vores tryksager til alle storbyer som f.eks. Stockholm, G\u00f6teborg og Malm\u00f6 samt naturligvis ogs\u00e5 alle andre byer. Vi bruger altid sporbar fragt med PostNord, og det er vores oplevelse, at det fungerer godt.<\/span><\/p>\n<p><span lang=\"DA\">Skal I bruge andre st\u00f8rrelser af kartontrykket, sender vi et tilbud. Disse st\u00f8rrelser er standard, men vi er leveringsdygtige i meget andet. Plantryk digitalt er mere effektivt end screentryk, og vi har b\u00e5de sk\u00e6reborde og stanser, s\u00e5 vi kan lave trykte skilte i former. Her kan I se vores andre<span class=\"apple-converted-space\">\u00a0<\/span><\/span><span lang=\"DA\"><a href=\"https:\/\/www.gdirekt.se\/produkt-kategori\/skyltar\/\"><b><i>materialer til skilte<\/i><\/b><\/a><\/span><span lang=\"DA\">. Man kan bestille trykte reklamebudskaber p\u00e5 alle mulige materialer, og vi kan foresl\u00e5 alternativer for at skabe det helt rigtige design.<span class=\"apple-converted-space\">\u00a0<\/span><\/span><span lang=\"DA\"><a href=\"https:\/\/www.instagram.com\/gigantprint\/\"><b><i>F\u00f8lg os p\u00e5\u00a0Instagram<\/i><\/b><\/a><\/span><span lang=\"DA\">for at se, hvad vi kan lave.<\/span><\/p>\n<p><span lang=\"DA\">Kvaliteten af det trykte karton er den h\u00f8jeste, da vi har nye maskiner, der anvender UV-teknik, som giver en god farvegengivelse og skarphed. Det er ogs\u00e5 muligt at trykke sm\u00e5 tekster p\u00e5 fotos i alle farver. Fordelen ved at printe runde kartondisplayskilte hos os p\u00e5 Gdirekt er, at I b\u00e5de kan bestille nogle f\u00e5 eller et enkelt. Og store oplag p\u00e5 flere hundrede eller tusinde styk er muligt i vores produktion.<\/span><\/p>\n<p><span lang=\"DA\">Som sagt: Hvis I har brug for at k\u00f8be tryksager, er vi klar og har \u00e5bent d\u00f8gnet rundt.<\/span><\/p>\n","protected":false},"excerpt":{"rendered":"<p>Rundt kartondisplayskilt til brug som reklameskilt, prisskilt og udsalgsskilt. Bestil dem med huller, og h\u00e6ng dem op som elipseformede rondeller med fjederkrog. Butiksskilte til den rigtige pris. Disse har tryk p\u00e5 begge sider. Hvis I skal bruge andre st\u00f8rrelser og antal, skal I blot sende en e-mail til\u00a0<strong><em>info@gdirekt.se<\/em><\/strong><\/p>\n","protected":false},"featured_media":8400,"template":"","meta":{"_acf_changed":false},"product_brand":[],"product_cat":[357,378],"product_tag":[],"class_list":{"0":"post-9914","1":"product","2":"type-product","3":"status-publish","4":"has-post-thumbnail","6":"product_cat-reklamstall-og-butikdisplayer","7":"product_cat-skilte","9":"first","10":"instock","11":"taxable","12":"shipping-taxable","13":"purchasable","14":"product-type-variable","15":"has-default-attributes"},"exclude_global_add_ons":[],"addons":[],"acf":[],"yoast_head":"<!-- This site is optimized with the Yoast SEO plugin v27.2 - https:\/\/yoast.com\/product\/yoast-seo-wordpress\/ -->\n<title>Rundt kartondisplayskilt trykt, bestil nu | Gdirekt.se<\/title>\n<meta name=\"description\" content=\"Rundt kartondisplayskilt til brug som reklameskilt, prisskilt og udsalgsskilt. Bestil dem med huller, og h\u00e6ng dem op som elipseformede rondeller med fjederkrog. Butiksskilte til rimelige priser.\" \/>\n<meta name=\"robots\" content=\"index, follow, max-snippet:-1, max-image-preview:large, max-video-preview:-1\" \/>\n<link rel=\"canonical\" href=\"https:\/\/www.gdirekt.se\/da\/produkt\/rundt-kartondisplayskilt\/\" \/>\n<meta property=\"og:locale\" content=\"da_DK\" \/>\n<meta property=\"og:type\" content=\"article\" \/>\n<meta property=\"og:title\" content=\"Rundt kartondisplayskilt trykt, bestil nu | Gdirekt.se\" \/>\n<meta property=\"og:description\" content=\"Rundt kartondisplayskilt til brug som reklameskilt, prisskilt og udsalgsskilt. Bestil dem med huller, og h\u00e6ng dem op som elipseformede rondeller med fjederkrog. Butiksskilte til rimelige priser.\" \/>\n<meta property=\"og:url\" content=\"https:\/\/www.gdirekt.se\/da\/produkt\/rundt-kartondisplayskilt\/\" \/>\n<meta property=\"og:site_name\" content=\"Gdirekt.se\" \/>\n<meta property=\"article:modified_time\" content=\"2019-01-16T14:59:24+00:00\" \/>\n<meta property=\"og:image\" content=\"https:\/\/www.gdirekt.se\/wp-content\/uploads\/rund_kartongskylt.png\" \/>\n\t<meta property=\"og:image:width\" content=\"1000\" \/>\n\t<meta property=\"og:image:height\" content=\"1000\" \/>\n\t<meta property=\"og:image:type\" content=\"image\/png\" \/>\n<meta name=\"twitter:card\" content=\"summary_large_image\" \/>\n<meta name=\"twitter:label1\" content=\"Estimeret l\u00e6setid\" \/>\n\t<meta name=\"twitter:data1\" content=\"1 minut\" \/>\n<script type=\"application\/ld+json\" class=\"yoast-schema-graph\">{\"@context\":\"https:\/\/schema.org\",\"@graph\":[{\"@type\":\"WebPage\",\"@id\":\"https:\/\/www.gdirekt.se\/da\/produkt\/rundt-kartondisplayskilt\/\",\"url\":\"https:\/\/www.gdirekt.se\/da\/produkt\/rundt-kartondisplayskilt\/\",\"name\":\"Rundt kartondisplayskilt trykt, bestil nu | Gdirekt.se\",\"isPartOf\":{\"@id\":\"https:\/\/www.gdirekt.se\/#website\"},\"primaryImageOfPage\":{\"@id\":\"https:\/\/www.gdirekt.se\/da\/produkt\/rundt-kartondisplayskilt\/#primaryimage\"},\"image\":{\"@id\":\"https:\/\/www.gdirekt.se\/da\/produkt\/rundt-kartondisplayskilt\/#primaryimage\"},\"thumbnailUrl\":\"https:\/\/www.gdirekt.se\/wp-content\/uploads\/rund_kartongskylt.png\",\"datePublished\":\"2016-12-30T14:59:45+00:00\",\"dateModified\":\"2019-01-16T14:59:24+00:00\",\"description\":\"Rundt kartondisplayskilt til brug som reklameskilt, prisskilt og udsalgsskilt. Bestil dem med huller, og h\u00e6ng dem op som elipseformede rondeller med fjederkrog. Butiksskilte til rimelige priser.\",\"breadcrumb\":{\"@id\":\"https:\/\/www.gdirekt.se\/da\/produkt\/rundt-kartondisplayskilt\/#breadcrumb\"},\"inLanguage\":\"da-DK\",\"potentialAction\":[{\"@type\":\"ReadAction\",\"target\":[\"https:\/\/www.gdirekt.se\/da\/produkt\/rundt-kartondisplayskilt\/\"]}]},{\"@type\":\"ImageObject\",\"inLanguage\":\"da-DK\",\"@id\":\"https:\/\/www.gdirekt.se\/da\/produkt\/rundt-kartondisplayskilt\/#primaryimage\",\"url\":\"https:\/\/www.gdirekt.se\/wp-content\/uploads\/rund_kartongskylt.png\",\"contentUrl\":\"https:\/\/www.gdirekt.se\/wp-content\/uploads\/rund_kartongskylt.png\",\"width\":1000,\"height\":1000,\"caption\":\"Rundt displayskilt med trykt tekst og billede\"},{\"@type\":\"BreadcrumbList\",\"@id\":\"https:\/\/www.gdirekt.se\/da\/produkt\/rundt-kartondisplayskilt\/#breadcrumb\",\"itemListElement\":[{\"@type\":\"ListItem\",\"position\":1,\"name\":\"Hem\",\"item\":\"https:\/\/www.gdirekt.se\/da\/\"},{\"@type\":\"ListItem\",\"position\":2,\"name\":\"Start\",\"item\":\"https:\/\/www.gdirekt.se\/da\/\"},{\"@type\":\"ListItem\",\"position\":3,\"name\":\"Rundt kartondisplayskilt\"}]},{\"@type\":\"WebSite\",\"@id\":\"https:\/\/www.gdirekt.se\/#website\",\"url\":\"https:\/\/www.gdirekt.se\/\",\"name\":\"Gdirekt.se\",\"description\":\"Tryck snabbt \u00e5 l\u00e4tt = Gdirekt\",\"potentialAction\":[{\"@type\":\"SearchAction\",\"target\":{\"@type\":\"EntryPoint\",\"urlTemplate\":\"https:\/\/www.gdirekt.se\/?s={search_term_string}\"},\"query-input\":{\"@type\":\"PropertyValueSpecification\",\"valueRequired\":true,\"valueName\":\"search_term_string\"}}],\"inLanguage\":\"da-DK\"}]}<\/script>\n<!-- \/ Yoast SEO plugin. -->","yoast_head_json":{"title":"Rundt kartondisplayskilt trykt, bestil nu | Gdirekt.se","description":"Rundt kartondisplayskilt til brug som reklameskilt, prisskilt og udsalgsskilt. Bestil dem med huller, og h\u00e6ng dem op som elipseformede rondeller med fjederkrog. Butiksskilte til rimelige priser.","robots":{"index":"index","follow":"follow","max-snippet":"max-snippet:-1","max-image-preview":"max-image-preview:large","max-video-preview":"max-video-preview:-1"},"canonical":"https:\/\/www.gdirekt.se\/da\/produkt\/rundt-kartondisplayskilt\/","og_locale":"da_DK","og_type":"article","og_title":"Rundt kartondisplayskilt trykt, bestil nu | Gdirekt.se","og_description":"Rundt kartondisplayskilt til brug som reklameskilt, prisskilt og udsalgsskilt. Bestil dem med huller, og h\u00e6ng dem op som elipseformede rondeller med fjederkrog. Butiksskilte til rimelige priser.","og_url":"https:\/\/www.gdirekt.se\/da\/produkt\/rundt-kartondisplayskilt\/","og_site_name":"Gdirekt.se","article_modified_time":"2019-01-16T14:59:24+00:00","og_image":[{"width":1000,"height":1000,"url":"https:\/\/www.gdirekt.se\/wp-content\/uploads\/rund_kartongskylt.png","type":"image\/png"}],"twitter_card":"summary_large_image","twitter_misc":{"Estimeret l\u00e6setid":"1 minut"},"schema":{"@context":"https:\/\/schema.org","@graph":[{"@type":"WebPage","@id":"https:\/\/www.gdirekt.se\/da\/produkt\/rundt-kartondisplayskilt\/","url":"https:\/\/www.gdirekt.se\/da\/produkt\/rundt-kartondisplayskilt\/","name":"Rundt kartondisplayskilt trykt, bestil nu | Gdirekt.se","isPartOf":{"@id":"https:\/\/www.gdirekt.se\/#website"},"primaryImageOfPage":{"@id":"https:\/\/www.gdirekt.se\/da\/produkt\/rundt-kartondisplayskilt\/#primaryimage"},"image":{"@id":"https:\/\/www.gdirekt.se\/da\/produkt\/rundt-kartondisplayskilt\/#primaryimage"},"thumbnailUrl":"https:\/\/www.gdirekt.se\/wp-content\/uploads\/rund_kartongskylt.png","datePublished":"2016-12-30T14:59:45+00:00","dateModified":"2019-01-16T14:59:24+00:00","description":"Rundt kartondisplayskilt til brug som reklameskilt, prisskilt og udsalgsskilt. Bestil dem med huller, og h\u00e6ng dem op som elipseformede rondeller med fjederkrog. Butiksskilte til rimelige priser.","breadcrumb":{"@id":"https:\/\/www.gdirekt.se\/da\/produkt\/rundt-kartondisplayskilt\/#breadcrumb"},"inLanguage":"da-DK","potentialAction":[{"@type":"ReadAction","target":["https:\/\/www.gdirekt.se\/da\/produkt\/rundt-kartondisplayskilt\/"]}]},{"@type":"ImageObject","inLanguage":"da-DK","@id":"https:\/\/www.gdirekt.se\/da\/produkt\/rundt-kartondisplayskilt\/#primaryimage","url":"https:\/\/www.gdirekt.se\/wp-content\/uploads\/rund_kartongskylt.png","contentUrl":"https:\/\/www.gdirekt.se\/wp-content\/uploads\/rund_kartongskylt.png","width":1000,"height":1000,"caption":"Rundt displayskilt med trykt tekst og billede"},{"@type":"BreadcrumbList","@id":"https:\/\/www.gdirekt.se\/da\/produkt\/rundt-kartondisplayskilt\/#breadcrumb","itemListElement":[{"@type":"ListItem","position":1,"name":"Hem","item":"https:\/\/www.gdirekt.se\/da\/"},{"@type":"ListItem","position":2,"name":"Start","item":"https:\/\/www.gdirekt.se\/da\/"},{"@type":"ListItem","position":3,"name":"Rundt kartondisplayskilt"}]},{"@type":"WebSite","@id":"https:\/\/www.gdirekt.se\/#website","url":"https:\/\/www.gdirekt.se\/","name":"Gdirekt.se","description":"Tryck snabbt \u00e5 l\u00e4tt = Gdirekt","potentialAction":[{"@type":"SearchAction","target":{"@type":"EntryPoint","urlTemplate":"https:\/\/www.gdirekt.se\/?s={search_term_string}"},"query-input":{"@type":"PropertyValueSpecification","valueRequired":true,"valueName":"search_term_string"}}],"inLanguage":"da-DK"}]}},"_links":{"self":[{"href":"https:\/\/www.gdirekt.se\/da\/wp-json\/wp\/v2\/product\/9914","targetHints":{"allow":["GET"]}}],"collection":[{"href":"https:\/\/www.gdirekt.se\/da\/wp-json\/wp\/v2\/product"}],"about":[{"href":"https:\/\/www.gdirekt.se\/da\/wp-json\/wp\/v2\/types\/product"}],"wp:featuredmedia":[{"embeddable":true,"href":"https:\/\/www.gdirekt.se\/da\/wp-json\/wp\/v2\/media\/8400"}],"wp:attachment":[{"href":"https:\/\/www.gdirekt.se\/da\/wp-json\/wp\/v2\/media?parent=9914"}],"wp:term":[{"taxonomy":"product_brand","embeddable":true,"href":"https:\/\/www.gdirekt.se\/da\/wp-json\/wp\/v2\/product_brand?post=9914"},{"taxonomy":"product_cat","embeddable":true,"href":"https:\/\/www.gdirekt.se\/da\/wp-json\/wp\/v2\/product_cat?post=9914"},{"taxonomy":"product_tag","embeddable":true,"href":"https:\/\/www.gdirekt.se\/da\/wp-json\/wp\/v2\/product_tag?post=9914"}],"curies":[{"name":"wp","href":"https:\/\/api.w.org\/{rel}","templated":true}]}}