{"id":9911,"date":"2017-02-08T16:28:52","date_gmt":"2017-02-08T15:28:52","guid":{"rendered":"http:\/\/gdirekt.hamstage.hamrenmedia.se\/produkt\/rullebolgepap\/"},"modified":"2020-02-13T16:04:36","modified_gmt":"2020-02-13T15:04:36","slug":"pallesvob","status":"publish","type":"product","link":"https:\/\/www.gdirekt.se\/da\/produkt\/pallesvob\/","title":{"rendered":"Pallesv\u00f8b"},"content":{"rendered":"<p><span lang=\"DA\">Pallesv\u00f8b med tryk bestilles nemt hos Gdirekt. Pallesv\u00f8b er ganske enkelt b\u00f8lgepap p\u00e5 rulle, og vi trykker p\u00e5 disse b\u00f8lgepapruller med milj\u00f8venlig farve. Farven h\u00e6rdes med UV-lys. Denne b\u00f8lgepap p\u00e5 rulle er perfekt til at pakke om paller med trykte budskaber, tilbud og nedsatte priser. B\u00f8lgepap bruges hovedsageligt til at lave kartoner og trykte displays. B\u00f8lgepap fremstilles af fornybare r\u00e5varer og er 100 % genvindelig. Det er den mest brugte eksponeringsemballage i verden. De mest almindelige anvendelsesomr\u00e5der er butikker og forretninger som en smart m\u00e5de at pakke pallerne ind p\u00e5. Og naturligvis med et godt budskab i farver, der passer til \u00e5rstiderne og kampagnerne.<\/span><\/p>\n<p><span lang=\"DA\">Vi har ogs\u00e5 en hel del andre displayl\u00f8sninger med tryk. Tjek vores produkter ud<span class=\"apple-converted-space\">\u00a0<\/span><\/span><span lang=\"DA\"><a href=\"https:\/\/www.gdirekt.se\/produkt-kategori\/display-skylthallare-skyltstall\/\"><b><i>her<\/i><\/b><\/a><\/span><span lang=\"DA\">. Trykte karton har mange fordele; det er billigt, det kan genbruges, og det er let at h\u00e5ndtere. Hvis I \u00f8nsker inspiration til, hvilke forskellige l\u00f8sninger man kan bestille, kan I f\u00f8lge os p\u00e5<span class=\"apple-converted-space\">\u00a0<\/span><\/span><span lang=\"DA\"><a href=\"https:\/\/www.instagram.com\/gigantprint\/\"><b><i>Instagram<\/i><\/b><\/a><\/span><span lang=\"DA\">.<\/span><\/p>\n","protected":false},"excerpt":{"rendered":"<p>Pallesv\u00f8b bestilles nemt hos Gdirekt. Det er b\u00f8lgepap p\u00e5 rulle med trykte budskaber, tilbud og udsalgspriser til indpakning af paller. V\u00e6lg st\u00f8rrelse nedenfor.<\/p>\n","protected":false},"featured_media":8507,"template":"","meta":{"_acf_changed":false},"product_brand":[],"product_cat":[357],"product_tag":[],"class_list":{"0":"post-9911","1":"product","2":"type-product","3":"status-publish","4":"has-post-thumbnail","6":"product_cat-reklamstall-og-butikdisplayer","8":"first","9":"instock","10":"taxable","11":"shipping-taxable","12":"purchasable","13":"product-type-variable","14":"has-default-attributes"},"exclude_global_add_ons":[],"addons":[],"acf":[],"yoast_head":"<!-- This site is optimized with the Yoast SEO plugin v27.2 - https:\/\/yoast.com\/product\/yoast-seo-wordpress\/ -->\n<title>Pallesv\u00f8b, trykt b\u00f8lgepap p\u00e5 rulle til palleindpakning | Gdirekt.se<\/title>\n<meta name=\"description\" content=\"Pallesv\u00f8b med tryk bestilles nemt hos Gdirekt. Det er b\u00f8lgepap p\u00e5 rulle til indpakning af paller med trykte budskaber, tilbud og udsalgspriser.\" \/>\n<meta name=\"robots\" content=\"index, follow, max-snippet:-1, max-image-preview:large, max-video-preview:-1\" \/>\n<link rel=\"canonical\" href=\"https:\/\/www.gdirekt.se\/da\/produkt\/pallesvob\/\" \/>\n<meta property=\"og:locale\" content=\"da_DK\" \/>\n<meta property=\"og:type\" content=\"article\" \/>\n<meta property=\"og:title\" content=\"Pallesv\u00f8b, trykt b\u00f8lgepap p\u00e5 rulle til palleindpakning | Gdirekt.se\" \/>\n<meta property=\"og:description\" content=\"Pallesv\u00f8b med tryk bestilles nemt hos Gdirekt. Det er b\u00f8lgepap p\u00e5 rulle til indpakning af paller med trykte budskaber, tilbud og udsalgspriser.\" \/>\n<meta property=\"og:url\" content=\"https:\/\/www.gdirekt.se\/da\/produkt\/pallesvob\/\" \/>\n<meta property=\"og:site_name\" content=\"Gdirekt.se\" \/>\n<meta property=\"article:modified_time\" content=\"2020-02-13T15:04:36+00:00\" \/>\n<meta property=\"og:image\" content=\"https:\/\/www.gdirekt.se\/wp-content\/uploads\/rullwell.png\" \/>\n\t<meta property=\"og:image:width\" content=\"1000\" \/>\n\t<meta property=\"og:image:height\" content=\"1000\" \/>\n\t<meta property=\"og:image:type\" content=\"image\/png\" \/>\n<meta name=\"twitter:card\" content=\"summary_large_image\" \/>\n<meta name=\"twitter:label1\" content=\"Estimeret l\u00e6setid\" \/>\n\t<meta name=\"twitter:data1\" content=\"1 minut\" \/>\n<script type=\"application\/ld+json\" class=\"yoast-schema-graph\">{\"@context\":\"https:\/\/schema.org\",\"@graph\":[{\"@type\":\"WebPage\",\"@id\":\"https:\/\/www.gdirekt.se\/da\/produkt\/pallesvob\/\",\"url\":\"https:\/\/www.gdirekt.se\/da\/produkt\/pallesvob\/\",\"name\":\"Pallesv\u00f8b, trykt b\u00f8lgepap p\u00e5 rulle til palleindpakning | Gdirekt.se\",\"isPartOf\":{\"@id\":\"https:\/\/www.gdirekt.se\/#website\"},\"primaryImageOfPage\":{\"@id\":\"https:\/\/www.gdirekt.se\/da\/produkt\/pallesvob\/#primaryimage\"},\"image\":{\"@id\":\"https:\/\/www.gdirekt.se\/da\/produkt\/pallesvob\/#primaryimage\"},\"thumbnailUrl\":\"https:\/\/www.gdirekt.se\/wp-content\/uploads\/rullwell.png\",\"datePublished\":\"2017-02-08T15:28:52+00:00\",\"dateModified\":\"2020-02-13T15:04:36+00:00\",\"description\":\"Pallesv\u00f8b med tryk bestilles nemt hos Gdirekt. Det er b\u00f8lgepap p\u00e5 rulle til indpakning af paller med trykte budskaber, tilbud og udsalgspriser.\",\"breadcrumb\":{\"@id\":\"https:\/\/www.gdirekt.se\/da\/produkt\/pallesvob\/#breadcrumb\"},\"inLanguage\":\"da-DK\",\"potentialAction\":[{\"@type\":\"ReadAction\",\"target\":[\"https:\/\/www.gdirekt.se\/da\/produkt\/pallesvob\/\"]}]},{\"@type\":\"ImageObject\",\"inLanguage\":\"da-DK\",\"@id\":\"https:\/\/www.gdirekt.se\/da\/produkt\/pallesvob\/#primaryimage\",\"url\":\"https:\/\/www.gdirekt.se\/wp-content\/uploads\/rullwell.png\",\"contentUrl\":\"https:\/\/www.gdirekt.se\/wp-content\/uploads\/rullwell.png\",\"width\":1000,\"height\":1000,\"caption\":\"Trykt pallesv\u00f8b med f\u00e6rveog logo\"},{\"@type\":\"BreadcrumbList\",\"@id\":\"https:\/\/www.gdirekt.se\/da\/produkt\/pallesvob\/#breadcrumb\",\"itemListElement\":[{\"@type\":\"ListItem\",\"position\":1,\"name\":\"Hem\",\"item\":\"https:\/\/www.gdirekt.se\/da\/\"},{\"@type\":\"ListItem\",\"position\":2,\"name\":\"Start\",\"item\":\"https:\/\/www.gdirekt.se\/da\/\"},{\"@type\":\"ListItem\",\"position\":3,\"name\":\"Pallesv\u00f8b\"}]},{\"@type\":\"WebSite\",\"@id\":\"https:\/\/www.gdirekt.se\/#website\",\"url\":\"https:\/\/www.gdirekt.se\/\",\"name\":\"Gdirekt.se\",\"description\":\"Tryck snabbt \u00e5 l\u00e4tt = Gdirekt\",\"potentialAction\":[{\"@type\":\"SearchAction\",\"target\":{\"@type\":\"EntryPoint\",\"urlTemplate\":\"https:\/\/www.gdirekt.se\/?s={search_term_string}\"},\"query-input\":{\"@type\":\"PropertyValueSpecification\",\"valueRequired\":true,\"valueName\":\"search_term_string\"}}],\"inLanguage\":\"da-DK\"}]}<\/script>\n<!-- \/ Yoast SEO plugin. -->","yoast_head_json":{"title":"Pallesv\u00f8b, trykt b\u00f8lgepap p\u00e5 rulle til palleindpakning | Gdirekt.se","description":"Pallesv\u00f8b med tryk bestilles nemt hos Gdirekt. Det er b\u00f8lgepap p\u00e5 rulle til indpakning af paller med trykte budskaber, tilbud og udsalgspriser.","robots":{"index":"index","follow":"follow","max-snippet":"max-snippet:-1","max-image-preview":"max-image-preview:large","max-video-preview":"max-video-preview:-1"},"canonical":"https:\/\/www.gdirekt.se\/da\/produkt\/pallesvob\/","og_locale":"da_DK","og_type":"article","og_title":"Pallesv\u00f8b, trykt b\u00f8lgepap p\u00e5 rulle til palleindpakning | Gdirekt.se","og_description":"Pallesv\u00f8b med tryk bestilles nemt hos Gdirekt. Det er b\u00f8lgepap p\u00e5 rulle til indpakning af paller med trykte budskaber, tilbud og udsalgspriser.","og_url":"https:\/\/www.gdirekt.se\/da\/produkt\/pallesvob\/","og_site_name":"Gdirekt.se","article_modified_time":"2020-02-13T15:04:36+00:00","og_image":[{"width":1000,"height":1000,"url":"https:\/\/www.gdirekt.se\/wp-content\/uploads\/rullwell.png","type":"image\/png"}],"twitter_card":"summary_large_image","twitter_misc":{"Estimeret l\u00e6setid":"1 minut"},"schema":{"@context":"https:\/\/schema.org","@graph":[{"@type":"WebPage","@id":"https:\/\/www.gdirekt.se\/da\/produkt\/pallesvob\/","url":"https:\/\/www.gdirekt.se\/da\/produkt\/pallesvob\/","name":"Pallesv\u00f8b, trykt b\u00f8lgepap p\u00e5 rulle til palleindpakning | Gdirekt.se","isPartOf":{"@id":"https:\/\/www.gdirekt.se\/#website"},"primaryImageOfPage":{"@id":"https:\/\/www.gdirekt.se\/da\/produkt\/pallesvob\/#primaryimage"},"image":{"@id":"https:\/\/www.gdirekt.se\/da\/produkt\/pallesvob\/#primaryimage"},"thumbnailUrl":"https:\/\/www.gdirekt.se\/wp-content\/uploads\/rullwell.png","datePublished":"2017-02-08T15:28:52+00:00","dateModified":"2020-02-13T15:04:36+00:00","description":"Pallesv\u00f8b med tryk bestilles nemt hos Gdirekt. Det er b\u00f8lgepap p\u00e5 rulle til indpakning af paller med trykte budskaber, tilbud og udsalgspriser.","breadcrumb":{"@id":"https:\/\/www.gdirekt.se\/da\/produkt\/pallesvob\/#breadcrumb"},"inLanguage":"da-DK","potentialAction":[{"@type":"ReadAction","target":["https:\/\/www.gdirekt.se\/da\/produkt\/pallesvob\/"]}]},{"@type":"ImageObject","inLanguage":"da-DK","@id":"https:\/\/www.gdirekt.se\/da\/produkt\/pallesvob\/#primaryimage","url":"https:\/\/www.gdirekt.se\/wp-content\/uploads\/rullwell.png","contentUrl":"https:\/\/www.gdirekt.se\/wp-content\/uploads\/rullwell.png","width":1000,"height":1000,"caption":"Trykt pallesv\u00f8b med f\u00e6rveog logo"},{"@type":"BreadcrumbList","@id":"https:\/\/www.gdirekt.se\/da\/produkt\/pallesvob\/#breadcrumb","itemListElement":[{"@type":"ListItem","position":1,"name":"Hem","item":"https:\/\/www.gdirekt.se\/da\/"},{"@type":"ListItem","position":2,"name":"Start","item":"https:\/\/www.gdirekt.se\/da\/"},{"@type":"ListItem","position":3,"name":"Pallesv\u00f8b"}]},{"@type":"WebSite","@id":"https:\/\/www.gdirekt.se\/#website","url":"https:\/\/www.gdirekt.se\/","name":"Gdirekt.se","description":"Tryck snabbt \u00e5 l\u00e4tt = Gdirekt","potentialAction":[{"@type":"SearchAction","target":{"@type":"EntryPoint","urlTemplate":"https:\/\/www.gdirekt.se\/?s={search_term_string}"},"query-input":{"@type":"PropertyValueSpecification","valueRequired":true,"valueName":"search_term_string"}}],"inLanguage":"da-DK"}]}},"_links":{"self":[{"href":"https:\/\/www.gdirekt.se\/da\/wp-json\/wp\/v2\/product\/9911","targetHints":{"allow":["GET"]}}],"collection":[{"href":"https:\/\/www.gdirekt.se\/da\/wp-json\/wp\/v2\/product"}],"about":[{"href":"https:\/\/www.gdirekt.se\/da\/wp-json\/wp\/v2\/types\/product"}],"wp:featuredmedia":[{"embeddable":true,"href":"https:\/\/www.gdirekt.se\/da\/wp-json\/wp\/v2\/media\/8507"}],"wp:attachment":[{"href":"https:\/\/www.gdirekt.se\/da\/wp-json\/wp\/v2\/media?parent=9911"}],"wp:term":[{"taxonomy":"product_brand","embeddable":true,"href":"https:\/\/www.gdirekt.se\/da\/wp-json\/wp\/v2\/product_brand?post=9911"},{"taxonomy":"product_cat","embeddable":true,"href":"https:\/\/www.gdirekt.se\/da\/wp-json\/wp\/v2\/product_cat?post=9911"},{"taxonomy":"product_tag","embeddable":true,"href":"https:\/\/www.gdirekt.se\/da\/wp-json\/wp\/v2\/product_tag?post=9911"}],"curies":[{"name":"wp","href":"https:\/\/api.w.org\/{rel}","templated":true}]}}