{"id":9908,"date":"2017-02-21T13:28:51","date_gmt":"2017-02-21T12:28:51","guid":{"rendered":"http:\/\/gdirekt.hamstage.hamrenmedia.se\/produkt\/papfigur-i-fuld-storrelse\/"},"modified":"2020-09-01T11:44:24","modified_gmt":"2020-09-01T09:44:24","slug":"papfigur-i-fuld-storrelse","status":"publish","type":"product","link":"https:\/\/www.gdirekt.se\/da\/produkt\/papfigur-i-fuld-storrelse\/","title":{"rendered":"Papfigur i fuld st\u00f8rrelse"},"content":{"rendered":"<p><span lang=\"DA\">Papfigur i fuld st\u00f8rrelse trykt p\u00e5 karton. Bestil dit eget billede med et foto af dig selv eller en anden person i naturlig st\u00f8rrelse.Kartonfiguren har rygst\u00f8tte. V\u00e6lg enkelt eller dobbelt st\u00f8rrelse. Kartondisplayene trykkes p\u00e5 kraftigt karton, der har en tykkelse p\u00e5 1100 g. P\u00e5 bagsiden er der monteret en bagst\u00f8tte. Vi kontursk\u00e6rer figuren i fuld st\u00f8rrelse, som kan v\u00e6re en person, et dyr eller andre figurer. Se alle vores<span class=\"apple-converted-space\">\u00a0<\/span><\/span><span lang=\"DA\"><a href=\"https:\/\/www.gdirekt.se\/produkt-kategori\/reklamstall-och-butikdisplayer\/\"><b><i>trykte displays<\/i><\/b><\/a><\/span><span lang=\"DA\">p\u00e5 denne side!<\/span><\/p>\n<p><span lang=\"DA\">Hvis I vil se andre ting, vi har produceret, kan I bes\u00f8ge vores<span class=\"apple-converted-space\">\u00a0<\/span><\/span><span lang=\"DA\"><a href=\"https:\/\/www.instagram.com\/gigantprint\/\"><b><i>Instagramprofil<\/i><\/b><\/a><\/span><span lang=\"DA\">!<\/span><\/p>\n","protected":false},"excerpt":{"rendered":"<p>Papfigur i fuld st\u00f8rrelse trykt p\u00e5 1100-g-karton med rygst\u00f8tte i en lille vinkel. Bestil dit eget billede med et foto af dig selv eller en anden person i naturlig st\u00f8rrelse. V\u00e6lg enkelt eller dobbelt st\u00f8rrelse.<\/p>\n","protected":false},"featured_media":8562,"template":"","meta":{"_acf_changed":false},"product_brand":[],"product_cat":[357,378],"product_tag":[],"class_list":{"0":"post-9908","1":"product","2":"type-product","3":"status-publish","4":"has-post-thumbnail","6":"product_cat-reklamstall-og-butikdisplayer","7":"product_cat-skilte","8":"product_shipping_class-250kr","10":"first","11":"instock","12":"taxable","13":"shipping-taxable","14":"purchasable","15":"product-type-variable","16":"has-default-attributes"},"exclude_global_add_ons":[],"addons":[],"acf":[],"yoast_head":"<!-- This site is optimized with the Yoast SEO plugin v27.2 - https:\/\/yoast.com\/product\/yoast-seo-wordpress\/ -->\n<title>Papfigur i fuld st\u00f8rrelse med trykt info, beskeder og reklamer | Gdirekt.se<\/title>\n<meta name=\"description\" content=\"Papfigur i fuld st\u00f8rrelse trykt p\u00e5 karton. Bestil dit eget billede med et foto af dig selv eller en anden person i naturlig st\u00f8rrelse. Kartonfiguren har rygst\u00f8tte, s\u00e5 displayet st\u00e5r op p\u00e5 gulvet. Sej id\u00e9 at lade sig fotografere ved siden af et skilt, der viser en kendis i hel figur.\" \/>\n<meta name=\"robots\" content=\"index, follow, max-snippet:-1, max-image-preview:large, max-video-preview:-1\" \/>\n<link rel=\"canonical\" href=\"https:\/\/www.gdirekt.se\/da\/produkt\/papfigur-i-fuld-storrelse\/\" \/>\n<meta property=\"og:locale\" content=\"da_DK\" \/>\n<meta property=\"og:type\" content=\"article\" \/>\n<meta property=\"og:title\" content=\"Papfigur i fuld st\u00f8rrelse med trykt info, beskeder og reklamer | Gdirekt.se\" \/>\n<meta property=\"og:description\" content=\"Papfigur i fuld st\u00f8rrelse trykt p\u00e5 karton. Bestil dit eget billede med et foto af dig selv eller en anden person i naturlig st\u00f8rrelse. Kartonfiguren har rygst\u00f8tte, s\u00e5 displayet st\u00e5r op p\u00e5 gulvet. Sej id\u00e9 at lade sig fotografere ved siden af et skilt, der viser en kendis i hel figur.\" \/>\n<meta property=\"og:url\" content=\"https:\/\/www.gdirekt.se\/da\/produkt\/papfigur-i-fuld-storrelse\/\" \/>\n<meta property=\"og:site_name\" content=\"Gdirekt.se\" \/>\n<meta property=\"article:modified_time\" content=\"2020-09-01T09:44:24+00:00\" \/>\n<meta property=\"og:image\" content=\"https:\/\/www.gdirekt.se\/wp-content\/uploads\/helkroppsfigur.png\" \/>\n\t<meta property=\"og:image:width\" content=\"1000\" \/>\n\t<meta property=\"og:image:height\" content=\"1000\" \/>\n\t<meta property=\"og:image:type\" content=\"image\/png\" \/>\n<meta name=\"twitter:card\" content=\"summary_large_image\" \/>\n<script type=\"application\/ld+json\" class=\"yoast-schema-graph\">{\"@context\":\"https:\/\/schema.org\",\"@graph\":[{\"@type\":\"WebPage\",\"@id\":\"https:\/\/www.gdirekt.se\/da\/produkt\/papfigur-i-fuld-storrelse\/\",\"url\":\"https:\/\/www.gdirekt.se\/da\/produkt\/papfigur-i-fuld-storrelse\/\",\"name\":\"Papfigur i fuld st\u00f8rrelse med trykt info, beskeder og reklamer | Gdirekt.se\",\"isPartOf\":{\"@id\":\"https:\/\/www.gdirekt.se\/#website\"},\"primaryImageOfPage\":{\"@id\":\"https:\/\/www.gdirekt.se\/da\/produkt\/papfigur-i-fuld-storrelse\/#primaryimage\"},\"image\":{\"@id\":\"https:\/\/www.gdirekt.se\/da\/produkt\/papfigur-i-fuld-storrelse\/#primaryimage\"},\"thumbnailUrl\":\"https:\/\/www.gdirekt.se\/wp-content\/uploads\/helkroppsfigur.png\",\"datePublished\":\"2017-02-21T12:28:51+00:00\",\"dateModified\":\"2020-09-01T09:44:24+00:00\",\"description\":\"Papfigur i fuld st\u00f8rrelse trykt p\u00e5 karton. Bestil dit eget billede med et foto af dig selv eller en anden person i naturlig st\u00f8rrelse. Kartonfiguren har rygst\u00f8tte, s\u00e5 displayet st\u00e5r op p\u00e5 gulvet. Sej id\u00e9 at lade sig fotografere ved siden af et skilt, der viser en kendis i hel figur.\",\"breadcrumb\":{\"@id\":\"https:\/\/www.gdirekt.se\/da\/produkt\/papfigur-i-fuld-storrelse\/#breadcrumb\"},\"inLanguage\":\"da-DK\",\"potentialAction\":[{\"@type\":\"ReadAction\",\"target\":[\"https:\/\/www.gdirekt.se\/da\/produkt\/papfigur-i-fuld-storrelse\/\"]}]},{\"@type\":\"ImageObject\",\"inLanguage\":\"da-DK\",\"@id\":\"https:\/\/www.gdirekt.se\/da\/produkt\/papfigur-i-fuld-storrelse\/#primaryimage\",\"url\":\"https:\/\/www.gdirekt.se\/wp-content\/uploads\/helkroppsfigur.png\",\"contentUrl\":\"https:\/\/www.gdirekt.se\/wp-content\/uploads\/helkroppsfigur.png\",\"width\":1000,\"height\":1000,\"caption\":\"Kartonfigur med eget print eller tryk\"},{\"@type\":\"BreadcrumbList\",\"@id\":\"https:\/\/www.gdirekt.se\/da\/produkt\/papfigur-i-fuld-storrelse\/#breadcrumb\",\"itemListElement\":[{\"@type\":\"ListItem\",\"position\":1,\"name\":\"Hem\",\"item\":\"https:\/\/www.gdirekt.se\/da\/\"},{\"@type\":\"ListItem\",\"position\":2,\"name\":\"Start\",\"item\":\"https:\/\/www.gdirekt.se\/da\/\"},{\"@type\":\"ListItem\",\"position\":3,\"name\":\"Papfigur i fuld st\u00f8rrelse\"}]},{\"@type\":\"WebSite\",\"@id\":\"https:\/\/www.gdirekt.se\/#website\",\"url\":\"https:\/\/www.gdirekt.se\/\",\"name\":\"Gdirekt.se\",\"description\":\"Tryck snabbt \u00e5 l\u00e4tt = Gdirekt\",\"potentialAction\":[{\"@type\":\"SearchAction\",\"target\":{\"@type\":\"EntryPoint\",\"urlTemplate\":\"https:\/\/www.gdirekt.se\/?s={search_term_string}\"},\"query-input\":{\"@type\":\"PropertyValueSpecification\",\"valueRequired\":true,\"valueName\":\"search_term_string\"}}],\"inLanguage\":\"da-DK\"}]}<\/script>\n<!-- \/ Yoast SEO plugin. -->","yoast_head_json":{"title":"Papfigur i fuld st\u00f8rrelse med trykt info, beskeder og reklamer | Gdirekt.se","description":"Papfigur i fuld st\u00f8rrelse trykt p\u00e5 karton. Bestil dit eget billede med et foto af dig selv eller en anden person i naturlig st\u00f8rrelse. Kartonfiguren har rygst\u00f8tte, s\u00e5 displayet st\u00e5r op p\u00e5 gulvet. Sej id\u00e9 at lade sig fotografere ved siden af et skilt, der viser en kendis i hel figur.","robots":{"index":"index","follow":"follow","max-snippet":"max-snippet:-1","max-image-preview":"max-image-preview:large","max-video-preview":"max-video-preview:-1"},"canonical":"https:\/\/www.gdirekt.se\/da\/produkt\/papfigur-i-fuld-storrelse\/","og_locale":"da_DK","og_type":"article","og_title":"Papfigur i fuld st\u00f8rrelse med trykt info, beskeder og reklamer | Gdirekt.se","og_description":"Papfigur i fuld st\u00f8rrelse trykt p\u00e5 karton. Bestil dit eget billede med et foto af dig selv eller en anden person i naturlig st\u00f8rrelse. Kartonfiguren har rygst\u00f8tte, s\u00e5 displayet st\u00e5r op p\u00e5 gulvet. Sej id\u00e9 at lade sig fotografere ved siden af et skilt, der viser en kendis i hel figur.","og_url":"https:\/\/www.gdirekt.se\/da\/produkt\/papfigur-i-fuld-storrelse\/","og_site_name":"Gdirekt.se","article_modified_time":"2020-09-01T09:44:24+00:00","og_image":[{"width":1000,"height":1000,"url":"https:\/\/www.gdirekt.se\/wp-content\/uploads\/helkroppsfigur.png","type":"image\/png"}],"twitter_card":"summary_large_image","schema":{"@context":"https:\/\/schema.org","@graph":[{"@type":"WebPage","@id":"https:\/\/www.gdirekt.se\/da\/produkt\/papfigur-i-fuld-storrelse\/","url":"https:\/\/www.gdirekt.se\/da\/produkt\/papfigur-i-fuld-storrelse\/","name":"Papfigur i fuld st\u00f8rrelse med trykt info, beskeder og reklamer | Gdirekt.se","isPartOf":{"@id":"https:\/\/www.gdirekt.se\/#website"},"primaryImageOfPage":{"@id":"https:\/\/www.gdirekt.se\/da\/produkt\/papfigur-i-fuld-storrelse\/#primaryimage"},"image":{"@id":"https:\/\/www.gdirekt.se\/da\/produkt\/papfigur-i-fuld-storrelse\/#primaryimage"},"thumbnailUrl":"https:\/\/www.gdirekt.se\/wp-content\/uploads\/helkroppsfigur.png","datePublished":"2017-02-21T12:28:51+00:00","dateModified":"2020-09-01T09:44:24+00:00","description":"Papfigur i fuld st\u00f8rrelse trykt p\u00e5 karton. Bestil dit eget billede med et foto af dig selv eller en anden person i naturlig st\u00f8rrelse. Kartonfiguren har rygst\u00f8tte, s\u00e5 displayet st\u00e5r op p\u00e5 gulvet. Sej id\u00e9 at lade sig fotografere ved siden af et skilt, der viser en kendis i hel figur.","breadcrumb":{"@id":"https:\/\/www.gdirekt.se\/da\/produkt\/papfigur-i-fuld-storrelse\/#breadcrumb"},"inLanguage":"da-DK","potentialAction":[{"@type":"ReadAction","target":["https:\/\/www.gdirekt.se\/da\/produkt\/papfigur-i-fuld-storrelse\/"]}]},{"@type":"ImageObject","inLanguage":"da-DK","@id":"https:\/\/www.gdirekt.se\/da\/produkt\/papfigur-i-fuld-storrelse\/#primaryimage","url":"https:\/\/www.gdirekt.se\/wp-content\/uploads\/helkroppsfigur.png","contentUrl":"https:\/\/www.gdirekt.se\/wp-content\/uploads\/helkroppsfigur.png","width":1000,"height":1000,"caption":"Kartonfigur med eget print eller tryk"},{"@type":"BreadcrumbList","@id":"https:\/\/www.gdirekt.se\/da\/produkt\/papfigur-i-fuld-storrelse\/#breadcrumb","itemListElement":[{"@type":"ListItem","position":1,"name":"Hem","item":"https:\/\/www.gdirekt.se\/da\/"},{"@type":"ListItem","position":2,"name":"Start","item":"https:\/\/www.gdirekt.se\/da\/"},{"@type":"ListItem","position":3,"name":"Papfigur i fuld st\u00f8rrelse"}]},{"@type":"WebSite","@id":"https:\/\/www.gdirekt.se\/#website","url":"https:\/\/www.gdirekt.se\/","name":"Gdirekt.se","description":"Tryck snabbt \u00e5 l\u00e4tt = Gdirekt","potentialAction":[{"@type":"SearchAction","target":{"@type":"EntryPoint","urlTemplate":"https:\/\/www.gdirekt.se\/?s={search_term_string}"},"query-input":{"@type":"PropertyValueSpecification","valueRequired":true,"valueName":"search_term_string"}}],"inLanguage":"da-DK"}]}},"_links":{"self":[{"href":"https:\/\/www.gdirekt.se\/da\/wp-json\/wp\/v2\/product\/9908","targetHints":{"allow":["GET"]}}],"collection":[{"href":"https:\/\/www.gdirekt.se\/da\/wp-json\/wp\/v2\/product"}],"about":[{"href":"https:\/\/www.gdirekt.se\/da\/wp-json\/wp\/v2\/types\/product"}],"wp:featuredmedia":[{"embeddable":true,"href":"https:\/\/www.gdirekt.se\/da\/wp-json\/wp\/v2\/media\/8562"}],"wp:attachment":[{"href":"https:\/\/www.gdirekt.se\/da\/wp-json\/wp\/v2\/media?parent=9908"}],"wp:term":[{"taxonomy":"product_brand","embeddable":true,"href":"https:\/\/www.gdirekt.se\/da\/wp-json\/wp\/v2\/product_brand?post=9908"},{"taxonomy":"product_cat","embeddable":true,"href":"https:\/\/www.gdirekt.se\/da\/wp-json\/wp\/v2\/product_cat?post=9908"},{"taxonomy":"product_tag","embeddable":true,"href":"https:\/\/www.gdirekt.se\/da\/wp-json\/wp\/v2\/product_tag?post=9908"}],"curies":[{"name":"wp","href":"https:\/\/api.w.org\/{rel}","templated":true}]}}