{"id":9899,"date":"2016-12-29T13:50:11","date_gmt":"2016-12-29T12:50:11","guid":{"rendered":"http:\/\/gdirekt.hamstage.hamrenmedia.se\/produkt\/papirkurv-i-bolgepap-med-tryk\/"},"modified":"2019-01-16T15:55:52","modified_gmt":"2019-01-16T14:55:52","slug":"papirkurv-i-bolgepap-med-tryk","status":"publish","type":"product","link":"https:\/\/www.gdirekt.se\/da\/produkt\/papirkurv-i-bolgepap-med-tryk\/","title":{"rendered":"Papirkurv i b\u00f8lgepap med tryk"},"content":{"rendered":"<p><span lang=\"DA\">Papirkurv i b\u00f8lgepap med tryk kan k\u00f8bes hos os direkte fra vores trykkeri. Disse papirkurve passer til arrangementer, events og til forskellige kampagner i butikker og indk\u00f8bscentre. Ogs\u00e5 til koncerter samt konventer og sportskonkurrencer med p\u00e5trykt klubm\u00e6rke. Vores trykkeri bruger milj\u00f8venlig farve, og maskinerne er de nyeste, s\u00e5 opl\u00f8sningen og kvaliteten er den bedste p\u00e5 markedet. St\u00f8rrelsen er 40 x 40 x 80 cm.<\/span><\/p>\n<p><span lang=\"DA\">Vi kan ogs\u00e5 lave andre trykte displays i karton. Hvis I bare har id\u00e9en til en tryksag, skal vi nok s\u00f8rge for produktionen. Med vores moderne trykteknik er det nemlig muligt at bestille en enkelt tryksag eller flere hundrede. Vi har sk\u00e6reborde, der ogs\u00e5 bukker og folder de trykte kartonplader. Vi har ogs\u00e5 masser af trykskabeloner, hvis I bare siger, hvad I er p\u00e5 udkig efter. Kontakt os p\u00e5 +46 (0) 11-251515, eller send en e-mail til<span class=\"apple-converted-space\">\u00a0<\/span><\/span><span lang=\"DA\"><a><b><i>info@gdirekt.se<\/i><\/b><\/a><\/span><\/p>\n<p><span lang=\"DA\">Har I brug for at k\u00f8be<span class=\"apple-converted-space\">\u00a0<\/span><\/span><span lang=\"DA\"><a href=\"https:\/\/www.gdirekt.se\/produkt-kategori\/tryck-visitkort\/\"><b><i>trykte reklameblade,<\/i><\/b><\/a><\/span><span lang=\"DA\">s\u00e5 har vi ogs\u00e5 det!<\/span><\/p>\n","protected":false},"excerpt":{"rendered":"<p>Papirkurv i b\u00f8lgepap med tryk bestilles nemt hos os. Vi bruger milj\u00f8venlig farve til jeres logo, tekst eller fotos, der bruges til events og arrangementer. De leveres flade og foldes derefter sammen til st\u00f8rrelse 40&#215;40 x 80cm.<\/p>\n","protected":false},"featured_media":8370,"template":"","meta":{"_acf_changed":false},"product_brand":[],"product_cat":[357],"product_tag":[],"class_list":{"0":"post-9899","1":"product","2":"type-product","3":"status-publish","4":"has-post-thumbnail","6":"product_cat-reklamstall-og-butikdisplayer","8":"first","9":"instock","10":"taxable","11":"shipping-taxable","12":"purchasable","13":"product-type-variable","14":"has-default-attributes"},"exclude_global_add_ons":[],"addons":[],"acf":[],"yoast_head":"<!-- This site is optimized with the Yoast SEO plugin v27.2 - https:\/\/yoast.com\/product\/yoast-seo-wordpress\/ -->\n<title>Papirkurv i b\u00f8lgepap med tryk, k\u00f8b allerede i dag | Gdirekt.se<\/title>\n<meta name=\"description\" content=\"Papirkurv i b\u00f8lgepap med tryk kan bestilles hos os p\u00e5 nettet. Disse kan bruges til festivaler, events, sportsklubber, indk\u00f8bscentre m.m. Eget design bliver flot med virksomhedens logo eller tekstbudskab. Hurtig levering af b\u00e5de enkelttryk og oplag.\" \/>\n<meta name=\"robots\" content=\"index, follow, max-snippet:-1, max-image-preview:large, max-video-preview:-1\" \/>\n<link rel=\"canonical\" href=\"https:\/\/www.gdirekt.se\/da\/produkt\/papirkurv-i-bolgepap-med-tryk\/\" \/>\n<meta property=\"og:locale\" content=\"da_DK\" \/>\n<meta property=\"og:type\" content=\"article\" \/>\n<meta property=\"og:title\" content=\"Papirkurv i b\u00f8lgepap med tryk, k\u00f8b allerede i dag | Gdirekt.se\" \/>\n<meta property=\"og:description\" content=\"Papirkurv i b\u00f8lgepap med tryk kan bestilles hos os p\u00e5 nettet. Disse kan bruges til festivaler, events, sportsklubber, indk\u00f8bscentre m.m. Eget design bliver flot med virksomhedens logo eller tekstbudskab. Hurtig levering af b\u00e5de enkelttryk og oplag.\" \/>\n<meta property=\"og:url\" content=\"https:\/\/www.gdirekt.se\/da\/produkt\/papirkurv-i-bolgepap-med-tryk\/\" \/>\n<meta property=\"og:site_name\" content=\"Gdirekt.se\" \/>\n<meta property=\"article:modified_time\" content=\"2019-01-16T14:55:52+00:00\" \/>\n<meta property=\"og:image\" content=\"https:\/\/www.gdirekt.se\/wp-content\/uploads\/papperskorg.png\" \/>\n\t<meta property=\"og:image:width\" content=\"1000\" \/>\n\t<meta property=\"og:image:height\" content=\"1000\" \/>\n\t<meta property=\"og:image:type\" content=\"image\/png\" \/>\n<meta name=\"twitter:card\" content=\"summary_large_image\" \/>\n<meta name=\"twitter:label1\" content=\"Estimeret l\u00e6setid\" \/>\n\t<meta name=\"twitter:data1\" content=\"1 minut\" \/>\n<script type=\"application\/ld+json\" class=\"yoast-schema-graph\">{\"@context\":\"https:\/\/schema.org\",\"@graph\":[{\"@type\":\"WebPage\",\"@id\":\"https:\/\/www.gdirekt.se\/da\/produkt\/papirkurv-i-bolgepap-med-tryk\/\",\"url\":\"https:\/\/www.gdirekt.se\/da\/produkt\/papirkurv-i-bolgepap-med-tryk\/\",\"name\":\"Papirkurv i b\u00f8lgepap med tryk, k\u00f8b allerede i dag | Gdirekt.se\",\"isPartOf\":{\"@id\":\"https:\/\/www.gdirekt.se\/#website\"},\"primaryImageOfPage\":{\"@id\":\"https:\/\/www.gdirekt.se\/da\/produkt\/papirkurv-i-bolgepap-med-tryk\/#primaryimage\"},\"image\":{\"@id\":\"https:\/\/www.gdirekt.se\/da\/produkt\/papirkurv-i-bolgepap-med-tryk\/#primaryimage\"},\"thumbnailUrl\":\"https:\/\/www.gdirekt.se\/wp-content\/uploads\/papperskorg.png\",\"datePublished\":\"2016-12-29T12:50:11+00:00\",\"dateModified\":\"2019-01-16T14:55:52+00:00\",\"description\":\"Papirkurv i b\u00f8lgepap med tryk kan bestilles hos os p\u00e5 nettet. Disse kan bruges til festivaler, events, sportsklubber, indk\u00f8bscentre m.m. Eget design bliver flot med virksomhedens logo eller tekstbudskab. Hurtig levering af b\u00e5de enkelttryk og oplag.\",\"breadcrumb\":{\"@id\":\"https:\/\/www.gdirekt.se\/da\/produkt\/papirkurv-i-bolgepap-med-tryk\/#breadcrumb\"},\"inLanguage\":\"da-DK\",\"potentialAction\":[{\"@type\":\"ReadAction\",\"target\":[\"https:\/\/www.gdirekt.se\/da\/produkt\/papirkurv-i-bolgepap-med-tryk\/\"]}]},{\"@type\":\"ImageObject\",\"inLanguage\":\"da-DK\",\"@id\":\"https:\/\/www.gdirekt.se\/da\/produkt\/papirkurv-i-bolgepap-med-tryk\/#primaryimage\",\"url\":\"https:\/\/www.gdirekt.se\/wp-content\/uploads\/papperskorg.png\",\"contentUrl\":\"https:\/\/www.gdirekt.se\/wp-content\/uploads\/papperskorg.png\",\"width\":1000,\"height\":1000,\"caption\":\"Trykt Papirkurv\"},{\"@type\":\"BreadcrumbList\",\"@id\":\"https:\/\/www.gdirekt.se\/da\/produkt\/papirkurv-i-bolgepap-med-tryk\/#breadcrumb\",\"itemListElement\":[{\"@type\":\"ListItem\",\"position\":1,\"name\":\"Hem\",\"item\":\"https:\/\/www.gdirekt.se\/da\/\"},{\"@type\":\"ListItem\",\"position\":2,\"name\":\"Start\",\"item\":\"https:\/\/www.gdirekt.se\/da\/\"},{\"@type\":\"ListItem\",\"position\":3,\"name\":\"Papirkurv i b\u00f8lgepap med tryk\"}]},{\"@type\":\"WebSite\",\"@id\":\"https:\/\/www.gdirekt.se\/#website\",\"url\":\"https:\/\/www.gdirekt.se\/\",\"name\":\"Gdirekt.se\",\"description\":\"Tryck snabbt \u00e5 l\u00e4tt = Gdirekt\",\"potentialAction\":[{\"@type\":\"SearchAction\",\"target\":{\"@type\":\"EntryPoint\",\"urlTemplate\":\"https:\/\/www.gdirekt.se\/?s={search_term_string}\"},\"query-input\":{\"@type\":\"PropertyValueSpecification\",\"valueRequired\":true,\"valueName\":\"search_term_string\"}}],\"inLanguage\":\"da-DK\"}]}<\/script>\n<!-- \/ Yoast SEO plugin. -->","yoast_head_json":{"title":"Papirkurv i b\u00f8lgepap med tryk, k\u00f8b allerede i dag | Gdirekt.se","description":"Papirkurv i b\u00f8lgepap med tryk kan bestilles hos os p\u00e5 nettet. Disse kan bruges til festivaler, events, sportsklubber, indk\u00f8bscentre m.m. Eget design bliver flot med virksomhedens logo eller tekstbudskab. Hurtig levering af b\u00e5de enkelttryk og oplag.","robots":{"index":"index","follow":"follow","max-snippet":"max-snippet:-1","max-image-preview":"max-image-preview:large","max-video-preview":"max-video-preview:-1"},"canonical":"https:\/\/www.gdirekt.se\/da\/produkt\/papirkurv-i-bolgepap-med-tryk\/","og_locale":"da_DK","og_type":"article","og_title":"Papirkurv i b\u00f8lgepap med tryk, k\u00f8b allerede i dag | Gdirekt.se","og_description":"Papirkurv i b\u00f8lgepap med tryk kan bestilles hos os p\u00e5 nettet. Disse kan bruges til festivaler, events, sportsklubber, indk\u00f8bscentre m.m. Eget design bliver flot med virksomhedens logo eller tekstbudskab. Hurtig levering af b\u00e5de enkelttryk og oplag.","og_url":"https:\/\/www.gdirekt.se\/da\/produkt\/papirkurv-i-bolgepap-med-tryk\/","og_site_name":"Gdirekt.se","article_modified_time":"2019-01-16T14:55:52+00:00","og_image":[{"width":1000,"height":1000,"url":"https:\/\/www.gdirekt.se\/wp-content\/uploads\/papperskorg.png","type":"image\/png"}],"twitter_card":"summary_large_image","twitter_misc":{"Estimeret l\u00e6setid":"1 minut"},"schema":{"@context":"https:\/\/schema.org","@graph":[{"@type":"WebPage","@id":"https:\/\/www.gdirekt.se\/da\/produkt\/papirkurv-i-bolgepap-med-tryk\/","url":"https:\/\/www.gdirekt.se\/da\/produkt\/papirkurv-i-bolgepap-med-tryk\/","name":"Papirkurv i b\u00f8lgepap med tryk, k\u00f8b allerede i dag | Gdirekt.se","isPartOf":{"@id":"https:\/\/www.gdirekt.se\/#website"},"primaryImageOfPage":{"@id":"https:\/\/www.gdirekt.se\/da\/produkt\/papirkurv-i-bolgepap-med-tryk\/#primaryimage"},"image":{"@id":"https:\/\/www.gdirekt.se\/da\/produkt\/papirkurv-i-bolgepap-med-tryk\/#primaryimage"},"thumbnailUrl":"https:\/\/www.gdirekt.se\/wp-content\/uploads\/papperskorg.png","datePublished":"2016-12-29T12:50:11+00:00","dateModified":"2019-01-16T14:55:52+00:00","description":"Papirkurv i b\u00f8lgepap med tryk kan bestilles hos os p\u00e5 nettet. Disse kan bruges til festivaler, events, sportsklubber, indk\u00f8bscentre m.m. Eget design bliver flot med virksomhedens logo eller tekstbudskab. Hurtig levering af b\u00e5de enkelttryk og oplag.","breadcrumb":{"@id":"https:\/\/www.gdirekt.se\/da\/produkt\/papirkurv-i-bolgepap-med-tryk\/#breadcrumb"},"inLanguage":"da-DK","potentialAction":[{"@type":"ReadAction","target":["https:\/\/www.gdirekt.se\/da\/produkt\/papirkurv-i-bolgepap-med-tryk\/"]}]},{"@type":"ImageObject","inLanguage":"da-DK","@id":"https:\/\/www.gdirekt.se\/da\/produkt\/papirkurv-i-bolgepap-med-tryk\/#primaryimage","url":"https:\/\/www.gdirekt.se\/wp-content\/uploads\/papperskorg.png","contentUrl":"https:\/\/www.gdirekt.se\/wp-content\/uploads\/papperskorg.png","width":1000,"height":1000,"caption":"Trykt Papirkurv"},{"@type":"BreadcrumbList","@id":"https:\/\/www.gdirekt.se\/da\/produkt\/papirkurv-i-bolgepap-med-tryk\/#breadcrumb","itemListElement":[{"@type":"ListItem","position":1,"name":"Hem","item":"https:\/\/www.gdirekt.se\/da\/"},{"@type":"ListItem","position":2,"name":"Start","item":"https:\/\/www.gdirekt.se\/da\/"},{"@type":"ListItem","position":3,"name":"Papirkurv i b\u00f8lgepap med tryk"}]},{"@type":"WebSite","@id":"https:\/\/www.gdirekt.se\/#website","url":"https:\/\/www.gdirekt.se\/","name":"Gdirekt.se","description":"Tryck snabbt \u00e5 l\u00e4tt = Gdirekt","potentialAction":[{"@type":"SearchAction","target":{"@type":"EntryPoint","urlTemplate":"https:\/\/www.gdirekt.se\/?s={search_term_string}"},"query-input":{"@type":"PropertyValueSpecification","valueRequired":true,"valueName":"search_term_string"}}],"inLanguage":"da-DK"}]}},"_links":{"self":[{"href":"https:\/\/www.gdirekt.se\/da\/wp-json\/wp\/v2\/product\/9899","targetHints":{"allow":["GET"]}}],"collection":[{"href":"https:\/\/www.gdirekt.se\/da\/wp-json\/wp\/v2\/product"}],"about":[{"href":"https:\/\/www.gdirekt.se\/da\/wp-json\/wp\/v2\/types\/product"}],"wp:featuredmedia":[{"embeddable":true,"href":"https:\/\/www.gdirekt.se\/da\/wp-json\/wp\/v2\/media\/8370"}],"wp:attachment":[{"href":"https:\/\/www.gdirekt.se\/da\/wp-json\/wp\/v2\/media?parent=9899"}],"wp:term":[{"taxonomy":"product_brand","embeddable":true,"href":"https:\/\/www.gdirekt.se\/da\/wp-json\/wp\/v2\/product_brand?post=9899"},{"taxonomy":"product_cat","embeddable":true,"href":"https:\/\/www.gdirekt.se\/da\/wp-json\/wp\/v2\/product_cat?post=9899"},{"taxonomy":"product_tag","embeddable":true,"href":"https:\/\/www.gdirekt.se\/da\/wp-json\/wp\/v2\/product_tag?post=9899"}],"curies":[{"name":"wp","href":"https:\/\/api.w.org\/{rel}","templated":true}]}}