{"id":9892,"date":"2016-12-29T10:34:14","date_gmt":"2016-12-29T09:34:14","guid":{"rendered":"http:\/\/gdirekt.hamstage.hamrenmedia.se\/produkt\/kubeformet-display-i-bolgepap\/"},"modified":"2022-06-29T11:39:09","modified_gmt":"2022-06-29T09:39:09","slug":"kubeformet-display-i-bolgepap","status":"publish","type":"product","link":"https:\/\/www.gdirekt.se\/da\/produkt\/kubeformet-display-i-bolgepap\/","title":{"rendered":"Kubeformet display i b\u00f8lgepap"},"content":{"rendered":"<p><span lang=\"DA\">Kubeformet display i b\u00f8lgepap k\u00f8bes direkte hos Gdirekt med trykte budskaber eller information. Bestil store eller sm\u00e5 firkantede reklamekuber med tekst og farvebilleder; leveres i h\u00f8j kvalitet.I kan v\u00e6lge, pr\u00e6cis hvor mange I skal bruge. Vi trykker dem digitalt i den bedste kvalitet p\u00e5 markedet. Disse printede kuber eller kasser bruges p\u00e5 messer og udstillinger. Kuberne fungerer ogs\u00e5 som butiksstandere og butiksinteri\u00f8r i forretninger og udstillingsvinduer.<\/span><\/p>\n<p><span lang=\"DA\">Det er nemt at udstille varer p\u00e5 disse firkantede displays i b\u00f8lgepap. Displaykartonerne er sk\u00e5ret til og bukkede. Til st\u00f8rrelserne op til 50 cm skal man ikke bruge tape, da de har l\u00e5sefunktioner. Til st\u00f8rrelserne 80 cm og 100 cm skal man bruge tape for at holde dem sammen. V\u00e6lg mellem sm\u00e5 kuber med m\u00e5lene 20 x 20 x 20 cm og store kuber med m\u00e5lene 100 x 100 x 100 cm.<\/span><\/p>\n<p><span lang=\"DA\">Har I brug for at k\u00f8be<span class=\"apple-converted-space\">\u00a0<\/span><\/span><span lang=\"DA\"><a href=\"https:\/\/www.gdirekt.se\/produkt-kategori\/tryck-visitkort\/\"><b><i>trykte reklameblade,<\/i><\/b><\/a><\/span><span lang=\"DA\">s\u00e5 har vi ogs\u00e5 det!<\/span><\/p>\n","protected":false},"excerpt":{"rendered":"<p>Kubeformet display i b\u00f8lgeform kan bestilles med eget tryk. Bestil store eller sm\u00e5 firkantede reklamekuber med tekst og farvebilleder; leveres i h\u00f8j kvalitet. V\u00e6lg st\u00f8rrelse og antal nedenfor.<\/p>\n","protected":false},"featured_media":8360,"template":"","meta":{"_acf_changed":false},"product_brand":[],"product_cat":[357],"product_tag":[],"class_list":{"0":"post-9892","1":"product","2":"type-product","3":"status-publish","4":"has-post-thumbnail","6":"product_cat-reklamstall-og-butikdisplayer","8":"first","9":"instock","10":"taxable","11":"shipping-taxable","12":"purchasable","13":"product-type-variable","14":"has-default-attributes"},"exclude_global_add_ons":[],"addons":[],"acf":[],"yoast_head":"<!-- This site is optimized with the Yoast SEO plugin v27.2 - https:\/\/yoast.com\/product\/yoast-seo-wordpress\/ -->\n<title>Kubeformet display i b\u00f8lgepap med trykte reklamemeddelelser | Gdirekt.se<\/title>\n<meta name=\"description\" content=\"Kubeformet display i b\u00f8lgeform kan bestilles med eget tryk. Bestil store eller sm\u00e5 firkantede reklamekuber med tekst og farvebilleder; leveres i h\u00f8j kvalitet.\" \/>\n<meta name=\"robots\" content=\"index, follow, max-snippet:-1, max-image-preview:large, max-video-preview:-1\" \/>\n<link rel=\"canonical\" href=\"https:\/\/www.gdirekt.se\/da\/produkt\/kubeformet-display-i-bolgepap\/\" \/>\n<meta property=\"og:locale\" content=\"da_DK\" \/>\n<meta property=\"og:type\" content=\"article\" \/>\n<meta property=\"og:title\" content=\"Kubeformet display i b\u00f8lgepap med trykte reklamemeddelelser | Gdirekt.se\" \/>\n<meta property=\"og:description\" content=\"Kubeformet display i b\u00f8lgeform kan bestilles med eget tryk. Bestil store eller sm\u00e5 firkantede reklamekuber med tekst og farvebilleder; leveres i h\u00f8j kvalitet.\" \/>\n<meta property=\"og:url\" content=\"https:\/\/www.gdirekt.se\/da\/produkt\/kubeformet-display-i-bolgepap\/\" \/>\n<meta property=\"og:site_name\" content=\"Gdirekt.se\" \/>\n<meta property=\"article:modified_time\" content=\"2022-06-29T09:39:09+00:00\" \/>\n<meta property=\"og:image\" content=\"https:\/\/www.gdirekt.se\/wp-content\/uploads\/kubdisplay.png\" \/>\n\t<meta property=\"og:image:width\" content=\"1000\" \/>\n\t<meta property=\"og:image:height\" content=\"1000\" \/>\n\t<meta property=\"og:image:type\" content=\"image\/png\" \/>\n<meta name=\"twitter:card\" content=\"summary_large_image\" \/>\n<meta name=\"twitter:label1\" content=\"Estimeret l\u00e6setid\" \/>\n\t<meta name=\"twitter:data1\" content=\"1 minut\" \/>\n<script type=\"application\/ld+json\" class=\"yoast-schema-graph\">{\"@context\":\"https:\/\/schema.org\",\"@graph\":[{\"@type\":\"WebPage\",\"@id\":\"https:\/\/www.gdirekt.se\/da\/produkt\/kubeformet-display-i-bolgepap\/\",\"url\":\"https:\/\/www.gdirekt.se\/da\/produkt\/kubeformet-display-i-bolgepap\/\",\"name\":\"Kubeformet display i b\u00f8lgepap med trykte reklamemeddelelser | Gdirekt.se\",\"isPartOf\":{\"@id\":\"https:\/\/www.gdirekt.se\/#website\"},\"primaryImageOfPage\":{\"@id\":\"https:\/\/www.gdirekt.se\/da\/produkt\/kubeformet-display-i-bolgepap\/#primaryimage\"},\"image\":{\"@id\":\"https:\/\/www.gdirekt.se\/da\/produkt\/kubeformet-display-i-bolgepap\/#primaryimage\"},\"thumbnailUrl\":\"https:\/\/www.gdirekt.se\/wp-content\/uploads\/kubdisplay.png\",\"datePublished\":\"2016-12-29T09:34:14+00:00\",\"dateModified\":\"2022-06-29T09:39:09+00:00\",\"description\":\"Kubeformet display i b\u00f8lgeform kan bestilles med eget tryk. Bestil store eller sm\u00e5 firkantede reklamekuber med tekst og farvebilleder; leveres i h\u00f8j kvalitet.\",\"breadcrumb\":{\"@id\":\"https:\/\/www.gdirekt.se\/da\/produkt\/kubeformet-display-i-bolgepap\/#breadcrumb\"},\"inLanguage\":\"da-DK\",\"potentialAction\":[{\"@type\":\"ReadAction\",\"target\":[\"https:\/\/www.gdirekt.se\/da\/produkt\/kubeformet-display-i-bolgepap\/\"]}]},{\"@type\":\"ImageObject\",\"inLanguage\":\"da-DK\",\"@id\":\"https:\/\/www.gdirekt.se\/da\/produkt\/kubeformet-display-i-bolgepap\/#primaryimage\",\"url\":\"https:\/\/www.gdirekt.se\/wp-content\/uploads\/kubdisplay.png\",\"contentUrl\":\"https:\/\/www.gdirekt.se\/wp-content\/uploads\/kubdisplay.png\",\"width\":1000,\"height\":1000,\"caption\":\"Sammenfoldelig kube\"},{\"@type\":\"BreadcrumbList\",\"@id\":\"https:\/\/www.gdirekt.se\/da\/produkt\/kubeformet-display-i-bolgepap\/#breadcrumb\",\"itemListElement\":[{\"@type\":\"ListItem\",\"position\":1,\"name\":\"Hem\",\"item\":\"https:\/\/www.gdirekt.se\/da\/\"},{\"@type\":\"ListItem\",\"position\":2,\"name\":\"Start\",\"item\":\"https:\/\/www.gdirekt.se\/da\/\"},{\"@type\":\"ListItem\",\"position\":3,\"name\":\"Kubeformet display i b\u00f8lgepap\"}]},{\"@type\":\"WebSite\",\"@id\":\"https:\/\/www.gdirekt.se\/#website\",\"url\":\"https:\/\/www.gdirekt.se\/\",\"name\":\"Gdirekt.se\",\"description\":\"Tryck snabbt \u00e5 l\u00e4tt = Gdirekt\",\"potentialAction\":[{\"@type\":\"SearchAction\",\"target\":{\"@type\":\"EntryPoint\",\"urlTemplate\":\"https:\/\/www.gdirekt.se\/?s={search_term_string}\"},\"query-input\":{\"@type\":\"PropertyValueSpecification\",\"valueRequired\":true,\"valueName\":\"search_term_string\"}}],\"inLanguage\":\"da-DK\"}]}<\/script>\n<!-- \/ Yoast SEO plugin. -->","yoast_head_json":{"title":"Kubeformet display i b\u00f8lgepap med trykte reklamemeddelelser | Gdirekt.se","description":"Kubeformet display i b\u00f8lgeform kan bestilles med eget tryk. Bestil store eller sm\u00e5 firkantede reklamekuber med tekst og farvebilleder; leveres i h\u00f8j kvalitet.","robots":{"index":"index","follow":"follow","max-snippet":"max-snippet:-1","max-image-preview":"max-image-preview:large","max-video-preview":"max-video-preview:-1"},"canonical":"https:\/\/www.gdirekt.se\/da\/produkt\/kubeformet-display-i-bolgepap\/","og_locale":"da_DK","og_type":"article","og_title":"Kubeformet display i b\u00f8lgepap med trykte reklamemeddelelser | Gdirekt.se","og_description":"Kubeformet display i b\u00f8lgeform kan bestilles med eget tryk. Bestil store eller sm\u00e5 firkantede reklamekuber med tekst og farvebilleder; leveres i h\u00f8j kvalitet.","og_url":"https:\/\/www.gdirekt.se\/da\/produkt\/kubeformet-display-i-bolgepap\/","og_site_name":"Gdirekt.se","article_modified_time":"2022-06-29T09:39:09+00:00","og_image":[{"width":1000,"height":1000,"url":"https:\/\/www.gdirekt.se\/wp-content\/uploads\/kubdisplay.png","type":"image\/png"}],"twitter_card":"summary_large_image","twitter_misc":{"Estimeret l\u00e6setid":"1 minut"},"schema":{"@context":"https:\/\/schema.org","@graph":[{"@type":"WebPage","@id":"https:\/\/www.gdirekt.se\/da\/produkt\/kubeformet-display-i-bolgepap\/","url":"https:\/\/www.gdirekt.se\/da\/produkt\/kubeformet-display-i-bolgepap\/","name":"Kubeformet display i b\u00f8lgepap med trykte reklamemeddelelser | Gdirekt.se","isPartOf":{"@id":"https:\/\/www.gdirekt.se\/#website"},"primaryImageOfPage":{"@id":"https:\/\/www.gdirekt.se\/da\/produkt\/kubeformet-display-i-bolgepap\/#primaryimage"},"image":{"@id":"https:\/\/www.gdirekt.se\/da\/produkt\/kubeformet-display-i-bolgepap\/#primaryimage"},"thumbnailUrl":"https:\/\/www.gdirekt.se\/wp-content\/uploads\/kubdisplay.png","datePublished":"2016-12-29T09:34:14+00:00","dateModified":"2022-06-29T09:39:09+00:00","description":"Kubeformet display i b\u00f8lgeform kan bestilles med eget tryk. Bestil store eller sm\u00e5 firkantede reklamekuber med tekst og farvebilleder; leveres i h\u00f8j kvalitet.","breadcrumb":{"@id":"https:\/\/www.gdirekt.se\/da\/produkt\/kubeformet-display-i-bolgepap\/#breadcrumb"},"inLanguage":"da-DK","potentialAction":[{"@type":"ReadAction","target":["https:\/\/www.gdirekt.se\/da\/produkt\/kubeformet-display-i-bolgepap\/"]}]},{"@type":"ImageObject","inLanguage":"da-DK","@id":"https:\/\/www.gdirekt.se\/da\/produkt\/kubeformet-display-i-bolgepap\/#primaryimage","url":"https:\/\/www.gdirekt.se\/wp-content\/uploads\/kubdisplay.png","contentUrl":"https:\/\/www.gdirekt.se\/wp-content\/uploads\/kubdisplay.png","width":1000,"height":1000,"caption":"Sammenfoldelig kube"},{"@type":"BreadcrumbList","@id":"https:\/\/www.gdirekt.se\/da\/produkt\/kubeformet-display-i-bolgepap\/#breadcrumb","itemListElement":[{"@type":"ListItem","position":1,"name":"Hem","item":"https:\/\/www.gdirekt.se\/da\/"},{"@type":"ListItem","position":2,"name":"Start","item":"https:\/\/www.gdirekt.se\/da\/"},{"@type":"ListItem","position":3,"name":"Kubeformet display i b\u00f8lgepap"}]},{"@type":"WebSite","@id":"https:\/\/www.gdirekt.se\/#website","url":"https:\/\/www.gdirekt.se\/","name":"Gdirekt.se","description":"Tryck snabbt \u00e5 l\u00e4tt = Gdirekt","potentialAction":[{"@type":"SearchAction","target":{"@type":"EntryPoint","urlTemplate":"https:\/\/www.gdirekt.se\/?s={search_term_string}"},"query-input":{"@type":"PropertyValueSpecification","valueRequired":true,"valueName":"search_term_string"}}],"inLanguage":"da-DK"}]}},"_links":{"self":[{"href":"https:\/\/www.gdirekt.se\/da\/wp-json\/wp\/v2\/product\/9892","targetHints":{"allow":["GET"]}}],"collection":[{"href":"https:\/\/www.gdirekt.se\/da\/wp-json\/wp\/v2\/product"}],"about":[{"href":"https:\/\/www.gdirekt.se\/da\/wp-json\/wp\/v2\/types\/product"}],"wp:featuredmedia":[{"embeddable":true,"href":"https:\/\/www.gdirekt.se\/da\/wp-json\/wp\/v2\/media\/8360"}],"wp:attachment":[{"href":"https:\/\/www.gdirekt.se\/da\/wp-json\/wp\/v2\/media?parent=9892"}],"wp:term":[{"taxonomy":"product_brand","embeddable":true,"href":"https:\/\/www.gdirekt.se\/da\/wp-json\/wp\/v2\/product_brand?post=9892"},{"taxonomy":"product_cat","embeddable":true,"href":"https:\/\/www.gdirekt.se\/da\/wp-json\/wp\/v2\/product_cat?post=9892"},{"taxonomy":"product_tag","embeddable":true,"href":"https:\/\/www.gdirekt.se\/da\/wp-json\/wp\/v2\/product_tag?post=9892"}],"curies":[{"name":"wp","href":"https:\/\/api.w.org\/{rel}","templated":true}]}}