{"id":9855,"date":"2018-04-26T13:51:49","date_gmt":"2018-04-26T11:51:49","guid":{"rendered":"http:\/\/gdirekt.hamstage.hamrenmedia.se\/produkt\/hyldedisplay-med-tryk\/"},"modified":"2019-01-16T16:00:07","modified_gmt":"2019-01-16T15:00:07","slug":"hyldedisplay-med-tryk","status":"publish","type":"product","link":"https:\/\/www.gdirekt.se\/da\/produkt\/hyldedisplay-med-tryk\/","title":{"rendered":"Hyldedisplay med tryk"},"content":{"rendered":"<p><span lang=\"DA\">Hyldedisplay med tryk fremh\u00e6ver produktet p\u00e5 butikshylden. \u00a0Bruges oftest som display med information, virksomhedslogoer eller priser samt tilbud i en butik. Bestil Hyldedisplay i st\u00f8rrelse A5, A4 eller A3 i forskellige former eller med lige kanter. Vi kan hj\u00e6lpe jer med alle mulige displays og butiksdisplays i styrenplast. Se andre eksempler p\u00e5 displays med tryk p\u00e5\u00a0<\/span><span lang=\"DA\"><a href=\"https:\/\/www.gdirekt.se\/produkt-kategori\/reklamstall-och-butikdisplayer\/\"><b><i>denne side<\/i><\/b><\/a><\/span><span lang=\"DA\">.<\/span><\/p>\n<p><span lang=\"DA\">Vi kan ogs\u00e5 hj\u00e6lpe med andre st\u00f8rrelser og l\u00f8sninger p\u00e5 borddisplays og hyldeskilte, der ogs\u00e5 kan placeres p\u00e5 borde. Disse antal og st\u00f8rrelser er priseksempler. Vi kan producere borddisplays i alle mulige slags materialer. Alt fra plexiglas og b\u00f8lgepap til tr\u00e6 for at skabe den rette indretning, der passer til de produkter, man skal udstille.<\/span><\/p>\n<p><span lang=\"DA\">Hyldedisplays placeres oftest p\u00e5 butikkernes hylder eller andre skranker og borde. Send os en e-mail p\u00e5<\/span><span lang=\"DA\"><a><b><i>info@gdirekt.se<\/i><\/b><\/a><\/span><span lang=\"DA\">, eller ring p\u00e5 +46 (0) 11-251515, s\u00e5 kan vi dr\u00f8fte og n\u00e5 frem til det flotteste design eller den flotteste variant af et trykt display.<\/span><\/p>\n","protected":false},"excerpt":{"rendered":"<p>Hyldedisplay med tryk bestiller I nemt her. V\u00e6lg st\u00f8rrelse A5, A4 eller A3 til jeres hyldeskilte, der er vinklet 10 grader. Perfekt til budskaber om produkter, information og pristilbud.<\/p>\n","protected":false},"featured_media":8919,"template":"","meta":{"_acf_changed":false},"product_brand":[],"product_cat":[357,378],"product_tag":[],"class_list":{"0":"post-9855","1":"product","2":"type-product","3":"status-publish","4":"has-post-thumbnail","6":"product_cat-reklamstall-og-butikdisplayer","7":"product_cat-skilte","8":"product_shipping_class-180sek","10":"first","11":"instock","12":"taxable","13":"shipping-taxable","14":"purchasable","15":"product-type-variable","16":"has-default-attributes"},"exclude_global_add_ons":[],"addons":[],"acf":[],"yoast_head":"<!-- This site is optimized with the Yoast SEO plugin v27.2 - https:\/\/yoast.com\/product\/yoast-seo-wordpress\/ -->\n<title>Hyldedisplay med tryk egen design til butikker | Gdirekt.se<\/title>\n<meta name=\"description\" content=\"Hyldedisplay med tryk passer til borde og hylder i butikker. Bestil bordstandere med tryk i st\u00f8rrelse A5, A4 eller A3. Tryk er inkluderet i den billige pris med direkte levering fra vores eget trykkeri. Kaldes ogs\u00e5 for hyldesvirp.\" \/>\n<meta name=\"robots\" content=\"index, follow, max-snippet:-1, max-image-preview:large, max-video-preview:-1\" \/>\n<link rel=\"canonical\" href=\"https:\/\/www.gdirekt.se\/da\/produkt\/hyldedisplay-med-tryk\/\" \/>\n<meta property=\"og:locale\" content=\"da_DK\" \/>\n<meta property=\"og:type\" content=\"article\" \/>\n<meta property=\"og:title\" content=\"Hyldedisplay med tryk egen design til butikker | Gdirekt.se\" \/>\n<meta property=\"og:description\" content=\"Hyldedisplay med tryk passer til borde og hylder i butikker. Bestil bordstandere med tryk i st\u00f8rrelse A5, A4 eller A3. Tryk er inkluderet i den billige pris med direkte levering fra vores eget trykkeri. Kaldes ogs\u00e5 for hyldesvirp.\" \/>\n<meta property=\"og:url\" content=\"https:\/\/www.gdirekt.se\/da\/produkt\/hyldedisplay-med-tryk\/\" \/>\n<meta property=\"og:site_name\" content=\"Gdirekt.se\" \/>\n<meta property=\"article:modified_time\" content=\"2019-01-16T15:00:07+00:00\" \/>\n<meta property=\"og:image\" content=\"https:\/\/www.gdirekt.se\/wp-content\/uploads\/hylldisplay-med-tryck.png\" \/>\n\t<meta property=\"og:image:width\" content=\"1000\" \/>\n\t<meta property=\"og:image:height\" content=\"1000\" \/>\n\t<meta property=\"og:image:type\" content=\"image\/png\" \/>\n<meta name=\"twitter:card\" content=\"summary_large_image\" \/>\n<meta name=\"twitter:label1\" content=\"Estimeret l\u00e6setid\" \/>\n\t<meta name=\"twitter:data1\" content=\"1 minut\" \/>\n<script type=\"application\/ld+json\" class=\"yoast-schema-graph\">{\"@context\":\"https:\/\/schema.org\",\"@graph\":[{\"@type\":\"WebPage\",\"@id\":\"https:\/\/www.gdirekt.se\/da\/produkt\/hyldedisplay-med-tryk\/\",\"url\":\"https:\/\/www.gdirekt.se\/da\/produkt\/hyldedisplay-med-tryk\/\",\"name\":\"Hyldedisplay med tryk egen design til butikker | Gdirekt.se\",\"isPartOf\":{\"@id\":\"https:\/\/www.gdirekt.se\/#website\"},\"primaryImageOfPage\":{\"@id\":\"https:\/\/www.gdirekt.se\/da\/produkt\/hyldedisplay-med-tryk\/#primaryimage\"},\"image\":{\"@id\":\"https:\/\/www.gdirekt.se\/da\/produkt\/hyldedisplay-med-tryk\/#primaryimage\"},\"thumbnailUrl\":\"https:\/\/www.gdirekt.se\/wp-content\/uploads\/hylldisplay-med-tryck.png\",\"datePublished\":\"2018-04-26T11:51:49+00:00\",\"dateModified\":\"2019-01-16T15:00:07+00:00\",\"description\":\"Hyldedisplay med tryk passer til borde og hylder i butikker. Bestil bordstandere med tryk i st\u00f8rrelse A5, A4 eller A3. Tryk er inkluderet i den billige pris med direkte levering fra vores eget trykkeri. Kaldes ogs\u00e5 for hyldesvirp.\",\"breadcrumb\":{\"@id\":\"https:\/\/www.gdirekt.se\/da\/produkt\/hyldedisplay-med-tryk\/#breadcrumb\"},\"inLanguage\":\"da-DK\",\"potentialAction\":[{\"@type\":\"ReadAction\",\"target\":[\"https:\/\/www.gdirekt.se\/da\/produkt\/hyldedisplay-med-tryk\/\"]}]},{\"@type\":\"ImageObject\",\"inLanguage\":\"da-DK\",\"@id\":\"https:\/\/www.gdirekt.se\/da\/produkt\/hyldedisplay-med-tryk\/#primaryimage\",\"url\":\"https:\/\/www.gdirekt.se\/wp-content\/uploads\/hylldisplay-med-tryck.png\",\"contentUrl\":\"https:\/\/www.gdirekt.se\/wp-content\/uploads\/hylldisplay-med-tryck.png\",\"width\":1000,\"height\":1000,\"caption\":\"Shop reklame for hylder i former med print\"},{\"@type\":\"BreadcrumbList\",\"@id\":\"https:\/\/www.gdirekt.se\/da\/produkt\/hyldedisplay-med-tryk\/#breadcrumb\",\"itemListElement\":[{\"@type\":\"ListItem\",\"position\":1,\"name\":\"Hem\",\"item\":\"https:\/\/www.gdirekt.se\/da\/\"},{\"@type\":\"ListItem\",\"position\":2,\"name\":\"Start\",\"item\":\"https:\/\/www.gdirekt.se\/da\/\"},{\"@type\":\"ListItem\",\"position\":3,\"name\":\"Hyldedisplay med tryk\"}]},{\"@type\":\"WebSite\",\"@id\":\"https:\/\/www.gdirekt.se\/#website\",\"url\":\"https:\/\/www.gdirekt.se\/\",\"name\":\"Gdirekt.se\",\"description\":\"Tryck snabbt \u00e5 l\u00e4tt = Gdirekt\",\"potentialAction\":[{\"@type\":\"SearchAction\",\"target\":{\"@type\":\"EntryPoint\",\"urlTemplate\":\"https:\/\/www.gdirekt.se\/?s={search_term_string}\"},\"query-input\":{\"@type\":\"PropertyValueSpecification\",\"valueRequired\":true,\"valueName\":\"search_term_string\"}}],\"inLanguage\":\"da-DK\"}]}<\/script>\n<!-- \/ Yoast SEO plugin. -->","yoast_head_json":{"title":"Hyldedisplay med tryk egen design til butikker | Gdirekt.se","description":"Hyldedisplay med tryk passer til borde og hylder i butikker. Bestil bordstandere med tryk i st\u00f8rrelse A5, A4 eller A3. Tryk er inkluderet i den billige pris med direkte levering fra vores eget trykkeri. Kaldes ogs\u00e5 for hyldesvirp.","robots":{"index":"index","follow":"follow","max-snippet":"max-snippet:-1","max-image-preview":"max-image-preview:large","max-video-preview":"max-video-preview:-1"},"canonical":"https:\/\/www.gdirekt.se\/da\/produkt\/hyldedisplay-med-tryk\/","og_locale":"da_DK","og_type":"article","og_title":"Hyldedisplay med tryk egen design til butikker | Gdirekt.se","og_description":"Hyldedisplay med tryk passer til borde og hylder i butikker. Bestil bordstandere med tryk i st\u00f8rrelse A5, A4 eller A3. Tryk er inkluderet i den billige pris med direkte levering fra vores eget trykkeri. Kaldes ogs\u00e5 for hyldesvirp.","og_url":"https:\/\/www.gdirekt.se\/da\/produkt\/hyldedisplay-med-tryk\/","og_site_name":"Gdirekt.se","article_modified_time":"2019-01-16T15:00:07+00:00","og_image":[{"width":1000,"height":1000,"url":"https:\/\/www.gdirekt.se\/wp-content\/uploads\/hylldisplay-med-tryck.png","type":"image\/png"}],"twitter_card":"summary_large_image","twitter_misc":{"Estimeret l\u00e6setid":"1 minut"},"schema":{"@context":"https:\/\/schema.org","@graph":[{"@type":"WebPage","@id":"https:\/\/www.gdirekt.se\/da\/produkt\/hyldedisplay-med-tryk\/","url":"https:\/\/www.gdirekt.se\/da\/produkt\/hyldedisplay-med-tryk\/","name":"Hyldedisplay med tryk egen design til butikker | Gdirekt.se","isPartOf":{"@id":"https:\/\/www.gdirekt.se\/#website"},"primaryImageOfPage":{"@id":"https:\/\/www.gdirekt.se\/da\/produkt\/hyldedisplay-med-tryk\/#primaryimage"},"image":{"@id":"https:\/\/www.gdirekt.se\/da\/produkt\/hyldedisplay-med-tryk\/#primaryimage"},"thumbnailUrl":"https:\/\/www.gdirekt.se\/wp-content\/uploads\/hylldisplay-med-tryck.png","datePublished":"2018-04-26T11:51:49+00:00","dateModified":"2019-01-16T15:00:07+00:00","description":"Hyldedisplay med tryk passer til borde og hylder i butikker. Bestil bordstandere med tryk i st\u00f8rrelse A5, A4 eller A3. Tryk er inkluderet i den billige pris med direkte levering fra vores eget trykkeri. Kaldes ogs\u00e5 for hyldesvirp.","breadcrumb":{"@id":"https:\/\/www.gdirekt.se\/da\/produkt\/hyldedisplay-med-tryk\/#breadcrumb"},"inLanguage":"da-DK","potentialAction":[{"@type":"ReadAction","target":["https:\/\/www.gdirekt.se\/da\/produkt\/hyldedisplay-med-tryk\/"]}]},{"@type":"ImageObject","inLanguage":"da-DK","@id":"https:\/\/www.gdirekt.se\/da\/produkt\/hyldedisplay-med-tryk\/#primaryimage","url":"https:\/\/www.gdirekt.se\/wp-content\/uploads\/hylldisplay-med-tryck.png","contentUrl":"https:\/\/www.gdirekt.se\/wp-content\/uploads\/hylldisplay-med-tryck.png","width":1000,"height":1000,"caption":"Shop reklame for hylder i former med print"},{"@type":"BreadcrumbList","@id":"https:\/\/www.gdirekt.se\/da\/produkt\/hyldedisplay-med-tryk\/#breadcrumb","itemListElement":[{"@type":"ListItem","position":1,"name":"Hem","item":"https:\/\/www.gdirekt.se\/da\/"},{"@type":"ListItem","position":2,"name":"Start","item":"https:\/\/www.gdirekt.se\/da\/"},{"@type":"ListItem","position":3,"name":"Hyldedisplay med tryk"}]},{"@type":"WebSite","@id":"https:\/\/www.gdirekt.se\/#website","url":"https:\/\/www.gdirekt.se\/","name":"Gdirekt.se","description":"Tryck snabbt \u00e5 l\u00e4tt = Gdirekt","potentialAction":[{"@type":"SearchAction","target":{"@type":"EntryPoint","urlTemplate":"https:\/\/www.gdirekt.se\/?s={search_term_string}"},"query-input":{"@type":"PropertyValueSpecification","valueRequired":true,"valueName":"search_term_string"}}],"inLanguage":"da-DK"}]}},"_links":{"self":[{"href":"https:\/\/www.gdirekt.se\/da\/wp-json\/wp\/v2\/product\/9855","targetHints":{"allow":["GET"]}}],"collection":[{"href":"https:\/\/www.gdirekt.se\/da\/wp-json\/wp\/v2\/product"}],"about":[{"href":"https:\/\/www.gdirekt.se\/da\/wp-json\/wp\/v2\/types\/product"}],"wp:featuredmedia":[{"embeddable":true,"href":"https:\/\/www.gdirekt.se\/da\/wp-json\/wp\/v2\/media\/8919"}],"wp:attachment":[{"href":"https:\/\/www.gdirekt.se\/da\/wp-json\/wp\/v2\/media?parent=9855"}],"wp:term":[{"taxonomy":"product_brand","embeddable":true,"href":"https:\/\/www.gdirekt.se\/da\/wp-json\/wp\/v2\/product_brand?post=9855"},{"taxonomy":"product_cat","embeddable":true,"href":"https:\/\/www.gdirekt.se\/da\/wp-json\/wp\/v2\/product_cat?post=9855"},{"taxonomy":"product_tag","embeddable":true,"href":"https:\/\/www.gdirekt.se\/da\/wp-json\/wp\/v2\/product_tag?post=9855"}],"curies":[{"name":"wp","href":"https:\/\/api.w.org\/{rel}","templated":true}]}}