{"id":9849,"date":"2016-12-29T08:54:31","date_gmt":"2016-12-29T07:54:31","guid":{"rendered":"http:\/\/gdirekt.hamstage.hamrenmedia.se\/produkt\/bagstotte-til-skiltedisplay\/"},"modified":"2016-12-29T08:54:31","modified_gmt":"2016-12-29T07:54:31","slug":"bagstotte-til-skiltedisplay","status":"publish","type":"product","link":"https:\/\/www.gdirekt.se\/da\/produkt\/bagstotte-til-skiltedisplay\/","title":{"rendered":"Bagst\u00f8tte til skiltedisplay"},"content":{"rendered":"<p><span lang=\"DA\">Bagst\u00f8tten til et skiltedisplay er et rygstykke, som vi kalder bagst\u00f8tte. Disse skilteholdere fastg\u00f8res med dobbeltkl\u00e6bende tape, der sidder fast p\u00e5 displayholderen. Bagst\u00f8tterne er fremstillet af kraftigt hvidt karton, og de kan bruges p\u00e5 lige skilte og displays samt p\u00e5 kontursk\u00e5rne figurer, s\u00e5 de kan st\u00e5 oprejst som et display.<\/span><\/p>\n<p><span lang=\"DA\">St\u00f8tterne f\u00e5s i f\u00f8lgende st\u00f8rrelser: A5, A4, A3, 65 cm h\u00f8j og 150 cm h\u00f8j. Se alle vores<span class=\"apple-converted-space\">\u00a0<\/span><\/span><span lang=\"DA\"><a href=\"https:\/\/www.gdirekt.se\/produkt-kategori\/reklamstall-och-butikdisplayer\/\"><b><i>displaystandere med tryk<\/i><\/b><\/a><\/span><span lang=\"DA\">her. Og vi kan lave alle mulige displaytryk p\u00e5 karton og minib\u00f8lgepap. Det er muligt at bestille dem i mange forskellige st\u00f8rrelser og m\u00e5l. Kontakt os for at f\u00e5 et tilbud p\u00e5 tlf. +46 (0) 11-251515, eller send en e-mail til<span class=\"apple-converted-space\">\u00a0<\/span><\/span><span lang=\"DA\"><a><b><i>info@gdirekt.se<\/i><\/b><\/a><\/span><\/p>\n","protected":false},"excerpt":{"rendered":"<p>Bagst\u00f8tte til skiltedisplay bruges som et rygstykke, der holder skilte og trykte displays oprejst. Bestil gulvdisplays til reklamekampagner og information. De er fremstillet af kraftigt karton.<\/p>\n","protected":false},"featured_media":8355,"template":"","meta":{"_acf_changed":false},"product_brand":[],"product_cat":[357,379],"product_tag":[],"class_list":{"0":"post-9849","1":"product","2":"type-product","3":"status-publish","4":"has-post-thumbnail","6":"product_cat-reklamstall-og-butikdisplayer","7":"product_cat-skilte-tilbehoer","8":"product_shipping_class-180sek","10":"first","11":"instock","12":"taxable","13":"shipping-taxable","14":"purchasable","15":"product-type-variable","16":"has-default-attributes"},"exclude_global_add_ons":[],"addons":[],"acf":[],"yoast_head":"<!-- This site is optimized with the Yoast SEO plugin v27.2 - https:\/\/yoast.com\/product\/yoast-seo-wordpress\/ -->\n<title>Bagst\u00f8tte til skiltedisplay, bestil bagst\u00f8tte til skilte | Gdirekt.se<\/title>\n<meta name=\"description\" content=\"Bagst\u00f8tte til skiltedisplay bruges som et rygstykke, der holder skilte og trykte displays oprejst. Bestil gulvdisplays til reklamekampagner og information.\" \/>\n<meta name=\"robots\" content=\"index, follow, max-snippet:-1, max-image-preview:large, max-video-preview:-1\" \/>\n<link rel=\"canonical\" href=\"https:\/\/www.gdirekt.se\/da\/produkt\/bagstotte-til-skiltedisplay\/\" \/>\n<meta property=\"og:locale\" content=\"da_DK\" \/>\n<meta property=\"og:type\" content=\"article\" \/>\n<meta property=\"og:title\" content=\"Bagst\u00f8tte til skiltedisplay, bestil bagst\u00f8tte til skilte | Gdirekt.se\" \/>\n<meta property=\"og:description\" content=\"Bagst\u00f8tte til skiltedisplay bruges som et rygstykke, der holder skilte og trykte displays oprejst. Bestil gulvdisplays til reklamekampagner og information.\" \/>\n<meta property=\"og:url\" content=\"https:\/\/www.gdirekt.se\/da\/produkt\/bagstotte-til-skiltedisplay\/\" \/>\n<meta property=\"og:site_name\" content=\"Gdirekt.se\" \/>\n<meta property=\"og:image\" content=\"https:\/\/www.gdirekt.se\/wp-content\/uploads\/hjartstod.png\" \/>\n\t<meta property=\"og:image:width\" content=\"1000\" \/>\n\t<meta property=\"og:image:height\" content=\"1000\" \/>\n\t<meta property=\"og:image:type\" content=\"image\/png\" \/>\n<meta name=\"twitter:card\" content=\"summary_large_image\" \/>\n<meta name=\"twitter:label1\" content=\"Estimeret l\u00e6setid\" \/>\n\t<meta name=\"twitter:data1\" content=\"1 minut\" \/>\n<script type=\"application\/ld+json\" class=\"yoast-schema-graph\">{\"@context\":\"https:\/\/schema.org\",\"@graph\":[{\"@type\":\"WebPage\",\"@id\":\"https:\/\/www.gdirekt.se\/da\/produkt\/bagstotte-til-skiltedisplay\/\",\"url\":\"https:\/\/www.gdirekt.se\/da\/produkt\/bagstotte-til-skiltedisplay\/\",\"name\":\"Bagst\u00f8tte til skiltedisplay, bestil bagst\u00f8tte til skilte | Gdirekt.se\",\"isPartOf\":{\"@id\":\"https:\/\/www.gdirekt.se\/#website\"},\"primaryImageOfPage\":{\"@id\":\"https:\/\/www.gdirekt.se\/da\/produkt\/bagstotte-til-skiltedisplay\/#primaryimage\"},\"image\":{\"@id\":\"https:\/\/www.gdirekt.se\/da\/produkt\/bagstotte-til-skiltedisplay\/#primaryimage\"},\"thumbnailUrl\":\"https:\/\/www.gdirekt.se\/wp-content\/uploads\/hjartstod.png\",\"datePublished\":\"2016-12-29T07:54:31+00:00\",\"description\":\"Bagst\u00f8tte til skiltedisplay bruges som et rygstykke, der holder skilte og trykte displays oprejst. Bestil gulvdisplays til reklamekampagner og information.\",\"breadcrumb\":{\"@id\":\"https:\/\/www.gdirekt.se\/da\/produkt\/bagstotte-til-skiltedisplay\/#breadcrumb\"},\"inLanguage\":\"da-DK\",\"potentialAction\":[{\"@type\":\"ReadAction\",\"target\":[\"https:\/\/www.gdirekt.se\/da\/produkt\/bagstotte-til-skiltedisplay\/\"]}]},{\"@type\":\"ImageObject\",\"inLanguage\":\"da-DK\",\"@id\":\"https:\/\/www.gdirekt.se\/da\/produkt\/bagstotte-til-skiltedisplay\/#primaryimage\",\"url\":\"https:\/\/www.gdirekt.se\/wp-content\/uploads\/hjartstod.png\",\"contentUrl\":\"https:\/\/www.gdirekt.se\/wp-content\/uploads\/hjartstod.png\",\"width\":1000,\"height\":1000,\"caption\":\"Bagst\u00f8tte til skilte med tryk\"},{\"@type\":\"BreadcrumbList\",\"@id\":\"https:\/\/www.gdirekt.se\/da\/produkt\/bagstotte-til-skiltedisplay\/#breadcrumb\",\"itemListElement\":[{\"@type\":\"ListItem\",\"position\":1,\"name\":\"Hem\",\"item\":\"https:\/\/www.gdirekt.se\/da\/\"},{\"@type\":\"ListItem\",\"position\":2,\"name\":\"Start\",\"item\":\"https:\/\/www.gdirekt.se\/da\/\"},{\"@type\":\"ListItem\",\"position\":3,\"name\":\"Bagst\u00f8tte til skiltedisplay\"}]},{\"@type\":\"WebSite\",\"@id\":\"https:\/\/www.gdirekt.se\/#website\",\"url\":\"https:\/\/www.gdirekt.se\/\",\"name\":\"Gdirekt.se\",\"description\":\"Tryck snabbt \u00e5 l\u00e4tt = Gdirekt\",\"potentialAction\":[{\"@type\":\"SearchAction\",\"target\":{\"@type\":\"EntryPoint\",\"urlTemplate\":\"https:\/\/www.gdirekt.se\/?s={search_term_string}\"},\"query-input\":{\"@type\":\"PropertyValueSpecification\",\"valueRequired\":true,\"valueName\":\"search_term_string\"}}],\"inLanguage\":\"da-DK\"}]}<\/script>\n<!-- \/ Yoast SEO plugin. -->","yoast_head_json":{"title":"Bagst\u00f8tte til skiltedisplay, bestil bagst\u00f8tte til skilte | Gdirekt.se","description":"Bagst\u00f8tte til skiltedisplay bruges som et rygstykke, der holder skilte og trykte displays oprejst. Bestil gulvdisplays til reklamekampagner og information.","robots":{"index":"index","follow":"follow","max-snippet":"max-snippet:-1","max-image-preview":"max-image-preview:large","max-video-preview":"max-video-preview:-1"},"canonical":"https:\/\/www.gdirekt.se\/da\/produkt\/bagstotte-til-skiltedisplay\/","og_locale":"da_DK","og_type":"article","og_title":"Bagst\u00f8tte til skiltedisplay, bestil bagst\u00f8tte til skilte | Gdirekt.se","og_description":"Bagst\u00f8tte til skiltedisplay bruges som et rygstykke, der holder skilte og trykte displays oprejst. Bestil gulvdisplays til reklamekampagner og information.","og_url":"https:\/\/www.gdirekt.se\/da\/produkt\/bagstotte-til-skiltedisplay\/","og_site_name":"Gdirekt.se","og_image":[{"width":1000,"height":1000,"url":"https:\/\/www.gdirekt.se\/wp-content\/uploads\/hjartstod.png","type":"image\/png"}],"twitter_card":"summary_large_image","twitter_misc":{"Estimeret l\u00e6setid":"1 minut"},"schema":{"@context":"https:\/\/schema.org","@graph":[{"@type":"WebPage","@id":"https:\/\/www.gdirekt.se\/da\/produkt\/bagstotte-til-skiltedisplay\/","url":"https:\/\/www.gdirekt.se\/da\/produkt\/bagstotte-til-skiltedisplay\/","name":"Bagst\u00f8tte til skiltedisplay, bestil bagst\u00f8tte til skilte | Gdirekt.se","isPartOf":{"@id":"https:\/\/www.gdirekt.se\/#website"},"primaryImageOfPage":{"@id":"https:\/\/www.gdirekt.se\/da\/produkt\/bagstotte-til-skiltedisplay\/#primaryimage"},"image":{"@id":"https:\/\/www.gdirekt.se\/da\/produkt\/bagstotte-til-skiltedisplay\/#primaryimage"},"thumbnailUrl":"https:\/\/www.gdirekt.se\/wp-content\/uploads\/hjartstod.png","datePublished":"2016-12-29T07:54:31+00:00","description":"Bagst\u00f8tte til skiltedisplay bruges som et rygstykke, der holder skilte og trykte displays oprejst. Bestil gulvdisplays til reklamekampagner og information.","breadcrumb":{"@id":"https:\/\/www.gdirekt.se\/da\/produkt\/bagstotte-til-skiltedisplay\/#breadcrumb"},"inLanguage":"da-DK","potentialAction":[{"@type":"ReadAction","target":["https:\/\/www.gdirekt.se\/da\/produkt\/bagstotte-til-skiltedisplay\/"]}]},{"@type":"ImageObject","inLanguage":"da-DK","@id":"https:\/\/www.gdirekt.se\/da\/produkt\/bagstotte-til-skiltedisplay\/#primaryimage","url":"https:\/\/www.gdirekt.se\/wp-content\/uploads\/hjartstod.png","contentUrl":"https:\/\/www.gdirekt.se\/wp-content\/uploads\/hjartstod.png","width":1000,"height":1000,"caption":"Bagst\u00f8tte til skilte med tryk"},{"@type":"BreadcrumbList","@id":"https:\/\/www.gdirekt.se\/da\/produkt\/bagstotte-til-skiltedisplay\/#breadcrumb","itemListElement":[{"@type":"ListItem","position":1,"name":"Hem","item":"https:\/\/www.gdirekt.se\/da\/"},{"@type":"ListItem","position":2,"name":"Start","item":"https:\/\/www.gdirekt.se\/da\/"},{"@type":"ListItem","position":3,"name":"Bagst\u00f8tte til skiltedisplay"}]},{"@type":"WebSite","@id":"https:\/\/www.gdirekt.se\/#website","url":"https:\/\/www.gdirekt.se\/","name":"Gdirekt.se","description":"Tryck snabbt \u00e5 l\u00e4tt = Gdirekt","potentialAction":[{"@type":"SearchAction","target":{"@type":"EntryPoint","urlTemplate":"https:\/\/www.gdirekt.se\/?s={search_term_string}"},"query-input":{"@type":"PropertyValueSpecification","valueRequired":true,"valueName":"search_term_string"}}],"inLanguage":"da-DK"}]}},"_links":{"self":[{"href":"https:\/\/www.gdirekt.se\/da\/wp-json\/wp\/v2\/product\/9849","targetHints":{"allow":["GET"]}}],"collection":[{"href":"https:\/\/www.gdirekt.se\/da\/wp-json\/wp\/v2\/product"}],"about":[{"href":"https:\/\/www.gdirekt.se\/da\/wp-json\/wp\/v2\/types\/product"}],"wp:featuredmedia":[{"embeddable":true,"href":"https:\/\/www.gdirekt.se\/da\/wp-json\/wp\/v2\/media\/8355"}],"wp:attachment":[{"href":"https:\/\/www.gdirekt.se\/da\/wp-json\/wp\/v2\/media?parent=9849"}],"wp:term":[{"taxonomy":"product_brand","embeddable":true,"href":"https:\/\/www.gdirekt.se\/da\/wp-json\/wp\/v2\/product_brand?post=9849"},{"taxonomy":"product_cat","embeddable":true,"href":"https:\/\/www.gdirekt.se\/da\/wp-json\/wp\/v2\/product_cat?post=9849"},{"taxonomy":"product_tag","embeddable":true,"href":"https:\/\/www.gdirekt.se\/da\/wp-json\/wp\/v2\/product_tag?post=9849"}],"curies":[{"name":"wp","href":"https:\/\/api.w.org\/{rel}","templated":true}]}}