{"id":9843,"date":"2016-12-30T11:49:20","date_gmt":"2016-12-30T10:49:20","guid":{"rendered":"http:\/\/gdirekt.hamstage.hamrenmedia.se\/produkt\/golfskilt-tee\/"},"modified":"2019-01-16T15:54:50","modified_gmt":"2019-01-16T14:54:50","slug":"golfskilt-tee","status":"publish","type":"product","link":"https:\/\/www.gdirekt.se\/da\/produkt\/golfskilt-tee\/","title":{"rendered":"Golfskilt Tee"},"content":{"rendered":"<p><span lang=\"DA\">Golfskilt Tee med eget tryk er produceret i kanalplast, s\u00e5 det t\u00e5ler regn udend\u00f8rs. Kanalplastskiltene er lave reklameskilte, som man kan placere ude p\u00e5 golfbanerne ved udslagspladsen, der p\u00e5 golfsprog kaldes tee. Vi trykker skiltene med milj\u00f8venlig farve, og bestiller I kanalplast, f\u00e5r I den h\u00f8jeste kvalitet. Oftest p\u00e5trykkes virksomhedens logo, men tekster og fotos i alle farver er ogs\u00e5 muligt.<\/span><\/p>\n<p><span lang=\"DA\">St\u00f8rrelsen er<span class=\"apple-converted-space\">\u00a0<\/span><strong>50 x 15 cm<\/strong>og er synlig fra to sider; et dobbeltsidet skilt, der placeres p\u00e5 jorden.Vi har hurtig levering, hvis I skal afholde en sportsevent udenfor som f.eks. golf. Dette er en smart m\u00e5de at lave golfturneringen p\u00e5.<\/span><\/p>\n<p><span lang=\"DA\">Disse kan naturligvis ogs\u00e5 bruges i andre sammenh\u00e6nge, n\u00e5r man skal vise et logo, en tekst eller info i jordh\u00f8jde.\u00a0Noget, der forst\u00e6rker indtrykket af en god turnering, er<span class=\"apple-converted-space\">\u00a0<\/span><\/span><span lang=\"DA\"><a href=\"https:\/\/www.gdirekt.se\/produkt-kategori\/beachflaggor\/\"><i>strandflag, som I kan k\u00f8be her.<\/i><\/a><\/span><\/p>\n<p><span lang=\"DA\">F\u00e5 flere id\u00e9er ved at f\u00f8lge os p\u00e5<span class=\"apple-converted-space\">\u00a0<\/span><\/span><span lang=\"DA\"><a href=\"https:\/\/www.instagram.com\/gigantprint\/\"><i>Instagram<\/i><\/a><\/span><span lang=\"DA\">!<\/span><\/p>\n","protected":false},"excerpt":{"rendered":"<p>Golfskilt Tee trykker vi p\u00e5 3-mm-kanalplast i st\u00f8rrelse\u00a0<strong>50 x 15 cm<\/strong>. Kanalplastskiltene bruges som teeskilte til firmagolf og fungerer som lave reklameskilte, der t\u00e5ler at blive brugt udend\u00f8rs.<\/p>\n","protected":false},"featured_media":8390,"template":"","meta":{"_acf_changed":false},"product_brand":[],"product_cat":[357,356],"product_tag":[],"class_list":{"0":"post-9843","1":"product","2":"type-product","3":"status-publish","4":"has-post-thumbnail","6":"product_cat-reklamstall-og-butikdisplayer","7":"product_cat-udendoersskilte-og-expo","9":"first","10":"instock","11":"taxable","12":"shipping-taxable","13":"purchasable","14":"product-type-variable","15":"has-default-attributes"},"exclude_global_add_ons":[],"addons":[],"acf":[],"yoast_head":"<!-- This site is optimized with the Yoast SEO plugin v27.2 - https:\/\/yoast.com\/product\/yoast-seo-wordpress\/ -->\n<title>Golfskilt Tee med sin egen trykte reklamemeddelelse | Gdirekt.se<\/title>\n<meta name=\"description\" content=\"Vi trykker Golfskilt Tee p\u00e5 3-mm-kanalplast. Kanalplastskiltene bruges som teeskilte til firmagolf og fungerer som lave reklameskilte, der t\u00e5ler at blive brugt udend\u00f8rs.\" \/>\n<meta name=\"robots\" content=\"index, follow, max-snippet:-1, max-image-preview:large, max-video-preview:-1\" \/>\n<link rel=\"canonical\" href=\"https:\/\/www.gdirekt.se\/da\/produkt\/golfskilt-tee\/\" \/>\n<meta property=\"og:locale\" content=\"da_DK\" \/>\n<meta property=\"og:type\" content=\"article\" \/>\n<meta property=\"og:title\" content=\"Golfskilt Tee med sin egen trykte reklamemeddelelse | Gdirekt.se\" \/>\n<meta property=\"og:description\" content=\"Vi trykker Golfskilt Tee p\u00e5 3-mm-kanalplast. Kanalplastskiltene bruges som teeskilte til firmagolf og fungerer som lave reklameskilte, der t\u00e5ler at blive brugt udend\u00f8rs.\" \/>\n<meta property=\"og:url\" content=\"https:\/\/www.gdirekt.se\/da\/produkt\/golfskilt-tee\/\" \/>\n<meta property=\"og:site_name\" content=\"Gdirekt.se\" \/>\n<meta property=\"article:modified_time\" content=\"2019-01-16T14:54:50+00:00\" \/>\n<meta property=\"og:image\" content=\"https:\/\/www.gdirekt.se\/wp-content\/uploads\/golfskylt_tee.png\" \/>\n\t<meta property=\"og:image:width\" content=\"1000\" \/>\n\t<meta property=\"og:image:height\" content=\"1000\" \/>\n\t<meta property=\"og:image:type\" content=\"image\/png\" \/>\n<meta name=\"twitter:card\" content=\"summary_large_image\" \/>\n<meta name=\"twitter:label1\" content=\"Estimeret l\u00e6setid\" \/>\n\t<meta name=\"twitter:data1\" content=\"1 minut\" \/>\n<script type=\"application\/ld+json\" class=\"yoast-schema-graph\">{\"@context\":\"https:\/\/schema.org\",\"@graph\":[{\"@type\":\"WebPage\",\"@id\":\"https:\/\/www.gdirekt.se\/da\/produkt\/golfskilt-tee\/\",\"url\":\"https:\/\/www.gdirekt.se\/da\/produkt\/golfskilt-tee\/\",\"name\":\"Golfskilt Tee med sin egen trykte reklamemeddelelse | Gdirekt.se\",\"isPartOf\":{\"@id\":\"https:\/\/www.gdirekt.se\/#website\"},\"primaryImageOfPage\":{\"@id\":\"https:\/\/www.gdirekt.se\/da\/produkt\/golfskilt-tee\/#primaryimage\"},\"image\":{\"@id\":\"https:\/\/www.gdirekt.se\/da\/produkt\/golfskilt-tee\/#primaryimage\"},\"thumbnailUrl\":\"https:\/\/www.gdirekt.se\/wp-content\/uploads\/golfskylt_tee.png\",\"datePublished\":\"2016-12-30T10:49:20+00:00\",\"dateModified\":\"2019-01-16T14:54:50+00:00\",\"description\":\"Vi trykker Golfskilt Tee p\u00e5 3-mm-kanalplast. Kanalplastskiltene bruges som teeskilte til firmagolf og fungerer som lave reklameskilte, der t\u00e5ler at blive brugt udend\u00f8rs.\",\"breadcrumb\":{\"@id\":\"https:\/\/www.gdirekt.se\/da\/produkt\/golfskilt-tee\/#breadcrumb\"},\"inLanguage\":\"da-DK\",\"potentialAction\":[{\"@type\":\"ReadAction\",\"target\":[\"https:\/\/www.gdirekt.se\/da\/produkt\/golfskilt-tee\/\"]}]},{\"@type\":\"ImageObject\",\"inLanguage\":\"da-DK\",\"@id\":\"https:\/\/www.gdirekt.se\/da\/produkt\/golfskilt-tee\/#primaryimage\",\"url\":\"https:\/\/www.gdirekt.se\/wp-content\/uploads\/golfskylt_tee.png\",\"contentUrl\":\"https:\/\/www.gdirekt.se\/wp-content\/uploads\/golfskylt_tee.png\",\"width\":1000,\"height\":1000,\"caption\":\"Skilt til virksomhedgolf om en trykt teeskilt\"},{\"@type\":\"BreadcrumbList\",\"@id\":\"https:\/\/www.gdirekt.se\/da\/produkt\/golfskilt-tee\/#breadcrumb\",\"itemListElement\":[{\"@type\":\"ListItem\",\"position\":1,\"name\":\"Hem\",\"item\":\"https:\/\/www.gdirekt.se\/da\/\"},{\"@type\":\"ListItem\",\"position\":2,\"name\":\"Start\",\"item\":\"https:\/\/www.gdirekt.se\/da\/\"},{\"@type\":\"ListItem\",\"position\":3,\"name\":\"Golfskilt Tee\"}]},{\"@type\":\"WebSite\",\"@id\":\"https:\/\/www.gdirekt.se\/#website\",\"url\":\"https:\/\/www.gdirekt.se\/\",\"name\":\"Gdirekt.se\",\"description\":\"Tryck snabbt \u00e5 l\u00e4tt = Gdirekt\",\"potentialAction\":[{\"@type\":\"SearchAction\",\"target\":{\"@type\":\"EntryPoint\",\"urlTemplate\":\"https:\/\/www.gdirekt.se\/?s={search_term_string}\"},\"query-input\":{\"@type\":\"PropertyValueSpecification\",\"valueRequired\":true,\"valueName\":\"search_term_string\"}}],\"inLanguage\":\"da-DK\"}]}<\/script>\n<!-- \/ Yoast SEO plugin. -->","yoast_head_json":{"title":"Golfskilt Tee med sin egen trykte reklamemeddelelse | Gdirekt.se","description":"Vi trykker Golfskilt Tee p\u00e5 3-mm-kanalplast. Kanalplastskiltene bruges som teeskilte til firmagolf og fungerer som lave reklameskilte, der t\u00e5ler at blive brugt udend\u00f8rs.","robots":{"index":"index","follow":"follow","max-snippet":"max-snippet:-1","max-image-preview":"max-image-preview:large","max-video-preview":"max-video-preview:-1"},"canonical":"https:\/\/www.gdirekt.se\/da\/produkt\/golfskilt-tee\/","og_locale":"da_DK","og_type":"article","og_title":"Golfskilt Tee med sin egen trykte reklamemeddelelse | Gdirekt.se","og_description":"Vi trykker Golfskilt Tee p\u00e5 3-mm-kanalplast. Kanalplastskiltene bruges som teeskilte til firmagolf og fungerer som lave reklameskilte, der t\u00e5ler at blive brugt udend\u00f8rs.","og_url":"https:\/\/www.gdirekt.se\/da\/produkt\/golfskilt-tee\/","og_site_name":"Gdirekt.se","article_modified_time":"2019-01-16T14:54:50+00:00","og_image":[{"width":1000,"height":1000,"url":"https:\/\/www.gdirekt.se\/wp-content\/uploads\/golfskylt_tee.png","type":"image\/png"}],"twitter_card":"summary_large_image","twitter_misc":{"Estimeret l\u00e6setid":"1 minut"},"schema":{"@context":"https:\/\/schema.org","@graph":[{"@type":"WebPage","@id":"https:\/\/www.gdirekt.se\/da\/produkt\/golfskilt-tee\/","url":"https:\/\/www.gdirekt.se\/da\/produkt\/golfskilt-tee\/","name":"Golfskilt Tee med sin egen trykte reklamemeddelelse | Gdirekt.se","isPartOf":{"@id":"https:\/\/www.gdirekt.se\/#website"},"primaryImageOfPage":{"@id":"https:\/\/www.gdirekt.se\/da\/produkt\/golfskilt-tee\/#primaryimage"},"image":{"@id":"https:\/\/www.gdirekt.se\/da\/produkt\/golfskilt-tee\/#primaryimage"},"thumbnailUrl":"https:\/\/www.gdirekt.se\/wp-content\/uploads\/golfskylt_tee.png","datePublished":"2016-12-30T10:49:20+00:00","dateModified":"2019-01-16T14:54:50+00:00","description":"Vi trykker Golfskilt Tee p\u00e5 3-mm-kanalplast. Kanalplastskiltene bruges som teeskilte til firmagolf og fungerer som lave reklameskilte, der t\u00e5ler at blive brugt udend\u00f8rs.","breadcrumb":{"@id":"https:\/\/www.gdirekt.se\/da\/produkt\/golfskilt-tee\/#breadcrumb"},"inLanguage":"da-DK","potentialAction":[{"@type":"ReadAction","target":["https:\/\/www.gdirekt.se\/da\/produkt\/golfskilt-tee\/"]}]},{"@type":"ImageObject","inLanguage":"da-DK","@id":"https:\/\/www.gdirekt.se\/da\/produkt\/golfskilt-tee\/#primaryimage","url":"https:\/\/www.gdirekt.se\/wp-content\/uploads\/golfskylt_tee.png","contentUrl":"https:\/\/www.gdirekt.se\/wp-content\/uploads\/golfskylt_tee.png","width":1000,"height":1000,"caption":"Skilt til virksomhedgolf om en trykt teeskilt"},{"@type":"BreadcrumbList","@id":"https:\/\/www.gdirekt.se\/da\/produkt\/golfskilt-tee\/#breadcrumb","itemListElement":[{"@type":"ListItem","position":1,"name":"Hem","item":"https:\/\/www.gdirekt.se\/da\/"},{"@type":"ListItem","position":2,"name":"Start","item":"https:\/\/www.gdirekt.se\/da\/"},{"@type":"ListItem","position":3,"name":"Golfskilt Tee"}]},{"@type":"WebSite","@id":"https:\/\/www.gdirekt.se\/#website","url":"https:\/\/www.gdirekt.se\/","name":"Gdirekt.se","description":"Tryck snabbt \u00e5 l\u00e4tt = Gdirekt","potentialAction":[{"@type":"SearchAction","target":{"@type":"EntryPoint","urlTemplate":"https:\/\/www.gdirekt.se\/?s={search_term_string}"},"query-input":{"@type":"PropertyValueSpecification","valueRequired":true,"valueName":"search_term_string"}}],"inLanguage":"da-DK"}]}},"_links":{"self":[{"href":"https:\/\/www.gdirekt.se\/da\/wp-json\/wp\/v2\/product\/9843","targetHints":{"allow":["GET"]}}],"collection":[{"href":"https:\/\/www.gdirekt.se\/da\/wp-json\/wp\/v2\/product"}],"about":[{"href":"https:\/\/www.gdirekt.se\/da\/wp-json\/wp\/v2\/types\/product"}],"wp:featuredmedia":[{"embeddable":true,"href":"https:\/\/www.gdirekt.se\/da\/wp-json\/wp\/v2\/media\/8390"}],"wp:attachment":[{"href":"https:\/\/www.gdirekt.se\/da\/wp-json\/wp\/v2\/media?parent=9843"}],"wp:term":[{"taxonomy":"product_brand","embeddable":true,"href":"https:\/\/www.gdirekt.se\/da\/wp-json\/wp\/v2\/product_brand?post=9843"},{"taxonomy":"product_cat","embeddable":true,"href":"https:\/\/www.gdirekt.se\/da\/wp-json\/wp\/v2\/product_cat?post=9843"},{"taxonomy":"product_tag","embeddable":true,"href":"https:\/\/www.gdirekt.se\/da\/wp-json\/wp\/v2\/product_tag?post=9843"}],"curies":[{"name":"wp","href":"https:\/\/api.w.org\/{rel}","templated":true}]}}