{"id":9838,"date":"2016-12-30T09:08:44","date_gmt":"2016-12-30T08:08:44","guid":{"rendered":"http:\/\/gdirekt.hamstage.hamrenmedia.se\/produkt\/display-som-aeske-og-pose\/"},"modified":"2019-01-16T15:53:36","modified_gmt":"2019-01-16T14:53:36","slug":"display-som-aeske-og-pose","status":"publish","type":"product","link":"https:\/\/www.gdirekt.se\/da\/produkt\/display-som-aeske-og-pose\/","title":{"rendered":"Display som \u00e6ske og pose"},"content":{"rendered":"<p><span lang=\"DA\">Display som \u00e6ske og pose er en butiksstander, der ses tydeligt i butikkerne. Perfekt butiksstander, der ligner en stor \u00e6ske, som man kan k\u00f8re budskaber og kampagner p\u00e5. Det kan v\u00e6re udsalgstilbud, konkurrencer eller anden information, som vi trykker p\u00e5 displaystanderen. Vi bruger et materiale, der hedder kanalplast, og det er 3 mm tykt. Fordelen ved dette materiale er, at det t\u00e5ler fugt og vand, s\u00e5 man burde faktisk kunne bruge denne reklameb\u00e6rer udend\u00f8rs, hvis man l\u00e6gger noget tyngde i den.<\/span><\/p>\n<p><span lang=\"DA\">Vores trykkeri anvender kun milj\u00f8venlig farve, og kvaliteten bliver den absolut bedste. Tekster kan trykkes i alle farver, og det er ogs\u00e5 muligt at bruge farvefotos. Download monteringstegningen for at se, hvordan \u00e6skerne skal s\u00e6ttes sammen. Et s\u00e5 stort display som \u00e6ske og pose med eget tryk giver maksimal opm\u00e6rksomhed. Fungerer godt, hvis man f.eks. skal udlodde en \u00e6ske med varer i en kampagne. En smart id\u00e9 er at s\u00e6tte en bund fast et godt stykke oppe i \u00e6sken og derefter fylde den med varer, s\u00e5 det ser ud, som om \u00e6sken er fuld.<\/span><\/p>\n<p><span lang=\"DA\">Der findes fire forskellige st\u00f8rrelser: 70 cm h\u00f8j, 130 cm h\u00f8j, 190 cm h\u00f8j og 200 cm h\u00f8j. Vi kan ogs\u00e5 hj\u00e6lpe jer med andre trykte displays i alle mulige st\u00f8rrelser og m\u00e5l. Se vores andre displays<span class=\"apple-converted-space\">\u00a0<\/span><strong><i><a href=\"https:\/\/www.gdirekt.se\/produkt-kategori\/reklamstall-och-butikdisplayer\/\">standarddisplays<\/a><\/i><\/strong>med pris direkte p\u00e5 hjemmesiden. Og det er ogs\u00e5 muligt at ringe til os p\u00e5 +46 (0) 11-251515 eller sende os en e-mail med sp\u00f8rgsm\u00e5l om priser p\u00e5<span class=\"apple-converted-space\">\u00a0<\/span><\/span><span lang=\"DA\"><a><i>info@gdirekt.se<\/i><\/a><\/span><\/p>\n<p><span lang=\"DA\">Vi har arbejdet med og produceret tryksager til kampagner og events i mange \u00e5r. I kan ogs\u00e5 se masser af forskellige l\u00f8sninger p\u00e5 vores hjemmeside for<span class=\"apple-converted-space\">\u00a0<\/span><\/span><span lang=\"DA\"><a href=\"http:\/\/www.gigantprint.se\/disply-plantryck\/displaystall\/\"><i>GigantPrint<\/i><\/a><\/span><span lang=\"DA\">.<\/span><\/p>\n","protected":false},"excerpt":{"rendered":"<p>Display som \u00e6ske og pose er en butiksstander, der giver opm\u00e6rksomhed. Udsalgsskilt, gevinst\u00e6ske, kampagnemateriale. Trykkes i store st\u00f8rrelser helt op til gigantiske! V\u00e6lg, hvad der passer til jeres event.<\/p>\n","protected":false},"featured_media":8376,"template":"","meta":{"_acf_changed":false},"product_brand":[],"product_cat":[357],"product_tag":[],"class_list":{"0":"post-9838","1":"product","2":"type-product","3":"status-publish","4":"has-post-thumbnail","6":"product_cat-reklamstall-og-butikdisplayer","8":"first","9":"instock","10":"taxable","11":"shipping-taxable","12":"purchasable","13":"product-type-variable","14":"has-default-attributes"},"exclude_global_add_ons":[],"addons":[],"acf":[],"yoast_head":"<!-- This site is optimized with the Yoast SEO plugin v27.2 - https:\/\/yoast.com\/product\/yoast-seo-wordpress\/ -->\n<title>Display som \u00e6ske og pose med sin egen unikke tryk | Gdirekt.se<\/title>\n<meta name=\"description\" content=\"Display som \u00e6ske og pose er en butiksstander, der giver opm\u00e6rksomhed. Udsalgsskilt, gevinst\u00e6ske, kampagnemateriale. Tryksager i store st\u00f8rrelser helt op til gigantiske.\" \/>\n<meta name=\"robots\" content=\"index, follow, max-snippet:-1, max-image-preview:large, max-video-preview:-1\" \/>\n<link rel=\"canonical\" href=\"https:\/\/www.gdirekt.se\/da\/produkt\/display-som-aeske-og-pose\/\" \/>\n<meta property=\"og:locale\" content=\"da_DK\" \/>\n<meta property=\"og:type\" content=\"article\" \/>\n<meta property=\"og:title\" content=\"Display som \u00e6ske og pose med sin egen unikke tryk | Gdirekt.se\" \/>\n<meta property=\"og:description\" content=\"Display som \u00e6ske og pose er en butiksstander, der giver opm\u00e6rksomhed. Udsalgsskilt, gevinst\u00e6ske, kampagnemateriale. Tryksager i store st\u00f8rrelser helt op til gigantiske.\" \/>\n<meta property=\"og:url\" content=\"https:\/\/www.gdirekt.se\/da\/produkt\/display-som-aeske-og-pose\/\" \/>\n<meta property=\"og:site_name\" content=\"Gdirekt.se\" \/>\n<meta property=\"article:modified_time\" content=\"2019-01-16T14:53:36+00:00\" \/>\n<meta property=\"og:image\" content=\"https:\/\/www.gdirekt.se\/wp-content\/uploads\/kasse.png\" \/>\n\t<meta property=\"og:image:width\" content=\"1000\" \/>\n\t<meta property=\"og:image:height\" content=\"1000\" \/>\n\t<meta property=\"og:image:type\" content=\"image\/png\" \/>\n<meta name=\"twitter:card\" content=\"summary_large_image\" \/>\n<meta name=\"twitter:label1\" content=\"Estimeret l\u00e6setid\" \/>\n\t<meta name=\"twitter:data1\" content=\"1 minut\" \/>\n<script type=\"application\/ld+json\" class=\"yoast-schema-graph\">{\"@context\":\"https:\/\/schema.org\",\"@graph\":[{\"@type\":\"WebPage\",\"@id\":\"https:\/\/www.gdirekt.se\/da\/produkt\/display-som-aeske-og-pose\/\",\"url\":\"https:\/\/www.gdirekt.se\/da\/produkt\/display-som-aeske-og-pose\/\",\"name\":\"Display som \u00e6ske og pose med sin egen unikke tryk | Gdirekt.se\",\"isPartOf\":{\"@id\":\"https:\/\/www.gdirekt.se\/#website\"},\"primaryImageOfPage\":{\"@id\":\"https:\/\/www.gdirekt.se\/da\/produkt\/display-som-aeske-og-pose\/#primaryimage\"},\"image\":{\"@id\":\"https:\/\/www.gdirekt.se\/da\/produkt\/display-som-aeske-og-pose\/#primaryimage\"},\"thumbnailUrl\":\"https:\/\/www.gdirekt.se\/wp-content\/uploads\/kasse.png\",\"datePublished\":\"2016-12-30T08:08:44+00:00\",\"dateModified\":\"2019-01-16T14:53:36+00:00\",\"description\":\"Display som \u00e6ske og pose er en butiksstander, der giver opm\u00e6rksomhed. Udsalgsskilt, gevinst\u00e6ske, kampagnemateriale. Tryksager i store st\u00f8rrelser helt op til gigantiske.\",\"breadcrumb\":{\"@id\":\"https:\/\/www.gdirekt.se\/da\/produkt\/display-som-aeske-og-pose\/#breadcrumb\"},\"inLanguage\":\"da-DK\",\"potentialAction\":[{\"@type\":\"ReadAction\",\"target\":[\"https:\/\/www.gdirekt.se\/da\/produkt\/display-som-aeske-og-pose\/\"]}]},{\"@type\":\"ImageObject\",\"inLanguage\":\"da-DK\",\"@id\":\"https:\/\/www.gdirekt.se\/da\/produkt\/display-som-aeske-og-pose\/#primaryimage\",\"url\":\"https:\/\/www.gdirekt.se\/wp-content\/uploads\/kasse.png\",\"contentUrl\":\"https:\/\/www.gdirekt.se\/wp-content\/uploads\/kasse.png\",\"width\":1000,\"height\":1000,\"caption\":\"Stora kassar i kanalplast med eget tryck\"},{\"@type\":\"BreadcrumbList\",\"@id\":\"https:\/\/www.gdirekt.se\/da\/produkt\/display-som-aeske-og-pose\/#breadcrumb\",\"itemListElement\":[{\"@type\":\"ListItem\",\"position\":1,\"name\":\"Hem\",\"item\":\"https:\/\/www.gdirekt.se\/da\/\"},{\"@type\":\"ListItem\",\"position\":2,\"name\":\"Start\",\"item\":\"https:\/\/www.gdirekt.se\/da\/\"},{\"@type\":\"ListItem\",\"position\":3,\"name\":\"Display som \u00e6ske og pose\"}]},{\"@type\":\"WebSite\",\"@id\":\"https:\/\/www.gdirekt.se\/#website\",\"url\":\"https:\/\/www.gdirekt.se\/\",\"name\":\"Gdirekt.se\",\"description\":\"Tryck snabbt \u00e5 l\u00e4tt = Gdirekt\",\"potentialAction\":[{\"@type\":\"SearchAction\",\"target\":{\"@type\":\"EntryPoint\",\"urlTemplate\":\"https:\/\/www.gdirekt.se\/?s={search_term_string}\"},\"query-input\":{\"@type\":\"PropertyValueSpecification\",\"valueRequired\":true,\"valueName\":\"search_term_string\"}}],\"inLanguage\":\"da-DK\"}]}<\/script>\n<!-- \/ Yoast SEO plugin. -->","yoast_head_json":{"title":"Display som \u00e6ske og pose med sin egen unikke tryk | Gdirekt.se","description":"Display som \u00e6ske og pose er en butiksstander, der giver opm\u00e6rksomhed. Udsalgsskilt, gevinst\u00e6ske, kampagnemateriale. Tryksager i store st\u00f8rrelser helt op til gigantiske.","robots":{"index":"index","follow":"follow","max-snippet":"max-snippet:-1","max-image-preview":"max-image-preview:large","max-video-preview":"max-video-preview:-1"},"canonical":"https:\/\/www.gdirekt.se\/da\/produkt\/display-som-aeske-og-pose\/","og_locale":"da_DK","og_type":"article","og_title":"Display som \u00e6ske og pose med sin egen unikke tryk | Gdirekt.se","og_description":"Display som \u00e6ske og pose er en butiksstander, der giver opm\u00e6rksomhed. Udsalgsskilt, gevinst\u00e6ske, kampagnemateriale. Tryksager i store st\u00f8rrelser helt op til gigantiske.","og_url":"https:\/\/www.gdirekt.se\/da\/produkt\/display-som-aeske-og-pose\/","og_site_name":"Gdirekt.se","article_modified_time":"2019-01-16T14:53:36+00:00","og_image":[{"width":1000,"height":1000,"url":"https:\/\/www.gdirekt.se\/wp-content\/uploads\/kasse.png","type":"image\/png"}],"twitter_card":"summary_large_image","twitter_misc":{"Estimeret l\u00e6setid":"1 minut"},"schema":{"@context":"https:\/\/schema.org","@graph":[{"@type":"WebPage","@id":"https:\/\/www.gdirekt.se\/da\/produkt\/display-som-aeske-og-pose\/","url":"https:\/\/www.gdirekt.se\/da\/produkt\/display-som-aeske-og-pose\/","name":"Display som \u00e6ske og pose med sin egen unikke tryk | Gdirekt.se","isPartOf":{"@id":"https:\/\/www.gdirekt.se\/#website"},"primaryImageOfPage":{"@id":"https:\/\/www.gdirekt.se\/da\/produkt\/display-som-aeske-og-pose\/#primaryimage"},"image":{"@id":"https:\/\/www.gdirekt.se\/da\/produkt\/display-som-aeske-og-pose\/#primaryimage"},"thumbnailUrl":"https:\/\/www.gdirekt.se\/wp-content\/uploads\/kasse.png","datePublished":"2016-12-30T08:08:44+00:00","dateModified":"2019-01-16T14:53:36+00:00","description":"Display som \u00e6ske og pose er en butiksstander, der giver opm\u00e6rksomhed. Udsalgsskilt, gevinst\u00e6ske, kampagnemateriale. Tryksager i store st\u00f8rrelser helt op til gigantiske.","breadcrumb":{"@id":"https:\/\/www.gdirekt.se\/da\/produkt\/display-som-aeske-og-pose\/#breadcrumb"},"inLanguage":"da-DK","potentialAction":[{"@type":"ReadAction","target":["https:\/\/www.gdirekt.se\/da\/produkt\/display-som-aeske-og-pose\/"]}]},{"@type":"ImageObject","inLanguage":"da-DK","@id":"https:\/\/www.gdirekt.se\/da\/produkt\/display-som-aeske-og-pose\/#primaryimage","url":"https:\/\/www.gdirekt.se\/wp-content\/uploads\/kasse.png","contentUrl":"https:\/\/www.gdirekt.se\/wp-content\/uploads\/kasse.png","width":1000,"height":1000,"caption":"Stora kassar i kanalplast med eget tryck"},{"@type":"BreadcrumbList","@id":"https:\/\/www.gdirekt.se\/da\/produkt\/display-som-aeske-og-pose\/#breadcrumb","itemListElement":[{"@type":"ListItem","position":1,"name":"Hem","item":"https:\/\/www.gdirekt.se\/da\/"},{"@type":"ListItem","position":2,"name":"Start","item":"https:\/\/www.gdirekt.se\/da\/"},{"@type":"ListItem","position":3,"name":"Display som \u00e6ske og pose"}]},{"@type":"WebSite","@id":"https:\/\/www.gdirekt.se\/#website","url":"https:\/\/www.gdirekt.se\/","name":"Gdirekt.se","description":"Tryck snabbt \u00e5 l\u00e4tt = Gdirekt","potentialAction":[{"@type":"SearchAction","target":{"@type":"EntryPoint","urlTemplate":"https:\/\/www.gdirekt.se\/?s={search_term_string}"},"query-input":{"@type":"PropertyValueSpecification","valueRequired":true,"valueName":"search_term_string"}}],"inLanguage":"da-DK"}]}},"_links":{"self":[{"href":"https:\/\/www.gdirekt.se\/da\/wp-json\/wp\/v2\/product\/9838","targetHints":{"allow":["GET"]}}],"collection":[{"href":"https:\/\/www.gdirekt.se\/da\/wp-json\/wp\/v2\/product"}],"about":[{"href":"https:\/\/www.gdirekt.se\/da\/wp-json\/wp\/v2\/types\/product"}],"wp:featuredmedia":[{"embeddable":true,"href":"https:\/\/www.gdirekt.se\/da\/wp-json\/wp\/v2\/media\/8376"}],"wp:attachment":[{"href":"https:\/\/www.gdirekt.se\/da\/wp-json\/wp\/v2\/media?parent=9838"}],"wp:term":[{"taxonomy":"product_brand","embeddable":true,"href":"https:\/\/www.gdirekt.se\/da\/wp-json\/wp\/v2\/product_brand?post=9838"},{"taxonomy":"product_cat","embeddable":true,"href":"https:\/\/www.gdirekt.se\/da\/wp-json\/wp\/v2\/product_cat?post=9838"},{"taxonomy":"product_tag","embeddable":true,"href":"https:\/\/www.gdirekt.se\/da\/wp-json\/wp\/v2\/product_tag?post=9838"}],"curies":[{"name":"wp","href":"https:\/\/api.w.org\/{rel}","templated":true}]}}