{"id":9819,"date":"2016-12-28T16:20:03","date_gmt":"2016-12-28T15:20:03","guid":{"rendered":"http:\/\/gdirekt.hamstage.hamrenmedia.se\/produkt\/borddisplay-i-karton\/"},"modified":"2019-01-16T15:54:02","modified_gmt":"2019-01-16T14:54:02","slug":"borddisplay-i-karton","status":"publish","type":"product","link":"https:\/\/www.gdirekt.se\/da\/produkt\/borddisplay-i-karton\/","title":{"rendered":"Borddisplay i karton"},"content":{"rendered":"<p><span lang=\"DA\">Borddisplay i karton 500 gram med bagst\u00f8tte er et flot reklamedisplay p\u00e5 en skranke eller i en butik. Bestil bordstandere i st\u00f8rrelse A5, A4 eller A3, s\u00e5 er jeres kampagne synlig. Vi kan hj\u00e6lpe jer med alle mulige displays i karton. Se flere trykte displays i karton eller minib\u00f8lgepap p\u00e5<span class=\"apple-converted-space\">\u00a0<\/span><\/span><span lang=\"DA\"><a href=\"https:\/\/www.gdirekt.se\/produkt-kategori\/reklamstall-och-butikdisplayer\/\"><b><i>denne side<\/i><\/b><\/a><\/span><span lang=\"DA\">.<\/span><\/p>\n<p><span lang=\"DA\">Vi hj\u00e6lper jer med at bestille borddisplays i alle mulige forskellige former og st\u00f8rrelser. Det beh\u00f8ver heller ikke v\u00e6re i karton, det er mere t\u00e6nkt som et standardeksempel. Vi kan producere borddisplays i alle mulige slags materialer. Alt fra plexiglas og plast til tr\u00e6 for at skabe den rette indretning, der passer til de produkter, man skal vise. I flere tilf\u00e6lde blander vi forskellige materialer; man kan f.eks. bruge trykt karton med dele af plexiglas som vindue.<\/span><\/p>\n<p><span lang=\"DA\">Man placerer oftest disse trykte kartonstandere p\u00e5 en skranke i en forretning eller butik. Det er ogs\u00e5 muligt at tilf\u00f8je rum eller holdere til flyers og andet trykt materiale. Send os en e-mail p\u00e5<\/span><span lang=\"DA\"><a><b><i>info@gdirekt.se<\/i><\/b><\/a><\/span><span lang=\"DA\">, eller ring p\u00e5 +46 (0) 11-251515, s\u00e5 kan vi dr\u00f8fte og n\u00e5 frem til det flotteste design eller den flotteste variant af et trykt display.<\/span><\/p>\n","protected":false},"excerpt":{"rendered":"<p>Borddisplay i karton med bagst\u00f8tte er et godt reklamedisplay p\u00e5 en skranke eller i en butik. Bestil bordstandere i st\u00f8rrelse A5, A4 eller A3, s\u00e5 er jeres kampagne synlig.<\/p>\n","protected":false},"featured_media":8354,"template":"","meta":{"_acf_changed":false},"product_brand":[],"product_cat":[357,378],"product_tag":[],"class_list":{"0":"post-9819","1":"product","2":"type-product","3":"status-publish","4":"has-post-thumbnail","6":"product_cat-reklamstall-og-butikdisplayer","7":"product_cat-skilte","9":"first","10":"instock","11":"taxable","12":"shipping-taxable","13":"purchasable","14":"product-type-variable","15":"has-default-attributes"},"exclude_global_add_ons":[],"addons":[],"acf":[],"yoast_head":"<!-- This site is optimized with the Yoast SEO plugin v27.2 - https:\/\/yoast.com\/product\/yoast-seo-wordpress\/ -->\n<title>Borddisplay i karton Tryk til counter og messen | Gdirekt.se<\/title>\n<meta name=\"description\" content=\"Borddisplay i karton med bagst\u00f8tte er et godt reklamedisplay p\u00e5 en skranke eller i en butik. Bestil bordstandere i st\u00f8rrelse A5, A4 eller A3, s\u00e5 er jeres kampagne synlig.\" \/>\n<meta name=\"robots\" content=\"index, follow, max-snippet:-1, max-image-preview:large, max-video-preview:-1\" \/>\n<link rel=\"canonical\" href=\"https:\/\/www.gdirekt.se\/da\/produkt\/borddisplay-i-karton\/\" \/>\n<meta property=\"og:locale\" content=\"da_DK\" \/>\n<meta property=\"og:type\" content=\"article\" \/>\n<meta property=\"og:title\" content=\"Borddisplay i karton Tryk til counter og messen | Gdirekt.se\" \/>\n<meta property=\"og:description\" content=\"Borddisplay i karton med bagst\u00f8tte er et godt reklamedisplay p\u00e5 en skranke eller i en butik. Bestil bordstandere i st\u00f8rrelse A5, A4 eller A3, s\u00e5 er jeres kampagne synlig.\" \/>\n<meta property=\"og:url\" content=\"https:\/\/www.gdirekt.se\/da\/produkt\/borddisplay-i-karton\/\" \/>\n<meta property=\"og:site_name\" content=\"Gdirekt.se\" \/>\n<meta property=\"article:modified_time\" content=\"2019-01-16T14:54:02+00:00\" \/>\n<meta property=\"og:image\" content=\"https:\/\/www.gdirekt.se\/wp-content\/uploads\/bordsdisplay.png\" \/>\n\t<meta property=\"og:image:width\" content=\"1000\" \/>\n\t<meta property=\"og:image:height\" content=\"1000\" \/>\n\t<meta property=\"og:image:type\" content=\"image\/png\" \/>\n<meta name=\"twitter:card\" content=\"summary_large_image\" \/>\n<meta name=\"twitter:label1\" content=\"Estimeret l\u00e6setid\" \/>\n\t<meta name=\"twitter:data1\" content=\"1 minut\" \/>\n<script type=\"application\/ld+json\" class=\"yoast-schema-graph\">{\"@context\":\"https:\/\/schema.org\",\"@graph\":[{\"@type\":\"WebPage\",\"@id\":\"https:\/\/www.gdirekt.se\/da\/produkt\/borddisplay-i-karton\/\",\"url\":\"https:\/\/www.gdirekt.se\/da\/produkt\/borddisplay-i-karton\/\",\"name\":\"Borddisplay i karton Tryk til counter og messen | Gdirekt.se\",\"isPartOf\":{\"@id\":\"https:\/\/www.gdirekt.se\/#website\"},\"primaryImageOfPage\":{\"@id\":\"https:\/\/www.gdirekt.se\/da\/produkt\/borddisplay-i-karton\/#primaryimage\"},\"image\":{\"@id\":\"https:\/\/www.gdirekt.se\/da\/produkt\/borddisplay-i-karton\/#primaryimage\"},\"thumbnailUrl\":\"https:\/\/www.gdirekt.se\/wp-content\/uploads\/bordsdisplay.png\",\"datePublished\":\"2016-12-28T15:20:03+00:00\",\"dateModified\":\"2019-01-16T14:54:02+00:00\",\"description\":\"Borddisplay i karton med bagst\u00f8tte er et godt reklamedisplay p\u00e5 en skranke eller i en butik. Bestil bordstandere i st\u00f8rrelse A5, A4 eller A3, s\u00e5 er jeres kampagne synlig.\",\"breadcrumb\":{\"@id\":\"https:\/\/www.gdirekt.se\/da\/produkt\/borddisplay-i-karton\/#breadcrumb\"},\"inLanguage\":\"da-DK\",\"potentialAction\":[{\"@type\":\"ReadAction\",\"target\":[\"https:\/\/www.gdirekt.se\/da\/produkt\/borddisplay-i-karton\/\"]}]},{\"@type\":\"ImageObject\",\"inLanguage\":\"da-DK\",\"@id\":\"https:\/\/www.gdirekt.se\/da\/produkt\/borddisplay-i-karton\/#primaryimage\",\"url\":\"https:\/\/www.gdirekt.se\/wp-content\/uploads\/bordsdisplay.png\",\"contentUrl\":\"https:\/\/www.gdirekt.se\/wp-content\/uploads\/bordsdisplay.png\",\"width\":1000,\"height\":1000,\"caption\":\"Kartongskylt med hj\u00e4rtst\u00f6d\"},{\"@type\":\"BreadcrumbList\",\"@id\":\"https:\/\/www.gdirekt.se\/da\/produkt\/borddisplay-i-karton\/#breadcrumb\",\"itemListElement\":[{\"@type\":\"ListItem\",\"position\":1,\"name\":\"Hem\",\"item\":\"https:\/\/www.gdirekt.se\/da\/\"},{\"@type\":\"ListItem\",\"position\":2,\"name\":\"Start\",\"item\":\"https:\/\/www.gdirekt.se\/da\/\"},{\"@type\":\"ListItem\",\"position\":3,\"name\":\"Borddisplay i karton\"}]},{\"@type\":\"WebSite\",\"@id\":\"https:\/\/www.gdirekt.se\/#website\",\"url\":\"https:\/\/www.gdirekt.se\/\",\"name\":\"Gdirekt.se\",\"description\":\"Tryck snabbt \u00e5 l\u00e4tt = Gdirekt\",\"potentialAction\":[{\"@type\":\"SearchAction\",\"target\":{\"@type\":\"EntryPoint\",\"urlTemplate\":\"https:\/\/www.gdirekt.se\/?s={search_term_string}\"},\"query-input\":{\"@type\":\"PropertyValueSpecification\",\"valueRequired\":true,\"valueName\":\"search_term_string\"}}],\"inLanguage\":\"da-DK\"}]}<\/script>\n<!-- \/ Yoast SEO plugin. -->","yoast_head_json":{"title":"Borddisplay i karton Tryk til counter og messen | Gdirekt.se","description":"Borddisplay i karton med bagst\u00f8tte er et godt reklamedisplay p\u00e5 en skranke eller i en butik. Bestil bordstandere i st\u00f8rrelse A5, A4 eller A3, s\u00e5 er jeres kampagne synlig.","robots":{"index":"index","follow":"follow","max-snippet":"max-snippet:-1","max-image-preview":"max-image-preview:large","max-video-preview":"max-video-preview:-1"},"canonical":"https:\/\/www.gdirekt.se\/da\/produkt\/borddisplay-i-karton\/","og_locale":"da_DK","og_type":"article","og_title":"Borddisplay i karton Tryk til counter og messen | Gdirekt.se","og_description":"Borddisplay i karton med bagst\u00f8tte er et godt reklamedisplay p\u00e5 en skranke eller i en butik. Bestil bordstandere i st\u00f8rrelse A5, A4 eller A3, s\u00e5 er jeres kampagne synlig.","og_url":"https:\/\/www.gdirekt.se\/da\/produkt\/borddisplay-i-karton\/","og_site_name":"Gdirekt.se","article_modified_time":"2019-01-16T14:54:02+00:00","og_image":[{"width":1000,"height":1000,"url":"https:\/\/www.gdirekt.se\/wp-content\/uploads\/bordsdisplay.png","type":"image\/png"}],"twitter_card":"summary_large_image","twitter_misc":{"Estimeret l\u00e6setid":"1 minut"},"schema":{"@context":"https:\/\/schema.org","@graph":[{"@type":"WebPage","@id":"https:\/\/www.gdirekt.se\/da\/produkt\/borddisplay-i-karton\/","url":"https:\/\/www.gdirekt.se\/da\/produkt\/borddisplay-i-karton\/","name":"Borddisplay i karton Tryk til counter og messen | Gdirekt.se","isPartOf":{"@id":"https:\/\/www.gdirekt.se\/#website"},"primaryImageOfPage":{"@id":"https:\/\/www.gdirekt.se\/da\/produkt\/borddisplay-i-karton\/#primaryimage"},"image":{"@id":"https:\/\/www.gdirekt.se\/da\/produkt\/borddisplay-i-karton\/#primaryimage"},"thumbnailUrl":"https:\/\/www.gdirekt.se\/wp-content\/uploads\/bordsdisplay.png","datePublished":"2016-12-28T15:20:03+00:00","dateModified":"2019-01-16T14:54:02+00:00","description":"Borddisplay i karton med bagst\u00f8tte er et godt reklamedisplay p\u00e5 en skranke eller i en butik. Bestil bordstandere i st\u00f8rrelse A5, A4 eller A3, s\u00e5 er jeres kampagne synlig.","breadcrumb":{"@id":"https:\/\/www.gdirekt.se\/da\/produkt\/borddisplay-i-karton\/#breadcrumb"},"inLanguage":"da-DK","potentialAction":[{"@type":"ReadAction","target":["https:\/\/www.gdirekt.se\/da\/produkt\/borddisplay-i-karton\/"]}]},{"@type":"ImageObject","inLanguage":"da-DK","@id":"https:\/\/www.gdirekt.se\/da\/produkt\/borddisplay-i-karton\/#primaryimage","url":"https:\/\/www.gdirekt.se\/wp-content\/uploads\/bordsdisplay.png","contentUrl":"https:\/\/www.gdirekt.se\/wp-content\/uploads\/bordsdisplay.png","width":1000,"height":1000,"caption":"Kartongskylt med hj\u00e4rtst\u00f6d"},{"@type":"BreadcrumbList","@id":"https:\/\/www.gdirekt.se\/da\/produkt\/borddisplay-i-karton\/#breadcrumb","itemListElement":[{"@type":"ListItem","position":1,"name":"Hem","item":"https:\/\/www.gdirekt.se\/da\/"},{"@type":"ListItem","position":2,"name":"Start","item":"https:\/\/www.gdirekt.se\/da\/"},{"@type":"ListItem","position":3,"name":"Borddisplay i karton"}]},{"@type":"WebSite","@id":"https:\/\/www.gdirekt.se\/#website","url":"https:\/\/www.gdirekt.se\/","name":"Gdirekt.se","description":"Tryck snabbt \u00e5 l\u00e4tt = Gdirekt","potentialAction":[{"@type":"SearchAction","target":{"@type":"EntryPoint","urlTemplate":"https:\/\/www.gdirekt.se\/?s={search_term_string}"},"query-input":{"@type":"PropertyValueSpecification","valueRequired":true,"valueName":"search_term_string"}}],"inLanguage":"da-DK"}]}},"_links":{"self":[{"href":"https:\/\/www.gdirekt.se\/da\/wp-json\/wp\/v2\/product\/9819","targetHints":{"allow":["GET"]}}],"collection":[{"href":"https:\/\/www.gdirekt.se\/da\/wp-json\/wp\/v2\/product"}],"about":[{"href":"https:\/\/www.gdirekt.se\/da\/wp-json\/wp\/v2\/types\/product"}],"wp:featuredmedia":[{"embeddable":true,"href":"https:\/\/www.gdirekt.se\/da\/wp-json\/wp\/v2\/media\/8354"}],"wp:attachment":[{"href":"https:\/\/www.gdirekt.se\/da\/wp-json\/wp\/v2\/media?parent=9819"}],"wp:term":[{"taxonomy":"product_brand","embeddable":true,"href":"https:\/\/www.gdirekt.se\/da\/wp-json\/wp\/v2\/product_brand?post=9819"},{"taxonomy":"product_cat","embeddable":true,"href":"https:\/\/www.gdirekt.se\/da\/wp-json\/wp\/v2\/product_cat?post=9819"},{"taxonomy":"product_tag","embeddable":true,"href":"https:\/\/www.gdirekt.se\/da\/wp-json\/wp\/v2\/product_tag?post=9819"}],"curies":[{"name":"wp","href":"https:\/\/api.w.org\/{rel}","templated":true}]}}