{"id":9814,"date":"2017-04-28T14:11:34","date_gmt":"2017-04-28T12:11:34","guid":{"rendered":"http:\/\/gdirekt.hamstage.hamrenmedia.se\/produkt\/snapramme-lasbar\/"},"modified":"2017-04-28T14:11:34","modified_gmt":"2017-04-28T12:11:34","slug":"snapramme-lasbar","status":"publish","type":"product","link":"https:\/\/www.gdirekt.se\/da\/produkt\/snapramme-lasbar\/","title":{"rendered":"Snapramme l\u00e5sbar"},"content":{"rendered":"<p><span lang=\"DA\">Snapramme l\u00e5sbar, i aluminium kan bruges b\u00e5de inde og ude. De ruster ikke og holder utrolig godt. N\u00e5r I bestiller en eller flere aluminiumsrammer hos os, er frontplasten inkluderet som ekstra beskyttelse. Disse rammer f\u00e5s i forskellige standardst\u00f8rrelser A4 (297 x 210 mm), A3 (297 x 420 mm), 50 x 70 cm og 70 x 100 cm. Snapramme og klikramme er en og samme ting (s\u00e5 bliv ikke forvirret).<\/span><\/p>\n<h3><span lang=\"DA\">Snapramme l\u00e5sbar med unbrakon\u00f8gle og skrue.<\/span><\/h3>\n<p><span lang=\"DA\">Man l\u00e5ser alle rammens sider med en unbrakon\u00f8gle (sekskantn\u00f8gle\/Allen wrench\/Allen key) p\u00e5 den nederste profil.<\/span><\/p>\n<p><span lang=\"DA\">Disse aluminiumsrammer monteres nemt og let p\u00e5 v\u00e6ggen eller andre konstruktioner som f.eks. hylder og interi\u00f8r. Fire stk. skruer og rawlplugs er inkluderet. Selve snapkonstruktionen er meget kraftig og holder den trykte poster eller alternativt den regnfaste, tynde plastplakat fast. Du kan bestille\u00a0<\/span><span lang=\"DA\"><a href=\"https:\/\/www.gdirekt.se\/produkt-kategori\/posters-och-affischer\/\">trykte plakater med et personligt budskab her!<\/a><\/span><\/p>\n<p><span lang=\"DA\">Profilbredderne til A4-snaprammerne er 25 mm. Til snaprammer i st\u00f8rrelsen A3, 50 x 70 cm og 70 x 100 cm er profilbredden 32 mm.<\/span><\/p>\n","protected":false},"excerpt":{"rendered":"<p>Snapramme l\u00e5sbar i aluminium f\u00e5s i st\u00f8rrelserne A4, A3, 50 x 70 cm og 70 x 100 cm. Rammerne er meget robuste og kan bruges b\u00e5de inde og ude. Skrue og rawlplug er inkluderet.\u00a0Alle sider l\u00e5ses nemt med en unbrakon\u00f8gle i den nederste profil.<\/p>\n","protected":false},"featured_media":8756,"template":"","meta":{"_acf_changed":false},"product_brand":[],"product_cat":[376],"product_tag":[],"class_list":{"0":"post-9814","1":"product","2":"type-product","3":"status-publish","4":"has-post-thumbnail","6":"product_cat-rammer-til-fotobilleder","7":"product_shipping_class-180sek","9":"first","10":"instock","11":"taxable","12":"shipping-taxable","13":"purchasable","14":"product-type-variable","15":"has-default-attributes"},"exclude_global_add_ons":[],"addons":[],"acf":[],"yoast_head":"<!-- This site is optimized with the Yoast SEO plugin v27.2 - https:\/\/yoast.com\/product\/yoast-seo-wordpress\/ -->\n<title>Snapramme l\u00e5sbar til indend\u00f8rs og udend\u00f8rs i A4, A3, 50x70cm og 70x100cm | Gdirekt.se<\/title>\n<meta name=\"description\" content=\"Snapramme l\u00e5sbar i aluminium, bestil i st\u00f8rrelse A4, A3, 50 x 70 og 70 x 100. K\u00f8b sikkerhedsramme af leverand\u00f8r i natureloxeret aluminium. Kan bruges udend\u00f8rs.\" \/>\n<meta name=\"robots\" content=\"index, follow, max-snippet:-1, max-image-preview:large, max-video-preview:-1\" \/>\n<link rel=\"canonical\" href=\"https:\/\/www.gdirekt.se\/da\/produkt\/snapramme-lasbar\/\" \/>\n<meta property=\"og:locale\" content=\"da_DK\" \/>\n<meta property=\"og:type\" content=\"article\" \/>\n<meta property=\"og:title\" content=\"Snapramme l\u00e5sbar til indend\u00f8rs og udend\u00f8rs i A4, A3, 50x70cm og 70x100cm | Gdirekt.se\" \/>\n<meta property=\"og:description\" content=\"Snapramme l\u00e5sbar i aluminium, bestil i st\u00f8rrelse A4, A3, 50 x 70 og 70 x 100. K\u00f8b sikkerhedsramme af leverand\u00f8r i natureloxeret aluminium. Kan bruges udend\u00f8rs.\" \/>\n<meta property=\"og:url\" content=\"https:\/\/www.gdirekt.se\/da\/produkt\/snapramme-lasbar\/\" \/>\n<meta property=\"og:site_name\" content=\"Gdirekt.se\" \/>\n<meta property=\"og:image\" content=\"https:\/\/www.gdirekt.se\/wp-content\/uploads\/lasbar_snappram.png\" \/>\n\t<meta property=\"og:image:width\" content=\"1000\" \/>\n\t<meta property=\"og:image:height\" content=\"1000\" \/>\n\t<meta property=\"og:image:type\" content=\"image\/png\" \/>\n<meta name=\"twitter:card\" content=\"summary_large_image\" \/>\n<meta name=\"twitter:label1\" content=\"Estimeret l\u00e6setid\" \/>\n\t<meta name=\"twitter:data1\" content=\"1 minut\" \/>\n<script type=\"application\/ld+json\" class=\"yoast-schema-graph\">{\"@context\":\"https:\/\/schema.org\",\"@graph\":[{\"@type\":\"WebPage\",\"@id\":\"https:\/\/www.gdirekt.se\/da\/produkt\/snapramme-lasbar\/\",\"url\":\"https:\/\/www.gdirekt.se\/da\/produkt\/snapramme-lasbar\/\",\"name\":\"Snapramme l\u00e5sbar til indend\u00f8rs og udend\u00f8rs i A4, A3, 50x70cm og 70x100cm | Gdirekt.se\",\"isPartOf\":{\"@id\":\"https:\/\/www.gdirekt.se\/#website\"},\"primaryImageOfPage\":{\"@id\":\"https:\/\/www.gdirekt.se\/da\/produkt\/snapramme-lasbar\/#primaryimage\"},\"image\":{\"@id\":\"https:\/\/www.gdirekt.se\/da\/produkt\/snapramme-lasbar\/#primaryimage\"},\"thumbnailUrl\":\"https:\/\/www.gdirekt.se\/wp-content\/uploads\/lasbar_snappram.png\",\"datePublished\":\"2017-04-28T12:11:34+00:00\",\"description\":\"Snapramme l\u00e5sbar i aluminium, bestil i st\u00f8rrelse A4, A3, 50 x 70 og 70 x 100. K\u00f8b sikkerhedsramme af leverand\u00f8r i natureloxeret aluminium. Kan bruges udend\u00f8rs.\",\"breadcrumb\":{\"@id\":\"https:\/\/www.gdirekt.se\/da\/produkt\/snapramme-lasbar\/#breadcrumb\"},\"inLanguage\":\"da-DK\",\"potentialAction\":[{\"@type\":\"ReadAction\",\"target\":[\"https:\/\/www.gdirekt.se\/da\/produkt\/snapramme-lasbar\/\"]}]},{\"@type\":\"ImageObject\",\"inLanguage\":\"da-DK\",\"@id\":\"https:\/\/www.gdirekt.se\/da\/produkt\/snapramme-lasbar\/#primaryimage\",\"url\":\"https:\/\/www.gdirekt.se\/wp-content\/uploads\/lasbar_snappram.png\",\"contentUrl\":\"https:\/\/www.gdirekt.se\/wp-content\/uploads\/lasbar_snappram.png\",\"width\":1000,\"height\":1000,\"caption\":\"L\u00e5sbare aluminiumsrammer\"},{\"@type\":\"BreadcrumbList\",\"@id\":\"https:\/\/www.gdirekt.se\/da\/produkt\/snapramme-lasbar\/#breadcrumb\",\"itemListElement\":[{\"@type\":\"ListItem\",\"position\":1,\"name\":\"Hem\",\"item\":\"https:\/\/www.gdirekt.se\/da\/\"},{\"@type\":\"ListItem\",\"position\":2,\"name\":\"Start\",\"item\":\"https:\/\/www.gdirekt.se\/da\/\"},{\"@type\":\"ListItem\",\"position\":3,\"name\":\"Snapramme l\u00e5sbar\"}]},{\"@type\":\"WebSite\",\"@id\":\"https:\/\/www.gdirekt.se\/#website\",\"url\":\"https:\/\/www.gdirekt.se\/\",\"name\":\"Gdirekt.se\",\"description\":\"Tryck snabbt \u00e5 l\u00e4tt = Gdirekt\",\"potentialAction\":[{\"@type\":\"SearchAction\",\"target\":{\"@type\":\"EntryPoint\",\"urlTemplate\":\"https:\/\/www.gdirekt.se\/?s={search_term_string}\"},\"query-input\":{\"@type\":\"PropertyValueSpecification\",\"valueRequired\":true,\"valueName\":\"search_term_string\"}}],\"inLanguage\":\"da-DK\"}]}<\/script>\n<!-- \/ Yoast SEO plugin. -->","yoast_head_json":{"title":"Snapramme l\u00e5sbar til indend\u00f8rs og udend\u00f8rs i A4, A3, 50x70cm og 70x100cm | Gdirekt.se","description":"Snapramme l\u00e5sbar i aluminium, bestil i st\u00f8rrelse A4, A3, 50 x 70 og 70 x 100. K\u00f8b sikkerhedsramme af leverand\u00f8r i natureloxeret aluminium. Kan bruges udend\u00f8rs.","robots":{"index":"index","follow":"follow","max-snippet":"max-snippet:-1","max-image-preview":"max-image-preview:large","max-video-preview":"max-video-preview:-1"},"canonical":"https:\/\/www.gdirekt.se\/da\/produkt\/snapramme-lasbar\/","og_locale":"da_DK","og_type":"article","og_title":"Snapramme l\u00e5sbar til indend\u00f8rs og udend\u00f8rs i A4, A3, 50x70cm og 70x100cm | Gdirekt.se","og_description":"Snapramme l\u00e5sbar i aluminium, bestil i st\u00f8rrelse A4, A3, 50 x 70 og 70 x 100. K\u00f8b sikkerhedsramme af leverand\u00f8r i natureloxeret aluminium. Kan bruges udend\u00f8rs.","og_url":"https:\/\/www.gdirekt.se\/da\/produkt\/snapramme-lasbar\/","og_site_name":"Gdirekt.se","og_image":[{"width":1000,"height":1000,"url":"https:\/\/www.gdirekt.se\/wp-content\/uploads\/lasbar_snappram.png","type":"image\/png"}],"twitter_card":"summary_large_image","twitter_misc":{"Estimeret l\u00e6setid":"1 minut"},"schema":{"@context":"https:\/\/schema.org","@graph":[{"@type":"WebPage","@id":"https:\/\/www.gdirekt.se\/da\/produkt\/snapramme-lasbar\/","url":"https:\/\/www.gdirekt.se\/da\/produkt\/snapramme-lasbar\/","name":"Snapramme l\u00e5sbar til indend\u00f8rs og udend\u00f8rs i A4, A3, 50x70cm og 70x100cm | Gdirekt.se","isPartOf":{"@id":"https:\/\/www.gdirekt.se\/#website"},"primaryImageOfPage":{"@id":"https:\/\/www.gdirekt.se\/da\/produkt\/snapramme-lasbar\/#primaryimage"},"image":{"@id":"https:\/\/www.gdirekt.se\/da\/produkt\/snapramme-lasbar\/#primaryimage"},"thumbnailUrl":"https:\/\/www.gdirekt.se\/wp-content\/uploads\/lasbar_snappram.png","datePublished":"2017-04-28T12:11:34+00:00","description":"Snapramme l\u00e5sbar i aluminium, bestil i st\u00f8rrelse A4, A3, 50 x 70 og 70 x 100. K\u00f8b sikkerhedsramme af leverand\u00f8r i natureloxeret aluminium. Kan bruges udend\u00f8rs.","breadcrumb":{"@id":"https:\/\/www.gdirekt.se\/da\/produkt\/snapramme-lasbar\/#breadcrumb"},"inLanguage":"da-DK","potentialAction":[{"@type":"ReadAction","target":["https:\/\/www.gdirekt.se\/da\/produkt\/snapramme-lasbar\/"]}]},{"@type":"ImageObject","inLanguage":"da-DK","@id":"https:\/\/www.gdirekt.se\/da\/produkt\/snapramme-lasbar\/#primaryimage","url":"https:\/\/www.gdirekt.se\/wp-content\/uploads\/lasbar_snappram.png","contentUrl":"https:\/\/www.gdirekt.se\/wp-content\/uploads\/lasbar_snappram.png","width":1000,"height":1000,"caption":"L\u00e5sbare aluminiumsrammer"},{"@type":"BreadcrumbList","@id":"https:\/\/www.gdirekt.se\/da\/produkt\/snapramme-lasbar\/#breadcrumb","itemListElement":[{"@type":"ListItem","position":1,"name":"Hem","item":"https:\/\/www.gdirekt.se\/da\/"},{"@type":"ListItem","position":2,"name":"Start","item":"https:\/\/www.gdirekt.se\/da\/"},{"@type":"ListItem","position":3,"name":"Snapramme l\u00e5sbar"}]},{"@type":"WebSite","@id":"https:\/\/www.gdirekt.se\/#website","url":"https:\/\/www.gdirekt.se\/","name":"Gdirekt.se","description":"Tryck snabbt \u00e5 l\u00e4tt = Gdirekt","potentialAction":[{"@type":"SearchAction","target":{"@type":"EntryPoint","urlTemplate":"https:\/\/www.gdirekt.se\/?s={search_term_string}"},"query-input":{"@type":"PropertyValueSpecification","valueRequired":true,"valueName":"search_term_string"}}],"inLanguage":"da-DK"}]}},"_links":{"self":[{"href":"https:\/\/www.gdirekt.se\/da\/wp-json\/wp\/v2\/product\/9814","targetHints":{"allow":["GET"]}}],"collection":[{"href":"https:\/\/www.gdirekt.se\/da\/wp-json\/wp\/v2\/product"}],"about":[{"href":"https:\/\/www.gdirekt.se\/da\/wp-json\/wp\/v2\/types\/product"}],"wp:featuredmedia":[{"embeddable":true,"href":"https:\/\/www.gdirekt.se\/da\/wp-json\/wp\/v2\/media\/8756"}],"wp:attachment":[{"href":"https:\/\/www.gdirekt.se\/da\/wp-json\/wp\/v2\/media?parent=9814"}],"wp:term":[{"taxonomy":"product_brand","embeddable":true,"href":"https:\/\/www.gdirekt.se\/da\/wp-json\/wp\/v2\/product_brand?post=9814"},{"taxonomy":"product_cat","embeddable":true,"href":"https:\/\/www.gdirekt.se\/da\/wp-json\/wp\/v2\/product_cat?post=9814"},{"taxonomy":"product_tag","embeddable":true,"href":"https:\/\/www.gdirekt.se\/da\/wp-json\/wp\/v2\/product_tag?post=9814"}],"curies":[{"name":"wp","href":"https:\/\/api.w.org\/{rel}","templated":true}]}}