{"id":9794,"date":"2017-04-28T11:49:50","date_gmt":"2017-04-28T09:49:50","guid":{"rendered":"http:\/\/gdirekt.hamstage.hamrenmedia.se\/produkt\/snapramme-aluminium-rod\/"},"modified":"2018-11-09T14:02:43","modified_gmt":"2018-11-09T13:02:43","slug":"snapramme-aluminium-rod","status":"publish","type":"product","link":"https:\/\/www.gdirekt.se\/da\/produkt\/snapramme-aluminium-rod\/","title":{"rendered":"Snapramme aluminium \u2013 r\u00f8d"},"content":{"rendered":"<p><span lang=\"DA\">Snapramme aluminium \u2013 r\u00f8d passer b\u00e5de inde og ude, ruster ikke og holder virkelig godt. N\u00e5r I bestiller aluminiumsrammer hos os, er frontplasten inkluderet som ekstra beskyttelse. Disse rammer f\u00e5s i forskellige standardst\u00f8rrelser: A4 297 x 210 mm, A3 297 x 420 mm, 50 x 70 cm og 70 x 100 cm.<\/span><\/p>\n<p><span lang=\"DA\">Man monterer disse aluminiumsrammer p\u00e5 v\u00e6gge eller andre konstruktioner som f.eks. hylder og interi\u00f8r. Fire stk. skruer og rawlplugs er inkluderet. Selve snapkonstruktionen er kraftig og holder den trykte poster eller den regnfaste tynde plastplakat fast.<span class=\"apple-converted-space\">\u00a0<\/span><\/span><span lang=\"DA\"><a href=\"https:\/\/www.gdirekt.se\/produkt-kategori\/posters-och-affischer\/\">Bestil trykte plakater og budskaber her!<\/a><\/span><span lang=\"DA\">\u00a0R\u00f8de rammer passer fint til udsalgsskilte i butikker og ses tydeligt.<\/span><\/p>\n<h3><span lang=\"DA\">Snapramme aluminium \u2013 r\u00f8d f\u00e5s i andre farver: hvid, sort og s\u00f8lv<\/span><\/h3>\n<p><span lang=\"DA\">Profilbredderne til rammerne i st\u00f8rrelse A4 og A3 er 25 mm.<\/span><\/p>\n<p><span lang=\"DA\">Profilbredderne til rammerne i st\u00f8rrelse 50 x 70 cm er 38\u00a0mm.<\/span><\/p>\n<p><span lang=\"DA\">Profilbredderne til rammerne i st\u00f8rrelse 70 x 100 cm er 45\u00a0mm.<\/span><\/p>\n<p><span lang=\"DA\">Se, hvad vi mere kan trykke, p\u00e5<span class=\"apple-converted-space\">\u00a0<\/span><\/span><span lang=\"DA\"><a href=\"https:\/\/www.instagram.com\/gigantprint\/\"><b><i>Instagram<\/i><\/b><\/a><\/span><span lang=\"DA\">!<\/span><\/p>\n","protected":false},"excerpt":{"rendered":"<p>Snapramme aluminium \u2013 r\u00f8d\u00a0f\u00e5s i st\u00f8rrelserne A4, A3, 50 x 70 cm og 70 x 100 cm. Rammerne er meget robuste og kan bruges b\u00e5de inde og ude. Skrue og rawlplug er inkluderet. Bestil nemt hos Gdirekt!<\/p>\n","protected":false},"featured_media":8707,"template":"","meta":{"_acf_changed":false},"product_brand":[],"product_cat":[365,376],"product_tag":[],"class_list":{"0":"post-9794","1":"product","2":"type-product","3":"status-publish","4":"has-post-thumbnail","6":"product_cat-posters-og-plakater","7":"product_cat-rammer-til-fotobilleder","8":"product_shipping_class-180sek","10":"first","11":"instock","12":"taxable","13":"shipping-taxable","14":"purchasable","15":"product-type-variable","16":"has-default-attributes"},"exclude_global_add_ons":[],"addons":[],"acf":[],"yoast_head":"<!-- This site is optimized with the Yoast SEO plugin v27.2 - https:\/\/yoast.com\/product\/yoast-seo-wordpress\/ -->\n<title>Snapramme aluminium \u2013 r\u00f8d arbejder udend\u00f8rs. K\u00f8bt til billig pris i dag | Gdirekt.se<\/title>\n<meta name=\"description\" content=\"Snapramme aluminium \u2013 r\u00f8d, bestil i st\u00f8rrelse A4, A3, 50 x 70 og 70 x 100. Posterrammerne fungerer godt udend\u00f8rs og har beskyttelsesplast, der er inkluderet i den favorable pris. Gdirekt sender med hurtig og sporbar fragt direkte til virksomheder og foreninger.\" \/>\n<meta name=\"robots\" content=\"index, follow, max-snippet:-1, max-image-preview:large, max-video-preview:-1\" \/>\n<link rel=\"canonical\" href=\"https:\/\/www.gdirekt.se\/da\/produkt\/snapramme-aluminium-rod\/\" \/>\n<meta property=\"og:locale\" content=\"da_DK\" \/>\n<meta property=\"og:type\" content=\"article\" \/>\n<meta property=\"og:title\" content=\"Snapramme aluminium \u2013 r\u00f8d arbejder udend\u00f8rs. K\u00f8bt til billig pris i dag | Gdirekt.se\" \/>\n<meta property=\"og:description\" content=\"Snapramme aluminium \u2013 r\u00f8d, bestil i st\u00f8rrelse A4, A3, 50 x 70 og 70 x 100. Posterrammerne fungerer godt udend\u00f8rs og har beskyttelsesplast, der er inkluderet i den favorable pris. Gdirekt sender med hurtig og sporbar fragt direkte til virksomheder og foreninger.\" \/>\n<meta property=\"og:url\" content=\"https:\/\/www.gdirekt.se\/da\/produkt\/snapramme-aluminium-rod\/\" \/>\n<meta property=\"og:site_name\" content=\"Gdirekt.se\" \/>\n<meta property=\"article:modified_time\" content=\"2018-11-09T13:02:43+00:00\" \/>\n<meta property=\"og:image\" content=\"https:\/\/www.gdirekt.se\/wp-content\/uploads\/snappram_red.png\" \/>\n\t<meta property=\"og:image:width\" content=\"1000\" \/>\n\t<meta property=\"og:image:height\" content=\"1000\" \/>\n\t<meta property=\"og:image:type\" content=\"image\/png\" \/>\n<meta name=\"twitter:card\" content=\"summary_large_image\" \/>\n<meta name=\"twitter:label1\" content=\"Estimeret l\u00e6setid\" \/>\n\t<meta name=\"twitter:data1\" content=\"1 minut\" \/>\n<script type=\"application\/ld+json\" class=\"yoast-schema-graph\">{\"@context\":\"https:\/\/schema.org\",\"@graph\":[{\"@type\":\"WebPage\",\"@id\":\"https:\/\/www.gdirekt.se\/da\/produkt\/snapramme-aluminium-rod\/\",\"url\":\"https:\/\/www.gdirekt.se\/da\/produkt\/snapramme-aluminium-rod\/\",\"name\":\"Snapramme aluminium \u2013 r\u00f8d arbejder udend\u00f8rs. K\u00f8bt til billig pris i dag | Gdirekt.se\",\"isPartOf\":{\"@id\":\"https:\/\/www.gdirekt.se\/#website\"},\"primaryImageOfPage\":{\"@id\":\"https:\/\/www.gdirekt.se\/da\/produkt\/snapramme-aluminium-rod\/#primaryimage\"},\"image\":{\"@id\":\"https:\/\/www.gdirekt.se\/da\/produkt\/snapramme-aluminium-rod\/#primaryimage\"},\"thumbnailUrl\":\"https:\/\/www.gdirekt.se\/wp-content\/uploads\/snappram_red.png\",\"datePublished\":\"2017-04-28T09:49:50+00:00\",\"dateModified\":\"2018-11-09T13:02:43+00:00\",\"description\":\"Snapramme aluminium \u2013 r\u00f8d, bestil i st\u00f8rrelse A4, A3, 50 x 70 og 70 x 100. Posterrammerne fungerer godt udend\u00f8rs og har beskyttelsesplast, der er inkluderet i den favorable pris. Gdirekt sender med hurtig og sporbar fragt direkte til virksomheder og foreninger.\",\"breadcrumb\":{\"@id\":\"https:\/\/www.gdirekt.se\/da\/produkt\/snapramme-aluminium-rod\/#breadcrumb\"},\"inLanguage\":\"da-DK\",\"potentialAction\":[{\"@type\":\"ReadAction\",\"target\":[\"https:\/\/www.gdirekt.se\/da\/produkt\/snapramme-aluminium-rod\/\"]}]},{\"@type\":\"ImageObject\",\"inLanguage\":\"da-DK\",\"@id\":\"https:\/\/www.gdirekt.se\/da\/produkt\/snapramme-aluminium-rod\/#primaryimage\",\"url\":\"https:\/\/www.gdirekt.se\/wp-content\/uploads\/snappram_red.png\",\"contentUrl\":\"https:\/\/www.gdirekt.se\/wp-content\/uploads\/snappram_red.png\",\"width\":1000,\"height\":1000,\"caption\":\"R\u00f8de aluminiumsrammer snapramme i aluminium\"},{\"@type\":\"BreadcrumbList\",\"@id\":\"https:\/\/www.gdirekt.se\/da\/produkt\/snapramme-aluminium-rod\/#breadcrumb\",\"itemListElement\":[{\"@type\":\"ListItem\",\"position\":1,\"name\":\"Hem\",\"item\":\"https:\/\/www.gdirekt.se\/da\/\"},{\"@type\":\"ListItem\",\"position\":2,\"name\":\"Start\",\"item\":\"https:\/\/www.gdirekt.se\/da\/\"},{\"@type\":\"ListItem\",\"position\":3,\"name\":\"Snapramme aluminium \u2013 r\u00f8d\"}]},{\"@type\":\"WebSite\",\"@id\":\"https:\/\/www.gdirekt.se\/#website\",\"url\":\"https:\/\/www.gdirekt.se\/\",\"name\":\"Gdirekt.se\",\"description\":\"Tryck snabbt \u00e5 l\u00e4tt = Gdirekt\",\"potentialAction\":[{\"@type\":\"SearchAction\",\"target\":{\"@type\":\"EntryPoint\",\"urlTemplate\":\"https:\/\/www.gdirekt.se\/?s={search_term_string}\"},\"query-input\":{\"@type\":\"PropertyValueSpecification\",\"valueRequired\":true,\"valueName\":\"search_term_string\"}}],\"inLanguage\":\"da-DK\"}]}<\/script>\n<!-- \/ Yoast SEO plugin. -->","yoast_head_json":{"title":"Snapramme aluminium \u2013 r\u00f8d arbejder udend\u00f8rs. K\u00f8bt til billig pris i dag | Gdirekt.se","description":"Snapramme aluminium \u2013 r\u00f8d, bestil i st\u00f8rrelse A4, A3, 50 x 70 og 70 x 100. Posterrammerne fungerer godt udend\u00f8rs og har beskyttelsesplast, der er inkluderet i den favorable pris. Gdirekt sender med hurtig og sporbar fragt direkte til virksomheder og foreninger.","robots":{"index":"index","follow":"follow","max-snippet":"max-snippet:-1","max-image-preview":"max-image-preview:large","max-video-preview":"max-video-preview:-1"},"canonical":"https:\/\/www.gdirekt.se\/da\/produkt\/snapramme-aluminium-rod\/","og_locale":"da_DK","og_type":"article","og_title":"Snapramme aluminium \u2013 r\u00f8d arbejder udend\u00f8rs. K\u00f8bt til billig pris i dag | Gdirekt.se","og_description":"Snapramme aluminium \u2013 r\u00f8d, bestil i st\u00f8rrelse A4, A3, 50 x 70 og 70 x 100. Posterrammerne fungerer godt udend\u00f8rs og har beskyttelsesplast, der er inkluderet i den favorable pris. Gdirekt sender med hurtig og sporbar fragt direkte til virksomheder og foreninger.","og_url":"https:\/\/www.gdirekt.se\/da\/produkt\/snapramme-aluminium-rod\/","og_site_name":"Gdirekt.se","article_modified_time":"2018-11-09T13:02:43+00:00","og_image":[{"width":1000,"height":1000,"url":"https:\/\/www.gdirekt.se\/wp-content\/uploads\/snappram_red.png","type":"image\/png"}],"twitter_card":"summary_large_image","twitter_misc":{"Estimeret l\u00e6setid":"1 minut"},"schema":{"@context":"https:\/\/schema.org","@graph":[{"@type":"WebPage","@id":"https:\/\/www.gdirekt.se\/da\/produkt\/snapramme-aluminium-rod\/","url":"https:\/\/www.gdirekt.se\/da\/produkt\/snapramme-aluminium-rod\/","name":"Snapramme aluminium \u2013 r\u00f8d arbejder udend\u00f8rs. K\u00f8bt til billig pris i dag | Gdirekt.se","isPartOf":{"@id":"https:\/\/www.gdirekt.se\/#website"},"primaryImageOfPage":{"@id":"https:\/\/www.gdirekt.se\/da\/produkt\/snapramme-aluminium-rod\/#primaryimage"},"image":{"@id":"https:\/\/www.gdirekt.se\/da\/produkt\/snapramme-aluminium-rod\/#primaryimage"},"thumbnailUrl":"https:\/\/www.gdirekt.se\/wp-content\/uploads\/snappram_red.png","datePublished":"2017-04-28T09:49:50+00:00","dateModified":"2018-11-09T13:02:43+00:00","description":"Snapramme aluminium \u2013 r\u00f8d, bestil i st\u00f8rrelse A4, A3, 50 x 70 og 70 x 100. Posterrammerne fungerer godt udend\u00f8rs og har beskyttelsesplast, der er inkluderet i den favorable pris. Gdirekt sender med hurtig og sporbar fragt direkte til virksomheder og foreninger.","breadcrumb":{"@id":"https:\/\/www.gdirekt.se\/da\/produkt\/snapramme-aluminium-rod\/#breadcrumb"},"inLanguage":"da-DK","potentialAction":[{"@type":"ReadAction","target":["https:\/\/www.gdirekt.se\/da\/produkt\/snapramme-aluminium-rod\/"]}]},{"@type":"ImageObject","inLanguage":"da-DK","@id":"https:\/\/www.gdirekt.se\/da\/produkt\/snapramme-aluminium-rod\/#primaryimage","url":"https:\/\/www.gdirekt.se\/wp-content\/uploads\/snappram_red.png","contentUrl":"https:\/\/www.gdirekt.se\/wp-content\/uploads\/snappram_red.png","width":1000,"height":1000,"caption":"R\u00f8de aluminiumsrammer snapramme i aluminium"},{"@type":"BreadcrumbList","@id":"https:\/\/www.gdirekt.se\/da\/produkt\/snapramme-aluminium-rod\/#breadcrumb","itemListElement":[{"@type":"ListItem","position":1,"name":"Hem","item":"https:\/\/www.gdirekt.se\/da\/"},{"@type":"ListItem","position":2,"name":"Start","item":"https:\/\/www.gdirekt.se\/da\/"},{"@type":"ListItem","position":3,"name":"Snapramme aluminium \u2013 r\u00f8d"}]},{"@type":"WebSite","@id":"https:\/\/www.gdirekt.se\/#website","url":"https:\/\/www.gdirekt.se\/","name":"Gdirekt.se","description":"Tryck snabbt \u00e5 l\u00e4tt = Gdirekt","potentialAction":[{"@type":"SearchAction","target":{"@type":"EntryPoint","urlTemplate":"https:\/\/www.gdirekt.se\/?s={search_term_string}"},"query-input":{"@type":"PropertyValueSpecification","valueRequired":true,"valueName":"search_term_string"}}],"inLanguage":"da-DK"}]}},"_links":{"self":[{"href":"https:\/\/www.gdirekt.se\/da\/wp-json\/wp\/v2\/product\/9794","targetHints":{"allow":["GET"]}}],"collection":[{"href":"https:\/\/www.gdirekt.se\/da\/wp-json\/wp\/v2\/product"}],"about":[{"href":"https:\/\/www.gdirekt.se\/da\/wp-json\/wp\/v2\/types\/product"}],"wp:featuredmedia":[{"embeddable":true,"href":"https:\/\/www.gdirekt.se\/da\/wp-json\/wp\/v2\/media\/8707"}],"wp:attachment":[{"href":"https:\/\/www.gdirekt.se\/da\/wp-json\/wp\/v2\/media?parent=9794"}],"wp:term":[{"taxonomy":"product_brand","embeddable":true,"href":"https:\/\/www.gdirekt.se\/da\/wp-json\/wp\/v2\/product_brand?post=9794"},{"taxonomy":"product_cat","embeddable":true,"href":"https:\/\/www.gdirekt.se\/da\/wp-json\/wp\/v2\/product_cat?post=9794"},{"taxonomy":"product_tag","embeddable":true,"href":"https:\/\/www.gdirekt.se\/da\/wp-json\/wp\/v2\/product_tag?post=9794"}],"curies":[{"name":"wp","href":"https:\/\/api.w.org\/{rel}","templated":true}]}}