{"id":9781,"date":"2017-10-16T11:44:10","date_gmt":"2017-10-16T09:44:10","guid":{"rendered":"http:\/\/gdirekt.hamstage.hamrenmedia.se\/produkt\/lyddaempende-billeder-i-stof\/"},"modified":"2019-01-16T15:52:47","modified_gmt":"2019-01-16T14:52:47","slug":"lyddaempende-billeder-i-stof","status":"publish","type":"product","link":"https:\/\/www.gdirekt.se\/da\/produkt\/lyddaempende-billeder-i-stof\/","title":{"rendered":"Lydd\u00e6mpende billeder i stof"},"content":{"rendered":"<p><span lang=\"DA\">Lydd\u00e6mpende billeder i stof kaldes ogs\u00e5 akustikbilleder. Disse lydabsorbenter er velegnede til montering p\u00e5 v\u00e6g. Det lydd\u00e6mpende stof med eget tryk fastg\u00f8res nemt p\u00e5 aluminiumsrammen med en gummiliste, der passer i et spor. Selve rammen er kraftig og robust og har en tykkelse p\u00e5 60 mm. Forfra er rammens kant kun 2 mm tyk, og det lydabsorberende billede med tryk har et moderne udseende.<\/span><\/p>\n<p><span lang=\"DA\">Det lydabsorberende stof sidder udsp\u00e6ndt og lige i akustikbilledet. Mellem stoftrykket og lydabsorbenten er der en luftspalte, der ogs\u00e5 opfanger lyden. At bruge store lydabsorbenter som billeder g\u00f8r, at lyden d\u00e6mpes i lokalet, og det giver en hyggelig stemning p\u00e5 kontorer og i lokaler. Fungerer naturligvis ogs\u00e5 derhjemme i sovev\u00e6relset, stuen og i b\u00f8rnev\u00e6relserne. Lydd\u00e6mpende billeder er ogs\u00e5 g\u00e6ngse i offentlige milj\u00f8er som f.eks. skoler, kantiner og restauranter samt idr\u00e6tshaller. \u00a0Det stof, vi anvender, er brandgodkendt tykt polyester med en tykkelse p\u00e5 220 g og certificeret iht.<\/span><span lang=\"DA\"><a href=\"https:\/\/www.oeko-tex.com\/de\/business\/business_home\/business_home.xhtml\">OEKO-TEX\u00ae.<\/a><\/span><\/p>\n<p><span lang=\"DA\">En af fordelene ved disse store lydd\u00e6mpende rammer med stof i er, at det er nemt at skifte motiv. Og s\u00e5 er det moderne med store billeder. Vi producerer alt selv p\u00e5 vores fabrik i Norrk\u00f6ping og har kontorer i Stockholm, G\u00f6teborg, Malm\u00f6, Link\u00f6ping samt J\u00f6nk\u00f6ping. Vi har produceret store trykte billeder p\u00e5 stof siden 2000 og har god erfaring, og billederne har den h\u00f8jeste opl\u00f8sning p\u00e5 de digitale udskrifter. Tekster, logoer og fotos bliver skarpe, og farverne holder deres glans godt. Hvis I k\u00f8ber et lydd\u00e6mpende billede hos os, f\u00e5r I h\u00f8jeste kvalitet, og I kan bestille rigtig store lydabsorbenter til v\u00e6gge i form af billeder.<\/span><\/p>\n<p><span lang=\"DA\">De leveres i dele, som man nemt kan skrue sammen med en lille unbrakon\u00f8gle.<\/span><\/p>\n<p><span lang=\"DA\">I kan ogs\u00e5 bestille andre st\u00f8rrelser af disse lydd\u00e6mpende billeder i stof. Som leverand\u00f8r af aluminiumsrammer f\u00f8rer vi et lager med l\u00e6ngder p\u00e5 hele 4 meter og sk\u00e6rer godset til, s\u00e5 det f\u00e5r pr\u00e6cist det korrekte m\u00e5l. \u00a0<\/span><span lang=\"DA\"><a>Mail os<\/a><\/span><span lang=\"DA\">\u00a0en foresp\u00f8rgsel, s\u00e5 skal vi s\u00f8rge for, at I f\u00e5r en pris, eller ring p\u00e5 +46 (0) 11-251515.<span class=\"apple-converted-space\">\u00a0<\/span><\/span><span lang=\"DA\"><a href=\"https:\/\/www.gdirekt.se\/produkt-kategori\/ramar-till-fotobilder\/\"><b><i>Se vores andre billedrammer!<\/i><\/b><\/a><\/span><\/p>\n","protected":false},"excerpt":{"rendered":"<p>Lydd\u00e6mpende billeder i stof med trykte motiver i farve. Akustikbillederne fungerer som moderne lydabsorbenter og d\u00e6mper lydniveauet p\u00e5 kontorer og i andre lokaler. Selve aluminiumsrammen er 60 mm tyk, og forsidens kanter er kun 2 mm, s\u00e5 motivet fremh\u00e6ves. V\u00e6lg st\u00f8rrelse nedenfor. Hvis I har brug for andre st\u00f8rrelser, er I velkomne til at kontakte os.<\/p>\n","protected":false},"featured_media":8875,"template":"","meta":{"_acf_changed":false},"product_brand":[],"product_cat":[376,378,380],"product_tag":[],"class_list":{"0":"post-9781","1":"product","2":"type-product","3":"status-publish","4":"has-post-thumbnail","6":"product_cat-rammer-til-fotobilleder","7":"product_cat-skilte","8":"product_cat-tekstiltryk-og-scenetaepper","9":"product_shipping_class-350kr","11":"first","12":"instock","13":"taxable","14":"shipping-taxable","15":"purchasable","16":"product-type-variable","17":"has-default-attributes"},"exclude_global_add_ons":[],"addons":[],"acf":[],"yoast_head":"<!-- This site is optimized with the Yoast SEO plugin v27.2 - https:\/\/yoast.com\/product\/yoast-seo-wordpress\/ -->\n<title>Lydd\u00e6mpende billeder i stof og akustiske plader til absorberende | Gdirekt.se<\/title>\n<meta name=\"description\" content=\"Lydd\u00e6mpende billeder i stof er nemme at bestille p\u00e5 nettet hos Gdirekt. Lydabsorbenter med lydd\u00e6mpende stof kaldes akustikbilleder med trykt motiv i farver.\" \/>\n<meta name=\"robots\" content=\"index, follow, max-snippet:-1, max-image-preview:large, max-video-preview:-1\" \/>\n<link rel=\"canonical\" href=\"https:\/\/www.gdirekt.se\/da\/produkt\/lyddaempende-billeder-i-stof\/\" \/>\n<meta property=\"og:locale\" content=\"da_DK\" \/>\n<meta property=\"og:type\" content=\"article\" \/>\n<meta property=\"og:title\" content=\"Lydd\u00e6mpende billeder i stof og akustiske plader til absorberende | Gdirekt.se\" \/>\n<meta property=\"og:description\" content=\"Lydd\u00e6mpende billeder i stof er nemme at bestille p\u00e5 nettet hos Gdirekt. Lydabsorbenter med lydd\u00e6mpende stof kaldes akustikbilleder med trykt motiv i farver.\" \/>\n<meta property=\"og:url\" content=\"https:\/\/www.gdirekt.se\/da\/produkt\/lyddaempende-billeder-i-stof\/\" \/>\n<meta property=\"og:site_name\" content=\"Gdirekt.se\" \/>\n<meta property=\"article:modified_time\" content=\"2019-01-16T14:52:47+00:00\" \/>\n<meta property=\"og:image\" content=\"https:\/\/www.gdirekt.se\/wp-content\/uploads\/ljudabsorbent.png\" \/>\n\t<meta property=\"og:image:width\" content=\"1000\" \/>\n\t<meta property=\"og:image:height\" content=\"1000\" \/>\n\t<meta property=\"og:image:type\" content=\"image\/png\" \/>\n<meta name=\"twitter:card\" content=\"summary_large_image\" \/>\n<meta name=\"twitter:label1\" content=\"Estimeret l\u00e6setid\" \/>\n\t<meta name=\"twitter:data1\" content=\"2 minutter\" \/>\n<script type=\"application\/ld+json\" class=\"yoast-schema-graph\">{\"@context\":\"https:\/\/schema.org\",\"@graph\":[{\"@type\":\"WebPage\",\"@id\":\"https:\/\/www.gdirekt.se\/da\/produkt\/lyddaempende-billeder-i-stof\/\",\"url\":\"https:\/\/www.gdirekt.se\/da\/produkt\/lyddaempende-billeder-i-stof\/\",\"name\":\"Lydd\u00e6mpende billeder i stof og akustiske plader til absorberende | Gdirekt.se\",\"isPartOf\":{\"@id\":\"https:\/\/www.gdirekt.se\/#website\"},\"primaryImageOfPage\":{\"@id\":\"https:\/\/www.gdirekt.se\/da\/produkt\/lyddaempende-billeder-i-stof\/#primaryimage\"},\"image\":{\"@id\":\"https:\/\/www.gdirekt.se\/da\/produkt\/lyddaempende-billeder-i-stof\/#primaryimage\"},\"thumbnailUrl\":\"https:\/\/www.gdirekt.se\/wp-content\/uploads\/ljudabsorbent.png\",\"datePublished\":\"2017-10-16T09:44:10+00:00\",\"dateModified\":\"2019-01-16T14:52:47+00:00\",\"description\":\"Lydd\u00e6mpende billeder i stof er nemme at bestille p\u00e5 nettet hos Gdirekt. Lydabsorbenter med lydd\u00e6mpende stof kaldes akustikbilleder med trykt motiv i farver.\",\"breadcrumb\":{\"@id\":\"https:\/\/www.gdirekt.se\/da\/produkt\/lyddaempende-billeder-i-stof\/#breadcrumb\"},\"inLanguage\":\"da-DK\",\"potentialAction\":[{\"@type\":\"ReadAction\",\"target\":[\"https:\/\/www.gdirekt.se\/da\/produkt\/lyddaempende-billeder-i-stof\/\"]}]},{\"@type\":\"ImageObject\",\"inLanguage\":\"da-DK\",\"@id\":\"https:\/\/www.gdirekt.se\/da\/produkt\/lyddaempende-billeder-i-stof\/#primaryimage\",\"url\":\"https:\/\/www.gdirekt.se\/wp-content\/uploads\/ljudabsorbent.png\",\"contentUrl\":\"https:\/\/www.gdirekt.se\/wp-content\/uploads\/ljudabsorbent.png\",\"width\":1000,\"height\":1000,\"caption\":\"Ljudabsorbent i en separat tryckta tavla\"},{\"@type\":\"BreadcrumbList\",\"@id\":\"https:\/\/www.gdirekt.se\/da\/produkt\/lyddaempende-billeder-i-stof\/#breadcrumb\",\"itemListElement\":[{\"@type\":\"ListItem\",\"position\":1,\"name\":\"Hem\",\"item\":\"https:\/\/www.gdirekt.se\/da\/\"},{\"@type\":\"ListItem\",\"position\":2,\"name\":\"Start\",\"item\":\"https:\/\/www.gdirekt.se\/da\/\"},{\"@type\":\"ListItem\",\"position\":3,\"name\":\"Lydd\u00e6mpende billeder i stof\"}]},{\"@type\":\"WebSite\",\"@id\":\"https:\/\/www.gdirekt.se\/#website\",\"url\":\"https:\/\/www.gdirekt.se\/\",\"name\":\"Gdirekt.se\",\"description\":\"Tryck snabbt \u00e5 l\u00e4tt = Gdirekt\",\"potentialAction\":[{\"@type\":\"SearchAction\",\"target\":{\"@type\":\"EntryPoint\",\"urlTemplate\":\"https:\/\/www.gdirekt.se\/?s={search_term_string}\"},\"query-input\":{\"@type\":\"PropertyValueSpecification\",\"valueRequired\":true,\"valueName\":\"search_term_string\"}}],\"inLanguage\":\"da-DK\"}]}<\/script>\n<!-- \/ Yoast SEO plugin. -->","yoast_head_json":{"title":"Lydd\u00e6mpende billeder i stof og akustiske plader til absorberende | Gdirekt.se","description":"Lydd\u00e6mpende billeder i stof er nemme at bestille p\u00e5 nettet hos Gdirekt. Lydabsorbenter med lydd\u00e6mpende stof kaldes akustikbilleder med trykt motiv i farver.","robots":{"index":"index","follow":"follow","max-snippet":"max-snippet:-1","max-image-preview":"max-image-preview:large","max-video-preview":"max-video-preview:-1"},"canonical":"https:\/\/www.gdirekt.se\/da\/produkt\/lyddaempende-billeder-i-stof\/","og_locale":"da_DK","og_type":"article","og_title":"Lydd\u00e6mpende billeder i stof og akustiske plader til absorberende | Gdirekt.se","og_description":"Lydd\u00e6mpende billeder i stof er nemme at bestille p\u00e5 nettet hos Gdirekt. Lydabsorbenter med lydd\u00e6mpende stof kaldes akustikbilleder med trykt motiv i farver.","og_url":"https:\/\/www.gdirekt.se\/da\/produkt\/lyddaempende-billeder-i-stof\/","og_site_name":"Gdirekt.se","article_modified_time":"2019-01-16T14:52:47+00:00","og_image":[{"width":1000,"height":1000,"url":"https:\/\/www.gdirekt.se\/wp-content\/uploads\/ljudabsorbent.png","type":"image\/png"}],"twitter_card":"summary_large_image","twitter_misc":{"Estimeret l\u00e6setid":"2 minutter"},"schema":{"@context":"https:\/\/schema.org","@graph":[{"@type":"WebPage","@id":"https:\/\/www.gdirekt.se\/da\/produkt\/lyddaempende-billeder-i-stof\/","url":"https:\/\/www.gdirekt.se\/da\/produkt\/lyddaempende-billeder-i-stof\/","name":"Lydd\u00e6mpende billeder i stof og akustiske plader til absorberende | Gdirekt.se","isPartOf":{"@id":"https:\/\/www.gdirekt.se\/#website"},"primaryImageOfPage":{"@id":"https:\/\/www.gdirekt.se\/da\/produkt\/lyddaempende-billeder-i-stof\/#primaryimage"},"image":{"@id":"https:\/\/www.gdirekt.se\/da\/produkt\/lyddaempende-billeder-i-stof\/#primaryimage"},"thumbnailUrl":"https:\/\/www.gdirekt.se\/wp-content\/uploads\/ljudabsorbent.png","datePublished":"2017-10-16T09:44:10+00:00","dateModified":"2019-01-16T14:52:47+00:00","description":"Lydd\u00e6mpende billeder i stof er nemme at bestille p\u00e5 nettet hos Gdirekt. Lydabsorbenter med lydd\u00e6mpende stof kaldes akustikbilleder med trykt motiv i farver.","breadcrumb":{"@id":"https:\/\/www.gdirekt.se\/da\/produkt\/lyddaempende-billeder-i-stof\/#breadcrumb"},"inLanguage":"da-DK","potentialAction":[{"@type":"ReadAction","target":["https:\/\/www.gdirekt.se\/da\/produkt\/lyddaempende-billeder-i-stof\/"]}]},{"@type":"ImageObject","inLanguage":"da-DK","@id":"https:\/\/www.gdirekt.se\/da\/produkt\/lyddaempende-billeder-i-stof\/#primaryimage","url":"https:\/\/www.gdirekt.se\/wp-content\/uploads\/ljudabsorbent.png","contentUrl":"https:\/\/www.gdirekt.se\/wp-content\/uploads\/ljudabsorbent.png","width":1000,"height":1000,"caption":"Ljudabsorbent i en separat tryckta tavla"},{"@type":"BreadcrumbList","@id":"https:\/\/www.gdirekt.se\/da\/produkt\/lyddaempende-billeder-i-stof\/#breadcrumb","itemListElement":[{"@type":"ListItem","position":1,"name":"Hem","item":"https:\/\/www.gdirekt.se\/da\/"},{"@type":"ListItem","position":2,"name":"Start","item":"https:\/\/www.gdirekt.se\/da\/"},{"@type":"ListItem","position":3,"name":"Lydd\u00e6mpende billeder i stof"}]},{"@type":"WebSite","@id":"https:\/\/www.gdirekt.se\/#website","url":"https:\/\/www.gdirekt.se\/","name":"Gdirekt.se","description":"Tryck snabbt \u00e5 l\u00e4tt = Gdirekt","potentialAction":[{"@type":"SearchAction","target":{"@type":"EntryPoint","urlTemplate":"https:\/\/www.gdirekt.se\/?s={search_term_string}"},"query-input":{"@type":"PropertyValueSpecification","valueRequired":true,"valueName":"search_term_string"}}],"inLanguage":"da-DK"}]}},"_links":{"self":[{"href":"https:\/\/www.gdirekt.se\/da\/wp-json\/wp\/v2\/product\/9781","targetHints":{"allow":["GET"]}}],"collection":[{"href":"https:\/\/www.gdirekt.se\/da\/wp-json\/wp\/v2\/product"}],"about":[{"href":"https:\/\/www.gdirekt.se\/da\/wp-json\/wp\/v2\/types\/product"}],"wp:featuredmedia":[{"embeddable":true,"href":"https:\/\/www.gdirekt.se\/da\/wp-json\/wp\/v2\/media\/8875"}],"wp:attachment":[{"href":"https:\/\/www.gdirekt.se\/da\/wp-json\/wp\/v2\/media?parent=9781"}],"wp:term":[{"taxonomy":"product_brand","embeddable":true,"href":"https:\/\/www.gdirekt.se\/da\/wp-json\/wp\/v2\/product_brand?post=9781"},{"taxonomy":"product_cat","embeddable":true,"href":"https:\/\/www.gdirekt.se\/da\/wp-json\/wp\/v2\/product_cat?post=9781"},{"taxonomy":"product_tag","embeddable":true,"href":"https:\/\/www.gdirekt.se\/da\/wp-json\/wp\/v2\/product_tag?post=9781"}],"curies":[{"name":"wp","href":"https:\/\/api.w.org\/{rel}","templated":true}]}}