{"id":9757,"date":"2017-09-27T15:26:57","date_gmt":"2017-09-27T13:26:57","guid":{"rendered":"http:\/\/gdirekt.hamstage.hamrenmedia.se\/produkt\/fotoramme-hvid\/"},"modified":"2022-05-17T11:12:28","modified_gmt":"2022-05-17T09:12:28","slug":"fotoramme-hvid","status":"publish","type":"product","link":"https:\/\/www.gdirekt.se\/da\/produkt\/fotoramme-hvid\/","title":{"rendered":"Fotoramme \u2013 hvid"},"content":{"rendered":"<p><span lang=\"DA\">Fotoramme \u2013 hvid passer til posters, plakater og tryk i de mest almindelige standardst\u00f8rrelser: 24 x 30\u00a0cm, 30 x 40\u00a0cm, 30 x 30\u00a0cm, 40 x 40\u00a0cm, 35 x 50\u00a0cm, 50 x 70\u00a0cm, 60 x 80\u00a0cm og 70 x 100\u00a0cm.\u00a0De popul\u00e6re tr\u00e6rammer er 22\u00a0mm brede og 15\u00a0mm dybe. Man kan let h\u00e6nge dem op med de stabile kroge p\u00e5 bagsiden.<\/span><\/p>\n<p><span lang=\"DA\">De kan bruges i b\u00e5de liggende og st\u00e5ende format. Man kan ganske vist k\u00f8be rammer i IKEA, Jysk og andre steder. Men med rammer fra Gdirekt f\u00e5r man svensk kvalitet med smukt design. Vi kan med stolthed sige, at vores svenskfremstillede rammer er af den h\u00f8jeste kvalitet, der findes p\u00e5 markedet.<\/span><\/p>\n<p><span lang=\"DA\">Her kan I se alt, hvad vi har i rammer og<span class=\"apple-converted-space\">\u00a0<\/span><\/span><span lang=\"DA\"><a href=\"https:\/\/www.gdirekt.se\/produkt-kategori\/posters-och-affischer\/\"><i>tilbeh\u00f8r til posters<\/i><\/a><\/span><span lang=\"DA\">! Det er naturligvis muligt at bestille plakater med eget tryk og motiv, som passer til jeres indretning.<\/span><i><\/i><\/p>\n","protected":false},"excerpt":{"rendered":"<p>Fotoramme \u2013 hvid er en svenskfremstillet billedramme i hvidlakeret fyrretr\u00e6 med rigtigt akrylglas, der f\u00e5r plakaten til at fremst\u00e5 med et f\u00f8rsteklasses look!\u00a0Rammerne er 22\u00a0mm brede og 15\u00a0mm dybe og passer til alle former for fotografier og kunst. De kan bruges i b\u00e5de liggende og st\u00e5ende format.<\/p>\n","protected":false},"featured_media":8827,"template":"","meta":{"_acf_changed":false},"product_brand":[],"product_cat":[365,376],"product_tag":[],"class_list":{"0":"post-9757","1":"product","2":"type-product","3":"status-publish","4":"has-post-thumbnail","6":"product_cat-posters-og-plakater","7":"product_cat-rammer-til-fotobilleder","8":"product_shipping_class-180sek","10":"first","11":"instock","12":"taxable","13":"shipping-taxable","14":"purchasable","15":"product-type-variable","16":"has-default-attributes"},"exclude_global_add_ons":[],"addons":[],"acf":[],"yoast_head":"<!-- This site is optimized with the Yoast SEO plugin v27.2 - https:\/\/yoast.com\/product\/yoast-seo-wordpress\/ -->\n<title>Fotoramme \u2013 hvid tr\u00e6 med glas. 50x70, 70x100 og 30x40 st\u00f8rrelse | Gdirekt.se<\/title>\n<meta name=\"description\" content=\"Fotoramme \u2013 hvid i tr\u00e6 og akrylglas kan bestilles i st\u00f8rrelserne 24 x 30 cm, 30 x 40 cm, 50 x 70 cm og 60 x 80 cm samt 70 x 100 cm til en god pris. K\u00f8b allerede i dag til en god pris \u2013 vi leverer hurtigt. Med sporbar fragt naturligvis.\" \/>\n<meta name=\"robots\" content=\"index, follow, max-snippet:-1, max-image-preview:large, max-video-preview:-1\" \/>\n<link rel=\"canonical\" href=\"https:\/\/www.gdirekt.se\/da\/produkt\/fotoramme-hvid\/\" \/>\n<meta property=\"og:locale\" content=\"da_DK\" \/>\n<meta property=\"og:type\" content=\"article\" \/>\n<meta property=\"og:title\" content=\"Fotoramme \u2013 hvid tr\u00e6 med glas. 50x70, 70x100 og 30x40 st\u00f8rrelse | Gdirekt.se\" \/>\n<meta property=\"og:description\" content=\"Fotoramme \u2013 hvid i tr\u00e6 og akrylglas kan bestilles i st\u00f8rrelserne 24 x 30 cm, 30 x 40 cm, 50 x 70 cm og 60 x 80 cm samt 70 x 100 cm til en god pris. K\u00f8b allerede i dag til en god pris \u2013 vi leverer hurtigt. Med sporbar fragt naturligvis.\" \/>\n<meta property=\"og:url\" content=\"https:\/\/www.gdirekt.se\/da\/produkt\/fotoramme-hvid\/\" \/>\n<meta property=\"og:site_name\" content=\"Gdirekt.se\" \/>\n<meta property=\"article:modified_time\" content=\"2022-05-17T09:12:28+00:00\" \/>\n<meta property=\"og:image\" content=\"https:\/\/www.gdirekt.se\/wp-content\/uploads\/Fotoram_vit_glas.png\" \/>\n\t<meta property=\"og:image:width\" content=\"1000\" \/>\n\t<meta property=\"og:image:height\" content=\"1000\" \/>\n\t<meta property=\"og:image:type\" content=\"image\/png\" \/>\n<meta name=\"twitter:card\" content=\"summary_large_image\" \/>\n<meta name=\"twitter:label1\" content=\"Estimeret l\u00e6setid\" \/>\n\t<meta name=\"twitter:data1\" content=\"1 minut\" \/>\n<script type=\"application\/ld+json\" class=\"yoast-schema-graph\">{\"@context\":\"https:\/\/schema.org\",\"@graph\":[{\"@type\":\"WebPage\",\"@id\":\"https:\/\/www.gdirekt.se\/da\/produkt\/fotoramme-hvid\/\",\"url\":\"https:\/\/www.gdirekt.se\/da\/produkt\/fotoramme-hvid\/\",\"name\":\"Fotoramme \u2013 hvid tr\u00e6 med glas. 50x70, 70x100 og 30x40 st\u00f8rrelse | Gdirekt.se\",\"isPartOf\":{\"@id\":\"https:\/\/www.gdirekt.se\/#website\"},\"primaryImageOfPage\":{\"@id\":\"https:\/\/www.gdirekt.se\/da\/produkt\/fotoramme-hvid\/#primaryimage\"},\"image\":{\"@id\":\"https:\/\/www.gdirekt.se\/da\/produkt\/fotoramme-hvid\/#primaryimage\"},\"thumbnailUrl\":\"https:\/\/www.gdirekt.se\/wp-content\/uploads\/Fotoram_vit_glas.png\",\"datePublished\":\"2017-09-27T13:26:57+00:00\",\"dateModified\":\"2022-05-17T09:12:28+00:00\",\"description\":\"Fotoramme \u2013 hvid i tr\u00e6 og akrylglas kan bestilles i st\u00f8rrelserne 24 x 30 cm, 30 x 40 cm, 50 x 70 cm og 60 x 80 cm samt 70 x 100 cm til en god pris. K\u00f8b allerede i dag til en god pris \u2013 vi leverer hurtigt. Med sporbar fragt naturligvis.\",\"breadcrumb\":{\"@id\":\"https:\/\/www.gdirekt.se\/da\/produkt\/fotoramme-hvid\/#breadcrumb\"},\"inLanguage\":\"da-DK\",\"potentialAction\":[{\"@type\":\"ReadAction\",\"target\":[\"https:\/\/www.gdirekt.se\/da\/produkt\/fotoramme-hvid\/\"]}]},{\"@type\":\"ImageObject\",\"inLanguage\":\"da-DK\",\"@id\":\"https:\/\/www.gdirekt.se\/da\/produkt\/fotoramme-hvid\/#primaryimage\",\"url\":\"https:\/\/www.gdirekt.se\/wp-content\/uploads\/Fotoram_vit_glas.png\",\"contentUrl\":\"https:\/\/www.gdirekt.se\/wp-content\/uploads\/Fotoram_vit_glas.png\",\"width\":1000,\"height\":1000,\"caption\":\"Hvid tr\u00e6ramme med glasfront\"},{\"@type\":\"BreadcrumbList\",\"@id\":\"https:\/\/www.gdirekt.se\/da\/produkt\/fotoramme-hvid\/#breadcrumb\",\"itemListElement\":[{\"@type\":\"ListItem\",\"position\":1,\"name\":\"Hem\",\"item\":\"https:\/\/www.gdirekt.se\/da\/\"},{\"@type\":\"ListItem\",\"position\":2,\"name\":\"Start\",\"item\":\"https:\/\/www.gdirekt.se\/da\/\"},{\"@type\":\"ListItem\",\"position\":3,\"name\":\"Fotoramme \u2013 hvid\"}]},{\"@type\":\"WebSite\",\"@id\":\"https:\/\/www.gdirekt.se\/#website\",\"url\":\"https:\/\/www.gdirekt.se\/\",\"name\":\"Gdirekt.se\",\"description\":\"Tryck snabbt \u00e5 l\u00e4tt = Gdirekt\",\"potentialAction\":[{\"@type\":\"SearchAction\",\"target\":{\"@type\":\"EntryPoint\",\"urlTemplate\":\"https:\/\/www.gdirekt.se\/?s={search_term_string}\"},\"query-input\":{\"@type\":\"PropertyValueSpecification\",\"valueRequired\":true,\"valueName\":\"search_term_string\"}}],\"inLanguage\":\"da-DK\"}]}<\/script>\n<!-- \/ Yoast SEO plugin. -->","yoast_head_json":{"title":"Fotoramme \u2013 hvid tr\u00e6 med glas. 50x70, 70x100 og 30x40 st\u00f8rrelse | Gdirekt.se","description":"Fotoramme \u2013 hvid i tr\u00e6 og akrylglas kan bestilles i st\u00f8rrelserne 24 x 30 cm, 30 x 40 cm, 50 x 70 cm og 60 x 80 cm samt 70 x 100 cm til en god pris. K\u00f8b allerede i dag til en god pris \u2013 vi leverer hurtigt. Med sporbar fragt naturligvis.","robots":{"index":"index","follow":"follow","max-snippet":"max-snippet:-1","max-image-preview":"max-image-preview:large","max-video-preview":"max-video-preview:-1"},"canonical":"https:\/\/www.gdirekt.se\/da\/produkt\/fotoramme-hvid\/","og_locale":"da_DK","og_type":"article","og_title":"Fotoramme \u2013 hvid tr\u00e6 med glas. 50x70, 70x100 og 30x40 st\u00f8rrelse | Gdirekt.se","og_description":"Fotoramme \u2013 hvid i tr\u00e6 og akrylglas kan bestilles i st\u00f8rrelserne 24 x 30 cm, 30 x 40 cm, 50 x 70 cm og 60 x 80 cm samt 70 x 100 cm til en god pris. K\u00f8b allerede i dag til en god pris \u2013 vi leverer hurtigt. Med sporbar fragt naturligvis.","og_url":"https:\/\/www.gdirekt.se\/da\/produkt\/fotoramme-hvid\/","og_site_name":"Gdirekt.se","article_modified_time":"2022-05-17T09:12:28+00:00","og_image":[{"width":1000,"height":1000,"url":"https:\/\/www.gdirekt.se\/wp-content\/uploads\/Fotoram_vit_glas.png","type":"image\/png"}],"twitter_card":"summary_large_image","twitter_misc":{"Estimeret l\u00e6setid":"1 minut"},"schema":{"@context":"https:\/\/schema.org","@graph":[{"@type":"WebPage","@id":"https:\/\/www.gdirekt.se\/da\/produkt\/fotoramme-hvid\/","url":"https:\/\/www.gdirekt.se\/da\/produkt\/fotoramme-hvid\/","name":"Fotoramme \u2013 hvid tr\u00e6 med glas. 50x70, 70x100 og 30x40 st\u00f8rrelse | Gdirekt.se","isPartOf":{"@id":"https:\/\/www.gdirekt.se\/#website"},"primaryImageOfPage":{"@id":"https:\/\/www.gdirekt.se\/da\/produkt\/fotoramme-hvid\/#primaryimage"},"image":{"@id":"https:\/\/www.gdirekt.se\/da\/produkt\/fotoramme-hvid\/#primaryimage"},"thumbnailUrl":"https:\/\/www.gdirekt.se\/wp-content\/uploads\/Fotoram_vit_glas.png","datePublished":"2017-09-27T13:26:57+00:00","dateModified":"2022-05-17T09:12:28+00:00","description":"Fotoramme \u2013 hvid i tr\u00e6 og akrylglas kan bestilles i st\u00f8rrelserne 24 x 30 cm, 30 x 40 cm, 50 x 70 cm og 60 x 80 cm samt 70 x 100 cm til en god pris. K\u00f8b allerede i dag til en god pris \u2013 vi leverer hurtigt. Med sporbar fragt naturligvis.","breadcrumb":{"@id":"https:\/\/www.gdirekt.se\/da\/produkt\/fotoramme-hvid\/#breadcrumb"},"inLanguage":"da-DK","potentialAction":[{"@type":"ReadAction","target":["https:\/\/www.gdirekt.se\/da\/produkt\/fotoramme-hvid\/"]}]},{"@type":"ImageObject","inLanguage":"da-DK","@id":"https:\/\/www.gdirekt.se\/da\/produkt\/fotoramme-hvid\/#primaryimage","url":"https:\/\/www.gdirekt.se\/wp-content\/uploads\/Fotoram_vit_glas.png","contentUrl":"https:\/\/www.gdirekt.se\/wp-content\/uploads\/Fotoram_vit_glas.png","width":1000,"height":1000,"caption":"Hvid tr\u00e6ramme med glasfront"},{"@type":"BreadcrumbList","@id":"https:\/\/www.gdirekt.se\/da\/produkt\/fotoramme-hvid\/#breadcrumb","itemListElement":[{"@type":"ListItem","position":1,"name":"Hem","item":"https:\/\/www.gdirekt.se\/da\/"},{"@type":"ListItem","position":2,"name":"Start","item":"https:\/\/www.gdirekt.se\/da\/"},{"@type":"ListItem","position":3,"name":"Fotoramme \u2013 hvid"}]},{"@type":"WebSite","@id":"https:\/\/www.gdirekt.se\/#website","url":"https:\/\/www.gdirekt.se\/","name":"Gdirekt.se","description":"Tryck snabbt \u00e5 l\u00e4tt = Gdirekt","potentialAction":[{"@type":"SearchAction","target":{"@type":"EntryPoint","urlTemplate":"https:\/\/www.gdirekt.se\/?s={search_term_string}"},"query-input":{"@type":"PropertyValueSpecification","valueRequired":true,"valueName":"search_term_string"}}],"inLanguage":"da-DK"}]}},"_links":{"self":[{"href":"https:\/\/www.gdirekt.se\/da\/wp-json\/wp\/v2\/product\/9757","targetHints":{"allow":["GET"]}}],"collection":[{"href":"https:\/\/www.gdirekt.se\/da\/wp-json\/wp\/v2\/product"}],"about":[{"href":"https:\/\/www.gdirekt.se\/da\/wp-json\/wp\/v2\/types\/product"}],"wp:featuredmedia":[{"embeddable":true,"href":"https:\/\/www.gdirekt.se\/da\/wp-json\/wp\/v2\/media\/8827"}],"wp:attachment":[{"href":"https:\/\/www.gdirekt.se\/da\/wp-json\/wp\/v2\/media?parent=9757"}],"wp:term":[{"taxonomy":"product_brand","embeddable":true,"href":"https:\/\/www.gdirekt.se\/da\/wp-json\/wp\/v2\/product_brand?post=9757"},{"taxonomy":"product_cat","embeddable":true,"href":"https:\/\/www.gdirekt.se\/da\/wp-json\/wp\/v2\/product_cat?post=9757"},{"taxonomy":"product_tag","embeddable":true,"href":"https:\/\/www.gdirekt.se\/da\/wp-json\/wp\/v2\/product_tag?post=9757"}],"curies":[{"name":"wp","href":"https:\/\/api.w.org\/{rel}","templated":true}]}}