{"id":9725,"date":"2017-11-17T14:56:08","date_gmt":"2017-11-17T13:56:08","guid":{"rendered":"http:\/\/gdirekt.hamstage.hamrenmedia.se\/produkt\/halvblanke-plakater-og-posters-i-storrelse-50-x-70-cm\/"},"modified":"2024-02-01T09:33:09","modified_gmt":"2024-02-01T08:33:09","slug":"halvblanke-plakater-og-posters-i-storrelse-50-x-70-cm","status":"publish","type":"product","link":"https:\/\/www.gdirekt.se\/da\/produkt\/halvblanke-plakater-og-posters-i-storrelse-50-x-70-cm\/","title":{"rendered":"Halvblanke plakater og posters i st\u00f8rrelse 50 x 70 cm"},"content":{"rendered":"<p><span lang=\"DA\">K\u00f8b halvblanke plakater og posters i st\u00f8rrelse 50 x 70\u00a0cm billigt hos Gdirekt. Vores digitaltrykte plakater eller posters i papir kan bruges b\u00e5de indend\u00f8rs og udend\u00f8rs uden at falme. St\u00f8rrelsen er 50 x 70\u00a0cm, og det halvblanke fotopapir er 135\u00a0g tykt. Vi har fremstillet trykte plakater til en god pris p\u00e5 vores trykkeri i Norrk\u00f6ping i mange \u00e5r. Fotoudskrifterne har en god kvalitet og fremst\u00e5r som \u00e6gte fotografier med h\u00f8j opl\u00f8sning.<\/span><\/p>\n<p><span lang=\"DA\">Det skal v\u00e6re let at bestille plakater og posters i st\u00f8rrelsen 50 x 70\u00a0cm online. Vi leverer til alle byer i Danmark. Gdirekt har salgskontorer i Stockholm, Link\u00f6ping, G\u00f6teborg, Bor\u00e5s, Malm\u00f6 og Oslo samt K\u00f8benhavn. Kontakt os, hvis I har brug for posters og plakater i andre m\u00e5l og st\u00f8rrelser, og h\u00f8r, hvad det koster. Vi sidder klar til at hj\u00e6lpe. Hvis I er p\u00e5 udkig efter flotte motiver, har vi flere tusinde p\u00e5<span class=\"apple-converted-space\">\u00a0<\/span><\/span><span lang=\"DA\"><a href=\"https:\/\/www.dinprint.se\/poster-affisch\"><i>vores indretningsside<\/i><\/a><\/span><span lang=\"DA\">.<\/span><\/p>\n<p><span lang=\"DA\">Bestil egne posters og plakater, s\u00e5 leverer vi hurtigt. Hvis I har brug for andre produkter med tryk fra vores trykkeri, kan de<span class=\"apple-converted-space\">\u00a0<\/span><\/span><span lang=\"DA\"><a href=\"https:\/\/www.gdirekt.se\/produkt-kategori\/tryck-visitkort\/\"><i>bestilles her.<\/i><\/a><\/span><i><\/i><\/p>\n","protected":false},"excerpt":{"rendered":"<p>K\u00f8b halvblanke plakater og posters i st\u00f8rrelse 50 x 70\u00a0cm til en god pris fra vores trykkeri. Tryk jeres egne plakater og plancher i papir. Fotopapiret er halvblankt\u00a0og 135\u00a0g tykt. Velegnet til flotte fotografier. Har du brug for andre st\u00f8rrelser og oplag? Kontakt os ved at skrive til\u00a0<strong><em>info@gdirekt.se<\/em><\/strong> eller ringe p\u00e5 telefonnummer +46 (0) 11-251515.<\/p>\n","protected":false},"featured_media":8230,"template":"","meta":{"_acf_changed":false},"product_brand":[],"product_cat":[365],"product_tag":[],"class_list":{"0":"post-9725","1":"product","2":"type-product","3":"status-publish","4":"has-post-thumbnail","6":"product_cat-posters-og-plakater","7":"product_shipping_class-180sek","9":"first","10":"instock","11":"taxable","12":"shipping-taxable","13":"purchasable","14":"product-type-simple"},"exclude_global_add_ons":[],"addons":[],"acf":[],"yoast_head":"<!-- This site is optimized with the Yoast SEO plugin v27.2 - https:\/\/yoast.com\/product\/yoast-seo-wordpress\/ -->\n<title>Halvblanke plakater og posters i st\u00f8rrelse 50 x 70 cm med eget tryk | Gdirekt.se<\/title>\n<meta name=\"description\" content=\"K\u00f8b halvblanke plakater og posters i st\u00f8rrelse 50 x 70 cm til en god pris fra vores trykkeri. Tryk jeres egne plakater og plancher i papir. V\u00e6lg mellem mat og halvblankt papir. Hurtig fragt og god service fra vores venlige medarbejdere er en selvf\u00f8lge.\" \/>\n<meta name=\"robots\" content=\"index, follow, max-snippet:-1, max-image-preview:large, max-video-preview:-1\" \/>\n<link rel=\"canonical\" href=\"https:\/\/www.gdirekt.se\/da\/produkt\/halvblanke-plakater-og-posters-i-storrelse-50-x-70-cm\/\" \/>\n<meta property=\"og:locale\" content=\"da_DK\" \/>\n<meta property=\"og:type\" content=\"article\" \/>\n<meta property=\"og:title\" content=\"Halvblanke plakater og posters i st\u00f8rrelse 50 x 70 cm med eget tryk | Gdirekt.se\" \/>\n<meta property=\"og:description\" content=\"K\u00f8b halvblanke plakater og posters i st\u00f8rrelse 50 x 70 cm til en god pris fra vores trykkeri. Tryk jeres egne plakater og plancher i papir. V\u00e6lg mellem mat og halvblankt papir. Hurtig fragt og god service fra vores venlige medarbejdere er en selvf\u00f8lge.\" \/>\n<meta property=\"og:url\" content=\"https:\/\/www.gdirekt.se\/da\/produkt\/halvblanke-plakater-og-posters-i-storrelse-50-x-70-cm\/\" \/>\n<meta property=\"og:site_name\" content=\"Gdirekt.se\" \/>\n<meta property=\"article:modified_time\" content=\"2024-02-01T08:33:09+00:00\" \/>\n<meta property=\"og:image\" content=\"https:\/\/www.gdirekt.se\/wp-content\/uploads\/affisch-50x70.png\" \/>\n\t<meta property=\"og:image:width\" content=\"1000\" \/>\n\t<meta property=\"og:image:height\" content=\"1000\" \/>\n\t<meta property=\"og:image:type\" content=\"image\/png\" \/>\n<meta name=\"twitter:card\" content=\"summary_large_image\" \/>\n<meta name=\"twitter:label1\" content=\"Estimeret l\u00e6setid\" \/>\n\t<meta name=\"twitter:data1\" content=\"1 minut\" \/>\n<script type=\"application\/ld+json\" class=\"yoast-schema-graph\">{\"@context\":\"https:\/\/schema.org\",\"@graph\":[{\"@type\":\"WebPage\",\"@id\":\"https:\/\/www.gdirekt.se\/da\/produkt\/halvblanke-plakater-og-posters-i-storrelse-50-x-70-cm\/\",\"url\":\"https:\/\/www.gdirekt.se\/da\/produkt\/halvblanke-plakater-og-posters-i-storrelse-50-x-70-cm\/\",\"name\":\"Halvblanke plakater og posters i st\u00f8rrelse 50 x 70 cm med eget tryk | Gdirekt.se\",\"isPartOf\":{\"@id\":\"https:\/\/www.gdirekt.se\/#website\"},\"primaryImageOfPage\":{\"@id\":\"https:\/\/www.gdirekt.se\/da\/produkt\/halvblanke-plakater-og-posters-i-storrelse-50-x-70-cm\/#primaryimage\"},\"image\":{\"@id\":\"https:\/\/www.gdirekt.se\/da\/produkt\/halvblanke-plakater-og-posters-i-storrelse-50-x-70-cm\/#primaryimage\"},\"thumbnailUrl\":\"https:\/\/www.gdirekt.se\/wp-content\/uploads\/affisch-50x70.png\",\"datePublished\":\"2017-11-17T13:56:08+00:00\",\"dateModified\":\"2024-02-01T08:33:09+00:00\",\"description\":\"K\u00f8b halvblanke plakater og posters i st\u00f8rrelse 50 x 70 cm til en god pris fra vores trykkeri. Tryk jeres egne plakater og plancher i papir. V\u00e6lg mellem mat og halvblankt papir. Hurtig fragt og god service fra vores venlige medarbejdere er en selvf\u00f8lge.\",\"breadcrumb\":{\"@id\":\"https:\/\/www.gdirekt.se\/da\/produkt\/halvblanke-plakater-og-posters-i-storrelse-50-x-70-cm\/#breadcrumb\"},\"inLanguage\":\"da-DK\",\"potentialAction\":[{\"@type\":\"ReadAction\",\"target\":[\"https:\/\/www.gdirekt.se\/da\/produkt\/halvblanke-plakater-og-posters-i-storrelse-50-x-70-cm\/\"]}]},{\"@type\":\"ImageObject\",\"inLanguage\":\"da-DK\",\"@id\":\"https:\/\/www.gdirekt.se\/da\/produkt\/halvblanke-plakater-og-posters-i-storrelse-50-x-70-cm\/#primaryimage\",\"url\":\"https:\/\/www.gdirekt.se\/wp-content\/uploads\/affisch-50x70.png\",\"contentUrl\":\"https:\/\/www.gdirekt.se\/wp-content\/uploads\/affisch-50x70.png\",\"width\":1000,\"height\":1000,\"caption\":\"Billige plakater og posters i 50x70cm st\u00f8rrelse\"},{\"@type\":\"BreadcrumbList\",\"@id\":\"https:\/\/www.gdirekt.se\/da\/produkt\/halvblanke-plakater-og-posters-i-storrelse-50-x-70-cm\/#breadcrumb\",\"itemListElement\":[{\"@type\":\"ListItem\",\"position\":1,\"name\":\"Hem\",\"item\":\"https:\/\/www.gdirekt.se\/da\/\"},{\"@type\":\"ListItem\",\"position\":2,\"name\":\"Start\",\"item\":\"https:\/\/www.gdirekt.se\/da\/\"},{\"@type\":\"ListItem\",\"position\":3,\"name\":\"Halvblanke plakater og posters i st\u00f8rrelse 50 x 70 cm\"}]},{\"@type\":\"WebSite\",\"@id\":\"https:\/\/www.gdirekt.se\/#website\",\"url\":\"https:\/\/www.gdirekt.se\/\",\"name\":\"Gdirekt.se\",\"description\":\"Tryck snabbt \u00e5 l\u00e4tt = Gdirekt\",\"potentialAction\":[{\"@type\":\"SearchAction\",\"target\":{\"@type\":\"EntryPoint\",\"urlTemplate\":\"https:\/\/www.gdirekt.se\/?s={search_term_string}\"},\"query-input\":{\"@type\":\"PropertyValueSpecification\",\"valueRequired\":true,\"valueName\":\"search_term_string\"}}],\"inLanguage\":\"da-DK\"}]}<\/script>\n<!-- \/ Yoast SEO plugin. -->","yoast_head_json":{"title":"Halvblanke plakater og posters i st\u00f8rrelse 50 x 70 cm med eget tryk | Gdirekt.se","description":"K\u00f8b halvblanke plakater og posters i st\u00f8rrelse 50 x 70 cm til en god pris fra vores trykkeri. Tryk jeres egne plakater og plancher i papir. V\u00e6lg mellem mat og halvblankt papir. Hurtig fragt og god service fra vores venlige medarbejdere er en selvf\u00f8lge.","robots":{"index":"index","follow":"follow","max-snippet":"max-snippet:-1","max-image-preview":"max-image-preview:large","max-video-preview":"max-video-preview:-1"},"canonical":"https:\/\/www.gdirekt.se\/da\/produkt\/halvblanke-plakater-og-posters-i-storrelse-50-x-70-cm\/","og_locale":"da_DK","og_type":"article","og_title":"Halvblanke plakater og posters i st\u00f8rrelse 50 x 70 cm med eget tryk | Gdirekt.se","og_description":"K\u00f8b halvblanke plakater og posters i st\u00f8rrelse 50 x 70 cm til en god pris fra vores trykkeri. Tryk jeres egne plakater og plancher i papir. V\u00e6lg mellem mat og halvblankt papir. Hurtig fragt og god service fra vores venlige medarbejdere er en selvf\u00f8lge.","og_url":"https:\/\/www.gdirekt.se\/da\/produkt\/halvblanke-plakater-og-posters-i-storrelse-50-x-70-cm\/","og_site_name":"Gdirekt.se","article_modified_time":"2024-02-01T08:33:09+00:00","og_image":[{"width":1000,"height":1000,"url":"https:\/\/www.gdirekt.se\/wp-content\/uploads\/affisch-50x70.png","type":"image\/png"}],"twitter_card":"summary_large_image","twitter_misc":{"Estimeret l\u00e6setid":"1 minut"},"schema":{"@context":"https:\/\/schema.org","@graph":[{"@type":"WebPage","@id":"https:\/\/www.gdirekt.se\/da\/produkt\/halvblanke-plakater-og-posters-i-storrelse-50-x-70-cm\/","url":"https:\/\/www.gdirekt.se\/da\/produkt\/halvblanke-plakater-og-posters-i-storrelse-50-x-70-cm\/","name":"Halvblanke plakater og posters i st\u00f8rrelse 50 x 70 cm med eget tryk | Gdirekt.se","isPartOf":{"@id":"https:\/\/www.gdirekt.se\/#website"},"primaryImageOfPage":{"@id":"https:\/\/www.gdirekt.se\/da\/produkt\/halvblanke-plakater-og-posters-i-storrelse-50-x-70-cm\/#primaryimage"},"image":{"@id":"https:\/\/www.gdirekt.se\/da\/produkt\/halvblanke-plakater-og-posters-i-storrelse-50-x-70-cm\/#primaryimage"},"thumbnailUrl":"https:\/\/www.gdirekt.se\/wp-content\/uploads\/affisch-50x70.png","datePublished":"2017-11-17T13:56:08+00:00","dateModified":"2024-02-01T08:33:09+00:00","description":"K\u00f8b halvblanke plakater og posters i st\u00f8rrelse 50 x 70 cm til en god pris fra vores trykkeri. Tryk jeres egne plakater og plancher i papir. V\u00e6lg mellem mat og halvblankt papir. Hurtig fragt og god service fra vores venlige medarbejdere er en selvf\u00f8lge.","breadcrumb":{"@id":"https:\/\/www.gdirekt.se\/da\/produkt\/halvblanke-plakater-og-posters-i-storrelse-50-x-70-cm\/#breadcrumb"},"inLanguage":"da-DK","potentialAction":[{"@type":"ReadAction","target":["https:\/\/www.gdirekt.se\/da\/produkt\/halvblanke-plakater-og-posters-i-storrelse-50-x-70-cm\/"]}]},{"@type":"ImageObject","inLanguage":"da-DK","@id":"https:\/\/www.gdirekt.se\/da\/produkt\/halvblanke-plakater-og-posters-i-storrelse-50-x-70-cm\/#primaryimage","url":"https:\/\/www.gdirekt.se\/wp-content\/uploads\/affisch-50x70.png","contentUrl":"https:\/\/www.gdirekt.se\/wp-content\/uploads\/affisch-50x70.png","width":1000,"height":1000,"caption":"Billige plakater og posters i 50x70cm st\u00f8rrelse"},{"@type":"BreadcrumbList","@id":"https:\/\/www.gdirekt.se\/da\/produkt\/halvblanke-plakater-og-posters-i-storrelse-50-x-70-cm\/#breadcrumb","itemListElement":[{"@type":"ListItem","position":1,"name":"Hem","item":"https:\/\/www.gdirekt.se\/da\/"},{"@type":"ListItem","position":2,"name":"Start","item":"https:\/\/www.gdirekt.se\/da\/"},{"@type":"ListItem","position":3,"name":"Halvblanke plakater og posters i st\u00f8rrelse 50 x 70 cm"}]},{"@type":"WebSite","@id":"https:\/\/www.gdirekt.se\/#website","url":"https:\/\/www.gdirekt.se\/","name":"Gdirekt.se","description":"Tryck snabbt \u00e5 l\u00e4tt = Gdirekt","potentialAction":[{"@type":"SearchAction","target":{"@type":"EntryPoint","urlTemplate":"https:\/\/www.gdirekt.se\/?s={search_term_string}"},"query-input":{"@type":"PropertyValueSpecification","valueRequired":true,"valueName":"search_term_string"}}],"inLanguage":"da-DK"}]}},"_links":{"self":[{"href":"https:\/\/www.gdirekt.se\/da\/wp-json\/wp\/v2\/product\/9725","targetHints":{"allow":["GET"]}}],"collection":[{"href":"https:\/\/www.gdirekt.se\/da\/wp-json\/wp\/v2\/product"}],"about":[{"href":"https:\/\/www.gdirekt.se\/da\/wp-json\/wp\/v2\/types\/product"}],"wp:featuredmedia":[{"embeddable":true,"href":"https:\/\/www.gdirekt.se\/da\/wp-json\/wp\/v2\/media\/8230"}],"wp:attachment":[{"href":"https:\/\/www.gdirekt.se\/da\/wp-json\/wp\/v2\/media?parent=9725"}],"wp:term":[{"taxonomy":"product_brand","embeddable":true,"href":"https:\/\/www.gdirekt.se\/da\/wp-json\/wp\/v2\/product_brand?post=9725"},{"taxonomy":"product_cat","embeddable":true,"href":"https:\/\/www.gdirekt.se\/da\/wp-json\/wp\/v2\/product_cat?post=9725"},{"taxonomy":"product_tag","embeddable":true,"href":"https:\/\/www.gdirekt.se\/da\/wp-json\/wp\/v2\/product_tag?post=9725"}],"curies":[{"name":"wp","href":"https:\/\/api.w.org\/{rel}","templated":true}]}}