{"id":9713,"date":"2015-09-22T08:52:35","date_gmt":"2015-09-22T06:52:35","guid":{"rendered":"http:\/\/gdirekt.hamstage.hamrenmedia.se\/produkt\/stofstander-soft-image-expolinc\/"},"modified":"2019-01-16T15:15:35","modified_gmt":"2019-01-16T14:15:35","slug":"stofstander-soft-image-expolinc","status":"publish","type":"product","link":"https:\/\/www.gdirekt.se\/da\/produkt\/stofstander-soft-image-expolinc\/","title":{"rendered":"Stofstander Soft Image \u2013 Expolinc"},"content":{"rendered":"<p><span lang=\"DA\">Messev\u00e6ggen Soft Image \u2013 Expolinc er en af de enkleste stofstandere, der findes. Hele v\u00e6ggen foldes ud p\u00e5 mindre end et minut.\u00a0Stofbilledet, scenet\u00e6ppet eller bagv\u00e6ggen opbevares f\u00e6rdigsamlet i en kraftig transporttaske med hjul. Transporttasken har hjul, og der kan k\u00f8bes spotlight som ekstraudstyr efter behov. F\u00e5s i flere st\u00f8rrelse og er 32\u00a0cm dyb.<\/span><\/p>\n<p><span lang=\"DA\">Se ogs\u00e5 alle vores andre<span class=\"apple-converted-space\">\u00a0<\/span><\/span><span lang=\"DA\"><a href=\"https:\/\/www.gdirekt.se\/produkt-kategori\/massvaggar-och-montersystem\/\"><b><i>messev\u00e6gge<\/i><\/b><\/a><\/span><span lang=\"DA\">!<\/span><\/p>\n<p><span lang=\"DA\">Stofstanderen f\u00e5s i flere forskellig st\u00f8rrelser, som kan bestilles i nedenst\u00e5ende m\u00e5l:<\/span><\/p>\n<p><span lang=\"DA\">2 x 3 ruder m\u00e5ler 151 x 224\u00a0cm<\/span><\/p>\n<p><span lang=\"DA\">3 x 3 ruder m\u00e5ler 224 x 224\u00a0cm<\/span><\/p>\n<p><span lang=\"DA\">4 x 3 ruder m\u00e5ler 297 x 224\u00a0cm<\/span><\/p>\n<p><span lang=\"DA\">5 x 3 ruder m\u00e5ler 370 x 224\u00a0cm<\/span><\/p>\n<p><span lang=\"DA\">Se denne<span class=\"apple-converted-space\">\u00a0<\/span><\/span><span lang=\"DA\"><a href=\"https:\/\/www.youtube.com\/watch?time_continue=2&amp;v=k0cs1nROdao\"><b><i>film<\/i><\/b><\/a><\/span><span lang=\"DA\">om opstilling af billedv\u00e6ggen.<\/span><\/p>\n","protected":false},"excerpt":{"rendered":"<p>Stofstander Soft Image \u2013 Expolinc. En smart messev\u00e6g i stof. Stofstanderen foldes ud p\u00e5 et minut, og der medf\u00f8lger en kraftig transporttaske med hjul. Den f\u00e5s i fire forskellige bredder, er 224\u00a0cm h\u00f8j og 32\u00a0cm dyb.<\/p>\n","protected":false},"featured_media":8116,"template":"","meta":{"_acf_changed":false},"product_brand":[],"product_cat":[375],"product_tag":[],"class_list":{"0":"post-9713","1":"product","2":"type-product","3":"status-publish","4":"has-post-thumbnail","6":"product_cat-messevaegge-og-displaysystemer","7":"product_shipping_class-180sek","9":"first","10":"instock","11":"taxable","12":"shipping-taxable","13":"purchasable","14":"product-type-variable","15":"has-default-attributes"},"exclude_global_add_ons":[],"addons":[],"acf":[],"yoast_head":"<!-- This site is optimized with the Yoast SEO plugin v27.2 - https:\/\/yoast.com\/product\/yoast-seo-wordpress\/ -->\n<title>Stofstander Soft Image \u2013 Expolinc K\u00f8b til billig pris i dag | Gdirekt.se<\/title>\n<meta name=\"description\" content=\"Billede til Stofstander Soft Image \u2013 Expolinc. Har du standeren og har brug for et nyt stofbanner til din Soft Image-messev\u00e6g? Bestil den rette st\u00f8rrelse, s\u00e5 sender vi den.\" \/>\n<meta name=\"robots\" content=\"index, follow, max-snippet:-1, max-image-preview:large, max-video-preview:-1\" \/>\n<link rel=\"canonical\" href=\"https:\/\/www.gdirekt.se\/da\/produkt\/stofstander-soft-image-expolinc\/\" \/>\n<meta property=\"og:locale\" content=\"da_DK\" \/>\n<meta property=\"og:type\" content=\"article\" \/>\n<meta property=\"og:title\" content=\"Stofstander Soft Image \u2013 Expolinc K\u00f8b til billig pris i dag | Gdirekt.se\" \/>\n<meta property=\"og:description\" content=\"Billede til Stofstander Soft Image \u2013 Expolinc. Har du standeren og har brug for et nyt stofbanner til din Soft Image-messev\u00e6g? Bestil den rette st\u00f8rrelse, s\u00e5 sender vi den.\" \/>\n<meta property=\"og:url\" content=\"https:\/\/www.gdirekt.se\/da\/produkt\/stofstander-soft-image-expolinc\/\" \/>\n<meta property=\"og:site_name\" content=\"Gdirekt.se\" \/>\n<meta property=\"article:modified_time\" content=\"2019-01-16T14:15:35+00:00\" \/>\n<meta property=\"og:image\" content=\"https:\/\/www.gdirekt.se\/wp-content\/uploads\/Gdirekt-tygstaell-Soft-Image.png\" \/>\n\t<meta property=\"og:image:width\" content=\"1000\" \/>\n\t<meta property=\"og:image:height\" content=\"1000\" \/>\n\t<meta property=\"og:image:type\" content=\"image\/png\" \/>\n<meta name=\"twitter:card\" content=\"summary_large_image\" \/>\n<meta name=\"twitter:label1\" content=\"Estimeret l\u00e6setid\" \/>\n\t<meta name=\"twitter:data1\" content=\"1 minut\" \/>\n<script type=\"application\/ld+json\" class=\"yoast-schema-graph\">{\"@context\":\"https:\/\/schema.org\",\"@graph\":[{\"@type\":\"WebPage\",\"@id\":\"https:\/\/www.gdirekt.se\/da\/produkt\/stofstander-soft-image-expolinc\/\",\"url\":\"https:\/\/www.gdirekt.se\/da\/produkt\/stofstander-soft-image-expolinc\/\",\"name\":\"Stofstander Soft Image \u2013 Expolinc K\u00f8b til billig pris i dag | Gdirekt.se\",\"isPartOf\":{\"@id\":\"https:\/\/www.gdirekt.se\/#website\"},\"primaryImageOfPage\":{\"@id\":\"https:\/\/www.gdirekt.se\/da\/produkt\/stofstander-soft-image-expolinc\/#primaryimage\"},\"image\":{\"@id\":\"https:\/\/www.gdirekt.se\/da\/produkt\/stofstander-soft-image-expolinc\/#primaryimage\"},\"thumbnailUrl\":\"https:\/\/www.gdirekt.se\/wp-content\/uploads\/Gdirekt-tygstaell-Soft-Image.png\",\"datePublished\":\"2015-09-22T06:52:35+00:00\",\"dateModified\":\"2019-01-16T14:15:35+00:00\",\"description\":\"Billede til Stofstander Soft Image \u2013 Expolinc. Har du standeren og har brug for et nyt stofbanner til din Soft Image-messev\u00e6g? Bestil den rette st\u00f8rrelse, s\u00e5 sender vi den.\",\"breadcrumb\":{\"@id\":\"https:\/\/www.gdirekt.se\/da\/produkt\/stofstander-soft-image-expolinc\/#breadcrumb\"},\"inLanguage\":\"da-DK\",\"potentialAction\":[{\"@type\":\"ReadAction\",\"target\":[\"https:\/\/www.gdirekt.se\/da\/produkt\/stofstander-soft-image-expolinc\/\"]}]},{\"@type\":\"ImageObject\",\"inLanguage\":\"da-DK\",\"@id\":\"https:\/\/www.gdirekt.se\/da\/produkt\/stofstander-soft-image-expolinc\/#primaryimage\",\"url\":\"https:\/\/www.gdirekt.se\/wp-content\/uploads\/Gdirekt-tygstaell-Soft-Image.png\",\"contentUrl\":\"https:\/\/www.gdirekt.se\/wp-content\/uploads\/Gdirekt-tygstaell-Soft-Image.png\",\"width\":1000,\"height\":1000,\"caption\":\"Soft Image fra Gdirekt foldet p\u00e5 et minut\"},{\"@type\":\"BreadcrumbList\",\"@id\":\"https:\/\/www.gdirekt.se\/da\/produkt\/stofstander-soft-image-expolinc\/#breadcrumb\",\"itemListElement\":[{\"@type\":\"ListItem\",\"position\":1,\"name\":\"Hem\",\"item\":\"https:\/\/www.gdirekt.se\/da\/\"},{\"@type\":\"ListItem\",\"position\":2,\"name\":\"Start\",\"item\":\"https:\/\/www.gdirekt.se\/da\/\"},{\"@type\":\"ListItem\",\"position\":3,\"name\":\"Stofstander Soft Image \u2013 Expolinc\"}]},{\"@type\":\"WebSite\",\"@id\":\"https:\/\/www.gdirekt.se\/#website\",\"url\":\"https:\/\/www.gdirekt.se\/\",\"name\":\"Gdirekt.se\",\"description\":\"Tryck snabbt \u00e5 l\u00e4tt = Gdirekt\",\"potentialAction\":[{\"@type\":\"SearchAction\",\"target\":{\"@type\":\"EntryPoint\",\"urlTemplate\":\"https:\/\/www.gdirekt.se\/?s={search_term_string}\"},\"query-input\":{\"@type\":\"PropertyValueSpecification\",\"valueRequired\":true,\"valueName\":\"search_term_string\"}}],\"inLanguage\":\"da-DK\"}]}<\/script>\n<!-- \/ Yoast SEO plugin. -->","yoast_head_json":{"title":"Stofstander Soft Image \u2013 Expolinc K\u00f8b til billig pris i dag | Gdirekt.se","description":"Billede til Stofstander Soft Image \u2013 Expolinc. Har du standeren og har brug for et nyt stofbanner til din Soft Image-messev\u00e6g? Bestil den rette st\u00f8rrelse, s\u00e5 sender vi den.","robots":{"index":"index","follow":"follow","max-snippet":"max-snippet:-1","max-image-preview":"max-image-preview:large","max-video-preview":"max-video-preview:-1"},"canonical":"https:\/\/www.gdirekt.se\/da\/produkt\/stofstander-soft-image-expolinc\/","og_locale":"da_DK","og_type":"article","og_title":"Stofstander Soft Image \u2013 Expolinc K\u00f8b til billig pris i dag | Gdirekt.se","og_description":"Billede til Stofstander Soft Image \u2013 Expolinc. Har du standeren og har brug for et nyt stofbanner til din Soft Image-messev\u00e6g? Bestil den rette st\u00f8rrelse, s\u00e5 sender vi den.","og_url":"https:\/\/www.gdirekt.se\/da\/produkt\/stofstander-soft-image-expolinc\/","og_site_name":"Gdirekt.se","article_modified_time":"2019-01-16T14:15:35+00:00","og_image":[{"width":1000,"height":1000,"url":"https:\/\/www.gdirekt.se\/wp-content\/uploads\/Gdirekt-tygstaell-Soft-Image.png","type":"image\/png"}],"twitter_card":"summary_large_image","twitter_misc":{"Estimeret l\u00e6setid":"1 minut"},"schema":{"@context":"https:\/\/schema.org","@graph":[{"@type":"WebPage","@id":"https:\/\/www.gdirekt.se\/da\/produkt\/stofstander-soft-image-expolinc\/","url":"https:\/\/www.gdirekt.se\/da\/produkt\/stofstander-soft-image-expolinc\/","name":"Stofstander Soft Image \u2013 Expolinc K\u00f8b til billig pris i dag | Gdirekt.se","isPartOf":{"@id":"https:\/\/www.gdirekt.se\/#website"},"primaryImageOfPage":{"@id":"https:\/\/www.gdirekt.se\/da\/produkt\/stofstander-soft-image-expolinc\/#primaryimage"},"image":{"@id":"https:\/\/www.gdirekt.se\/da\/produkt\/stofstander-soft-image-expolinc\/#primaryimage"},"thumbnailUrl":"https:\/\/www.gdirekt.se\/wp-content\/uploads\/Gdirekt-tygstaell-Soft-Image.png","datePublished":"2015-09-22T06:52:35+00:00","dateModified":"2019-01-16T14:15:35+00:00","description":"Billede til Stofstander Soft Image \u2013 Expolinc. Har du standeren og har brug for et nyt stofbanner til din Soft Image-messev\u00e6g? Bestil den rette st\u00f8rrelse, s\u00e5 sender vi den.","breadcrumb":{"@id":"https:\/\/www.gdirekt.se\/da\/produkt\/stofstander-soft-image-expolinc\/#breadcrumb"},"inLanguage":"da-DK","potentialAction":[{"@type":"ReadAction","target":["https:\/\/www.gdirekt.se\/da\/produkt\/stofstander-soft-image-expolinc\/"]}]},{"@type":"ImageObject","inLanguage":"da-DK","@id":"https:\/\/www.gdirekt.se\/da\/produkt\/stofstander-soft-image-expolinc\/#primaryimage","url":"https:\/\/www.gdirekt.se\/wp-content\/uploads\/Gdirekt-tygstaell-Soft-Image.png","contentUrl":"https:\/\/www.gdirekt.se\/wp-content\/uploads\/Gdirekt-tygstaell-Soft-Image.png","width":1000,"height":1000,"caption":"Soft Image fra Gdirekt foldet p\u00e5 et minut"},{"@type":"BreadcrumbList","@id":"https:\/\/www.gdirekt.se\/da\/produkt\/stofstander-soft-image-expolinc\/#breadcrumb","itemListElement":[{"@type":"ListItem","position":1,"name":"Hem","item":"https:\/\/www.gdirekt.se\/da\/"},{"@type":"ListItem","position":2,"name":"Start","item":"https:\/\/www.gdirekt.se\/da\/"},{"@type":"ListItem","position":3,"name":"Stofstander Soft Image \u2013 Expolinc"}]},{"@type":"WebSite","@id":"https:\/\/www.gdirekt.se\/#website","url":"https:\/\/www.gdirekt.se\/","name":"Gdirekt.se","description":"Tryck snabbt \u00e5 l\u00e4tt = Gdirekt","potentialAction":[{"@type":"SearchAction","target":{"@type":"EntryPoint","urlTemplate":"https:\/\/www.gdirekt.se\/?s={search_term_string}"},"query-input":{"@type":"PropertyValueSpecification","valueRequired":true,"valueName":"search_term_string"}}],"inLanguage":"da-DK"}]}},"_links":{"self":[{"href":"https:\/\/www.gdirekt.se\/da\/wp-json\/wp\/v2\/product\/9713","targetHints":{"allow":["GET"]}}],"collection":[{"href":"https:\/\/www.gdirekt.se\/da\/wp-json\/wp\/v2\/product"}],"about":[{"href":"https:\/\/www.gdirekt.se\/da\/wp-json\/wp\/v2\/types\/product"}],"wp:featuredmedia":[{"embeddable":true,"href":"https:\/\/www.gdirekt.se\/da\/wp-json\/wp\/v2\/media\/8116"}],"wp:attachment":[{"href":"https:\/\/www.gdirekt.se\/da\/wp-json\/wp\/v2\/media?parent=9713"}],"wp:term":[{"taxonomy":"product_brand","embeddable":true,"href":"https:\/\/www.gdirekt.se\/da\/wp-json\/wp\/v2\/product_brand?post=9713"},{"taxonomy":"product_cat","embeddable":true,"href":"https:\/\/www.gdirekt.se\/da\/wp-json\/wp\/v2\/product_cat?post=9713"},{"taxonomy":"product_tag","embeddable":true,"href":"https:\/\/www.gdirekt.se\/da\/wp-json\/wp\/v2\/product_tag?post=9713"}],"curies":[{"name":"wp","href":"https:\/\/api.w.org\/{rel}","templated":true}]}}