{"id":9712,"date":"2016-11-25T11:09:06","date_gmt":"2016-11-25T10:09:06","guid":{"rendered":"http:\/\/gdirekt.hamstage.hamrenmedia.se\/produkt\/banner-til-stofstander-scene-ultralight-300-x-225-cm\/"},"modified":"2024-02-01T09:40:27","modified_gmt":"2024-02-01T08:40:27","slug":"banner-til-stofstander-scene-ultralight-300-x-225-cm","status":"publish","type":"product","link":"https:\/\/www.gdirekt.se\/da\/produkt\/banner-til-stofstander-scene-ultralight-300-x-225-cm\/","title":{"rendered":"Banner til Stofstander Scene UltraLight \u2013 300 x 225 cm"},"content":{"rendered":"<p>Nyt billede til Scene UltraLight fra Maxibit, der er et displaysystem i stof, som kan opbevares i en praktisk og robust taske. Opstillingen tager kun et par minutter.\u00a0Som noget helt unikt v\u00e6lger du selv faconen, der kan v\u00e6re lige, buet eller hvorfor ikke elegant svunget? Velegnet til events s\u00e5som pressekonferencer og jobmesser. Skab flere\u00a0faconer\u00a0med\u00a0samme system ved at sammenkoble\u00a0flere enheder med de magnetiske samlinger.<\/p>\n","protected":false},"excerpt":{"rendered":"<p>Banner til Stofstander Scene UltraLight \u2013 300 x 225\u00a0cm er et stofbillede til messev\u00e6ggen, der kan v\u00e6re i en lille taske og formentlig er markedets mest praktiske stofv\u00e6g. Billedet p\u00e5 300 x 225\u00a0cm er velegnet til b\u00e5de lige og buet opstilling.<\/p>\n","protected":false},"featured_media":8221,"template":"","meta":{"_acf_changed":false},"product_brand":[],"product_cat":[936],"product_tag":[],"class_list":{"0":"post-9712","1":"product","2":"type-product","3":"status-publish","4":"has-post-thumbnail","6":"product_cat-okategoriserad-da","7":"product_shipping_class-180sek","9":"first","10":"instock","11":"taxable","12":"shipping-taxable","13":"purchasable","14":"product-type-simple"},"exclude_global_add_ons":[],"addons":[],"acf":[],"yoast_head":"<!-- This site is optimized with the Yoast SEO plugin v27.2 - https:\/\/yoast.com\/product\/yoast-seo-wordpress\/ -->\n<title>Banner til Stofstander Scene UltraLight \u2013 300 x 225 cm stor | Gdirekt.se<\/title>\n<meta name=\"description\" content=\"Bild till m\u00e4ssv\u00e4ggen Scene Ultra light som ryms i en lite v\u00e4ska, marknadens smidigaste tygv\u00e4gg. 300x225cm fungerar i flera former, rak, b\u00f6j\/kurvad.\" \/>\n<meta name=\"robots\" content=\"index, follow, max-snippet:-1, max-image-preview:large, max-video-preview:-1\" \/>\n<link rel=\"canonical\" href=\"https:\/\/www.gdirekt.se\/da\/produkt\/banner-til-stofstander-scene-ultralight-300-x-225-cm\/\" \/>\n<meta property=\"og:locale\" content=\"da_DK\" \/>\n<meta property=\"og:type\" content=\"article\" \/>\n<meta property=\"og:title\" content=\"Banner til Stofstander Scene UltraLight \u2013 300 x 225 cm stor | Gdirekt.se\" \/>\n<meta property=\"og:description\" content=\"Bild till m\u00e4ssv\u00e4ggen Scene Ultra light som ryms i en lite v\u00e4ska, marknadens smidigaste tygv\u00e4gg. 300x225cm fungerar i flera former, rak, b\u00f6j\/kurvad.\" \/>\n<meta property=\"og:url\" content=\"https:\/\/www.gdirekt.se\/da\/produkt\/banner-til-stofstander-scene-ultralight-300-x-225-cm\/\" \/>\n<meta property=\"og:site_name\" content=\"Gdirekt.se\" \/>\n<meta property=\"article:modified_time\" content=\"2024-02-01T08:40:27+00:00\" \/>\n<meta property=\"og:image\" content=\"https:\/\/www.gdirekt.se\/wp-content\/uploads\/Bildvad-till-Maxibit-Scene.png\" \/>\n\t<meta property=\"og:image:width\" content=\"1000\" \/>\n\t<meta property=\"og:image:height\" content=\"1000\" \/>\n\t<meta property=\"og:image:type\" content=\"image\/png\" \/>\n<meta name=\"twitter:card\" content=\"summary_large_image\" \/>\n<script type=\"application\/ld+json\" class=\"yoast-schema-graph\">{\"@context\":\"https:\/\/schema.org\",\"@graph\":[{\"@type\":\"WebPage\",\"@id\":\"https:\/\/www.gdirekt.se\/da\/produkt\/banner-til-stofstander-scene-ultralight-300-x-225-cm\/\",\"url\":\"https:\/\/www.gdirekt.se\/da\/produkt\/banner-til-stofstander-scene-ultralight-300-x-225-cm\/\",\"name\":\"Banner til Stofstander Scene UltraLight \u2013 300 x 225 cm stor | Gdirekt.se\",\"isPartOf\":{\"@id\":\"https:\/\/www.gdirekt.se\/#website\"},\"primaryImageOfPage\":{\"@id\":\"https:\/\/www.gdirekt.se\/da\/produkt\/banner-til-stofstander-scene-ultralight-300-x-225-cm\/#primaryimage\"},\"image\":{\"@id\":\"https:\/\/www.gdirekt.se\/da\/produkt\/banner-til-stofstander-scene-ultralight-300-x-225-cm\/#primaryimage\"},\"thumbnailUrl\":\"https:\/\/www.gdirekt.se\/wp-content\/uploads\/Bildvad-till-Maxibit-Scene.png\",\"datePublished\":\"2016-11-25T10:09:06+00:00\",\"dateModified\":\"2024-02-01T08:40:27+00:00\",\"description\":\"Bild till m\u00e4ssv\u00e4ggen Scene Ultra light som ryms i en lite v\u00e4ska, marknadens smidigaste tygv\u00e4gg. 300x225cm fungerar i flera former, rak, b\u00f6j\/kurvad.\",\"breadcrumb\":{\"@id\":\"https:\/\/www.gdirekt.se\/da\/produkt\/banner-til-stofstander-scene-ultralight-300-x-225-cm\/#breadcrumb\"},\"inLanguage\":\"da-DK\",\"potentialAction\":[{\"@type\":\"ReadAction\",\"target\":[\"https:\/\/www.gdirekt.se\/da\/produkt\/banner-til-stofstander-scene-ultralight-300-x-225-cm\/\"]}]},{\"@type\":\"ImageObject\",\"inLanguage\":\"da-DK\",\"@id\":\"https:\/\/www.gdirekt.se\/da\/produkt\/banner-til-stofstander-scene-ultralight-300-x-225-cm\/#primaryimage\",\"url\":\"https:\/\/www.gdirekt.se\/wp-content\/uploads\/Bildvad-till-Maxibit-Scene.png\",\"contentUrl\":\"https:\/\/www.gdirekt.se\/wp-content\/uploads\/Bildvad-till-Maxibit-Scene.png\",\"width\":1000,\"height\":1000,\"caption\":\"Smart stofstander til messer. Gdirekt Scene Ultra Light\"},{\"@type\":\"BreadcrumbList\",\"@id\":\"https:\/\/www.gdirekt.se\/da\/produkt\/banner-til-stofstander-scene-ultralight-300-x-225-cm\/#breadcrumb\",\"itemListElement\":[{\"@type\":\"ListItem\",\"position\":1,\"name\":\"Hem\",\"item\":\"https:\/\/www.gdirekt.se\/da\/\"},{\"@type\":\"ListItem\",\"position\":2,\"name\":\"Start\",\"item\":\"https:\/\/www.gdirekt.se\/da\/\"},{\"@type\":\"ListItem\",\"position\":3,\"name\":\"Banner til Stofstander Scene UltraLight \u2013 300 x 225 cm\"}]},{\"@type\":\"WebSite\",\"@id\":\"https:\/\/www.gdirekt.se\/#website\",\"url\":\"https:\/\/www.gdirekt.se\/\",\"name\":\"Gdirekt.se\",\"description\":\"Tryck snabbt \u00e5 l\u00e4tt = Gdirekt\",\"potentialAction\":[{\"@type\":\"SearchAction\",\"target\":{\"@type\":\"EntryPoint\",\"urlTemplate\":\"https:\/\/www.gdirekt.se\/?s={search_term_string}\"},\"query-input\":{\"@type\":\"PropertyValueSpecification\",\"valueRequired\":true,\"valueName\":\"search_term_string\"}}],\"inLanguage\":\"da-DK\"}]}<\/script>\n<!-- \/ Yoast SEO plugin. -->","yoast_head_json":{"title":"Banner til Stofstander Scene UltraLight \u2013 300 x 225 cm stor | Gdirekt.se","description":"Bild till m\u00e4ssv\u00e4ggen Scene Ultra light som ryms i en lite v\u00e4ska, marknadens smidigaste tygv\u00e4gg. 300x225cm fungerar i flera former, rak, b\u00f6j\/kurvad.","robots":{"index":"index","follow":"follow","max-snippet":"max-snippet:-1","max-image-preview":"max-image-preview:large","max-video-preview":"max-video-preview:-1"},"canonical":"https:\/\/www.gdirekt.se\/da\/produkt\/banner-til-stofstander-scene-ultralight-300-x-225-cm\/","og_locale":"da_DK","og_type":"article","og_title":"Banner til Stofstander Scene UltraLight \u2013 300 x 225 cm stor | Gdirekt.se","og_description":"Bild till m\u00e4ssv\u00e4ggen Scene Ultra light som ryms i en lite v\u00e4ska, marknadens smidigaste tygv\u00e4gg. 300x225cm fungerar i flera former, rak, b\u00f6j\/kurvad.","og_url":"https:\/\/www.gdirekt.se\/da\/produkt\/banner-til-stofstander-scene-ultralight-300-x-225-cm\/","og_site_name":"Gdirekt.se","article_modified_time":"2024-02-01T08:40:27+00:00","og_image":[{"width":1000,"height":1000,"url":"https:\/\/www.gdirekt.se\/wp-content\/uploads\/Bildvad-till-Maxibit-Scene.png","type":"image\/png"}],"twitter_card":"summary_large_image","schema":{"@context":"https:\/\/schema.org","@graph":[{"@type":"WebPage","@id":"https:\/\/www.gdirekt.se\/da\/produkt\/banner-til-stofstander-scene-ultralight-300-x-225-cm\/","url":"https:\/\/www.gdirekt.se\/da\/produkt\/banner-til-stofstander-scene-ultralight-300-x-225-cm\/","name":"Banner til Stofstander Scene UltraLight \u2013 300 x 225 cm stor | Gdirekt.se","isPartOf":{"@id":"https:\/\/www.gdirekt.se\/#website"},"primaryImageOfPage":{"@id":"https:\/\/www.gdirekt.se\/da\/produkt\/banner-til-stofstander-scene-ultralight-300-x-225-cm\/#primaryimage"},"image":{"@id":"https:\/\/www.gdirekt.se\/da\/produkt\/banner-til-stofstander-scene-ultralight-300-x-225-cm\/#primaryimage"},"thumbnailUrl":"https:\/\/www.gdirekt.se\/wp-content\/uploads\/Bildvad-till-Maxibit-Scene.png","datePublished":"2016-11-25T10:09:06+00:00","dateModified":"2024-02-01T08:40:27+00:00","description":"Bild till m\u00e4ssv\u00e4ggen Scene Ultra light som ryms i en lite v\u00e4ska, marknadens smidigaste tygv\u00e4gg. 300x225cm fungerar i flera former, rak, b\u00f6j\/kurvad.","breadcrumb":{"@id":"https:\/\/www.gdirekt.se\/da\/produkt\/banner-til-stofstander-scene-ultralight-300-x-225-cm\/#breadcrumb"},"inLanguage":"da-DK","potentialAction":[{"@type":"ReadAction","target":["https:\/\/www.gdirekt.se\/da\/produkt\/banner-til-stofstander-scene-ultralight-300-x-225-cm\/"]}]},{"@type":"ImageObject","inLanguage":"da-DK","@id":"https:\/\/www.gdirekt.se\/da\/produkt\/banner-til-stofstander-scene-ultralight-300-x-225-cm\/#primaryimage","url":"https:\/\/www.gdirekt.se\/wp-content\/uploads\/Bildvad-till-Maxibit-Scene.png","contentUrl":"https:\/\/www.gdirekt.se\/wp-content\/uploads\/Bildvad-till-Maxibit-Scene.png","width":1000,"height":1000,"caption":"Smart stofstander til messer. Gdirekt Scene Ultra Light"},{"@type":"BreadcrumbList","@id":"https:\/\/www.gdirekt.se\/da\/produkt\/banner-til-stofstander-scene-ultralight-300-x-225-cm\/#breadcrumb","itemListElement":[{"@type":"ListItem","position":1,"name":"Hem","item":"https:\/\/www.gdirekt.se\/da\/"},{"@type":"ListItem","position":2,"name":"Start","item":"https:\/\/www.gdirekt.se\/da\/"},{"@type":"ListItem","position":3,"name":"Banner til Stofstander Scene UltraLight \u2013 300 x 225 cm"}]},{"@type":"WebSite","@id":"https:\/\/www.gdirekt.se\/#website","url":"https:\/\/www.gdirekt.se\/","name":"Gdirekt.se","description":"Tryck snabbt \u00e5 l\u00e4tt = Gdirekt","potentialAction":[{"@type":"SearchAction","target":{"@type":"EntryPoint","urlTemplate":"https:\/\/www.gdirekt.se\/?s={search_term_string}"},"query-input":{"@type":"PropertyValueSpecification","valueRequired":true,"valueName":"search_term_string"}}],"inLanguage":"da-DK"}]}},"_links":{"self":[{"href":"https:\/\/www.gdirekt.se\/da\/wp-json\/wp\/v2\/product\/9712","targetHints":{"allow":["GET"]}}],"collection":[{"href":"https:\/\/www.gdirekt.se\/da\/wp-json\/wp\/v2\/product"}],"about":[{"href":"https:\/\/www.gdirekt.se\/da\/wp-json\/wp\/v2\/types\/product"}],"wp:featuredmedia":[{"embeddable":true,"href":"https:\/\/www.gdirekt.se\/da\/wp-json\/wp\/v2\/media\/8221"}],"wp:attachment":[{"href":"https:\/\/www.gdirekt.se\/da\/wp-json\/wp\/v2\/media?parent=9712"}],"wp:term":[{"taxonomy":"product_brand","embeddable":true,"href":"https:\/\/www.gdirekt.se\/da\/wp-json\/wp\/v2\/product_brand?post=9712"},{"taxonomy":"product_cat","embeddable":true,"href":"https:\/\/www.gdirekt.se\/da\/wp-json\/wp\/v2\/product_cat?post=9712"},{"taxonomy":"product_tag","embeddable":true,"href":"https:\/\/www.gdirekt.se\/da\/wp-json\/wp\/v2\/product_tag?post=9712"}],"curies":[{"name":"wp","href":"https:\/\/api.w.org\/{rel}","templated":true}]}}