{"id":9707,"date":"2017-03-14T08:49:41","date_gmt":"2017-03-14T07:49:41","guid":{"rendered":"http:\/\/gdirekt.hamstage.hamrenmedia.se\/produkt\/trekantet-loftophaeng\/"},"modified":"2019-01-16T15:15:38","modified_gmt":"2019-01-16T14:15:38","slug":"trekantet-loftophaeng","status":"publish","type":"product","link":"https:\/\/www.gdirekt.se\/da\/produkt\/trekantet-loftophaeng\/","title":{"rendered":"Trekantet loftoph\u00e6ng"},"content":{"rendered":"<p><span lang=\"DA\">Trekantet loftoph\u00e6ng med trykte budskaber p\u00e5 bannere. Komplet trekantet loftoph\u00e6ng, der kan h\u00e6nges op i loftet med wirer. Der er tre \u00f8skener \u2013 en i hvert hj\u00f8rne \u2013 hvilket betyder, at loftoph\u00e6nget kan h\u00e6nges op med blot tre skruer \u2013 en for hver \u00f8sken. Disse trekantede lofth\u00e6ngte bannere er velegnede til messer, butikker, butikscentre og andre store, \u00e5bne steder med h\u00f8jt til loftet, f.eks. indgange og indgangspartier.<\/span><\/p>\n<p><span lang=\"DA\">Hvis du bestiller messemateriale hos Gdirekt.se, f\u00e5r du bannertryk af virkelig god og h\u00f8j kvalitet. Vi bruger kun milj\u00f8venlig farve med fantastisk flot farvegengivelse. De trykte bannere rulles op p\u00e5 de robuste glasfiberr\u00f8r og opbevares i den kompakte og stabile kraftige kasse. Se flere sp\u00e6ndende skiltel\u00f8sninger med tryk ved at f\u00f8lge os p\u00e5<span class=\"apple-converted-space\">\u00a0<\/span><\/span><span lang=\"DA\"><a href=\"https:\/\/www.instagram.com\/gigantprint\/\"><b><i>Instagram<\/i><\/b><\/a><\/span><span lang=\"DA\">!<\/span><\/p>\n<h3><span lang=\"DA\">Det er let at bestille et trekantet loftoph\u00e6ng<\/span><\/h3>\n<p><span lang=\"DA\">Bestil det trekantede loftoph\u00e6ng og mange andre smarte l\u00f8sninger til messer og udstillinger ved at klikke<span class=\"apple-converted-space\">\u00a0<\/span><\/span><span lang=\"DA\"><a href=\"https:\/\/www.gdirekt.se\/produkt-kategori\/massmaterial-och-montersystem\/\"><b><i>her.<\/i><\/b><\/a><\/span><i><\/i><\/p>\n","protected":false},"excerpt":{"rendered":"<p>Trekantet loftoph\u00e6ng med trykte bannere til butik eller messe. Let og hurtig montering uden v\u00e6rkt\u00f8j. H\u00e6ng budskaber og reklame fra loftet i tre st\u00f8rrelser.<\/p>\n","protected":false},"featured_media":8664,"template":"","meta":{"_acf_changed":false},"product_brand":[],"product_cat":[375],"product_tag":[],"class_list":{"0":"post-9707","1":"product","2":"type-product","3":"status-publish","4":"has-post-thumbnail","6":"product_cat-messevaegge-og-displaysystemer","7":"product_shipping_class-180sek","9":"first","10":"instock","11":"taxable","12":"shipping-taxable","13":"purchasable","14":"product-type-variable","15":"has-default-attributes"},"exclude_global_add_ons":[],"addons":[],"acf":[],"yoast_head":"<!-- This site is optimized with the Yoast SEO plugin v27.2 - https:\/\/yoast.com\/product\/yoast-seo-wordpress\/ -->\n<title>Trekantet loftoph\u00e6ng med trykte banner til messen og butikken | Gdirekt.se<\/title>\n<meta name=\"description\" content=\"Trekantet loftoph\u00e6ng med trykte bannere til butik eller messe. H\u00e6ng budskaber og reklamer fra loftet. Bestil hos Gdirekt.se allerede i dag, og f\u00e5 flot kvalitet til en god pris!\" \/>\n<meta name=\"robots\" content=\"index, follow, max-snippet:-1, max-image-preview:large, max-video-preview:-1\" \/>\n<link rel=\"canonical\" href=\"https:\/\/www.gdirekt.se\/da\/produkt\/trekantet-loftophaeng\/\" \/>\n<meta property=\"og:locale\" content=\"da_DK\" \/>\n<meta property=\"og:type\" content=\"article\" \/>\n<meta property=\"og:title\" content=\"Trekantet loftoph\u00e6ng med trykte banner til messen og butikken | Gdirekt.se\" \/>\n<meta property=\"og:description\" content=\"Trekantet loftoph\u00e6ng med trykte bannere til butik eller messe. H\u00e6ng budskaber og reklamer fra loftet. Bestil hos Gdirekt.se allerede i dag, og f\u00e5 flot kvalitet til en god pris!\" \/>\n<meta property=\"og:url\" content=\"https:\/\/www.gdirekt.se\/da\/produkt\/trekantet-loftophaeng\/\" \/>\n<meta property=\"og:site_name\" content=\"Gdirekt.se\" \/>\n<meta property=\"article:modified_time\" content=\"2019-01-16T14:15:38+00:00\" \/>\n<meta property=\"og:image\" content=\"https:\/\/www.gdirekt.se\/wp-content\/uploads\/takmobil_triangel.png\" \/>\n\t<meta property=\"og:image:width\" content=\"1000\" \/>\n\t<meta property=\"og:image:height\" content=\"1000\" \/>\n\t<meta property=\"og:image:type\" content=\"image\/png\" \/>\n<meta name=\"twitter:card\" content=\"summary_large_image\" \/>\n<meta name=\"twitter:label1\" content=\"Estimeret l\u00e6setid\" \/>\n\t<meta name=\"twitter:data1\" content=\"1 minut\" \/>\n<script type=\"application\/ld+json\" class=\"yoast-schema-graph\">{\"@context\":\"https:\/\/schema.org\",\"@graph\":[{\"@type\":\"WebPage\",\"@id\":\"https:\/\/www.gdirekt.se\/da\/produkt\/trekantet-loftophaeng\/\",\"url\":\"https:\/\/www.gdirekt.se\/da\/produkt\/trekantet-loftophaeng\/\",\"name\":\"Trekantet loftoph\u00e6ng med trykte banner til messen og butikken | Gdirekt.se\",\"isPartOf\":{\"@id\":\"https:\/\/www.gdirekt.se\/#website\"},\"primaryImageOfPage\":{\"@id\":\"https:\/\/www.gdirekt.se\/da\/produkt\/trekantet-loftophaeng\/#primaryimage\"},\"image\":{\"@id\":\"https:\/\/www.gdirekt.se\/da\/produkt\/trekantet-loftophaeng\/#primaryimage\"},\"thumbnailUrl\":\"https:\/\/www.gdirekt.se\/wp-content\/uploads\/takmobil_triangel.png\",\"datePublished\":\"2017-03-14T07:49:41+00:00\",\"dateModified\":\"2019-01-16T14:15:38+00:00\",\"description\":\"Trekantet loftoph\u00e6ng med trykte bannere til butik eller messe. H\u00e6ng budskaber og reklamer fra loftet. Bestil hos Gdirekt.se allerede i dag, og f\u00e5 flot kvalitet til en god pris!\",\"breadcrumb\":{\"@id\":\"https:\/\/www.gdirekt.se\/da\/produkt\/trekantet-loftophaeng\/#breadcrumb\"},\"inLanguage\":\"da-DK\",\"potentialAction\":[{\"@type\":\"ReadAction\",\"target\":[\"https:\/\/www.gdirekt.se\/da\/produkt\/trekantet-loftophaeng\/\"]}]},{\"@type\":\"ImageObject\",\"inLanguage\":\"da-DK\",\"@id\":\"https:\/\/www.gdirekt.se\/da\/produkt\/trekantet-loftophaeng\/#primaryimage\",\"url\":\"https:\/\/www.gdirekt.se\/wp-content\/uploads\/takmobil_triangel.png\",\"contentUrl\":\"https:\/\/www.gdirekt.se\/wp-content\/uploads\/takmobil_triangel.png\",\"width\":1000,\"height\":1000,\"caption\":\"Trekantet loftoph\u00e6ng messsebanner i taket som triangel\"},{\"@type\":\"BreadcrumbList\",\"@id\":\"https:\/\/www.gdirekt.se\/da\/produkt\/trekantet-loftophaeng\/#breadcrumb\",\"itemListElement\":[{\"@type\":\"ListItem\",\"position\":1,\"name\":\"Hem\",\"item\":\"https:\/\/www.gdirekt.se\/da\/\"},{\"@type\":\"ListItem\",\"position\":2,\"name\":\"Start\",\"item\":\"https:\/\/www.gdirekt.se\/da\/\"},{\"@type\":\"ListItem\",\"position\":3,\"name\":\"Trekantet loftoph\u00e6ng\"}]},{\"@type\":\"WebSite\",\"@id\":\"https:\/\/www.gdirekt.se\/#website\",\"url\":\"https:\/\/www.gdirekt.se\/\",\"name\":\"Gdirekt.se\",\"description\":\"Tryck snabbt \u00e5 l\u00e4tt = Gdirekt\",\"potentialAction\":[{\"@type\":\"SearchAction\",\"target\":{\"@type\":\"EntryPoint\",\"urlTemplate\":\"https:\/\/www.gdirekt.se\/?s={search_term_string}\"},\"query-input\":{\"@type\":\"PropertyValueSpecification\",\"valueRequired\":true,\"valueName\":\"search_term_string\"}}],\"inLanguage\":\"da-DK\"}]}<\/script>\n<!-- \/ Yoast SEO plugin. -->","yoast_head_json":{"title":"Trekantet loftoph\u00e6ng med trykte banner til messen og butikken | Gdirekt.se","description":"Trekantet loftoph\u00e6ng med trykte bannere til butik eller messe. H\u00e6ng budskaber og reklamer fra loftet. Bestil hos Gdirekt.se allerede i dag, og f\u00e5 flot kvalitet til en god pris!","robots":{"index":"index","follow":"follow","max-snippet":"max-snippet:-1","max-image-preview":"max-image-preview:large","max-video-preview":"max-video-preview:-1"},"canonical":"https:\/\/www.gdirekt.se\/da\/produkt\/trekantet-loftophaeng\/","og_locale":"da_DK","og_type":"article","og_title":"Trekantet loftoph\u00e6ng med trykte banner til messen og butikken | Gdirekt.se","og_description":"Trekantet loftoph\u00e6ng med trykte bannere til butik eller messe. H\u00e6ng budskaber og reklamer fra loftet. Bestil hos Gdirekt.se allerede i dag, og f\u00e5 flot kvalitet til en god pris!","og_url":"https:\/\/www.gdirekt.se\/da\/produkt\/trekantet-loftophaeng\/","og_site_name":"Gdirekt.se","article_modified_time":"2019-01-16T14:15:38+00:00","og_image":[{"width":1000,"height":1000,"url":"https:\/\/www.gdirekt.se\/wp-content\/uploads\/takmobil_triangel.png","type":"image\/png"}],"twitter_card":"summary_large_image","twitter_misc":{"Estimeret l\u00e6setid":"1 minut"},"schema":{"@context":"https:\/\/schema.org","@graph":[{"@type":"WebPage","@id":"https:\/\/www.gdirekt.se\/da\/produkt\/trekantet-loftophaeng\/","url":"https:\/\/www.gdirekt.se\/da\/produkt\/trekantet-loftophaeng\/","name":"Trekantet loftoph\u00e6ng med trykte banner til messen og butikken | Gdirekt.se","isPartOf":{"@id":"https:\/\/www.gdirekt.se\/#website"},"primaryImageOfPage":{"@id":"https:\/\/www.gdirekt.se\/da\/produkt\/trekantet-loftophaeng\/#primaryimage"},"image":{"@id":"https:\/\/www.gdirekt.se\/da\/produkt\/trekantet-loftophaeng\/#primaryimage"},"thumbnailUrl":"https:\/\/www.gdirekt.se\/wp-content\/uploads\/takmobil_triangel.png","datePublished":"2017-03-14T07:49:41+00:00","dateModified":"2019-01-16T14:15:38+00:00","description":"Trekantet loftoph\u00e6ng med trykte bannere til butik eller messe. H\u00e6ng budskaber og reklamer fra loftet. Bestil hos Gdirekt.se allerede i dag, og f\u00e5 flot kvalitet til en god pris!","breadcrumb":{"@id":"https:\/\/www.gdirekt.se\/da\/produkt\/trekantet-loftophaeng\/#breadcrumb"},"inLanguage":"da-DK","potentialAction":[{"@type":"ReadAction","target":["https:\/\/www.gdirekt.se\/da\/produkt\/trekantet-loftophaeng\/"]}]},{"@type":"ImageObject","inLanguage":"da-DK","@id":"https:\/\/www.gdirekt.se\/da\/produkt\/trekantet-loftophaeng\/#primaryimage","url":"https:\/\/www.gdirekt.se\/wp-content\/uploads\/takmobil_triangel.png","contentUrl":"https:\/\/www.gdirekt.se\/wp-content\/uploads\/takmobil_triangel.png","width":1000,"height":1000,"caption":"Trekantet loftoph\u00e6ng messsebanner i taket som triangel"},{"@type":"BreadcrumbList","@id":"https:\/\/www.gdirekt.se\/da\/produkt\/trekantet-loftophaeng\/#breadcrumb","itemListElement":[{"@type":"ListItem","position":1,"name":"Hem","item":"https:\/\/www.gdirekt.se\/da\/"},{"@type":"ListItem","position":2,"name":"Start","item":"https:\/\/www.gdirekt.se\/da\/"},{"@type":"ListItem","position":3,"name":"Trekantet loftoph\u00e6ng"}]},{"@type":"WebSite","@id":"https:\/\/www.gdirekt.se\/#website","url":"https:\/\/www.gdirekt.se\/","name":"Gdirekt.se","description":"Tryck snabbt \u00e5 l\u00e4tt = Gdirekt","potentialAction":[{"@type":"SearchAction","target":{"@type":"EntryPoint","urlTemplate":"https:\/\/www.gdirekt.se\/?s={search_term_string}"},"query-input":{"@type":"PropertyValueSpecification","valueRequired":true,"valueName":"search_term_string"}}],"inLanguage":"da-DK"}]}},"_links":{"self":[{"href":"https:\/\/www.gdirekt.se\/da\/wp-json\/wp\/v2\/product\/9707","targetHints":{"allow":["GET"]}}],"collection":[{"href":"https:\/\/www.gdirekt.se\/da\/wp-json\/wp\/v2\/product"}],"about":[{"href":"https:\/\/www.gdirekt.se\/da\/wp-json\/wp\/v2\/types\/product"}],"wp:featuredmedia":[{"embeddable":true,"href":"https:\/\/www.gdirekt.se\/da\/wp-json\/wp\/v2\/media\/8664"}],"wp:attachment":[{"href":"https:\/\/www.gdirekt.se\/da\/wp-json\/wp\/v2\/media?parent=9707"}],"wp:term":[{"taxonomy":"product_brand","embeddable":true,"href":"https:\/\/www.gdirekt.se\/da\/wp-json\/wp\/v2\/product_brand?post=9707"},{"taxonomy":"product_cat","embeddable":true,"href":"https:\/\/www.gdirekt.se\/da\/wp-json\/wp\/v2\/product_cat?post=9707"},{"taxonomy":"product_tag","embeddable":true,"href":"https:\/\/www.gdirekt.se\/da\/wp-json\/wp\/v2\/product_tag?post=9707"}],"curies":[{"name":"wp","href":"https:\/\/api.w.org\/{rel}","templated":true}]}}