{"id":9706,"date":"2017-01-30T11:56:46","date_gmt":"2017-01-30T10:56:46","guid":{"rendered":"http:\/\/gdirekt.hamstage.hamrenmedia.se\/produkt\/liggestol-strandstol-med-tryk\/"},"modified":"2024-02-01T09:36:45","modified_gmt":"2024-02-01T08:36:45","slug":"liggestol-strandstol-med-tryk","status":"publish","type":"product","link":"https:\/\/www.gdirekt.se\/da\/produkt\/liggestol-strandstol-med-tryk\/","title":{"rendered":"Liggestol\/strandstol med tryk"},"content":{"rendered":"<p><span lang=\"DA\">Liggestol\/strandstol med tryk i h\u00f8j kvalitet. Vores liggestole i tr\u00e6 kan bestilles med tryk til kanten (bleed) p\u00e5 hele stoffet. De kan t\u00e5le at st\u00e5 ude i sol og regn. Tr\u00e6stolene har arml\u00e6n og en kopholder p\u00e5 h\u00f8jre side.\u00a0Rygl\u00e6net kan naturligvis indstilles i den helt rigtige stilling.\u00a0Strandstole eller reklamestole, som de ogs\u00e5 kaldes, kan k\u00f8bes let hos os.<\/span><\/p>\n<p><span lang=\"DA\">Se vores produktside, hvis I har brug for<span class=\"apple-converted-space\">\u00a0<\/span><\/span><span lang=\"DA\"><a href=\"https:\/\/www.gdirekt.se\/\"><b><i>andre produkter med tryk<\/i><\/b><\/a><\/span><span lang=\"DA\">.<\/span><\/p>\n","protected":false},"excerpt":{"rendered":"<p>Bestil let denne liggestol\/strandstol med tryk hos Gdirekt. F\u00e5 reklametryk med logoer og tekst samt billeder. Vores strandstol er desuden udstyret med kopholder.<\/p>\n","protected":false},"featured_media":8467,"template":"","meta":{"_acf_changed":false},"product_brand":[],"product_cat":[375,356],"product_tag":[],"class_list":{"0":"post-9706","1":"product","2":"type-product","3":"status-publish","4":"has-post-thumbnail","6":"product_cat-messevaegge-og-displaysystemer","7":"product_cat-udendoersskilte-og-expo","9":"first","10":"instock","11":"taxable","12":"shipping-taxable","13":"purchasable","14":"product-type-simple"},"exclude_global_add_ons":[],"addons":[],"acf":[],"yoast_head":"<!-- This site is optimized with the Yoast SEO plugin v27.2 - https:\/\/yoast.com\/product\/yoast-seo-wordpress\/ -->\n<title>Liggestol\/strandstol med tryk firma logf\u00f8ring kampagne | Gdirekt.se<\/title>\n<meta name=\"description\" content=\"Bestil let denne liggestol\/strandstol med tryk hos Gdirekt. F\u00e5 reklametryk med logoer og tekst samt billeder. Vores strandstol, der k\u00f8bes direkte online hos os, er udstyret med kopholder.\" \/>\n<meta name=\"robots\" content=\"index, follow, max-snippet:-1, max-image-preview:large, max-video-preview:-1\" \/>\n<link rel=\"canonical\" href=\"https:\/\/www.gdirekt.se\/da\/produkt\/liggestol-strandstol-med-tryk\/\" \/>\n<meta property=\"og:locale\" content=\"da_DK\" \/>\n<meta property=\"og:type\" content=\"article\" \/>\n<meta property=\"og:title\" content=\"Liggestol\/strandstol med tryk firma logf\u00f8ring kampagne | Gdirekt.se\" \/>\n<meta property=\"og:description\" content=\"Bestil let denne liggestol\/strandstol med tryk hos Gdirekt. F\u00e5 reklametryk med logoer og tekst samt billeder. Vores strandstol, der k\u00f8bes direkte online hos os, er udstyret med kopholder.\" \/>\n<meta property=\"og:url\" content=\"https:\/\/www.gdirekt.se\/da\/produkt\/liggestol-strandstol-med-tryk\/\" \/>\n<meta property=\"og:site_name\" content=\"Gdirekt.se\" \/>\n<meta property=\"article:modified_time\" content=\"2024-02-01T08:36:45+00:00\" \/>\n<meta property=\"og:image\" content=\"https:\/\/www.gdirekt.se\/wp-content\/uploads\/solstol-med-tryck.png\" \/>\n\t<meta property=\"og:image:width\" content=\"1000\" \/>\n\t<meta property=\"og:image:height\" content=\"1000\" \/>\n\t<meta property=\"og:image:type\" content=\"image\/png\" \/>\n<meta name=\"twitter:card\" content=\"summary_large_image\" \/>\n<script type=\"application\/ld+json\" class=\"yoast-schema-graph\">{\"@context\":\"https:\/\/schema.org\",\"@graph\":[{\"@type\":\"WebPage\",\"@id\":\"https:\/\/www.gdirekt.se\/da\/produkt\/liggestol-strandstol-med-tryk\/\",\"url\":\"https:\/\/www.gdirekt.se\/da\/produkt\/liggestol-strandstol-med-tryk\/\",\"name\":\"Liggestol\/strandstol med tryk firma logf\u00f8ring kampagne | Gdirekt.se\",\"isPartOf\":{\"@id\":\"https:\/\/www.gdirekt.se\/#website\"},\"primaryImageOfPage\":{\"@id\":\"https:\/\/www.gdirekt.se\/da\/produkt\/liggestol-strandstol-med-tryk\/#primaryimage\"},\"image\":{\"@id\":\"https:\/\/www.gdirekt.se\/da\/produkt\/liggestol-strandstol-med-tryk\/#primaryimage\"},\"thumbnailUrl\":\"https:\/\/www.gdirekt.se\/wp-content\/uploads\/solstol-med-tryck.png\",\"datePublished\":\"2017-01-30T10:56:46+00:00\",\"dateModified\":\"2024-02-01T08:36:45+00:00\",\"description\":\"Bestil let denne liggestol\/strandstol med tryk hos Gdirekt. F\u00e5 reklametryk med logoer og tekst samt billeder. Vores strandstol, der k\u00f8bes direkte online hos os, er udstyret med kopholder.\",\"breadcrumb\":{\"@id\":\"https:\/\/www.gdirekt.se\/da\/produkt\/liggestol-strandstol-med-tryk\/#breadcrumb\"},\"inLanguage\":\"da-DK\",\"potentialAction\":[{\"@type\":\"ReadAction\",\"target\":[\"https:\/\/www.gdirekt.se\/da\/produkt\/liggestol-strandstol-med-tryk\/\"]}]},{\"@type\":\"ImageObject\",\"inLanguage\":\"da-DK\",\"@id\":\"https:\/\/www.gdirekt.se\/da\/produkt\/liggestol-strandstol-med-tryk\/#primaryimage\",\"url\":\"https:\/\/www.gdirekt.se\/wp-content\/uploads\/solstol-med-tryck.png\",\"contentUrl\":\"https:\/\/www.gdirekt.se\/wp-content\/uploads\/solstol-med-tryck.png\",\"width\":1000,\"height\":1000,\"caption\":\"K\u00f8p strandstol med tryk\"},{\"@type\":\"BreadcrumbList\",\"@id\":\"https:\/\/www.gdirekt.se\/da\/produkt\/liggestol-strandstol-med-tryk\/#breadcrumb\",\"itemListElement\":[{\"@type\":\"ListItem\",\"position\":1,\"name\":\"Hem\",\"item\":\"https:\/\/www.gdirekt.se\/da\/\"},{\"@type\":\"ListItem\",\"position\":2,\"name\":\"Start\",\"item\":\"https:\/\/www.gdirekt.se\/da\/\"},{\"@type\":\"ListItem\",\"position\":3,\"name\":\"Liggestol\/strandstol med tryk\"}]},{\"@type\":\"WebSite\",\"@id\":\"https:\/\/www.gdirekt.se\/#website\",\"url\":\"https:\/\/www.gdirekt.se\/\",\"name\":\"Gdirekt.se\",\"description\":\"Tryck snabbt \u00e5 l\u00e4tt = Gdirekt\",\"potentialAction\":[{\"@type\":\"SearchAction\",\"target\":{\"@type\":\"EntryPoint\",\"urlTemplate\":\"https:\/\/www.gdirekt.se\/?s={search_term_string}\"},\"query-input\":{\"@type\":\"PropertyValueSpecification\",\"valueRequired\":true,\"valueName\":\"search_term_string\"}}],\"inLanguage\":\"da-DK\"}]}<\/script>\n<!-- \/ Yoast SEO plugin. -->","yoast_head_json":{"title":"Liggestol\/strandstol med tryk firma logf\u00f8ring kampagne | Gdirekt.se","description":"Bestil let denne liggestol\/strandstol med tryk hos Gdirekt. F\u00e5 reklametryk med logoer og tekst samt billeder. Vores strandstol, der k\u00f8bes direkte online hos os, er udstyret med kopholder.","robots":{"index":"index","follow":"follow","max-snippet":"max-snippet:-1","max-image-preview":"max-image-preview:large","max-video-preview":"max-video-preview:-1"},"canonical":"https:\/\/www.gdirekt.se\/da\/produkt\/liggestol-strandstol-med-tryk\/","og_locale":"da_DK","og_type":"article","og_title":"Liggestol\/strandstol med tryk firma logf\u00f8ring kampagne | Gdirekt.se","og_description":"Bestil let denne liggestol\/strandstol med tryk hos Gdirekt. F\u00e5 reklametryk med logoer og tekst samt billeder. Vores strandstol, der k\u00f8bes direkte online hos os, er udstyret med kopholder.","og_url":"https:\/\/www.gdirekt.se\/da\/produkt\/liggestol-strandstol-med-tryk\/","og_site_name":"Gdirekt.se","article_modified_time":"2024-02-01T08:36:45+00:00","og_image":[{"width":1000,"height":1000,"url":"https:\/\/www.gdirekt.se\/wp-content\/uploads\/solstol-med-tryck.png","type":"image\/png"}],"twitter_card":"summary_large_image","schema":{"@context":"https:\/\/schema.org","@graph":[{"@type":"WebPage","@id":"https:\/\/www.gdirekt.se\/da\/produkt\/liggestol-strandstol-med-tryk\/","url":"https:\/\/www.gdirekt.se\/da\/produkt\/liggestol-strandstol-med-tryk\/","name":"Liggestol\/strandstol med tryk firma logf\u00f8ring kampagne | Gdirekt.se","isPartOf":{"@id":"https:\/\/www.gdirekt.se\/#website"},"primaryImageOfPage":{"@id":"https:\/\/www.gdirekt.se\/da\/produkt\/liggestol-strandstol-med-tryk\/#primaryimage"},"image":{"@id":"https:\/\/www.gdirekt.se\/da\/produkt\/liggestol-strandstol-med-tryk\/#primaryimage"},"thumbnailUrl":"https:\/\/www.gdirekt.se\/wp-content\/uploads\/solstol-med-tryck.png","datePublished":"2017-01-30T10:56:46+00:00","dateModified":"2024-02-01T08:36:45+00:00","description":"Bestil let denne liggestol\/strandstol med tryk hos Gdirekt. F\u00e5 reklametryk med logoer og tekst samt billeder. Vores strandstol, der k\u00f8bes direkte online hos os, er udstyret med kopholder.","breadcrumb":{"@id":"https:\/\/www.gdirekt.se\/da\/produkt\/liggestol-strandstol-med-tryk\/#breadcrumb"},"inLanguage":"da-DK","potentialAction":[{"@type":"ReadAction","target":["https:\/\/www.gdirekt.se\/da\/produkt\/liggestol-strandstol-med-tryk\/"]}]},{"@type":"ImageObject","inLanguage":"da-DK","@id":"https:\/\/www.gdirekt.se\/da\/produkt\/liggestol-strandstol-med-tryk\/#primaryimage","url":"https:\/\/www.gdirekt.se\/wp-content\/uploads\/solstol-med-tryck.png","contentUrl":"https:\/\/www.gdirekt.se\/wp-content\/uploads\/solstol-med-tryck.png","width":1000,"height":1000,"caption":"K\u00f8p strandstol med tryk"},{"@type":"BreadcrumbList","@id":"https:\/\/www.gdirekt.se\/da\/produkt\/liggestol-strandstol-med-tryk\/#breadcrumb","itemListElement":[{"@type":"ListItem","position":1,"name":"Hem","item":"https:\/\/www.gdirekt.se\/da\/"},{"@type":"ListItem","position":2,"name":"Start","item":"https:\/\/www.gdirekt.se\/da\/"},{"@type":"ListItem","position":3,"name":"Liggestol\/strandstol med tryk"}]},{"@type":"WebSite","@id":"https:\/\/www.gdirekt.se\/#website","url":"https:\/\/www.gdirekt.se\/","name":"Gdirekt.se","description":"Tryck snabbt \u00e5 l\u00e4tt = Gdirekt","potentialAction":[{"@type":"SearchAction","target":{"@type":"EntryPoint","urlTemplate":"https:\/\/www.gdirekt.se\/?s={search_term_string}"},"query-input":{"@type":"PropertyValueSpecification","valueRequired":true,"valueName":"search_term_string"}}],"inLanguage":"da-DK"}]}},"_links":{"self":[{"href":"https:\/\/www.gdirekt.se\/da\/wp-json\/wp\/v2\/product\/9706","targetHints":{"allow":["GET"]}}],"collection":[{"href":"https:\/\/www.gdirekt.se\/da\/wp-json\/wp\/v2\/product"}],"about":[{"href":"https:\/\/www.gdirekt.se\/da\/wp-json\/wp\/v2\/types\/product"}],"wp:featuredmedia":[{"embeddable":true,"href":"https:\/\/www.gdirekt.se\/da\/wp-json\/wp\/v2\/media\/8467"}],"wp:attachment":[{"href":"https:\/\/www.gdirekt.se\/da\/wp-json\/wp\/v2\/media?parent=9706"}],"wp:term":[{"taxonomy":"product_brand","embeddable":true,"href":"https:\/\/www.gdirekt.se\/da\/wp-json\/wp\/v2\/product_brand?post=9706"},{"taxonomy":"product_cat","embeddable":true,"href":"https:\/\/www.gdirekt.se\/da\/wp-json\/wp\/v2\/product_cat?post=9706"},{"taxonomy":"product_tag","embeddable":true,"href":"https:\/\/www.gdirekt.se\/da\/wp-json\/wp\/v2\/product_tag?post=9706"}],"curies":[{"name":"wp","href":"https:\/\/api.w.org\/{rel}","templated":true}]}}