{"id":9691,"date":"2017-02-27T14:06:48","date_gmt":"2017-02-27T13:06:48","guid":{"rendered":"http:\/\/gdirekt.hamstage.hamrenmedia.se\/produkt\/rullegardin-med-trykt-motiv-og-monster\/"},"modified":"2021-03-23T08:28:50","modified_gmt":"2021-03-23T07:28:50","slug":"rullegardin-med-trykt-motiv-og-monster","status":"publish","type":"product","link":"https:\/\/www.gdirekt.se\/da\/produkt\/rullegardin-med-trykt-motiv-og-monster\/","title":{"rendered":"Rullegardin med trykt motiv og m\u00f8nster"},"content":{"rendered":"<p><span lang=\"DA\">Rullegardinet med trykt motiv og m\u00f8nster kan bestilles i flere forskellige m\u00e5l. Vi trykker gardinerne med milj\u00f8venlig farve og benytter brandgodkendt materiale. I standardudgaven lader rullegardinets stof en vis m\u00e6ngde lys slippe igennem, men det d\u00e6kker naturligvis hele vinduet. Det er ogs\u00e5 muligt at v\u00e6lge m\u00f8rkl\u00e6gningsgardiner. Alle rullegardiner, der k\u00f8bes hos os, leveres klar til oph\u00e6ngning. Der medf\u00f8lger brugsanvisning, og de kan monteres i siderne inde i et vindue eller p\u00e5 v\u00e6ggen samt i loftet. Dermed fungerer alle varianter.<\/span><\/p>\n<p><span lang=\"DA\">Hvis der er brug for en anden type skiltning, har vi en bred vifte af materialer og st\u00f8rrelser<span class=\"apple-converted-space\">\u00a0<\/span><\/span><span lang=\"DA\"><a href=\"https:\/\/www.gdirekt.se\/produkt-kategori\/skyltar\/\"><b><i>her<\/i><\/b><\/a><\/span><span lang=\"DA\">.<\/span><\/p>\n<p><span lang=\"DA\">Vi har som sagt b\u00e5de brede og smalle rullegardiner, der f\u00e5s med f\u00f8lgende m\u00e5l:<\/span><\/p>\n<p><span lang=\"DA\">\u2022 80\u00a0cm bredt (stofbredde 76\u00a0cm)<\/span><\/p>\n<p><span lang=\"DA\">\u2022 100\u00a0cm bredt (stofbredde 96\u00a0cm)<\/span><\/p>\n<p><span lang=\"DA\">\u2022 120\u00a0cm bredt (stofbredde 116\u00a0cm)<\/span><\/p>\n<p><span lang=\"DA\">\u2022 140\u00a0cm bredt (stofbredde 136\u00a0cm)<\/span><\/p>\n<p><span lang=\"DA\">\u2022 160\u00a0cm bredt (stofbredde 156\u00a0cm)<\/span><\/p>\n<p><span lang=\"DA\">\u2022 180\u00a0cm bredt (stofbredde 176\u00a0cm)<\/span><\/p>\n<p><span lang=\"DA\">\u2022 200\u00a0cm bredt (stofbredde 194\u00a0cm)<\/span><\/p>\n","protected":false},"excerpt":{"rendered":"<p>Rullegardin med trykt motiv og m\u00f8nster. Det trykte billede kan v\u00e6re op til 185\u00a0cm h\u00f8jt. V\u00e6lg bredde, og v\u00e6lg mellem standardgardin og m\u00f8rkl\u00e6gningsgardin.<\/p>\n","protected":false},"featured_media":8577,"template":"","meta":{"_acf_changed":false},"product_brand":[],"product_cat":[375,377],"product_tag":[],"class_list":{"0":"post-9691","1":"product","2":"type-product","3":"status-publish","4":"has-post-thumbnail","6":"product_cat-messevaegge-og-displaysystemer","7":"product_cat-rollup-og-roll-up-banner","8":"product_shipping_class-250kr","10":"first","11":"instock","12":"taxable","13":"shipping-taxable","14":"purchasable","15":"product-type-variable","16":"has-default-attributes"},"exclude_global_add_ons":[],"addons":[],"acf":[],"yoast_head":"<!-- This site is optimized with the Yoast SEO plugin v27.2 - https:\/\/yoast.com\/product\/yoast-seo-wordpress\/ -->\n<title>Rullegardin med trykt motiv og m\u00f8nster. Lav dit eget design | Gdirekt.se<\/title>\n<meta name=\"description\" content=\"Rullegardin med trykt motiv og m\u00f8nster til at udforme dit eget design. Det kan v\u00e6re foto og tekst med logo eller udsalgsskiltning. Bestil menuer, der kan rulles ned p\u00e5 v\u00e6ggen.\" \/>\n<meta name=\"robots\" content=\"index, follow, max-snippet:-1, max-image-preview:large, max-video-preview:-1\" \/>\n<link rel=\"canonical\" href=\"https:\/\/www.gdirekt.se\/da\/produkt\/rullegardin-med-trykt-motiv-og-monster\/\" \/>\n<meta property=\"og:locale\" content=\"da_DK\" \/>\n<meta property=\"og:type\" content=\"article\" \/>\n<meta property=\"og:title\" content=\"Rullegardin med trykt motiv og m\u00f8nster. Lav dit eget design | Gdirekt.se\" \/>\n<meta property=\"og:description\" content=\"Rullegardin med trykt motiv og m\u00f8nster til at udforme dit eget design. Det kan v\u00e6re foto og tekst med logo eller udsalgsskiltning. Bestil menuer, der kan rulles ned p\u00e5 v\u00e6ggen.\" \/>\n<meta property=\"og:url\" content=\"https:\/\/www.gdirekt.se\/da\/produkt\/rullegardin-med-trykt-motiv-og-monster\/\" \/>\n<meta property=\"og:site_name\" content=\"Gdirekt.se\" \/>\n<meta property=\"article:modified_time\" content=\"2021-03-23T07:28:50+00:00\" \/>\n<meta property=\"og:image\" content=\"https:\/\/www.gdirekt.se\/wp-content\/uploads\/rullgardin_med_tryck.png\" \/>\n\t<meta property=\"og:image:width\" content=\"1000\" \/>\n\t<meta property=\"og:image:height\" content=\"1000\" \/>\n\t<meta property=\"og:image:type\" content=\"image\/png\" \/>\n<meta name=\"twitter:card\" content=\"summary_large_image\" \/>\n<meta name=\"twitter:label1\" content=\"Estimeret l\u00e6setid\" \/>\n\t<meta name=\"twitter:data1\" content=\"1 minut\" \/>\n<script type=\"application\/ld+json\" class=\"yoast-schema-graph\">{\"@context\":\"https:\/\/schema.org\",\"@graph\":[{\"@type\":\"WebPage\",\"@id\":\"https:\/\/www.gdirekt.se\/da\/produkt\/rullegardin-med-trykt-motiv-og-monster\/\",\"url\":\"https:\/\/www.gdirekt.se\/da\/produkt\/rullegardin-med-trykt-motiv-og-monster\/\",\"name\":\"Rullegardin med trykt motiv og m\u00f8nster. Lav dit eget design | Gdirekt.se\",\"isPartOf\":{\"@id\":\"https:\/\/www.gdirekt.se\/#website\"},\"primaryImageOfPage\":{\"@id\":\"https:\/\/www.gdirekt.se\/da\/produkt\/rullegardin-med-trykt-motiv-og-monster\/#primaryimage\"},\"image\":{\"@id\":\"https:\/\/www.gdirekt.se\/da\/produkt\/rullegardin-med-trykt-motiv-og-monster\/#primaryimage\"},\"thumbnailUrl\":\"https:\/\/www.gdirekt.se\/wp-content\/uploads\/rullgardin_med_tryck.png\",\"datePublished\":\"2017-02-27T13:06:48+00:00\",\"dateModified\":\"2021-03-23T07:28:50+00:00\",\"description\":\"Rullegardin med trykt motiv og m\u00f8nster til at udforme dit eget design. Det kan v\u00e6re foto og tekst med logo eller udsalgsskiltning. Bestil menuer, der kan rulles ned p\u00e5 v\u00e6ggen.\",\"breadcrumb\":{\"@id\":\"https:\/\/www.gdirekt.se\/da\/produkt\/rullegardin-med-trykt-motiv-og-monster\/#breadcrumb\"},\"inLanguage\":\"da-DK\",\"potentialAction\":[{\"@type\":\"ReadAction\",\"target\":[\"https:\/\/www.gdirekt.se\/da\/produkt\/rullegardin-med-trykt-motiv-og-monster\/\"]}]},{\"@type\":\"ImageObject\",\"inLanguage\":\"da-DK\",\"@id\":\"https:\/\/www.gdirekt.se\/da\/produkt\/rullegardin-med-trykt-motiv-og-monster\/#primaryimage\",\"url\":\"https:\/\/www.gdirekt.se\/wp-content\/uploads\/rullgardin_med_tryck.png\",\"contentUrl\":\"https:\/\/www.gdirekt.se\/wp-content\/uploads\/rullgardin_med_tryck.png\",\"width\":1000,\"height\":1000,\"caption\":\"Rullegardin med eget design\"},{\"@type\":\"BreadcrumbList\",\"@id\":\"https:\/\/www.gdirekt.se\/da\/produkt\/rullegardin-med-trykt-motiv-og-monster\/#breadcrumb\",\"itemListElement\":[{\"@type\":\"ListItem\",\"position\":1,\"name\":\"Hem\",\"item\":\"https:\/\/www.gdirekt.se\/da\/\"},{\"@type\":\"ListItem\",\"position\":2,\"name\":\"Start\",\"item\":\"https:\/\/www.gdirekt.se\/da\/\"},{\"@type\":\"ListItem\",\"position\":3,\"name\":\"Rullegardin med trykt motiv og m\u00f8nster\"}]},{\"@type\":\"WebSite\",\"@id\":\"https:\/\/www.gdirekt.se\/#website\",\"url\":\"https:\/\/www.gdirekt.se\/\",\"name\":\"Gdirekt.se\",\"description\":\"Tryck snabbt \u00e5 l\u00e4tt = Gdirekt\",\"potentialAction\":[{\"@type\":\"SearchAction\",\"target\":{\"@type\":\"EntryPoint\",\"urlTemplate\":\"https:\/\/www.gdirekt.se\/?s={search_term_string}\"},\"query-input\":{\"@type\":\"PropertyValueSpecification\",\"valueRequired\":true,\"valueName\":\"search_term_string\"}}],\"inLanguage\":\"da-DK\"}]}<\/script>\n<!-- \/ Yoast SEO plugin. -->","yoast_head_json":{"title":"Rullegardin med trykt motiv og m\u00f8nster. Lav dit eget design | Gdirekt.se","description":"Rullegardin med trykt motiv og m\u00f8nster til at udforme dit eget design. Det kan v\u00e6re foto og tekst med logo eller udsalgsskiltning. Bestil menuer, der kan rulles ned p\u00e5 v\u00e6ggen.","robots":{"index":"index","follow":"follow","max-snippet":"max-snippet:-1","max-image-preview":"max-image-preview:large","max-video-preview":"max-video-preview:-1"},"canonical":"https:\/\/www.gdirekt.se\/da\/produkt\/rullegardin-med-trykt-motiv-og-monster\/","og_locale":"da_DK","og_type":"article","og_title":"Rullegardin med trykt motiv og m\u00f8nster. Lav dit eget design | Gdirekt.se","og_description":"Rullegardin med trykt motiv og m\u00f8nster til at udforme dit eget design. Det kan v\u00e6re foto og tekst med logo eller udsalgsskiltning. Bestil menuer, der kan rulles ned p\u00e5 v\u00e6ggen.","og_url":"https:\/\/www.gdirekt.se\/da\/produkt\/rullegardin-med-trykt-motiv-og-monster\/","og_site_name":"Gdirekt.se","article_modified_time":"2021-03-23T07:28:50+00:00","og_image":[{"width":1000,"height":1000,"url":"https:\/\/www.gdirekt.se\/wp-content\/uploads\/rullgardin_med_tryck.png","type":"image\/png"}],"twitter_card":"summary_large_image","twitter_misc":{"Estimeret l\u00e6setid":"1 minut"},"schema":{"@context":"https:\/\/schema.org","@graph":[{"@type":"WebPage","@id":"https:\/\/www.gdirekt.se\/da\/produkt\/rullegardin-med-trykt-motiv-og-monster\/","url":"https:\/\/www.gdirekt.se\/da\/produkt\/rullegardin-med-trykt-motiv-og-monster\/","name":"Rullegardin med trykt motiv og m\u00f8nster. Lav dit eget design | Gdirekt.se","isPartOf":{"@id":"https:\/\/www.gdirekt.se\/#website"},"primaryImageOfPage":{"@id":"https:\/\/www.gdirekt.se\/da\/produkt\/rullegardin-med-trykt-motiv-og-monster\/#primaryimage"},"image":{"@id":"https:\/\/www.gdirekt.se\/da\/produkt\/rullegardin-med-trykt-motiv-og-monster\/#primaryimage"},"thumbnailUrl":"https:\/\/www.gdirekt.se\/wp-content\/uploads\/rullgardin_med_tryck.png","datePublished":"2017-02-27T13:06:48+00:00","dateModified":"2021-03-23T07:28:50+00:00","description":"Rullegardin med trykt motiv og m\u00f8nster til at udforme dit eget design. Det kan v\u00e6re foto og tekst med logo eller udsalgsskiltning. Bestil menuer, der kan rulles ned p\u00e5 v\u00e6ggen.","breadcrumb":{"@id":"https:\/\/www.gdirekt.se\/da\/produkt\/rullegardin-med-trykt-motiv-og-monster\/#breadcrumb"},"inLanguage":"da-DK","potentialAction":[{"@type":"ReadAction","target":["https:\/\/www.gdirekt.se\/da\/produkt\/rullegardin-med-trykt-motiv-og-monster\/"]}]},{"@type":"ImageObject","inLanguage":"da-DK","@id":"https:\/\/www.gdirekt.se\/da\/produkt\/rullegardin-med-trykt-motiv-og-monster\/#primaryimage","url":"https:\/\/www.gdirekt.se\/wp-content\/uploads\/rullgardin_med_tryck.png","contentUrl":"https:\/\/www.gdirekt.se\/wp-content\/uploads\/rullgardin_med_tryck.png","width":1000,"height":1000,"caption":"Rullegardin med eget design"},{"@type":"BreadcrumbList","@id":"https:\/\/www.gdirekt.se\/da\/produkt\/rullegardin-med-trykt-motiv-og-monster\/#breadcrumb","itemListElement":[{"@type":"ListItem","position":1,"name":"Hem","item":"https:\/\/www.gdirekt.se\/da\/"},{"@type":"ListItem","position":2,"name":"Start","item":"https:\/\/www.gdirekt.se\/da\/"},{"@type":"ListItem","position":3,"name":"Rullegardin med trykt motiv og m\u00f8nster"}]},{"@type":"WebSite","@id":"https:\/\/www.gdirekt.se\/#website","url":"https:\/\/www.gdirekt.se\/","name":"Gdirekt.se","description":"Tryck snabbt \u00e5 l\u00e4tt = Gdirekt","potentialAction":[{"@type":"SearchAction","target":{"@type":"EntryPoint","urlTemplate":"https:\/\/www.gdirekt.se\/?s={search_term_string}"},"query-input":{"@type":"PropertyValueSpecification","valueRequired":true,"valueName":"search_term_string"}}],"inLanguage":"da-DK"}]}},"_links":{"self":[{"href":"https:\/\/www.gdirekt.se\/da\/wp-json\/wp\/v2\/product\/9691","targetHints":{"allow":["GET"]}}],"collection":[{"href":"https:\/\/www.gdirekt.se\/da\/wp-json\/wp\/v2\/product"}],"about":[{"href":"https:\/\/www.gdirekt.se\/da\/wp-json\/wp\/v2\/types\/product"}],"wp:featuredmedia":[{"embeddable":true,"href":"https:\/\/www.gdirekt.se\/da\/wp-json\/wp\/v2\/media\/8577"}],"wp:attachment":[{"href":"https:\/\/www.gdirekt.se\/da\/wp-json\/wp\/v2\/media?parent=9691"}],"wp:term":[{"taxonomy":"product_brand","embeddable":true,"href":"https:\/\/www.gdirekt.se\/da\/wp-json\/wp\/v2\/product_brand?post=9691"},{"taxonomy":"product_cat","embeddable":true,"href":"https:\/\/www.gdirekt.se\/da\/wp-json\/wp\/v2\/product_cat?post=9691"},{"taxonomy":"product_tag","embeddable":true,"href":"https:\/\/www.gdirekt.se\/da\/wp-json\/wp\/v2\/product_tag?post=9691"}],"curies":[{"name":"wp","href":"https:\/\/api.w.org\/{rel}","templated":true}]}}