{"id":9684,"date":"2016-11-22T20:15:13","date_gmt":"2016-11-22T19:15:13","guid":{"rendered":"http:\/\/gdirekt.hamstage.hamrenmedia.se\/produkt\/pop-up-kun-billeder-til-expolinc\/"},"modified":"2019-01-16T15:38:59","modified_gmt":"2019-01-16T14:38:59","slug":"pop-up-kun-billeder-til-expolinc","status":"publish","type":"product","link":"https:\/\/www.gdirekt.se\/da\/produkt\/pop-up-kun-billeder-til-expolinc\/","title":{"rendered":"Pop Up kun billeder til Expolinc"},"content":{"rendered":"<p><span lang=\"DA\">Billedpanelerne til disse popup-v\u00e6gge udskrives digitalt med milj\u00f8venlig farve p\u00e5 kraftigt papir. Derefter laminerer vi billederne med mat laminat.\u00a0P\u00e5 bagsiden af udskrifterne i fotokvalitet l\u00e6gger vi\u00a0et s\u00e5kaldt block out-lag, s\u00e5 lyset ikke tr\u00e6nger igennem fra bagsiden. Derefter placerer vi popup-panelerne i vores sk\u00e6rebord, s\u00e5 de tilsk\u00e6res helt korrekt. Til sidst s\u00e6tter vi magnetlisterne p\u00e5, som passer til\u00a0Pop Pop Up stand fr Expolinc. Download skabelonerne til displayene for at sikre, at originalen bliver helt korrekt.<\/span><\/p>\n","protected":false},"excerpt":{"rendered":"<p>Pop up &#8211; kun billeder til Expolinc. V\u00e6lg st\u00f8rrelse og download skabelonen korrekt. Og t\u00e6nk p\u00e5 om det er et lige eller b\u00f8jet pop up-system.<\/p>\n","protected":false},"featured_media":8214,"template":"","meta":{"_acf_changed":false},"product_brand":[],"product_cat":[375],"product_tag":[],"class_list":{"0":"post-9684","1":"product","2":"type-product","3":"status-publish","4":"has-post-thumbnail","6":"product_cat-messevaegge-og-displaysystemer","7":"product_shipping_class-180sek","9":"first","10":"instock","11":"taxable","12":"shipping-taxable","13":"purchasable","14":"product-type-variable","15":"has-default-attributes"},"exclude_global_add_ons":[],"addons":[],"acf":[],"yoast_head":"<!-- This site is optimized with the Yoast SEO plugin v27.2 - https:\/\/yoast.com\/product\/yoast-seo-wordpress\/ -->\n<title>Pop Up kun billeder til Expolincs til messe og udstilling | Gdirekt.se<\/title>\n<meta name=\"description\" content=\"Pop up - kun billeder til Expolinc. V\u00e6lg st\u00f8rrelse og download skabelonen korrekt. Og t\u00e6nk p\u00e5 om det er et lige eller b\u00f8jet pop up-system.\" \/>\n<meta name=\"robots\" content=\"index, follow, max-snippet:-1, max-image-preview:large, max-video-preview:-1\" \/>\n<link rel=\"canonical\" href=\"https:\/\/www.gdirekt.se\/da\/produkt\/pop-up-kun-billeder-til-expolinc\/\" \/>\n<meta property=\"og:locale\" content=\"da_DK\" \/>\n<meta property=\"og:type\" content=\"article\" \/>\n<meta property=\"og:title\" content=\"Pop Up kun billeder til Expolincs til messe og udstilling | Gdirekt.se\" \/>\n<meta property=\"og:description\" content=\"Pop up - kun billeder til Expolinc. V\u00e6lg st\u00f8rrelse og download skabelonen korrekt. Og t\u00e6nk p\u00e5 om det er et lige eller b\u00f8jet pop up-system.\" \/>\n<meta property=\"og:url\" content=\"https:\/\/www.gdirekt.se\/da\/produkt\/pop-up-kun-billeder-til-expolinc\/\" \/>\n<meta property=\"og:site_name\" content=\"Gdirekt.se\" \/>\n<meta property=\"article:modified_time\" content=\"2019-01-16T14:38:59+00:00\" \/>\n<meta property=\"og:image\" content=\"https:\/\/www.gdirekt.se\/wp-content\/uploads\/Expolinc_PUM_straight_HIGH.png\" \/>\n\t<meta property=\"og:image:width\" content=\"1000\" \/>\n\t<meta property=\"og:image:height\" content=\"1000\" \/>\n\t<meta property=\"og:image:type\" content=\"image\/png\" \/>\n<meta name=\"twitter:card\" content=\"summary_large_image\" \/>\n<script type=\"application\/ld+json\" class=\"yoast-schema-graph\">{\"@context\":\"https:\/\/schema.org\",\"@graph\":[{\"@type\":\"WebPage\",\"@id\":\"https:\/\/www.gdirekt.se\/da\/produkt\/pop-up-kun-billeder-til-expolinc\/\",\"url\":\"https:\/\/www.gdirekt.se\/da\/produkt\/pop-up-kun-billeder-til-expolinc\/\",\"name\":\"Pop Up kun billeder til Expolincs til messe og udstilling | Gdirekt.se\",\"isPartOf\":{\"@id\":\"https:\/\/www.gdirekt.se\/#website\"},\"primaryImageOfPage\":{\"@id\":\"https:\/\/www.gdirekt.se\/da\/produkt\/pop-up-kun-billeder-til-expolinc\/#primaryimage\"},\"image\":{\"@id\":\"https:\/\/www.gdirekt.se\/da\/produkt\/pop-up-kun-billeder-til-expolinc\/#primaryimage\"},\"thumbnailUrl\":\"https:\/\/www.gdirekt.se\/wp-content\/uploads\/Expolinc_PUM_straight_HIGH.png\",\"datePublished\":\"2016-11-22T19:15:13+00:00\",\"dateModified\":\"2019-01-16T14:38:59+00:00\",\"description\":\"Pop up - kun billeder til Expolinc. V\u00e6lg st\u00f8rrelse og download skabelonen korrekt. Og t\u00e6nk p\u00e5 om det er et lige eller b\u00f8jet pop up-system.\",\"breadcrumb\":{\"@id\":\"https:\/\/www.gdirekt.se\/da\/produkt\/pop-up-kun-billeder-til-expolinc\/#breadcrumb\"},\"inLanguage\":\"da-DK\",\"potentialAction\":[{\"@type\":\"ReadAction\",\"target\":[\"https:\/\/www.gdirekt.se\/da\/produkt\/pop-up-kun-billeder-til-expolinc\/\"]}]},{\"@type\":\"ImageObject\",\"inLanguage\":\"da-DK\",\"@id\":\"https:\/\/www.gdirekt.se\/da\/produkt\/pop-up-kun-billeder-til-expolinc\/#primaryimage\",\"url\":\"https:\/\/www.gdirekt.se\/wp-content\/uploads\/Expolinc_PUM_straight_HIGH.png\",\"contentUrl\":\"https:\/\/www.gdirekt.se\/wp-content\/uploads\/Expolinc_PUM_straight_HIGH.png\",\"width\":1000,\"height\":1000,\"caption\":\"Magnetpanel til messestand Pop Up fra Expolinc\"},{\"@type\":\"BreadcrumbList\",\"@id\":\"https:\/\/www.gdirekt.se\/da\/produkt\/pop-up-kun-billeder-til-expolinc\/#breadcrumb\",\"itemListElement\":[{\"@type\":\"ListItem\",\"position\":1,\"name\":\"Hem\",\"item\":\"https:\/\/www.gdirekt.se\/da\/\"},{\"@type\":\"ListItem\",\"position\":2,\"name\":\"Start\",\"item\":\"https:\/\/www.gdirekt.se\/da\/\"},{\"@type\":\"ListItem\",\"position\":3,\"name\":\"Pop Up kun billeder til Expolinc\"}]},{\"@type\":\"WebSite\",\"@id\":\"https:\/\/www.gdirekt.se\/#website\",\"url\":\"https:\/\/www.gdirekt.se\/\",\"name\":\"Gdirekt.se\",\"description\":\"Tryck snabbt \u00e5 l\u00e4tt = Gdirekt\",\"potentialAction\":[{\"@type\":\"SearchAction\",\"target\":{\"@type\":\"EntryPoint\",\"urlTemplate\":\"https:\/\/www.gdirekt.se\/?s={search_term_string}\"},\"query-input\":{\"@type\":\"PropertyValueSpecification\",\"valueRequired\":true,\"valueName\":\"search_term_string\"}}],\"inLanguage\":\"da-DK\"}]}<\/script>\n<!-- \/ Yoast SEO plugin. -->","yoast_head_json":{"title":"Pop Up kun billeder til Expolincs til messe og udstilling | Gdirekt.se","description":"Pop up - kun billeder til Expolinc. V\u00e6lg st\u00f8rrelse og download skabelonen korrekt. Og t\u00e6nk p\u00e5 om det er et lige eller b\u00f8jet pop up-system.","robots":{"index":"index","follow":"follow","max-snippet":"max-snippet:-1","max-image-preview":"max-image-preview:large","max-video-preview":"max-video-preview:-1"},"canonical":"https:\/\/www.gdirekt.se\/da\/produkt\/pop-up-kun-billeder-til-expolinc\/","og_locale":"da_DK","og_type":"article","og_title":"Pop Up kun billeder til Expolincs til messe og udstilling | Gdirekt.se","og_description":"Pop up - kun billeder til Expolinc. V\u00e6lg st\u00f8rrelse og download skabelonen korrekt. Og t\u00e6nk p\u00e5 om det er et lige eller b\u00f8jet pop up-system.","og_url":"https:\/\/www.gdirekt.se\/da\/produkt\/pop-up-kun-billeder-til-expolinc\/","og_site_name":"Gdirekt.se","article_modified_time":"2019-01-16T14:38:59+00:00","og_image":[{"width":1000,"height":1000,"url":"https:\/\/www.gdirekt.se\/wp-content\/uploads\/Expolinc_PUM_straight_HIGH.png","type":"image\/png"}],"twitter_card":"summary_large_image","schema":{"@context":"https:\/\/schema.org","@graph":[{"@type":"WebPage","@id":"https:\/\/www.gdirekt.se\/da\/produkt\/pop-up-kun-billeder-til-expolinc\/","url":"https:\/\/www.gdirekt.se\/da\/produkt\/pop-up-kun-billeder-til-expolinc\/","name":"Pop Up kun billeder til Expolincs til messe og udstilling | Gdirekt.se","isPartOf":{"@id":"https:\/\/www.gdirekt.se\/#website"},"primaryImageOfPage":{"@id":"https:\/\/www.gdirekt.se\/da\/produkt\/pop-up-kun-billeder-til-expolinc\/#primaryimage"},"image":{"@id":"https:\/\/www.gdirekt.se\/da\/produkt\/pop-up-kun-billeder-til-expolinc\/#primaryimage"},"thumbnailUrl":"https:\/\/www.gdirekt.se\/wp-content\/uploads\/Expolinc_PUM_straight_HIGH.png","datePublished":"2016-11-22T19:15:13+00:00","dateModified":"2019-01-16T14:38:59+00:00","description":"Pop up - kun billeder til Expolinc. V\u00e6lg st\u00f8rrelse og download skabelonen korrekt. Og t\u00e6nk p\u00e5 om det er et lige eller b\u00f8jet pop up-system.","breadcrumb":{"@id":"https:\/\/www.gdirekt.se\/da\/produkt\/pop-up-kun-billeder-til-expolinc\/#breadcrumb"},"inLanguage":"da-DK","potentialAction":[{"@type":"ReadAction","target":["https:\/\/www.gdirekt.se\/da\/produkt\/pop-up-kun-billeder-til-expolinc\/"]}]},{"@type":"ImageObject","inLanguage":"da-DK","@id":"https:\/\/www.gdirekt.se\/da\/produkt\/pop-up-kun-billeder-til-expolinc\/#primaryimage","url":"https:\/\/www.gdirekt.se\/wp-content\/uploads\/Expolinc_PUM_straight_HIGH.png","contentUrl":"https:\/\/www.gdirekt.se\/wp-content\/uploads\/Expolinc_PUM_straight_HIGH.png","width":1000,"height":1000,"caption":"Magnetpanel til messestand Pop Up fra Expolinc"},{"@type":"BreadcrumbList","@id":"https:\/\/www.gdirekt.se\/da\/produkt\/pop-up-kun-billeder-til-expolinc\/#breadcrumb","itemListElement":[{"@type":"ListItem","position":1,"name":"Hem","item":"https:\/\/www.gdirekt.se\/da\/"},{"@type":"ListItem","position":2,"name":"Start","item":"https:\/\/www.gdirekt.se\/da\/"},{"@type":"ListItem","position":3,"name":"Pop Up kun billeder til Expolinc"}]},{"@type":"WebSite","@id":"https:\/\/www.gdirekt.se\/#website","url":"https:\/\/www.gdirekt.se\/","name":"Gdirekt.se","description":"Tryck snabbt \u00e5 l\u00e4tt = Gdirekt","potentialAction":[{"@type":"SearchAction","target":{"@type":"EntryPoint","urlTemplate":"https:\/\/www.gdirekt.se\/?s={search_term_string}"},"query-input":{"@type":"PropertyValueSpecification","valueRequired":true,"valueName":"search_term_string"}}],"inLanguage":"da-DK"}]}},"_links":{"self":[{"href":"https:\/\/www.gdirekt.se\/da\/wp-json\/wp\/v2\/product\/9684","targetHints":{"allow":["GET"]}}],"collection":[{"href":"https:\/\/www.gdirekt.se\/da\/wp-json\/wp\/v2\/product"}],"about":[{"href":"https:\/\/www.gdirekt.se\/da\/wp-json\/wp\/v2\/types\/product"}],"wp:featuredmedia":[{"embeddable":true,"href":"https:\/\/www.gdirekt.se\/da\/wp-json\/wp\/v2\/media\/8214"}],"wp:attachment":[{"href":"https:\/\/www.gdirekt.se\/da\/wp-json\/wp\/v2\/media?parent=9684"}],"wp:term":[{"taxonomy":"product_brand","embeddable":true,"href":"https:\/\/www.gdirekt.se\/da\/wp-json\/wp\/v2\/product_brand?post=9684"},{"taxonomy":"product_cat","embeddable":true,"href":"https:\/\/www.gdirekt.se\/da\/wp-json\/wp\/v2\/product_cat?post=9684"},{"taxonomy":"product_tag","embeddable":true,"href":"https:\/\/www.gdirekt.se\/da\/wp-json\/wp\/v2\/product_tag?post=9684"}],"curies":[{"name":"wp","href":"https:\/\/api.w.org\/{rel}","templated":true}]}}