{"id":9677,"date":"2017-02-14T15:40:28","date_gmt":"2017-02-14T14:40:28","guid":{"rendered":"http:\/\/gdirekt.hamstage.hamrenmedia.se\/produkt\/pop-up-stofvaeg\/"},"modified":"2019-01-16T15:14:49","modified_gmt":"2019-01-16T14:14:49","slug":"pop-up-stofvaeg","status":"publish","type":"product","link":"https:\/\/www.gdirekt.se\/da\/produkt\/pop-up-stofvaeg\/","title":{"rendered":"Pop Up-stofv\u00e6g"},"content":{"rendered":"<p><span lang=\"DA\">Pop Up-stofv\u00e6g er en billig\u00a0messev\u00e6g og en af de enkleste stofstandere, der f\u00e5s. Hele v\u00e6ggen stilles op p\u00e5 et par minutter.\u00a0Stofbilledet, scenet\u00e6ppet eller bagv\u00e6ggen opbevares f\u00e6rdigmonteret i en enkel transporttaske.\u00a0Denne stofstander er et meget enkelt messesystem, der er velegnet til udstillinger og produktfremvisninger. Det er ogs\u00e5 popul\u00e6rt at bruge disse trykte stofsystemer som pressev\u00e6gge eller fotobaggrunde. Man kan ogs\u00e5 skifte stofbilleder, hvis man har k\u00f8bt systemet, hvilket er billigere.<\/span><\/p>\n<p><span lang=\"DA\">Se ogs\u00e5 alle vores andre<span class=\"apple-converted-space\">\u00a0<\/span><\/span><span lang=\"DA\"><a href=\"https:\/\/www.gdirekt.se\/produkt-kategori\/massvaggar-och-montersystem\/\"><i>messev\u00e6gge<\/i><\/a><\/span><span lang=\"DA\">!<\/span><\/p>\n<p><strong><span lang=\"DA\">Popup-standeren f\u00e5s i tre forskellige st\u00f8rrelser:<\/span><\/strong><\/p>\n<p><span lang=\"DA\">\u2022 2 x 3 ruder med f\u00f8lgende m\u00e5l:\u00a0150 x 223\u00a0cm (B x H)<\/span><\/p>\n<p><span lang=\"DA\">\u2022 3 x 3 ruder med f\u00f8lgende m\u00e5l: 223 x 223\u00a0cm (B x H)<\/span><\/p>\n<p><span lang=\"DA\">\u2022 4 x 3 ruder med f\u00f8lgende m\u00e5l: 296 x 223\u00a0cm (B x H)<\/span><\/p>\n","protected":false},"excerpt":{"rendered":"<p>Pop Up-stofv\u00e6g er en billig\u00a0messev\u00e6g og en af de enkleste stofstandere, der f\u00e5s. Hele v\u00e6ggen stilles op p\u00e5 et par minutter.\u00a0Stofbilledet, scenet\u00e6ppet eller bagv\u00e6ggen opbevares f\u00e6rdigmonteret i en enkel transporttaske.<\/p>\n","protected":false},"featured_media":8525,"template":"","meta":{"_acf_changed":false},"product_brand":[],"product_cat":[375],"product_tag":[],"class_list":{"0":"post-9677","1":"product","2":"type-product","3":"status-publish","4":"has-post-thumbnail","6":"product_cat-messevaegge-og-displaysystemer","7":"product_shipping_class-180sek","9":"first","10":"instock","11":"taxable","12":"shipping-taxable","13":"purchasable","14":"product-type-variable","15":"has-default-attributes"},"exclude_global_add_ons":[],"addons":[],"acf":[],"yoast_head":"<!-- This site is optimized with the Yoast SEO plugin v27.2 - https:\/\/yoast.com\/product\/yoast-seo-wordpress\/ -->\n<title>Pop Up-stofv\u00e6g til billig pris. K\u00f8b direkte fra leverand\u00f8r | Gdirekt.se<\/title>\n<meta name=\"description\" content=\"Pop Up-stofv\u00e6g \u2013 et billigt messedisplay. Bestil online til den helt rigtige pris. Velegnet til messer, events eller produktfremvisninger i et butikscenter. Stofv\u00e6g med trykt stof er inkluderet i den gode pris. K\u00f8b allerede i dag og f\u00e5 leveret direkte fra vores trykkeri i Sverige.\" \/>\n<meta name=\"robots\" content=\"index, follow, max-snippet:-1, max-image-preview:large, max-video-preview:-1\" \/>\n<link rel=\"canonical\" href=\"https:\/\/www.gdirekt.se\/da\/produkt\/pop-up-stofvaeg\/\" \/>\n<meta property=\"og:locale\" content=\"da_DK\" \/>\n<meta property=\"og:type\" content=\"article\" \/>\n<meta property=\"og:title\" content=\"Pop Up-stofv\u00e6g til billig pris. K\u00f8b direkte fra leverand\u00f8r | Gdirekt.se\" \/>\n<meta property=\"og:description\" content=\"Pop Up-stofv\u00e6g \u2013 et billigt messedisplay. Bestil online til den helt rigtige pris. Velegnet til messer, events eller produktfremvisninger i et butikscenter. Stofv\u00e6g med trykt stof er inkluderet i den gode pris. K\u00f8b allerede i dag og f\u00e5 leveret direkte fra vores trykkeri i Sverige.\" \/>\n<meta property=\"og:url\" content=\"https:\/\/www.gdirekt.se\/da\/produkt\/pop-up-stofvaeg\/\" \/>\n<meta property=\"og:site_name\" content=\"Gdirekt.se\" \/>\n<meta property=\"article:modified_time\" content=\"2019-01-16T14:14:49+00:00\" \/>\n<meta property=\"og:image\" content=\"https:\/\/www.gdirekt.se\/wp-content\/uploads\/popup_tygvagg.png\" \/>\n\t<meta property=\"og:image:width\" content=\"1000\" \/>\n\t<meta property=\"og:image:height\" content=\"1000\" \/>\n\t<meta property=\"og:image:type\" content=\"image\/png\" \/>\n<meta name=\"twitter:card\" content=\"summary_large_image\" \/>\n<meta name=\"twitter:label1\" content=\"Estimeret l\u00e6setid\" \/>\n\t<meta name=\"twitter:data1\" content=\"1 minut\" \/>\n<script type=\"application\/ld+json\" class=\"yoast-schema-graph\">{\"@context\":\"https:\/\/schema.org\",\"@graph\":[{\"@type\":\"WebPage\",\"@id\":\"https:\/\/www.gdirekt.se\/da\/produkt\/pop-up-stofvaeg\/\",\"url\":\"https:\/\/www.gdirekt.se\/da\/produkt\/pop-up-stofvaeg\/\",\"name\":\"Pop Up-stofv\u00e6g til billig pris. K\u00f8b direkte fra leverand\u00f8r | Gdirekt.se\",\"isPartOf\":{\"@id\":\"https:\/\/www.gdirekt.se\/#website\"},\"primaryImageOfPage\":{\"@id\":\"https:\/\/www.gdirekt.se\/da\/produkt\/pop-up-stofvaeg\/#primaryimage\"},\"image\":{\"@id\":\"https:\/\/www.gdirekt.se\/da\/produkt\/pop-up-stofvaeg\/#primaryimage\"},\"thumbnailUrl\":\"https:\/\/www.gdirekt.se\/wp-content\/uploads\/popup_tygvagg.png\",\"datePublished\":\"2017-02-14T14:40:28+00:00\",\"dateModified\":\"2019-01-16T14:14:49+00:00\",\"description\":\"Pop Up-stofv\u00e6g \u2013 et billigt messedisplay. Bestil online til den helt rigtige pris. Velegnet til messer, events eller produktfremvisninger i et butikscenter. Stofv\u00e6g med trykt stof er inkluderet i den gode pris. K\u00f8b allerede i dag og f\u00e5 leveret direkte fra vores trykkeri i Sverige.\",\"breadcrumb\":{\"@id\":\"https:\/\/www.gdirekt.se\/da\/produkt\/pop-up-stofvaeg\/#breadcrumb\"},\"inLanguage\":\"da-DK\",\"potentialAction\":[{\"@type\":\"ReadAction\",\"target\":[\"https:\/\/www.gdirekt.se\/da\/produkt\/pop-up-stofvaeg\/\"]}]},{\"@type\":\"ImageObject\",\"inLanguage\":\"da-DK\",\"@id\":\"https:\/\/www.gdirekt.se\/da\/produkt\/pop-up-stofvaeg\/#primaryimage\",\"url\":\"https:\/\/www.gdirekt.se\/wp-content\/uploads\/popup_tygvagg.png\",\"contentUrl\":\"https:\/\/www.gdirekt.se\/wp-content\/uploads\/popup_tygvagg.png\",\"width\":1000,\"height\":1000,\"caption\":\"Messev\u00e6g i stof med fin print i farve\"},{\"@type\":\"BreadcrumbList\",\"@id\":\"https:\/\/www.gdirekt.se\/da\/produkt\/pop-up-stofvaeg\/#breadcrumb\",\"itemListElement\":[{\"@type\":\"ListItem\",\"position\":1,\"name\":\"Hem\",\"item\":\"https:\/\/www.gdirekt.se\/da\/\"},{\"@type\":\"ListItem\",\"position\":2,\"name\":\"Start\",\"item\":\"https:\/\/www.gdirekt.se\/da\/\"},{\"@type\":\"ListItem\",\"position\":3,\"name\":\"Pop Up-stofv\u00e6g\"}]},{\"@type\":\"WebSite\",\"@id\":\"https:\/\/www.gdirekt.se\/#website\",\"url\":\"https:\/\/www.gdirekt.se\/\",\"name\":\"Gdirekt.se\",\"description\":\"Tryck snabbt \u00e5 l\u00e4tt = Gdirekt\",\"potentialAction\":[{\"@type\":\"SearchAction\",\"target\":{\"@type\":\"EntryPoint\",\"urlTemplate\":\"https:\/\/www.gdirekt.se\/?s={search_term_string}\"},\"query-input\":{\"@type\":\"PropertyValueSpecification\",\"valueRequired\":true,\"valueName\":\"search_term_string\"}}],\"inLanguage\":\"da-DK\"}]}<\/script>\n<!-- \/ Yoast SEO plugin. -->","yoast_head_json":{"title":"Pop Up-stofv\u00e6g til billig pris. K\u00f8b direkte fra leverand\u00f8r | Gdirekt.se","description":"Pop Up-stofv\u00e6g \u2013 et billigt messedisplay. Bestil online til den helt rigtige pris. Velegnet til messer, events eller produktfremvisninger i et butikscenter. Stofv\u00e6g med trykt stof er inkluderet i den gode pris. K\u00f8b allerede i dag og f\u00e5 leveret direkte fra vores trykkeri i Sverige.","robots":{"index":"index","follow":"follow","max-snippet":"max-snippet:-1","max-image-preview":"max-image-preview:large","max-video-preview":"max-video-preview:-1"},"canonical":"https:\/\/www.gdirekt.se\/da\/produkt\/pop-up-stofvaeg\/","og_locale":"da_DK","og_type":"article","og_title":"Pop Up-stofv\u00e6g til billig pris. K\u00f8b direkte fra leverand\u00f8r | Gdirekt.se","og_description":"Pop Up-stofv\u00e6g \u2013 et billigt messedisplay. Bestil online til den helt rigtige pris. Velegnet til messer, events eller produktfremvisninger i et butikscenter. Stofv\u00e6g med trykt stof er inkluderet i den gode pris. K\u00f8b allerede i dag og f\u00e5 leveret direkte fra vores trykkeri i Sverige.","og_url":"https:\/\/www.gdirekt.se\/da\/produkt\/pop-up-stofvaeg\/","og_site_name":"Gdirekt.se","article_modified_time":"2019-01-16T14:14:49+00:00","og_image":[{"width":1000,"height":1000,"url":"https:\/\/www.gdirekt.se\/wp-content\/uploads\/popup_tygvagg.png","type":"image\/png"}],"twitter_card":"summary_large_image","twitter_misc":{"Estimeret l\u00e6setid":"1 minut"},"schema":{"@context":"https:\/\/schema.org","@graph":[{"@type":"WebPage","@id":"https:\/\/www.gdirekt.se\/da\/produkt\/pop-up-stofvaeg\/","url":"https:\/\/www.gdirekt.se\/da\/produkt\/pop-up-stofvaeg\/","name":"Pop Up-stofv\u00e6g til billig pris. K\u00f8b direkte fra leverand\u00f8r | Gdirekt.se","isPartOf":{"@id":"https:\/\/www.gdirekt.se\/#website"},"primaryImageOfPage":{"@id":"https:\/\/www.gdirekt.se\/da\/produkt\/pop-up-stofvaeg\/#primaryimage"},"image":{"@id":"https:\/\/www.gdirekt.se\/da\/produkt\/pop-up-stofvaeg\/#primaryimage"},"thumbnailUrl":"https:\/\/www.gdirekt.se\/wp-content\/uploads\/popup_tygvagg.png","datePublished":"2017-02-14T14:40:28+00:00","dateModified":"2019-01-16T14:14:49+00:00","description":"Pop Up-stofv\u00e6g \u2013 et billigt messedisplay. Bestil online til den helt rigtige pris. Velegnet til messer, events eller produktfremvisninger i et butikscenter. Stofv\u00e6g med trykt stof er inkluderet i den gode pris. K\u00f8b allerede i dag og f\u00e5 leveret direkte fra vores trykkeri i Sverige.","breadcrumb":{"@id":"https:\/\/www.gdirekt.se\/da\/produkt\/pop-up-stofvaeg\/#breadcrumb"},"inLanguage":"da-DK","potentialAction":[{"@type":"ReadAction","target":["https:\/\/www.gdirekt.se\/da\/produkt\/pop-up-stofvaeg\/"]}]},{"@type":"ImageObject","inLanguage":"da-DK","@id":"https:\/\/www.gdirekt.se\/da\/produkt\/pop-up-stofvaeg\/#primaryimage","url":"https:\/\/www.gdirekt.se\/wp-content\/uploads\/popup_tygvagg.png","contentUrl":"https:\/\/www.gdirekt.se\/wp-content\/uploads\/popup_tygvagg.png","width":1000,"height":1000,"caption":"Messev\u00e6g i stof med fin print i farve"},{"@type":"BreadcrumbList","@id":"https:\/\/www.gdirekt.se\/da\/produkt\/pop-up-stofvaeg\/#breadcrumb","itemListElement":[{"@type":"ListItem","position":1,"name":"Hem","item":"https:\/\/www.gdirekt.se\/da\/"},{"@type":"ListItem","position":2,"name":"Start","item":"https:\/\/www.gdirekt.se\/da\/"},{"@type":"ListItem","position":3,"name":"Pop Up-stofv\u00e6g"}]},{"@type":"WebSite","@id":"https:\/\/www.gdirekt.se\/#website","url":"https:\/\/www.gdirekt.se\/","name":"Gdirekt.se","description":"Tryck snabbt \u00e5 l\u00e4tt = Gdirekt","potentialAction":[{"@type":"SearchAction","target":{"@type":"EntryPoint","urlTemplate":"https:\/\/www.gdirekt.se\/?s={search_term_string}"},"query-input":{"@type":"PropertyValueSpecification","valueRequired":true,"valueName":"search_term_string"}}],"inLanguage":"da-DK"}]}},"_links":{"self":[{"href":"https:\/\/www.gdirekt.se\/da\/wp-json\/wp\/v2\/product\/9677","targetHints":{"allow":["GET"]}}],"collection":[{"href":"https:\/\/www.gdirekt.se\/da\/wp-json\/wp\/v2\/product"}],"about":[{"href":"https:\/\/www.gdirekt.se\/da\/wp-json\/wp\/v2\/types\/product"}],"wp:featuredmedia":[{"embeddable":true,"href":"https:\/\/www.gdirekt.se\/da\/wp-json\/wp\/v2\/media\/8525"}],"wp:attachment":[{"href":"https:\/\/www.gdirekt.se\/da\/wp-json\/wp\/v2\/media?parent=9677"}],"wp:term":[{"taxonomy":"product_brand","embeddable":true,"href":"https:\/\/www.gdirekt.se\/da\/wp-json\/wp\/v2\/product_brand?post=9677"},{"taxonomy":"product_cat","embeddable":true,"href":"https:\/\/www.gdirekt.se\/da\/wp-json\/wp\/v2\/product_cat?post=9677"},{"taxonomy":"product_tag","embeddable":true,"href":"https:\/\/www.gdirekt.se\/da\/wp-json\/wp\/v2\/product_tag?post=9677"}],"curies":[{"name":"wp","href":"https:\/\/api.w.org\/{rel}","templated":true}]}}