{"id":9659,"date":"2016-11-23T11:35:39","date_gmt":"2016-11-23T10:35:39","guid":{"rendered":"http:\/\/gdirekt.hamstage.hamrenmedia.se\/produkt\/buet\/"},"modified":"2019-01-22T18:27:02","modified_gmt":"2019-01-22T17:27:02","slug":"pop-up-travel-case-buet","status":"publish","type":"product","link":"https:\/\/www.gdirekt.se\/da\/produkt\/pop-up-travel-case-buet\/","title":{"rendered":"Pop Up Travel Case Buet"},"content":{"rendered":"<p><span lang=\"DA\">Pop Up Travel Case Buet. Dette produkt i h\u00f8jeste kvalitet kaldes ogs\u00e5\u00a0Pop Up Magnetic fra Expolinc! Travel Case-boksen er den mindste og mest fleksible transportboks. Den perfekte l\u00f8sning, hvis man skal rejse meget rundt til messer. Der er plads til alle billedpaneler og den belysning, der er inkluderet i pakken.<\/span><\/p>\n<p><span lang=\"DA\">Travel Case-boksen er kun beregnet til transport og er ikke et messebord. Produktet har et smukt design og er meget robust. Man f\u00e5r et helt popup-system, som disse messedisplays kaldes.\u00a0Efter at man har brugt popup-displayet, kan man l\u00e6gge det hele ned i denne praktiske sorte taske. Den er endda udstyret med hjul og kan tr\u00e6kkes uden problemer.<\/span><\/p>\n<p><span lang=\"DA\">Standeren Pop Up Travel Case Buet foldes ganske enkelt ud, og derefter klikkes et vist antal standere p\u00e5, s\u00e5 messev\u00e6ggen holdes oppe. Derefter f\u00e6stner man magnetst\u00e6ngerne p\u00e5 popup-v\u00e6ggen.\u00a0Til sidst h\u00e6nger man bannerne op, som monteres p\u00e5 v\u00e6ggen takket v\u00e6re magneterne.\u00a0<\/span><span lang=\"DA\"><a href=\"https:\/\/www.youtube.com\/watch?v=C9f5yaRdV4U\">Se denne film!<\/a><\/span><span lang=\"DA\">\u00a0Billedpanelerne med magnet kan rulles sammen og placeres i opbevaringsboksen, som man har brugt som messepodie.<\/span><\/p>\n<p><span lang=\"DA\">Billedpanelerne til disse lige popup-v\u00e6gge udskrives digitalt med milj\u00f8venlig farve p\u00e5 kraftigt papir. Derefter laminerer vi billederne med mat laminat.\u00a0P\u00e5 bagsiden af udskrifterne i fotokvalitet l\u00e6gger vi\u00a0et s\u00e5kaldt block out-lag, s\u00e5 lyset ikke tr\u00e6nger igennem fra bagsiden. Derefter placerer vi popup-panelerne i vores sk\u00e6rebord, s\u00e5 de tilsk\u00e6res helt korrekt. Til sidst s\u00e6tter vi magnetlisterne p\u00e5, som passer til\u00a0Pop Pop Up Travel Case Buet. Download skabelonerne til displayene for at sikre, at originalen bliver helt korrekt.<\/span><\/p>\n<p><span lang=\"DA\">Det samme system f\u00e5s i buet udgave og er mere almindeligt.\u00a0<\/span><span lang=\"DA\"><a href=\"https:\/\/www.gdirekt.se\/butik\/mass-montersystem\/pop-up-case-counter-svangd\"><b><i>Klik her!<\/i><\/b><\/a><\/span><\/p>\n<p><span lang=\"DA\">Disse displayv\u00e6gge, der kaldes popup, bruges til messer, udstillinger, indvielser og lanceringer af produkter. Pop Up Travel Case Buet ses ogs\u00e5 i butikscentre, p\u00e5 stadioner og hos bilforhandlere. Hvis man skal k\u00f8be et display til en messe, er dette en god investering, og det er let at bestille nye paneler senere.<\/span><\/p>\n","protected":false},"excerpt":{"rendered":"<p>Pop Up Travel Case Buet er et lige og komplet messedisplay i h\u00f8jeste kvalitet! Alle billeder, podie og belysning medf\u00f8lger. Panelerne s\u00e6ttes let op med magnet. Transportboksen p\u00e5 hjul er et godt alternativ, hvis man ikke har brug for et bord. Messev\u00e6ggen\u00a0Pop Up Magnetic Travel\u00a0fra Expolinc f\u00e5s i tre st\u00f8rrelser.<\/p>\n","protected":false},"featured_media":8217,"template":"","meta":{"_acf_changed":false},"product_brand":[],"product_cat":[375],"product_tag":[],"class_list":{"0":"post-9659","1":"product","2":"type-product","3":"status-publish","4":"has-post-thumbnail","6":"product_cat-messevaegge-og-displaysystemer","7":"product_shipping_class-690kr","9":"first","10":"instock","11":"taxable","12":"shipping-taxable","13":"purchasable","14":"product-type-variable","15":"has-default-attributes"},"exclude_global_add_ons":[],"addons":[],"acf":[],"yoast_head":"<!-- This site is optimized with the Yoast SEO plugin v27.2 - https:\/\/yoast.com\/product\/yoast-seo-wordpress\/ -->\n<title>Pop Up Travel Case Buet | Gdirekt.se<\/title>\n<meta name=\"description\" content=\"Pop Up Travel Case Buet er et buet messedisplay, der k\u00f8bes online! Panelerne s\u00e6ttes op med magnet. Messev\u00e6ggen Pop Up Magnetic Travel er fra Expolinc. En billedv\u00e6g af h\u00f8j kvalitet, hvor trykte billeder er inkluderet i prisen.\" \/>\n<meta name=\"robots\" content=\"index, follow, max-snippet:-1, max-image-preview:large, max-video-preview:-1\" \/>\n<link rel=\"canonical\" href=\"https:\/\/www.gdirekt.se\/da\/produkt\/pop-up-travel-case-buet\/\" \/>\n<meta property=\"og:locale\" content=\"da_DK\" \/>\n<meta property=\"og:type\" content=\"article\" \/>\n<meta property=\"og:title\" content=\"Pop Up Travel Case Buet | Gdirekt.se\" \/>\n<meta property=\"og:description\" content=\"Pop Up Travel Case Buet er et buet messedisplay, der k\u00f8bes online! Panelerne s\u00e6ttes op med magnet. Messev\u00e6ggen Pop Up Magnetic Travel er fra Expolinc. En billedv\u00e6g af h\u00f8j kvalitet, hvor trykte billeder er inkluderet i prisen.\" \/>\n<meta property=\"og:url\" content=\"https:\/\/www.gdirekt.se\/da\/produkt\/pop-up-travel-case-buet\/\" \/>\n<meta property=\"og:site_name\" content=\"Gdirekt.se\" \/>\n<meta property=\"article:modified_time\" content=\"2019-01-22T17:27:02+00:00\" \/>\n<meta property=\"og:image\" content=\"https:\/\/www.gdirekt.se\/wp-content\/uploads\/Pop-Up-travel-Gdirekt-1.png\" \/>\n\t<meta property=\"og:image:width\" content=\"1000\" \/>\n\t<meta property=\"og:image:height\" content=\"1000\" \/>\n\t<meta property=\"og:image:type\" content=\"image\/png\" \/>\n<meta name=\"twitter:card\" content=\"summary_large_image\" \/>\n<meta name=\"twitter:label1\" content=\"Estimeret l\u00e6setid\" \/>\n\t<meta name=\"twitter:data1\" content=\"2 minutter\" \/>\n<script type=\"application\/ld+json\" class=\"yoast-schema-graph\">{\"@context\":\"https:\/\/schema.org\",\"@graph\":[{\"@type\":\"WebPage\",\"@id\":\"https:\/\/www.gdirekt.se\/da\/produkt\/pop-up-travel-case-buet\/\",\"url\":\"https:\/\/www.gdirekt.se\/da\/produkt\/pop-up-travel-case-buet\/\",\"name\":\"Pop Up Travel Case Buet | Gdirekt.se\",\"isPartOf\":{\"@id\":\"https:\/\/www.gdirekt.se\/#website\"},\"primaryImageOfPage\":{\"@id\":\"https:\/\/www.gdirekt.se\/da\/produkt\/pop-up-travel-case-buet\/#primaryimage\"},\"image\":{\"@id\":\"https:\/\/www.gdirekt.se\/da\/produkt\/pop-up-travel-case-buet\/#primaryimage\"},\"thumbnailUrl\":\"https:\/\/www.gdirekt.se\/wp-content\/uploads\/Pop-Up-travel-Gdirekt-1.png\",\"datePublished\":\"2016-11-23T10:35:39+00:00\",\"dateModified\":\"2019-01-22T17:27:02+00:00\",\"description\":\"Pop Up Travel Case Buet er et buet messedisplay, der k\u00f8bes online! Panelerne s\u00e6ttes op med magnet. Messev\u00e6ggen Pop Up Magnetic Travel er fra Expolinc. En billedv\u00e6g af h\u00f8j kvalitet, hvor trykte billeder er inkluderet i prisen.\",\"breadcrumb\":{\"@id\":\"https:\/\/www.gdirekt.se\/da\/produkt\/pop-up-travel-case-buet\/#breadcrumb\"},\"inLanguage\":\"da-DK\",\"potentialAction\":[{\"@type\":\"ReadAction\",\"target\":[\"https:\/\/www.gdirekt.se\/da\/produkt\/pop-up-travel-case-buet\/\"]}]},{\"@type\":\"ImageObject\",\"inLanguage\":\"da-DK\",\"@id\":\"https:\/\/www.gdirekt.se\/da\/produkt\/pop-up-travel-case-buet\/#primaryimage\",\"url\":\"https:\/\/www.gdirekt.se\/wp-content\/uploads\/Pop-Up-travel-Gdirekt-1.png\",\"contentUrl\":\"https:\/\/www.gdirekt.se\/wp-content\/uploads\/Pop-Up-travel-Gdirekt-1.png\",\"width\":1000,\"height\":1000,\"caption\":\"Billige Fair Wall Pop Up Travel fra Expolinc.\"},{\"@type\":\"BreadcrumbList\",\"@id\":\"https:\/\/www.gdirekt.se\/da\/produkt\/pop-up-travel-case-buet\/#breadcrumb\",\"itemListElement\":[{\"@type\":\"ListItem\",\"position\":1,\"name\":\"Hem\",\"item\":\"https:\/\/www.gdirekt.se\/da\/\"},{\"@type\":\"ListItem\",\"position\":2,\"name\":\"Start\",\"item\":\"https:\/\/www.gdirekt.se\/da\/\"},{\"@type\":\"ListItem\",\"position\":3,\"name\":\"Pop Up Travel Case Buet\"}]},{\"@type\":\"WebSite\",\"@id\":\"https:\/\/www.gdirekt.se\/#website\",\"url\":\"https:\/\/www.gdirekt.se\/\",\"name\":\"Gdirekt.se\",\"description\":\"Tryck snabbt \u00e5 l\u00e4tt = Gdirekt\",\"potentialAction\":[{\"@type\":\"SearchAction\",\"target\":{\"@type\":\"EntryPoint\",\"urlTemplate\":\"https:\/\/www.gdirekt.se\/?s={search_term_string}\"},\"query-input\":{\"@type\":\"PropertyValueSpecification\",\"valueRequired\":true,\"valueName\":\"search_term_string\"}}],\"inLanguage\":\"da-DK\"}]}<\/script>\n<!-- \/ Yoast SEO plugin. -->","yoast_head_json":{"title":"Pop Up Travel Case Buet | Gdirekt.se","description":"Pop Up Travel Case Buet er et buet messedisplay, der k\u00f8bes online! Panelerne s\u00e6ttes op med magnet. Messev\u00e6ggen Pop Up Magnetic Travel er fra Expolinc. En billedv\u00e6g af h\u00f8j kvalitet, hvor trykte billeder er inkluderet i prisen.","robots":{"index":"index","follow":"follow","max-snippet":"max-snippet:-1","max-image-preview":"max-image-preview:large","max-video-preview":"max-video-preview:-1"},"canonical":"https:\/\/www.gdirekt.se\/da\/produkt\/pop-up-travel-case-buet\/","og_locale":"da_DK","og_type":"article","og_title":"Pop Up Travel Case Buet | Gdirekt.se","og_description":"Pop Up Travel Case Buet er et buet messedisplay, der k\u00f8bes online! Panelerne s\u00e6ttes op med magnet. Messev\u00e6ggen Pop Up Magnetic Travel er fra Expolinc. En billedv\u00e6g af h\u00f8j kvalitet, hvor trykte billeder er inkluderet i prisen.","og_url":"https:\/\/www.gdirekt.se\/da\/produkt\/pop-up-travel-case-buet\/","og_site_name":"Gdirekt.se","article_modified_time":"2019-01-22T17:27:02+00:00","og_image":[{"width":1000,"height":1000,"url":"https:\/\/www.gdirekt.se\/wp-content\/uploads\/Pop-Up-travel-Gdirekt-1.png","type":"image\/png"}],"twitter_card":"summary_large_image","twitter_misc":{"Estimeret l\u00e6setid":"2 minutter"},"schema":{"@context":"https:\/\/schema.org","@graph":[{"@type":"WebPage","@id":"https:\/\/www.gdirekt.se\/da\/produkt\/pop-up-travel-case-buet\/","url":"https:\/\/www.gdirekt.se\/da\/produkt\/pop-up-travel-case-buet\/","name":"Pop Up Travel Case Buet | Gdirekt.se","isPartOf":{"@id":"https:\/\/www.gdirekt.se\/#website"},"primaryImageOfPage":{"@id":"https:\/\/www.gdirekt.se\/da\/produkt\/pop-up-travel-case-buet\/#primaryimage"},"image":{"@id":"https:\/\/www.gdirekt.se\/da\/produkt\/pop-up-travel-case-buet\/#primaryimage"},"thumbnailUrl":"https:\/\/www.gdirekt.se\/wp-content\/uploads\/Pop-Up-travel-Gdirekt-1.png","datePublished":"2016-11-23T10:35:39+00:00","dateModified":"2019-01-22T17:27:02+00:00","description":"Pop Up Travel Case Buet er et buet messedisplay, der k\u00f8bes online! Panelerne s\u00e6ttes op med magnet. Messev\u00e6ggen Pop Up Magnetic Travel er fra Expolinc. En billedv\u00e6g af h\u00f8j kvalitet, hvor trykte billeder er inkluderet i prisen.","breadcrumb":{"@id":"https:\/\/www.gdirekt.se\/da\/produkt\/pop-up-travel-case-buet\/#breadcrumb"},"inLanguage":"da-DK","potentialAction":[{"@type":"ReadAction","target":["https:\/\/www.gdirekt.se\/da\/produkt\/pop-up-travel-case-buet\/"]}]},{"@type":"ImageObject","inLanguage":"da-DK","@id":"https:\/\/www.gdirekt.se\/da\/produkt\/pop-up-travel-case-buet\/#primaryimage","url":"https:\/\/www.gdirekt.se\/wp-content\/uploads\/Pop-Up-travel-Gdirekt-1.png","contentUrl":"https:\/\/www.gdirekt.se\/wp-content\/uploads\/Pop-Up-travel-Gdirekt-1.png","width":1000,"height":1000,"caption":"Billige Fair Wall Pop Up Travel fra Expolinc."},{"@type":"BreadcrumbList","@id":"https:\/\/www.gdirekt.se\/da\/produkt\/pop-up-travel-case-buet\/#breadcrumb","itemListElement":[{"@type":"ListItem","position":1,"name":"Hem","item":"https:\/\/www.gdirekt.se\/da\/"},{"@type":"ListItem","position":2,"name":"Start","item":"https:\/\/www.gdirekt.se\/da\/"},{"@type":"ListItem","position":3,"name":"Pop Up Travel Case Buet"}]},{"@type":"WebSite","@id":"https:\/\/www.gdirekt.se\/#website","url":"https:\/\/www.gdirekt.se\/","name":"Gdirekt.se","description":"Tryck snabbt \u00e5 l\u00e4tt = Gdirekt","potentialAction":[{"@type":"SearchAction","target":{"@type":"EntryPoint","urlTemplate":"https:\/\/www.gdirekt.se\/?s={search_term_string}"},"query-input":{"@type":"PropertyValueSpecification","valueRequired":true,"valueName":"search_term_string"}}],"inLanguage":"da-DK"}]}},"_links":{"self":[{"href":"https:\/\/www.gdirekt.se\/da\/wp-json\/wp\/v2\/product\/9659","targetHints":{"allow":["GET"]}}],"collection":[{"href":"https:\/\/www.gdirekt.se\/da\/wp-json\/wp\/v2\/product"}],"about":[{"href":"https:\/\/www.gdirekt.se\/da\/wp-json\/wp\/v2\/types\/product"}],"wp:featuredmedia":[{"embeddable":true,"href":"https:\/\/www.gdirekt.se\/da\/wp-json\/wp\/v2\/media\/8217"}],"wp:attachment":[{"href":"https:\/\/www.gdirekt.se\/da\/wp-json\/wp\/v2\/media?parent=9659"}],"wp:term":[{"taxonomy":"product_brand","embeddable":true,"href":"https:\/\/www.gdirekt.se\/da\/wp-json\/wp\/v2\/product_brand?post=9659"},{"taxonomy":"product_cat","embeddable":true,"href":"https:\/\/www.gdirekt.se\/da\/wp-json\/wp\/v2\/product_cat?post=9659"},{"taxonomy":"product_tag","embeddable":true,"href":"https:\/\/www.gdirekt.se\/da\/wp-json\/wp\/v2\/product_tag?post=9659"}],"curies":[{"name":"wp","href":"https:\/\/api.w.org\/{rel}","templated":true}]}}