{"id":9641,"date":"2016-11-22T20:49:25","date_gmt":"2016-11-22T19:49:25","guid":{"rendered":"http:\/\/gdirekt.hamstage.hamrenmedia.se\/produkt\/pop-up-case-counter-lige\/"},"modified":"2019-01-16T15:12:16","modified_gmt":"2019-01-16T14:12:16","slug":"pop-up-case-counter-lige","status":"publish","type":"product","link":"https:\/\/www.gdirekt.se\/da\/produkt\/pop-up-case-counter-lige\/","title":{"rendered":"Pop Up Case &#038; Counter \u2013 Lige"},"content":{"rendered":"<p><span lang=\"DA\">Pop Up Case &amp; Counter\u00a0\u2013 Lige. Dette produkt i h\u00f8jeste kvalitet kaldes ogs\u00e5\u00a0Pop Up Magnetic fra Expolinc!\u00a0Case &amp; Counter-boksen fungerer b\u00e5de som messebord og transportboks. Alle billedpaneler og belysning medf\u00f8lger. Panelerne s\u00e6ttes let op med magnet.\u00a0Bordet\/boksen f\u00e5s i tre forskellige st\u00f8rrelser med topplade i forskellige farver.<\/span><\/p>\n<p><span lang=\"DA\">Case &amp; Counter-boksen eller -messebordet er et stort vinkelformet bord. Produktet har et smukt design og er meget robust. Man f\u00e5r et helt popup-system, som disse messedisplays kaldes.\u00a0N\u00e5r man er f\u00e6rdig med at bruge messebordet og har pakket hele displayet ned med billedbanner og topplade, kan man rulle afsted med det hele.<\/span><\/p>\n<p><span lang=\"DA\">Standeren Pop Up Case &amp; Counter\u00a0\u2013 Lige foldes ganske enkelt ud, og derefter klikkes et vist antal standere p\u00e5, s\u00e5 messev\u00e6ggen holdes oppe. Derefter f\u00e6stner man magnetst\u00e6ngerne p\u00e5 popup-v\u00e6ggen.\u00a0Til sidst h\u00e6nger man bannerne op, som monteres p\u00e5 v\u00e6ggen takket v\u00e6re magneterne.\u00a0<\/span><span lang=\"DA\"><a href=\"https:\/\/www.youtube.com\/watch?v=C9f5yaRdV4U\">Se denne film!<\/a><\/span><span lang=\"DA\">\u00a0Billedpanelerne med magnet kan rulles sammen og placeres i opbevaringsboksen, som man har brugt som messepodie.<\/span><\/p>\n<p><span lang=\"DA\">Billedpanelerne til popup-v\u00e6ggene printes digitalt med milj\u00f8venlig farve p\u00e5 kraftigt papir. Derefter laminerer vi billederne med mat laminat.\u00a0P\u00e5 bagsiden af udskrifterne i fotokvalitet l\u00e6gger vi\u00a0et s\u00e5kaldt block out-lag, s\u00e5 lyset ikke tr\u00e6nger igennem fra bagsiden. Derefter placerer vi popup-panelerne i vores sk\u00e6rebord, s\u00e5 de tilsk\u00e6res helt korrekt. Til sidst s\u00e6tter vi magnetlisterne p\u00e5, som passer til\u00a0Pop Up Case &amp; Counter\u00a0\u2013 Lige. Download skabelonerne til displayene for at sikre, at originalen bliver helt korrekt.<\/span><\/p>\n<p><span lang=\"DA\">Det samme system f\u00e5s i buet udgave og er mere almindeligt.<span class=\"apple-converted-space\">\u00a0<\/span><\/span><span lang=\"DA\"><a href=\"https:\/\/www.gdirekt.se\/butik\/mass-montersystem\/pop-up-case-counter-svangd\"><b><i>Klik her!<\/i><\/b><\/a><\/span><\/p>\n<p><span lang=\"DA\">Disse displayv\u00e6gge, der kaldes popup, bruges til messer, udstillinger, indvielser og lanceringer af produkter. Pop Up Case &amp; Counter \u2013 Lige ses ogs\u00e5 i butikscentre, p\u00e5 stadioner og hos bilforhandlere. Hvis man skal k\u00f8be et display til en messe, er dette en god investering, og det er let at bestille nye paneler senere.<\/span><\/p>\n<p><span lang=\"DA\">\u00a0<\/span><\/p>\n<p><span lang=\"DA\">Pop Up Case &amp; Counter \u2013 Lige. Et lige og komplet messedisplay i h\u00f8jeste kvalitet! Magnetpaneler monteres p\u00e5 displayv\u00e6ggen. Kaldes ogs\u00e5 Pop Up Magnetic fra Expolinc. Disse messev\u00e6gge er lette at stille op og tage ned. Trykte paneler er inkluderet i prisen.<\/span><\/p>\n","protected":false},"excerpt":{"rendered":"<p>Pop Up Case &amp; Counter \u2013 Lige.\u00a0Et lige og komplet messedisplay i h\u00f8jeste kvalitet! Billeder, podie og belysning medf\u00f8lger. Panelerne s\u00e6ttes let op med magnet. F\u00e5s i tre st\u00f8rrelser. Produktet kaldes ogs\u00e5 Pop Up Magnetic fra Expolinc.<\/p>\n","protected":false},"featured_media":8215,"template":"","meta":{"_acf_changed":false},"product_brand":[],"product_cat":[375],"product_tag":[],"class_list":{"0":"post-9641","1":"product","2":"type-product","3":"status-publish","4":"has-post-thumbnail","6":"product_cat-messevaegge-og-displaysystemer","8":"first","9":"instock","10":"taxable","11":"shipping-taxable","12":"purchasable","13":"product-type-variable","14":"has-default-attributes"},"exclude_global_add_ons":[],"addons":[],"acf":[],"yoast_head":"<!-- This site is optimized with the Yoast SEO plugin v27.2 - https:\/\/yoast.com\/product\/yoast-seo-wordpress\/ -->\n<title>Pop Up Case &amp; Counter \u2013 Lige udstillingsv\u00e6g fra Expolinc | Gdirekt.se<\/title>\n<meta name=\"description\" content=\"Pop Up Case &amp; Counter Buet. K\u00f8b en buet og komplet messev\u00e6g. Magnetbilleder og messebord medf\u00f8lger. Kaldes ogs\u00e5 Pop Up Magnetic fra Expolinc.\" \/>\n<meta name=\"robots\" content=\"index, follow, max-snippet:-1, max-image-preview:large, max-video-preview:-1\" \/>\n<link rel=\"canonical\" href=\"https:\/\/www.gdirekt.se\/da\/produkt\/pop-up-case-counter-lige\/\" \/>\n<meta property=\"og:locale\" content=\"da_DK\" \/>\n<meta property=\"og:type\" content=\"article\" \/>\n<meta property=\"og:title\" content=\"Pop Up Case &amp; Counter \u2013 Lige udstillingsv\u00e6g fra Expolinc | Gdirekt.se\" \/>\n<meta property=\"og:description\" content=\"Pop Up Case &amp; Counter Buet. K\u00f8b en buet og komplet messev\u00e6g. Magnetbilleder og messebord medf\u00f8lger. Kaldes ogs\u00e5 Pop Up Magnetic fra Expolinc.\" \/>\n<meta property=\"og:url\" content=\"https:\/\/www.gdirekt.se\/da\/produkt\/pop-up-case-counter-lige\/\" \/>\n<meta property=\"og:site_name\" content=\"Gdirekt.se\" \/>\n<meta property=\"article:modified_time\" content=\"2019-01-16T14:12:16+00:00\" \/>\n<meta property=\"og:image\" content=\"https:\/\/www.gdirekt.se\/wp-content\/uploads\/Expolinc_straight2.png\" \/>\n\t<meta property=\"og:image:width\" content=\"1000\" \/>\n\t<meta property=\"og:image:height\" content=\"1000\" \/>\n\t<meta property=\"og:image:type\" content=\"image\/png\" \/>\n<meta name=\"twitter:card\" content=\"summary_large_image\" \/>\n<meta name=\"twitter:label1\" content=\"Estimeret l\u00e6setid\" \/>\n\t<meta name=\"twitter:data1\" content=\"2 minutter\" \/>\n<script type=\"application\/ld+json\" class=\"yoast-schema-graph\">{\"@context\":\"https:\/\/schema.org\",\"@graph\":[{\"@type\":\"WebPage\",\"@id\":\"https:\/\/www.gdirekt.se\/da\/produkt\/pop-up-case-counter-lige\/\",\"url\":\"https:\/\/www.gdirekt.se\/da\/produkt\/pop-up-case-counter-lige\/\",\"name\":\"Pop Up Case & Counter \u2013 Lige udstillingsv\u00e6g fra Expolinc | Gdirekt.se\",\"isPartOf\":{\"@id\":\"https:\/\/www.gdirekt.se\/#website\"},\"primaryImageOfPage\":{\"@id\":\"https:\/\/www.gdirekt.se\/da\/produkt\/pop-up-case-counter-lige\/#primaryimage\"},\"image\":{\"@id\":\"https:\/\/www.gdirekt.se\/da\/produkt\/pop-up-case-counter-lige\/#primaryimage\"},\"thumbnailUrl\":\"https:\/\/www.gdirekt.se\/wp-content\/uploads\/Expolinc_straight2.png\",\"datePublished\":\"2016-11-22T19:49:25+00:00\",\"dateModified\":\"2019-01-16T14:12:16+00:00\",\"description\":\"Pop Up Case & Counter Buet. K\u00f8b en buet og komplet messev\u00e6g. Magnetbilleder og messebord medf\u00f8lger. Kaldes ogs\u00e5 Pop Up Magnetic fra Expolinc.\",\"breadcrumb\":{\"@id\":\"https:\/\/www.gdirekt.se\/da\/produkt\/pop-up-case-counter-lige\/#breadcrumb\"},\"inLanguage\":\"da-DK\",\"potentialAction\":[{\"@type\":\"ReadAction\",\"target\":[\"https:\/\/www.gdirekt.se\/da\/produkt\/pop-up-case-counter-lige\/\"]}]},{\"@type\":\"ImageObject\",\"inLanguage\":\"da-DK\",\"@id\":\"https:\/\/www.gdirekt.se\/da\/produkt\/pop-up-case-counter-lige\/#primaryimage\",\"url\":\"https:\/\/www.gdirekt.se\/wp-content\/uploads\/Expolinc_straight2.png\",\"contentUrl\":\"https:\/\/www.gdirekt.se\/wp-content\/uploads\/Expolinc_straight2.png\",\"width\":1000,\"height\":1000,\"caption\":\"Messev\u00e6g med magnet billede\"},{\"@type\":\"BreadcrumbList\",\"@id\":\"https:\/\/www.gdirekt.se\/da\/produkt\/pop-up-case-counter-lige\/#breadcrumb\",\"itemListElement\":[{\"@type\":\"ListItem\",\"position\":1,\"name\":\"Hem\",\"item\":\"https:\/\/www.gdirekt.se\/da\/\"},{\"@type\":\"ListItem\",\"position\":2,\"name\":\"Start\",\"item\":\"https:\/\/www.gdirekt.se\/da\/\"},{\"@type\":\"ListItem\",\"position\":3,\"name\":\"Pop Up Case &#038; Counter \u2013 Lige\"}]},{\"@type\":\"WebSite\",\"@id\":\"https:\/\/www.gdirekt.se\/#website\",\"url\":\"https:\/\/www.gdirekt.se\/\",\"name\":\"Gdirekt.se\",\"description\":\"Tryck snabbt \u00e5 l\u00e4tt = Gdirekt\",\"potentialAction\":[{\"@type\":\"SearchAction\",\"target\":{\"@type\":\"EntryPoint\",\"urlTemplate\":\"https:\/\/www.gdirekt.se\/?s={search_term_string}\"},\"query-input\":{\"@type\":\"PropertyValueSpecification\",\"valueRequired\":true,\"valueName\":\"search_term_string\"}}],\"inLanguage\":\"da-DK\"}]}<\/script>\n<!-- \/ Yoast SEO plugin. -->","yoast_head_json":{"title":"Pop Up Case & Counter \u2013 Lige udstillingsv\u00e6g fra Expolinc | Gdirekt.se","description":"Pop Up Case & Counter Buet. K\u00f8b en buet og komplet messev\u00e6g. Magnetbilleder og messebord medf\u00f8lger. Kaldes ogs\u00e5 Pop Up Magnetic fra Expolinc.","robots":{"index":"index","follow":"follow","max-snippet":"max-snippet:-1","max-image-preview":"max-image-preview:large","max-video-preview":"max-video-preview:-1"},"canonical":"https:\/\/www.gdirekt.se\/da\/produkt\/pop-up-case-counter-lige\/","og_locale":"da_DK","og_type":"article","og_title":"Pop Up Case & Counter \u2013 Lige udstillingsv\u00e6g fra Expolinc | Gdirekt.se","og_description":"Pop Up Case & Counter Buet. K\u00f8b en buet og komplet messev\u00e6g. Magnetbilleder og messebord medf\u00f8lger. Kaldes ogs\u00e5 Pop Up Magnetic fra Expolinc.","og_url":"https:\/\/www.gdirekt.se\/da\/produkt\/pop-up-case-counter-lige\/","og_site_name":"Gdirekt.se","article_modified_time":"2019-01-16T14:12:16+00:00","og_image":[{"width":1000,"height":1000,"url":"https:\/\/www.gdirekt.se\/wp-content\/uploads\/Expolinc_straight2.png","type":"image\/png"}],"twitter_card":"summary_large_image","twitter_misc":{"Estimeret l\u00e6setid":"2 minutter"},"schema":{"@context":"https:\/\/schema.org","@graph":[{"@type":"WebPage","@id":"https:\/\/www.gdirekt.se\/da\/produkt\/pop-up-case-counter-lige\/","url":"https:\/\/www.gdirekt.se\/da\/produkt\/pop-up-case-counter-lige\/","name":"Pop Up Case & Counter \u2013 Lige udstillingsv\u00e6g fra Expolinc | Gdirekt.se","isPartOf":{"@id":"https:\/\/www.gdirekt.se\/#website"},"primaryImageOfPage":{"@id":"https:\/\/www.gdirekt.se\/da\/produkt\/pop-up-case-counter-lige\/#primaryimage"},"image":{"@id":"https:\/\/www.gdirekt.se\/da\/produkt\/pop-up-case-counter-lige\/#primaryimage"},"thumbnailUrl":"https:\/\/www.gdirekt.se\/wp-content\/uploads\/Expolinc_straight2.png","datePublished":"2016-11-22T19:49:25+00:00","dateModified":"2019-01-16T14:12:16+00:00","description":"Pop Up Case & Counter Buet. K\u00f8b en buet og komplet messev\u00e6g. Magnetbilleder og messebord medf\u00f8lger. Kaldes ogs\u00e5 Pop Up Magnetic fra Expolinc.","breadcrumb":{"@id":"https:\/\/www.gdirekt.se\/da\/produkt\/pop-up-case-counter-lige\/#breadcrumb"},"inLanguage":"da-DK","potentialAction":[{"@type":"ReadAction","target":["https:\/\/www.gdirekt.se\/da\/produkt\/pop-up-case-counter-lige\/"]}]},{"@type":"ImageObject","inLanguage":"da-DK","@id":"https:\/\/www.gdirekt.se\/da\/produkt\/pop-up-case-counter-lige\/#primaryimage","url":"https:\/\/www.gdirekt.se\/wp-content\/uploads\/Expolinc_straight2.png","contentUrl":"https:\/\/www.gdirekt.se\/wp-content\/uploads\/Expolinc_straight2.png","width":1000,"height":1000,"caption":"Messev\u00e6g med magnet billede"},{"@type":"BreadcrumbList","@id":"https:\/\/www.gdirekt.se\/da\/produkt\/pop-up-case-counter-lige\/#breadcrumb","itemListElement":[{"@type":"ListItem","position":1,"name":"Hem","item":"https:\/\/www.gdirekt.se\/da\/"},{"@type":"ListItem","position":2,"name":"Start","item":"https:\/\/www.gdirekt.se\/da\/"},{"@type":"ListItem","position":3,"name":"Pop Up Case &#038; Counter \u2013 Lige"}]},{"@type":"WebSite","@id":"https:\/\/www.gdirekt.se\/#website","url":"https:\/\/www.gdirekt.se\/","name":"Gdirekt.se","description":"Tryck snabbt \u00e5 l\u00e4tt = Gdirekt","potentialAction":[{"@type":"SearchAction","target":{"@type":"EntryPoint","urlTemplate":"https:\/\/www.gdirekt.se\/?s={search_term_string}"},"query-input":{"@type":"PropertyValueSpecification","valueRequired":true,"valueName":"search_term_string"}}],"inLanguage":"da-DK"}]}},"_links":{"self":[{"href":"https:\/\/www.gdirekt.se\/da\/wp-json\/wp\/v2\/product\/9641","targetHints":{"allow":["GET"]}}],"collection":[{"href":"https:\/\/www.gdirekt.se\/da\/wp-json\/wp\/v2\/product"}],"about":[{"href":"https:\/\/www.gdirekt.se\/da\/wp-json\/wp\/v2\/types\/product"}],"wp:featuredmedia":[{"embeddable":true,"href":"https:\/\/www.gdirekt.se\/da\/wp-json\/wp\/v2\/media\/8215"}],"wp:attachment":[{"href":"https:\/\/www.gdirekt.se\/da\/wp-json\/wp\/v2\/media?parent=9641"}],"wp:term":[{"taxonomy":"product_brand","embeddable":true,"href":"https:\/\/www.gdirekt.se\/da\/wp-json\/wp\/v2\/product_brand?post=9641"},{"taxonomy":"product_cat","embeddable":true,"href":"https:\/\/www.gdirekt.se\/da\/wp-json\/wp\/v2\/product_cat?post=9641"},{"taxonomy":"product_tag","embeddable":true,"href":"https:\/\/www.gdirekt.se\/da\/wp-json\/wp\/v2\/product_tag?post=9641"}],"curies":[{"name":"wp","href":"https:\/\/api.w.org\/{rel}","templated":true}]}}