{"id":9636,"date":"2016-11-25T13:30:42","date_gmt":"2016-11-25T12:30:42","guid":{"rendered":"http:\/\/gdirekt.hamstage.hamrenmedia.se\/produkt\/messevaeg-flexibel-med-stofbannere\/"},"modified":"2019-01-16T15:10:34","modified_gmt":"2019-01-16T14:10:34","slug":"messevaeg-flexibel-med-stofbannere","status":"publish","type":"product","link":"https:\/\/www.gdirekt.se\/da\/produkt\/messevaeg-flexibel-med-stofbannere\/","title":{"rendered":"Messev\u00e6g Flexibel \u2013 med stofbannere"},"content":{"rendered":"<p><span lang=\"DA\">Messev\u00e6g Flexibel \u2013 med stofbannere er, som navnet siger, en fleksibel messev\u00e6g med stofbannere. Stofbilledet kan v\u00e6re 175-300\u00a0cm bredt. H\u00f8jden kan variere fra 100 til 240\u00a0cm. Systemet er konstrueret af robust aluminium og leveres i en vatteret nylontaske. Hvis man er p\u00e5 udkig efter et messedisplay, er dette en billig l\u00f8sning med god funktionalitet. Denne stander til scenet\u00e6ppe eller bagv\u00e6g er smart og enkel.<\/span><\/p>\n<p><span lang=\"DA\">Vi benytter en god 220 gram tyk polyester til disse stofbannere. Produktionen sker med\u00a0den bedste og nyeste trykteknik p\u00e5 vores egne stoffer. De er brandgodkendte og er velegnede som messev\u00e6g eller scenet\u00e6ppe i alle omgivelser. Hele displayv\u00e6ggen kan stilles p\u00e5 op tre til fem minutter uden brug af v\u00e6rkt\u00f8j. Hos Gdirekt syr vi kanaler p\u00e5 digitaltrykte stoffer med slidst\u00e6rk tr\u00e5d. Messebannerne kan rulles sammen efter anvendelse og bruges flere gange. Disse trykte billedv\u00e6gge bruges ofte som pressev\u00e6g for sponsorer og til produktlanceringer.<\/span><\/p>\n<p><span lang=\"DA\">Denne stofstander, der hedder Messev\u00e6g Flexibel \u2013 med stofbannere er p\u00e6n, billig og let at k\u00f8be hos os direkte p\u00e5 nettet. Det er et meget robust og anvendeligt produkt. Billedv\u00e6ggen bruges for eksempel p\u00e5 messer som messebanner, fotov\u00e6g og baggrund med logoer. Det er ogs\u00e5 en god m\u00e5de at vise idr\u00e6tsklubbens sponsorer p\u00e5. I det tilf\u00e6lde kaldes den en sponsorv\u00e6g eller et sponsor-backdrop. Bannerdisplayet kan ogs\u00e5 bruges i forbindelse med popup-butikker i butikscentre, n\u00e5r man skal s\u00e6lge varer og produkter eller lancere nye.<\/span><\/p>\n<p><span lang=\"DA\">Hos os er det ogs\u00e5 muligt at k\u00f8be bannere og bagv\u00e6gge med eget tryk og i egen st\u00f8rrelse. V\u00e6lg stofmateriale ved at<span class=\"apple-converted-space\">\u00a0<\/span><\/span><span lang=\"DA\"><a href=\"https:\/\/www.gdirekt.se\/produkt-kategori\/tyg-med-tryck-vepor-backdrop\/\"><i>klikke her.<\/i><\/a><\/span><i><\/i><\/p>\n","protected":false},"excerpt":{"rendered":"<p>Messev\u00e6g Flexibel \u2013 til stofbannere er et enkelt og fleksibelt messedisplay. Det er et system til stofbannere i form af store og sm\u00e5 billeder, der bliver til en messev\u00e6g med stoftryk. V\u00e6lg vores standardm\u00e5l, eller kontakt os for at f\u00e5 andre st\u00f8rrelser p\u00e5\u00a0<strong><em>info@gdirekt.se<\/em><\/strong><\/p>\n","protected":false},"featured_media":8223,"template":"","meta":{"_acf_changed":false},"product_brand":[],"product_cat":[375],"product_tag":[],"class_list":{"0":"post-9636","1":"product","2":"type-product","3":"status-publish","4":"has-post-thumbnail","6":"product_cat-messevaegge-og-displaysystemer","7":"product_shipping_class-180sek","9":"first","10":"instock","11":"taxable","12":"shipping-taxable","13":"purchasable","14":"product-type-variable","15":"has-default-attributes"},"exclude_global_add_ons":[],"addons":[],"acf":[],"yoast_head":"<!-- This site is optimized with the Yoast SEO plugin v27.2 - https:\/\/yoast.com\/product\/yoast-seo-wordpress\/ -->\n<title>Messev\u00e6g Flexibel \u2013 med stofbannere, k\u00f8b billigt display stand | Gdirekt.se<\/title>\n<meta name=\"description\" content=\"Messev\u00e6g Flexibel \u2013 til stofbannere er et messedisplay eller en pressev\u00e6g med enkel udformning. Det er et system til stofbannere i form af store og sm\u00e5 billeder, der bliver til en messev\u00e6g med eget stoftryk. Et prisbilligt display til produktfremvisning, event eller udstilling i butik.\" \/>\n<meta name=\"robots\" content=\"index, follow, max-snippet:-1, max-image-preview:large, max-video-preview:-1\" \/>\n<link rel=\"canonical\" href=\"https:\/\/www.gdirekt.se\/da\/produkt\/messevaeg-flexibel-med-stofbannere\/\" \/>\n<meta property=\"og:locale\" content=\"da_DK\" \/>\n<meta property=\"og:type\" content=\"article\" \/>\n<meta property=\"og:title\" content=\"Messev\u00e6g Flexibel \u2013 med stofbannere, k\u00f8b billigt display stand | Gdirekt.se\" \/>\n<meta property=\"og:description\" content=\"Messev\u00e6g Flexibel \u2013 til stofbannere er et messedisplay eller en pressev\u00e6g med enkel udformning. Det er et system til stofbannere i form af store og sm\u00e5 billeder, der bliver til en messev\u00e6g med eget stoftryk. Et prisbilligt display til produktfremvisning, event eller udstilling i butik.\" \/>\n<meta property=\"og:url\" content=\"https:\/\/www.gdirekt.se\/da\/produkt\/messevaeg-flexibel-med-stofbannere\/\" \/>\n<meta property=\"og:site_name\" content=\"Gdirekt.se\" \/>\n<meta property=\"article:modified_time\" content=\"2019-01-16T14:10:34+00:00\" \/>\n<meta property=\"og:image\" content=\"https:\/\/www.gdirekt.se\/wp-content\/uploads\/flexibel.png\" \/>\n\t<meta property=\"og:image:width\" content=\"1000\" \/>\n\t<meta property=\"og:image:height\" content=\"1000\" \/>\n\t<meta property=\"og:image:type\" content=\"image\/png\" \/>\n<meta name=\"twitter:card\" content=\"summary_large_image\" \/>\n<meta name=\"twitter:label1\" content=\"Estimeret l\u00e6setid\" \/>\n\t<meta name=\"twitter:data1\" content=\"1 minut\" \/>\n<script type=\"application\/ld+json\" class=\"yoast-schema-graph\">{\"@context\":\"https:\/\/schema.org\",\"@graph\":[{\"@type\":\"WebPage\",\"@id\":\"https:\/\/www.gdirekt.se\/da\/produkt\/messevaeg-flexibel-med-stofbannere\/\",\"url\":\"https:\/\/www.gdirekt.se\/da\/produkt\/messevaeg-flexibel-med-stofbannere\/\",\"name\":\"Messev\u00e6g Flexibel \u2013 med stofbannere, k\u00f8b billigt display stand | Gdirekt.se\",\"isPartOf\":{\"@id\":\"https:\/\/www.gdirekt.se\/#website\"},\"primaryImageOfPage\":{\"@id\":\"https:\/\/www.gdirekt.se\/da\/produkt\/messevaeg-flexibel-med-stofbannere\/#primaryimage\"},\"image\":{\"@id\":\"https:\/\/www.gdirekt.se\/da\/produkt\/messevaeg-flexibel-med-stofbannere\/#primaryimage\"},\"thumbnailUrl\":\"https:\/\/www.gdirekt.se\/wp-content\/uploads\/flexibel.png\",\"datePublished\":\"2016-11-25T12:30:42+00:00\",\"dateModified\":\"2019-01-16T14:10:34+00:00\",\"description\":\"Messev\u00e6g Flexibel \u2013 til stofbannere er et messedisplay eller en pressev\u00e6g med enkel udformning. Det er et system til stofbannere i form af store og sm\u00e5 billeder, der bliver til en messev\u00e6g med eget stoftryk. Et prisbilligt display til produktfremvisning, event eller udstilling i butik.\",\"breadcrumb\":{\"@id\":\"https:\/\/www.gdirekt.se\/da\/produkt\/messevaeg-flexibel-med-stofbannere\/#breadcrumb\"},\"inLanguage\":\"da-DK\",\"potentialAction\":[{\"@type\":\"ReadAction\",\"target\":[\"https:\/\/www.gdirekt.se\/da\/produkt\/messevaeg-flexibel-med-stofbannere\/\"]}]},{\"@type\":\"ImageObject\",\"inLanguage\":\"da-DK\",\"@id\":\"https:\/\/www.gdirekt.se\/da\/produkt\/messevaeg-flexibel-med-stofbannere\/#primaryimage\",\"url\":\"https:\/\/www.gdirekt.se\/wp-content\/uploads\/flexibel.png\",\"contentUrl\":\"https:\/\/www.gdirekt.se\/wp-content\/uploads\/flexibel.png\",\"width\":1000,\"height\":1000,\"caption\":\"Smart stof system til messev\u00e6g\"},{\"@type\":\"BreadcrumbList\",\"@id\":\"https:\/\/www.gdirekt.se\/da\/produkt\/messevaeg-flexibel-med-stofbannere\/#breadcrumb\",\"itemListElement\":[{\"@type\":\"ListItem\",\"position\":1,\"name\":\"Hem\",\"item\":\"https:\/\/www.gdirekt.se\/da\/\"},{\"@type\":\"ListItem\",\"position\":2,\"name\":\"Start\",\"item\":\"https:\/\/www.gdirekt.se\/da\/\"},{\"@type\":\"ListItem\",\"position\":3,\"name\":\"Messev\u00e6g Flexibel \u2013 med stofbannere\"}]},{\"@type\":\"WebSite\",\"@id\":\"https:\/\/www.gdirekt.se\/#website\",\"url\":\"https:\/\/www.gdirekt.se\/\",\"name\":\"Gdirekt.se\",\"description\":\"Tryck snabbt \u00e5 l\u00e4tt = Gdirekt\",\"potentialAction\":[{\"@type\":\"SearchAction\",\"target\":{\"@type\":\"EntryPoint\",\"urlTemplate\":\"https:\/\/www.gdirekt.se\/?s={search_term_string}\"},\"query-input\":{\"@type\":\"PropertyValueSpecification\",\"valueRequired\":true,\"valueName\":\"search_term_string\"}}],\"inLanguage\":\"da-DK\"}]}<\/script>\n<!-- \/ Yoast SEO plugin. -->","yoast_head_json":{"title":"Messev\u00e6g Flexibel \u2013 med stofbannere, k\u00f8b billigt display stand | Gdirekt.se","description":"Messev\u00e6g Flexibel \u2013 til stofbannere er et messedisplay eller en pressev\u00e6g med enkel udformning. Det er et system til stofbannere i form af store og sm\u00e5 billeder, der bliver til en messev\u00e6g med eget stoftryk. Et prisbilligt display til produktfremvisning, event eller udstilling i butik.","robots":{"index":"index","follow":"follow","max-snippet":"max-snippet:-1","max-image-preview":"max-image-preview:large","max-video-preview":"max-video-preview:-1"},"canonical":"https:\/\/www.gdirekt.se\/da\/produkt\/messevaeg-flexibel-med-stofbannere\/","og_locale":"da_DK","og_type":"article","og_title":"Messev\u00e6g Flexibel \u2013 med stofbannere, k\u00f8b billigt display stand | Gdirekt.se","og_description":"Messev\u00e6g Flexibel \u2013 til stofbannere er et messedisplay eller en pressev\u00e6g med enkel udformning. Det er et system til stofbannere i form af store og sm\u00e5 billeder, der bliver til en messev\u00e6g med eget stoftryk. Et prisbilligt display til produktfremvisning, event eller udstilling i butik.","og_url":"https:\/\/www.gdirekt.se\/da\/produkt\/messevaeg-flexibel-med-stofbannere\/","og_site_name":"Gdirekt.se","article_modified_time":"2019-01-16T14:10:34+00:00","og_image":[{"width":1000,"height":1000,"url":"https:\/\/www.gdirekt.se\/wp-content\/uploads\/flexibel.png","type":"image\/png"}],"twitter_card":"summary_large_image","twitter_misc":{"Estimeret l\u00e6setid":"1 minut"},"schema":{"@context":"https:\/\/schema.org","@graph":[{"@type":"WebPage","@id":"https:\/\/www.gdirekt.se\/da\/produkt\/messevaeg-flexibel-med-stofbannere\/","url":"https:\/\/www.gdirekt.se\/da\/produkt\/messevaeg-flexibel-med-stofbannere\/","name":"Messev\u00e6g Flexibel \u2013 med stofbannere, k\u00f8b billigt display stand | Gdirekt.se","isPartOf":{"@id":"https:\/\/www.gdirekt.se\/#website"},"primaryImageOfPage":{"@id":"https:\/\/www.gdirekt.se\/da\/produkt\/messevaeg-flexibel-med-stofbannere\/#primaryimage"},"image":{"@id":"https:\/\/www.gdirekt.se\/da\/produkt\/messevaeg-flexibel-med-stofbannere\/#primaryimage"},"thumbnailUrl":"https:\/\/www.gdirekt.se\/wp-content\/uploads\/flexibel.png","datePublished":"2016-11-25T12:30:42+00:00","dateModified":"2019-01-16T14:10:34+00:00","description":"Messev\u00e6g Flexibel \u2013 til stofbannere er et messedisplay eller en pressev\u00e6g med enkel udformning. Det er et system til stofbannere i form af store og sm\u00e5 billeder, der bliver til en messev\u00e6g med eget stoftryk. Et prisbilligt display til produktfremvisning, event eller udstilling i butik.","breadcrumb":{"@id":"https:\/\/www.gdirekt.se\/da\/produkt\/messevaeg-flexibel-med-stofbannere\/#breadcrumb"},"inLanguage":"da-DK","potentialAction":[{"@type":"ReadAction","target":["https:\/\/www.gdirekt.se\/da\/produkt\/messevaeg-flexibel-med-stofbannere\/"]}]},{"@type":"ImageObject","inLanguage":"da-DK","@id":"https:\/\/www.gdirekt.se\/da\/produkt\/messevaeg-flexibel-med-stofbannere\/#primaryimage","url":"https:\/\/www.gdirekt.se\/wp-content\/uploads\/flexibel.png","contentUrl":"https:\/\/www.gdirekt.se\/wp-content\/uploads\/flexibel.png","width":1000,"height":1000,"caption":"Smart stof system til messev\u00e6g"},{"@type":"BreadcrumbList","@id":"https:\/\/www.gdirekt.se\/da\/produkt\/messevaeg-flexibel-med-stofbannere\/#breadcrumb","itemListElement":[{"@type":"ListItem","position":1,"name":"Hem","item":"https:\/\/www.gdirekt.se\/da\/"},{"@type":"ListItem","position":2,"name":"Start","item":"https:\/\/www.gdirekt.se\/da\/"},{"@type":"ListItem","position":3,"name":"Messev\u00e6g Flexibel \u2013 med stofbannere"}]},{"@type":"WebSite","@id":"https:\/\/www.gdirekt.se\/#website","url":"https:\/\/www.gdirekt.se\/","name":"Gdirekt.se","description":"Tryck snabbt \u00e5 l\u00e4tt = Gdirekt","potentialAction":[{"@type":"SearchAction","target":{"@type":"EntryPoint","urlTemplate":"https:\/\/www.gdirekt.se\/?s={search_term_string}"},"query-input":{"@type":"PropertyValueSpecification","valueRequired":true,"valueName":"search_term_string"}}],"inLanguage":"da-DK"}]}},"_links":{"self":[{"href":"https:\/\/www.gdirekt.se\/da\/wp-json\/wp\/v2\/product\/9636","targetHints":{"allow":["GET"]}}],"collection":[{"href":"https:\/\/www.gdirekt.se\/da\/wp-json\/wp\/v2\/product"}],"about":[{"href":"https:\/\/www.gdirekt.se\/da\/wp-json\/wp\/v2\/types\/product"}],"wp:featuredmedia":[{"embeddable":true,"href":"https:\/\/www.gdirekt.se\/da\/wp-json\/wp\/v2\/media\/8223"}],"wp:attachment":[{"href":"https:\/\/www.gdirekt.se\/da\/wp-json\/wp\/v2\/media?parent=9636"}],"wp:term":[{"taxonomy":"product_brand","embeddable":true,"href":"https:\/\/www.gdirekt.se\/da\/wp-json\/wp\/v2\/product_brand?post=9636"},{"taxonomy":"product_cat","embeddable":true,"href":"https:\/\/www.gdirekt.se\/da\/wp-json\/wp\/v2\/product_cat?post=9636"},{"taxonomy":"product_tag","embeddable":true,"href":"https:\/\/www.gdirekt.se\/da\/wp-json\/wp\/v2\/product_tag?post=9636"}],"curies":[{"name":"wp","href":"https:\/\/api.w.org\/{rel}","templated":true}]}}