{"id":9627,"date":"2017-01-17T14:21:00","date_gmt":"2017-01-17T13:21:00","guid":{"rendered":"http:\/\/gdirekt.hamstage.hamrenmedia.se\/produkt\/messedisplay-fabric-system\/"},"modified":"2019-01-16T15:10:40","modified_gmt":"2019-01-16T14:10:40","slug":"messedisplay-fabric-system","status":"publish","type":"product","link":"https:\/\/www.gdirekt.se\/da\/produkt\/messedisplay-fabric-system\/","title":{"rendered":"Messedisplay Fabric System"},"content":{"rendered":"<p><span lang=\"DA\">Messedisplay Fabric System er en messev\u00e6g med trykt stof i markedets h\u00f8jeste kvalitet. V\u00e6lg standardst\u00f8rrelse som lige eller buet displayv\u00e6g.\u00a0Det er meget let at skifte billede i bannersystemet, og standeren til stofbannerne holder i \u00e5revis.\u00a0Messev\u00e6ggen Fabric System\u00a0er let at stille op: Stofbanneret monteres i arbejdsh\u00f8jde, og l\u00f8ftes derefter op til den \u00f8nskede h\u00f8jde. Vi kan ogs\u00e5 skr\u00e6ddersy messev\u00e6ggen og levere den optimale billedv\u00e6g i jeres \u00f8nskede m\u00e5l og st\u00f8rrelser.<\/span><\/p>\n<p><span lang=\"DA\">Billedv\u00e6gge i stof, der er op til 18\u00a0m2, kan v\u00e6re i nylontasken.\u00a0St\u00f8rre stofbilleder opbevares praktisk i en podieboks, der ogs\u00e5 kan bruges som skranke eller disk. Se denne<span class=\"apple-converted-space\">\u00a0<\/span><\/span><span lang=\"DA\"><a href=\"https:\/\/www.youtube.com\/watch?v=6kD673DCm50\"><i>video<\/i><\/a><\/span><span lang=\"DA\">om, hvordan man samler en flot displayv\u00e6g.<\/span><\/p>\n<p><span lang=\"DA\">Hvis der er brug for et demobord med tryk til messen, har vi et stort udvalg af modeller<span class=\"apple-converted-space\">\u00a0<\/span><\/span><span lang=\"DA\"><a href=\"https:\/\/www.gdirekt.se\/produkt-kategori\/diskar-podium-massbord\/\"><i>her<\/i><\/a><\/span><span lang=\"DA\">.<\/span><\/p>\n<p><span lang=\"DA\">Denne type displaysystem til stofv\u00e6gge bruges ogs\u00e5 til at bygge og designe displays og v\u00e6gge i forskellige former og st\u00f8rrelser. Vi kan levere alle varianter til en vellykket fremvisning eller udstilling p\u00e5 messen, i butikscentret eller i butikken. Profilerne er 110\u00a0cm lange, og der f\u00e5s ogs\u00e5 retvinklede hj\u00f8rneprofiler i robust aluminium. Systemet kan have en h\u00f8jde fra 115\u00a0cm til hele 290\u00a0cm inklusive f\u00f8dderne.<\/span><\/p>\n<p><span lang=\"DA\">Kontakt os for at f\u00e5 hj\u00e6lp til andre st\u00f8rrelser og former p\u00e5<span class=\"apple-converted-space\">\u00a0<\/span><\/span><span lang=\"DA\"><a><strong><i>info@gdirekt.se<\/i><\/strong><\/a><\/span><span lang=\"DA\">eller +46 (0)11-251515. Vi har mange \u00e5rs erfaring med trykning af store billedv\u00e6gge og messedisplays. Vi kan ogs\u00e5 hj\u00e6lpe med opstilling p\u00e5 messen, hvis I har brug for det.<\/span><\/p>\n<p><span lang=\"DA\">Messedisplay Fabric System bruges ofte p\u00e5 messer og udstillinger af virksomheder. Det er imidlertid muligt at lave hele v\u00e6gge, hvis man skal opbygge en hel popup-butik eller demonstration for et varem\u00e6rke eller nyt produkt. Det er almindeligvis i butikscentre og andre steder, hvor der f\u00e6rdes mange mennesker.<\/span><\/p>\n","protected":false},"excerpt":{"rendered":"<p>Fabric System-messedisplay er en stander til messev\u00e6gge beregnet til trykte stofbannere med eget design og foto. Stoftrykket kan bruges som scenet\u00e6ppe eller displayv\u00e6g. Dette er standardm\u00e5l, men der kan bygges mange varianter, s\u00e5 kontakt os gerne. Bl\u00f8d nylontaske medf\u00f8lger. Bestil en h\u00e5rd\u00a0<a href=\"https:\/\/www.gdirekt.se\/produkt\/massbord-standard-case\/\">transportboks<\/a>som ekstraudstyr, der ogs\u00e5 kan bruges som messepodie\/skranke\/disk.<\/p>\n","protected":false},"featured_media":8445,"template":"","meta":{"_acf_changed":false},"product_brand":[],"product_cat":[375],"product_tag":[],"class_list":{"0":"post-9627","1":"product","2":"type-product","3":"status-publish","4":"has-post-thumbnail","6":"product_cat-messevaegge-og-displaysystemer","7":"product_shipping_class-180sek","9":"first","10":"instock","11":"taxable","12":"shipping-taxable","13":"purchasable","14":"product-type-variable","15":"has-default-attributes"},"exclude_global_add_ons":[],"addons":[],"acf":[],"yoast_head":"<!-- This site is optimized with the Yoast SEO plugin v27.2 - https:\/\/yoast.com\/product\/yoast-seo-wordpress\/ -->\n<title>Messedisplay Fabric System, trykt stofv\u00e6g displaystand | Gdirekt.se<\/title>\n<meta name=\"description\" content=\"Messedisplay Fabric System er en stander til messev\u00e6gge beregnet til trykte stofbannere med eget design og foto. Stoftrykket kan bruges som scenet\u00e6ppe eller displayv\u00e6g. Messesystemet er det bedste og flotteste p\u00e5 markedet. Vi har hurtig levering til virksomheder.\" \/>\n<meta name=\"robots\" content=\"index, follow, max-snippet:-1, max-image-preview:large, max-video-preview:-1\" \/>\n<link rel=\"canonical\" href=\"https:\/\/www.gdirekt.se\/da\/produkt\/messedisplay-fabric-system\/\" \/>\n<meta property=\"og:locale\" content=\"da_DK\" \/>\n<meta property=\"og:type\" content=\"article\" \/>\n<meta property=\"og:title\" content=\"Messedisplay Fabric System, trykt stofv\u00e6g displaystand | Gdirekt.se\" \/>\n<meta property=\"og:description\" content=\"Messedisplay Fabric System er en stander til messev\u00e6gge beregnet til trykte stofbannere med eget design og foto. Stoftrykket kan bruges som scenet\u00e6ppe eller displayv\u00e6g. Messesystemet er det bedste og flotteste p\u00e5 markedet. Vi har hurtig levering til virksomheder.\" \/>\n<meta property=\"og:url\" content=\"https:\/\/www.gdirekt.se\/da\/produkt\/messedisplay-fabric-system\/\" \/>\n<meta property=\"og:site_name\" content=\"Gdirekt.se\" \/>\n<meta property=\"article:modified_time\" content=\"2019-01-16T14:10:40+00:00\" \/>\n<meta property=\"og:image\" content=\"https:\/\/www.gdirekt.se\/wp-content\/uploads\/fabric_system.png\" \/>\n\t<meta property=\"og:image:width\" content=\"1000\" \/>\n\t<meta property=\"og:image:height\" content=\"1000\" \/>\n\t<meta property=\"og:image:type\" content=\"image\/png\" \/>\n<meta name=\"twitter:card\" content=\"summary_large_image\" \/>\n<meta name=\"twitter:label1\" content=\"Estimeret l\u00e6setid\" \/>\n\t<meta name=\"twitter:data1\" content=\"2 minutter\" \/>\n<script type=\"application\/ld+json\" class=\"yoast-schema-graph\">{\"@context\":\"https:\/\/schema.org\",\"@graph\":[{\"@type\":\"WebPage\",\"@id\":\"https:\/\/www.gdirekt.se\/da\/produkt\/messedisplay-fabric-system\/\",\"url\":\"https:\/\/www.gdirekt.se\/da\/produkt\/messedisplay-fabric-system\/\",\"name\":\"Messedisplay Fabric System, trykt stofv\u00e6g displaystand | Gdirekt.se\",\"isPartOf\":{\"@id\":\"https:\/\/www.gdirekt.se\/#website\"},\"primaryImageOfPage\":{\"@id\":\"https:\/\/www.gdirekt.se\/da\/produkt\/messedisplay-fabric-system\/#primaryimage\"},\"image\":{\"@id\":\"https:\/\/www.gdirekt.se\/da\/produkt\/messedisplay-fabric-system\/#primaryimage\"},\"thumbnailUrl\":\"https:\/\/www.gdirekt.se\/wp-content\/uploads\/fabric_system.png\",\"datePublished\":\"2017-01-17T13:21:00+00:00\",\"dateModified\":\"2019-01-16T14:10:40+00:00\",\"description\":\"Messedisplay Fabric System er en stander til messev\u00e6gge beregnet til trykte stofbannere med eget design og foto. Stoftrykket kan bruges som scenet\u00e6ppe eller displayv\u00e6g. Messesystemet er det bedste og flotteste p\u00e5 markedet. Vi har hurtig levering til virksomheder.\",\"breadcrumb\":{\"@id\":\"https:\/\/www.gdirekt.se\/da\/produkt\/messedisplay-fabric-system\/#breadcrumb\"},\"inLanguage\":\"da-DK\",\"potentialAction\":[{\"@type\":\"ReadAction\",\"target\":[\"https:\/\/www.gdirekt.se\/da\/produkt\/messedisplay-fabric-system\/\"]}]},{\"@type\":\"ImageObject\",\"inLanguage\":\"da-DK\",\"@id\":\"https:\/\/www.gdirekt.se\/da\/produkt\/messedisplay-fabric-system\/#primaryimage\",\"url\":\"https:\/\/www.gdirekt.se\/wp-content\/uploads\/fabric_system.png\",\"contentUrl\":\"https:\/\/www.gdirekt.se\/wp-content\/uploads\/fabric_system.png\",\"width\":1000,\"height\":1000,\"caption\":\"Messedisplay i stofbanner fra Expolinc\"},{\"@type\":\"BreadcrumbList\",\"@id\":\"https:\/\/www.gdirekt.se\/da\/produkt\/messedisplay-fabric-system\/#breadcrumb\",\"itemListElement\":[{\"@type\":\"ListItem\",\"position\":1,\"name\":\"Hem\",\"item\":\"https:\/\/www.gdirekt.se\/da\/\"},{\"@type\":\"ListItem\",\"position\":2,\"name\":\"Start\",\"item\":\"https:\/\/www.gdirekt.se\/da\/\"},{\"@type\":\"ListItem\",\"position\":3,\"name\":\"Messedisplay Fabric System\"}]},{\"@type\":\"WebSite\",\"@id\":\"https:\/\/www.gdirekt.se\/#website\",\"url\":\"https:\/\/www.gdirekt.se\/\",\"name\":\"Gdirekt.se\",\"description\":\"Tryck snabbt \u00e5 l\u00e4tt = Gdirekt\",\"potentialAction\":[{\"@type\":\"SearchAction\",\"target\":{\"@type\":\"EntryPoint\",\"urlTemplate\":\"https:\/\/www.gdirekt.se\/?s={search_term_string}\"},\"query-input\":{\"@type\":\"PropertyValueSpecification\",\"valueRequired\":true,\"valueName\":\"search_term_string\"}}],\"inLanguage\":\"da-DK\"}]}<\/script>\n<!-- \/ Yoast SEO plugin. -->","yoast_head_json":{"title":"Messedisplay Fabric System, trykt stofv\u00e6g displaystand | Gdirekt.se","description":"Messedisplay Fabric System er en stander til messev\u00e6gge beregnet til trykte stofbannere med eget design og foto. Stoftrykket kan bruges som scenet\u00e6ppe eller displayv\u00e6g. Messesystemet er det bedste og flotteste p\u00e5 markedet. Vi har hurtig levering til virksomheder.","robots":{"index":"index","follow":"follow","max-snippet":"max-snippet:-1","max-image-preview":"max-image-preview:large","max-video-preview":"max-video-preview:-1"},"canonical":"https:\/\/www.gdirekt.se\/da\/produkt\/messedisplay-fabric-system\/","og_locale":"da_DK","og_type":"article","og_title":"Messedisplay Fabric System, trykt stofv\u00e6g displaystand | Gdirekt.se","og_description":"Messedisplay Fabric System er en stander til messev\u00e6gge beregnet til trykte stofbannere med eget design og foto. Stoftrykket kan bruges som scenet\u00e6ppe eller displayv\u00e6g. Messesystemet er det bedste og flotteste p\u00e5 markedet. Vi har hurtig levering til virksomheder.","og_url":"https:\/\/www.gdirekt.se\/da\/produkt\/messedisplay-fabric-system\/","og_site_name":"Gdirekt.se","article_modified_time":"2019-01-16T14:10:40+00:00","og_image":[{"width":1000,"height":1000,"url":"https:\/\/www.gdirekt.se\/wp-content\/uploads\/fabric_system.png","type":"image\/png"}],"twitter_card":"summary_large_image","twitter_misc":{"Estimeret l\u00e6setid":"2 minutter"},"schema":{"@context":"https:\/\/schema.org","@graph":[{"@type":"WebPage","@id":"https:\/\/www.gdirekt.se\/da\/produkt\/messedisplay-fabric-system\/","url":"https:\/\/www.gdirekt.se\/da\/produkt\/messedisplay-fabric-system\/","name":"Messedisplay Fabric System, trykt stofv\u00e6g displaystand | Gdirekt.se","isPartOf":{"@id":"https:\/\/www.gdirekt.se\/#website"},"primaryImageOfPage":{"@id":"https:\/\/www.gdirekt.se\/da\/produkt\/messedisplay-fabric-system\/#primaryimage"},"image":{"@id":"https:\/\/www.gdirekt.se\/da\/produkt\/messedisplay-fabric-system\/#primaryimage"},"thumbnailUrl":"https:\/\/www.gdirekt.se\/wp-content\/uploads\/fabric_system.png","datePublished":"2017-01-17T13:21:00+00:00","dateModified":"2019-01-16T14:10:40+00:00","description":"Messedisplay Fabric System er en stander til messev\u00e6gge beregnet til trykte stofbannere med eget design og foto. Stoftrykket kan bruges som scenet\u00e6ppe eller displayv\u00e6g. Messesystemet er det bedste og flotteste p\u00e5 markedet. Vi har hurtig levering til virksomheder.","breadcrumb":{"@id":"https:\/\/www.gdirekt.se\/da\/produkt\/messedisplay-fabric-system\/#breadcrumb"},"inLanguage":"da-DK","potentialAction":[{"@type":"ReadAction","target":["https:\/\/www.gdirekt.se\/da\/produkt\/messedisplay-fabric-system\/"]}]},{"@type":"ImageObject","inLanguage":"da-DK","@id":"https:\/\/www.gdirekt.se\/da\/produkt\/messedisplay-fabric-system\/#primaryimage","url":"https:\/\/www.gdirekt.se\/wp-content\/uploads\/fabric_system.png","contentUrl":"https:\/\/www.gdirekt.se\/wp-content\/uploads\/fabric_system.png","width":1000,"height":1000,"caption":"Messedisplay i stofbanner fra Expolinc"},{"@type":"BreadcrumbList","@id":"https:\/\/www.gdirekt.se\/da\/produkt\/messedisplay-fabric-system\/#breadcrumb","itemListElement":[{"@type":"ListItem","position":1,"name":"Hem","item":"https:\/\/www.gdirekt.se\/da\/"},{"@type":"ListItem","position":2,"name":"Start","item":"https:\/\/www.gdirekt.se\/da\/"},{"@type":"ListItem","position":3,"name":"Messedisplay Fabric System"}]},{"@type":"WebSite","@id":"https:\/\/www.gdirekt.se\/#website","url":"https:\/\/www.gdirekt.se\/","name":"Gdirekt.se","description":"Tryck snabbt \u00e5 l\u00e4tt = Gdirekt","potentialAction":[{"@type":"SearchAction","target":{"@type":"EntryPoint","urlTemplate":"https:\/\/www.gdirekt.se\/?s={search_term_string}"},"query-input":{"@type":"PropertyValueSpecification","valueRequired":true,"valueName":"search_term_string"}}],"inLanguage":"da-DK"}]}},"_links":{"self":[{"href":"https:\/\/www.gdirekt.se\/da\/wp-json\/wp\/v2\/product\/9627","targetHints":{"allow":["GET"]}}],"collection":[{"href":"https:\/\/www.gdirekt.se\/da\/wp-json\/wp\/v2\/product"}],"about":[{"href":"https:\/\/www.gdirekt.se\/da\/wp-json\/wp\/v2\/types\/product"}],"wp:featuredmedia":[{"embeddable":true,"href":"https:\/\/www.gdirekt.se\/da\/wp-json\/wp\/v2\/media\/8445"}],"wp:attachment":[{"href":"https:\/\/www.gdirekt.se\/da\/wp-json\/wp\/v2\/media?parent=9627"}],"wp:term":[{"taxonomy":"product_brand","embeddable":true,"href":"https:\/\/www.gdirekt.se\/da\/wp-json\/wp\/v2\/product_brand?post=9627"},{"taxonomy":"product_cat","embeddable":true,"href":"https:\/\/www.gdirekt.se\/da\/wp-json\/wp\/v2\/product_cat?post=9627"},{"taxonomy":"product_tag","embeddable":true,"href":"https:\/\/www.gdirekt.se\/da\/wp-json\/wp\/v2\/product_tag?post=9627"}],"curies":[{"name":"wp","href":"https:\/\/api.w.org\/{rel}","templated":true}]}}