{"id":9616,"date":"2017-02-13T08:27:16","date_gmt":"2017-02-13T07:27:16","guid":{"rendered":"http:\/\/gdirekt.hamstage.hamrenmedia.se\/produkt\/lysboks-led-kun-billede\/"},"modified":"2019-01-16T15:38:09","modified_gmt":"2019-01-16T14:38:09","slug":"lysboks-led-kun-billede","status":"publish","type":"product","link":"https:\/\/www.gdirekt.se\/da\/produkt\/lysboks-led-kun-billede\/","title":{"rendered":"Lysboks LED \u2013 kun billede"},"content":{"rendered":"<p>Lysboks | LED-skilt er et komplet produkt med billede, der er trykt p\u00e5 en stoftype, som sikrer, at lyset fordeles optimalt. Lysboksene leveres komplette med LED-belysning og stik. Disse lysbokse bruges til indretning i butikker og p\u00e5 offentlige steder. De bruges som lysende informationstavler eller lystavler med oplysninger eller reklame. Uanset hvordan de bruges, er resultatet foto og tekst i meget h\u00f8j opl\u00f8sning. LED-skilte er meget synlige reklameskilte, som viser motivet konstant i mods\u00e6tning til sk\u00e6rme. Der kr\u00e6ves ikke elektriker til installationen, og de har et lavt str\u00f8mforbrug.<\/p>\n<p>Vi laver selv lysboksene og har dem p\u00e5 lager. Det betyder, at n\u00e5r I bestiller, s\u00e5 fremstiller vi dem med det samme!\u00a0Disse lysskilte eller lysbokse kan indbygges i en v\u00e6g, og vi kan levere i alle st\u00f8rrelser. Kontakt os for at f\u00e5 tilbud og prisoplysninger.<\/p>\n","protected":false},"excerpt":{"rendered":"<p>Lysboks LED \u2013 kun billede er et billede beregnet til lysbokse, der er designet til butiksindretning. Bestil nye billeder til lysbokse i backlight-stof. Bannerstoffet har en gummiliste, og det er let at skifte billede. Kontakt os, hvis I har brug for andre st\u00f8rrelser.<\/p>\n","protected":false},"featured_media":8521,"template":"","meta":{"_acf_changed":false},"product_brand":[],"product_cat":[936],"product_tag":[],"class_list":{"0":"post-9616","1":"product","2":"type-product","3":"status-publish","4":"has-post-thumbnail","6":"product_cat-okategoriserad-da","8":"first","9":"instock","10":"taxable","11":"shipping-taxable","12":"purchasable","13":"product-type-variable","14":"has-default-attributes"},"exclude_global_add_ons":[],"addons":[],"acf":[],"yoast_head":"<!-- This site is optimized with the Yoast SEO plugin v27.2 - https:\/\/yoast.com\/product\/yoast-seo-wordpress\/ -->\n<title>Lysboks LED \u2013 kun billede til lightbox. Bestil store lysboksbillede i stof | Gdirekt.se<\/title>\n<meta name=\"description\" content=\"Lysboks LED \u2013 kun billede til lysboks. Bestil store lysboksbilleder i backlight-stof. Bannerstoffet har en gummiliste, og det er let at skifte billede.\" \/>\n<meta name=\"robots\" content=\"index, follow, max-snippet:-1, max-image-preview:large, max-video-preview:-1\" \/>\n<link rel=\"canonical\" href=\"https:\/\/www.gdirekt.se\/da\/produkt\/lysboks-led-kun-billede\/\" \/>\n<meta property=\"og:locale\" content=\"da_DK\" \/>\n<meta property=\"og:type\" content=\"article\" \/>\n<meta property=\"og:title\" content=\"Lysboks LED \u2013 kun billede til lightbox. Bestil store lysboksbillede i stof | Gdirekt.se\" \/>\n<meta property=\"og:description\" content=\"Lysboks LED \u2013 kun billede til lysboks. Bestil store lysboksbilleder i backlight-stof. Bannerstoffet har en gummiliste, og det er let at skifte billede.\" \/>\n<meta property=\"og:url\" content=\"https:\/\/www.gdirekt.se\/da\/produkt\/lysboks-led-kun-billede\/\" \/>\n<meta property=\"og:site_name\" content=\"Gdirekt.se\" \/>\n<meta property=\"article:modified_time\" content=\"2019-01-16T14:38:09+00:00\" \/>\n<meta property=\"og:image\" content=\"https:\/\/www.gdirekt.se\/wp-content\/uploads\/backlighttyg.png\" \/>\n\t<meta property=\"og:image:width\" content=\"1000\" \/>\n\t<meta property=\"og:image:height\" content=\"1000\" \/>\n\t<meta property=\"og:image:type\" content=\"image\/png\" \/>\n<meta name=\"twitter:card\" content=\"summary_large_image\" \/>\n<meta name=\"twitter:label1\" content=\"Estimeret l\u00e6setid\" \/>\n\t<meta name=\"twitter:data1\" content=\"1 minut\" \/>\n<script type=\"application\/ld+json\" class=\"yoast-schema-graph\">{\"@context\":\"https:\/\/schema.org\",\"@graph\":[{\"@type\":\"WebPage\",\"@id\":\"https:\/\/www.gdirekt.se\/da\/produkt\/lysboks-led-kun-billede\/\",\"url\":\"https:\/\/www.gdirekt.se\/da\/produkt\/lysboks-led-kun-billede\/\",\"name\":\"Lysboks LED \u2013 kun billede til lightbox. Bestil store lysboksbillede i stof | Gdirekt.se\",\"isPartOf\":{\"@id\":\"https:\/\/www.gdirekt.se\/#website\"},\"primaryImageOfPage\":{\"@id\":\"https:\/\/www.gdirekt.se\/da\/produkt\/lysboks-led-kun-billede\/#primaryimage\"},\"image\":{\"@id\":\"https:\/\/www.gdirekt.se\/da\/produkt\/lysboks-led-kun-billede\/#primaryimage\"},\"thumbnailUrl\":\"https:\/\/www.gdirekt.se\/wp-content\/uploads\/backlighttyg.png\",\"datePublished\":\"2017-02-13T07:27:16+00:00\",\"dateModified\":\"2019-01-16T14:38:09+00:00\",\"description\":\"Lysboks LED \u2013 kun billede til lysboks. Bestil store lysboksbilleder i backlight-stof. Bannerstoffet har en gummiliste, og det er let at skifte billede.\",\"breadcrumb\":{\"@id\":\"https:\/\/www.gdirekt.se\/da\/produkt\/lysboks-led-kun-billede\/#breadcrumb\"},\"inLanguage\":\"da-DK\",\"potentialAction\":[{\"@type\":\"ReadAction\",\"target\":[\"https:\/\/www.gdirekt.se\/da\/produkt\/lysboks-led-kun-billede\/\"]}]},{\"@type\":\"ImageObject\",\"inLanguage\":\"da-DK\",\"@id\":\"https:\/\/www.gdirekt.se\/da\/produkt\/lysboks-led-kun-billede\/#primaryimage\",\"url\":\"https:\/\/www.gdirekt.se\/wp-content\/uploads\/backlighttyg.png\",\"contentUrl\":\"https:\/\/www.gdirekt.se\/wp-content\/uploads\/backlighttyg.png\",\"width\":1000,\"height\":1000,\"caption\":\"Lysboksbillede i stof\"},{\"@type\":\"BreadcrumbList\",\"@id\":\"https:\/\/www.gdirekt.se\/da\/produkt\/lysboks-led-kun-billede\/#breadcrumb\",\"itemListElement\":[{\"@type\":\"ListItem\",\"position\":1,\"name\":\"Hem\",\"item\":\"https:\/\/www.gdirekt.se\/da\/\"},{\"@type\":\"ListItem\",\"position\":2,\"name\":\"Start\",\"item\":\"https:\/\/www.gdirekt.se\/da\/\"},{\"@type\":\"ListItem\",\"position\":3,\"name\":\"Lysboks LED \u2013 kun billede\"}]},{\"@type\":\"WebSite\",\"@id\":\"https:\/\/www.gdirekt.se\/#website\",\"url\":\"https:\/\/www.gdirekt.se\/\",\"name\":\"Gdirekt.se\",\"description\":\"Tryck snabbt \u00e5 l\u00e4tt = Gdirekt\",\"potentialAction\":[{\"@type\":\"SearchAction\",\"target\":{\"@type\":\"EntryPoint\",\"urlTemplate\":\"https:\/\/www.gdirekt.se\/?s={search_term_string}\"},\"query-input\":{\"@type\":\"PropertyValueSpecification\",\"valueRequired\":true,\"valueName\":\"search_term_string\"}}],\"inLanguage\":\"da-DK\"}]}<\/script>\n<!-- \/ Yoast SEO plugin. -->","yoast_head_json":{"title":"Lysboks LED \u2013 kun billede til lightbox. Bestil store lysboksbillede i stof | Gdirekt.se","description":"Lysboks LED \u2013 kun billede til lysboks. Bestil store lysboksbilleder i backlight-stof. Bannerstoffet har en gummiliste, og det er let at skifte billede.","robots":{"index":"index","follow":"follow","max-snippet":"max-snippet:-1","max-image-preview":"max-image-preview:large","max-video-preview":"max-video-preview:-1"},"canonical":"https:\/\/www.gdirekt.se\/da\/produkt\/lysboks-led-kun-billede\/","og_locale":"da_DK","og_type":"article","og_title":"Lysboks LED \u2013 kun billede til lightbox. Bestil store lysboksbillede i stof | Gdirekt.se","og_description":"Lysboks LED \u2013 kun billede til lysboks. Bestil store lysboksbilleder i backlight-stof. Bannerstoffet har en gummiliste, og det er let at skifte billede.","og_url":"https:\/\/www.gdirekt.se\/da\/produkt\/lysboks-led-kun-billede\/","og_site_name":"Gdirekt.se","article_modified_time":"2019-01-16T14:38:09+00:00","og_image":[{"width":1000,"height":1000,"url":"https:\/\/www.gdirekt.se\/wp-content\/uploads\/backlighttyg.png","type":"image\/png"}],"twitter_card":"summary_large_image","twitter_misc":{"Estimeret l\u00e6setid":"1 minut"},"schema":{"@context":"https:\/\/schema.org","@graph":[{"@type":"WebPage","@id":"https:\/\/www.gdirekt.se\/da\/produkt\/lysboks-led-kun-billede\/","url":"https:\/\/www.gdirekt.se\/da\/produkt\/lysboks-led-kun-billede\/","name":"Lysboks LED \u2013 kun billede til lightbox. Bestil store lysboksbillede i stof | Gdirekt.se","isPartOf":{"@id":"https:\/\/www.gdirekt.se\/#website"},"primaryImageOfPage":{"@id":"https:\/\/www.gdirekt.se\/da\/produkt\/lysboks-led-kun-billede\/#primaryimage"},"image":{"@id":"https:\/\/www.gdirekt.se\/da\/produkt\/lysboks-led-kun-billede\/#primaryimage"},"thumbnailUrl":"https:\/\/www.gdirekt.se\/wp-content\/uploads\/backlighttyg.png","datePublished":"2017-02-13T07:27:16+00:00","dateModified":"2019-01-16T14:38:09+00:00","description":"Lysboks LED \u2013 kun billede til lysboks. Bestil store lysboksbilleder i backlight-stof. Bannerstoffet har en gummiliste, og det er let at skifte billede.","breadcrumb":{"@id":"https:\/\/www.gdirekt.se\/da\/produkt\/lysboks-led-kun-billede\/#breadcrumb"},"inLanguage":"da-DK","potentialAction":[{"@type":"ReadAction","target":["https:\/\/www.gdirekt.se\/da\/produkt\/lysboks-led-kun-billede\/"]}]},{"@type":"ImageObject","inLanguage":"da-DK","@id":"https:\/\/www.gdirekt.se\/da\/produkt\/lysboks-led-kun-billede\/#primaryimage","url":"https:\/\/www.gdirekt.se\/wp-content\/uploads\/backlighttyg.png","contentUrl":"https:\/\/www.gdirekt.se\/wp-content\/uploads\/backlighttyg.png","width":1000,"height":1000,"caption":"Lysboksbillede i stof"},{"@type":"BreadcrumbList","@id":"https:\/\/www.gdirekt.se\/da\/produkt\/lysboks-led-kun-billede\/#breadcrumb","itemListElement":[{"@type":"ListItem","position":1,"name":"Hem","item":"https:\/\/www.gdirekt.se\/da\/"},{"@type":"ListItem","position":2,"name":"Start","item":"https:\/\/www.gdirekt.se\/da\/"},{"@type":"ListItem","position":3,"name":"Lysboks LED \u2013 kun billede"}]},{"@type":"WebSite","@id":"https:\/\/www.gdirekt.se\/#website","url":"https:\/\/www.gdirekt.se\/","name":"Gdirekt.se","description":"Tryck snabbt \u00e5 l\u00e4tt = Gdirekt","potentialAction":[{"@type":"SearchAction","target":{"@type":"EntryPoint","urlTemplate":"https:\/\/www.gdirekt.se\/?s={search_term_string}"},"query-input":{"@type":"PropertyValueSpecification","valueRequired":true,"valueName":"search_term_string"}}],"inLanguage":"da-DK"}]}},"_links":{"self":[{"href":"https:\/\/www.gdirekt.se\/da\/wp-json\/wp\/v2\/product\/9616","targetHints":{"allow":["GET"]}}],"collection":[{"href":"https:\/\/www.gdirekt.se\/da\/wp-json\/wp\/v2\/product"}],"about":[{"href":"https:\/\/www.gdirekt.se\/da\/wp-json\/wp\/v2\/types\/product"}],"wp:featuredmedia":[{"embeddable":true,"href":"https:\/\/www.gdirekt.se\/da\/wp-json\/wp\/v2\/media\/8521"}],"wp:attachment":[{"href":"https:\/\/www.gdirekt.se\/da\/wp-json\/wp\/v2\/media?parent=9616"}],"wp:term":[{"taxonomy":"product_brand","embeddable":true,"href":"https:\/\/www.gdirekt.se\/da\/wp-json\/wp\/v2\/product_brand?post=9616"},{"taxonomy":"product_cat","embeddable":true,"href":"https:\/\/www.gdirekt.se\/da\/wp-json\/wp\/v2\/product_cat?post=9616"},{"taxonomy":"product_tag","embeddable":true,"href":"https:\/\/www.gdirekt.se\/da\/wp-json\/wp\/v2\/product_tag?post=9616"}],"curies":[{"name":"wp","href":"https:\/\/api.w.org\/{rel}","templated":true}]}}