{"id":9598,"date":"2017-02-10T11:07:55","date_gmt":"2017-02-10T10:07:55","guid":{"rendered":"http:\/\/gdirekt.hamstage.hamrenmedia.se\/produkt\/isoframe-ripple-bojelig-messevaeg\/"},"modified":"2019-01-16T15:08:38","modified_gmt":"2019-01-16T14:08:38","slug":"isoframe-ripple-bojelig-messevaeg","status":"publish","type":"product","link":"https:\/\/www.gdirekt.se\/da\/produkt\/isoframe-ripple-bojelig-messevaeg\/","title":{"rendered":"Isoframe Ripple \u2013 b\u00f8jelig messev\u00e6g"},"content":{"rendered":"<p><span lang=\"DA\">Isoframe Ripple \u2013 b\u00f8jelig messev\u00e6g er et smart messesystem, der kan bruges i stedet for roll-up. De trykte paneler med m\u00e5let 80 x 210\u00a0cm fastg\u00f8res foroven og forneden. Billedpanelet holdes udstrakt og sp\u00e6ndt med fjederteknik, der betyder, at det trykte billede h\u00e6nger lige og flot. Det er ogs\u00e5 muligt at sammenkoble flere paneler til en stor displayv\u00e6g, som ogs\u00e5 kan b\u00f8jes og formes efter behov. Bestil dette displaysystem, der er meget let at bruge, hos Gdirekt. Vi har mange forskellige<span class=\"apple-converted-space\">\u00a0<\/span><\/span><span lang=\"DA\"><a href=\"https:\/\/www.gdirekt.se\/produkt-kategori\/mass-montersystem\/\"><b><i>displaysystemer<\/i><\/b><\/a><\/span><span lang=\"DA\">! De trykte billedpaneler har en mat laminering, der reducerer genskin. Og det bedste af det hele er, at de trykte billeder er inkluderet i den allerede gode pris.<\/span><\/p>\n<p><span lang=\"DA\">Der er mange forskellige displaysystemer og messev\u00e6ge at v\u00e6lge imellem p\u00e5 markedet. Det man f\u00f8rst og fremmest skal t\u00e6nke p\u00e5 er, hvor stort det skal v\u00e6re, og om standeren kan genbruges. Hvis man for eksempel k\u00f8ber et displaysystem med tryk til en messe, kan man m\u00e5ske stille standeren op p\u00e5 kontoret bagefter. Det vil se flot ud i en reception eller i et indgangsparti, hvor der passerer mange mennesker. Fordelen ved at v\u00e6lge Isoframe Ripple \u2013 b\u00f8jelig messev\u00e6g er, at man efterf\u00f8lgende kan bestille billedpaneler med trykte billeder.<\/span><\/p>\n<p><span lang=\"DA\">F\u00e5 inspiration og ideer ved at f\u00f8lge os p\u00e5<span class=\"apple-converted-space\">\u00a0<\/span><\/span><span lang=\"DA\"><a href=\"https:\/\/www.instagram.com\/gigantprint\/\"><b><i>Instagram<\/i><\/b><\/a><\/span><span lang=\"DA\">. Vi hj\u00e6lper desuden gerne med at finde en god l\u00f8sning til en produktlancering eller -demonstration. Ring til os p\u00e5 telefonnummer+46 (0)11-251515.<\/span><\/p>\n","protected":false},"excerpt":{"rendered":"<p>Isoframe Ripple \u2013 b\u00f8jelig messev\u00e6g er et smart display. De trykte paneler m\u00e5ler 80 x 210\u00a0cm\u00a0og holdes udstrakte med fjederteknik. Man\u00a0sammenkobler flere paneler til en displayv\u00e6g, der kan b\u00f8jes og formes. Billedpanelerne er udstyret med mat beskyttelseslaminat, der fjerner genskin, s\u00e5 man kan l\u00e6se teksten.<\/p>\n","protected":false},"featured_media":8512,"template":"","meta":{"_acf_changed":false},"product_brand":[],"product_cat":[375],"product_tag":[],"class_list":{"0":"post-9598","1":"product","2":"type-product","3":"status-publish","4":"has-post-thumbnail","6":"product_cat-messevaegge-og-displaysystemer","7":"product_shipping_class-690kr","9":"first","10":"instock","11":"taxable","12":"shipping-taxable","13":"purchasable","14":"product-type-variable","15":"has-default-attributes"},"exclude_global_add_ons":[],"addons":[],"acf":[],"yoast_head":"<!-- This site is optimized with the Yoast SEO plugin v27.2 - https:\/\/yoast.com\/product\/yoast-seo-wordpress\/ -->\n<title>Isoframe Ripple \u2013 b\u00f8jelig messev\u00e6g, et fleksibelt messe system | Gdirekt.se<\/title>\n<meta name=\"description\" content=\"Isoframe Ripple \u2013 b\u00f8jelig messev\u00e6g er et fleksibelt og billigt displaysystem. Det har trykte paneler, der kan sammenkobles til en stor displayv\u00e6g. De trykte billeder er inkluderet i den lave pris, n\u00e5r man handler hos Gdirekt. Hurtig levering og god service er en selvf\u00f8lge!\" \/>\n<meta name=\"robots\" content=\"index, follow, max-snippet:-1, max-image-preview:large, max-video-preview:-1\" \/>\n<link rel=\"canonical\" href=\"https:\/\/www.gdirekt.se\/da\/produkt\/isoframe-ripple-bojelig-messevaeg\/\" \/>\n<meta property=\"og:locale\" content=\"da_DK\" \/>\n<meta property=\"og:type\" content=\"article\" \/>\n<meta property=\"og:title\" content=\"Isoframe Ripple \u2013 b\u00f8jelig messev\u00e6g, et fleksibelt messe system | Gdirekt.se\" \/>\n<meta property=\"og:description\" content=\"Isoframe Ripple \u2013 b\u00f8jelig messev\u00e6g er et fleksibelt og billigt displaysystem. Det har trykte paneler, der kan sammenkobles til en stor displayv\u00e6g. De trykte billeder er inkluderet i den lave pris, n\u00e5r man handler hos Gdirekt. Hurtig levering og god service er en selvf\u00f8lge!\" \/>\n<meta property=\"og:url\" content=\"https:\/\/www.gdirekt.se\/da\/produkt\/isoframe-ripple-bojelig-messevaeg\/\" \/>\n<meta property=\"og:site_name\" content=\"Gdirekt.se\" \/>\n<meta property=\"article:modified_time\" content=\"2019-01-16T14:08:38+00:00\" \/>\n<meta property=\"og:image\" content=\"https:\/\/www.gdirekt.se\/wp-content\/uploads\/isoframe_ripple_bord.png\" \/>\n\t<meta property=\"og:image:width\" content=\"1000\" \/>\n\t<meta property=\"og:image:height\" content=\"1000\" \/>\n\t<meta property=\"og:image:type\" content=\"image\/png\" \/>\n<meta name=\"twitter:card\" content=\"summary_large_image\" \/>\n<meta name=\"twitter:label1\" content=\"Estimeret l\u00e6setid\" \/>\n\t<meta name=\"twitter:data1\" content=\"1 minut\" \/>\n<script type=\"application\/ld+json\" class=\"yoast-schema-graph\">{\"@context\":\"https:\/\/schema.org\",\"@graph\":[{\"@type\":\"WebPage\",\"@id\":\"https:\/\/www.gdirekt.se\/da\/produkt\/isoframe-ripple-bojelig-messevaeg\/\",\"url\":\"https:\/\/www.gdirekt.se\/da\/produkt\/isoframe-ripple-bojelig-messevaeg\/\",\"name\":\"Isoframe Ripple \u2013 b\u00f8jelig messev\u00e6g, et fleksibelt messe system | Gdirekt.se\",\"isPartOf\":{\"@id\":\"https:\/\/www.gdirekt.se\/#website\"},\"primaryImageOfPage\":{\"@id\":\"https:\/\/www.gdirekt.se\/da\/produkt\/isoframe-ripple-bojelig-messevaeg\/#primaryimage\"},\"image\":{\"@id\":\"https:\/\/www.gdirekt.se\/da\/produkt\/isoframe-ripple-bojelig-messevaeg\/#primaryimage\"},\"thumbnailUrl\":\"https:\/\/www.gdirekt.se\/wp-content\/uploads\/isoframe_ripple_bord.png\",\"datePublished\":\"2017-02-10T10:07:55+00:00\",\"dateModified\":\"2019-01-16T14:08:38+00:00\",\"description\":\"Isoframe Ripple \u2013 b\u00f8jelig messev\u00e6g er et fleksibelt og billigt displaysystem. Det har trykte paneler, der kan sammenkobles til en stor displayv\u00e6g. De trykte billeder er inkluderet i den lave pris, n\u00e5r man handler hos Gdirekt. Hurtig levering og god service er en selvf\u00f8lge!\",\"breadcrumb\":{\"@id\":\"https:\/\/www.gdirekt.se\/da\/produkt\/isoframe-ripple-bojelig-messevaeg\/#breadcrumb\"},\"inLanguage\":\"da-DK\",\"potentialAction\":[{\"@type\":\"ReadAction\",\"target\":[\"https:\/\/www.gdirekt.se\/da\/produkt\/isoframe-ripple-bojelig-messevaeg\/\"]}]},{\"@type\":\"ImageObject\",\"inLanguage\":\"da-DK\",\"@id\":\"https:\/\/www.gdirekt.se\/da\/produkt\/isoframe-ripple-bojelig-messevaeg\/#primaryimage\",\"url\":\"https:\/\/www.gdirekt.se\/wp-content\/uploads\/isoframe_ripple_bord.png\",\"contentUrl\":\"https:\/\/www.gdirekt.se\/wp-content\/uploads\/isoframe_ripple_bord.png\",\"width\":1000,\"height\":1000,\"caption\":\"Messev\u00e6g som er b\u00f6jbar fleksibel\"},{\"@type\":\"BreadcrumbList\",\"@id\":\"https:\/\/www.gdirekt.se\/da\/produkt\/isoframe-ripple-bojelig-messevaeg\/#breadcrumb\",\"itemListElement\":[{\"@type\":\"ListItem\",\"position\":1,\"name\":\"Hem\",\"item\":\"https:\/\/www.gdirekt.se\/da\/\"},{\"@type\":\"ListItem\",\"position\":2,\"name\":\"Start\",\"item\":\"https:\/\/www.gdirekt.se\/da\/\"},{\"@type\":\"ListItem\",\"position\":3,\"name\":\"Isoframe Ripple \u2013 b\u00f8jelig messev\u00e6g\"}]},{\"@type\":\"WebSite\",\"@id\":\"https:\/\/www.gdirekt.se\/#website\",\"url\":\"https:\/\/www.gdirekt.se\/\",\"name\":\"Gdirekt.se\",\"description\":\"Tryck snabbt \u00e5 l\u00e4tt = Gdirekt\",\"potentialAction\":[{\"@type\":\"SearchAction\",\"target\":{\"@type\":\"EntryPoint\",\"urlTemplate\":\"https:\/\/www.gdirekt.se\/?s={search_term_string}\"},\"query-input\":{\"@type\":\"PropertyValueSpecification\",\"valueRequired\":true,\"valueName\":\"search_term_string\"}}],\"inLanguage\":\"da-DK\"}]}<\/script>\n<!-- \/ Yoast SEO plugin. -->","yoast_head_json":{"title":"Isoframe Ripple \u2013 b\u00f8jelig messev\u00e6g, et fleksibelt messe system | Gdirekt.se","description":"Isoframe Ripple \u2013 b\u00f8jelig messev\u00e6g er et fleksibelt og billigt displaysystem. Det har trykte paneler, der kan sammenkobles til en stor displayv\u00e6g. De trykte billeder er inkluderet i den lave pris, n\u00e5r man handler hos Gdirekt. Hurtig levering og god service er en selvf\u00f8lge!","robots":{"index":"index","follow":"follow","max-snippet":"max-snippet:-1","max-image-preview":"max-image-preview:large","max-video-preview":"max-video-preview:-1"},"canonical":"https:\/\/www.gdirekt.se\/da\/produkt\/isoframe-ripple-bojelig-messevaeg\/","og_locale":"da_DK","og_type":"article","og_title":"Isoframe Ripple \u2013 b\u00f8jelig messev\u00e6g, et fleksibelt messe system | Gdirekt.se","og_description":"Isoframe Ripple \u2013 b\u00f8jelig messev\u00e6g er et fleksibelt og billigt displaysystem. Det har trykte paneler, der kan sammenkobles til en stor displayv\u00e6g. De trykte billeder er inkluderet i den lave pris, n\u00e5r man handler hos Gdirekt. Hurtig levering og god service er en selvf\u00f8lge!","og_url":"https:\/\/www.gdirekt.se\/da\/produkt\/isoframe-ripple-bojelig-messevaeg\/","og_site_name":"Gdirekt.se","article_modified_time":"2019-01-16T14:08:38+00:00","og_image":[{"width":1000,"height":1000,"url":"https:\/\/www.gdirekt.se\/wp-content\/uploads\/isoframe_ripple_bord.png","type":"image\/png"}],"twitter_card":"summary_large_image","twitter_misc":{"Estimeret l\u00e6setid":"1 minut"},"schema":{"@context":"https:\/\/schema.org","@graph":[{"@type":"WebPage","@id":"https:\/\/www.gdirekt.se\/da\/produkt\/isoframe-ripple-bojelig-messevaeg\/","url":"https:\/\/www.gdirekt.se\/da\/produkt\/isoframe-ripple-bojelig-messevaeg\/","name":"Isoframe Ripple \u2013 b\u00f8jelig messev\u00e6g, et fleksibelt messe system | Gdirekt.se","isPartOf":{"@id":"https:\/\/www.gdirekt.se\/#website"},"primaryImageOfPage":{"@id":"https:\/\/www.gdirekt.se\/da\/produkt\/isoframe-ripple-bojelig-messevaeg\/#primaryimage"},"image":{"@id":"https:\/\/www.gdirekt.se\/da\/produkt\/isoframe-ripple-bojelig-messevaeg\/#primaryimage"},"thumbnailUrl":"https:\/\/www.gdirekt.se\/wp-content\/uploads\/isoframe_ripple_bord.png","datePublished":"2017-02-10T10:07:55+00:00","dateModified":"2019-01-16T14:08:38+00:00","description":"Isoframe Ripple \u2013 b\u00f8jelig messev\u00e6g er et fleksibelt og billigt displaysystem. Det har trykte paneler, der kan sammenkobles til en stor displayv\u00e6g. De trykte billeder er inkluderet i den lave pris, n\u00e5r man handler hos Gdirekt. Hurtig levering og god service er en selvf\u00f8lge!","breadcrumb":{"@id":"https:\/\/www.gdirekt.se\/da\/produkt\/isoframe-ripple-bojelig-messevaeg\/#breadcrumb"},"inLanguage":"da-DK","potentialAction":[{"@type":"ReadAction","target":["https:\/\/www.gdirekt.se\/da\/produkt\/isoframe-ripple-bojelig-messevaeg\/"]}]},{"@type":"ImageObject","inLanguage":"da-DK","@id":"https:\/\/www.gdirekt.se\/da\/produkt\/isoframe-ripple-bojelig-messevaeg\/#primaryimage","url":"https:\/\/www.gdirekt.se\/wp-content\/uploads\/isoframe_ripple_bord.png","contentUrl":"https:\/\/www.gdirekt.se\/wp-content\/uploads\/isoframe_ripple_bord.png","width":1000,"height":1000,"caption":"Messev\u00e6g som er b\u00f6jbar fleksibel"},{"@type":"BreadcrumbList","@id":"https:\/\/www.gdirekt.se\/da\/produkt\/isoframe-ripple-bojelig-messevaeg\/#breadcrumb","itemListElement":[{"@type":"ListItem","position":1,"name":"Hem","item":"https:\/\/www.gdirekt.se\/da\/"},{"@type":"ListItem","position":2,"name":"Start","item":"https:\/\/www.gdirekt.se\/da\/"},{"@type":"ListItem","position":3,"name":"Isoframe Ripple \u2013 b\u00f8jelig messev\u00e6g"}]},{"@type":"WebSite","@id":"https:\/\/www.gdirekt.se\/#website","url":"https:\/\/www.gdirekt.se\/","name":"Gdirekt.se","description":"Tryck snabbt \u00e5 l\u00e4tt = Gdirekt","potentialAction":[{"@type":"SearchAction","target":{"@type":"EntryPoint","urlTemplate":"https:\/\/www.gdirekt.se\/?s={search_term_string}"},"query-input":{"@type":"PropertyValueSpecification","valueRequired":true,"valueName":"search_term_string"}}],"inLanguage":"da-DK"}]}},"_links":{"self":[{"href":"https:\/\/www.gdirekt.se\/da\/wp-json\/wp\/v2\/product\/9598","targetHints":{"allow":["GET"]}}],"collection":[{"href":"https:\/\/www.gdirekt.se\/da\/wp-json\/wp\/v2\/product"}],"about":[{"href":"https:\/\/www.gdirekt.se\/da\/wp-json\/wp\/v2\/types\/product"}],"wp:featuredmedia":[{"embeddable":true,"href":"https:\/\/www.gdirekt.se\/da\/wp-json\/wp\/v2\/media\/8512"}],"wp:attachment":[{"href":"https:\/\/www.gdirekt.se\/da\/wp-json\/wp\/v2\/media?parent=9598"}],"wp:term":[{"taxonomy":"product_brand","embeddable":true,"href":"https:\/\/www.gdirekt.se\/da\/wp-json\/wp\/v2\/product_brand?post=9598"},{"taxonomy":"product_cat","embeddable":true,"href":"https:\/\/www.gdirekt.se\/da\/wp-json\/wp\/v2\/product_cat?post=9598"},{"taxonomy":"product_tag","embeddable":true,"href":"https:\/\/www.gdirekt.se\/da\/wp-json\/wp\/v2\/product_tag?post=9598"}],"curies":[{"name":"wp","href":"https:\/\/api.w.org\/{rel}","templated":true}]}}