{"id":9591,"date":"2017-02-17T13:46:23","date_gmt":"2017-02-17T12:46:23","guid":{"rendered":"http:\/\/gdirekt.hamstage.hamrenmedia.se\/produkt\/stofbanner-til-exl-fotovaeg\/"},"modified":"2019-01-16T15:40:43","modified_gmt":"2019-01-16T14:40:43","slug":"stofbanner-til-exl-fotovaeg","status":"publish","type":"product","link":"https:\/\/www.gdirekt.se\/da\/produkt\/stofbanner-til-exl-fotovaeg\/","title":{"rendered":"Stofbanner til EXL Fotov\u00e6g"},"content":{"rendered":"<p><span lang=\"DA\">Stofbanner til EXL Fotov\u00e6g passer til billedsystemet EXL Fotov\u00e6g.\u00a0Banneret er et scenet\u00e6ppe eller en bagv\u00e6g i stof med\u00a0<strong>dobbeltsidet<\/strong>tryk. Det er en stabil billedv\u00e6g, der samles uden v\u00e6rkt\u00f8j. Det bruges til butikscentre, sportskonkurrencer, messer og events.\u00a0 Et stofbanner med tryk i h\u00f8j opl\u00f8sning, der er beregnet til indend\u00f8rs brug, er inkluderet i prisen. Leverancen omfatter taske til r\u00f8rene og en separat taske til f\u00f8dderne, der hver vejer 3,5\u00a0kg.<\/span><\/p>\n<p><span class=\"fet\"><span lang=\"DA\">Det tager kun et par minutter a<\/span><\/span><span lang=\"DA\">t montere Stofbanner til EXL Fotov\u00e6g, s\u00e5 man f\u00e5r en fritst\u00e5ende v\u00e6g med billede og tekst. Billedet rulles rundt om de robuste glasfiberr\u00f8r.K\u00f8b eventuelt en<span class=\"fet\">\u00a0taske, der passer til, med sn\u00f8relukning og hank.\u00a0<\/span>EXL Fotov\u00e6g er en god prisbillig l\u00f8sning til opstilling af fritst\u00e5ende scenet\u00e6ppe eller bagv\u00e6g med tryk p\u00e5 den ene eller begge sider. Vi har flere l\u00f8sninger, hvis der er brug for andre displaysystemer og messev\u00e6ge. Se dem p\u00e5 denne<span class=\"apple-converted-space\">\u00a0<\/span><\/span><span lang=\"DA\"><a href=\"https:\/\/www.gdirekt.se\/produkt-kategori\/mass-montersystem\/\"><strong><i>side.<\/i><\/strong><\/a><\/span><\/p>\n<p><span lang=\"DA\">Bestil let forskellige st\u00f8rrelser.\u00a0Download designskabelonen til dit store scenebanner i stof, der passer til standeren. Man plejer ofte at bruge et m\u00f8nster, hvor virksomhedens logo gentages, p\u00e5 trykte sponsorv\u00e6gge. I andre tilf\u00e6lde kan man trykke flotte billeder og inds\u00e6tte tekst, hvis det er et produkt, man skal fremvise ved en demonstration eller event. Disse trykte billedv\u00e6gge kan ogs\u00e5 bruges til pressem\u00f8der eller for eksempel til pr\u00e6sentation af en ny spiller p\u00e5 et fodboldhold.<\/span><\/p>\n<p><span lang=\"DA\">Se eventuelt andre ting, vi har trykt, p\u00e5<span class=\"apple-converted-space\">\u00a0<\/span><\/span><span lang=\"DA\"><a href=\"https:\/\/www.instagram.com\/gigantprint\/\"><i>vores Instagramprofil<\/i><\/a><\/span><span lang=\"DA\">! Vi har hjulpet virksomheder og foreninger med at fremst\u00e5 godt siden \u00e5r 2000. Og vi garanterer, at I bliver tilfredse med vores messeprodukter og billedv\u00e6gge. Vi s\u00e6lger nemlig kun de bedste varer af h\u00f8jeste kvalitet. De trykte stofbannere fremst\u00e5r knivskarpt med flot farvegengivelse. Det er samme lave pris, uanset om der benyttes en eller flere farver.<\/span><\/p>\n","protected":false},"excerpt":{"rendered":"<p>Stofbanner til EXL Fotov\u00e6g er et separat banner, der f\u00e5s til standeren til scenet\u00e6ppe og bagv\u00e6g med dobbeltsidet tryk. Det er en stabil billedv\u00e6g, der samles uden v\u00e6rkt\u00f8j. Den bruges til butikscentre, sportskonkurrencer, messer og events indend\u00f8rs.<\/p>\n","protected":false},"featured_media":8552,"template":"","meta":{"_acf_changed":false},"product_brand":[],"product_cat":[936],"product_tag":[],"class_list":{"0":"post-9591","1":"product","2":"type-product","3":"status-publish","4":"has-post-thumbnail","6":"product_cat-okategoriserad-da","7":"product_shipping_class-180sek","9":"first","10":"instock","11":"taxable","12":"shipping-taxable","13":"purchasable","14":"product-type-variable","15":"has-default-attributes"},"exclude_global_add_ons":[],"addons":[],"acf":[],"yoast_head":"<!-- This site is optimized with the Yoast SEO plugin v27.2 - https:\/\/yoast.com\/product\/yoast-seo-wordpress\/ -->\n<title>Stofbanner til EXL Fotov\u00e6g, k\u00f8b baggrund i trykt stof | Gdirekt.se<\/title>\n<meta name=\"description\" content=\"Stofbanner til EXL Fotov\u00e6g, der er en stabil billedv\u00e6g til pressem\u00f8der, sportskonkurrencer, butikker, messer og events. Bestil stofbanner, der indg\u00e5r i messesystemet, til indend\u00f8rs brug\" \/>\n<meta name=\"robots\" content=\"index, follow, max-snippet:-1, max-image-preview:large, max-video-preview:-1\" \/>\n<link rel=\"canonical\" href=\"https:\/\/www.gdirekt.se\/da\/produkt\/stofbanner-til-exl-fotovaeg\/\" \/>\n<meta property=\"og:locale\" content=\"da_DK\" \/>\n<meta property=\"og:type\" content=\"article\" \/>\n<meta property=\"og:title\" content=\"Stofbanner til EXL Fotov\u00e6g, k\u00f8b baggrund i trykt stof | Gdirekt.se\" \/>\n<meta property=\"og:description\" content=\"Stofbanner til EXL Fotov\u00e6g, der er en stabil billedv\u00e6g til pressem\u00f8der, sportskonkurrencer, butikker, messer og events. Bestil stofbanner, der indg\u00e5r i messesystemet, til indend\u00f8rs brug\" \/>\n<meta property=\"og:url\" content=\"https:\/\/www.gdirekt.se\/da\/produkt\/stofbanner-til-exl-fotovaeg\/\" \/>\n<meta property=\"og:site_name\" content=\"Gdirekt.se\" \/>\n<meta property=\"article:modified_time\" content=\"2019-01-16T14:40:43+00:00\" \/>\n<meta property=\"og:image\" content=\"https:\/\/www.gdirekt.se\/wp-content\/uploads\/bild_till_exl_fotovagg.png\" \/>\n\t<meta property=\"og:image:width\" content=\"1000\" \/>\n\t<meta property=\"og:image:height\" content=\"1000\" \/>\n\t<meta property=\"og:image:type\" content=\"image\/png\" \/>\n<meta name=\"twitter:card\" content=\"summary_large_image\" \/>\n<meta name=\"twitter:label1\" content=\"Estimeret l\u00e6setid\" \/>\n\t<meta name=\"twitter:data1\" content=\"2 minutter\" \/>\n<script type=\"application\/ld+json\" class=\"yoast-schema-graph\">{\"@context\":\"https:\/\/schema.org\",\"@graph\":[{\"@type\":\"WebPage\",\"@id\":\"https:\/\/www.gdirekt.se\/da\/produkt\/stofbanner-til-exl-fotovaeg\/\",\"url\":\"https:\/\/www.gdirekt.se\/da\/produkt\/stofbanner-til-exl-fotovaeg\/\",\"name\":\"Stofbanner til EXL Fotov\u00e6g, k\u00f8b baggrund i trykt stof | Gdirekt.se\",\"isPartOf\":{\"@id\":\"https:\/\/www.gdirekt.se\/#website\"},\"primaryImageOfPage\":{\"@id\":\"https:\/\/www.gdirekt.se\/da\/produkt\/stofbanner-til-exl-fotovaeg\/#primaryimage\"},\"image\":{\"@id\":\"https:\/\/www.gdirekt.se\/da\/produkt\/stofbanner-til-exl-fotovaeg\/#primaryimage\"},\"thumbnailUrl\":\"https:\/\/www.gdirekt.se\/wp-content\/uploads\/bild_till_exl_fotovagg.png\",\"datePublished\":\"2017-02-17T12:46:23+00:00\",\"dateModified\":\"2019-01-16T14:40:43+00:00\",\"description\":\"Stofbanner til EXL Fotov\u00e6g, der er en stabil billedv\u00e6g til pressem\u00f8der, sportskonkurrencer, butikker, messer og events. Bestil stofbanner, der indg\u00e5r i messesystemet, til indend\u00f8rs brug\",\"breadcrumb\":{\"@id\":\"https:\/\/www.gdirekt.se\/da\/produkt\/stofbanner-til-exl-fotovaeg\/#breadcrumb\"},\"inLanguage\":\"da-DK\",\"potentialAction\":[{\"@type\":\"ReadAction\",\"target\":[\"https:\/\/www.gdirekt.se\/da\/produkt\/stofbanner-til-exl-fotovaeg\/\"]}]},{\"@type\":\"ImageObject\",\"inLanguage\":\"da-DK\",\"@id\":\"https:\/\/www.gdirekt.se\/da\/produkt\/stofbanner-til-exl-fotovaeg\/#primaryimage\",\"url\":\"https:\/\/www.gdirekt.se\/wp-content\/uploads\/bild_till_exl_fotovagg.png\",\"contentUrl\":\"https:\/\/www.gdirekt.se\/wp-content\/uploads\/bild_till_exl_fotovagg.png\",\"width\":1000,\"height\":1000,\"caption\":\"Foto v\u00e6g som pressv\u00e6g i trykt stof\"},{\"@type\":\"BreadcrumbList\",\"@id\":\"https:\/\/www.gdirekt.se\/da\/produkt\/stofbanner-til-exl-fotovaeg\/#breadcrumb\",\"itemListElement\":[{\"@type\":\"ListItem\",\"position\":1,\"name\":\"Hem\",\"item\":\"https:\/\/www.gdirekt.se\/da\/\"},{\"@type\":\"ListItem\",\"position\":2,\"name\":\"Start\",\"item\":\"https:\/\/www.gdirekt.se\/da\/\"},{\"@type\":\"ListItem\",\"position\":3,\"name\":\"Stofbanner til EXL Fotov\u00e6g\"}]},{\"@type\":\"WebSite\",\"@id\":\"https:\/\/www.gdirekt.se\/#website\",\"url\":\"https:\/\/www.gdirekt.se\/\",\"name\":\"Gdirekt.se\",\"description\":\"Tryck snabbt \u00e5 l\u00e4tt = Gdirekt\",\"potentialAction\":[{\"@type\":\"SearchAction\",\"target\":{\"@type\":\"EntryPoint\",\"urlTemplate\":\"https:\/\/www.gdirekt.se\/?s={search_term_string}\"},\"query-input\":{\"@type\":\"PropertyValueSpecification\",\"valueRequired\":true,\"valueName\":\"search_term_string\"}}],\"inLanguage\":\"da-DK\"}]}<\/script>\n<!-- \/ Yoast SEO plugin. -->","yoast_head_json":{"title":"Stofbanner til EXL Fotov\u00e6g, k\u00f8b baggrund i trykt stof | Gdirekt.se","description":"Stofbanner til EXL Fotov\u00e6g, der er en stabil billedv\u00e6g til pressem\u00f8der, sportskonkurrencer, butikker, messer og events. Bestil stofbanner, der indg\u00e5r i messesystemet, til indend\u00f8rs brug","robots":{"index":"index","follow":"follow","max-snippet":"max-snippet:-1","max-image-preview":"max-image-preview:large","max-video-preview":"max-video-preview:-1"},"canonical":"https:\/\/www.gdirekt.se\/da\/produkt\/stofbanner-til-exl-fotovaeg\/","og_locale":"da_DK","og_type":"article","og_title":"Stofbanner til EXL Fotov\u00e6g, k\u00f8b baggrund i trykt stof | Gdirekt.se","og_description":"Stofbanner til EXL Fotov\u00e6g, der er en stabil billedv\u00e6g til pressem\u00f8der, sportskonkurrencer, butikker, messer og events. Bestil stofbanner, der indg\u00e5r i messesystemet, til indend\u00f8rs brug","og_url":"https:\/\/www.gdirekt.se\/da\/produkt\/stofbanner-til-exl-fotovaeg\/","og_site_name":"Gdirekt.se","article_modified_time":"2019-01-16T14:40:43+00:00","og_image":[{"width":1000,"height":1000,"url":"https:\/\/www.gdirekt.se\/wp-content\/uploads\/bild_till_exl_fotovagg.png","type":"image\/png"}],"twitter_card":"summary_large_image","twitter_misc":{"Estimeret l\u00e6setid":"2 minutter"},"schema":{"@context":"https:\/\/schema.org","@graph":[{"@type":"WebPage","@id":"https:\/\/www.gdirekt.se\/da\/produkt\/stofbanner-til-exl-fotovaeg\/","url":"https:\/\/www.gdirekt.se\/da\/produkt\/stofbanner-til-exl-fotovaeg\/","name":"Stofbanner til EXL Fotov\u00e6g, k\u00f8b baggrund i trykt stof | Gdirekt.se","isPartOf":{"@id":"https:\/\/www.gdirekt.se\/#website"},"primaryImageOfPage":{"@id":"https:\/\/www.gdirekt.se\/da\/produkt\/stofbanner-til-exl-fotovaeg\/#primaryimage"},"image":{"@id":"https:\/\/www.gdirekt.se\/da\/produkt\/stofbanner-til-exl-fotovaeg\/#primaryimage"},"thumbnailUrl":"https:\/\/www.gdirekt.se\/wp-content\/uploads\/bild_till_exl_fotovagg.png","datePublished":"2017-02-17T12:46:23+00:00","dateModified":"2019-01-16T14:40:43+00:00","description":"Stofbanner til EXL Fotov\u00e6g, der er en stabil billedv\u00e6g til pressem\u00f8der, sportskonkurrencer, butikker, messer og events. Bestil stofbanner, der indg\u00e5r i messesystemet, til indend\u00f8rs brug","breadcrumb":{"@id":"https:\/\/www.gdirekt.se\/da\/produkt\/stofbanner-til-exl-fotovaeg\/#breadcrumb"},"inLanguage":"da-DK","potentialAction":[{"@type":"ReadAction","target":["https:\/\/www.gdirekt.se\/da\/produkt\/stofbanner-til-exl-fotovaeg\/"]}]},{"@type":"ImageObject","inLanguage":"da-DK","@id":"https:\/\/www.gdirekt.se\/da\/produkt\/stofbanner-til-exl-fotovaeg\/#primaryimage","url":"https:\/\/www.gdirekt.se\/wp-content\/uploads\/bild_till_exl_fotovagg.png","contentUrl":"https:\/\/www.gdirekt.se\/wp-content\/uploads\/bild_till_exl_fotovagg.png","width":1000,"height":1000,"caption":"Foto v\u00e6g som pressv\u00e6g i trykt stof"},{"@type":"BreadcrumbList","@id":"https:\/\/www.gdirekt.se\/da\/produkt\/stofbanner-til-exl-fotovaeg\/#breadcrumb","itemListElement":[{"@type":"ListItem","position":1,"name":"Hem","item":"https:\/\/www.gdirekt.se\/da\/"},{"@type":"ListItem","position":2,"name":"Start","item":"https:\/\/www.gdirekt.se\/da\/"},{"@type":"ListItem","position":3,"name":"Stofbanner til EXL Fotov\u00e6g"}]},{"@type":"WebSite","@id":"https:\/\/www.gdirekt.se\/#website","url":"https:\/\/www.gdirekt.se\/","name":"Gdirekt.se","description":"Tryck snabbt \u00e5 l\u00e4tt = Gdirekt","potentialAction":[{"@type":"SearchAction","target":{"@type":"EntryPoint","urlTemplate":"https:\/\/www.gdirekt.se\/?s={search_term_string}"},"query-input":{"@type":"PropertyValueSpecification","valueRequired":true,"valueName":"search_term_string"}}],"inLanguage":"da-DK"}]}},"_links":{"self":[{"href":"https:\/\/www.gdirekt.se\/da\/wp-json\/wp\/v2\/product\/9591","targetHints":{"allow":["GET"]}}],"collection":[{"href":"https:\/\/www.gdirekt.se\/da\/wp-json\/wp\/v2\/product"}],"about":[{"href":"https:\/\/www.gdirekt.se\/da\/wp-json\/wp\/v2\/types\/product"}],"wp:featuredmedia":[{"embeddable":true,"href":"https:\/\/www.gdirekt.se\/da\/wp-json\/wp\/v2\/media\/8552"}],"wp:attachment":[{"href":"https:\/\/www.gdirekt.se\/da\/wp-json\/wp\/v2\/media?parent=9591"}],"wp:term":[{"taxonomy":"product_brand","embeddable":true,"href":"https:\/\/www.gdirekt.se\/da\/wp-json\/wp\/v2\/product_brand?post=9591"},{"taxonomy":"product_cat","embeddable":true,"href":"https:\/\/www.gdirekt.se\/da\/wp-json\/wp\/v2\/product_cat?post=9591"},{"taxonomy":"product_tag","embeddable":true,"href":"https:\/\/www.gdirekt.se\/da\/wp-json\/wp\/v2\/product_tag?post=9591"}],"curies":[{"name":"wp","href":"https:\/\/api.w.org\/{rel}","templated":true}]}}