{"id":9583,"date":"2017-01-30T14:53:38","date_gmt":"2017-01-30T13:53:38","guid":{"rendered":"http:\/\/gdirekt.hamstage.hamrenmedia.se\/produkt\/chairit-stor-reklamestol\/"},"modified":"2024-02-01T09:36:43","modified_gmt":"2024-02-01T08:36:43","slug":"chairit-stor-reklamestol","status":"publish","type":"product","link":"https:\/\/www.gdirekt.se\/da\/produkt\/chairit-stor-reklamestol\/","title":{"rendered":"Chairit \u2013 Stor reklamestol"},"content":{"rendered":"<p><span lang=\"DA\">Chairit \u2013 Stor reklamestol med tryk er meget synlig og skaber opm\u00e6rksomhed. Den gigantiske strandstol leveres i en\u00a0slidst\u00e6rk taske p\u00e5 22 x 22 x 240\u00a0cm. Stolen har plads til to voksne og samles manuelt uden brug af v\u00e6rkt\u00f8j. Den passer til alle milj\u00f8er b\u00e5de udend\u00f8rs og indend\u00f8rs og til store som sm\u00e5 events. Stolen er altid meget popul\u00e6r, n\u00e5r der skal tages billeder til sociale medier \u2013 over 90 % tager et billede, n\u00e5r de sidder i reklamestolen. En rigtig smart l\u00f8sning til en lounge eller et aktivitetsomr\u00e5de.\u00a0Der kan trykkes reklame med logoer og tekst samt billeder p\u00e5 stolen. En gigantisk strandstol med budskab, der skaber opm\u00e6rksomhed. Stolen er 137\u00a0cm bred, 219\u00a0cm lang og 152\u00a0cm h\u00f8j i udfoldet tilstand. Stellet er fremstillet af kraftig aluminium og vejer ca. 20\u00a0kg.<\/span><\/p>\n<p><span lang=\"DA\">Se alle vores andre<span class=\"apple-converted-space\">\u00a0<\/span><\/span><span lang=\"DA\"><a href=\"https:\/\/www.gdirekt.se\/produkt-kategori\/massvaggar-och-montersystem\/\"><b><i>displaysystemer<\/i><\/b><\/a><\/span><span lang=\"DA\">til events!<\/span><\/p>\n<p><span lang=\"DA\"><a href=\"https:\/\/www.youtube.com\/watch?v=LlcXe8yIykY\">Se, hvordan reklamestolen samles, i denne film!<\/a><\/span><\/p>\n","protected":false},"excerpt":{"rendered":"<p>Bestil Chairit \u2013 Stor reklamestol med tryk hos Gdirekt. Det er god reklame med logoer og tekst samt billeder. En gigantisk strandstol med budskab, der skaber opm\u00e6rksomhed. Stolen er 137\u00a0cm bred, 219\u00a0cm lang og 152\u00a0cm h\u00f8j.<\/p>\n","protected":false},"featured_media":8471,"template":"","meta":{"_acf_changed":false},"product_brand":[],"product_cat":[375,356],"product_tag":[],"class_list":{"0":"post-9583","1":"product","2":"type-product","3":"status-publish","4":"has-post-thumbnail","6":"product_cat-messevaegge-og-displaysystemer","7":"product_cat-udendoersskilte-og-expo","8":"product_shipping_class-180sek","10":"first","11":"instock","12":"taxable","13":"shipping-taxable","14":"purchasable","15":"product-type-simple"},"exclude_global_add_ons":[],"addons":[],"acf":[],"yoast_head":"<!-- This site is optimized with the Yoast SEO plugin v27.2 - https:\/\/yoast.com\/product\/yoast-seo-wordpress\/ -->\n<title>Chairit \u2013 Stor reklamestol med trykt navn til kampagner og event | Gdirekt.se<\/title>\n<meta name=\"description\" content=\"Bestil Chairit \u2013 Stor reklamestol med tryk hos Gdirekt. Det er god reklame med logoer og tekst samt billeder. En gigantisk strandstol med budskab, der skaber opm\u00e6rksomhed.\" \/>\n<meta name=\"robots\" content=\"index, follow, max-snippet:-1, max-image-preview:large, max-video-preview:-1\" \/>\n<link rel=\"canonical\" href=\"https:\/\/www.gdirekt.se\/da\/produkt\/chairit-stor-reklamestol\/\" \/>\n<meta property=\"og:locale\" content=\"da_DK\" \/>\n<meta property=\"og:type\" content=\"article\" \/>\n<meta property=\"og:title\" content=\"Chairit \u2013 Stor reklamestol med trykt navn til kampagner og event | Gdirekt.se\" \/>\n<meta property=\"og:description\" content=\"Bestil Chairit \u2013 Stor reklamestol med tryk hos Gdirekt. Det er god reklame med logoer og tekst samt billeder. En gigantisk strandstol med budskab, der skaber opm\u00e6rksomhed.\" \/>\n<meta property=\"og:url\" content=\"https:\/\/www.gdirekt.se\/da\/produkt\/chairit-stor-reklamestol\/\" \/>\n<meta property=\"og:site_name\" content=\"Gdirekt.se\" \/>\n<meta property=\"article:modified_time\" content=\"2024-02-01T08:36:43+00:00\" \/>\n<meta property=\"og:image\" content=\"https:\/\/www.gdirekt.se\/wp-content\/uploads\/chairit.png\" \/>\n\t<meta property=\"og:image:width\" content=\"1000\" \/>\n\t<meta property=\"og:image:height\" content=\"1000\" \/>\n\t<meta property=\"og:image:type\" content=\"image\/png\" \/>\n<meta name=\"twitter:card\" content=\"summary_large_image\" \/>\n<meta name=\"twitter:label1\" content=\"Estimeret l\u00e6setid\" \/>\n\t<meta name=\"twitter:data1\" content=\"1 minut\" \/>\n<script type=\"application\/ld+json\" class=\"yoast-schema-graph\">{\"@context\":\"https:\/\/schema.org\",\"@graph\":[{\"@type\":\"WebPage\",\"@id\":\"https:\/\/www.gdirekt.se\/da\/produkt\/chairit-stor-reklamestol\/\",\"url\":\"https:\/\/www.gdirekt.se\/da\/produkt\/chairit-stor-reklamestol\/\",\"name\":\"Chairit \u2013 Stor reklamestol med trykt navn til kampagner og event | Gdirekt.se\",\"isPartOf\":{\"@id\":\"https:\/\/www.gdirekt.se\/#website\"},\"primaryImageOfPage\":{\"@id\":\"https:\/\/www.gdirekt.se\/da\/produkt\/chairit-stor-reklamestol\/#primaryimage\"},\"image\":{\"@id\":\"https:\/\/www.gdirekt.se\/da\/produkt\/chairit-stor-reklamestol\/#primaryimage\"},\"thumbnailUrl\":\"https:\/\/www.gdirekt.se\/wp-content\/uploads\/chairit.png\",\"datePublished\":\"2017-01-30T13:53:38+00:00\",\"dateModified\":\"2024-02-01T08:36:43+00:00\",\"description\":\"Bestil Chairit \u2013 Stor reklamestol med tryk hos Gdirekt. Det er god reklame med logoer og tekst samt billeder. En gigantisk strandstol med budskab, der skaber opm\u00e6rksomhed.\",\"breadcrumb\":{\"@id\":\"https:\/\/www.gdirekt.se\/da\/produkt\/chairit-stor-reklamestol\/#breadcrumb\"},\"inLanguage\":\"da-DK\",\"potentialAction\":[{\"@type\":\"ReadAction\",\"target\":[\"https:\/\/www.gdirekt.se\/da\/produkt\/chairit-stor-reklamestol\/\"]}]},{\"@type\":\"ImageObject\",\"inLanguage\":\"da-DK\",\"@id\":\"https:\/\/www.gdirekt.se\/da\/produkt\/chairit-stor-reklamestol\/#primaryimage\",\"url\":\"https:\/\/www.gdirekt.se\/wp-content\/uploads\/chairit.png\",\"contentUrl\":\"https:\/\/www.gdirekt.se\/wp-content\/uploads\/chairit.png\",\"width\":1000,\"height\":1000,\"caption\":\"Stor reklamestol til stranden\"},{\"@type\":\"BreadcrumbList\",\"@id\":\"https:\/\/www.gdirekt.se\/da\/produkt\/chairit-stor-reklamestol\/#breadcrumb\",\"itemListElement\":[{\"@type\":\"ListItem\",\"position\":1,\"name\":\"Hem\",\"item\":\"https:\/\/www.gdirekt.se\/da\/\"},{\"@type\":\"ListItem\",\"position\":2,\"name\":\"Start\",\"item\":\"https:\/\/www.gdirekt.se\/da\/\"},{\"@type\":\"ListItem\",\"position\":3,\"name\":\"Chairit \u2013 Stor reklamestol\"}]},{\"@type\":\"WebSite\",\"@id\":\"https:\/\/www.gdirekt.se\/#website\",\"url\":\"https:\/\/www.gdirekt.se\/\",\"name\":\"Gdirekt.se\",\"description\":\"Tryck snabbt \u00e5 l\u00e4tt = Gdirekt\",\"potentialAction\":[{\"@type\":\"SearchAction\",\"target\":{\"@type\":\"EntryPoint\",\"urlTemplate\":\"https:\/\/www.gdirekt.se\/?s={search_term_string}\"},\"query-input\":{\"@type\":\"PropertyValueSpecification\",\"valueRequired\":true,\"valueName\":\"search_term_string\"}}],\"inLanguage\":\"da-DK\"}]}<\/script>\n<!-- \/ Yoast SEO plugin. -->","yoast_head_json":{"title":"Chairit \u2013 Stor reklamestol med trykt navn til kampagner og event | Gdirekt.se","description":"Bestil Chairit \u2013 Stor reklamestol med tryk hos Gdirekt. Det er god reklame med logoer og tekst samt billeder. En gigantisk strandstol med budskab, der skaber opm\u00e6rksomhed.","robots":{"index":"index","follow":"follow","max-snippet":"max-snippet:-1","max-image-preview":"max-image-preview:large","max-video-preview":"max-video-preview:-1"},"canonical":"https:\/\/www.gdirekt.se\/da\/produkt\/chairit-stor-reklamestol\/","og_locale":"da_DK","og_type":"article","og_title":"Chairit \u2013 Stor reklamestol med trykt navn til kampagner og event | Gdirekt.se","og_description":"Bestil Chairit \u2013 Stor reklamestol med tryk hos Gdirekt. Det er god reklame med logoer og tekst samt billeder. En gigantisk strandstol med budskab, der skaber opm\u00e6rksomhed.","og_url":"https:\/\/www.gdirekt.se\/da\/produkt\/chairit-stor-reklamestol\/","og_site_name":"Gdirekt.se","article_modified_time":"2024-02-01T08:36:43+00:00","og_image":[{"width":1000,"height":1000,"url":"https:\/\/www.gdirekt.se\/wp-content\/uploads\/chairit.png","type":"image\/png"}],"twitter_card":"summary_large_image","twitter_misc":{"Estimeret l\u00e6setid":"1 minut"},"schema":{"@context":"https:\/\/schema.org","@graph":[{"@type":"WebPage","@id":"https:\/\/www.gdirekt.se\/da\/produkt\/chairit-stor-reklamestol\/","url":"https:\/\/www.gdirekt.se\/da\/produkt\/chairit-stor-reklamestol\/","name":"Chairit \u2013 Stor reklamestol med trykt navn til kampagner og event | Gdirekt.se","isPartOf":{"@id":"https:\/\/www.gdirekt.se\/#website"},"primaryImageOfPage":{"@id":"https:\/\/www.gdirekt.se\/da\/produkt\/chairit-stor-reklamestol\/#primaryimage"},"image":{"@id":"https:\/\/www.gdirekt.se\/da\/produkt\/chairit-stor-reklamestol\/#primaryimage"},"thumbnailUrl":"https:\/\/www.gdirekt.se\/wp-content\/uploads\/chairit.png","datePublished":"2017-01-30T13:53:38+00:00","dateModified":"2024-02-01T08:36:43+00:00","description":"Bestil Chairit \u2013 Stor reklamestol med tryk hos Gdirekt. Det er god reklame med logoer og tekst samt billeder. En gigantisk strandstol med budskab, der skaber opm\u00e6rksomhed.","breadcrumb":{"@id":"https:\/\/www.gdirekt.se\/da\/produkt\/chairit-stor-reklamestol\/#breadcrumb"},"inLanguage":"da-DK","potentialAction":[{"@type":"ReadAction","target":["https:\/\/www.gdirekt.se\/da\/produkt\/chairit-stor-reklamestol\/"]}]},{"@type":"ImageObject","inLanguage":"da-DK","@id":"https:\/\/www.gdirekt.se\/da\/produkt\/chairit-stor-reklamestol\/#primaryimage","url":"https:\/\/www.gdirekt.se\/wp-content\/uploads\/chairit.png","contentUrl":"https:\/\/www.gdirekt.se\/wp-content\/uploads\/chairit.png","width":1000,"height":1000,"caption":"Stor reklamestol til stranden"},{"@type":"BreadcrumbList","@id":"https:\/\/www.gdirekt.se\/da\/produkt\/chairit-stor-reklamestol\/#breadcrumb","itemListElement":[{"@type":"ListItem","position":1,"name":"Hem","item":"https:\/\/www.gdirekt.se\/da\/"},{"@type":"ListItem","position":2,"name":"Start","item":"https:\/\/www.gdirekt.se\/da\/"},{"@type":"ListItem","position":3,"name":"Chairit \u2013 Stor reklamestol"}]},{"@type":"WebSite","@id":"https:\/\/www.gdirekt.se\/#website","url":"https:\/\/www.gdirekt.se\/","name":"Gdirekt.se","description":"Tryck snabbt \u00e5 l\u00e4tt = Gdirekt","potentialAction":[{"@type":"SearchAction","target":{"@type":"EntryPoint","urlTemplate":"https:\/\/www.gdirekt.se\/?s={search_term_string}"},"query-input":{"@type":"PropertyValueSpecification","valueRequired":true,"valueName":"search_term_string"}}],"inLanguage":"da-DK"}]}},"_links":{"self":[{"href":"https:\/\/www.gdirekt.se\/da\/wp-json\/wp\/v2\/product\/9583","targetHints":{"allow":["GET"]}}],"collection":[{"href":"https:\/\/www.gdirekt.se\/da\/wp-json\/wp\/v2\/product"}],"about":[{"href":"https:\/\/www.gdirekt.se\/da\/wp-json\/wp\/v2\/types\/product"}],"wp:featuredmedia":[{"embeddable":true,"href":"https:\/\/www.gdirekt.se\/da\/wp-json\/wp\/v2\/media\/8471"}],"wp:attachment":[{"href":"https:\/\/www.gdirekt.se\/da\/wp-json\/wp\/v2\/media?parent=9583"}],"wp:term":[{"taxonomy":"product_brand","embeddable":true,"href":"https:\/\/www.gdirekt.se\/da\/wp-json\/wp\/v2\/product_brand?post=9583"},{"taxonomy":"product_cat","embeddable":true,"href":"https:\/\/www.gdirekt.se\/da\/wp-json\/wp\/v2\/product_cat?post=9583"},{"taxonomy":"product_tag","embeddable":true,"href":"https:\/\/www.gdirekt.se\/da\/wp-json\/wp\/v2\/product_tag?post=9583"}],"curies":[{"name":"wp","href":"https:\/\/api.w.org\/{rel}","templated":true}]}}