{"id":9576,"date":"2017-05-22T15:37:42","date_gmt":"2017-05-22T13:37:42","guid":{"rendered":"http:\/\/gdirekt.hamstage.hamrenmedia.se\/produkt\/bannerbow-eventbue-til-udendors-brug\/"},"modified":"2019-01-16T15:05:57","modified_gmt":"2019-01-16T14:05:57","slug":"bannerbow-eventbue-til-udendors-brug","status":"publish","type":"product","link":"https:\/\/www.gdirekt.se\/da\/produkt\/bannerbow-eventbue-til-udendors-brug\/","title":{"rendered":"Bannerbow \u2013 Eventbue til udend\u00f8rs brug"},"content":{"rendered":"<p><span lang=\"DA\">Bannerbow \u2013 Eventbue til udend\u00f8rs brug er et nyt og flot udstillingssystem, der er velegnet til messer og giver et godt indtryk ved udend\u00f8rsaktiviteter og ved indgange.\u00a0Man er sikker p\u00e5 at blive langt mere synlig end med alle andre messesystemer. Produktet passer til en bred vifte af udend\u00f8rsmilj\u00f8er. f.eks. ved butikker, messer, events og butikscentre. Bannerbow som portal til udend\u00f8rs brug f\u00e5s i tre forskellige st\u00f8rrelser:\u00a0Small, der er\u00a0290\u00a0cm bred og 245\u00a0cm h\u00f8j, medium, der er 400\u00a0cm bred og 320\u00a0cm h\u00f8j, samt large, der er 500\u00a0cm bred og 375\u00a0cm h\u00f8j. Tag et kig p\u00e5 filmen<span class=\"apple-converted-space\">\u00a0<\/span><\/span><span lang=\"DA\"><a href=\"https:\/\/www.youtube.com\/watch?time_continue=2&amp;v=CvY1cKXTZj4\"><b><i>her<\/i><\/b><\/a><\/span><span lang=\"DA\">!<\/span><\/p>\n<p><span lang=\"DA\">Disse udstillingssystemer kan b\u00e5de bruges som permanente billedsystemer og som transportabelt interi\u00f8r ved produktlanceringer eller fremvisning af nye varer. Buerne med billeder kan sammens\u00e6ttes til et lokale eller en tunnel, man g\u00e5r igennem. Det er en virkelig god l\u00f8sning til stadioner, sportskonkurrencer og produktlanceringer, hvor man gerne vil v\u00e6re meget synlig.<\/span><\/p>\n<p><span lang=\"DA\">K\u00f8b<span class=\"apple-converted-space\">\u00a0<\/span><\/span><span lang=\"DA\"><a href=\"https:\/\/www.gdirekt.se\/produkt\/bannerbow-extra-vikt\/\"><span class=\"apple-converted-space\"><b><i>ekstra f\u00f8dder,\u00a0<\/i><\/b><\/span><\/a><\/span><span lang=\"DA\">der hver vejer 10 kg, som ekstraudstyr, hvis udend\u00f8rsstanderen skal bruges p\u00e5 steder, hvor det bl\u00e6ser. Det er ogs\u00e5 muligt at k\u00f8be<span class=\"apple-converted-space\">\u00a0<\/span><\/span><span lang=\"DA\"><a href=\"https:\/\/www.gdirekt.se\/produkt\/bannerbow-2st-viktplattor-kopia\/\"><b><i>fastg\u00f8ringss\u00e6t med kroge,<\/i><\/b><\/a><\/span><span lang=\"DA\">der bankes ned i jorden, n\u00e5r buen bruges p\u00e5 jord eller gr\u00e6s.<\/span><\/p>\n<p><span lang=\"DA\">Bannerbow \u2013 Eventbue til udend\u00f8rs brug kan anvendes til fremvisning og demonstrationer, n\u00e5r der lanceres nye produkter. Vi bruger en brandgodkendt polyester, der er en smule gennemsigtig, for at skabe et luftigt og rummeligt indtryk. Tag et kig p\u00e5 vores<span class=\"apple-converted-space\">\u00a0<\/span><\/span><span lang=\"DA\"><a href=\"https:\/\/www.instagram.com\/gigantprint\/\"><b><i>Instagramprofil<\/i><\/b><\/a><\/span><span lang=\"DA\">for at se flere produkter med tryk!<\/span><\/p>\n","protected":false},"excerpt":{"rendered":"<p>Bannerbow \u2013 Eventbue til udend\u00f8rs brug anvendes til at skabe opm\u00e6rksomhed og f\u00e5s i tre st\u00f8rrelser. De stabile f\u00f8dder har huller til fastg\u00f8ring i jorden, og der kan k\u00f8bes ekstra v\u00e6gte.\u00a0Perfekt som portal ved lanceringer og demonstrationer af produkter og tjenesteydelser.<\/p>\n","protected":false},"featured_media":8742,"template":"","meta":{"_acf_changed":false},"product_brand":[],"product_cat":[375,356],"product_tag":[],"class_list":{"0":"post-9576","1":"product","2":"type-product","3":"status-publish","4":"has-post-thumbnail","6":"product_cat-messevaegge-og-displaysystemer","7":"product_cat-udendoersskilte-og-expo","8":"product_shipping_class-350kr","10":"first","11":"instock","12":"taxable","13":"shipping-taxable","14":"purchasable","15":"product-type-variable","16":"has-default-attributes"},"exclude_global_add_ons":[],"addons":[],"acf":[],"yoast_head":"<!-- This site is optimized with the Yoast SEO plugin v27.2 - https:\/\/yoast.com\/product\/yoast-seo-wordpress\/ -->\n<title>Bannerbow \u2013 Eventbue til udend\u00f8rs brug til arenaen og messen | Gdirekt.se<\/title>\n<meta name=\"description\" content=\"Bannerbow \u2013 Eventbue til udend\u00f8rs brug er beregnet til messeudstillinger og fremvisninger udend\u00f8rs. Bannerne af stof og portalen til demonstrationer og reklamebudskaber er meget synlige. Hurtig levering hver dag fra vores trykkeri.\" \/>\n<meta name=\"robots\" content=\"index, follow, max-snippet:-1, max-image-preview:large, max-video-preview:-1\" \/>\n<link rel=\"canonical\" href=\"https:\/\/www.gdirekt.se\/da\/produkt\/bannerbow-eventbue-til-udendors-brug\/\" \/>\n<meta property=\"og:locale\" content=\"da_DK\" \/>\n<meta property=\"og:type\" content=\"article\" \/>\n<meta property=\"og:title\" content=\"Bannerbow \u2013 Eventbue til udend\u00f8rs brug til arenaen og messen | Gdirekt.se\" \/>\n<meta property=\"og:description\" content=\"Bannerbow \u2013 Eventbue til udend\u00f8rs brug er beregnet til messeudstillinger og fremvisninger udend\u00f8rs. Bannerne af stof og portalen til demonstrationer og reklamebudskaber er meget synlige. Hurtig levering hver dag fra vores trykkeri.\" \/>\n<meta property=\"og:url\" content=\"https:\/\/www.gdirekt.se\/da\/produkt\/bannerbow-eventbue-til-udendors-brug\/\" \/>\n<meta property=\"og:site_name\" content=\"Gdirekt.se\" \/>\n<meta property=\"article:modified_time\" content=\"2019-01-16T14:05:57+00:00\" \/>\n<meta property=\"og:image\" content=\"https:\/\/www.gdirekt.se\/wp-content\/uploads\/bannerbow_outdoor.png\" \/>\n\t<meta property=\"og:image:width\" content=\"1000\" \/>\n\t<meta property=\"og:image:height\" content=\"1000\" \/>\n\t<meta property=\"og:image:type\" content=\"image\/png\" \/>\n<meta name=\"twitter:card\" content=\"summary_large_image\" \/>\n<meta name=\"twitter:label1\" content=\"Estimeret l\u00e6setid\" \/>\n\t<meta name=\"twitter:data1\" content=\"1 minut\" \/>\n<script type=\"application\/ld+json\" class=\"yoast-schema-graph\">{\"@context\":\"https:\/\/schema.org\",\"@graph\":[{\"@type\":\"WebPage\",\"@id\":\"https:\/\/www.gdirekt.se\/da\/produkt\/bannerbow-eventbue-til-udendors-brug\/\",\"url\":\"https:\/\/www.gdirekt.se\/da\/produkt\/bannerbow-eventbue-til-udendors-brug\/\",\"name\":\"Bannerbow \u2013 Eventbue til udend\u00f8rs brug til arenaen og messen | Gdirekt.se\",\"isPartOf\":{\"@id\":\"https:\/\/www.gdirekt.se\/#website\"},\"primaryImageOfPage\":{\"@id\":\"https:\/\/www.gdirekt.se\/da\/produkt\/bannerbow-eventbue-til-udendors-brug\/#primaryimage\"},\"image\":{\"@id\":\"https:\/\/www.gdirekt.se\/da\/produkt\/bannerbow-eventbue-til-udendors-brug\/#primaryimage\"},\"thumbnailUrl\":\"https:\/\/www.gdirekt.se\/wp-content\/uploads\/bannerbow_outdoor.png\",\"datePublished\":\"2017-05-22T13:37:42+00:00\",\"dateModified\":\"2019-01-16T14:05:57+00:00\",\"description\":\"Bannerbow \u2013 Eventbue til udend\u00f8rs brug er beregnet til messeudstillinger og fremvisninger udend\u00f8rs. Bannerne af stof og portalen til demonstrationer og reklamebudskaber er meget synlige. Hurtig levering hver dag fra vores trykkeri.\",\"breadcrumb\":{\"@id\":\"https:\/\/www.gdirekt.se\/da\/produkt\/bannerbow-eventbue-til-udendors-brug\/#breadcrumb\"},\"inLanguage\":\"da-DK\",\"potentialAction\":[{\"@type\":\"ReadAction\",\"target\":[\"https:\/\/www.gdirekt.se\/da\/produkt\/bannerbow-eventbue-til-udendors-brug\/\"]}]},{\"@type\":\"ImageObject\",\"inLanguage\":\"da-DK\",\"@id\":\"https:\/\/www.gdirekt.se\/da\/produkt\/bannerbow-eventbue-til-udendors-brug\/#primaryimage\",\"url\":\"https:\/\/www.gdirekt.se\/wp-content\/uploads\/bannerbow_outdoor.png\",\"contentUrl\":\"https:\/\/www.gdirekt.se\/wp-content\/uploads\/bannerbow_outdoor.png\",\"width\":1000,\"height\":1000,\"caption\":\"Eventbue for udend\u00f8rs\/outdoor\"},{\"@type\":\"BreadcrumbList\",\"@id\":\"https:\/\/www.gdirekt.se\/da\/produkt\/bannerbow-eventbue-til-udendors-brug\/#breadcrumb\",\"itemListElement\":[{\"@type\":\"ListItem\",\"position\":1,\"name\":\"Hem\",\"item\":\"https:\/\/www.gdirekt.se\/da\/\"},{\"@type\":\"ListItem\",\"position\":2,\"name\":\"Start\",\"item\":\"https:\/\/www.gdirekt.se\/da\/\"},{\"@type\":\"ListItem\",\"position\":3,\"name\":\"Bannerbow \u2013 Eventbue til udend\u00f8rs brug\"}]},{\"@type\":\"WebSite\",\"@id\":\"https:\/\/www.gdirekt.se\/#website\",\"url\":\"https:\/\/www.gdirekt.se\/\",\"name\":\"Gdirekt.se\",\"description\":\"Tryck snabbt \u00e5 l\u00e4tt = Gdirekt\",\"potentialAction\":[{\"@type\":\"SearchAction\",\"target\":{\"@type\":\"EntryPoint\",\"urlTemplate\":\"https:\/\/www.gdirekt.se\/?s={search_term_string}\"},\"query-input\":{\"@type\":\"PropertyValueSpecification\",\"valueRequired\":true,\"valueName\":\"search_term_string\"}}],\"inLanguage\":\"da-DK\"}]}<\/script>\n<!-- \/ Yoast SEO plugin. -->","yoast_head_json":{"title":"Bannerbow \u2013 Eventbue til udend\u00f8rs brug til arenaen og messen | Gdirekt.se","description":"Bannerbow \u2013 Eventbue til udend\u00f8rs brug er beregnet til messeudstillinger og fremvisninger udend\u00f8rs. Bannerne af stof og portalen til demonstrationer og reklamebudskaber er meget synlige. Hurtig levering hver dag fra vores trykkeri.","robots":{"index":"index","follow":"follow","max-snippet":"max-snippet:-1","max-image-preview":"max-image-preview:large","max-video-preview":"max-video-preview:-1"},"canonical":"https:\/\/www.gdirekt.se\/da\/produkt\/bannerbow-eventbue-til-udendors-brug\/","og_locale":"da_DK","og_type":"article","og_title":"Bannerbow \u2013 Eventbue til udend\u00f8rs brug til arenaen og messen | Gdirekt.se","og_description":"Bannerbow \u2013 Eventbue til udend\u00f8rs brug er beregnet til messeudstillinger og fremvisninger udend\u00f8rs. Bannerne af stof og portalen til demonstrationer og reklamebudskaber er meget synlige. Hurtig levering hver dag fra vores trykkeri.","og_url":"https:\/\/www.gdirekt.se\/da\/produkt\/bannerbow-eventbue-til-udendors-brug\/","og_site_name":"Gdirekt.se","article_modified_time":"2019-01-16T14:05:57+00:00","og_image":[{"width":1000,"height":1000,"url":"https:\/\/www.gdirekt.se\/wp-content\/uploads\/bannerbow_outdoor.png","type":"image\/png"}],"twitter_card":"summary_large_image","twitter_misc":{"Estimeret l\u00e6setid":"1 minut"},"schema":{"@context":"https:\/\/schema.org","@graph":[{"@type":"WebPage","@id":"https:\/\/www.gdirekt.se\/da\/produkt\/bannerbow-eventbue-til-udendors-brug\/","url":"https:\/\/www.gdirekt.se\/da\/produkt\/bannerbow-eventbue-til-udendors-brug\/","name":"Bannerbow \u2013 Eventbue til udend\u00f8rs brug til arenaen og messen | Gdirekt.se","isPartOf":{"@id":"https:\/\/www.gdirekt.se\/#website"},"primaryImageOfPage":{"@id":"https:\/\/www.gdirekt.se\/da\/produkt\/bannerbow-eventbue-til-udendors-brug\/#primaryimage"},"image":{"@id":"https:\/\/www.gdirekt.se\/da\/produkt\/bannerbow-eventbue-til-udendors-brug\/#primaryimage"},"thumbnailUrl":"https:\/\/www.gdirekt.se\/wp-content\/uploads\/bannerbow_outdoor.png","datePublished":"2017-05-22T13:37:42+00:00","dateModified":"2019-01-16T14:05:57+00:00","description":"Bannerbow \u2013 Eventbue til udend\u00f8rs brug er beregnet til messeudstillinger og fremvisninger udend\u00f8rs. Bannerne af stof og portalen til demonstrationer og reklamebudskaber er meget synlige. Hurtig levering hver dag fra vores trykkeri.","breadcrumb":{"@id":"https:\/\/www.gdirekt.se\/da\/produkt\/bannerbow-eventbue-til-udendors-brug\/#breadcrumb"},"inLanguage":"da-DK","potentialAction":[{"@type":"ReadAction","target":["https:\/\/www.gdirekt.se\/da\/produkt\/bannerbow-eventbue-til-udendors-brug\/"]}]},{"@type":"ImageObject","inLanguage":"da-DK","@id":"https:\/\/www.gdirekt.se\/da\/produkt\/bannerbow-eventbue-til-udendors-brug\/#primaryimage","url":"https:\/\/www.gdirekt.se\/wp-content\/uploads\/bannerbow_outdoor.png","contentUrl":"https:\/\/www.gdirekt.se\/wp-content\/uploads\/bannerbow_outdoor.png","width":1000,"height":1000,"caption":"Eventbue for udend\u00f8rs\/outdoor"},{"@type":"BreadcrumbList","@id":"https:\/\/www.gdirekt.se\/da\/produkt\/bannerbow-eventbue-til-udendors-brug\/#breadcrumb","itemListElement":[{"@type":"ListItem","position":1,"name":"Hem","item":"https:\/\/www.gdirekt.se\/da\/"},{"@type":"ListItem","position":2,"name":"Start","item":"https:\/\/www.gdirekt.se\/da\/"},{"@type":"ListItem","position":3,"name":"Bannerbow \u2013 Eventbue til udend\u00f8rs brug"}]},{"@type":"WebSite","@id":"https:\/\/www.gdirekt.se\/#website","url":"https:\/\/www.gdirekt.se\/","name":"Gdirekt.se","description":"Tryck snabbt \u00e5 l\u00e4tt = Gdirekt","potentialAction":[{"@type":"SearchAction","target":{"@type":"EntryPoint","urlTemplate":"https:\/\/www.gdirekt.se\/?s={search_term_string}"},"query-input":{"@type":"PropertyValueSpecification","valueRequired":true,"valueName":"search_term_string"}}],"inLanguage":"da-DK"}]}},"_links":{"self":[{"href":"https:\/\/www.gdirekt.se\/da\/wp-json\/wp\/v2\/product\/9576","targetHints":{"allow":["GET"]}}],"collection":[{"href":"https:\/\/www.gdirekt.se\/da\/wp-json\/wp\/v2\/product"}],"about":[{"href":"https:\/\/www.gdirekt.se\/da\/wp-json\/wp\/v2\/types\/product"}],"wp:featuredmedia":[{"embeddable":true,"href":"https:\/\/www.gdirekt.se\/da\/wp-json\/wp\/v2\/media\/8742"}],"wp:attachment":[{"href":"https:\/\/www.gdirekt.se\/da\/wp-json\/wp\/v2\/media?parent=9576"}],"wp:term":[{"taxonomy":"product_brand","embeddable":true,"href":"https:\/\/www.gdirekt.se\/da\/wp-json\/wp\/v2\/product_brand?post=9576"},{"taxonomy":"product_cat","embeddable":true,"href":"https:\/\/www.gdirekt.se\/da\/wp-json\/wp\/v2\/product_cat?post=9576"},{"taxonomy":"product_tag","embeddable":true,"href":"https:\/\/www.gdirekt.se\/da\/wp-json\/wp\/v2\/product_tag?post=9576"}],"curies":[{"name":"wp","href":"https:\/\/api.w.org\/{rel}","templated":true}]}}