{"id":9575,"date":"2018-05-02T16:16:22","date_gmt":"2018-05-02T14:16:22","guid":{"rendered":"http:\/\/gdirekt.hamstage.hamrenmedia.se\/produkt\/advarselsskilt-rengoring-gulvet-er-vadt\/"},"modified":"2024-02-01T09:30:43","modified_gmt":"2024-02-01T08:30:43","slug":"advarselsskilt-rengoring-gulvet-er-vadt","status":"publish","type":"product","link":"https:\/\/www.gdirekt.se\/da\/produkt\/advarselsskilt-rengoring-gulvet-er-vadt\/","title":{"rendered":"Advarselsskilt \u2013 Reng\u00f8ring\/gulvet er v\u00e5dt"},"content":{"rendered":"<p>Advarselsskilt \u2013 Reng\u00f8ring\/gulvet er v\u00e5dt stilles op, n\u00e5r man vil vise, at der vaskes gulv. Det vigtigste er, at kunder og andre kan se, at gulvet kan v\u00e6re glat, s\u00e5 man risikerer at glide. Disse typer gulvskilte er meget effektive, og man bliver helt klart mere forsigtig. Hvis der er brug for andre advarselsskilte, har vi ogs\u00e5 hjemmesiden\u00a0<a href=\"https:\/\/shop.svasab.se\/\"><strong>SVASAB<\/strong><\/a>. Hvis der er brug for andre typer gadestandere eller gadeskilte, kan de findes p\u00e5\u00a0<a href=\"https:\/\/www.gdirekt.se\/produkt-kategori\/gatupratare-och-trottoarpratare\/\"><strong>denne side<\/strong><\/a>.<\/p>\n","protected":false},"excerpt":{"rendered":"<p>Bestil let Advarselsskilt \u2013 Reng\u00f8ring\/gulvet er v\u00e5dt her.P\u00e5 den ene side st\u00e5r der\u00a0<strong>&#8220;RENG\u00d8RING&#8221;<\/strong>og p\u00e5 den anden side st\u00e5r der\u00a0<strong>&#8220;GULVET ER V\u00c5DT&#8221;<\/strong>. De er 65\u00a0cm h\u00f8je og lette at klappe ud og stille op, s\u00e5 ingen glider.<\/p>\n","protected":false},"featured_media":8921,"template":"","meta":{"_acf_changed":false},"product_brand":[],"product_cat":[355,356],"product_tag":[],"class_list":{"0":"post-9575","1":"product","2":"type-product","3":"status-publish","4":"has-post-thumbnail","6":"product_cat-gatupratare-og-fortovet-snak","7":"product_cat-udendoersskilte-og-expo","8":"product_shipping_class-180sek","10":"first","11":"instock","12":"taxable","13":"shipping-taxable","14":"purchasable","15":"product-type-simple"},"exclude_global_add_ons":[],"addons":[],"acf":[],"yoast_head":"<!-- This site is optimized with the Yoast SEO plugin v27.2 - https:\/\/yoast.com\/product\/yoast-seo-wordpress\/ -->\n<title>Advarselsskilt \u2013 Reng\u00f8ring\/gulvet er v\u00e5dt, god pris og hurtig forsendelse | Gdirekt.se<\/title>\n<meta name=\"description\" content=\"Advarselsskilt \u2013 Reng\u00f8ring\/gulvet er v\u00e5dt kan let bestilles her direkte fra vores lager. De koster kun 349 kr. og bruges ved reng\u00f8ring i butikker og forretningslokaler for at sikre, at kunderne ikke glider p\u00e5 det glatte gulv.\" \/>\n<meta name=\"robots\" content=\"index, follow, max-snippet:-1, max-image-preview:large, max-video-preview:-1\" \/>\n<link rel=\"canonical\" href=\"https:\/\/www.gdirekt.se\/da\/produkt\/advarselsskilt-rengoring-gulvet-er-vadt\/\" \/>\n<meta property=\"og:locale\" content=\"da_DK\" \/>\n<meta property=\"og:type\" content=\"article\" \/>\n<meta property=\"og:title\" content=\"Advarselsskilt \u2013 Reng\u00f8ring\/gulvet er v\u00e5dt, god pris og hurtig forsendelse | Gdirekt.se\" \/>\n<meta property=\"og:description\" content=\"Advarselsskilt \u2013 Reng\u00f8ring\/gulvet er v\u00e5dt kan let bestilles her direkte fra vores lager. De koster kun 349 kr. og bruges ved reng\u00f8ring i butikker og forretningslokaler for at sikre, at kunderne ikke glider p\u00e5 det glatte gulv.\" \/>\n<meta property=\"og:url\" content=\"https:\/\/www.gdirekt.se\/da\/produkt\/advarselsskilt-rengoring-gulvet-er-vadt\/\" \/>\n<meta property=\"og:site_name\" content=\"Gdirekt.se\" \/>\n<meta property=\"article:modified_time\" content=\"2024-02-01T08:30:43+00:00\" \/>\n<meta property=\"og:image\" content=\"https:\/\/www.gdirekt.se\/wp-content\/uploads\/st\u00e4dning-p\u00e5g\u00e5r-v\u00e5ta-golv-skylt.png\" \/>\n\t<meta property=\"og:image:width\" content=\"1000\" \/>\n\t<meta property=\"og:image:height\" content=\"1000\" \/>\n\t<meta property=\"og:image:type\" content=\"image\/png\" \/>\n<meta name=\"twitter:card\" content=\"summary_large_image\" \/>\n<script type=\"application\/ld+json\" class=\"yoast-schema-graph\">{\"@context\":\"https:\/\/schema.org\",\"@graph\":[{\"@type\":\"WebPage\",\"@id\":\"https:\/\/www.gdirekt.se\/da\/produkt\/advarselsskilt-rengoring-gulvet-er-vadt\/\",\"url\":\"https:\/\/www.gdirekt.se\/da\/produkt\/advarselsskilt-rengoring-gulvet-er-vadt\/\",\"name\":\"Advarselsskilt \u2013 Reng\u00f8ring\/gulvet er v\u00e5dt, god pris og hurtig forsendelse | Gdirekt.se\",\"isPartOf\":{\"@id\":\"https:\/\/www.gdirekt.se\/#website\"},\"primaryImageOfPage\":{\"@id\":\"https:\/\/www.gdirekt.se\/da\/produkt\/advarselsskilt-rengoring-gulvet-er-vadt\/#primaryimage\"},\"image\":{\"@id\":\"https:\/\/www.gdirekt.se\/da\/produkt\/advarselsskilt-rengoring-gulvet-er-vadt\/#primaryimage\"},\"thumbnailUrl\":\"https:\/\/www.gdirekt.se\/wp-content\/uploads\/st\u00e4dning-p\u00e5g\u00e5r-v\u00e5ta-golv-skylt.png\",\"datePublished\":\"2018-05-02T14:16:22+00:00\",\"dateModified\":\"2024-02-01T08:30:43+00:00\",\"description\":\"Advarselsskilt \u2013 Reng\u00f8ring\/gulvet er v\u00e5dt kan let bestilles her direkte fra vores lager. De koster kun 349 kr. og bruges ved reng\u00f8ring i butikker og forretningslokaler for at sikre, at kunderne ikke glider p\u00e5 det glatte gulv.\",\"breadcrumb\":{\"@id\":\"https:\/\/www.gdirekt.se\/da\/produkt\/advarselsskilt-rengoring-gulvet-er-vadt\/#breadcrumb\"},\"inLanguage\":\"da-DK\",\"potentialAction\":[{\"@type\":\"ReadAction\",\"target\":[\"https:\/\/www.gdirekt.se\/da\/produkt\/advarselsskilt-rengoring-gulvet-er-vadt\/\"]}]},{\"@type\":\"ImageObject\",\"inLanguage\":\"da-DK\",\"@id\":\"https:\/\/www.gdirekt.se\/da\/produkt\/advarselsskilt-rengoring-gulvet-er-vadt\/#primaryimage\",\"url\":\"https:\/\/www.gdirekt.se\/wp-content\/uploads\/st\u00e4dning-p\u00e5g\u00e5r-v\u00e5ta-golv-skylt.png\",\"contentUrl\":\"https:\/\/www.gdirekt.se\/wp-content\/uploads\/st\u00e4dning-p\u00e5g\u00e5r-v\u00e5ta-golv-skylt.png\",\"width\":1000,\"height\":1000,\"caption\":\"Smart skilt til v\u00e5de og glatte gulve\"},{\"@type\":\"BreadcrumbList\",\"@id\":\"https:\/\/www.gdirekt.se\/da\/produkt\/advarselsskilt-rengoring-gulvet-er-vadt\/#breadcrumb\",\"itemListElement\":[{\"@type\":\"ListItem\",\"position\":1,\"name\":\"Hem\",\"item\":\"https:\/\/www.gdirekt.se\/da\/\"},{\"@type\":\"ListItem\",\"position\":2,\"name\":\"Start\",\"item\":\"https:\/\/www.gdirekt.se\/da\/\"},{\"@type\":\"ListItem\",\"position\":3,\"name\":\"Advarselsskilt \u2013 Reng\u00f8ring\/gulvet er v\u00e5dt\"}]},{\"@type\":\"WebSite\",\"@id\":\"https:\/\/www.gdirekt.se\/#website\",\"url\":\"https:\/\/www.gdirekt.se\/\",\"name\":\"Gdirekt.se\",\"description\":\"Tryck snabbt \u00e5 l\u00e4tt = Gdirekt\",\"potentialAction\":[{\"@type\":\"SearchAction\",\"target\":{\"@type\":\"EntryPoint\",\"urlTemplate\":\"https:\/\/www.gdirekt.se\/?s={search_term_string}\"},\"query-input\":{\"@type\":\"PropertyValueSpecification\",\"valueRequired\":true,\"valueName\":\"search_term_string\"}}],\"inLanguage\":\"da-DK\"}]}<\/script>\n<!-- \/ Yoast SEO plugin. -->","yoast_head_json":{"title":"Advarselsskilt \u2013 Reng\u00f8ring\/gulvet er v\u00e5dt, god pris og hurtig forsendelse | Gdirekt.se","description":"Advarselsskilt \u2013 Reng\u00f8ring\/gulvet er v\u00e5dt kan let bestilles her direkte fra vores lager. De koster kun 349 kr. og bruges ved reng\u00f8ring i butikker og forretningslokaler for at sikre, at kunderne ikke glider p\u00e5 det glatte gulv.","robots":{"index":"index","follow":"follow","max-snippet":"max-snippet:-1","max-image-preview":"max-image-preview:large","max-video-preview":"max-video-preview:-1"},"canonical":"https:\/\/www.gdirekt.se\/da\/produkt\/advarselsskilt-rengoring-gulvet-er-vadt\/","og_locale":"da_DK","og_type":"article","og_title":"Advarselsskilt \u2013 Reng\u00f8ring\/gulvet er v\u00e5dt, god pris og hurtig forsendelse | Gdirekt.se","og_description":"Advarselsskilt \u2013 Reng\u00f8ring\/gulvet er v\u00e5dt kan let bestilles her direkte fra vores lager. De koster kun 349 kr. og bruges ved reng\u00f8ring i butikker og forretningslokaler for at sikre, at kunderne ikke glider p\u00e5 det glatte gulv.","og_url":"https:\/\/www.gdirekt.se\/da\/produkt\/advarselsskilt-rengoring-gulvet-er-vadt\/","og_site_name":"Gdirekt.se","article_modified_time":"2024-02-01T08:30:43+00:00","og_image":[{"width":1000,"height":1000,"url":"https:\/\/www.gdirekt.se\/wp-content\/uploads\/st\u00e4dning-p\u00e5g\u00e5r-v\u00e5ta-golv-skylt.png","type":"image\/png"}],"twitter_card":"summary_large_image","schema":{"@context":"https:\/\/schema.org","@graph":[{"@type":"WebPage","@id":"https:\/\/www.gdirekt.se\/da\/produkt\/advarselsskilt-rengoring-gulvet-er-vadt\/","url":"https:\/\/www.gdirekt.se\/da\/produkt\/advarselsskilt-rengoring-gulvet-er-vadt\/","name":"Advarselsskilt \u2013 Reng\u00f8ring\/gulvet er v\u00e5dt, god pris og hurtig forsendelse | Gdirekt.se","isPartOf":{"@id":"https:\/\/www.gdirekt.se\/#website"},"primaryImageOfPage":{"@id":"https:\/\/www.gdirekt.se\/da\/produkt\/advarselsskilt-rengoring-gulvet-er-vadt\/#primaryimage"},"image":{"@id":"https:\/\/www.gdirekt.se\/da\/produkt\/advarselsskilt-rengoring-gulvet-er-vadt\/#primaryimage"},"thumbnailUrl":"https:\/\/www.gdirekt.se\/wp-content\/uploads\/st\u00e4dning-p\u00e5g\u00e5r-v\u00e5ta-golv-skylt.png","datePublished":"2018-05-02T14:16:22+00:00","dateModified":"2024-02-01T08:30:43+00:00","description":"Advarselsskilt \u2013 Reng\u00f8ring\/gulvet er v\u00e5dt kan let bestilles her direkte fra vores lager. De koster kun 349 kr. og bruges ved reng\u00f8ring i butikker og forretningslokaler for at sikre, at kunderne ikke glider p\u00e5 det glatte gulv.","breadcrumb":{"@id":"https:\/\/www.gdirekt.se\/da\/produkt\/advarselsskilt-rengoring-gulvet-er-vadt\/#breadcrumb"},"inLanguage":"da-DK","potentialAction":[{"@type":"ReadAction","target":["https:\/\/www.gdirekt.se\/da\/produkt\/advarselsskilt-rengoring-gulvet-er-vadt\/"]}]},{"@type":"ImageObject","inLanguage":"da-DK","@id":"https:\/\/www.gdirekt.se\/da\/produkt\/advarselsskilt-rengoring-gulvet-er-vadt\/#primaryimage","url":"https:\/\/www.gdirekt.se\/wp-content\/uploads\/st\u00e4dning-p\u00e5g\u00e5r-v\u00e5ta-golv-skylt.png","contentUrl":"https:\/\/www.gdirekt.se\/wp-content\/uploads\/st\u00e4dning-p\u00e5g\u00e5r-v\u00e5ta-golv-skylt.png","width":1000,"height":1000,"caption":"Smart skilt til v\u00e5de og glatte gulve"},{"@type":"BreadcrumbList","@id":"https:\/\/www.gdirekt.se\/da\/produkt\/advarselsskilt-rengoring-gulvet-er-vadt\/#breadcrumb","itemListElement":[{"@type":"ListItem","position":1,"name":"Hem","item":"https:\/\/www.gdirekt.se\/da\/"},{"@type":"ListItem","position":2,"name":"Start","item":"https:\/\/www.gdirekt.se\/da\/"},{"@type":"ListItem","position":3,"name":"Advarselsskilt \u2013 Reng\u00f8ring\/gulvet er v\u00e5dt"}]},{"@type":"WebSite","@id":"https:\/\/www.gdirekt.se\/#website","url":"https:\/\/www.gdirekt.se\/","name":"Gdirekt.se","description":"Tryck snabbt \u00e5 l\u00e4tt = Gdirekt","potentialAction":[{"@type":"SearchAction","target":{"@type":"EntryPoint","urlTemplate":"https:\/\/www.gdirekt.se\/?s={search_term_string}"},"query-input":{"@type":"PropertyValueSpecification","valueRequired":true,"valueName":"search_term_string"}}],"inLanguage":"da-DK"}]}},"_links":{"self":[{"href":"https:\/\/www.gdirekt.se\/da\/wp-json\/wp\/v2\/product\/9575","targetHints":{"allow":["GET"]}}],"collection":[{"href":"https:\/\/www.gdirekt.se\/da\/wp-json\/wp\/v2\/product"}],"about":[{"href":"https:\/\/www.gdirekt.se\/da\/wp-json\/wp\/v2\/types\/product"}],"wp:featuredmedia":[{"embeddable":true,"href":"https:\/\/www.gdirekt.se\/da\/wp-json\/wp\/v2\/media\/8921"}],"wp:attachment":[{"href":"https:\/\/www.gdirekt.se\/da\/wp-json\/wp\/v2\/media?parent=9575"}],"wp:term":[{"taxonomy":"product_brand","embeddable":true,"href":"https:\/\/www.gdirekt.se\/da\/wp-json\/wp\/v2\/product_brand?post=9575"},{"taxonomy":"product_cat","embeddable":true,"href":"https:\/\/www.gdirekt.se\/da\/wp-json\/wp\/v2\/product_cat?post=9575"},{"taxonomy":"product_tag","embeddable":true,"href":"https:\/\/www.gdirekt.se\/da\/wp-json\/wp\/v2\/product_tag?post=9575"}],"curies":[{"name":"wp","href":"https:\/\/api.w.org\/{rel}","templated":true}]}}