{"id":9574,"date":"2017-05-10T16:17:46","date_gmt":"2017-05-10T14:17:46","guid":{"rendered":"http:\/\/gdirekt.hamstage.hamrenmedia.se\/produkt\/skiltefod-quickbase\/"},"modified":"2024-02-01T09:33:36","modified_gmt":"2024-02-01T08:33:36","slug":"skiltefod-quickbase","status":"publish","type":"product","link":"https:\/\/www.gdirekt.se\/da\/produkt\/skiltefod-quickbase\/","title":{"rendered":"Skiltefod QuickBase"},"content":{"rendered":"<p><span lang=\"DA\">Skiltefod QuickBase er en skilteholder til plader og plantrykte reklames\u00f8jler.\u00a0Foden passer til mange forskellige pladematerialer med en tykkelse p\u00e5 2-20\u00a0mm. Skilteholderen vejer 4\u00a0kg og er fremstillet af pulverlakeret st\u00e5l i antracit. Bredden og dybden er 365\u00a0mm. Den anbefalede maksimumv\u00e6gt p\u00e5 pladerne er 10 kg, og det kan v\u00e6re skumplader, Stadur-plader, tr\u00e6plader og Dibond-plader. Det er endda muligt at formsk\u00e6re de trykte plader, som let skrues fast med de to medf\u00f8lgende skruer i skiltefoden.<span class=\"apple-converted-space\">\u00a0<\/span><\/span><span lang=\"DA\"><a href=\"https:\/\/www.gdirekt.se\/produkt-kategori\/skyltar\/\">Se, hvilke pladematerialer der kan bestilles, her!<\/a><\/span><\/p>\n<p><span lang=\"DA\">QuickBase-foden bruges for eksempel til butiksreklamer, reklames\u00f8jler, informationskilte, udsalgsskilte og vejvisere. Dette skiltesystem er ogs\u00e5 velegnet til brug p\u00e5 messer, stadioner, i butikker, i gallerier, i butikscentre, hos bilforhandlere, i supermarkeder og alle former for offentlige milj\u00f8er. F\u00e5 flere ideer og mere inspiration p\u00e5 vores<span class=\"apple-converted-space\">\u00a0<\/span><\/span><span lang=\"DA\"><a href=\"https:\/\/www.instagram.com\/gigantprint\/\"><b><i>Instagramprofil<\/i><\/b><\/a><\/span><span lang=\"DA\">!<\/span><\/p>\n","protected":false},"excerpt":{"rendered":"<p>Skiltefod QuickBase er en skilteholder til plader og plantrykte reklames\u00f8jler.\u00a0Foden passer til h\u00e5rde plader med en tykkelse p\u00e5 2-20\u00a0mm. Skilteholderen vejer 4\u00a0kg og er fremstillet af pulverlakeret st\u00e5l.<\/p>\n","protected":false},"featured_media":8723,"template":"","meta":{"_acf_changed":false},"product_brand":[],"product_cat":[357,379],"product_tag":[],"class_list":{"0":"post-9574","1":"product","2":"type-product","3":"status-publish","4":"has-post-thumbnail","6":"product_cat-reklamstall-og-butikdisplayer","7":"product_cat-skilte-tilbehoer","8":"product_shipping_class-180sek","10":"first","11":"instock","12":"taxable","13":"shipping-taxable","14":"purchasable","15":"product-type-simple"},"exclude_global_add_ons":[],"addons":[],"acf":[],"yoast_head":"<!-- This site is optimized with the Yoast SEO plugin v27.2 - https:\/\/yoast.com\/product\/yoast-seo-wordpress\/ -->\n<title>Skiltefod QuickBase en stabil holder til plademateriale med tryk | Gdirekt.se<\/title>\n<meta name=\"description\" content=\"Skiltefod QuickBase er en skilteholder til plader og plantrykte reklames\u00f8jler. Bestil til brug i butik som udsalgsskilt eller informationskilte.\" \/>\n<meta name=\"robots\" content=\"index, follow, max-snippet:-1, max-image-preview:large, max-video-preview:-1\" \/>\n<link rel=\"canonical\" href=\"https:\/\/www.gdirekt.se\/da\/produkt\/skiltefod-quickbase\/\" \/>\n<meta property=\"og:locale\" content=\"da_DK\" \/>\n<meta property=\"og:type\" content=\"article\" \/>\n<meta property=\"og:title\" content=\"Skiltefod QuickBase en stabil holder til plademateriale med tryk | Gdirekt.se\" \/>\n<meta property=\"og:description\" content=\"Skiltefod QuickBase er en skilteholder til plader og plantrykte reklames\u00f8jler. Bestil til brug i butik som udsalgsskilt eller informationskilte.\" \/>\n<meta property=\"og:url\" content=\"https:\/\/www.gdirekt.se\/da\/produkt\/skiltefod-quickbase\/\" \/>\n<meta property=\"og:site_name\" content=\"Gdirekt.se\" \/>\n<meta property=\"article:modified_time\" content=\"2024-02-01T08:33:36+00:00\" \/>\n<meta property=\"og:image\" content=\"https:\/\/www.gdirekt.se\/wp-content\/uploads\/skyltfot_quickbase.png\" \/>\n\t<meta property=\"og:image:width\" content=\"1000\" \/>\n\t<meta property=\"og:image:height\" content=\"1000\" \/>\n\t<meta property=\"og:image:type\" content=\"image\/png\" \/>\n<meta name=\"twitter:card\" content=\"summary_large_image\" \/>\n<meta name=\"twitter:label1\" content=\"Estimeret l\u00e6setid\" \/>\n\t<meta name=\"twitter:data1\" content=\"1 minut\" \/>\n<script type=\"application\/ld+json\" class=\"yoast-schema-graph\">{\"@context\":\"https:\/\/schema.org\",\"@graph\":[{\"@type\":\"WebPage\",\"@id\":\"https:\/\/www.gdirekt.se\/da\/produkt\/skiltefod-quickbase\/\",\"url\":\"https:\/\/www.gdirekt.se\/da\/produkt\/skiltefod-quickbase\/\",\"name\":\"Skiltefod QuickBase en stabil holder til plademateriale med tryk | Gdirekt.se\",\"isPartOf\":{\"@id\":\"https:\/\/www.gdirekt.se\/#website\"},\"primaryImageOfPage\":{\"@id\":\"https:\/\/www.gdirekt.se\/da\/produkt\/skiltefod-quickbase\/#primaryimage\"},\"image\":{\"@id\":\"https:\/\/www.gdirekt.se\/da\/produkt\/skiltefod-quickbase\/#primaryimage\"},\"thumbnailUrl\":\"https:\/\/www.gdirekt.se\/wp-content\/uploads\/skyltfot_quickbase.png\",\"datePublished\":\"2017-05-10T14:17:46+00:00\",\"dateModified\":\"2024-02-01T08:33:36+00:00\",\"description\":\"Skiltefod QuickBase er en skilteholder til plader og plantrykte reklames\u00f8jler. Bestil til brug i butik som udsalgsskilt eller informationskilte.\",\"breadcrumb\":{\"@id\":\"https:\/\/www.gdirekt.se\/da\/produkt\/skiltefod-quickbase\/#breadcrumb\"},\"inLanguage\":\"da-DK\",\"potentialAction\":[{\"@type\":\"ReadAction\",\"target\":[\"https:\/\/www.gdirekt.se\/da\/produkt\/skiltefod-quickbase\/\"]}]},{\"@type\":\"ImageObject\",\"inLanguage\":\"da-DK\",\"@id\":\"https:\/\/www.gdirekt.se\/da\/produkt\/skiltefod-quickbase\/#primaryimage\",\"url\":\"https:\/\/www.gdirekt.se\/wp-content\/uploads\/skyltfot_quickbase.png\",\"contentUrl\":\"https:\/\/www.gdirekt.se\/wp-content\/uploads\/skyltfot_quickbase.png\",\"width\":1000,\"height\":1000,\"caption\":\"En smart skiltefod for fladt skive materiale\"},{\"@type\":\"BreadcrumbList\",\"@id\":\"https:\/\/www.gdirekt.se\/da\/produkt\/skiltefod-quickbase\/#breadcrumb\",\"itemListElement\":[{\"@type\":\"ListItem\",\"position\":1,\"name\":\"Hem\",\"item\":\"https:\/\/www.gdirekt.se\/da\/\"},{\"@type\":\"ListItem\",\"position\":2,\"name\":\"Start\",\"item\":\"https:\/\/www.gdirekt.se\/da\/\"},{\"@type\":\"ListItem\",\"position\":3,\"name\":\"Skiltefod QuickBase\"}]},{\"@type\":\"WebSite\",\"@id\":\"https:\/\/www.gdirekt.se\/#website\",\"url\":\"https:\/\/www.gdirekt.se\/\",\"name\":\"Gdirekt.se\",\"description\":\"Tryck snabbt \u00e5 l\u00e4tt = Gdirekt\",\"potentialAction\":[{\"@type\":\"SearchAction\",\"target\":{\"@type\":\"EntryPoint\",\"urlTemplate\":\"https:\/\/www.gdirekt.se\/?s={search_term_string}\"},\"query-input\":{\"@type\":\"PropertyValueSpecification\",\"valueRequired\":true,\"valueName\":\"search_term_string\"}}],\"inLanguage\":\"da-DK\"}]}<\/script>\n<!-- \/ Yoast SEO plugin. -->","yoast_head_json":{"title":"Skiltefod QuickBase en stabil holder til plademateriale med tryk | Gdirekt.se","description":"Skiltefod QuickBase er en skilteholder til plader og plantrykte reklames\u00f8jler. Bestil til brug i butik som udsalgsskilt eller informationskilte.","robots":{"index":"index","follow":"follow","max-snippet":"max-snippet:-1","max-image-preview":"max-image-preview:large","max-video-preview":"max-video-preview:-1"},"canonical":"https:\/\/www.gdirekt.se\/da\/produkt\/skiltefod-quickbase\/","og_locale":"da_DK","og_type":"article","og_title":"Skiltefod QuickBase en stabil holder til plademateriale med tryk | Gdirekt.se","og_description":"Skiltefod QuickBase er en skilteholder til plader og plantrykte reklames\u00f8jler. Bestil til brug i butik som udsalgsskilt eller informationskilte.","og_url":"https:\/\/www.gdirekt.se\/da\/produkt\/skiltefod-quickbase\/","og_site_name":"Gdirekt.se","article_modified_time":"2024-02-01T08:33:36+00:00","og_image":[{"width":1000,"height":1000,"url":"https:\/\/www.gdirekt.se\/wp-content\/uploads\/skyltfot_quickbase.png","type":"image\/png"}],"twitter_card":"summary_large_image","twitter_misc":{"Estimeret l\u00e6setid":"1 minut"},"schema":{"@context":"https:\/\/schema.org","@graph":[{"@type":"WebPage","@id":"https:\/\/www.gdirekt.se\/da\/produkt\/skiltefod-quickbase\/","url":"https:\/\/www.gdirekt.se\/da\/produkt\/skiltefod-quickbase\/","name":"Skiltefod QuickBase en stabil holder til plademateriale med tryk | Gdirekt.se","isPartOf":{"@id":"https:\/\/www.gdirekt.se\/#website"},"primaryImageOfPage":{"@id":"https:\/\/www.gdirekt.se\/da\/produkt\/skiltefod-quickbase\/#primaryimage"},"image":{"@id":"https:\/\/www.gdirekt.se\/da\/produkt\/skiltefod-quickbase\/#primaryimage"},"thumbnailUrl":"https:\/\/www.gdirekt.se\/wp-content\/uploads\/skyltfot_quickbase.png","datePublished":"2017-05-10T14:17:46+00:00","dateModified":"2024-02-01T08:33:36+00:00","description":"Skiltefod QuickBase er en skilteholder til plader og plantrykte reklames\u00f8jler. Bestil til brug i butik som udsalgsskilt eller informationskilte.","breadcrumb":{"@id":"https:\/\/www.gdirekt.se\/da\/produkt\/skiltefod-quickbase\/#breadcrumb"},"inLanguage":"da-DK","potentialAction":[{"@type":"ReadAction","target":["https:\/\/www.gdirekt.se\/da\/produkt\/skiltefod-quickbase\/"]}]},{"@type":"ImageObject","inLanguage":"da-DK","@id":"https:\/\/www.gdirekt.se\/da\/produkt\/skiltefod-quickbase\/#primaryimage","url":"https:\/\/www.gdirekt.se\/wp-content\/uploads\/skyltfot_quickbase.png","contentUrl":"https:\/\/www.gdirekt.se\/wp-content\/uploads\/skyltfot_quickbase.png","width":1000,"height":1000,"caption":"En smart skiltefod for fladt skive materiale"},{"@type":"BreadcrumbList","@id":"https:\/\/www.gdirekt.se\/da\/produkt\/skiltefod-quickbase\/#breadcrumb","itemListElement":[{"@type":"ListItem","position":1,"name":"Hem","item":"https:\/\/www.gdirekt.se\/da\/"},{"@type":"ListItem","position":2,"name":"Start","item":"https:\/\/www.gdirekt.se\/da\/"},{"@type":"ListItem","position":3,"name":"Skiltefod QuickBase"}]},{"@type":"WebSite","@id":"https:\/\/www.gdirekt.se\/#website","url":"https:\/\/www.gdirekt.se\/","name":"Gdirekt.se","description":"Tryck snabbt \u00e5 l\u00e4tt = Gdirekt","potentialAction":[{"@type":"SearchAction","target":{"@type":"EntryPoint","urlTemplate":"https:\/\/www.gdirekt.se\/?s={search_term_string}"},"query-input":{"@type":"PropertyValueSpecification","valueRequired":true,"valueName":"search_term_string"}}],"inLanguage":"da-DK"}]}},"_links":{"self":[{"href":"https:\/\/www.gdirekt.se\/da\/wp-json\/wp\/v2\/product\/9574","targetHints":{"allow":["GET"]}}],"collection":[{"href":"https:\/\/www.gdirekt.se\/da\/wp-json\/wp\/v2\/product"}],"about":[{"href":"https:\/\/www.gdirekt.se\/da\/wp-json\/wp\/v2\/types\/product"}],"wp:featuredmedia":[{"embeddable":true,"href":"https:\/\/www.gdirekt.se\/da\/wp-json\/wp\/v2\/media\/8723"}],"wp:attachment":[{"href":"https:\/\/www.gdirekt.se\/da\/wp-json\/wp\/v2\/media?parent=9574"}],"wp:term":[{"taxonomy":"product_brand","embeddable":true,"href":"https:\/\/www.gdirekt.se\/da\/wp-json\/wp\/v2\/product_brand?post=9574"},{"taxonomy":"product_cat","embeddable":true,"href":"https:\/\/www.gdirekt.se\/da\/wp-json\/wp\/v2\/product_cat?post=9574"},{"taxonomy":"product_tag","embeddable":true,"href":"https:\/\/www.gdirekt.se\/da\/wp-json\/wp\/v2\/product_tag?post=9574"}],"curies":[{"name":"wp","href":"https:\/\/api.w.org\/{rel}","templated":true}]}}