{"id":9569,"date":"2017-05-04T22:28:34","date_gmt":"2017-05-04T20:28:34","guid":{"rendered":"http:\/\/gdirekt.hamstage.hamrenmedia.se\/produkt\/plastfrontbeskyttelse-til-snapramme\/"},"modified":"2019-09-30T11:00:11","modified_gmt":"2019-09-30T09:00:11","slug":"plastfrontbeskyttelse-til-snapramme-5-stk","status":"publish","type":"product","link":"https:\/\/www.gdirekt.se\/da\/produkt\/plastfrontbeskyttelse-til-snapramme-5-stk\/","title":{"rendered":"Plastfrontbeskyttelse til snapramme 5 stk"},"content":{"rendered":"<p><span lang=\"DA\">Plastfrontbeskyttelse til snapramme 5 stk og fortovsskilt samt gadeskilt kan bruges b\u00e5de inde og ude. Ved bestilling af en eller flere plastfronter som ekstra beskyttelse til plakatrammerne leveres de direkte fra fabrikken.\u00a0Disse plastfronter f\u00e5s i standardst\u00f8rrelsen A4 (297 x 210 mm), A3 (297 x 420 mm), 50 x 70 cm og 70 x 100 cm. Snapramme og klikramme er en og samme ting (s\u00e5 bliv ikke forvirret). Og dette produkt kaldes ogs\u00e5 for plastbeskyttelse.<\/span><\/p>\n<p><span lang=\"DA\">Plastbeskyttelsen er meget let at montere. Man l\u00e6gger ganske enkelt plastfronten foran plakaten eller posteren i holderen, og derefter klikker man plasten p\u00e5 plads.\u00a0Selve snapkonstruktionen er desuden meget kraftig og holder den trykte poster eller den regnfaste, tynde plastplakat fast. Du kan bestille\u00a0<\/span><span lang=\"DA\"><a href=\"https:\/\/www.gdirekt.se\/produkt-kategori\/posters-och-affischer\/\">trykte plakater med et personligt budskab her!<\/a><\/span><\/p>\n<p><span lang=\"DA\">F\u00f8lg os p\u00e5<span class=\"apple-converted-space\">\u00a0<\/span><\/span><span lang=\"DA\"><a href=\"https:\/\/www.instagram.com\/gigantprint\/\"><b><i>Instagram<\/i><\/b><\/a><\/span><span lang=\"DA\">for at se nyheder og oplysninger om alle vores produkter!<\/span><\/p>\n","protected":false},"excerpt":{"rendered":"<p>Plastfrontbeskyttelse til snapramme og fortovsskilt samt gadeskilt. Bestilles som pakke med\u00a0<strong>5 stk.<\/strong>i st\u00f8rrelse A4, A3, 50 x 70 og 70 x 100 til en god pris og med hurtig levering direkte fra vores leverand\u00f8r.<\/p>\n","protected":false},"featured_media":8720,"template":"","meta":{"_acf_changed":false},"product_brand":[],"product_cat":[355,365,376],"product_tag":[],"class_list":{"0":"post-9569","1":"product","2":"type-product","3":"status-publish","4":"has-post-thumbnail","6":"product_cat-gatupratare-og-fortovet-snak","7":"product_cat-posters-og-plakater","8":"product_cat-rammer-til-fotobilleder","9":"product_shipping_class-180sek","11":"first","12":"instock","13":"taxable","14":"shipping-taxable","15":"purchasable","16":"product-type-variable","17":"has-default-attributes"},"exclude_global_add_ons":[],"addons":[],"acf":[],"yoast_head":"<!-- This site is optimized with the Yoast SEO plugin v27.2 - https:\/\/yoast.com\/product\/yoast-seo-wordpress\/ -->\n<title>Plastfrontbeskyttelse til snapramme 5 stk til gadeskilt og gadestand | Gdirekt.se<\/title>\n<meta name=\"description\" content=\"Plastfrontbeskyttelse til snapramme og fortovsskilt. Bestil beskyttelsesplast i st\u00f8rrelse A4, A3, 50 x 70 og 70 x 100 med lav pris og hurtig levering direkte fra vores leverand\u00f8r. Ved k\u00f8b hos Gdirekt leverer vi fra vores lager til virksomheder og privatpersoner.\" \/>\n<meta name=\"robots\" content=\"index, follow, max-snippet:-1, max-image-preview:large, max-video-preview:-1\" \/>\n<link rel=\"canonical\" href=\"https:\/\/www.gdirekt.se\/da\/produkt\/plastfrontbeskyttelse-til-snapramme-5-stk\/\" \/>\n<meta property=\"og:locale\" content=\"da_DK\" \/>\n<meta property=\"og:type\" content=\"article\" \/>\n<meta property=\"og:title\" content=\"Plastfrontbeskyttelse til snapramme 5 stk til gadeskilt og gadestand | Gdirekt.se\" \/>\n<meta property=\"og:description\" content=\"Plastfrontbeskyttelse til snapramme og fortovsskilt. Bestil beskyttelsesplast i st\u00f8rrelse A4, A3, 50 x 70 og 70 x 100 med lav pris og hurtig levering direkte fra vores leverand\u00f8r. Ved k\u00f8b hos Gdirekt leverer vi fra vores lager til virksomheder og privatpersoner.\" \/>\n<meta property=\"og:url\" content=\"https:\/\/www.gdirekt.se\/da\/produkt\/plastfrontbeskyttelse-til-snapramme-5-stk\/\" \/>\n<meta property=\"og:site_name\" content=\"Gdirekt.se\" \/>\n<meta property=\"article:modified_time\" content=\"2019-09-30T09:00:11+00:00\" \/>\n<meta property=\"og:image\" content=\"https:\/\/www.gdirekt.se\/wp-content\/uploads\/frontplast.png\" \/>\n\t<meta property=\"og:image:width\" content=\"1000\" \/>\n\t<meta property=\"og:image:height\" content=\"1000\" \/>\n\t<meta property=\"og:image:type\" content=\"image\/png\" \/>\n<meta name=\"twitter:card\" content=\"summary_large_image\" \/>\n<meta name=\"twitter:label1\" content=\"Estimeret l\u00e6setid\" \/>\n\t<meta name=\"twitter:data1\" content=\"1 minut\" \/>\n<script type=\"application\/ld+json\" class=\"yoast-schema-graph\">{\"@context\":\"https:\/\/schema.org\",\"@graph\":[{\"@type\":\"WebPage\",\"@id\":\"https:\/\/www.gdirekt.se\/da\/produkt\/plastfrontbeskyttelse-til-snapramme-5-stk\/\",\"url\":\"https:\/\/www.gdirekt.se\/da\/produkt\/plastfrontbeskyttelse-til-snapramme-5-stk\/\",\"name\":\"Plastfrontbeskyttelse til snapramme 5 stk til gadeskilt og gadestand | Gdirekt.se\",\"isPartOf\":{\"@id\":\"https:\/\/www.gdirekt.se\/#website\"},\"primaryImageOfPage\":{\"@id\":\"https:\/\/www.gdirekt.se\/da\/produkt\/plastfrontbeskyttelse-til-snapramme-5-stk\/#primaryimage\"},\"image\":{\"@id\":\"https:\/\/www.gdirekt.se\/da\/produkt\/plastfrontbeskyttelse-til-snapramme-5-stk\/#primaryimage\"},\"thumbnailUrl\":\"https:\/\/www.gdirekt.se\/wp-content\/uploads\/frontplast.png\",\"datePublished\":\"2017-05-04T20:28:34+00:00\",\"dateModified\":\"2019-09-30T09:00:11+00:00\",\"description\":\"Plastfrontbeskyttelse til snapramme og fortovsskilt. Bestil beskyttelsesplast i st\u00f8rrelse A4, A3, 50 x 70 og 70 x 100 med lav pris og hurtig levering direkte fra vores leverand\u00f8r. Ved k\u00f8b hos Gdirekt leverer vi fra vores lager til virksomheder og privatpersoner.\",\"breadcrumb\":{\"@id\":\"https:\/\/www.gdirekt.se\/da\/produkt\/plastfrontbeskyttelse-til-snapramme-5-stk\/#breadcrumb\"},\"inLanguage\":\"da-DK\",\"potentialAction\":[{\"@type\":\"ReadAction\",\"target\":[\"https:\/\/www.gdirekt.se\/da\/produkt\/plastfrontbeskyttelse-til-snapramme-5-stk\/\"]}]},{\"@type\":\"ImageObject\",\"inLanguage\":\"da-DK\",\"@id\":\"https:\/\/www.gdirekt.se\/da\/produkt\/plastfrontbeskyttelse-til-snapramme-5-stk\/#primaryimage\",\"url\":\"https:\/\/www.gdirekt.se\/wp-content\/uploads\/frontplast.png\",\"contentUrl\":\"https:\/\/www.gdirekt.se\/wp-content\/uploads\/frontplast.png\",\"width\":1000,\"height\":1000,\"caption\":\"Plastbeskyttelse til snapramme\"},{\"@type\":\"BreadcrumbList\",\"@id\":\"https:\/\/www.gdirekt.se\/da\/produkt\/plastfrontbeskyttelse-til-snapramme-5-stk\/#breadcrumb\",\"itemListElement\":[{\"@type\":\"ListItem\",\"position\":1,\"name\":\"Hem\",\"item\":\"https:\/\/www.gdirekt.se\/da\/\"},{\"@type\":\"ListItem\",\"position\":2,\"name\":\"Start\",\"item\":\"https:\/\/www.gdirekt.se\/da\/\"},{\"@type\":\"ListItem\",\"position\":3,\"name\":\"Plastfrontbeskyttelse til snapramme 5 stk\"}]},{\"@type\":\"WebSite\",\"@id\":\"https:\/\/www.gdirekt.se\/#website\",\"url\":\"https:\/\/www.gdirekt.se\/\",\"name\":\"Gdirekt.se\",\"description\":\"Tryck snabbt \u00e5 l\u00e4tt = Gdirekt\",\"potentialAction\":[{\"@type\":\"SearchAction\",\"target\":{\"@type\":\"EntryPoint\",\"urlTemplate\":\"https:\/\/www.gdirekt.se\/?s={search_term_string}\"},\"query-input\":{\"@type\":\"PropertyValueSpecification\",\"valueRequired\":true,\"valueName\":\"search_term_string\"}}],\"inLanguage\":\"da-DK\"}]}<\/script>\n<!-- \/ Yoast SEO plugin. -->","yoast_head_json":{"title":"Plastfrontbeskyttelse til snapramme 5 stk til gadeskilt og gadestand | Gdirekt.se","description":"Plastfrontbeskyttelse til snapramme og fortovsskilt. Bestil beskyttelsesplast i st\u00f8rrelse A4, A3, 50 x 70 og 70 x 100 med lav pris og hurtig levering direkte fra vores leverand\u00f8r. Ved k\u00f8b hos Gdirekt leverer vi fra vores lager til virksomheder og privatpersoner.","robots":{"index":"index","follow":"follow","max-snippet":"max-snippet:-1","max-image-preview":"max-image-preview:large","max-video-preview":"max-video-preview:-1"},"canonical":"https:\/\/www.gdirekt.se\/da\/produkt\/plastfrontbeskyttelse-til-snapramme-5-stk\/","og_locale":"da_DK","og_type":"article","og_title":"Plastfrontbeskyttelse til snapramme 5 stk til gadeskilt og gadestand | Gdirekt.se","og_description":"Plastfrontbeskyttelse til snapramme og fortovsskilt. Bestil beskyttelsesplast i st\u00f8rrelse A4, A3, 50 x 70 og 70 x 100 med lav pris og hurtig levering direkte fra vores leverand\u00f8r. Ved k\u00f8b hos Gdirekt leverer vi fra vores lager til virksomheder og privatpersoner.","og_url":"https:\/\/www.gdirekt.se\/da\/produkt\/plastfrontbeskyttelse-til-snapramme-5-stk\/","og_site_name":"Gdirekt.se","article_modified_time":"2019-09-30T09:00:11+00:00","og_image":[{"width":1000,"height":1000,"url":"https:\/\/www.gdirekt.se\/wp-content\/uploads\/frontplast.png","type":"image\/png"}],"twitter_card":"summary_large_image","twitter_misc":{"Estimeret l\u00e6setid":"1 minut"},"schema":{"@context":"https:\/\/schema.org","@graph":[{"@type":"WebPage","@id":"https:\/\/www.gdirekt.se\/da\/produkt\/plastfrontbeskyttelse-til-snapramme-5-stk\/","url":"https:\/\/www.gdirekt.se\/da\/produkt\/plastfrontbeskyttelse-til-snapramme-5-stk\/","name":"Plastfrontbeskyttelse til snapramme 5 stk til gadeskilt og gadestand | Gdirekt.se","isPartOf":{"@id":"https:\/\/www.gdirekt.se\/#website"},"primaryImageOfPage":{"@id":"https:\/\/www.gdirekt.se\/da\/produkt\/plastfrontbeskyttelse-til-snapramme-5-stk\/#primaryimage"},"image":{"@id":"https:\/\/www.gdirekt.se\/da\/produkt\/plastfrontbeskyttelse-til-snapramme-5-stk\/#primaryimage"},"thumbnailUrl":"https:\/\/www.gdirekt.se\/wp-content\/uploads\/frontplast.png","datePublished":"2017-05-04T20:28:34+00:00","dateModified":"2019-09-30T09:00:11+00:00","description":"Plastfrontbeskyttelse til snapramme og fortovsskilt. Bestil beskyttelsesplast i st\u00f8rrelse A4, A3, 50 x 70 og 70 x 100 med lav pris og hurtig levering direkte fra vores leverand\u00f8r. Ved k\u00f8b hos Gdirekt leverer vi fra vores lager til virksomheder og privatpersoner.","breadcrumb":{"@id":"https:\/\/www.gdirekt.se\/da\/produkt\/plastfrontbeskyttelse-til-snapramme-5-stk\/#breadcrumb"},"inLanguage":"da-DK","potentialAction":[{"@type":"ReadAction","target":["https:\/\/www.gdirekt.se\/da\/produkt\/plastfrontbeskyttelse-til-snapramme-5-stk\/"]}]},{"@type":"ImageObject","inLanguage":"da-DK","@id":"https:\/\/www.gdirekt.se\/da\/produkt\/plastfrontbeskyttelse-til-snapramme-5-stk\/#primaryimage","url":"https:\/\/www.gdirekt.se\/wp-content\/uploads\/frontplast.png","contentUrl":"https:\/\/www.gdirekt.se\/wp-content\/uploads\/frontplast.png","width":1000,"height":1000,"caption":"Plastbeskyttelse til snapramme"},{"@type":"BreadcrumbList","@id":"https:\/\/www.gdirekt.se\/da\/produkt\/plastfrontbeskyttelse-til-snapramme-5-stk\/#breadcrumb","itemListElement":[{"@type":"ListItem","position":1,"name":"Hem","item":"https:\/\/www.gdirekt.se\/da\/"},{"@type":"ListItem","position":2,"name":"Start","item":"https:\/\/www.gdirekt.se\/da\/"},{"@type":"ListItem","position":3,"name":"Plastfrontbeskyttelse til snapramme 5 stk"}]},{"@type":"WebSite","@id":"https:\/\/www.gdirekt.se\/#website","url":"https:\/\/www.gdirekt.se\/","name":"Gdirekt.se","description":"Tryck snabbt \u00e5 l\u00e4tt = Gdirekt","potentialAction":[{"@type":"SearchAction","target":{"@type":"EntryPoint","urlTemplate":"https:\/\/www.gdirekt.se\/?s={search_term_string}"},"query-input":{"@type":"PropertyValueSpecification","valueRequired":true,"valueName":"search_term_string"}}],"inLanguage":"da-DK"}]}},"_links":{"self":[{"href":"https:\/\/www.gdirekt.se\/da\/wp-json\/wp\/v2\/product\/9569","targetHints":{"allow":["GET"]}}],"collection":[{"href":"https:\/\/www.gdirekt.se\/da\/wp-json\/wp\/v2\/product"}],"about":[{"href":"https:\/\/www.gdirekt.se\/da\/wp-json\/wp\/v2\/types\/product"}],"wp:featuredmedia":[{"embeddable":true,"href":"https:\/\/www.gdirekt.se\/da\/wp-json\/wp\/v2\/media\/8720"}],"wp:attachment":[{"href":"https:\/\/www.gdirekt.se\/da\/wp-json\/wp\/v2\/media?parent=9569"}],"wp:term":[{"taxonomy":"product_brand","embeddable":true,"href":"https:\/\/www.gdirekt.se\/da\/wp-json\/wp\/v2\/product_brand?post=9569"},{"taxonomy":"product_cat","embeddable":true,"href":"https:\/\/www.gdirekt.se\/da\/wp-json\/wp\/v2\/product_cat?post=9569"},{"taxonomy":"product_tag","embeddable":true,"href":"https:\/\/www.gdirekt.se\/da\/wp-json\/wp\/v2\/product_tag?post=9569"}],"curies":[{"name":"wp","href":"https:\/\/api.w.org\/{rel}","templated":true}]}}