{"id":9564,"date":"2017-05-11T16:38:43","date_gmt":"2017-05-11T14:38:43","guid":{"rendered":"http:\/\/gdirekt.hamstage.hamrenmedia.se\/produkt\/plastfrontbeskyttelse-med-magnet\/"},"modified":"2017-05-11T16:38:43","modified_gmt":"2017-05-11T14:38:43","slug":"plastfrontbeskyttelse-med-magnet","status":"publish","type":"product","link":"https:\/\/www.gdirekt.se\/da\/produkt\/plastfrontbeskyttelse-med-magnet\/","title":{"rendered":"Plastfrontbeskyttelse med magnet"},"content":{"rendered":"<p><span lang=\"DA\">Plastbeskyttelsen er meget let at montere. Man l\u00e6gger ganske enkelt plastfronten foran plakaten eller posteren i rammen eller holderen, og s\u00e5 fastg\u00f8res den helt automatisk.\u00a0Selve plastfronten\u00a0med magnet fastholder den trykte poster eller den tynde plastplakat, der t\u00e5ler regn. Du kan bestille\u00a0<\/span><span lang=\"DA\"><a href=\"https:\/\/www.gdirekt.se\/produkt-kategori\/posters-och-affischer\/\">trykte plakater med et personligt budskab her!<\/a><\/span><\/p>\n<p><span lang=\"DA\">Se desuden vores moderselskab<span class=\"apple-converted-space\">\u00a0<\/span><\/span><span lang=\"DA\"><a href=\"http:\/\/www.gigantprint.se\/\"><b><i>GigantPrint<\/i><\/b><\/a><\/span><span lang=\"DA\">, hvis I vil vide, hvad vi ellers kan hj\u00e6lpe med!<\/span><\/p>\n","protected":false},"excerpt":{"rendered":"<p><span lang=\"DA\">Plastfrontbeskyttelsen med magnet til ramme og fortovsskilte samt gadeskilte kan bruges b\u00e5de inde og ude. Ved <strong>bestilling \u00a0som 2pack<\/strong> ekstra beskyttelse til plakatrammerne.\u00a0Disse plastfronter med magnetramme f\u00e5s i forskellige standardst\u00f8rrelser: A4 (297 x 210 mm), A3 (297 x 420 mm), 50 x 70 cm og 70 x 100 cm.<\/span><\/p>\n","protected":false},"featured_media":8731,"template":"","meta":{"_acf_changed":false},"product_brand":[],"product_cat":[355,365,376],"product_tag":[],"class_list":{"0":"post-9564","1":"product","2":"type-product","3":"status-publish","4":"has-post-thumbnail","6":"product_cat-gatupratare-og-fortovet-snak","7":"product_cat-posters-og-plakater","8":"product_cat-rammer-til-fotobilleder","9":"product_shipping_class-180sek","11":"first","12":"instock","13":"taxable","14":"shipping-taxable","15":"purchasable","16":"product-type-variable","17":"has-default-attributes"},"exclude_global_add_ons":[],"addons":[],"acf":[],"yoast_head":"<!-- This site is optimized with the Yoast SEO plugin v27.2 - https:\/\/yoast.com\/product\/yoast-seo-wordpress\/ -->\n<title>Plastfrontbeskyttelse med magnet til gadeskilte og gadestand | Gdirekt.se<\/title>\n<meta name=\"description\" content=\"Plastfrontbeskyttelse med magnet til rammer og fortovsskilte. Bestil formaterne A4, A3, 50 x 70 og 70 x 100 til en god pris og med hurtig levering fra vores leverand\u00f8r\" \/>\n<meta name=\"robots\" content=\"index, follow, max-snippet:-1, max-image-preview:large, max-video-preview:-1\" \/>\n<link rel=\"canonical\" href=\"https:\/\/www.gdirekt.se\/da\/produkt\/plastfrontbeskyttelse-med-magnet\/\" \/>\n<meta property=\"og:locale\" content=\"da_DK\" \/>\n<meta property=\"og:type\" content=\"article\" \/>\n<meta property=\"og:title\" content=\"Plastfrontbeskyttelse med magnet til gadeskilte og gadestand | Gdirekt.se\" \/>\n<meta property=\"og:description\" content=\"Plastfrontbeskyttelse med magnet til rammer og fortovsskilte. Bestil formaterne A4, A3, 50 x 70 og 70 x 100 til en god pris og med hurtig levering fra vores leverand\u00f8r\" \/>\n<meta property=\"og:url\" content=\"https:\/\/www.gdirekt.se\/da\/produkt\/plastfrontbeskyttelse-med-magnet\/\" \/>\n<meta property=\"og:site_name\" content=\"Gdirekt.se\" \/>\n<meta property=\"og:image\" content=\"https:\/\/www.gdirekt.se\/wp-content\/uploads\/plastfront_magnet.png\" \/>\n\t<meta property=\"og:image:width\" content=\"1000\" \/>\n\t<meta property=\"og:image:height\" content=\"1000\" \/>\n\t<meta property=\"og:image:type\" content=\"image\/png\" \/>\n<meta name=\"twitter:card\" content=\"summary_large_image\" \/>\n<script type=\"application\/ld+json\" class=\"yoast-schema-graph\">{\"@context\":\"https:\/\/schema.org\",\"@graph\":[{\"@type\":\"WebPage\",\"@id\":\"https:\/\/www.gdirekt.se\/da\/produkt\/plastfrontbeskyttelse-med-magnet\/\",\"url\":\"https:\/\/www.gdirekt.se\/da\/produkt\/plastfrontbeskyttelse-med-magnet\/\",\"name\":\"Plastfrontbeskyttelse med magnet til gadeskilte og gadestand | Gdirekt.se\",\"isPartOf\":{\"@id\":\"https:\/\/www.gdirekt.se\/#website\"},\"primaryImageOfPage\":{\"@id\":\"https:\/\/www.gdirekt.se\/da\/produkt\/plastfrontbeskyttelse-med-magnet\/#primaryimage\"},\"image\":{\"@id\":\"https:\/\/www.gdirekt.se\/da\/produkt\/plastfrontbeskyttelse-med-magnet\/#primaryimage\"},\"thumbnailUrl\":\"https:\/\/www.gdirekt.se\/wp-content\/uploads\/plastfront_magnet.png\",\"datePublished\":\"2017-05-11T14:38:43+00:00\",\"description\":\"Plastfrontbeskyttelse med magnet til rammer og fortovsskilte. Bestil formaterne A4, A3, 50 x 70 og 70 x 100 til en god pris og med hurtig levering fra vores leverand\u00f8r\",\"breadcrumb\":{\"@id\":\"https:\/\/www.gdirekt.se\/da\/produkt\/plastfrontbeskyttelse-med-magnet\/#breadcrumb\"},\"inLanguage\":\"da-DK\",\"potentialAction\":[{\"@type\":\"ReadAction\",\"target\":[\"https:\/\/www.gdirekt.se\/da\/produkt\/plastfrontbeskyttelse-med-magnet\/\"]}]},{\"@type\":\"ImageObject\",\"inLanguage\":\"da-DK\",\"@id\":\"https:\/\/www.gdirekt.se\/da\/produkt\/plastfrontbeskyttelse-med-magnet\/#primaryimage\",\"url\":\"https:\/\/www.gdirekt.se\/wp-content\/uploads\/plastfront_magnet.png\",\"contentUrl\":\"https:\/\/www.gdirekt.se\/wp-content\/uploads\/plastfront_magnet.png\",\"width\":1000,\"height\":1000,\"caption\":\"Plastbeskyttelse med magnetliste\"},{\"@type\":\"BreadcrumbList\",\"@id\":\"https:\/\/www.gdirekt.se\/da\/produkt\/plastfrontbeskyttelse-med-magnet\/#breadcrumb\",\"itemListElement\":[{\"@type\":\"ListItem\",\"position\":1,\"name\":\"Hem\",\"item\":\"https:\/\/www.gdirekt.se\/da\/\"},{\"@type\":\"ListItem\",\"position\":2,\"name\":\"Start\",\"item\":\"https:\/\/www.gdirekt.se\/da\/\"},{\"@type\":\"ListItem\",\"position\":3,\"name\":\"Plastfrontbeskyttelse med magnet\"}]},{\"@type\":\"WebSite\",\"@id\":\"https:\/\/www.gdirekt.se\/#website\",\"url\":\"https:\/\/www.gdirekt.se\/\",\"name\":\"Gdirekt.se\",\"description\":\"Tryck snabbt \u00e5 l\u00e4tt = Gdirekt\",\"potentialAction\":[{\"@type\":\"SearchAction\",\"target\":{\"@type\":\"EntryPoint\",\"urlTemplate\":\"https:\/\/www.gdirekt.se\/?s={search_term_string}\"},\"query-input\":{\"@type\":\"PropertyValueSpecification\",\"valueRequired\":true,\"valueName\":\"search_term_string\"}}],\"inLanguage\":\"da-DK\"}]}<\/script>\n<!-- \/ Yoast SEO plugin. -->","yoast_head_json":{"title":"Plastfrontbeskyttelse med magnet til gadeskilte og gadestand | Gdirekt.se","description":"Plastfrontbeskyttelse med magnet til rammer og fortovsskilte. Bestil formaterne A4, A3, 50 x 70 og 70 x 100 til en god pris og med hurtig levering fra vores leverand\u00f8r","robots":{"index":"index","follow":"follow","max-snippet":"max-snippet:-1","max-image-preview":"max-image-preview:large","max-video-preview":"max-video-preview:-1"},"canonical":"https:\/\/www.gdirekt.se\/da\/produkt\/plastfrontbeskyttelse-med-magnet\/","og_locale":"da_DK","og_type":"article","og_title":"Plastfrontbeskyttelse med magnet til gadeskilte og gadestand | Gdirekt.se","og_description":"Plastfrontbeskyttelse med magnet til rammer og fortovsskilte. Bestil formaterne A4, A3, 50 x 70 og 70 x 100 til en god pris og med hurtig levering fra vores leverand\u00f8r","og_url":"https:\/\/www.gdirekt.se\/da\/produkt\/plastfrontbeskyttelse-med-magnet\/","og_site_name":"Gdirekt.se","og_image":[{"width":1000,"height":1000,"url":"https:\/\/www.gdirekt.se\/wp-content\/uploads\/plastfront_magnet.png","type":"image\/png"}],"twitter_card":"summary_large_image","schema":{"@context":"https:\/\/schema.org","@graph":[{"@type":"WebPage","@id":"https:\/\/www.gdirekt.se\/da\/produkt\/plastfrontbeskyttelse-med-magnet\/","url":"https:\/\/www.gdirekt.se\/da\/produkt\/plastfrontbeskyttelse-med-magnet\/","name":"Plastfrontbeskyttelse med magnet til gadeskilte og gadestand | Gdirekt.se","isPartOf":{"@id":"https:\/\/www.gdirekt.se\/#website"},"primaryImageOfPage":{"@id":"https:\/\/www.gdirekt.se\/da\/produkt\/plastfrontbeskyttelse-med-magnet\/#primaryimage"},"image":{"@id":"https:\/\/www.gdirekt.se\/da\/produkt\/plastfrontbeskyttelse-med-magnet\/#primaryimage"},"thumbnailUrl":"https:\/\/www.gdirekt.se\/wp-content\/uploads\/plastfront_magnet.png","datePublished":"2017-05-11T14:38:43+00:00","description":"Plastfrontbeskyttelse med magnet til rammer og fortovsskilte. Bestil formaterne A4, A3, 50 x 70 og 70 x 100 til en god pris og med hurtig levering fra vores leverand\u00f8r","breadcrumb":{"@id":"https:\/\/www.gdirekt.se\/da\/produkt\/plastfrontbeskyttelse-med-magnet\/#breadcrumb"},"inLanguage":"da-DK","potentialAction":[{"@type":"ReadAction","target":["https:\/\/www.gdirekt.se\/da\/produkt\/plastfrontbeskyttelse-med-magnet\/"]}]},{"@type":"ImageObject","inLanguage":"da-DK","@id":"https:\/\/www.gdirekt.se\/da\/produkt\/plastfrontbeskyttelse-med-magnet\/#primaryimage","url":"https:\/\/www.gdirekt.se\/wp-content\/uploads\/plastfront_magnet.png","contentUrl":"https:\/\/www.gdirekt.se\/wp-content\/uploads\/plastfront_magnet.png","width":1000,"height":1000,"caption":"Plastbeskyttelse med magnetliste"},{"@type":"BreadcrumbList","@id":"https:\/\/www.gdirekt.se\/da\/produkt\/plastfrontbeskyttelse-med-magnet\/#breadcrumb","itemListElement":[{"@type":"ListItem","position":1,"name":"Hem","item":"https:\/\/www.gdirekt.se\/da\/"},{"@type":"ListItem","position":2,"name":"Start","item":"https:\/\/www.gdirekt.se\/da\/"},{"@type":"ListItem","position":3,"name":"Plastfrontbeskyttelse med magnet"}]},{"@type":"WebSite","@id":"https:\/\/www.gdirekt.se\/#website","url":"https:\/\/www.gdirekt.se\/","name":"Gdirekt.se","description":"Tryck snabbt \u00e5 l\u00e4tt = Gdirekt","potentialAction":[{"@type":"SearchAction","target":{"@type":"EntryPoint","urlTemplate":"https:\/\/www.gdirekt.se\/?s={search_term_string}"},"query-input":{"@type":"PropertyValueSpecification","valueRequired":true,"valueName":"search_term_string"}}],"inLanguage":"da-DK"}]}},"_links":{"self":[{"href":"https:\/\/www.gdirekt.se\/da\/wp-json\/wp\/v2\/product\/9564","targetHints":{"allow":["GET"]}}],"collection":[{"href":"https:\/\/www.gdirekt.se\/da\/wp-json\/wp\/v2\/product"}],"about":[{"href":"https:\/\/www.gdirekt.se\/da\/wp-json\/wp\/v2\/types\/product"}],"wp:featuredmedia":[{"embeddable":true,"href":"https:\/\/www.gdirekt.se\/da\/wp-json\/wp\/v2\/media\/8731"}],"wp:attachment":[{"href":"https:\/\/www.gdirekt.se\/da\/wp-json\/wp\/v2\/media?parent=9564"}],"wp:term":[{"taxonomy":"product_brand","embeddable":true,"href":"https:\/\/www.gdirekt.se\/da\/wp-json\/wp\/v2\/product_brand?post=9564"},{"taxonomy":"product_cat","embeddable":true,"href":"https:\/\/www.gdirekt.se\/da\/wp-json\/wp\/v2\/product_cat?post=9564"},{"taxonomy":"product_tag","embeddable":true,"href":"https:\/\/www.gdirekt.se\/da\/wp-json\/wp\/v2\/product_tag?post=9564"}],"curies":[{"name":"wp","href":"https:\/\/api.w.org\/{rel}","templated":true}]}}