{"id":9563,"date":"2018-07-03T11:12:08","date_gmt":"2018-07-03T09:12:08","guid":{"rendered":"http:\/\/gdirekt.hamstage.hamrenmedia.se\/produkt\/gadestander-med-fjeder\/"},"modified":"2024-02-01T09:30:41","modified_gmt":"2024-02-01T08:30:41","slug":"gadestander-med-fjeder","status":"publish","type":"product","link":"https:\/\/www.gdirekt.se\/da\/produkt\/gadestander-med-fjeder\/","title":{"rendered":"Gadestander med fjeder"},"content":{"rendered":"<p><span lang=\"DA\">Gadestanderen med fjeder er velegnet til brug b\u00e5de udend\u00f8rs og indend\u00f8rs. Med et gadeskilt fanger I folks opm\u00e6rksomhed og lokker kunderne indenfor. St\u00f8rrelsen er A1, og plakaten m\u00e5ler 59,4 x 84,1\u00a0cm. Budskabet p\u00e5 billederne bag beskyttelsesplasten kan udskiftes p\u00e5 et par sekunder, da de er monteret med kraftige snaprammer. Skiltet har en flot standardfarve i aluminium og gr\u00e5lakerede f\u00f8dder.<\/span><\/p>\n<p><span lang=\"DA\">Disse gadeskilte er designet til at st\u00e5 ude i regn og bl\u00e6st. Gadestanderen med fjeder er af h\u00f8j kvalitet, har lang levetid og kan holde til b\u00e5de regn, sne, bl\u00e6st og sol. Det kan v\u00e6re en god id\u00e9 at l\u00e5se udend\u00f8rsstandere eller gadestandere fast, hvis de ikke flyttes ind om natten.\u00a0Et meget holdbart udend\u00f8rssystem til visning af budskaber og til at lokke kunder ind i forretninger og butikker. De kan ogs\u00e5 opstilles i butikscentre og gallerier uden for butikkerne. Derudover kan det ogs\u00e5 bruges til at vise vej eller til information om en s\u00e6rlig event.<\/span><\/p>\n<p><span lang=\"DA\">Fortovsskiltet er et af vores standardprodukter, der t\u00e5ler kr\u00e6vende forhold og har lang levetid. Det er udstyret med en kraftig bagplade, der \u00f8ger stabiliteten. Gadestanderen er dobbeltsidet, og plakaten fastg\u00f8res med snaplister. Det er meget let at skifte poster, som kan bestilles p\u00e5 vores side<\/span><\/p>\n<p><span lang=\"DA\">Gadestanderen med fjeder kan bruges uden for butikker i butikscentre og handelsgader til visning af tilbud eller \u00e5bningstider. Virksomheder kan bruge fortovsskilte ved indvielser, \u00e5bent hus og fremvisninger. Idr\u00e6tsforeninger og stadioner kan opstille gadeskiltene som parkeringsskilte eller vejvisere. Disse gadeskilte bestilles ofte hos Gdirekt til visning af menuer, dagens ret og andre tilbud. Skab eventuelt endnu mere opm\u00e6rksomhed ved at<span class=\"apple-converted-space\">\u00a0<\/span><\/span><span lang=\"DA\"><a href=\"https:\/\/www.gdirekt.se\/produkt-kategori\/beachflaggor\/\"><i>bestille strandflag.<\/i><\/a><\/span><strong><i><span lang=\"DA\">\u00a0<\/span><\/i><\/strong><\/p>\n<p><span lang=\"DA\">Vi har ogs\u00e5 en god side med f\u00e6rdige skilte. Se<span class=\"apple-converted-space\">\u00a0<\/span><\/span><span lang=\"DA\"><a href=\"https:\/\/shop.svasab.se\/\"><i>SVASAB<\/i><\/a><\/span><i><\/i><\/p>\n","protected":false},"excerpt":{"rendered":"<p>Gadestanderen med fjeder kan b\u00e5de bruges udend\u00f8rs og indend\u00f8rs. De kraftige fjedre og ben t\u00e5ler bl\u00e6st. Plakaten er i A1-format (59,4 x 84,1\u00a0cm).<\/p>\n","protected":false},"featured_media":8928,"template":"","meta":{"_acf_changed":false},"product_brand":[],"product_cat":[355,356],"product_tag":[],"class_list":{"0":"post-9563","1":"product","2":"type-product","3":"status-publish","4":"has-post-thumbnail","6":"product_cat-gatupratare-og-fortovet-snak","7":"product_cat-udendoersskilte-og-expo","8":"product_shipping_class-350kr","10":"first","11":"instock","12":"taxable","13":"shipping-taxable","14":"purchasable","15":"product-type-simple"},"exclude_global_add_ons":[],"addons":[],"acf":[],"yoast_head":"<!-- This site is optimized with the Yoast SEO plugin v27.2 - https:\/\/yoast.com\/product\/yoast-seo-wordpress\/ -->\n<title>Gadestander med fjeder, till plakat og poster. Billig pris med hurtig forsendelse. | Gdirekt.se<\/title>\n<meta name=\"description\" content=\"Gadestanderen med fjeder er et gadeskilt til udend\u00f8rs brug. Den er beregnet til en trykt plakat med plastfront foran. F\u00e5s i st\u00f8rrelse 50 x 70 cm eller 70 x 100 cm i aluminium og gr\u00e5lakeret st\u00e5l\" \/>\n<meta name=\"robots\" content=\"index, follow, max-snippet:-1, max-image-preview:large, max-video-preview:-1\" \/>\n<link rel=\"canonical\" href=\"https:\/\/www.gdirekt.se\/da\/produkt\/gadestander-med-fjeder\/\" \/>\n<meta property=\"og:locale\" content=\"da_DK\" \/>\n<meta property=\"og:type\" content=\"article\" \/>\n<meta property=\"og:title\" content=\"Gadestander med fjeder, till plakat og poster. Billig pris med hurtig forsendelse. | Gdirekt.se\" \/>\n<meta property=\"og:description\" content=\"Gadestanderen med fjeder er et gadeskilt til udend\u00f8rs brug. Den er beregnet til en trykt plakat med plastfront foran. F\u00e5s i st\u00f8rrelse 50 x 70 cm eller 70 x 100 cm i aluminium og gr\u00e5lakeret st\u00e5l\" \/>\n<meta property=\"og:url\" content=\"https:\/\/www.gdirekt.se\/da\/produkt\/gadestander-med-fjeder\/\" \/>\n<meta property=\"og:site_name\" content=\"Gdirekt.se\" \/>\n<meta property=\"article:modified_time\" content=\"2024-02-01T08:30:41+00:00\" \/>\n<meta property=\"og:image\" content=\"https:\/\/www.gdirekt.se\/wp-content\/uploads\/gatust\u00e4ll_fj\u00e4der.png\" \/>\n\t<meta property=\"og:image:width\" content=\"1000\" \/>\n\t<meta property=\"og:image:height\" content=\"1000\" \/>\n\t<meta property=\"og:image:type\" content=\"image\/png\" \/>\n<meta name=\"twitter:card\" content=\"summary_large_image\" \/>\n<meta name=\"twitter:label1\" content=\"Estimeret l\u00e6setid\" \/>\n\t<meta name=\"twitter:data1\" content=\"1 minut\" \/>\n<script type=\"application\/ld+json\" class=\"yoast-schema-graph\">{\"@context\":\"https:\/\/schema.org\",\"@graph\":[{\"@type\":\"WebPage\",\"@id\":\"https:\/\/www.gdirekt.se\/da\/produkt\/gadestander-med-fjeder\/\",\"url\":\"https:\/\/www.gdirekt.se\/da\/produkt\/gadestander-med-fjeder\/\",\"name\":\"Gadestander med fjeder, till plakat og poster. Billig pris med hurtig forsendelse. | Gdirekt.se\",\"isPartOf\":{\"@id\":\"https:\/\/www.gdirekt.se\/#website\"},\"primaryImageOfPage\":{\"@id\":\"https:\/\/www.gdirekt.se\/da\/produkt\/gadestander-med-fjeder\/#primaryimage\"},\"image\":{\"@id\":\"https:\/\/www.gdirekt.se\/da\/produkt\/gadestander-med-fjeder\/#primaryimage\"},\"thumbnailUrl\":\"https:\/\/www.gdirekt.se\/wp-content\/uploads\/gatust\u00e4ll_fj\u00e4der.png\",\"datePublished\":\"2018-07-03T09:12:08+00:00\",\"dateModified\":\"2024-02-01T08:30:41+00:00\",\"description\":\"Gadestanderen med fjeder er et gadeskilt til udend\u00f8rs brug. Den er beregnet til en trykt plakat med plastfront foran. F\u00e5s i st\u00f8rrelse 50 x 70 cm eller 70 x 100 cm i aluminium og gr\u00e5lakeret st\u00e5l\",\"breadcrumb\":{\"@id\":\"https:\/\/www.gdirekt.se\/da\/produkt\/gadestander-med-fjeder\/#breadcrumb\"},\"inLanguage\":\"da-DK\",\"potentialAction\":[{\"@type\":\"ReadAction\",\"target\":[\"https:\/\/www.gdirekt.se\/da\/produkt\/gadestander-med-fjeder\/\"]}]},{\"@type\":\"ImageObject\",\"inLanguage\":\"da-DK\",\"@id\":\"https:\/\/www.gdirekt.se\/da\/produkt\/gadestander-med-fjeder\/#primaryimage\",\"url\":\"https:\/\/www.gdirekt.se\/wp-content\/uploads\/gatust\u00e4ll_fj\u00e4der.png\",\"contentUrl\":\"https:\/\/www.gdirekt.se\/wp-content\/uploads\/gatust\u00e4ll_fj\u00e4der.png\",\"width\":1000,\"height\":1000,\"caption\":\"Gode gadestander, der kan modst\u00e5 vind udenfor\"},{\"@type\":\"BreadcrumbList\",\"@id\":\"https:\/\/www.gdirekt.se\/da\/produkt\/gadestander-med-fjeder\/#breadcrumb\",\"itemListElement\":[{\"@type\":\"ListItem\",\"position\":1,\"name\":\"Hem\",\"item\":\"https:\/\/www.gdirekt.se\/da\/\"},{\"@type\":\"ListItem\",\"position\":2,\"name\":\"Start\",\"item\":\"https:\/\/www.gdirekt.se\/da\/\"},{\"@type\":\"ListItem\",\"position\":3,\"name\":\"Gadestander med fjeder\"}]},{\"@type\":\"WebSite\",\"@id\":\"https:\/\/www.gdirekt.se\/#website\",\"url\":\"https:\/\/www.gdirekt.se\/\",\"name\":\"Gdirekt.se\",\"description\":\"Tryck snabbt \u00e5 l\u00e4tt = Gdirekt\",\"potentialAction\":[{\"@type\":\"SearchAction\",\"target\":{\"@type\":\"EntryPoint\",\"urlTemplate\":\"https:\/\/www.gdirekt.se\/?s={search_term_string}\"},\"query-input\":{\"@type\":\"PropertyValueSpecification\",\"valueRequired\":true,\"valueName\":\"search_term_string\"}}],\"inLanguage\":\"da-DK\"}]}<\/script>\n<!-- \/ Yoast SEO plugin. -->","yoast_head_json":{"title":"Gadestander med fjeder, till plakat og poster. Billig pris med hurtig forsendelse. | Gdirekt.se","description":"Gadestanderen med fjeder er et gadeskilt til udend\u00f8rs brug. Den er beregnet til en trykt plakat med plastfront foran. F\u00e5s i st\u00f8rrelse 50 x 70 cm eller 70 x 100 cm i aluminium og gr\u00e5lakeret st\u00e5l","robots":{"index":"index","follow":"follow","max-snippet":"max-snippet:-1","max-image-preview":"max-image-preview:large","max-video-preview":"max-video-preview:-1"},"canonical":"https:\/\/www.gdirekt.se\/da\/produkt\/gadestander-med-fjeder\/","og_locale":"da_DK","og_type":"article","og_title":"Gadestander med fjeder, till plakat og poster. Billig pris med hurtig forsendelse. | Gdirekt.se","og_description":"Gadestanderen med fjeder er et gadeskilt til udend\u00f8rs brug. Den er beregnet til en trykt plakat med plastfront foran. F\u00e5s i st\u00f8rrelse 50 x 70 cm eller 70 x 100 cm i aluminium og gr\u00e5lakeret st\u00e5l","og_url":"https:\/\/www.gdirekt.se\/da\/produkt\/gadestander-med-fjeder\/","og_site_name":"Gdirekt.se","article_modified_time":"2024-02-01T08:30:41+00:00","og_image":[{"width":1000,"height":1000,"url":"https:\/\/www.gdirekt.se\/wp-content\/uploads\/gatust\u00e4ll_fj\u00e4der.png","type":"image\/png"}],"twitter_card":"summary_large_image","twitter_misc":{"Estimeret l\u00e6setid":"1 minut"},"schema":{"@context":"https:\/\/schema.org","@graph":[{"@type":"WebPage","@id":"https:\/\/www.gdirekt.se\/da\/produkt\/gadestander-med-fjeder\/","url":"https:\/\/www.gdirekt.se\/da\/produkt\/gadestander-med-fjeder\/","name":"Gadestander med fjeder, till plakat og poster. Billig pris med hurtig forsendelse. | Gdirekt.se","isPartOf":{"@id":"https:\/\/www.gdirekt.se\/#website"},"primaryImageOfPage":{"@id":"https:\/\/www.gdirekt.se\/da\/produkt\/gadestander-med-fjeder\/#primaryimage"},"image":{"@id":"https:\/\/www.gdirekt.se\/da\/produkt\/gadestander-med-fjeder\/#primaryimage"},"thumbnailUrl":"https:\/\/www.gdirekt.se\/wp-content\/uploads\/gatust\u00e4ll_fj\u00e4der.png","datePublished":"2018-07-03T09:12:08+00:00","dateModified":"2024-02-01T08:30:41+00:00","description":"Gadestanderen med fjeder er et gadeskilt til udend\u00f8rs brug. Den er beregnet til en trykt plakat med plastfront foran. F\u00e5s i st\u00f8rrelse 50 x 70 cm eller 70 x 100 cm i aluminium og gr\u00e5lakeret st\u00e5l","breadcrumb":{"@id":"https:\/\/www.gdirekt.se\/da\/produkt\/gadestander-med-fjeder\/#breadcrumb"},"inLanguage":"da-DK","potentialAction":[{"@type":"ReadAction","target":["https:\/\/www.gdirekt.se\/da\/produkt\/gadestander-med-fjeder\/"]}]},{"@type":"ImageObject","inLanguage":"da-DK","@id":"https:\/\/www.gdirekt.se\/da\/produkt\/gadestander-med-fjeder\/#primaryimage","url":"https:\/\/www.gdirekt.se\/wp-content\/uploads\/gatust\u00e4ll_fj\u00e4der.png","contentUrl":"https:\/\/www.gdirekt.se\/wp-content\/uploads\/gatust\u00e4ll_fj\u00e4der.png","width":1000,"height":1000,"caption":"Gode gadestander, der kan modst\u00e5 vind udenfor"},{"@type":"BreadcrumbList","@id":"https:\/\/www.gdirekt.se\/da\/produkt\/gadestander-med-fjeder\/#breadcrumb","itemListElement":[{"@type":"ListItem","position":1,"name":"Hem","item":"https:\/\/www.gdirekt.se\/da\/"},{"@type":"ListItem","position":2,"name":"Start","item":"https:\/\/www.gdirekt.se\/da\/"},{"@type":"ListItem","position":3,"name":"Gadestander med fjeder"}]},{"@type":"WebSite","@id":"https:\/\/www.gdirekt.se\/#website","url":"https:\/\/www.gdirekt.se\/","name":"Gdirekt.se","description":"Tryck snabbt \u00e5 l\u00e4tt = Gdirekt","potentialAction":[{"@type":"SearchAction","target":{"@type":"EntryPoint","urlTemplate":"https:\/\/www.gdirekt.se\/?s={search_term_string}"},"query-input":{"@type":"PropertyValueSpecification","valueRequired":true,"valueName":"search_term_string"}}],"inLanguage":"da-DK"}]}},"_links":{"self":[{"href":"https:\/\/www.gdirekt.se\/da\/wp-json\/wp\/v2\/product\/9563","targetHints":{"allow":["GET"]}}],"collection":[{"href":"https:\/\/www.gdirekt.se\/da\/wp-json\/wp\/v2\/product"}],"about":[{"href":"https:\/\/www.gdirekt.se\/da\/wp-json\/wp\/v2\/types\/product"}],"wp:featuredmedia":[{"embeddable":true,"href":"https:\/\/www.gdirekt.se\/da\/wp-json\/wp\/v2\/media\/8928"}],"wp:attachment":[{"href":"https:\/\/www.gdirekt.se\/da\/wp-json\/wp\/v2\/media?parent=9563"}],"wp:term":[{"taxonomy":"product_brand","embeddable":true,"href":"https:\/\/www.gdirekt.se\/da\/wp-json\/wp\/v2\/product_brand?post=9563"},{"taxonomy":"product_cat","embeddable":true,"href":"https:\/\/www.gdirekt.se\/da\/wp-json\/wp\/v2\/product_cat?post=9563"},{"taxonomy":"product_tag","embeddable":true,"href":"https:\/\/www.gdirekt.se\/da\/wp-json\/wp\/v2\/product_tag?post=9563"}],"curies":[{"name":"wp","href":"https:\/\/api.w.org\/{rel}","templated":true}]}}