{"id":9560,"date":"2018-01-15T16:10:12","date_gmt":"2018-01-15T15:10:12","guid":{"rendered":"http:\/\/gdirekt.hamstage.hamrenmedia.se\/produkt\/gadeskilt-swing-til-udendors-brug\/"},"modified":"2020-02-10T11:47:21","modified_gmt":"2020-02-10T10:47:21","slug":"gadeskilt-swing-til-udendors-brug","status":"publish","type":"product","link":"https:\/\/www.gdirekt.se\/da\/produkt\/gadeskilt-swing-til-udendors-brug\/","title":{"rendered":"Gadeskilt Swing til udend\u00f8rs brug"},"content":{"rendered":"<p><span lang=\"DA\">Gadeskilt Swing til udend\u00f8rs brug er beregnet til fremvisning af budskaber, reklametilbud eller menuer. Med dette fortovsskilt fanger I folks opm\u00e6rksomhed og lokker kunderne indenfor. Fortovsskiltet f\u00e5s i st\u00f8rrelse 50 x 70\u00a0cm. Plakaterne bag beskyttelsesplasten er sat fast med en smart magnetlomme, hvor magneten er placeret s\u00e5dan, at der ikke kan l\u00f8be vand ind i lommen, og den dermed n\u00e6sten er regnt\u00e6t. Foden fyldes med vand eller, hvad der er endnu bedre, sand.\u00a0Gatestativet v\u00e4ger sedan hela 15 kilo.<\/span><\/p>\n<p><span lang=\"DA\">Der er to smarte ting ved gadeskiltet Swing til udend\u00f8rs brug. Den ene er de indbyggede hjul i foden, der g\u00f8r det let at k\u00f8re gadeskiltet ind og ud. Den anden er, at budskabet i form af en poster eller plakat h\u00e6nger og svinger som et pendul, n\u00e5r det bl\u00e6ser. Dermed v\u00e6lter gadestanderen ikke, og den bev\u00e6ger sig, hvilket er en god m\u00e5de at v\u00e6kke opm\u00e6rksomhed p\u00e5.<\/span><\/p>\n<p><span lang=\"DA\">Disse gadeskilte er designet til at st\u00e5 ude i regn og bl\u00e6st samt sne. Produktet har lang levetid og en h\u00f8j kvalitet, s\u00e5 det kan holde til alle forhold. Gadeskilt Swing til udend\u00f8rs brug er et af vores nye og moderne udend\u00f8rssystemer, der er beregnet til at fremvise budskaber og lokke kunder ind i forretninger og butikker. Det kan ogs\u00e5 opstilles i butikscentre og gallerier uden for butikkerne. Derudover kan det ogs\u00e5 bruges til at vise vej eller til information om en s\u00e6rlig event.<\/span><\/p>\n<p><span lang=\"DA\">Et moderne fortovsskilt i hvid eller sort, der t\u00e5ler kr\u00e6vende forhold og har lang levetid. Der er ingen detaljer, der stikker ud, og som folk risikerer at falde over. Det er desuden meget let at skifte poster\/plakat i gadestanderen. Vil I vide mere om, hvordan vi kan hj\u00e6lpe med at g\u00f8re jeres virksomhed mere synlig? Tag et kig p\u00e5 vores<span class=\"apple-converted-space\">\u00a0<\/span><\/span><span lang=\"DA\"><a href=\"https:\/\/www.instagram.com\/gigantprint\/\"><i>Instagramprofil<\/i><\/a><\/span><span lang=\"DA\">.<\/span><\/p>\n<p><span lang=\"DA\">Skiltestanderen kan bruges uden for butikker i butikscentre og handelsgader til visning af tilbud eller \u00e5bningstider. Virksomheder kan bruge fortovsskilte ved indvielser, \u00e5bent hus og fremvisninger. Idr\u00e6tsforeninger og stadioner kan opstille gadeskiltene som parkeringsskilte eller vejvisere. Disse gadeskilte bestilles ofte hos Gdirekt til visning af menuer, dagens ret og andre tilbud. Skab eventuelt endnu mere opm\u00e6rksomhed ved at<span class=\"apple-converted-space\">\u00a0<\/span><\/span><span lang=\"DA\"><a href=\"https:\/\/www.gdirekt.se\/produkt-kategori\/beachflaggor\/\"><i>bestille strandflag.<\/i><\/a><\/span><strong><i><span lang=\"DA\">\u00a0<\/span><\/i><\/strong><\/p>\n","protected":false},"excerpt":{"rendered":"<p>Gadeskilt Swing til udend\u00f8rs brug er en gadestander med jeres eget logo og jeres egen tekst. Med en st\u00f8rrelse p\u00e5 50 x 70\u00a0cm er det let at stille frem. Skiltet f\u00e5s i to farver, sort eller hvid. Og beskyttelsesplasten holdes fast med en magnet, s\u00e5 det er let at udskifte billedet p\u00e5 begge sider.<\/p>\n","protected":false},"featured_media":8881,"template":"","meta":{"_acf_changed":false},"product_brand":[],"product_cat":[355,356],"product_tag":[],"class_list":{"0":"post-9560","1":"product","2":"type-product","3":"status-publish","4":"has-post-thumbnail","6":"product_cat-gatupratare-og-fortovet-snak","7":"product_cat-udendoersskilte-og-expo","8":"product_shipping_class-250kr","10":"first","11":"instock","12":"taxable","13":"shipping-taxable","14":"purchasable","15":"product-type-variable","16":"has-default-attributes"},"exclude_global_add_ons":[],"addons":[],"acf":[],"yoast_head":"<!-- This site is optimized with the Yoast SEO plugin v27.2 - https:\/\/yoast.com\/product\/yoast-seo-wordpress\/ -->\n<title>Gadeskilt Swing til udend\u00f8rs brug, moderne til menuer og priser | Gdirekt.se<\/title>\n<meta name=\"description\" content=\"Gadeskilt Swing til udend\u00f8rs brug er en moderne og billig stander til menuer, priser og tilbud. K\u00f8b med hurtig levering fra vores lager allerede i dag! Perfekt til udend\u00f8rs brug i regn og bl\u00e6st og udstyret med hjul i bunden. K\u00f8b i dag til en god pris!\" \/>\n<meta name=\"robots\" content=\"index, follow, max-snippet:-1, max-image-preview:large, max-video-preview:-1\" \/>\n<link rel=\"canonical\" href=\"https:\/\/www.gdirekt.se\/da\/produkt\/gadeskilt-swing-til-udendors-brug\/\" \/>\n<meta property=\"og:locale\" content=\"da_DK\" \/>\n<meta property=\"og:type\" content=\"article\" \/>\n<meta property=\"og:title\" content=\"Gadeskilt Swing til udend\u00f8rs brug, moderne til menuer og priser | Gdirekt.se\" \/>\n<meta property=\"og:description\" content=\"Gadeskilt Swing til udend\u00f8rs brug er en moderne og billig stander til menuer, priser og tilbud. K\u00f8b med hurtig levering fra vores lager allerede i dag! Perfekt til udend\u00f8rs brug i regn og bl\u00e6st og udstyret med hjul i bunden. K\u00f8b i dag til en god pris!\" \/>\n<meta property=\"og:url\" content=\"https:\/\/www.gdirekt.se\/da\/produkt\/gadeskilt-swing-til-udendors-brug\/\" \/>\n<meta property=\"og:site_name\" content=\"Gdirekt.se\" \/>\n<meta property=\"article:modified_time\" content=\"2020-02-10T10:47:21+00:00\" \/>\n<meta property=\"og:image\" content=\"https:\/\/www.gdirekt.se\/wp-content\/uploads\/gatupratare_utomhus_swing.png\" \/>\n\t<meta property=\"og:image:width\" content=\"1000\" \/>\n\t<meta property=\"og:image:height\" content=\"1000\" \/>\n\t<meta property=\"og:image:type\" content=\"image\/png\" \/>\n<meta name=\"twitter:card\" content=\"summary_large_image\" \/>\n<meta name=\"twitter:label1\" content=\"Estimeret l\u00e6setid\" \/>\n\t<meta name=\"twitter:data1\" content=\"2 minutter\" \/>\n<script type=\"application\/ld+json\" class=\"yoast-schema-graph\">{\"@context\":\"https:\/\/schema.org\",\"@graph\":[{\"@type\":\"WebPage\",\"@id\":\"https:\/\/www.gdirekt.se\/da\/produkt\/gadeskilt-swing-til-udendors-brug\/\",\"url\":\"https:\/\/www.gdirekt.se\/da\/produkt\/gadeskilt-swing-til-udendors-brug\/\",\"name\":\"Gadeskilt Swing til udend\u00f8rs brug, moderne til menuer og priser | Gdirekt.se\",\"isPartOf\":{\"@id\":\"https:\/\/www.gdirekt.se\/#website\"},\"primaryImageOfPage\":{\"@id\":\"https:\/\/www.gdirekt.se\/da\/produkt\/gadeskilt-swing-til-udendors-brug\/#primaryimage\"},\"image\":{\"@id\":\"https:\/\/www.gdirekt.se\/da\/produkt\/gadeskilt-swing-til-udendors-brug\/#primaryimage\"},\"thumbnailUrl\":\"https:\/\/www.gdirekt.se\/wp-content\/uploads\/gatupratare_utomhus_swing.png\",\"datePublished\":\"2018-01-15T15:10:12+00:00\",\"dateModified\":\"2020-02-10T10:47:21+00:00\",\"description\":\"Gadeskilt Swing til udend\u00f8rs brug er en moderne og billig stander til menuer, priser og tilbud. K\u00f8b med hurtig levering fra vores lager allerede i dag! Perfekt til udend\u00f8rs brug i regn og bl\u00e6st og udstyret med hjul i bunden. K\u00f8b i dag til en god pris!\",\"breadcrumb\":{\"@id\":\"https:\/\/www.gdirekt.se\/da\/produkt\/gadeskilt-swing-til-udendors-brug\/#breadcrumb\"},\"inLanguage\":\"da-DK\",\"potentialAction\":[{\"@type\":\"ReadAction\",\"target\":[\"https:\/\/www.gdirekt.se\/da\/produkt\/gadeskilt-swing-til-udendors-brug\/\"]}]},{\"@type\":\"ImageObject\",\"inLanguage\":\"da-DK\",\"@id\":\"https:\/\/www.gdirekt.se\/da\/produkt\/gadeskilt-swing-til-udendors-brug\/#primaryimage\",\"url\":\"https:\/\/www.gdirekt.se\/wp-content\/uploads\/gatupratare_utomhus_swing.png\",\"contentUrl\":\"https:\/\/www.gdirekt.se\/wp-content\/uploads\/gatupratare_utomhus_swing.png\",\"width\":1000,\"height\":1000,\"caption\":\"Nice street stand, der kan modst\u00e5 regn\"},{\"@type\":\"BreadcrumbList\",\"@id\":\"https:\/\/www.gdirekt.se\/da\/produkt\/gadeskilt-swing-til-udendors-brug\/#breadcrumb\",\"itemListElement\":[{\"@type\":\"ListItem\",\"position\":1,\"name\":\"Hem\",\"item\":\"https:\/\/www.gdirekt.se\/da\/\"},{\"@type\":\"ListItem\",\"position\":2,\"name\":\"Start\",\"item\":\"https:\/\/www.gdirekt.se\/da\/\"},{\"@type\":\"ListItem\",\"position\":3,\"name\":\"Gadeskilt Swing til udend\u00f8rs brug\"}]},{\"@type\":\"WebSite\",\"@id\":\"https:\/\/www.gdirekt.se\/#website\",\"url\":\"https:\/\/www.gdirekt.se\/\",\"name\":\"Gdirekt.se\",\"description\":\"Tryck snabbt \u00e5 l\u00e4tt = Gdirekt\",\"potentialAction\":[{\"@type\":\"SearchAction\",\"target\":{\"@type\":\"EntryPoint\",\"urlTemplate\":\"https:\/\/www.gdirekt.se\/?s={search_term_string}\"},\"query-input\":{\"@type\":\"PropertyValueSpecification\",\"valueRequired\":true,\"valueName\":\"search_term_string\"}}],\"inLanguage\":\"da-DK\"}]}<\/script>\n<!-- \/ Yoast SEO plugin. -->","yoast_head_json":{"title":"Gadeskilt Swing til udend\u00f8rs brug, moderne til menuer og priser | Gdirekt.se","description":"Gadeskilt Swing til udend\u00f8rs brug er en moderne og billig stander til menuer, priser og tilbud. K\u00f8b med hurtig levering fra vores lager allerede i dag! Perfekt til udend\u00f8rs brug i regn og bl\u00e6st og udstyret med hjul i bunden. K\u00f8b i dag til en god pris!","robots":{"index":"index","follow":"follow","max-snippet":"max-snippet:-1","max-image-preview":"max-image-preview:large","max-video-preview":"max-video-preview:-1"},"canonical":"https:\/\/www.gdirekt.se\/da\/produkt\/gadeskilt-swing-til-udendors-brug\/","og_locale":"da_DK","og_type":"article","og_title":"Gadeskilt Swing til udend\u00f8rs brug, moderne til menuer og priser | Gdirekt.se","og_description":"Gadeskilt Swing til udend\u00f8rs brug er en moderne og billig stander til menuer, priser og tilbud. K\u00f8b med hurtig levering fra vores lager allerede i dag! Perfekt til udend\u00f8rs brug i regn og bl\u00e6st og udstyret med hjul i bunden. K\u00f8b i dag til en god pris!","og_url":"https:\/\/www.gdirekt.se\/da\/produkt\/gadeskilt-swing-til-udendors-brug\/","og_site_name":"Gdirekt.se","article_modified_time":"2020-02-10T10:47:21+00:00","og_image":[{"width":1000,"height":1000,"url":"https:\/\/www.gdirekt.se\/wp-content\/uploads\/gatupratare_utomhus_swing.png","type":"image\/png"}],"twitter_card":"summary_large_image","twitter_misc":{"Estimeret l\u00e6setid":"2 minutter"},"schema":{"@context":"https:\/\/schema.org","@graph":[{"@type":"WebPage","@id":"https:\/\/www.gdirekt.se\/da\/produkt\/gadeskilt-swing-til-udendors-brug\/","url":"https:\/\/www.gdirekt.se\/da\/produkt\/gadeskilt-swing-til-udendors-brug\/","name":"Gadeskilt Swing til udend\u00f8rs brug, moderne til menuer og priser | Gdirekt.se","isPartOf":{"@id":"https:\/\/www.gdirekt.se\/#website"},"primaryImageOfPage":{"@id":"https:\/\/www.gdirekt.se\/da\/produkt\/gadeskilt-swing-til-udendors-brug\/#primaryimage"},"image":{"@id":"https:\/\/www.gdirekt.se\/da\/produkt\/gadeskilt-swing-til-udendors-brug\/#primaryimage"},"thumbnailUrl":"https:\/\/www.gdirekt.se\/wp-content\/uploads\/gatupratare_utomhus_swing.png","datePublished":"2018-01-15T15:10:12+00:00","dateModified":"2020-02-10T10:47:21+00:00","description":"Gadeskilt Swing til udend\u00f8rs brug er en moderne og billig stander til menuer, priser og tilbud. K\u00f8b med hurtig levering fra vores lager allerede i dag! Perfekt til udend\u00f8rs brug i regn og bl\u00e6st og udstyret med hjul i bunden. K\u00f8b i dag til en god pris!","breadcrumb":{"@id":"https:\/\/www.gdirekt.se\/da\/produkt\/gadeskilt-swing-til-udendors-brug\/#breadcrumb"},"inLanguage":"da-DK","potentialAction":[{"@type":"ReadAction","target":["https:\/\/www.gdirekt.se\/da\/produkt\/gadeskilt-swing-til-udendors-brug\/"]}]},{"@type":"ImageObject","inLanguage":"da-DK","@id":"https:\/\/www.gdirekt.se\/da\/produkt\/gadeskilt-swing-til-udendors-brug\/#primaryimage","url":"https:\/\/www.gdirekt.se\/wp-content\/uploads\/gatupratare_utomhus_swing.png","contentUrl":"https:\/\/www.gdirekt.se\/wp-content\/uploads\/gatupratare_utomhus_swing.png","width":1000,"height":1000,"caption":"Nice street stand, der kan modst\u00e5 regn"},{"@type":"BreadcrumbList","@id":"https:\/\/www.gdirekt.se\/da\/produkt\/gadeskilt-swing-til-udendors-brug\/#breadcrumb","itemListElement":[{"@type":"ListItem","position":1,"name":"Hem","item":"https:\/\/www.gdirekt.se\/da\/"},{"@type":"ListItem","position":2,"name":"Start","item":"https:\/\/www.gdirekt.se\/da\/"},{"@type":"ListItem","position":3,"name":"Gadeskilt Swing til udend\u00f8rs brug"}]},{"@type":"WebSite","@id":"https:\/\/www.gdirekt.se\/#website","url":"https:\/\/www.gdirekt.se\/","name":"Gdirekt.se","description":"Tryck snabbt \u00e5 l\u00e4tt = Gdirekt","potentialAction":[{"@type":"SearchAction","target":{"@type":"EntryPoint","urlTemplate":"https:\/\/www.gdirekt.se\/?s={search_term_string}"},"query-input":{"@type":"PropertyValueSpecification","valueRequired":true,"valueName":"search_term_string"}}],"inLanguage":"da-DK"}]}},"_links":{"self":[{"href":"https:\/\/www.gdirekt.se\/da\/wp-json\/wp\/v2\/product\/9560","targetHints":{"allow":["GET"]}}],"collection":[{"href":"https:\/\/www.gdirekt.se\/da\/wp-json\/wp\/v2\/product"}],"about":[{"href":"https:\/\/www.gdirekt.se\/da\/wp-json\/wp\/v2\/types\/product"}],"wp:featuredmedia":[{"embeddable":true,"href":"https:\/\/www.gdirekt.se\/da\/wp-json\/wp\/v2\/media\/8881"}],"wp:attachment":[{"href":"https:\/\/www.gdirekt.se\/da\/wp-json\/wp\/v2\/media?parent=9560"}],"wp:term":[{"taxonomy":"product_brand","embeddable":true,"href":"https:\/\/www.gdirekt.se\/da\/wp-json\/wp\/v2\/product_brand?post=9560"},{"taxonomy":"product_cat","embeddable":true,"href":"https:\/\/www.gdirekt.se\/da\/wp-json\/wp\/v2\/product_cat?post=9560"},{"taxonomy":"product_tag","embeddable":true,"href":"https:\/\/www.gdirekt.se\/da\/wp-json\/wp\/v2\/product_tag?post=9560"}],"curies":[{"name":"wp","href":"https:\/\/api.w.org\/{rel}","templated":true}]}}