{"id":9557,"date":"2015-09-17T13:39:03","date_gmt":"2015-09-17T11:39:03","guid":{"rendered":"http:\/\/gdirekt.hamstage.hamrenmedia.se\/produkt\/gadeskilt-standard-aluminium\/"},"modified":"2015-09-17T13:39:03","modified_gmt":"2015-09-17T11:39:03","slug":"gadeskilt-standard-aluminium","status":"publish","type":"product","link":"https:\/\/www.gdirekt.se\/da\/produkt\/gadeskilt-standard-aluminium\/","title":{"rendered":"Gadeskilt Standard Aluminium"},"content":{"rendered":"<p><span lang=\"DA\">Gadeskilt Standard Aluminium er en gadestander i aluminium, som aldrig ruster. Fortovsskiltet er udstyret med snaplister, der g\u00f8r det let at skifte plakat. Det f\u00e5s i st\u00f8rrelsen 50 x 70\u00a0cm og 70 x 100\u00a0cm<\/span><\/p>\n<p><span lang=\"DA\">Fortovsskiltene er produceret til at holde til udend\u00f8rs brug og st\u00e5r stabilt, selvom det bl\u00e6ser. Vores Standard-skilt er desuden udelukkende fremstillet af aluminium, der b\u00e5de er let og rustfrit.\u00a0Gadeskilte er en billig investering, fordi de er meget robuste og dermed kan bruges til visning af budskaber i lang tid. Gadeskilt Standard Aluminium har en gennemsigtig plade i plexiglas foran billedet, der beskytter plakaten mod regn og fugt. Gadeskiltet har snapramme, som klemmer plakaten fast. Disse standere bruges til mange forskellige ting. Det mest almindelige er nok til butikker, forretninger og restauranter samt cafeer, hvor de anvendes til at vise \u00e5bningstider og til at vise, at man faktisk har \u00e5bent. Det kan ogs\u00e5 v\u00e6re andre trykte budskaber s\u00e5som dagens ret eller hele ugens menu for at lokke folk ind. Det er meget almindeligt at trykke en udsalgspris p\u00e5 de plakater, der sidder i standeren.<\/span><\/p>\n<p><span lang=\"DA\">Gadeskilt eller fortovskilt er en almindelig betegnelse for denne type skilte, der opstilles p\u00e5 gaden og frem for alt uden for butikker samt i butikscentre. Gadeskiltet er et godt produkt, der bruges til at lokke kunderne ind i butikken eller til at informere om tilbud i butikker og forretninger. Vi vil ogs\u00e5 gerne lokke kunder til, s\u00e5 de kan se alle vores flotte produkter. Tag eventuelt et kig p\u00e5 vores<span class=\"apple-converted-space\">\u00a0<\/span><\/span><span lang=\"DA\"><a href=\"https:\/\/www.instagram.com\/gigantprint\/\"><b><i>Instagramprofil<\/i><\/b><\/a><\/span><span lang=\"DA\">!<\/span><\/p>\n<p><span lang=\"DA\">Det er et stilrent gadeskilt, der er let at flytte. Den st\u00f8rste grund til dets popularitet er den lave pris!\u00a0Fortovsskiltet leveres med frontplast, som slides af vejr og vind, og derfor er det muligt at\u00a0<\/span><span lang=\"DA\"><a href=\"https:\/\/www.gdirekt.se\/produkt\/plastfront-skydd-till-snappram\/\"><b><i>bestille nye plastfronte<\/i><\/b><\/a><\/span><\/p>\n","protected":false},"excerpt":{"rendered":"<p>Gadeskilt Standard Aluminium er et dobbeltsidet gadeskilt p\u00e5 50 x 70\u00a0cm eller 70 x 100\u00a0cm i aluminium til en god pris. Plakaterne udskiftes let vha. snaplister!<\/p>\n","protected":false},"featured_media":8111,"template":"","meta":{"_acf_changed":false},"product_brand":[],"product_cat":[355,356],"product_tag":[],"class_list":{"0":"post-9557","1":"product","2":"type-product","3":"status-publish","4":"has-post-thumbnail","6":"product_cat-gatupratare-og-fortovet-snak","7":"product_cat-udendoersskilte-og-expo","8":"product_shipping_class-180sek","10":"first","11":"instock","12":"taxable","13":"shipping-taxable","14":"purchasable","15":"product-type-variable","16":"has-default-attributes"},"exclude_global_add_ons":[],"addons":[],"acf":[],"yoast_head":"<!-- This site is optimized with the Yoast SEO plugin v27.2 - https:\/\/yoast.com\/product\/yoast-seo-wordpress\/ -->\n<title>Gadeskilt Standard Aluminium har lav pris, hurtig levering | Gdirekt.se<\/title>\n<meta name=\"description\" content=\"Gadeskilt Standard Aluminium er et dobbeltsidet gadeskilt p\u00e5 50 x 70 cm eller 70 x 100 cm i aluminium til en god pris. Plakaterne udskiftes let vha. snaplister! Vi har altid disse gadestandere p\u00e5 lager til hurtig levering\" \/>\n<meta name=\"robots\" content=\"index, follow, max-snippet:-1, max-image-preview:large, max-video-preview:-1\" \/>\n<link rel=\"canonical\" href=\"https:\/\/www.gdirekt.se\/da\/produkt\/gadeskilt-standard-aluminium\/\" \/>\n<meta property=\"og:locale\" content=\"da_DK\" \/>\n<meta property=\"og:type\" content=\"article\" \/>\n<meta property=\"og:title\" content=\"Gadeskilt Standard Aluminium har lav pris, hurtig levering | Gdirekt.se\" \/>\n<meta property=\"og:description\" content=\"Gadeskilt Standard Aluminium er et dobbeltsidet gadeskilt p\u00e5 50 x 70 cm eller 70 x 100 cm i aluminium til en god pris. Plakaterne udskiftes let vha. snaplister! Vi har altid disse gadestandere p\u00e5 lager til hurtig levering\" \/>\n<meta property=\"og:url\" content=\"https:\/\/www.gdirekt.se\/da\/produkt\/gadeskilt-standard-aluminium\/\" \/>\n<meta property=\"og:site_name\" content=\"Gdirekt.se\" \/>\n<meta property=\"og:image\" content=\"https:\/\/www.gdirekt.se\/wp-content\/uploads\/Gatupratare-Alumnium.png\" \/>\n\t<meta property=\"og:image:width\" content=\"1000\" \/>\n\t<meta property=\"og:image:height\" content=\"1000\" \/>\n\t<meta property=\"og:image:type\" content=\"image\/png\" \/>\n<meta name=\"twitter:card\" content=\"summary_large_image\" \/>\n<meta name=\"twitter:label1\" content=\"Estimeret l\u00e6setid\" \/>\n\t<meta name=\"twitter:data1\" content=\"1 minut\" \/>\n<script type=\"application\/ld+json\" class=\"yoast-schema-graph\">{\"@context\":\"https:\/\/schema.org\",\"@graph\":[{\"@type\":\"WebPage\",\"@id\":\"https:\/\/www.gdirekt.se\/da\/produkt\/gadeskilt-standard-aluminium\/\",\"url\":\"https:\/\/www.gdirekt.se\/da\/produkt\/gadeskilt-standard-aluminium\/\",\"name\":\"Gadeskilt Standard Aluminium har lav pris, hurtig levering | Gdirekt.se\",\"isPartOf\":{\"@id\":\"https:\/\/www.gdirekt.se\/#website\"},\"primaryImageOfPage\":{\"@id\":\"https:\/\/www.gdirekt.se\/da\/produkt\/gadeskilt-standard-aluminium\/#primaryimage\"},\"image\":{\"@id\":\"https:\/\/www.gdirekt.se\/da\/produkt\/gadeskilt-standard-aluminium\/#primaryimage\"},\"thumbnailUrl\":\"https:\/\/www.gdirekt.se\/wp-content\/uploads\/Gatupratare-Alumnium.png\",\"datePublished\":\"2015-09-17T11:39:03+00:00\",\"description\":\"Gadeskilt Standard Aluminium er et dobbeltsidet gadeskilt p\u00e5 50 x 70 cm eller 70 x 100 cm i aluminium til en god pris. Plakaterne udskiftes let vha. snaplister! Vi har altid disse gadestandere p\u00e5 lager til hurtig levering\",\"breadcrumb\":{\"@id\":\"https:\/\/www.gdirekt.se\/da\/produkt\/gadeskilt-standard-aluminium\/#breadcrumb\"},\"inLanguage\":\"da-DK\",\"potentialAction\":[{\"@type\":\"ReadAction\",\"target\":[\"https:\/\/www.gdirekt.se\/da\/produkt\/gadeskilt-standard-aluminium\/\"]}]},{\"@type\":\"ImageObject\",\"inLanguage\":\"da-DK\",\"@id\":\"https:\/\/www.gdirekt.se\/da\/produkt\/gadeskilt-standard-aluminium\/#primaryimage\",\"url\":\"https:\/\/www.gdirekt.se\/wp-content\/uploads\/Gatupratare-Alumnium.png\",\"contentUrl\":\"https:\/\/www.gdirekt.se\/wp-content\/uploads\/Gatupratare-Alumnium.png\",\"width\":1000,\"height\":1000,\"caption\":\"Gadeskilt i aluminium\"},{\"@type\":\"BreadcrumbList\",\"@id\":\"https:\/\/www.gdirekt.se\/da\/produkt\/gadeskilt-standard-aluminium\/#breadcrumb\",\"itemListElement\":[{\"@type\":\"ListItem\",\"position\":1,\"name\":\"Hem\",\"item\":\"https:\/\/www.gdirekt.se\/da\/\"},{\"@type\":\"ListItem\",\"position\":2,\"name\":\"Start\",\"item\":\"https:\/\/www.gdirekt.se\/da\/\"},{\"@type\":\"ListItem\",\"position\":3,\"name\":\"Gadeskilt Standard Aluminium\"}]},{\"@type\":\"WebSite\",\"@id\":\"https:\/\/www.gdirekt.se\/#website\",\"url\":\"https:\/\/www.gdirekt.se\/\",\"name\":\"Gdirekt.se\",\"description\":\"Tryck snabbt \u00e5 l\u00e4tt = Gdirekt\",\"potentialAction\":[{\"@type\":\"SearchAction\",\"target\":{\"@type\":\"EntryPoint\",\"urlTemplate\":\"https:\/\/www.gdirekt.se\/?s={search_term_string}\"},\"query-input\":{\"@type\":\"PropertyValueSpecification\",\"valueRequired\":true,\"valueName\":\"search_term_string\"}}],\"inLanguage\":\"da-DK\"}]}<\/script>\n<!-- \/ Yoast SEO plugin. -->","yoast_head_json":{"title":"Gadeskilt Standard Aluminium har lav pris, hurtig levering | Gdirekt.se","description":"Gadeskilt Standard Aluminium er et dobbeltsidet gadeskilt p\u00e5 50 x 70 cm eller 70 x 100 cm i aluminium til en god pris. Plakaterne udskiftes let vha. snaplister! Vi har altid disse gadestandere p\u00e5 lager til hurtig levering","robots":{"index":"index","follow":"follow","max-snippet":"max-snippet:-1","max-image-preview":"max-image-preview:large","max-video-preview":"max-video-preview:-1"},"canonical":"https:\/\/www.gdirekt.se\/da\/produkt\/gadeskilt-standard-aluminium\/","og_locale":"da_DK","og_type":"article","og_title":"Gadeskilt Standard Aluminium har lav pris, hurtig levering | Gdirekt.se","og_description":"Gadeskilt Standard Aluminium er et dobbeltsidet gadeskilt p\u00e5 50 x 70 cm eller 70 x 100 cm i aluminium til en god pris. Plakaterne udskiftes let vha. snaplister! Vi har altid disse gadestandere p\u00e5 lager til hurtig levering","og_url":"https:\/\/www.gdirekt.se\/da\/produkt\/gadeskilt-standard-aluminium\/","og_site_name":"Gdirekt.se","og_image":[{"width":1000,"height":1000,"url":"https:\/\/www.gdirekt.se\/wp-content\/uploads\/Gatupratare-Alumnium.png","type":"image\/png"}],"twitter_card":"summary_large_image","twitter_misc":{"Estimeret l\u00e6setid":"1 minut"},"schema":{"@context":"https:\/\/schema.org","@graph":[{"@type":"WebPage","@id":"https:\/\/www.gdirekt.se\/da\/produkt\/gadeskilt-standard-aluminium\/","url":"https:\/\/www.gdirekt.se\/da\/produkt\/gadeskilt-standard-aluminium\/","name":"Gadeskilt Standard Aluminium har lav pris, hurtig levering | Gdirekt.se","isPartOf":{"@id":"https:\/\/www.gdirekt.se\/#website"},"primaryImageOfPage":{"@id":"https:\/\/www.gdirekt.se\/da\/produkt\/gadeskilt-standard-aluminium\/#primaryimage"},"image":{"@id":"https:\/\/www.gdirekt.se\/da\/produkt\/gadeskilt-standard-aluminium\/#primaryimage"},"thumbnailUrl":"https:\/\/www.gdirekt.se\/wp-content\/uploads\/Gatupratare-Alumnium.png","datePublished":"2015-09-17T11:39:03+00:00","description":"Gadeskilt Standard Aluminium er et dobbeltsidet gadeskilt p\u00e5 50 x 70 cm eller 70 x 100 cm i aluminium til en god pris. Plakaterne udskiftes let vha. snaplister! Vi har altid disse gadestandere p\u00e5 lager til hurtig levering","breadcrumb":{"@id":"https:\/\/www.gdirekt.se\/da\/produkt\/gadeskilt-standard-aluminium\/#breadcrumb"},"inLanguage":"da-DK","potentialAction":[{"@type":"ReadAction","target":["https:\/\/www.gdirekt.se\/da\/produkt\/gadeskilt-standard-aluminium\/"]}]},{"@type":"ImageObject","inLanguage":"da-DK","@id":"https:\/\/www.gdirekt.se\/da\/produkt\/gadeskilt-standard-aluminium\/#primaryimage","url":"https:\/\/www.gdirekt.se\/wp-content\/uploads\/Gatupratare-Alumnium.png","contentUrl":"https:\/\/www.gdirekt.se\/wp-content\/uploads\/Gatupratare-Alumnium.png","width":1000,"height":1000,"caption":"Gadeskilt i aluminium"},{"@type":"BreadcrumbList","@id":"https:\/\/www.gdirekt.se\/da\/produkt\/gadeskilt-standard-aluminium\/#breadcrumb","itemListElement":[{"@type":"ListItem","position":1,"name":"Hem","item":"https:\/\/www.gdirekt.se\/da\/"},{"@type":"ListItem","position":2,"name":"Start","item":"https:\/\/www.gdirekt.se\/da\/"},{"@type":"ListItem","position":3,"name":"Gadeskilt Standard Aluminium"}]},{"@type":"WebSite","@id":"https:\/\/www.gdirekt.se\/#website","url":"https:\/\/www.gdirekt.se\/","name":"Gdirekt.se","description":"Tryck snabbt \u00e5 l\u00e4tt = Gdirekt","potentialAction":[{"@type":"SearchAction","target":{"@type":"EntryPoint","urlTemplate":"https:\/\/www.gdirekt.se\/?s={search_term_string}"},"query-input":{"@type":"PropertyValueSpecification","valueRequired":true,"valueName":"search_term_string"}}],"inLanguage":"da-DK"}]}},"_links":{"self":[{"href":"https:\/\/www.gdirekt.se\/da\/wp-json\/wp\/v2\/product\/9557","targetHints":{"allow":["GET"]}}],"collection":[{"href":"https:\/\/www.gdirekt.se\/da\/wp-json\/wp\/v2\/product"}],"about":[{"href":"https:\/\/www.gdirekt.se\/da\/wp-json\/wp\/v2\/types\/product"}],"wp:featuredmedia":[{"embeddable":true,"href":"https:\/\/www.gdirekt.se\/da\/wp-json\/wp\/v2\/media\/8111"}],"wp:attachment":[{"href":"https:\/\/www.gdirekt.se\/da\/wp-json\/wp\/v2\/media?parent=9557"}],"wp:term":[{"taxonomy":"product_brand","embeddable":true,"href":"https:\/\/www.gdirekt.se\/da\/wp-json\/wp\/v2\/product_brand?post=9557"},{"taxonomy":"product_cat","embeddable":true,"href":"https:\/\/www.gdirekt.se\/da\/wp-json\/wp\/v2\/product_cat?post=9557"},{"taxonomy":"product_tag","embeddable":true,"href":"https:\/\/www.gdirekt.se\/da\/wp-json\/wp\/v2\/product_tag?post=9557"}],"curies":[{"name":"wp","href":"https:\/\/api.w.org\/{rel}","templated":true}]}}