{"id":9548,"date":"2016-11-22T14:42:22","date_gmt":"2016-11-22T13:42:22","guid":{"rendered":"http:\/\/gdirekt.hamstage.hamrenmedia.se\/produkt\/gadeskilt-logo\/"},"modified":"2020-03-26T07:49:33","modified_gmt":"2020-03-26T06:49:33","slug":"gadeskilt-delux-logo","status":"publish","type":"product","link":"https:\/\/www.gdirekt.se\/da\/produkt\/gadeskilt-delux-logo\/","title":{"rendered":"Gadeskilt Delux Logo"},"content":{"rendered":"<p><span lang=\"DA\">Gadeskilt Delux Logo er et fortovsskilt, der sikrer perfekt eksponering af jeres budskab med jeres logo \u00f8verst. Det f\u00e5s i st\u00f8rrelse 50 x 70\u00a0cm og 70 x 100\u00a0cm, og plakaterne kan udskiftes p\u00e5 et par sekunder ved at \u00e5bne snaprammen. Selve r\u00f8rene p\u00e5 stativet er sorte, men rammen f\u00e5s i flere farver. V\u00e6lg mellem forskellige farver s\u00e5som s\u00f8lv, hvid, sort eller r\u00f8d. Gadestanderen er af meget h\u00f8j kvalitet og kan bruges udend\u00f8rs i alt slags vejr, men kan naturligvis ogs\u00e5 bruges indend\u00f8rs.<\/span><\/p>\n<p><span lang=\"DA\">De kraftige r\u00f8r i st\u00e5l er pulverlakerede med sort, rammefarven har den valgte farve, og pladen til virksomhedens logo er hvid.\u00a0Den monterede plakatramme er af aluminium. Fortovsskiltet er ogs\u00e5 udstyret med 0,5\u00a0mm tyk frontplast. Plasten er f\u00f8rst og fremmest beregnet som fysisk beskyttelse, men beskytter ogs\u00e5 til en vis grad mod uv-str\u00e5ler.<\/span><\/p>\n<p><span lang=\"DA\">Plakaterne og jeres egne posters fremstilles med uv-bestandig farve, der ogs\u00e5 t\u00e5ler fugt, vand og kulde. Som n\u00e6vnt tidligere findes der sm\u00e5 fortovsskilte p\u00e5 50 x 70\u00a0cm. De vejer 15\u00a0kg. Det store fortovsskilt p\u00e5 70 x 100\u00a0cm vejer 18\u00a0kg.<\/span><\/p>\n<p><span lang=\"DA\">Gadeskilt Delux Logo i flere farver kaldes ogs\u00e5 Delux Sign eller A-skilt, men som leverand\u00f8r vil vi gerne give det et korrekt navn. Disse gadeskilte bruges som butiksstandere, men ogs\u00e5 som menuer til restauranter. Det ses ogs\u00e5 ofte som vejviser og velkomstskilt uden for virksomheders lokaler. Ved indvielser og ny\u00e5bninger er det ogs\u00e5 vigtigt at skilte for at skabe et indbydende indtryk. For at skabe yderligere opm\u00e6rksomhed bruger mange ogs\u00e5 strandflag fra os. Bestil let og hurtigt<span class=\"apple-converted-space\">\u00a0<\/span><\/span><span lang=\"DA\"><a href=\"https:\/\/www.gdirekt.se\/produkt-kategori\/beachflaggor\/\"><i>her.<\/i><\/a><\/span><strong><i><span lang=\"DA\">\u00a0<\/span><\/i><\/strong><span lang=\"DA\">Hvis I har brug for ideer og inspiration, kan I tage et kig p\u00e5 vores<span class=\"apple-converted-space\">\u00a0<\/span><\/span><span lang=\"DA\"><a href=\"https:\/\/www.instagram.com\/gigantprint\/\"><i>Instagramprofil<\/i><\/a><\/span><span lang=\"DA\">.<\/span><\/p>\n","protected":false},"excerpt":{"rendered":"<p>Gadeskilt Logo i flere farver er en gadestander med jeres eget logo og jeres egen tekst. Med en st\u00f8rrelse p\u00e5 50 x 70\u00a0cm eller 70 x 100\u00a0cm er det let at stille frem. Selve stativet er sort, og rammerne f\u00e5s i s\u00f8lv, hvid, sort eller r\u00f8d. Plakaten og beskyttelsesplasten holdes fast med en snapliste, s\u00e5 det er let at skifte billede p\u00e5 begge sider.<\/p>\n","protected":false},"featured_media":8114,"template":"","meta":{"_acf_changed":false},"product_brand":[],"product_cat":[355,356],"product_tag":[],"class_list":{"0":"post-9548","1":"product","2":"type-product","3":"status-publish","4":"has-post-thumbnail","6":"product_cat-gatupratare-og-fortovet-snak","7":"product_cat-udendoersskilte-og-expo","8":"product_shipping_class-350kr","10":"first","11":"instock","12":"taxable","13":"shipping-taxable","14":"purchasable","15":"product-type-variable","16":"has-default-attributes"},"exclude_global_add_ons":[],"addons":[],"acf":[],"yoast_head":"<!-- This site is optimized with the Yoast SEO plugin v27.2 - https:\/\/yoast.com\/product\/yoast-seo-wordpress\/ -->\n<title>Gadeskilt Delux Logo f\u00e5s i r\u00f8d, hvid og sort | Gdirekt.se<\/title>\n<meta name=\"description\" content=\"Gadeskilt Delux Logo er en gadestander med jeres eget logo og jeres egen tekst. St\u00f8rrelsen 50 x 70 cm eller 70 x 100 cm. F\u00e5s i s\u00f8lv, hvid, sort eller r\u00f8d.\" \/>\n<meta name=\"robots\" content=\"index, follow, max-snippet:-1, max-image-preview:large, max-video-preview:-1\" \/>\n<link rel=\"canonical\" href=\"https:\/\/www.gdirekt.se\/da\/produkt\/gadeskilt-delux-logo\/\" \/>\n<meta property=\"og:locale\" content=\"da_DK\" \/>\n<meta property=\"og:type\" content=\"article\" \/>\n<meta property=\"og:title\" content=\"Gadeskilt Delux Logo f\u00e5s i r\u00f8d, hvid og sort | Gdirekt.se\" \/>\n<meta property=\"og:description\" content=\"Gadeskilt Delux Logo er en gadestander med jeres eget logo og jeres egen tekst. St\u00f8rrelsen 50 x 70 cm eller 70 x 100 cm. F\u00e5s i s\u00f8lv, hvid, sort eller r\u00f8d.\" \/>\n<meta property=\"og:url\" content=\"https:\/\/www.gdirekt.se\/da\/produkt\/gadeskilt-delux-logo\/\" \/>\n<meta property=\"og:site_name\" content=\"Gdirekt.se\" \/>\n<meta property=\"article:modified_time\" content=\"2020-03-26T06:49:33+00:00\" \/>\n<meta property=\"og:image\" content=\"https:\/\/www.gdirekt.se\/wp-content\/uploads\/Gatupratare_Logo.png\" \/>\n\t<meta property=\"og:image:width\" content=\"1000\" \/>\n\t<meta property=\"og:image:height\" content=\"1000\" \/>\n\t<meta property=\"og:image:type\" content=\"image\/png\" \/>\n<meta name=\"twitter:card\" content=\"summary_large_image\" \/>\n<meta name=\"twitter:label1\" content=\"Estimeret l\u00e6setid\" \/>\n\t<meta name=\"twitter:data1\" content=\"1 minut\" \/>\n<script type=\"application\/ld+json\" class=\"yoast-schema-graph\">{\"@context\":\"https:\/\/schema.org\",\"@graph\":[{\"@type\":\"WebPage\",\"@id\":\"https:\/\/www.gdirekt.se\/da\/produkt\/gadeskilt-delux-logo\/\",\"url\":\"https:\/\/www.gdirekt.se\/da\/produkt\/gadeskilt-delux-logo\/\",\"name\":\"Gadeskilt Delux Logo f\u00e5s i r\u00f8d, hvid og sort | Gdirekt.se\",\"isPartOf\":{\"@id\":\"https:\/\/www.gdirekt.se\/#website\"},\"primaryImageOfPage\":{\"@id\":\"https:\/\/www.gdirekt.se\/da\/produkt\/gadeskilt-delux-logo\/#primaryimage\"},\"image\":{\"@id\":\"https:\/\/www.gdirekt.se\/da\/produkt\/gadeskilt-delux-logo\/#primaryimage\"},\"thumbnailUrl\":\"https:\/\/www.gdirekt.se\/wp-content\/uploads\/Gatupratare_Logo.png\",\"datePublished\":\"2016-11-22T13:42:22+00:00\",\"dateModified\":\"2020-03-26T06:49:33+00:00\",\"description\":\"Gadeskilt Delux Logo er en gadestander med jeres eget logo og jeres egen tekst. St\u00f8rrelsen 50 x 70 cm eller 70 x 100 cm. F\u00e5s i s\u00f8lv, hvid, sort eller r\u00f8d.\",\"breadcrumb\":{\"@id\":\"https:\/\/www.gdirekt.se\/da\/produkt\/gadeskilt-delux-logo\/#breadcrumb\"},\"inLanguage\":\"da-DK\",\"potentialAction\":[{\"@type\":\"ReadAction\",\"target\":[\"https:\/\/www.gdirekt.se\/da\/produkt\/gadeskilt-delux-logo\/\"]}]},{\"@type\":\"ImageObject\",\"inLanguage\":\"da-DK\",\"@id\":\"https:\/\/www.gdirekt.se\/da\/produkt\/gadeskilt-delux-logo\/#primaryimage\",\"url\":\"https:\/\/www.gdirekt.se\/wp-content\/uploads\/Gatupratare_Logo.png\",\"contentUrl\":\"https:\/\/www.gdirekt.se\/wp-content\/uploads\/Gatupratare_Logo.png\",\"width\":1000,\"height\":1000,\"caption\":\"Gdirekts gadeskilt med plads til logo\"},{\"@type\":\"BreadcrumbList\",\"@id\":\"https:\/\/www.gdirekt.se\/da\/produkt\/gadeskilt-delux-logo\/#breadcrumb\",\"itemListElement\":[{\"@type\":\"ListItem\",\"position\":1,\"name\":\"Hem\",\"item\":\"https:\/\/www.gdirekt.se\/da\/\"},{\"@type\":\"ListItem\",\"position\":2,\"name\":\"Start\",\"item\":\"https:\/\/www.gdirekt.se\/da\/\"},{\"@type\":\"ListItem\",\"position\":3,\"name\":\"Gadeskilt Delux Logo\"}]},{\"@type\":\"WebSite\",\"@id\":\"https:\/\/www.gdirekt.se\/#website\",\"url\":\"https:\/\/www.gdirekt.se\/\",\"name\":\"Gdirekt.se\",\"description\":\"Tryck snabbt \u00e5 l\u00e4tt = Gdirekt\",\"potentialAction\":[{\"@type\":\"SearchAction\",\"target\":{\"@type\":\"EntryPoint\",\"urlTemplate\":\"https:\/\/www.gdirekt.se\/?s={search_term_string}\"},\"query-input\":{\"@type\":\"PropertyValueSpecification\",\"valueRequired\":true,\"valueName\":\"search_term_string\"}}],\"inLanguage\":\"da-DK\"}]}<\/script>\n<!-- \/ Yoast SEO plugin. -->","yoast_head_json":{"title":"Gadeskilt Delux Logo f\u00e5s i r\u00f8d, hvid og sort | Gdirekt.se","description":"Gadeskilt Delux Logo er en gadestander med jeres eget logo og jeres egen tekst. St\u00f8rrelsen 50 x 70 cm eller 70 x 100 cm. F\u00e5s i s\u00f8lv, hvid, sort eller r\u00f8d.","robots":{"index":"index","follow":"follow","max-snippet":"max-snippet:-1","max-image-preview":"max-image-preview:large","max-video-preview":"max-video-preview:-1"},"canonical":"https:\/\/www.gdirekt.se\/da\/produkt\/gadeskilt-delux-logo\/","og_locale":"da_DK","og_type":"article","og_title":"Gadeskilt Delux Logo f\u00e5s i r\u00f8d, hvid og sort | Gdirekt.se","og_description":"Gadeskilt Delux Logo er en gadestander med jeres eget logo og jeres egen tekst. St\u00f8rrelsen 50 x 70 cm eller 70 x 100 cm. F\u00e5s i s\u00f8lv, hvid, sort eller r\u00f8d.","og_url":"https:\/\/www.gdirekt.se\/da\/produkt\/gadeskilt-delux-logo\/","og_site_name":"Gdirekt.se","article_modified_time":"2020-03-26T06:49:33+00:00","og_image":[{"width":1000,"height":1000,"url":"https:\/\/www.gdirekt.se\/wp-content\/uploads\/Gatupratare_Logo.png","type":"image\/png"}],"twitter_card":"summary_large_image","twitter_misc":{"Estimeret l\u00e6setid":"1 minut"},"schema":{"@context":"https:\/\/schema.org","@graph":[{"@type":"WebPage","@id":"https:\/\/www.gdirekt.se\/da\/produkt\/gadeskilt-delux-logo\/","url":"https:\/\/www.gdirekt.se\/da\/produkt\/gadeskilt-delux-logo\/","name":"Gadeskilt Delux Logo f\u00e5s i r\u00f8d, hvid og sort | Gdirekt.se","isPartOf":{"@id":"https:\/\/www.gdirekt.se\/#website"},"primaryImageOfPage":{"@id":"https:\/\/www.gdirekt.se\/da\/produkt\/gadeskilt-delux-logo\/#primaryimage"},"image":{"@id":"https:\/\/www.gdirekt.se\/da\/produkt\/gadeskilt-delux-logo\/#primaryimage"},"thumbnailUrl":"https:\/\/www.gdirekt.se\/wp-content\/uploads\/Gatupratare_Logo.png","datePublished":"2016-11-22T13:42:22+00:00","dateModified":"2020-03-26T06:49:33+00:00","description":"Gadeskilt Delux Logo er en gadestander med jeres eget logo og jeres egen tekst. St\u00f8rrelsen 50 x 70 cm eller 70 x 100 cm. F\u00e5s i s\u00f8lv, hvid, sort eller r\u00f8d.","breadcrumb":{"@id":"https:\/\/www.gdirekt.se\/da\/produkt\/gadeskilt-delux-logo\/#breadcrumb"},"inLanguage":"da-DK","potentialAction":[{"@type":"ReadAction","target":["https:\/\/www.gdirekt.se\/da\/produkt\/gadeskilt-delux-logo\/"]}]},{"@type":"ImageObject","inLanguage":"da-DK","@id":"https:\/\/www.gdirekt.se\/da\/produkt\/gadeskilt-delux-logo\/#primaryimage","url":"https:\/\/www.gdirekt.se\/wp-content\/uploads\/Gatupratare_Logo.png","contentUrl":"https:\/\/www.gdirekt.se\/wp-content\/uploads\/Gatupratare_Logo.png","width":1000,"height":1000,"caption":"Gdirekts gadeskilt med plads til logo"},{"@type":"BreadcrumbList","@id":"https:\/\/www.gdirekt.se\/da\/produkt\/gadeskilt-delux-logo\/#breadcrumb","itemListElement":[{"@type":"ListItem","position":1,"name":"Hem","item":"https:\/\/www.gdirekt.se\/da\/"},{"@type":"ListItem","position":2,"name":"Start","item":"https:\/\/www.gdirekt.se\/da\/"},{"@type":"ListItem","position":3,"name":"Gadeskilt Delux Logo"}]},{"@type":"WebSite","@id":"https:\/\/www.gdirekt.se\/#website","url":"https:\/\/www.gdirekt.se\/","name":"Gdirekt.se","description":"Tryck snabbt \u00e5 l\u00e4tt = Gdirekt","potentialAction":[{"@type":"SearchAction","target":{"@type":"EntryPoint","urlTemplate":"https:\/\/www.gdirekt.se\/?s={search_term_string}"},"query-input":{"@type":"PropertyValueSpecification","valueRequired":true,"valueName":"search_term_string"}}],"inLanguage":"da-DK"}]}},"_links":{"self":[{"href":"https:\/\/www.gdirekt.se\/da\/wp-json\/wp\/v2\/product\/9548","targetHints":{"allow":["GET"]}}],"collection":[{"href":"https:\/\/www.gdirekt.se\/da\/wp-json\/wp\/v2\/product"}],"about":[{"href":"https:\/\/www.gdirekt.se\/da\/wp-json\/wp\/v2\/types\/product"}],"wp:featuredmedia":[{"embeddable":true,"href":"https:\/\/www.gdirekt.se\/da\/wp-json\/wp\/v2\/media\/8114"}],"wp:attachment":[{"href":"https:\/\/www.gdirekt.se\/da\/wp-json\/wp\/v2\/media?parent=9548"}],"wp:term":[{"taxonomy":"product_brand","embeddable":true,"href":"https:\/\/www.gdirekt.se\/da\/wp-json\/wp\/v2\/product_brand?post=9548"},{"taxonomy":"product_cat","embeddable":true,"href":"https:\/\/www.gdirekt.se\/da\/wp-json\/wp\/v2\/product_cat?post=9548"},{"taxonomy":"product_tag","embeddable":true,"href":"https:\/\/www.gdirekt.se\/da\/wp-json\/wp\/v2\/product_tag?post=9548"}],"curies":[{"name":"wp","href":"https:\/\/api.w.org\/{rel}","templated":true}]}}