{"id":9547,"date":"2015-09-21T16:22:41","date_gmt":"2015-09-21T14:22:41","guid":{"rendered":"http:\/\/gdirekt.hamstage.hamrenmedia.se\/produkt\/gadeskilt-city-cafe-50-x-70-cm\/"},"modified":"2024-02-01T09:41:10","modified_gmt":"2024-02-01T08:41:10","slug":"gadeskilt-city-cafe-50-x-70-cm","status":"publish","type":"product","link":"https:\/\/www.gdirekt.se\/da\/produkt\/gadeskilt-city-cafe-50-x-70-cm\/","title":{"rendered":"Gadeskilt City Caf\u00e9 50 x 70 cm"},"content":{"rendered":"<p><span lang=\"DA\">Gadeskilt City Caf\u00e9 50 x 70\u00a0cm er en flot gadestander, der passer til restauranter og cafeer. St\u00f8rrelsen er 50 x 70\u00a0cm, og plakaterne udskiftes let p\u00e5 et par sekunder, da beskyttelsesplasten er fastgjort med snapramme.\u00a0Samlet m\u00e5ler skiltet 65\u00a0cm i bredden, 130\u00a0cm i h\u00f8jden og vejer 15\u00a0kg. Designet er elegant og passer til de fleste milj\u00f8er. Almindelige anvendelsesomr\u00e5der er butikker og forretninger samt restauranter. Man placerer disse gadeskilte p\u00e5 steder, hvor der f\u00e6rdes mange mennesker. Det er p\u00e5 gange i butikscentre, ved d\u00f8re og ved indgange. Man skal ganske enkelt henlede folks opm\u00e6rksomhed p\u00e5, hvad der tilbydes. Det kan v\u00e6re en menu med dagens ret eller et tilbud om kaffe og kage. N\u00e5r man g\u00e5r forbi s\u00e5dan et skilt med et godt tilbud, lokkes man ganske enkelt ind for at k\u00f8be noget. Denne type reklameskilt har eksisteret i mange \u00e5r og er et produkt, der tilmed har overlevet billedsk\u00e6rme og andre l\u00f8sninger. Den store fordel er, at de er s\u00e5 lette at b\u00e6re ud og ind. Man kan ogs\u00e5 l\u00e5se selve standeren fast, hvis den skal st\u00e5 udend\u00f8rs hele \u00e5ret.<\/span><\/p>\n<p><span lang=\"DA\">Dette flotte gadeskilt eller fortovsskilt anses i dag for at v\u00e6re det eneste godkendte gadeskilt\u00a0i\u00a0Sverige\u00a0for svagtseende. Med en cirkelformet fod bliver det lettere at se, hvis man har nedsat syn. Topskiltet er ogs\u00e5 sort og har plads til virksomhedens logo. City eller sk. City Sign er fremstillet af st\u00e5l\u00a0og aluminium. Farven er sort klarlak. Frontplasten er inkluderet i den gode pris, hvis skiltet k\u00f8bes online. Frontplasten slides med tiden, is\u00e6r ved udend\u00f8rs brug, og derfor s\u00e6lger vi\u00a0<\/span><span lang=\"DA\"><a href=\"https:\/\/www.gdirekt.se\/produkt\/plastfront-skydd-till-snappram\/\"><b><i>ekstra frontplast<\/i><\/b><\/a><\/span><span lang=\"DA\">som tilbeh\u00f8r. N\u00e5r man k\u00f8ber Gadeskilt City Caf\u00e9 50 x 70\u00a0cm kan man vide sig sikker p\u00e5, at pakken leveres det korrekte sted. Vi bruger altid sporbar fragt, s\u00e5 vi har styr p\u00e5 tingene.<\/span><\/p>\n<p><span lang=\"DA\">Hvis I ogs\u00e5 har brug for faste skilte til lokalerne s\u00e5som toiletskilte, har vi et stort udvalg <span class=\"apple-converted-space\">\u00a0<\/span><\/span><span lang=\"DA\"><a href=\"https:\/\/shop.svasab.se\/search\/?lang=sv&amp;q=toalett\"><b><i>her<\/i><\/b><\/a><\/span><span lang=\"DA\">!<\/span><\/p>\n","protected":false},"excerpt":{"rendered":"<p>Gadeskilt City Caf\u00e9 50 x 70\u00a0cm er et flot fortovsskilt i sort med plads til jeres logo. Det anses som godkendt til svagtseende og blinde pga. sin runde fod. Skiltet er udstyret med beskyttelsesplast, der holdes fast med en snapramme. Det er let at skifte billede p\u00e5 begge sider.<\/p>\n","protected":false},"featured_media":8115,"template":"","meta":{"_acf_changed":false},"product_brand":[],"product_cat":[355,356],"product_tag":[],"class_list":{"0":"post-9547","1":"product","2":"type-product","3":"status-publish","4":"has-post-thumbnail","6":"product_cat-gatupratare-og-fortovet-snak","7":"product_cat-udendoersskilte-og-expo","9":"first","10":"instock","11":"taxable","12":"shipping-taxable","13":"purchasable","14":"product-type-simple"},"exclude_global_add_ons":[],"addons":[],"acf":[],"yoast_head":"<!-- This site is optimized with the Yoast SEO plugin v27.2 - https:\/\/yoast.com\/product\/yoast-seo-wordpress\/ -->\n<title>Gadeskilt City Caf\u00e9 50 x 70 cm til menuer med den rigtige pris | Gdirekt.se<\/title>\n<meta name=\"description\" content=\"Gadeskilt City Caf\u00e9 50 x 70 cm er et flot fortovsskilt i sort med plads til jeres logo. Det anses som godkendt til svagtseende og blinde pga. sin runde fod. Skiltet bruges til at vise menuer, priser og gode tilbud p\u00e5 en flot designet m\u00e5de. K\u00f8b med hurtig levering direkte fra lageret.\" \/>\n<meta name=\"robots\" content=\"index, follow, max-snippet:-1, max-image-preview:large, max-video-preview:-1\" \/>\n<link rel=\"canonical\" href=\"https:\/\/www.gdirekt.se\/da\/produkt\/gadeskilt-city-cafe-50-x-70-cm\/\" \/>\n<meta property=\"og:locale\" content=\"da_DK\" \/>\n<meta property=\"og:type\" content=\"article\" \/>\n<meta property=\"og:title\" content=\"Gadeskilt City Caf\u00e9 50 x 70 cm til menuer med den rigtige pris | Gdirekt.se\" \/>\n<meta property=\"og:description\" content=\"Gadeskilt City Caf\u00e9 50 x 70 cm er et flot fortovsskilt i sort med plads til jeres logo. Det anses som godkendt til svagtseende og blinde pga. sin runde fod. Skiltet bruges til at vise menuer, priser og gode tilbud p\u00e5 en flot designet m\u00e5de. K\u00f8b med hurtig levering direkte fra lageret.\" \/>\n<meta property=\"og:url\" content=\"https:\/\/www.gdirekt.se\/da\/produkt\/gadeskilt-city-cafe-50-x-70-cm\/\" \/>\n<meta property=\"og:site_name\" content=\"Gdirekt.se\" \/>\n<meta property=\"article:modified_time\" content=\"2024-02-01T08:41:10+00:00\" \/>\n<meta property=\"og:image\" content=\"https:\/\/www.gdirekt.se\/wp-content\/uploads\/Gatustaell-Elegant.png\" \/>\n\t<meta property=\"og:image:width\" content=\"1000\" \/>\n\t<meta property=\"og:image:height\" content=\"1000\" \/>\n\t<meta property=\"og:image:type\" content=\"image\/png\" \/>\n<meta name=\"twitter:card\" content=\"summary_large_image\" \/>\n<meta name=\"twitter:label1\" content=\"Estimeret l\u00e6setid\" \/>\n\t<meta name=\"twitter:data1\" content=\"2 minutter\" \/>\n<script type=\"application\/ld+json\" class=\"yoast-schema-graph\">{\"@context\":\"https:\/\/schema.org\",\"@graph\":[{\"@type\":\"WebPage\",\"@id\":\"https:\/\/www.gdirekt.se\/da\/produkt\/gadeskilt-city-cafe-50-x-70-cm\/\",\"url\":\"https:\/\/www.gdirekt.se\/da\/produkt\/gadeskilt-city-cafe-50-x-70-cm\/\",\"name\":\"Gadeskilt City Caf\u00e9 50 x 70 cm til menuer med den rigtige pris | Gdirekt.se\",\"isPartOf\":{\"@id\":\"https:\/\/www.gdirekt.se\/#website\"},\"primaryImageOfPage\":{\"@id\":\"https:\/\/www.gdirekt.se\/da\/produkt\/gadeskilt-city-cafe-50-x-70-cm\/#primaryimage\"},\"image\":{\"@id\":\"https:\/\/www.gdirekt.se\/da\/produkt\/gadeskilt-city-cafe-50-x-70-cm\/#primaryimage\"},\"thumbnailUrl\":\"https:\/\/www.gdirekt.se\/wp-content\/uploads\/Gatustaell-Elegant.png\",\"datePublished\":\"2015-09-21T14:22:41+00:00\",\"dateModified\":\"2024-02-01T08:41:10+00:00\",\"description\":\"Gadeskilt City Caf\u00e9 50 x 70 cm er et flot fortovsskilt i sort med plads til jeres logo. Det anses som godkendt til svagtseende og blinde pga. sin runde fod. Skiltet bruges til at vise menuer, priser og gode tilbud p\u00e5 en flot designet m\u00e5de. K\u00f8b med hurtig levering direkte fra lageret.\",\"breadcrumb\":{\"@id\":\"https:\/\/www.gdirekt.se\/da\/produkt\/gadeskilt-city-cafe-50-x-70-cm\/#breadcrumb\"},\"inLanguage\":\"da-DK\",\"potentialAction\":[{\"@type\":\"ReadAction\",\"target\":[\"https:\/\/www.gdirekt.se\/da\/produkt\/gadeskilt-city-cafe-50-x-70-cm\/\"]}]},{\"@type\":\"ImageObject\",\"inLanguage\":\"da-DK\",\"@id\":\"https:\/\/www.gdirekt.se\/da\/produkt\/gadeskilt-city-cafe-50-x-70-cm\/#primaryimage\",\"url\":\"https:\/\/www.gdirekt.se\/wp-content\/uploads\/Gatustaell-Elegant.png\",\"contentUrl\":\"https:\/\/www.gdirekt.se\/wp-content\/uploads\/Gatustaell-Elegant.png\",\"width\":1000,\"height\":1000,\"caption\":\"Sort gadestand med design\"},{\"@type\":\"BreadcrumbList\",\"@id\":\"https:\/\/www.gdirekt.se\/da\/produkt\/gadeskilt-city-cafe-50-x-70-cm\/#breadcrumb\",\"itemListElement\":[{\"@type\":\"ListItem\",\"position\":1,\"name\":\"Hem\",\"item\":\"https:\/\/www.gdirekt.se\/da\/\"},{\"@type\":\"ListItem\",\"position\":2,\"name\":\"Start\",\"item\":\"https:\/\/www.gdirekt.se\/da\/\"},{\"@type\":\"ListItem\",\"position\":3,\"name\":\"Gadeskilt City Caf\u00e9 50 x 70 cm\"}]},{\"@type\":\"WebSite\",\"@id\":\"https:\/\/www.gdirekt.se\/#website\",\"url\":\"https:\/\/www.gdirekt.se\/\",\"name\":\"Gdirekt.se\",\"description\":\"Tryck snabbt \u00e5 l\u00e4tt = Gdirekt\",\"potentialAction\":[{\"@type\":\"SearchAction\",\"target\":{\"@type\":\"EntryPoint\",\"urlTemplate\":\"https:\/\/www.gdirekt.se\/?s={search_term_string}\"},\"query-input\":{\"@type\":\"PropertyValueSpecification\",\"valueRequired\":true,\"valueName\":\"search_term_string\"}}],\"inLanguage\":\"da-DK\"}]}<\/script>\n<!-- \/ Yoast SEO plugin. -->","yoast_head_json":{"title":"Gadeskilt City Caf\u00e9 50 x 70 cm til menuer med den rigtige pris | Gdirekt.se","description":"Gadeskilt City Caf\u00e9 50 x 70 cm er et flot fortovsskilt i sort med plads til jeres logo. Det anses som godkendt til svagtseende og blinde pga. sin runde fod. Skiltet bruges til at vise menuer, priser og gode tilbud p\u00e5 en flot designet m\u00e5de. K\u00f8b med hurtig levering direkte fra lageret.","robots":{"index":"index","follow":"follow","max-snippet":"max-snippet:-1","max-image-preview":"max-image-preview:large","max-video-preview":"max-video-preview:-1"},"canonical":"https:\/\/www.gdirekt.se\/da\/produkt\/gadeskilt-city-cafe-50-x-70-cm\/","og_locale":"da_DK","og_type":"article","og_title":"Gadeskilt City Caf\u00e9 50 x 70 cm til menuer med den rigtige pris | Gdirekt.se","og_description":"Gadeskilt City Caf\u00e9 50 x 70 cm er et flot fortovsskilt i sort med plads til jeres logo. Det anses som godkendt til svagtseende og blinde pga. sin runde fod. Skiltet bruges til at vise menuer, priser og gode tilbud p\u00e5 en flot designet m\u00e5de. K\u00f8b med hurtig levering direkte fra lageret.","og_url":"https:\/\/www.gdirekt.se\/da\/produkt\/gadeskilt-city-cafe-50-x-70-cm\/","og_site_name":"Gdirekt.se","article_modified_time":"2024-02-01T08:41:10+00:00","og_image":[{"width":1000,"height":1000,"url":"https:\/\/www.gdirekt.se\/wp-content\/uploads\/Gatustaell-Elegant.png","type":"image\/png"}],"twitter_card":"summary_large_image","twitter_misc":{"Estimeret l\u00e6setid":"2 minutter"},"schema":{"@context":"https:\/\/schema.org","@graph":[{"@type":"WebPage","@id":"https:\/\/www.gdirekt.se\/da\/produkt\/gadeskilt-city-cafe-50-x-70-cm\/","url":"https:\/\/www.gdirekt.se\/da\/produkt\/gadeskilt-city-cafe-50-x-70-cm\/","name":"Gadeskilt City Caf\u00e9 50 x 70 cm til menuer med den rigtige pris | Gdirekt.se","isPartOf":{"@id":"https:\/\/www.gdirekt.se\/#website"},"primaryImageOfPage":{"@id":"https:\/\/www.gdirekt.se\/da\/produkt\/gadeskilt-city-cafe-50-x-70-cm\/#primaryimage"},"image":{"@id":"https:\/\/www.gdirekt.se\/da\/produkt\/gadeskilt-city-cafe-50-x-70-cm\/#primaryimage"},"thumbnailUrl":"https:\/\/www.gdirekt.se\/wp-content\/uploads\/Gatustaell-Elegant.png","datePublished":"2015-09-21T14:22:41+00:00","dateModified":"2024-02-01T08:41:10+00:00","description":"Gadeskilt City Caf\u00e9 50 x 70 cm er et flot fortovsskilt i sort med plads til jeres logo. Det anses som godkendt til svagtseende og blinde pga. sin runde fod. Skiltet bruges til at vise menuer, priser og gode tilbud p\u00e5 en flot designet m\u00e5de. K\u00f8b med hurtig levering direkte fra lageret.","breadcrumb":{"@id":"https:\/\/www.gdirekt.se\/da\/produkt\/gadeskilt-city-cafe-50-x-70-cm\/#breadcrumb"},"inLanguage":"da-DK","potentialAction":[{"@type":"ReadAction","target":["https:\/\/www.gdirekt.se\/da\/produkt\/gadeskilt-city-cafe-50-x-70-cm\/"]}]},{"@type":"ImageObject","inLanguage":"da-DK","@id":"https:\/\/www.gdirekt.se\/da\/produkt\/gadeskilt-city-cafe-50-x-70-cm\/#primaryimage","url":"https:\/\/www.gdirekt.se\/wp-content\/uploads\/Gatustaell-Elegant.png","contentUrl":"https:\/\/www.gdirekt.se\/wp-content\/uploads\/Gatustaell-Elegant.png","width":1000,"height":1000,"caption":"Sort gadestand med design"},{"@type":"BreadcrumbList","@id":"https:\/\/www.gdirekt.se\/da\/produkt\/gadeskilt-city-cafe-50-x-70-cm\/#breadcrumb","itemListElement":[{"@type":"ListItem","position":1,"name":"Hem","item":"https:\/\/www.gdirekt.se\/da\/"},{"@type":"ListItem","position":2,"name":"Start","item":"https:\/\/www.gdirekt.se\/da\/"},{"@type":"ListItem","position":3,"name":"Gadeskilt City Caf\u00e9 50 x 70 cm"}]},{"@type":"WebSite","@id":"https:\/\/www.gdirekt.se\/#website","url":"https:\/\/www.gdirekt.se\/","name":"Gdirekt.se","description":"Tryck snabbt \u00e5 l\u00e4tt = Gdirekt","potentialAction":[{"@type":"SearchAction","target":{"@type":"EntryPoint","urlTemplate":"https:\/\/www.gdirekt.se\/?s={search_term_string}"},"query-input":{"@type":"PropertyValueSpecification","valueRequired":true,"valueName":"search_term_string"}}],"inLanguage":"da-DK"}]}},"_links":{"self":[{"href":"https:\/\/www.gdirekt.se\/da\/wp-json\/wp\/v2\/product\/9547","targetHints":{"allow":["GET"]}}],"collection":[{"href":"https:\/\/www.gdirekt.se\/da\/wp-json\/wp\/v2\/product"}],"about":[{"href":"https:\/\/www.gdirekt.se\/da\/wp-json\/wp\/v2\/types\/product"}],"wp:featuredmedia":[{"embeddable":true,"href":"https:\/\/www.gdirekt.se\/da\/wp-json\/wp\/v2\/media\/8115"}],"wp:attachment":[{"href":"https:\/\/www.gdirekt.se\/da\/wp-json\/wp\/v2\/media?parent=9547"}],"wp:term":[{"taxonomy":"product_brand","embeddable":true,"href":"https:\/\/www.gdirekt.se\/da\/wp-json\/wp\/v2\/product_brand?post=9547"},{"taxonomy":"product_cat","embeddable":true,"href":"https:\/\/www.gdirekt.se\/da\/wp-json\/wp\/v2\/product_cat?post=9547"},{"taxonomy":"product_tag","embeddable":true,"href":"https:\/\/www.gdirekt.se\/da\/wp-json\/wp\/v2\/product_tag?post=9547"}],"curies":[{"name":"wp","href":"https:\/\/api.w.org\/{rel}","templated":true}]}}